{"id":16589,"date":"2025-06-10T16:45:10","date_gmt":"2025-06-10T16:45:10","guid":{"rendered":"https:\/\/vitablanca.ma\/product\/neoretin-discrom-control-creme-de-transition-50ml\/"},"modified":"2025-06-10T16:45:10","modified_gmt":"2025-06-10T16:45:10","slug":"neoretin-discrom-control-creme-de-transition-50ml","status":"publish","type":"product","link":"https:\/\/vitablanca.ma\/ar\/product-2\/neoretin-discrom-control-creme-de-transition-50ml\/","title":{"rendered":"Neoretin Discrom Control Cr\u00e8me De Transition 50ml"},"content":{"rendered":"<h2>Neoretin Discrom Control Cr\u00e8me De Transition D\u00e9pigmentant Transition D&rsquo;entretien.<\/h2>\n<p><span>Aux actifs hydratants et adoucissants qui garantissent une haute tol\u00e9rance, en alternance avec des soins d\u00e9pigmentants ou en entretien.<span>\u00a0<\/span>Formul\u00e9 avec la technologie Whitening Booster System, l&rsquo;acide tranexamique et la niacinamide qui r\u00e9duisent la pigmentation de la peau.<span>\u00a0<\/span>Avec une activit\u00e9 retexturante et r\u00e9novatrice, gr\u00e2ce \u00e0 la technologie RetinSphere\u00ae.<\/span><\/p>\n<p><span>EDAFENCE\u00ae prot\u00e8ge contre la pollution, l&rsquo;une des principales causes de taches, et d&rsquo;autres facteurs caus\u00e9s par le stress environnemental.<span>\u00a0<\/span>Avec une texture l\u00e9g\u00e8re et non com\u00e9dog\u00e8ne qui est rapidement absorb\u00e9e, ce qui facilite son application.<span>\u00a0<\/span>\u062a\u0645 \u0627\u062e\u062a\u0628\u0627\u0631\u0647 \u062a\u062d\u062a \u0625\u0634\u0631\u0627\u0641 \u0623\u0637\u0628\u0627\u0621 \u0627\u0644\u062c\u0644\u062f\u064a\u0629 \u0648\u0627\u0644\u0639\u064a\u0648\u0646.<br \/>50\u0645\u0644.<\/span><\/p>\n<div class=\"accordion\" id=\"my_accrd\">\n<div class=\"card w-100\">\n<div class=\"card-header border-bottom\" id=\"my_accrd-h1\">\n<h3 class=\"col\"><span><span>\u0645\u0645\u064a\u0632\u0629<\/span><\/span><\/h3>\n<\/div>\n<div id=\"my_accrd-c1\" class=\"collapse show\" aria-labelledby=\"my_accrd-h1\" data-parent=\"#my_accrd\">\n<div class=\"card-body py-4\">\n<ul>\n<li><span>\u0625\u0632\u0627\u0644\u0629 \u0627\u0644\u0635\u0628\u063a\u0629<\/span><\/li>\n<li><span>\u0645\u0646\u0638\u0645 \u0625\u0639\u0627\u062f\u0629 \u0627\u0644\u0646\u0633\u062c<\/span><\/li>\n<li><span>\u0645\u0646 \u0625\u0646\u062a\u0627\u062c \u0627\u0644\u0645\u064a\u0644\u0627\u0646\u064a\u0646<\/span><\/li>\n<li><span>\u062a\u062d\u0645\u0644 \u0639\u0627\u0644\u064a<\/span><\/li>\n<li><span>\u062a\u0645 \u0627\u062e\u062a\u0628\u0627\u0631\u0647 \u0639\u0644\u0649 \u0627\u0644\u0628\u0634\u0631\u0629 \u0627\u0644\u062d\u0633\u0627\u0633\u0629<\/span><\/li>\n<li><span>Hydratant<\/span><\/li>\n<li><span>Lissant<\/span><\/li>\n<li><span>\u063a\u064a\u0631 \u0643\u0648\u0645\u064a\u062f\u0648\u063a\u064a\u0646\u064a\u0643<\/span><\/li>\n<li><span>Protection contre la pollution<\/span><\/li>\n<li><span>\u062a\u0645 \u0627\u062e\u062a\u0628\u0627\u0631\u0647 \u0645\u0646 \u0642\u0628\u0644 \u0623\u0637\u0628\u0627\u0621 \u0627\u0644\u062c\u0644\u062f\u064a\u0629<\/span><\/li>\n<\/ul>\n<\/div>\n<\/div>\n<\/div>\n<div class=\"card w-100\">\n<div class=\"card-header border-bottom\" id=\"my_accrd-h2\">\n<h3 class=\"col\"><span>\u0627\u0644\u0645\u0624\u0634\u0631\u0627\u062a<\/span><\/h3>\n<\/div>\n<div id=\"my_accrd-c2\" class=\"collapse show\" aria-labelledby=\"my_accrd-h2\" data-parent=\"#my_accrd\">\n<div class=\"card-body py-4\">\n<p><span>Traitement d&rsquo;entretien d\u00e9pigmentant pour les peaux pr\u00e9sentant une hyperpigmentation de toute nature.<span>\u00a0<\/span>Alterner avec des techniques de d\u00e9pigmentation r\u00e9alis\u00e9es en consultation m\u00e9dicale.<\/span><\/p>\n<\/div>\n<\/div>\n<\/div>\n<div class=\"card w-100\">\n<div class=\"card-header border-bottom\" id=\"my_accrd-h3\">\n<h3 class=\"col\"><span>\u062a\u0639\u0628\u064a\u0631<\/span><\/h3>\n<\/div>\n<div id=\"my_accrd-c3\" class=\"collapse show\" aria-labelledby=\"my_accrd-h3\" data-parent=\"#my_accrd\">\n<div class=\"card-body py-4\">\n<p><span>RetinSphere Technology\u00ae, R\u00e9tino\u00efde Nouvelle G\u00e9n\u00e9ration<\/span><br \/><span>Acide Tranexamique<\/span><br \/><span>\u0627\u0644\u0646\u064a\u0627\u0633\u064a\u0646\u0627\u0645\u064a\u062f<\/span><br \/><span>Pigment Control System<\/span><br \/><span>EDAFENCE\u00ae Puissant D\u00e9fense Anti-pollution Actifs<\/span><br \/><span>hydratants et lissants<\/span><\/p>\n<\/div>\n<\/div>\n<\/div>\n<div class=\"card w-100\">\n<div class=\"card-header border-bottom\" id=\"my_accrd-h4\">\n<h3 class=\"col\"><span>\u062a\u0639\u0644\u064a\u0645\u0627\u062a \u0627\u0644\u0627\u0633\u062a\u062e\u062f\u0627\u0645<\/span><\/h3>\n<\/div>\n<div id=\"my_accrd-c4\" class=\"collapse show\" aria-labelledby=\"my_accrd-h4\" data-parent=\"#my_accrd\">\n<div class=\"card-body py-4\">\n<p><span>Appliquer le soir sur la peau nettoy\u00e9e du visage et du cou, selon le sch\u00e9ma NEORETIN Discrom Control inclus dans la notice ou selon les instructions de votre professionnel de sant\u00e9.<\/span><\/p>\n<\/div>\n<\/div>\n<\/div>\n<div class=\"card w-100\">\n<div class=\"card-header border-bottom\" id=\"my_accrd-h5\">\n<h3 class=\"col\"><span>\u0627\u0644\u062a\u062d\u0630\u064a\u0631\u0627\u062a \u0648\u0627\u0644\u0627\u062d\u062a\u064a\u0627\u0637\u0627\u062a<\/span><\/h3>\n<\/div>\n<div id=\"my_accrd-c5\" class=\"collapse show\" aria-labelledby=\"my_accrd-h5\" data-parent=\"#my_accrd\">\n<div class=\"card-body py-4\">\n<p><span>\u0627\u0644\u0627\u0633\u062a\u062e\u062f\u0627\u0645 \u0627\u0644\u062e\u0627\u0631\u062c\u064a.<span>\u00a0<\/span>\u062a\u062c\u0646\u0628 \u0645\u0644\u0627\u0645\u0633\u062a\u0647 \u0627\u0644\u0645\u0628\u0627\u0634\u0631\u0629 \u0644\u0644\u0639\u064a\u0646\u064a\u0646 \u0648\u0627\u0644\u0623\u063a\u0634\u064a\u0629 \u0627\u0644\u0645\u062e\u0627\u0637\u064a\u0629.<span>\u00a0<\/span>Une l\u00e9g\u00e8re sensation de picotement et de desquamation est normale lors des premi\u00e8res applications.<span>\u00a0<\/span>En cas d&rsquo;irritation persistante, suspendre l&rsquo;application.<span>\u00a0<\/span>\u00c9vitez l&rsquo;exposition directe au soleil et utilisez une protection solaire \u00e0 large spectre pendant l&rsquo;utilisation.<span>\u00a0<\/span>La couleur du produit peut varier en raison des fortes concentrations d&rsquo;ingr\u00e9dients actifs, sans affecter les propri\u00e9t\u00e9s ou l&rsquo;efficacit\u00e9 du produit.<span>\u00a0<\/span>Conserver en dessous de 40\u00b0C.<\/span><\/p>\n<\/div>\n<\/div>\n<\/div>\n<\/div>","protected":false},"excerpt":{"rendered":"<p>Neoretin Discrom Control Cr\u00e8me De Transition D\u00e9pigmentant Transition D&rsquo;entretien. Aux actifs hydratants et adoucissants qui garantissent une haute tol\u00e9rance, en alternance avec des soins d\u00e9pigmentants ou en entretien.\u00a0Formul\u00e9 avec la technologie Whitening Booster System, l&rsquo;acide tranexamique et la niacinamide qui r\u00e9duisent la pigmentation de la peau.\u00a0Avec une activit\u00e9 retexturante et r\u00e9novatrice, gr\u00e2ce \u00e0 la technologie [&hellip;]<\/p>\n","protected":false},"featured_media":16586,"template":"","meta":{"om_disable_all_campaigns":false},"product_brand":[],"product_cat":[15],"product_tag":[],"class_list":{"0":"post-16589","1":"product","2":"type-product","3":"status-publish","4":"has-post-thumbnail","6":"product_cat-beaute-sante-complements-alimentaires-soins-et-bien-etre-au-meilleur-prix","8":"first","9":"instock","10":"sale","11":"taxable","12":"shipping-taxable","13":"purchasable","14":"product-type-simple"},"yoast_head":"<!-- This site is optimized with the Yoast SEO plugin v27.3 - https:\/\/yoast.com\/product\/yoast-seo-wordpress\/ -->\n<title>Neoretin Discrom Control Cr\u00e8me De Transition 50ml - Maroc Prix<\/title>\n<meta name=\"description\" content=\"Neoretin Discrom Control Cr\u00e8me De Transition 50ml\" \/>\n<meta name=\"robots\" content=\"index, follow, max-snippet:-1, max-image-preview:large, max-video-preview:-1\" \/>\n<link rel=\"canonical\" href=\"https:\/\/vitablanca.ma\/ar\/product-2\/neoretin-discrom-control-creme-de-transition-50ml\/\" \/>\n<meta property=\"og:locale\" content=\"ar_AR\" \/>\n<meta property=\"og:type\" content=\"article\" \/>\n<meta property=\"og:title\" content=\"Neoretin Discrom Control Cr\u00e8me De Transition 50ml - Maroc Prix\" \/>\n<meta property=\"og:description\" content=\"Neoretin Discrom Control Cr\u00e8me De Transition 50ml\" \/>\n<meta property=\"og:url\" content=\"https:\/\/vitablanca.ma\/ar\/product-2\/neoretin-discrom-control-creme-de-transition-50ml\/\" \/>\n<meta property=\"og:site_name\" content=\"Vitablanca.ma &ndash; Sant&eacute;, vitalit&eacute; et bien-&ecirc;tre pour tous les Marocains\" \/>\n<meta property=\"article:publisher\" content=\"https:\/\/www.facebook.com\/profile.php?id=61576678196717\" \/>\n<meta property=\"og:image\" content=\"https:\/\/vitablanca.ma\/wp-content\/uploads\/2025\/06\/Neoretin-Discrom-Control-Creme-De-Transition-50ml-nova-parapharmacie-casablanca.jpg\" \/>\n\t<meta property=\"og:image:width\" content=\"1000\" \/>\n\t<meta property=\"og:image:height\" content=\"1000\" \/>\n\t<meta property=\"og:image:type\" content=\"image\/jpeg\" \/>\n<meta name=\"twitter:card\" content=\"summary_large_image\" \/>\n<meta name=\"twitter:label1\" content=\"\u0648\u0642\u062a \u0627\u0644\u0642\u0631\u0627\u0621\u0629 \u0627\u0644\u0645\u064f\u0642\u062f\u0651\u0631\" \/>\n\t<meta name=\"twitter:data1\" content=\"\u062f\u0642\u064a\u0642\u062a\u0627\u0646\" \/>\n<script type=\"application\/ld+json\" class=\"yoast-schema-graph\">{\"@context\":\"https:\\\/\\\/schema.org\",\"@graph\":[{\"@type\":[\"WebPage\",\"ItemPage\"],\"@id\":\"https:\\\/\\\/vitablanca.ma\\\/produit\\\/neoretin-discrom-control-creme-de-transition-50ml\\\/\",\"url\":\"https:\\\/\\\/vitablanca.ma\\\/produit\\\/neoretin-discrom-control-creme-de-transition-50ml\\\/\",\"name\":\"Neoretin Discrom Control Cr\u00e8me De Transition 50ml - Maroc Prix\",\"isPartOf\":{\"@id\":\"https:\\\/\\\/vitablanca.ma\\\/#website\"},\"primaryImageOfPage\":{\"@id\":\"https:\\\/\\\/vitablanca.ma\\\/produit\\\/neoretin-discrom-control-creme-de-transition-50ml\\\/#primaryimage\"},\"image\":{\"@id\":\"https:\\\/\\\/vitablanca.ma\\\/produit\\\/neoretin-discrom-control-creme-de-transition-50ml\\\/#primaryimage\"},\"thumbnailUrl\":\"https:\\\/\\\/vitablanca.ma\\\/wp-content\\\/uploads\\\/2025\\\/06\\\/Neoretin-Discrom-Control-Creme-De-Transition-50ml-nova-parapharmacie-casablanca.jpg\",\"datePublished\":\"2025-06-10T16:45:10+00:00\",\"description\":\"Neoretin Discrom Control Cr\u00e8me De Transition 50ml\",\"breadcrumb\":{\"@id\":\"https:\\\/\\\/vitablanca.ma\\\/produit\\\/neoretin-discrom-control-creme-de-transition-50ml\\\/#breadcrumb\"},\"inLanguage\":\"ar\",\"potentialAction\":[{\"@type\":\"ReadAction\",\"target\":[\"https:\\\/\\\/vitablanca.ma\\\/produit\\\/neoretin-discrom-control-creme-de-transition-50ml\\\/\"]}]},{\"@type\":\"ImageObject\",\"inLanguage\":\"ar\",\"@id\":\"https:\\\/\\\/vitablanca.ma\\\/produit\\\/neoretin-discrom-control-creme-de-transition-50ml\\\/#primaryimage\",\"url\":\"https:\\\/\\\/vitablanca.ma\\\/wp-content\\\/uploads\\\/2025\\\/06\\\/Neoretin-Discrom-Control-Creme-De-Transition-50ml-nova-parapharmacie-casablanca.jpg\",\"contentUrl\":\"https:\\\/\\\/vitablanca.ma\\\/wp-content\\\/uploads\\\/2025\\\/06\\\/Neoretin-Discrom-Control-Creme-De-Transition-50ml-nova-parapharmacie-casablanca.jpg\",\"width\":1000,\"height\":1000},{\"@type\":\"BreadcrumbList\",\"@id\":\"https:\\\/\\\/vitablanca.ma\\\/produit\\\/neoretin-discrom-control-creme-de-transition-50ml\\\/#breadcrumb\",\"itemListElement\":[{\"@type\":\"ListItem\",\"position\":1,\"name\":\"Home\",\"item\":\"https:\\\/\\\/vitablanca.ma\\\/\"},{\"@type\":\"ListItem\",\"position\":2,\"name\":\"Tous Les Produits\",\"item\":\"https:\\\/\\\/vitablanca.ma\\\/tous-les-produits\\\/\"},{\"@type\":\"ListItem\",\"position\":3,\"name\":\"Neoretin Discrom Control Cr\u00e8me De Transition 50ml\"}]},{\"@type\":\"WebSite\",\"@id\":\"https:\\\/\\\/vitablanca.ma\\\/#website\",\"url\":\"https:\\\/\\\/vitablanca.ma\\\/\",\"name\":\"VitaBlanca.ma | Compl\u00e9ments alimentaires, sant\u00e9 & beaut\u00e9 au Maroc\",\"description\":\"vendre vitamines et compl\u00e9ments premium des USA &amp; Canada, Nouvelle Z\u00e9lande,Maroc (NOW Foods, Solgar, Manuka). Livraison rapide partout au Maroc.\",\"publisher\":{\"@id\":\"https:\\\/\\\/vitablanca.ma\\\/#organization\"},\"alternateName\":\"VitaBlanca.ma\",\"potentialAction\":[{\"@type\":\"SearchAction\",\"target\":{\"@type\":\"EntryPoint\",\"urlTemplate\":\"https:\\\/\\\/vitablanca.ma\\\/?s={search_term_string}\"},\"query-input\":{\"@type\":\"PropertyValueSpecification\",\"valueRequired\":true,\"valueName\":\"search_term_string\"}}],\"inLanguage\":\"ar\"},{\"@type\":\"Organization\",\"@id\":\"https:\\\/\\\/vitablanca.ma\\\/#organization\",\"name\":\"VitaBlanca\",\"url\":\"https:\\\/\\\/vitablanca.ma\\\/\",\"logo\":{\"@type\":\"ImageObject\",\"inLanguage\":\"ar\",\"@id\":\"https:\\\/\\\/vitablanca.ma\\\/#\\\/schema\\\/logo\\\/image\\\/\",\"url\":\"https:\\\/\\\/vitablanca.ma\\\/wp-content\\\/uploads\\\/2025\\\/05\\\/cropped-vitablanca.png\",\"contentUrl\":\"https:\\\/\\\/vitablanca.ma\\\/wp-content\\\/uploads\\\/2025\\\/05\\\/cropped-vitablanca.png\",\"width\":360,\"height\":67,\"caption\":\"VitaBlanca\"},\"image\":{\"@id\":\"https:\\\/\\\/vitablanca.ma\\\/#\\\/schema\\\/logo\\\/image\\\/\"},\"sameAs\":[\"https:\\\/\\\/www.facebook.com\\\/profile.php?id=61576678196717\",\"https:\\\/\\\/www.tiktok.com\\\/@vitablanca.ma\",\"https:\\\/\\\/www.instagram.com\\\/vitablanca.ma\\\/\"]}]}<\/script>\n<!-- \/ Yoast SEO plugin. -->","yoast_head_json":{"title":"Neoretin Discrom Control Cr\u00e8me De Transition 50ml - Maroc Prix","description":"Neoretin Discrom Control Cr\u00e8me De Transition 50ml","robots":{"index":"index","follow":"follow","max-snippet":"max-snippet:-1","max-image-preview":"max-image-preview:large","max-video-preview":"max-video-preview:-1"},"canonical":"https:\/\/vitablanca.ma\/ar\/product-2\/neoretin-discrom-control-creme-de-transition-50ml\/","og_locale":"ar_AR","og_type":"article","og_title":"Neoretin Discrom Control Cr\u00e8me De Transition 50ml - Maroc Prix","og_description":"Neoretin Discrom Control Cr\u00e8me De Transition 50ml","og_url":"https:\/\/vitablanca.ma\/ar\/product-2\/neoretin-discrom-control-creme-de-transition-50ml\/","og_site_name":"Vitablanca.ma &ndash; Sant&eacute;, vitalit&eacute; et bien-&ecirc;tre pour tous les Marocains","article_publisher":"https:\/\/www.facebook.com\/profile.php?id=61576678196717","og_image":[{"width":1000,"height":1000,"url":"https:\/\/vitablanca.ma\/wp-content\/uploads\/2025\/06\/Neoretin-Discrom-Control-Creme-De-Transition-50ml-nova-parapharmacie-casablanca.jpg","type":"image\/jpeg"}],"twitter_card":"summary_large_image","twitter_misc":{"\u0648\u0642\u062a \u0627\u0644\u0642\u0631\u0627\u0621\u0629 \u0627\u0644\u0645\u064f\u0642\u062f\u0651\u0631":"\u062f\u0642\u064a\u0642\u062a\u0627\u0646"},"schema":{"@context":"https:\/\/schema.org","@graph":[{"@type":["WebPage","ItemPage"],"@id":"https:\/\/vitablanca.ma\/produit\/neoretin-discrom-control-creme-de-transition-50ml\/","url":"https:\/\/vitablanca.ma\/produit\/neoretin-discrom-control-creme-de-transition-50ml\/","name":"Neoretin Discrom Control Cr\u00e8me De Transition 50ml - Maroc Prix","isPartOf":{"@id":"https:\/\/vitablanca.ma\/#website"},"primaryImageOfPage":{"@id":"https:\/\/vitablanca.ma\/produit\/neoretin-discrom-control-creme-de-transition-50ml\/#primaryimage"},"image":{"@id":"https:\/\/vitablanca.ma\/produit\/neoretin-discrom-control-creme-de-transition-50ml\/#primaryimage"},"thumbnailUrl":"https:\/\/vitablanca.ma\/wp-content\/uploads\/2025\/06\/Neoretin-Discrom-Control-Creme-De-Transition-50ml-nova-parapharmacie-casablanca.jpg","datePublished":"2025-06-10T16:45:10+00:00","description":"Neoretin Discrom Control Cr\u00e8me De Transition 50ml","breadcrumb":{"@id":"https:\/\/vitablanca.ma\/produit\/neoretin-discrom-control-creme-de-transition-50ml\/#breadcrumb"},"inLanguage":"ar","potentialAction":[{"@type":"ReadAction","target":["https:\/\/vitablanca.ma\/produit\/neoretin-discrom-control-creme-de-transition-50ml\/"]}]},{"@type":"ImageObject","inLanguage":"ar","@id":"https:\/\/vitablanca.ma\/produit\/neoretin-discrom-control-creme-de-transition-50ml\/#primaryimage","url":"https:\/\/vitablanca.ma\/wp-content\/uploads\/2025\/06\/Neoretin-Discrom-Control-Creme-De-Transition-50ml-nova-parapharmacie-casablanca.jpg","contentUrl":"https:\/\/vitablanca.ma\/wp-content\/uploads\/2025\/06\/Neoretin-Discrom-Control-Creme-De-Transition-50ml-nova-parapharmacie-casablanca.jpg","width":1000,"height":1000},{"@type":"BreadcrumbList","@id":"https:\/\/vitablanca.ma\/produit\/neoretin-discrom-control-creme-de-transition-50ml\/#breadcrumb","itemListElement":[{"@type":"ListItem","position":1,"name":"Home","item":"https:\/\/vitablanca.ma\/"},{"@type":"ListItem","position":2,"name":"Tous Les Produits","item":"https:\/\/vitablanca.ma\/tous-les-produits\/"},{"@type":"ListItem","position":3,"name":"Neoretin Discrom Control Cr\u00e8me De Transition 50ml"}]},{"@type":"WebSite","@id":"https:\/\/vitablanca.ma\/#website","url":"https:\/\/vitablanca.ma\/","name":"VitaBlanca.ma | \u0627\u0644\u0645\u0643\u0645\u0644\u0627\u062a \u0627\u0644\u063a\u0630\u0627\u0626\u064a\u0629\u060c \u0627\u0644\u0635\u062d\u0629 \u0648\u0627\u0644\u062c\u0645\u0627\u0644 \u0641\u064a \u0627\u0644\u0645\u063a\u0631\u0628","description":"\u0646\u0628\u064a\u0639 \u0641\u064a\u062a\u0627\u0645\u064a\u0646\u0627\u062a \u0648\u0645\u0643\u0645\u0644\u0627\u062a \u063a\u0630\u0627\u0626\u064a\u0629 \u0641\u0627\u062e\u0631\u0629 \u0645\u0646 \u0627\u0644\u0648\u0644\u0627\u064a\u0627\u062a \u0627\u0644\u0645\u062a\u062d\u062f\u0629 \u0627\u0644\u0623\u0645\u0631\u064a\u0643\u064a\u0629 \u0648\u0643\u0646\u062f\u0627 \u0648\u0646\u064a\u0648\u0632\u064a\u0644\u0646\u062f\u0627 \u0648\u0627\u0644\u0645\u063a\u0631\u0628 (\u0646\u0627\u0648 \u0641\u0648\u062f\u0632\u060c \u0633\u0648\u0644\u062c\u0627\u0631\u060c \u0645\u0627\u0646\u0648\u0643\u0627). \u062a\u0648\u0635\u064a\u0644 \u0633\u0631\u064a\u0639 \u0625\u0644\u0649 \u062c\u0645\u064a\u0639 \u0623\u0646\u062d\u0627\u0621 \u0627\u0644\u0645\u063a\u0631\u0628.","publisher":{"@id":"https:\/\/vitablanca.ma\/#organization"},"alternateName":"VitaBlanca.ma","potentialAction":[{"@type":"SearchAction","target":{"@type":"EntryPoint","urlTemplate":"https:\/\/vitablanca.ma\/?s={search_term_string}"},"query-input":{"@type":"PropertyValueSpecification","valueRequired":true,"valueName":"search_term_string"}}],"inLanguage":"ar"},{"@type":"Organization","@id":"https:\/\/vitablanca.ma\/#organization","name":"\u0641\u064a\u062a\u0627\u0628\u0644\u0627\u0646\u0643\u0627","url":"https:\/\/vitablanca.ma\/","logo":{"@type":"ImageObject","inLanguage":"ar","@id":"https:\/\/vitablanca.ma\/#\/schema\/logo\/image\/","url":"https:\/\/vitablanca.ma\/wp-content\/uploads\/2025\/05\/cropped-vitablanca.png","contentUrl":"https:\/\/vitablanca.ma\/wp-content\/uploads\/2025\/05\/cropped-vitablanca.png","width":360,"height":67,"caption":"VitaBlanca"},"image":{"@id":"https:\/\/vitablanca.ma\/#\/schema\/logo\/image\/"},"sameAs":["https:\/\/www.facebook.com\/profile.php?id=61576678196717","https:\/\/www.tiktok.com\/@vitablanca.ma","https:\/\/www.instagram.com\/vitablanca.ma\/"]}]}},"jetpack_sharing_enabled":true,"_links":{"self":[{"href":"https:\/\/vitablanca.ma\/ar\/wp-json\/wp\/v2\/product\/16589","targetHints":{"allow":["GET"]}}],"collection":[{"href":"https:\/\/vitablanca.ma\/ar\/wp-json\/wp\/v2\/product"}],"about":[{"href":"https:\/\/vitablanca.ma\/ar\/wp-json\/wp\/v2\/types\/product"}],"wp:featuredmedia":[{"embeddable":true,"href":"https:\/\/vitablanca.ma\/ar\/wp-json\/wp\/v2\/media\/16586"}],"wp:attachment":[{"href":"https:\/\/vitablanca.ma\/ar\/wp-json\/wp\/v2\/media?parent=16589"}],"wp:term":[{"taxonomy":"product_brand","embeddable":true,"href":"https:\/\/vitablanca.ma\/ar\/wp-json\/wp\/v2\/product_brand?post=16589"},{"taxonomy":"product_cat","embeddable":true,"href":"https:\/\/vitablanca.ma\/ar\/wp-json\/wp\/v2\/product_cat?post=16589"},{"taxonomy":"product_tag","embeddable":true,"href":"https:\/\/vitablanca.ma\/ar\/wp-json\/wp\/v2\/product_tag?post=16589"}],"curies":[{"name":"wp","href":"https:\/\/api.w.org\/{rel}","templated":true}]}}