{"id":16583,"date":"2025-06-10T16:45:04","date_gmt":"2025-06-10T16:45:04","guid":{"rendered":"https:\/\/vitablanca.ma\/product\/endocare-c-ferulic-edafence-serum-30ml\/"},"modified":"2025-06-10T16:45:04","modified_gmt":"2025-06-10T16:45:04","slug":"endocare-c-ferulic-edafence-serum-30ml","status":"publish","type":"product","link":"https:\/\/vitablanca.ma\/ar\/product-2\/endocare-c-ferulic-edafence-serum-30ml\/","title":{"rendered":"\u0633\u064a\u0631\u0648\u0645 \u0625\u0646\u062f\u0648\u0643\u064a\u0631-\u0633\u064a \u0641\u064a\u0631\u0648\u0644\u064a\u0643 \u0625\u064a\u062f\u0627\u0641\u064a\u0646\u0633 30 \u0645\u0644"},"content":{"rendered":"<h2 data-mce-fragment=\"1\"><strong data-mce-fragment=\"1\">\u0645\u0635\u0644 \u0625\u0646\u062f\u0648\u0643\u064a\u0631-\u0633\u064a \u0641\u064a\u0631\u0648\u0644\u064a\u0643 \u0625\u064a\u062f\u0627\u0641\u064a\u0646\u0633 <span data-mce-fragment=\"1\">\u0639\u0646\u0627\u064a\u0629 \u0628\u0627\u0644\u0628\u0634\u0631\u0629 \u0628\u0645\u0636\u0627\u062f\u0627\u062a \u0627\u0644\u0623\u0643\u0633\u062f\u0629. \u0645\u0628\u0646\u064a\u0629 \u0639\u0644\u0649 \u062a\u0642\u0646\u064a\u0629 EDAFENCE \u0627\u0644\u062d\u0635\u0631\u064a\u0629<\/span><\/strong><\/h2>\n<p data-mce-fragment=\"1\"><strong data-mce-fragment=\"1\">\u0645\u0635\u0644 \u0625\u0646\u062f\u0648\u0643\u064a\u0631-\u0633\u064a \u0641\u064a\u0631\u0648\u0644\u064a\u0643 \u0625\u064a\u062f\u0627\u0641\u064a\u0646\u0633<\/strong>\u00a0\u0645\u0646\u062a\u062c \u0642\u0648\u064a \u0645\u0636\u0627\u062f \u0644\u0644\u062a\u0644\u0648\u062b\u060c \u0648\u0645\u0636\u0627\u062f \u0644\u0644\u0623\u0643\u0633\u062f\u0629\u060c \u0648\u0645\u062c\u062f\u062f \u0644\u0644\u0628\u0634\u0631\u0629\u060c \u064a\u062a\u062d\u062f\u0649 \u062d\u062f\u0648\u062f \u0627\u0644\u0639\u0646\u0627\u064a\u0629 \u0628\u0627\u0644\u0628\u0634\u0631\u0629 \u0627\u0644\u0645\u0636\u0627\u062f\u0629 \u0644\u0644\u0623\u0643\u0633\u062f\u0629. \u0628\u0641\u0636\u0644 \u062a\u0642\u0646\u064a\u0629 EDAFENCE\u00ae \u0627\u0644\u062d\u0635\u0631\u064a\u0629\u060c \u0648\u0647\u064a \u0645\u0633\u062a\u062e\u0644\u0635 \u0645\u0646 \u0646\u0628\u0627\u062a \u062f\u064a\u0634\u0627\u0645\u0628\u0633\u064a\u0627 \u0623\u0646\u062a\u0627\u0631\u0643\u062a\u064a\u0643\u0627 \u0630\u064a \u0641\u0639\u0627\u0644\u064a\u0629 \u0645\u062b\u0628\u062a\u0629 \u0633\u0631\u064a\u0631\u064a\u064b\u0627 \u0641\u064a \u0645\u0643\u0627\u0641\u062d\u0629 \u0627\u0644\u062a\u0644\u0648\u062b\u060c \u064a\u062d\u0645\u064a \u0647\u0630\u0627 \u0627\u0644\u0633\u064a\u0631\u0648\u0645 \u0627\u0644\u0628\u0634\u0631\u0629 \u0645\u0646 \u0627\u0644\u062a\u0644\u0641 \u0648\u0627\u0644\u062a\u062f\u0647\u0648\u0631 \u0648\u0627\u0644\u0634\u064a\u062e\u0648\u062e\u0629 \u0627\u0644\u0645\u0628\u0643\u0631\u0629 \u0627\u0644\u0646\u0627\u062a\u062c\u0629 \u0639\u0646 \u0627\u0644\u0639\u0648\u0627\u0645\u0644 \u0627\u0644\u0628\u064a\u0626\u064a\u0629 \u0627\u0644\u0636\u0627\u0631\u0629. \u0628\u0627\u0644\u0625\u0636\u0627\u0641\u0629 \u0625\u0644\u0649 \u0630\u0644\u0643\u060c \u062a\u0639\u0645\u0644 \u0639\u0648\u0627\u0645\u0644 \u0646\u0645\u0648 SCA\u00ae \u0639\u0644\u0649 \u062a\u062c\u062f\u064a\u062f \u0627\u0644\u0628\u0634\u0631\u0629\u060c \u0648\u062a\u062d\u0641\u064a\u0632 \u0625\u0646\u062a\u0627\u062c \u0627\u0644\u0643\u0648\u0644\u0627\u062c\u064a\u0646\u060c \u0648\u0632\u064a\u0627\u062f\u0629 \u062a\u0645\u0627\u0633\u0643\u0647\u0627 \u0648\u0645\u0631\u0648\u0646\u062a\u0647\u0627\u060c \u0628\u064a\u0646\u0645\u0627 \u062a\u0648\u0641\u0631 \u0627\u0644\u062a\u0631\u0643\u064a\u0632\u0627\u062a \u0627\u0644\u0639\u0627\u0644\u064a\u0629 \u0645\u0646 \u0641\u064a\u062a\u0627\u0645\u064a\u0646 C \u0648\u062d\u0645\u0636 \u0627\u0644\u0641\u064a\u0631\u0648\u0644\u064a\u0643 \u0641\u0648\u0627\u0626\u062f \u0642\u0648\u064a\u0629 \u0645\u0636\u0627\u062f\u0629 \u0644\u0644\u0623\u0643\u0633\u062f\u0629\u060c \u0648\u062a\u0645\u0646\u062d \u0627\u0644\u0628\u0634\u0631\u0629 \u0625\u0634\u0631\u0627\u0642\u0629 \u0631\u0627\u0626\u0639\u0629. \u0645\u062b\u0627\u0644\u064a \u0644\u0645\u0646 \u064a\u062a\u0628\u0639\u0646 \u0646\u0645\u0637 \u062d\u064a\u0627\u0629 \u062d\u0636\u0631\u064a \u0645\u0632\u062f\u062d\u0645\u060c \u064a\u064f\u0639\u062f \u0647\u0630\u0627 \u0627\u0644\u0633\u064a\u0631\u0648\u0645 \u0627\u0644\u0625\u0636\u0627\u0641\u0629 \u0627\u0644\u0645\u062b\u0627\u0644\u064a\u0629 \u0644\u0623\u064a \u0631\u0648\u062a\u064a\u0646 \u0644\u0644\u0639\u0646\u0627\u064a\u0629 \u0628\u0627\u0644\u0628\u0634\u0631\u0629.<\/p>\n<h3 data-mce-fragment=\"1\">\u0627\u0644\u062e\u0635\u0627\u0626\u0635<\/h3>\n<ul data-mce-fragment=\"1\">\n<li data-mce-fragment=\"1\">\u0627\u0644\u0645\u0644\u0645\u0633: \u0645\u0635\u0644\u061b<\/li>\n<li data-mce-fragment=\"1\">\u0645\u0634\u0627\u0643\u0644 \u0627\u0644\u0628\u0634\u0631\u0629: \u0627\u0644\u0628\u0647\u062a\u0627\u0646\u060c \u0641\u0642\u062f\u0627\u0646 \u0627\u0644\u0625\u0634\u0631\u0627\u0642 \u0648\u0627\u0644\u062d\u064a\u0648\u064a\u0629\u060c \u0627\u0644\u062a\u0644\u0648\u062b\u061b<\/li>\n<li data-mce-fragment=\"1\">\u0648\u0642\u062a \u062a\u0642\u062f\u064a\u0645 \u0627\u0644\u0637\u0644\u0628: \u0635\u0628\u0627\u062d\u064b\u0627 \u0648\/\u0623\u0648 \u0645\u0633\u0627\u0621\u064b\u061b<\/li>\n<li data-mce-fragment=\"1\">\u0646\u0648\u0639 \u0627\u0644\u0628\u0634\u0631\u0629: \u062c\u0645\u064a\u0639 \u0623\u0646\u0648\u0627\u0639 \u0627\u0644\u0628\u0634\u0631\u0629\u061b<\/li>\n<li data-mce-fragment=\"1\">\u0627\u0644\u0641\u0648\u0627\u0626\u062f \u0627\u0644\u0631\u0626\u064a\u0633\u064a\u0629: \u064a\u0645\u0646\u0639 \u0648\u064a\u0642\u0644\u0644 \u0645\u0646 \u0627\u0644\u0639\u0644\u0627\u0645\u0627\u062a \u0627\u0644\u0623\u0648\u0644\u0649 \u0644\u0634\u064a\u062e\u0648\u062e\u0629 \u0627\u0644\u062c\u0644\u062f\u060c \u0648\u064a\u062d\u0645\u064a \u0645\u0646 \u062a\u0644\u0641 \u0627\u0644\u062c\u0644\u062f \u0627\u0644\u0646\u0627\u062a\u062c \u0639\u0646 \u0627\u0644\u062a\u0644\u0648\u062b\u060c \u0648\u064a\u0639\u0632\u0632 \u062e\u0635\u0627\u0626\u0635 \u0645\u0636\u0627\u062f\u0627\u062a \u0627\u0644\u0623\u0643\u0633\u062f\u0629 \u0641\u064a \u0627\u0644\u062c\u0644\u062f\u060c \u0648\u064a\u0632\u064a\u062f \u0645\u0646 \u062a\u0645\u0627\u0633\u0643\u0647 \u0648\u0645\u0631\u0648\u0646\u062a\u0647 \u0648\u0625\u0634\u0631\u0627\u0642\u062a\u0647\u060c \u0648\u0644\u0627 \u064a\u0633\u0628\u0628 \u0627\u0646\u0633\u062f\u0627\u062f \u0627\u0644\u0645\u0633\u0627\u0645\u061b<\/li>\n<li data-mce-fragment=\"1\">\u062a\u0645 \u062a\u0631\u0643\u064a\u0628\u0647 \u0628\u062f\u0648\u0646: \u0627\u0644\u0632\u064a\u0648\u062a \u0648\u0627\u0644\u0628\u0627\u0631\u0627\u0628\u064a\u0646.<\/li>\n<\/ul>\n<h3 data-mce-fragment=\"1\">\u064a\u0633\u062a\u062e\u062f\u0645<\/h3>\n<p data-mce-fragment=\"1\">\u062a\u0637\u0628\u064a\u0642\u00a0<strong data-mce-fragment=\"1\">\u0645\u0635\u0644 \u0625\u0646\u062f\u0648\u0643\u064a\u0631-\u0633\u064a \u0641\u064a\u0631\u0648\u0644\u064a\u0643 \u0625\u064a\u062f\u0627\u0641\u064a\u0646\u0633<\/strong>\u00a0\u064a\u064f\u0633\u062a\u062e\u062f\u0645 \u0645\u0631\u0629 \u0623\u0648 \u0645\u0631\u062a\u064a\u0646 \u064a\u0648\u0645\u064a\u064b\u0627 \u0639\u0644\u0649 \u0628\u0634\u0631\u0629 \u0646\u0638\u064a\u0641\u0629 \u0644\u0644\u0648\u062c\u0647 \u0648\u0627\u0644\u0631\u0642\u0628\u0629 \u0648\u0645\u0646\u0637\u0642\u0629 \u0623\u0639\u0644\u0649 \u0627\u0644\u0635\u062f\u0631. \u064a\u064f\u0648\u0636\u0639 \u0648\u0627\u0642\u064a \u0634\u0645\u0633\u064a \u0639\u0646\u062f \u0627\u0633\u062a\u062e\u062f\u0627\u0645\u0647 \u0646\u0647\u0627\u0631\u064b\u0627. \u062a\u062c\u0646\u0628 \u0645\u0644\u0627\u0645\u0633\u0629 \u0627\u0644\u0639\u064a\u0646\u064a\u0646 \u0648\u0645\u0646\u0637\u0642\u0629 \u0627\u0644\u0639\u064a\u0646\u064a\u0646 \u0648\u0627\u0644\u0623\u063a\u0634\u064a\u0629 \u0627\u0644\u0645\u062e\u0627\u0637\u064a\u0629. \u0641\u064a \u062d\u0627\u0644 \u062d\u062f\u0648\u062b \u062a\u0647\u064a\u062c \u0628\u0633\u0628\u0628 \u0627\u0644\u062a\u0631\u0643\u064a\u0632 \u0627\u0644\u0639\u0627\u0644\u064a \u0644\u0644\u0645\u0643\u0648\u0646\u0627\u062a \u0627\u0644\u0641\u0639\u0627\u0644\u0629\u060c \u0642\u0644\u0644 \u0645\u0646 \u062a\u0643\u0631\u0627\u0631 \u0627\u0644\u0627\u0633\u062a\u062e\u062f\u0627\u0645 \u062d\u062a\u0649 \u062a\u0639\u062a\u0627\u062f \u0627\u0644\u0628\u0634\u0631\u0629 \u0639\u0644\u0649 \u0627\u0644\u062a\u0631\u0643\u064a\u0628\u0629 \u0623\u0648 \u062a\u0648\u0642\u0641 \u0639\u0646 \u0627\u0644\u0627\u0633\u062a\u062e\u062f\u0627\u0645. \u0627\u063a\u0633\u0644 \u064a\u062f\u064a\u0643 \u0628\u0639\u062f \u0648\u0636\u0639 \u0627\u0644\u0645\u0646\u062a\u062c. \u064a\u064f\u062d\u0641\u0638 \u0641\u064a \u062f\u0631\u062c\u0629 \u062d\u0631\u0627\u0631\u0629 \u0623\u0642\u0644 \u0645\u0646 40 \u062f\u0631\u062c\u0629 \u0645\u0626\u0648\u064a\u0629. \u0642\u062f \u064a\u062a\u063a\u064a\u0631 \u0644\u0648\u0646 \u0627\u0644\u0645\u0646\u062a\u062c \u0628\u0645\u0631\u0648\u0631 \u0627\u0644\u0648\u0642\u062a \u0628\u0633\u0628\u0628 \u0627\u0644\u062a\u0631\u0643\u064a\u0632 \u0627\u0644\u0639\u0627\u0644\u064a \u0644\u0644\u0645\u0643\u0648\u0646\u0627\u062a \u0627\u0644\u0641\u0639\u0627\u0644\u0629\u060c \u0648\u0644\u0643\u0646 \u0647\u0630\u0627 \u0644\u0627 \u064a\u0624\u062b\u0631 \u0639\u0644\u0649 \u0641\u0639\u0627\u0644\u064a\u062a\u0647.<\/p>\n<h3 data-mce-fragment=\"1\">\u0627\u0644\u0645\u0643\u0648\u0646\u0627\u062a<\/h3>\n<ul data-mce-fragment=\"1\">\n<li data-mce-fragment=\"1\">EDAFENCE\u00ae 1%\u060c \u0645\u0633\u062a\u062e\u0644\u0635 \u0646\u0628\u0627\u062a\u064a \u0645\u0646 Deschampsia antarctica\u060c \u0639\u0628\u0627\u0631\u0629 \u0639\u0646 \u062a\u0642\u0646\u064a\u0629 Endocare \u062e\u0627\u0635\u0629 \u0630\u0627\u062a \u0646\u0634\u0627\u0637 \u0645\u0636\u0627\u062f \u0644\u0644\u062a\u0644\u0648\u062b \u062a\u0645 \u0625\u062b\u0628\u0627\u062a\u0647 \u0633\u0631\u064a\u0631\u064a\u064b\u0627.<\/li>\n<li data-mce-fragment=\"1\">\u0639\u0648\u0627\u0645\u0644 \u0646\u0645\u0648 SCA\u00ae \u0641\u064a 10% \u062a\u0639\u0645\u0644 \u0639\u0644\u0649 \u062a\u062c\u062f\u064a\u062f \u0627\u0644\u0628\u0634\u0631\u0629 \u0648\u062a\u062d\u0641\u064a\u0632 \u0625\u0646\u062a\u0627\u062c \u0627\u0644\u0643\u0648\u0644\u0627\u062c\u064a\u0646 \u0648\u0632\u064a\u0627\u062f\u0629 \u062a\u0645\u0627\u0633\u0643\u0647\u0627 \u0648\u0645\u0631\u0648\u0646\u062a\u0647\u0627\u061b<\/li>\n<li data-mce-fragment=\"1\">\u0641\u064a\u062a\u0627\u0645\u064a\u0646 C \u0627\u0644\u0646\u0642\u064a \u0627\u0644\u0645\u0633\u062a\u0642\u0631 \u0639\u0646\u062f 10% \u0648\u062d\u0645\u0636 \u0627\u0644\u0641\u064a\u0631\u0648\u0644\u064a\u0643 \u0639\u0646\u062f 0.5% \u064a\u0634\u0643\u0644\u0627\u0646 \u062f\u0631\u0639\u064b\u0627 \u0645\u0636\u0627\u062f\u064b\u0627 \u0644\u0644\u0623\u0643\u0633\u062f\u0629 \u0642\u0648\u064a\u064b\u0627 \u0648\u064a\u0636\u0641\u064a\u0627\u0646 \u0625\u0634\u0631\u0627\u0642\u0629 \u0639\u0644\u0649 \u0627\u0644\u0628\u0634\u0631\u0629.<\/li>\n<\/ul>\n<h3 data-mce-fragment=\"1\"><\/h3>","protected":false},"excerpt":{"rendered":"<p>Endocare -C Ferulic Edafence S\u00e9rum soin de la peau anti-oxydant. Bas\u00e9 sur la technologie exclusive EDAFENCE Endocare-C Ferulic Edafense Serum\u00a0est un puissant produit anti-pollution, anti-oxydant et r\u00e9g\u00e9n\u00e9rant qui d\u00e9fie les limites du soin de la peau anti-oxydant. Bas\u00e9 sur la technologie exclusive EDAFENCE\u00ae, un extrait de plante de Deschampsia antarctica ayant une activit\u00e9 antipollution d\u00e9montr\u00e9e [&hellip;]<\/p>\n","protected":false},"featured_media":16581,"template":"","meta":{"om_disable_all_campaigns":false},"product_brand":[],"product_cat":[15],"product_tag":[],"class_list":{"0":"post-16583","1":"product","2":"type-product","3":"status-publish","4":"has-post-thumbnail","6":"product_cat-beaute-sante-complements-alimentaires-soins-et-bien-etre-au-meilleur-prix","8":"first","9":"instock","10":"sale","11":"taxable","12":"shipping-taxable","13":"purchasable","14":"product-type-simple"},"yoast_head":"<!-- This site is optimized with the Yoast SEO plugin v27.3 - https:\/\/yoast.com\/product\/yoast-seo-wordpress\/ -->\n<title>Endocare -C Ferulic Edafence S\u00e9rum 30ml - Maroc Prix<\/title>\n<meta name=\"description\" content=\"Endocare -C Ferulic Edafence S\u00e9rum 30ml\" \/>\n<meta name=\"robots\" content=\"index, follow, max-snippet:-1, max-image-preview:large, max-video-preview:-1\" \/>\n<link rel=\"canonical\" href=\"https:\/\/vitablanca.ma\/ar\/product-2\/endocare-c-ferulic-edafence-serum-30ml\/\" \/>\n<meta property=\"og:locale\" content=\"ar_AR\" \/>\n<meta property=\"og:type\" content=\"article\" \/>\n<meta property=\"og:title\" content=\"Endocare -C Ferulic Edafence S\u00e9rum 30ml - Maroc Prix\" \/>\n<meta property=\"og:description\" content=\"Endocare -C Ferulic Edafence S\u00e9rum 30ml\" \/>\n<meta property=\"og:url\" content=\"https:\/\/vitablanca.ma\/ar\/product-2\/endocare-c-ferulic-edafence-serum-30ml\/\" \/>\n<meta property=\"og:site_name\" content=\"Vitablanca.ma &ndash; Sant&eacute;, vitalit&eacute; et bien-&ecirc;tre pour tous les Marocains\" \/>\n<meta property=\"article:publisher\" content=\"https:\/\/www.facebook.com\/profile.php?id=61576678196717\" \/>\n<meta property=\"og:image\" content=\"https:\/\/vitablanca.ma\/wp-content\/uploads\/2025\/06\/Endocare-C-Ferulic-Edafence-Serum-30ml-nova-prapharmacie-maroc.jpg\" \/>\n\t<meta property=\"og:image:width\" content=\"1000\" \/>\n\t<meta property=\"og:image:height\" content=\"1000\" \/>\n\t<meta property=\"og:image:type\" content=\"image\/jpeg\" \/>\n<meta name=\"twitter:card\" content=\"summary_large_image\" \/>\n<meta name=\"twitter:label1\" content=\"\u0648\u0642\u062a \u0627\u0644\u0642\u0631\u0627\u0621\u0629 \u0627\u0644\u0645\u064f\u0642\u062f\u0651\u0631\" \/>\n\t<meta name=\"twitter:data1\" content=\"\u062f\u0642\u064a\u0642\u062a\u0627\u0646\" \/>\n<script type=\"application\/ld+json\" class=\"yoast-schema-graph\">{\"@context\":\"https:\\\/\\\/schema.org\",\"@graph\":[{\"@type\":[\"WebPage\",\"ItemPage\"],\"@id\":\"https:\\\/\\\/vitablanca.ma\\\/produit\\\/endocare-c-ferulic-edafence-serum-30ml\\\/\",\"url\":\"https:\\\/\\\/vitablanca.ma\\\/produit\\\/endocare-c-ferulic-edafence-serum-30ml\\\/\",\"name\":\"Endocare -C Ferulic Edafence S\u00e9rum 30ml - Maroc Prix\",\"isPartOf\":{\"@id\":\"https:\\\/\\\/vitablanca.ma\\\/#website\"},\"primaryImageOfPage\":{\"@id\":\"https:\\\/\\\/vitablanca.ma\\\/produit\\\/endocare-c-ferulic-edafence-serum-30ml\\\/#primaryimage\"},\"image\":{\"@id\":\"https:\\\/\\\/vitablanca.ma\\\/produit\\\/endocare-c-ferulic-edafence-serum-30ml\\\/#primaryimage\"},\"thumbnailUrl\":\"https:\\\/\\\/vitablanca.ma\\\/wp-content\\\/uploads\\\/2025\\\/06\\\/Endocare-C-Ferulic-Edafence-Serum-30ml-nova-prapharmacie-maroc.jpg\",\"datePublished\":\"2025-06-10T16:45:04+00:00\",\"description\":\"Endocare -C Ferulic Edafence S\u00e9rum 30ml\",\"breadcrumb\":{\"@id\":\"https:\\\/\\\/vitablanca.ma\\\/produit\\\/endocare-c-ferulic-edafence-serum-30ml\\\/#breadcrumb\"},\"inLanguage\":\"ar\",\"potentialAction\":[{\"@type\":\"ReadAction\",\"target\":[\"https:\\\/\\\/vitablanca.ma\\\/produit\\\/endocare-c-ferulic-edafence-serum-30ml\\\/\"]}]},{\"@type\":\"ImageObject\",\"inLanguage\":\"ar\",\"@id\":\"https:\\\/\\\/vitablanca.ma\\\/produit\\\/endocare-c-ferulic-edafence-serum-30ml\\\/#primaryimage\",\"url\":\"https:\\\/\\\/vitablanca.ma\\\/wp-content\\\/uploads\\\/2025\\\/06\\\/Endocare-C-Ferulic-Edafence-Serum-30ml-nova-prapharmacie-maroc.jpg\",\"contentUrl\":\"https:\\\/\\\/vitablanca.ma\\\/wp-content\\\/uploads\\\/2025\\\/06\\\/Endocare-C-Ferulic-Edafence-Serum-30ml-nova-prapharmacie-maroc.jpg\",\"width\":1000,\"height\":1000},{\"@type\":\"BreadcrumbList\",\"@id\":\"https:\\\/\\\/vitablanca.ma\\\/produit\\\/endocare-c-ferulic-edafence-serum-30ml\\\/#breadcrumb\",\"itemListElement\":[{\"@type\":\"ListItem\",\"position\":1,\"name\":\"Home\",\"item\":\"https:\\\/\\\/vitablanca.ma\\\/\"},{\"@type\":\"ListItem\",\"position\":2,\"name\":\"Tous Les Produits\",\"item\":\"https:\\\/\\\/vitablanca.ma\\\/tous-les-produits\\\/\"},{\"@type\":\"ListItem\",\"position\":3,\"name\":\"Endocare -C Ferulic Edafence S\u00e9rum 30ml\"}]},{\"@type\":\"WebSite\",\"@id\":\"https:\\\/\\\/vitablanca.ma\\\/#website\",\"url\":\"https:\\\/\\\/vitablanca.ma\\\/\",\"name\":\"VitaBlanca.ma | Compl\u00e9ments alimentaires, sant\u00e9 & beaut\u00e9 au Maroc\",\"description\":\"vendre vitamines et compl\u00e9ments premium des USA &amp; Canada, Nouvelle Z\u00e9lande,Maroc (NOW Foods, Solgar, Manuka). Livraison rapide partout au Maroc.\",\"publisher\":{\"@id\":\"https:\\\/\\\/vitablanca.ma\\\/#organization\"},\"alternateName\":\"VitaBlanca.ma\",\"potentialAction\":[{\"@type\":\"SearchAction\",\"target\":{\"@type\":\"EntryPoint\",\"urlTemplate\":\"https:\\\/\\\/vitablanca.ma\\\/?s={search_term_string}\"},\"query-input\":{\"@type\":\"PropertyValueSpecification\",\"valueRequired\":true,\"valueName\":\"search_term_string\"}}],\"inLanguage\":\"ar\"},{\"@type\":\"Organization\",\"@id\":\"https:\\\/\\\/vitablanca.ma\\\/#organization\",\"name\":\"VitaBlanca\",\"url\":\"https:\\\/\\\/vitablanca.ma\\\/\",\"logo\":{\"@type\":\"ImageObject\",\"inLanguage\":\"ar\",\"@id\":\"https:\\\/\\\/vitablanca.ma\\\/#\\\/schema\\\/logo\\\/image\\\/\",\"url\":\"https:\\\/\\\/vitablanca.ma\\\/wp-content\\\/uploads\\\/2025\\\/05\\\/cropped-vitablanca.png\",\"contentUrl\":\"https:\\\/\\\/vitablanca.ma\\\/wp-content\\\/uploads\\\/2025\\\/05\\\/cropped-vitablanca.png\",\"width\":360,\"height\":67,\"caption\":\"VitaBlanca\"},\"image\":{\"@id\":\"https:\\\/\\\/vitablanca.ma\\\/#\\\/schema\\\/logo\\\/image\\\/\"},\"sameAs\":[\"https:\\\/\\\/www.facebook.com\\\/profile.php?id=61576678196717\",\"https:\\\/\\\/www.tiktok.com\\\/@vitablanca.ma\",\"https:\\\/\\\/www.instagram.com\\\/vitablanca.ma\\\/\"]}]}<\/script>\n<!-- \/ Yoast SEO plugin. -->","yoast_head_json":{"title":"\u0633\u064a\u0631\u0648\u0645 \u0625\u0646\u062f\u0648\u0643\u064a\u0631-\u0633\u064a \u0641\u064a\u0631\u0648\u0644\u064a\u0643 \u0625\u064a\u062f\u0627\u0641\u064a\u0646\u0633 30 \u0645\u0644 - \u0633\u0639\u0631 \u0627\u0644\u0645\u063a\u0631\u0628","description":"\u0633\u064a\u0631\u0648\u0645 \u0625\u0646\u062f\u0648\u0643\u064a\u0631-\u0633\u064a \u0641\u064a\u0631\u0648\u0644\u064a\u0643 \u0625\u064a\u062f\u0627\u0641\u064a\u0646\u0633 30 \u0645\u0644","robots":{"index":"index","follow":"follow","max-snippet":"max-snippet:-1","max-image-preview":"max-image-preview:large","max-video-preview":"max-video-preview:-1"},"canonical":"https:\/\/vitablanca.ma\/ar\/product-2\/endocare-c-ferulic-edafence-serum-30ml\/","og_locale":"ar_AR","og_type":"article","og_title":"Endocare -C Ferulic Edafence S\u00e9rum 30ml - Maroc Prix","og_description":"Endocare -C Ferulic Edafence S\u00e9rum 30ml","og_url":"https:\/\/vitablanca.ma\/ar\/product-2\/endocare-c-ferulic-edafence-serum-30ml\/","og_site_name":"Vitablanca.ma &ndash; Sant&eacute;, vitalit&eacute; et bien-&ecirc;tre pour tous les Marocains","article_publisher":"https:\/\/www.facebook.com\/profile.php?id=61576678196717","og_image":[{"width":1000,"height":1000,"url":"https:\/\/vitablanca.ma\/wp-content\/uploads\/2025\/06\/Endocare-C-Ferulic-Edafence-Serum-30ml-nova-prapharmacie-maroc.jpg","type":"image\/jpeg"}],"twitter_card":"summary_large_image","twitter_misc":{"\u0648\u0642\u062a \u0627\u0644\u0642\u0631\u0627\u0621\u0629 \u0627\u0644\u0645\u064f\u0642\u062f\u0651\u0631":"\u062f\u0642\u064a\u0642\u062a\u0627\u0646"},"schema":{"@context":"https:\/\/schema.org","@graph":[{"@type":["WebPage","ItemPage"],"@id":"https:\/\/vitablanca.ma\/produit\/endocare-c-ferulic-edafence-serum-30ml\/","url":"https:\/\/vitablanca.ma\/produit\/endocare-c-ferulic-edafence-serum-30ml\/","name":"\u0633\u064a\u0631\u0648\u0645 \u0625\u0646\u062f\u0648\u0643\u064a\u0631-\u0633\u064a \u0641\u064a\u0631\u0648\u0644\u064a\u0643 \u0625\u064a\u062f\u0627\u0641\u064a\u0646\u0633 30 \u0645\u0644 - \u0633\u0639\u0631 \u0627\u0644\u0645\u063a\u0631\u0628","isPartOf":{"@id":"https:\/\/vitablanca.ma\/#website"},"primaryImageOfPage":{"@id":"https:\/\/vitablanca.ma\/produit\/endocare-c-ferulic-edafence-serum-30ml\/#primaryimage"},"image":{"@id":"https:\/\/vitablanca.ma\/produit\/endocare-c-ferulic-edafence-serum-30ml\/#primaryimage"},"thumbnailUrl":"https:\/\/vitablanca.ma\/wp-content\/uploads\/2025\/06\/Endocare-C-Ferulic-Edafence-Serum-30ml-nova-prapharmacie-maroc.jpg","datePublished":"2025-06-10T16:45:04+00:00","description":"\u0633\u064a\u0631\u0648\u0645 \u0625\u0646\u062f\u0648\u0643\u064a\u0631-\u0633\u064a \u0641\u064a\u0631\u0648\u0644\u064a\u0643 \u0625\u064a\u062f\u0627\u0641\u064a\u0646\u0633 30 \u0645\u0644","breadcrumb":{"@id":"https:\/\/vitablanca.ma\/produit\/endocare-c-ferulic-edafence-serum-30ml\/#breadcrumb"},"inLanguage":"ar","potentialAction":[{"@type":"ReadAction","target":["https:\/\/vitablanca.ma\/produit\/endocare-c-ferulic-edafence-serum-30ml\/"]}]},{"@type":"ImageObject","inLanguage":"ar","@id":"https:\/\/vitablanca.ma\/produit\/endocare-c-ferulic-edafence-serum-30ml\/#primaryimage","url":"https:\/\/vitablanca.ma\/wp-content\/uploads\/2025\/06\/Endocare-C-Ferulic-Edafence-Serum-30ml-nova-prapharmacie-maroc.jpg","contentUrl":"https:\/\/vitablanca.ma\/wp-content\/uploads\/2025\/06\/Endocare-C-Ferulic-Edafence-Serum-30ml-nova-prapharmacie-maroc.jpg","width":1000,"height":1000},{"@type":"BreadcrumbList","@id":"https:\/\/vitablanca.ma\/produit\/endocare-c-ferulic-edafence-serum-30ml\/#breadcrumb","itemListElement":[{"@type":"ListItem","position":1,"name":"Home","item":"https:\/\/vitablanca.ma\/"},{"@type":"ListItem","position":2,"name":"Tous Les Produits","item":"https:\/\/vitablanca.ma\/tous-les-produits\/"},{"@type":"ListItem","position":3,"name":"Endocare -C Ferulic Edafence S\u00e9rum 30ml"}]},{"@type":"WebSite","@id":"https:\/\/vitablanca.ma\/#website","url":"https:\/\/vitablanca.ma\/","name":"VitaBlanca.ma | \u0627\u0644\u0645\u0643\u0645\u0644\u0627\u062a \u0627\u0644\u063a\u0630\u0627\u0626\u064a\u0629\u060c \u0627\u0644\u0635\u062d\u0629 \u0648\u0627\u0644\u062c\u0645\u0627\u0644 \u0641\u064a \u0627\u0644\u0645\u063a\u0631\u0628","description":"\u0646\u0628\u064a\u0639 \u0641\u064a\u062a\u0627\u0645\u064a\u0646\u0627\u062a \u0648\u0645\u0643\u0645\u0644\u0627\u062a \u063a\u0630\u0627\u0626\u064a\u0629 \u0641\u0627\u062e\u0631\u0629 \u0645\u0646 \u0627\u0644\u0648\u0644\u0627\u064a\u0627\u062a \u0627\u0644\u0645\u062a\u062d\u062f\u0629 \u0627\u0644\u0623\u0645\u0631\u064a\u0643\u064a\u0629 \u0648\u0643\u0646\u062f\u0627 \u0648\u0646\u064a\u0648\u0632\u064a\u0644\u0646\u062f\u0627 \u0648\u0627\u0644\u0645\u063a\u0631\u0628 (\u0646\u0627\u0648 \u0641\u0648\u062f\u0632\u060c \u0633\u0648\u0644\u062c\u0627\u0631\u060c \u0645\u0627\u0646\u0648\u0643\u0627). \u062a\u0648\u0635\u064a\u0644 \u0633\u0631\u064a\u0639 \u0625\u0644\u0649 \u062c\u0645\u064a\u0639 \u0623\u0646\u062d\u0627\u0621 \u0627\u0644\u0645\u063a\u0631\u0628.","publisher":{"@id":"https:\/\/vitablanca.ma\/#organization"},"alternateName":"VitaBlanca.ma","potentialAction":[{"@type":"SearchAction","target":{"@type":"EntryPoint","urlTemplate":"https:\/\/vitablanca.ma\/?s={search_term_string}"},"query-input":{"@type":"PropertyValueSpecification","valueRequired":true,"valueName":"search_term_string"}}],"inLanguage":"ar"},{"@type":"Organization","@id":"https:\/\/vitablanca.ma\/#organization","name":"\u0641\u064a\u062a\u0627\u0628\u0644\u0627\u0646\u0643\u0627","url":"https:\/\/vitablanca.ma\/","logo":{"@type":"ImageObject","inLanguage":"ar","@id":"https:\/\/vitablanca.ma\/#\/schema\/logo\/image\/","url":"https:\/\/vitablanca.ma\/wp-content\/uploads\/2025\/05\/cropped-vitablanca.png","contentUrl":"https:\/\/vitablanca.ma\/wp-content\/uploads\/2025\/05\/cropped-vitablanca.png","width":360,"height":67,"caption":"VitaBlanca"},"image":{"@id":"https:\/\/vitablanca.ma\/#\/schema\/logo\/image\/"},"sameAs":["https:\/\/www.facebook.com\/profile.php?id=61576678196717","https:\/\/www.tiktok.com\/@vitablanca.ma","https:\/\/www.instagram.com\/vitablanca.ma\/"]}]}},"jetpack_sharing_enabled":true,"_links":{"self":[{"href":"https:\/\/vitablanca.ma\/ar\/wp-json\/wp\/v2\/product\/16583","targetHints":{"allow":["GET"]}}],"collection":[{"href":"https:\/\/vitablanca.ma\/ar\/wp-json\/wp\/v2\/product"}],"about":[{"href":"https:\/\/vitablanca.ma\/ar\/wp-json\/wp\/v2\/types\/product"}],"wp:featuredmedia":[{"embeddable":true,"href":"https:\/\/vitablanca.ma\/ar\/wp-json\/wp\/v2\/media\/16581"}],"wp:attachment":[{"href":"https:\/\/vitablanca.ma\/ar\/wp-json\/wp\/v2\/media?parent=16583"}],"wp:term":[{"taxonomy":"product_brand","embeddable":true,"href":"https:\/\/vitablanca.ma\/ar\/wp-json\/wp\/v2\/product_brand?post=16583"},{"taxonomy":"product_cat","embeddable":true,"href":"https:\/\/vitablanca.ma\/ar\/wp-json\/wp\/v2\/product_cat?post=16583"},{"taxonomy":"product_tag","embeddable":true,"href":"https:\/\/vitablanca.ma\/ar\/wp-json\/wp\/v2\/product_tag?post=16583"}],"curies":[{"name":"wp","href":"https:\/\/api.w.org\/{rel}","templated":true}]}}