{"id":16528,"date":"2025-06-10T16:44:07","date_gmt":"2025-06-10T16:44:07","guid":{"rendered":"https:\/\/vitablanca.ma\/product\/biretix-tri-active-spray-100ml-2\/"},"modified":"2025-06-10T16:44:07","modified_gmt":"2025-06-10T16:44:07","slug":"biretix-tri-active-spray-100ml-2","status":"publish","type":"product","link":"https:\/\/vitablanca.ma\/ar\/product-2\/biretix-tri-active-spray-100ml-2\/","title":{"rendered":"\u0631\u0630\u0627\u0630 \u0628\u064a\u0631\u062a\u064a\u0643\u0633 \u062b\u0644\u0627\u062b\u064a \u0627\u0644\u0641\u0639\u0627\u0644\u064a\u0629 100 \u0645\u0644"},"content":{"rendered":"<h2 class=\"titularFichaProducto\" data-mce-fragment=\"1\">\u0628\u062e\u0627\u062e \u0628\u064a\u0631\u062a\u064a\u0643\u0633 \u062b\u0644\u0627\u062b\u064a \u0627\u0644\u0641\u0639\u0627\u0644\u064a\u0629\u060c \u0628\u062e\u0627\u062e \u0645\u0646\u0642\u064a \u0648\u0645\u0646\u0638\u0645 \u0644\u0644\u062f\u0647\u0648\u0646\u060c \u0644\u0644\u0628\u0634\u0631\u0629 \u0627\u0644\u0645\u0639\u0631\u0636\u0629 \u0644\u062d\u0628 \u0627\u0644\u0634\u0628\u0627\u0628<br \/>\n<\/h2>\n<ul>\n<li>\n<strong data-mce-fragment=\"1\">\u0637\u0628\u064a\u0639\u0629 \u0627\u0644\u0645\u0646\u062a\u062c:<\/strong><span data-mce-fragment=\"1\">\u00a0<\/span>\u0645\u0633\u062a\u062d\u0636\u0631\u0627\u062a \u0627\u0644\u062a\u062c\u0645\u064a\u0644.<\/li>\n<li>\n<strong data-mce-fragment=\"1\">\u0641\u0626\u0629 \u0645\u0646\u062a\u062c\u0627\u062a \u0627\u0644\u062a\u062c\u0645\u064a\u0644:<\/strong>\u0645\u0636\u0627\u062f \u0644\u062d\u0628 \u0627\u0644\u0634\u0628\u0627\u0628.<\/li>\n<li>\n<strong data-mce-fragment=\"1\">\u0627\u0644\u0627\u062a\u062c\u0627\u0647\u0627\u062a:<span data-mce-fragment=\"1\">\u00a0<\/span><\/strong>\u0645\u0633\u0627\u062d\u0627\u062a \u0643\u0628\u064a\u0631\u0629 \u0645\u0646 \u0627\u0644\u062b\u062f\u064a\u064a\u0646 \u0648\u0627\u0644\u0638\u0647\u0631 \u0645\u0639 \u0622\u0641\u0627\u062a \u0646\u0634\u0637\u0629 \u0648\u0641\u0631\u0637 \u062a\u0635\u0628\u063a \u0645\u0627 \u0628\u0639\u062f \u0627\u0644\u0627\u0644\u062a\u0647\u0627\u0628 \u0641\u064a \u062d\u0628 \u0627\u0644\u0634\u0628\u0627\u0628 \u0644\u062f\u0649 \u0627\u0644\u0625\u0646\u0627\u062b \u0627\u0644\u0628\u0627\u0644\u063a\u0627\u062a \u0623\u0648 \u062d\u0628 \u0627\u0644\u0634\u0628\u0627\u0628 \u0627\u0644\u0627\u062d\u062a\u0641\u0627\u0638\u064a \u0623\u0648 \u0646\u062f\u0628\u0627\u062a \u062d\u0628 \u0627\u0644\u0634\u0628\u0627\u0628 \u0627\u0644\u0645\u062a\u0628\u0642\u064a\u0629.<\/li>\n<li>\n<strong data-mce-fragment=\"1\">\u0627\u0644\u0627\u0633\u062a\u062e\u062f\u0627\u0645\u0627\u062a:<span data-mce-fragment=\"1\">\u00a0<\/span><\/strong>\u064a\u062a\u0645 \u062a\u0637\u0628\u064a\u0642\u0647 \u0635\u0628\u0627\u062d\u064b\u0627 \u0648\/\u0623\u0648 \u0645\u0633\u0627\u0621\u064b \u0639\u0644\u0649 \u0628\u0634\u0631\u0629 \u0646\u0638\u064a\u0641\u0629 \u062a\u0645\u0627\u0645\u064b\u0627.<\/li>\n<li>\n<strong data-mce-fragment=\"1\">\u0627\u062d\u062a\u064a\u0627\u0637\u0627\u062a \u062e\u0627\u0635\u0629 \u0644\u0644\u0627\u0633\u062a\u062e\u062f\u0627\u0645:<span data-mce-fragment=\"1\">\u00a0<\/span><\/strong>\u0644\u0644\u0627\u0633\u062a\u062e\u062f\u0627\u0645 \u0627\u0644\u062e\u0627\u0631\u062c\u064a. \u062a\u062c\u0646\u0628 \u0645\u0644\u0627\u0645\u0633\u0629 \u0627\u0644\u0639\u064a\u0646\u064a\u0646.<\/li>\n<li>\n<strong data-mce-fragment=\"1\">\u0645\u062f\u0629 \u0627\u0644\u0635\u0644\u0627\u062d\u064a\u0629:<\/strong>\u064a\u062d\u0641\u0638 \u0641\u064a \u062f\u0631\u062c\u0629 \u062d\u0631\u0627\u0631\u0629 \u0623\u0642\u0644 \u0645\u0646 30 \u062f\u0631\u062c\u0629 \u0645\u0626\u0648\u064a\u0629\u060c \u0641\u064a \u0645\u0643\u0627\u0646 \u062c\u0627\u0641 \u0628\u0639\u064a\u062f\u064b\u0627 \u0639\u0646 \u0627\u0644\u0636\u0648\u0621.<\/li>\n<li>\n<strong data-mce-fragment=\"1\">\u0645\u062f\u0629 \u0627\u0644\u0635\u0644\u0627\u062d\u064a\u0629 \u0628\u0639\u062f \u0641\u062a\u062d \u0627\u0644\u0645\u0646\u062a\u062c:<\/strong>6 \u0623\u0634\u0647\u0631.<\/li>\n<li>\n<strong data-mce-fragment=\"1\">\u0627\u0644\u062a\u0643\u0646\u0648\u0644\u0648\u062c\u064a\u0627 \u0627\u0644\u062d\u0627\u0635\u0644\u0629 \u0639\u0644\u0649 \u0628\u0631\u0627\u0621\u0629 \u0627\u062e\u062a\u0631\u0627\u0639:<span data-mce-fragment=\"1\">\u00a0<\/span><\/strong>\u062a\u0643\u0646\u0648\u0644\u0648\u062c\u064a\u0627 Retinsphere\u00ae \u0648BIOPEP-15.<\/li>\n<\/ul>\n<h3 data-mce-fragment=\"1\">\u0645\u0644\u0643\u064a\u0627\u062a<\/h3>\n<ul>\n<li>\u062a\u0642\u0646\u064a\u0629 Retinsphere\u00ae: \u0646\u0634\u0627\u0637 \u0641\u0639\u0627\u0644 \u0644\u062a\u0642\u0634\u064a\u0631 \u0627\u0644\u0628\u0634\u0631\u0629 \u0648\u062a\u062c\u062f\u064a\u062f\u0647\u0627<\/li>\n<li>BIOPEP-15: \u0645\u0636\u0627\u062f \u0644\u0644\u0645\u064a\u0643\u0631\u0648\u0628\u0627\u062a<\/li>\n<li>15% \u062d\u0645\u0636 \u0627\u0644\u062c\u0644\u064a\u0643\u0648\u0644\u064a\u0643: \u0645\u0642\u0634\u0631 \u0648\u0645\u0642\u0634\u0631 \u0644\u0644\u0628\u0634\u0631\u0629<\/li>\n<li>\u062d\u0645\u0636 \u0627\u0644\u0633\u0627\u0644\u064a\u0633\u064a\u0644\u064a\u0643 2%: \u0645\u0642\u0634\u0631 \u0648\u0645\u0636\u0627\u062f \u0644\u0644\u0627\u0644\u062a\u0647\u0627\u0628\u0627\u062a<\/li>\n<li>4% \u0646\u064a\u0627\u0633\u064a\u0646\u0627\u0645\u064a\u062f: \u0645\u0636\u0627\u062f \u0644\u0644\u0627\u0644\u062a\u0647\u0627\u0628\u0627\u062a\u060c \u0645\u0646\u0638\u0645 \u0644\u0644\u062f\u0647\u0648\u0646\u060c \u0645\u0636\u0627\u062f \u0644\u0644\u0645\u064a\u0643\u0631\u0648\u0628\u0627\u062a<\/li>\n<\/ul>\n<h3 data-mce-fragment=\"1\">\u062a\u0639\u0628\u064a\u0631<\/h3>\n<ul data-mce-fragment=\"1\">\n<li data-mce-fragment=\"1\">\u062a\u0642\u0646\u064a\u0629 \u0631\u064a\u062a\u064a\u0646\u0633\u0641\u064a\u0631\u00ae<\/li>\n<li data-mce-fragment=\"1\">\u0628\u064a\u0648\u0628\u064a\u0628-15<\/li>\n<li data-mce-fragment=\"1\">\u062d\u0645\u0636 \u0627\u0644\u0633\u0627\u0644\u064a\u0633\u064a\u0644\u064a\u0643<\/li>\n<li data-mce-fragment=\"1\">\u062d\u0645\u0636 \u0627\u0644\u062c\u0644\u064a\u0643\u0648\u0644\u064a\u0643<\/li>\n<li data-mce-fragment=\"1\">\u0627\u0644\u0646\u064a\u0627\u0633\u064a\u0646\u0627\u0645\u064a\u062f<\/li>\n<\/ul>","protected":false},"excerpt":{"rendered":"<p>Biretix Tri-Active Spray\u00a0Spray K\u00e9ratolytique purifiant et s\u00e9bor\u00e9gulateur pour les peaux \u00e0 tendances acn\u00e9iques Nature du produit:\u00a0Cosm\u00e9tique. Cat\u00e9gorie du produit cosm\u00e9tique:anti-acn\u00e9ique. Indications:\u00a0Zones \u00e9tendues seins et dos pr\u00e9sentant des l\u00e9sions actives et hyperpigmentations post-inflammatoires acn\u00e9 de la femme adulte, une acn\u00e9 r\u00e9tentionnelle ou des Cicatrices r\u00e9siduelles de l\u2019acn\u00e9. Utilisations:\u00a0Appliquer matin et \/ou soir sur une peau parfaitement [&hellip;]<\/p>\n","protected":false},"featured_media":16527,"template":"","meta":{"om_disable_all_campaigns":false},"product_brand":[],"product_cat":[15],"product_tag":[],"class_list":{"0":"post-16528","1":"product","2":"type-product","3":"status-publish","4":"has-post-thumbnail","6":"product_cat-beaute-sante-complements-alimentaires-soins-et-bien-etre-au-meilleur-prix","8":"first","9":"instock","10":"sale","11":"taxable","12":"shipping-taxable","13":"purchasable","14":"product-type-simple"},"yoast_head":"<!-- This site is optimized with the Yoast SEO plugin v27.4 - https:\/\/yoast.com\/product\/yoast-seo-wordpress\/ -->\n<title>Biretix Tri-Active Spray 100ml - Maroc Prix<\/title>\n<meta name=\"description\" content=\"Biretix Tri-Active Spray 100ml\" \/>\n<meta name=\"robots\" content=\"index, follow, max-snippet:-1, max-image-preview:large, max-video-preview:-1\" \/>\n<link rel=\"canonical\" href=\"https:\/\/vitablanca.ma\/ar\/product-2\/biretix-tri-active-spray-100ml-2\/\" \/>\n<meta property=\"og:locale\" content=\"ar_AR\" \/>\n<meta property=\"og:type\" content=\"article\" \/>\n<meta property=\"og:title\" content=\"Biretix Tri-Active Spray 100ml - Maroc Prix\" \/>\n<meta property=\"og:description\" content=\"Biretix Tri-Active Spray 100ml\" \/>\n<meta property=\"og:url\" content=\"https:\/\/vitablanca.ma\/ar\/product-2\/biretix-tri-active-spray-100ml-2\/\" \/>\n<meta property=\"og:site_name\" content=\"Vitablanca.ma &ndash; Sant&eacute;, vitalit&eacute; et bien-&ecirc;tre pour tous les Marocains\" \/>\n<meta property=\"article:publisher\" content=\"https:\/\/www.facebook.com\/profile.php?id=61576678196717\" \/>\n<meta property=\"og:image\" content=\"https:\/\/vitablanca.ma\/wp-content\/uploads\/2025\/06\/Biretix-Tri-Active-Spray-50ml-nova-parapharmacie-maroc-1.jpg\" \/>\n\t<meta property=\"og:image:width\" content=\"1000\" \/>\n\t<meta property=\"og:image:height\" content=\"1000\" \/>\n\t<meta property=\"og:image:type\" content=\"image\/jpeg\" \/>\n<meta name=\"twitter:card\" content=\"summary_large_image\" \/>\n<meta name=\"twitter:label1\" content=\"\u0648\u0642\u062a \u0627\u0644\u0642\u0631\u0627\u0621\u0629 \u0627\u0644\u0645\u064f\u0642\u062f\u0651\u0631\" \/>\n\t<meta name=\"twitter:data1\" content=\"\u062f\u0642\u064a\u0642\u0629 \u0648\u0627\u062d\u062f\u0629\" \/>\n<script type=\"application\/ld+json\" class=\"yoast-schema-graph\">{\"@context\":\"https:\\\/\\\/schema.org\",\"@graph\":[{\"@type\":[\"WebPage\",\"ItemPage\"],\"@id\":\"https:\\\/\\\/vitablanca.ma\\\/produit\\\/biretix-tri-active-spray-100ml-2\\\/\",\"url\":\"https:\\\/\\\/vitablanca.ma\\\/produit\\\/biretix-tri-active-spray-100ml-2\\\/\",\"name\":\"Biretix Tri-Active Spray 100ml - Maroc Prix\",\"isPartOf\":{\"@id\":\"https:\\\/\\\/vitablanca.ma\\\/#website\"},\"primaryImageOfPage\":{\"@id\":\"https:\\\/\\\/vitablanca.ma\\\/produit\\\/biretix-tri-active-spray-100ml-2\\\/#primaryimage\"},\"image\":{\"@id\":\"https:\\\/\\\/vitablanca.ma\\\/produit\\\/biretix-tri-active-spray-100ml-2\\\/#primaryimage\"},\"thumbnailUrl\":\"https:\\\/\\\/vitablanca.ma\\\/wp-content\\\/uploads\\\/2025\\\/06\\\/Biretix-Tri-Active-Spray-50ml-nova-parapharmacie-maroc-1.jpg\",\"datePublished\":\"2025-06-10T16:44:07+00:00\",\"description\":\"Biretix Tri-Active Spray 100ml\",\"breadcrumb\":{\"@id\":\"https:\\\/\\\/vitablanca.ma\\\/produit\\\/biretix-tri-active-spray-100ml-2\\\/#breadcrumb\"},\"inLanguage\":\"ar\",\"potentialAction\":[{\"@type\":\"ReadAction\",\"target\":[\"https:\\\/\\\/vitablanca.ma\\\/produit\\\/biretix-tri-active-spray-100ml-2\\\/\"]}]},{\"@type\":\"ImageObject\",\"inLanguage\":\"ar\",\"@id\":\"https:\\\/\\\/vitablanca.ma\\\/produit\\\/biretix-tri-active-spray-100ml-2\\\/#primaryimage\",\"url\":\"https:\\\/\\\/vitablanca.ma\\\/wp-content\\\/uploads\\\/2025\\\/06\\\/Biretix-Tri-Active-Spray-50ml-nova-parapharmacie-maroc-1.jpg\",\"contentUrl\":\"https:\\\/\\\/vitablanca.ma\\\/wp-content\\\/uploads\\\/2025\\\/06\\\/Biretix-Tri-Active-Spray-50ml-nova-parapharmacie-maroc-1.jpg\",\"width\":1000,\"height\":1000},{\"@type\":\"BreadcrumbList\",\"@id\":\"https:\\\/\\\/vitablanca.ma\\\/produit\\\/biretix-tri-active-spray-100ml-2\\\/#breadcrumb\",\"itemListElement\":[{\"@type\":\"ListItem\",\"position\":1,\"name\":\"Home\",\"item\":\"https:\\\/\\\/vitablanca.ma\\\/\"},{\"@type\":\"ListItem\",\"position\":2,\"name\":\"Tous Les Produits\",\"item\":\"https:\\\/\\\/vitablanca.ma\\\/tous-les-produits\\\/\"},{\"@type\":\"ListItem\",\"position\":3,\"name\":\"Biretix Tri-Active Spray 100ml\"}]},{\"@type\":\"WebSite\",\"@id\":\"https:\\\/\\\/vitablanca.ma\\\/#website\",\"url\":\"https:\\\/\\\/vitablanca.ma\\\/\",\"name\":\"VitaBlanca.ma | Compl\u00e9ments alimentaires, sant\u00e9 & beaut\u00e9 au Maroc\",\"description\":\"vendre vitamines et compl\u00e9ments premium des USA &amp; Canada, Nouvelle Z\u00e9lande,Maroc (NOW Foods, Solgar, Manuka). Livraison rapide partout au Maroc.\",\"publisher\":{\"@id\":\"https:\\\/\\\/vitablanca.ma\\\/#organization\"},\"alternateName\":\"VitaBlanca.ma\",\"potentialAction\":[{\"@type\":\"SearchAction\",\"target\":{\"@type\":\"EntryPoint\",\"urlTemplate\":\"https:\\\/\\\/vitablanca.ma\\\/?s={search_term_string}\"},\"query-input\":{\"@type\":\"PropertyValueSpecification\",\"valueRequired\":true,\"valueName\":\"search_term_string\"}}],\"inLanguage\":\"ar\"},{\"@type\":\"Organization\",\"@id\":\"https:\\\/\\\/vitablanca.ma\\\/#organization\",\"name\":\"VitaBlanca\",\"url\":\"https:\\\/\\\/vitablanca.ma\\\/\",\"logo\":{\"@type\":\"ImageObject\",\"inLanguage\":\"ar\",\"@id\":\"https:\\\/\\\/vitablanca.ma\\\/#\\\/schema\\\/logo\\\/image\\\/\",\"url\":\"https:\\\/\\\/vitablanca.ma\\\/wp-content\\\/uploads\\\/2025\\\/05\\\/cropped-vitablanca.png\",\"contentUrl\":\"https:\\\/\\\/vitablanca.ma\\\/wp-content\\\/uploads\\\/2025\\\/05\\\/cropped-vitablanca.png\",\"width\":360,\"height\":67,\"caption\":\"VitaBlanca\"},\"image\":{\"@id\":\"https:\\\/\\\/vitablanca.ma\\\/#\\\/schema\\\/logo\\\/image\\\/\"},\"sameAs\":[\"https:\\\/\\\/www.facebook.com\\\/profile.php?id=61576678196717\",\"https:\\\/\\\/www.tiktok.com\\\/@vitablanca.ma\",\"https:\\\/\\\/www.instagram.com\\\/vitablanca.ma\\\/\"]}]}<\/script>\n<!-- \/ Yoast SEO plugin. -->","yoast_head_json":{"title":"\u0628\u062e\u0627\u062e \u0628\u064a\u0631\u062a\u064a\u0643\u0633 \u062b\u0644\u0627\u062b\u064a \u0627\u0644\u0641\u0639\u0627\u0644\u064a\u0629 \u0661\u0660\u0660 \u0645\u0644 - \u0633\u0639\u0631 \u0627\u0644\u0645\u063a\u0631\u0628","description":"\u0631\u0630\u0627\u0630 \u0628\u064a\u0631\u062a\u064a\u0643\u0633 \u062b\u0644\u0627\u062b\u064a \u0627\u0644\u0641\u0639\u0627\u0644\u064a\u0629 100 \u0645\u0644","robots":{"index":"index","follow":"follow","max-snippet":"max-snippet:-1","max-image-preview":"max-image-preview:large","max-video-preview":"max-video-preview:-1"},"canonical":"https:\/\/vitablanca.ma\/ar\/product-2\/biretix-tri-active-spray-100ml-2\/","og_locale":"ar_AR","og_type":"article","og_title":"Biretix Tri-Active Spray 100ml - Maroc Prix","og_description":"Biretix Tri-Active Spray 100ml","og_url":"https:\/\/vitablanca.ma\/ar\/product-2\/biretix-tri-active-spray-100ml-2\/","og_site_name":"Vitablanca.ma &ndash; Sant&eacute;, vitalit&eacute; et bien-&ecirc;tre pour tous les Marocains","article_publisher":"https:\/\/www.facebook.com\/profile.php?id=61576678196717","og_image":[{"width":1000,"height":1000,"url":"https:\/\/vitablanca.ma\/wp-content\/uploads\/2025\/06\/Biretix-Tri-Active-Spray-50ml-nova-parapharmacie-maroc-1.jpg","type":"image\/jpeg"}],"twitter_card":"summary_large_image","twitter_misc":{"\u0648\u0642\u062a \u0627\u0644\u0642\u0631\u0627\u0621\u0629 \u0627\u0644\u0645\u064f\u0642\u062f\u0651\u0631":"\u062f\u0642\u064a\u0642\u0629 \u0648\u0627\u062d\u062f\u0629"},"schema":{"@context":"https:\/\/schema.org","@graph":[{"@type":["WebPage","ItemPage"],"@id":"https:\/\/vitablanca.ma\/produit\/biretix-tri-active-spray-100ml-2\/","url":"https:\/\/vitablanca.ma\/produit\/biretix-tri-active-spray-100ml-2\/","name":"\u0628\u062e\u0627\u062e \u0628\u064a\u0631\u062a\u064a\u0643\u0633 \u062b\u0644\u0627\u062b\u064a \u0627\u0644\u0641\u0639\u0627\u0644\u064a\u0629 \u0661\u0660\u0660 \u0645\u0644 - \u0633\u0639\u0631 \u0627\u0644\u0645\u063a\u0631\u0628","isPartOf":{"@id":"https:\/\/vitablanca.ma\/#website"},"primaryImageOfPage":{"@id":"https:\/\/vitablanca.ma\/produit\/biretix-tri-active-spray-100ml-2\/#primaryimage"},"image":{"@id":"https:\/\/vitablanca.ma\/produit\/biretix-tri-active-spray-100ml-2\/#primaryimage"},"thumbnailUrl":"https:\/\/vitablanca.ma\/wp-content\/uploads\/2025\/06\/Biretix-Tri-Active-Spray-50ml-nova-parapharmacie-maroc-1.jpg","datePublished":"2025-06-10T16:44:07+00:00","description":"\u0631\u0630\u0627\u0630 \u0628\u064a\u0631\u062a\u064a\u0643\u0633 \u062b\u0644\u0627\u062b\u064a \u0627\u0644\u0641\u0639\u0627\u0644\u064a\u0629 100 \u0645\u0644","breadcrumb":{"@id":"https:\/\/vitablanca.ma\/produit\/biretix-tri-active-spray-100ml-2\/#breadcrumb"},"inLanguage":"ar","potentialAction":[{"@type":"ReadAction","target":["https:\/\/vitablanca.ma\/produit\/biretix-tri-active-spray-100ml-2\/"]}]},{"@type":"ImageObject","inLanguage":"ar","@id":"https:\/\/vitablanca.ma\/produit\/biretix-tri-active-spray-100ml-2\/#primaryimage","url":"https:\/\/vitablanca.ma\/wp-content\/uploads\/2025\/06\/Biretix-Tri-Active-Spray-50ml-nova-parapharmacie-maroc-1.jpg","contentUrl":"https:\/\/vitablanca.ma\/wp-content\/uploads\/2025\/06\/Biretix-Tri-Active-Spray-50ml-nova-parapharmacie-maroc-1.jpg","width":1000,"height":1000},{"@type":"BreadcrumbList","@id":"https:\/\/vitablanca.ma\/produit\/biretix-tri-active-spray-100ml-2\/#breadcrumb","itemListElement":[{"@type":"ListItem","position":1,"name":"Home","item":"https:\/\/vitablanca.ma\/"},{"@type":"ListItem","position":2,"name":"Tous Les Produits","item":"https:\/\/vitablanca.ma\/tous-les-produits\/"},{"@type":"ListItem","position":3,"name":"Biretix Tri-Active Spray 100ml"}]},{"@type":"WebSite","@id":"https:\/\/vitablanca.ma\/#website","url":"https:\/\/vitablanca.ma\/","name":"VitaBlanca.ma | \u0627\u0644\u0645\u0643\u0645\u0644\u0627\u062a \u0627\u0644\u063a\u0630\u0627\u0626\u064a\u0629\u060c \u0627\u0644\u0635\u062d\u0629 \u0648\u0627\u0644\u062c\u0645\u0627\u0644 \u0641\u064a \u0627\u0644\u0645\u063a\u0631\u0628","description":"\u0646\u0628\u064a\u0639 \u0641\u064a\u062a\u0627\u0645\u064a\u0646\u0627\u062a \u0648\u0645\u0643\u0645\u0644\u0627\u062a \u063a\u0630\u0627\u0626\u064a\u0629 \u0641\u0627\u062e\u0631\u0629 \u0645\u0646 \u0627\u0644\u0648\u0644\u0627\u064a\u0627\u062a \u0627\u0644\u0645\u062a\u062d\u062f\u0629 \u0627\u0644\u0623\u0645\u0631\u064a\u0643\u064a\u0629 \u0648\u0643\u0646\u062f\u0627 \u0648\u0646\u064a\u0648\u0632\u064a\u0644\u0646\u062f\u0627 \u0648\u0627\u0644\u0645\u063a\u0631\u0628 (\u0646\u0627\u0648 \u0641\u0648\u062f\u0632\u060c \u0633\u0648\u0644\u062c\u0627\u0631\u060c \u0645\u0627\u0646\u0648\u0643\u0627). \u062a\u0648\u0635\u064a\u0644 \u0633\u0631\u064a\u0639 \u0625\u0644\u0649 \u062c\u0645\u064a\u0639 \u0623\u0646\u062d\u0627\u0621 \u0627\u0644\u0645\u063a\u0631\u0628.","publisher":{"@id":"https:\/\/vitablanca.ma\/#organization"},"alternateName":"VitaBlanca.ma","potentialAction":[{"@type":"SearchAction","target":{"@type":"EntryPoint","urlTemplate":"https:\/\/vitablanca.ma\/?s={search_term_string}"},"query-input":{"@type":"PropertyValueSpecification","valueRequired":true,"valueName":"search_term_string"}}],"inLanguage":"ar"},{"@type":"Organization","@id":"https:\/\/vitablanca.ma\/#organization","name":"\u0641\u064a\u062a\u0627\u0628\u0644\u0627\u0646\u0643\u0627","url":"https:\/\/vitablanca.ma\/","logo":{"@type":"ImageObject","inLanguage":"ar","@id":"https:\/\/vitablanca.ma\/#\/schema\/logo\/image\/","url":"https:\/\/vitablanca.ma\/wp-content\/uploads\/2025\/05\/cropped-vitablanca.png","contentUrl":"https:\/\/vitablanca.ma\/wp-content\/uploads\/2025\/05\/cropped-vitablanca.png","width":360,"height":67,"caption":"VitaBlanca"},"image":{"@id":"https:\/\/vitablanca.ma\/#\/schema\/logo\/image\/"},"sameAs":["https:\/\/www.facebook.com\/profile.php?id=61576678196717","https:\/\/www.tiktok.com\/@vitablanca.ma","https:\/\/www.instagram.com\/vitablanca.ma\/"]}]}},"jetpack_sharing_enabled":true,"_links":{"self":[{"href":"https:\/\/vitablanca.ma\/ar\/wp-json\/wp\/v2\/product\/16528","targetHints":{"allow":["GET"]}}],"collection":[{"href":"https:\/\/vitablanca.ma\/ar\/wp-json\/wp\/v2\/product"}],"about":[{"href":"https:\/\/vitablanca.ma\/ar\/wp-json\/wp\/v2\/types\/product"}],"wp:featuredmedia":[{"embeddable":true,"href":"https:\/\/vitablanca.ma\/ar\/wp-json\/wp\/v2\/media\/16527"}],"wp:attachment":[{"href":"https:\/\/vitablanca.ma\/ar\/wp-json\/wp\/v2\/media?parent=16528"}],"wp:term":[{"taxonomy":"product_brand","embeddable":true,"href":"https:\/\/vitablanca.ma\/ar\/wp-json\/wp\/v2\/product_brand?post=16528"},{"taxonomy":"product_cat","embeddable":true,"href":"https:\/\/vitablanca.ma\/ar\/wp-json\/wp\/v2\/product_cat?post=16528"},{"taxonomy":"product_tag","embeddable":true,"href":"https:\/\/vitablanca.ma\/ar\/wp-json\/wp\/v2\/product_tag?post=16528"}],"curies":[{"name":"wp","href":"https:\/\/api.w.org\/{rel}","templated":true}]}}