{"id":16522,"date":"2025-06-10T16:43:59","date_gmt":"2025-06-10T16:43:59","guid":{"rendered":"https:\/\/vitablanca.ma\/product\/cerave-creme-hydratante-visage-spf50-52ml\/"},"modified":"2026-01-21T17:19:25","modified_gmt":"2026-01-21T17:19:25","slug":"cerave-creme-hydratante-visage-spf50-52ml","status":"publish","type":"product","link":"https:\/\/vitablanca.ma\/ar\/product-2\/cerave-creme-hydratante-visage-spf50-52ml\/","title":{"rendered":"\u0645\u0631\u0637\u0628 \u0627\u0644\u0648\u062c\u0647 \u0633\u064a\u0631\u0627\u0641\u064a \u0628\u0639\u0627\u0645\u0644 \u062d\u0645\u0627\u064a\u0629 \u0645\u0646 \u0627\u0644\u0634\u0645\u0633 50\u060c 52 \u0645\u0644"},"content":{"rendered":"<h2><span data-mce-fragment=\"1\">\u0643\u0631\u064a\u0645 \u0633\u064a\u0631\u0627\u0641\u064a SPF50 \u064a\u0631\u0637\u0628 \u0627\u0644\u0628\u0634\u0631\u0629 \u0637\u0648\u0627\u0644 \u0627\u0644\u064a\u0648\u0645\u060c \u0648\u064a\u0633\u0627\u0639\u062f \u0641\u064a \u0627\u0644\u062d\u0641\u0627\u0638 \u0639\u0644\u0649 \u0627\u0644\u062d\u0627\u062c\u0632 \u0627\u0644\u0648\u0627\u0642\u064a \u0644\u0644\u0648\u062c\u0647.<\/span><\/h2>\n<p><span data-mce-fragment=\"1\">\u0645\u0646 \u0627\u0644\u0639\u0627\u062f\u064a \u0625\u0644\u0649 \u0627\u0644\u062c\u0627\u0641<\/span><\/p>\n<h3><strong>\u0645\u062c\u0627\u0644 \u0627\u0644\u062a\u0637\u0628\u064a\u0642:<\/strong><\/h3>\n<p><strong>\u0648\u062c\u0647<\/strong><\/p>\n<p>\u0645\u064f\u0631\u0637\u0651\u0628 \u0627\u0644\u0648\u062c\u0647 CeraVe \u0628\u0639\u0627\u0645\u0644 \u062d\u0645\u0627\u064a\u0629 \u0645\u0646 \u0627\u0644\u0634\u0645\u0633 SPF50\u060c \u0627\u0644\u0645\u064f\u0637\u0648\u0651\u0631 \u0628\u0627\u0644\u062a\u0639\u0627\u0648\u0646 \u0645\u0639 \u0623\u0637\u0628\u0627\u0621 \u0627\u0644\u062c\u0644\u062f\u064a\u0629\u060c \u064a\u064f\u0648\u0641\u0651\u0631 \u062a\u0631\u0637\u064a\u0628\u064b\u0627 \u064a\u0648\u0645\u064a\u064b\u0627 \u0648\u062d\u0645\u0627\u064a\u0629 \u0645\u0646 \u0627\u0644\u0623\u0634\u0639\u0629 \u0641\u0648\u0642 \u0627\u0644\u0628\u0646\u0641\u0633\u062c\u064a\u0629\u060c \u0645\u0639 \u0627\u0644\u062d\u0641\u0627\u0638 \u0639\u0644\u0649 \u062d\u0627\u062c\u0632 \u0627\u0644\u0628\u0634\u0631\u0629 \u0627\u0644\u0648\u0627\u0642\u064a. \u0642\u0648\u0627\u0645\u0647 \u0627\u0644\u062e\u0641\u064a\u0641 \u0648\u063a\u064a\u0631 \u0627\u0644\u062f\u0647\u0646\u064a \u064a\u064f\u0648\u0641\u0651\u0631 \u062a\u0631\u0637\u064a\u0628\u064b\u0627 \u064a\u062f\u0648\u0645 \u0637\u0648\u0627\u0644 \u0627\u0644\u064a\u0648\u0645 \u0645\u0646 \u0623\u0648\u0644 \u0627\u0633\u062a\u062e\u062f\u0627\u0645.<\/p>\n<ul>\n<li>\u062b\u0644\u0627\u062b\u0629 \u0633\u064a\u0631\u0627\u0645\u064a\u062f\u0627\u062a \u0623\u0633\u0627\u0633\u064a\u0629 \u0644\u0644\u0645\u0633\u0627\u0639\u062f\u0629 \u0641\u064a \u0627\u0644\u062d\u0641\u0627\u0638 \u0639\u0644\u0649 \u062a\u0631\u0637\u064a\u0628 \u0627\u0644\u0628\u0634\u0631\u0629 \u0648\u0627\u0633\u062a\u0639\u0627\u062f\u0629 \u062d\u0627\u062c\u0632 \u0627\u0644\u062c\u0644\u062f.<\/li>\n<li>\u062a\u0642\u0646\u064a\u0629 MVE\u00ae \u062a\u063a\u0644\u0641 \u0627\u0644\u0645\u0643\u0648\u0646\u0627\u062a \u0627\u0644\u0646\u0634\u0637\u0629 \u0648\u062a\u0648\u0635\u0644\u0647\u0627 \u0628\u0627\u0633\u062a\u0645\u0631\u0627\u0631 \u0625\u0644\u0649 \u0627\u0644\u0628\u0634\u0631\u0629. \u0647\u0630\u0627 \u064a\u064f\u0639\u064a\u062f \u062d\u0627\u062c\u0632 \u0627\u0644\u0628\u0634\u0631\u0629 \u0648\u064a\u0631\u0637\u0628\u0647\u0627 \u0637\u0648\u0627\u0644 \u0627\u0644\u064a\u0648\u0645 \u0628\u0639\u062f \u0627\u0633\u062a\u062e\u062f\u0627\u0645 \u0648\u0627\u062d\u062f \u0641\u0642\u0637.<\/li>\n<\/ul>\n<h3>\u064a\u0633\u062a\u062e\u062f\u0645<\/h3>\n<section class=\"bg-white product-tabs tabs-container\">\n<div class=\"tabs-to-accordion basic-tabs tabs ui-tabs ui-widget ui-widget-content ui-corner-all\">\n<div id=\"tabs-3\" class=\"ui-tabs-panel ui-widget-content ui-corner-bottom\" role=\"tabpanel\" aria-hidden=\"false\" aria-labelledby=\"ui-id-1\">\n<div class=\"row\">\n<p>\u0636\u0639\u064a\u0647 \u0639\u0644\u0649 \u0627\u0644\u0648\u062c\u0647 \u0648\u0627\u0644\u0631\u0642\u0628\u0629 \u0635\u0628\u0627\u062d\u064b\u0627. \u062a\u062c\u0646\u0628\u064a \u0645\u0646\u0637\u0642\u0629 \u0627\u0644\u0639\u064a\u0646\u064a\u0646. \u0641\u064a \u062d\u0627\u0644 \u0645\u0644\u0627\u0645\u0633\u0629 \u0627\u0644\u0639\u064a\u0646\u064a\u0646\u060c \u0627\u0634\u0637\u0641\u064a\u0647\u0645\u0627 \u062c\u064a\u062f\u064b\u0627 \u0641\u0648\u0631\u064b\u0627.<\/p>\n<\/div>\n<\/div>\n<\/div>\n<\/section>\n<h3>\u0645\u0643\u0648\u0646\u0627\u062a<\/h3>\n<p>\u0645\u0627\u0621\u060c \u0647\u0648\u0645\u0648\u0633\u0627\u0644\u0627\u062a\u060c \u062c\u0644\u0633\u0631\u064a\u0646\u060c \u0623\u0648\u0643\u062a\u0648\u0643\u0631\u064a\u0644\u064a\u0646\u060c \u0633\u0627\u0644\u064a\u0633\u064a\u0644\u0627\u062a \u0625\u064a\u062b\u064a\u0644 \u0647\u0643\u0633\u064a\u0644\u060c \u0646\u064a\u0627\u0633\u064a\u0646\u0627\u0645\u064a\u062f\u060c \u0633\u064a\u0644\u064a\u0643\u0627\u060c \u0628\u0648\u062a\u064a\u0644 \u0645\u064a\u062b\u0648\u0643\u0633\u064a\u062f\u064a\u0628\u0646\u0632\u0648\u064a\u0644 \u0645\u064a\u062b\u0627\u0646\u060c \u062f\u0627\u064a\u0645\u064a\u062b\u064a\u0643\u0648\u0646\u060c \u0643\u062d\u0648\u0644 \u0633\u064a\u062a\u064a\u0631\u064a\u0644\u060c \u0633\u062a\u064a\u0631\u0627\u062a PEG-100\u060c \u0633\u062a\u064a\u0631\u0627\u062a \u062c\u0644\u0633\u0631\u064a\u0644\u060c \u0641\u064a\u0646\u0648\u0643\u0633\u064a \u0625\u064a\u062b\u0627\u0646\u0648\u0644\u060c \u062d\u0645\u0636 \u062f\u0647\u0646\u064a\u060c \u0645\u064a\u062b\u0648\u0633\u0644\u0641\u0627\u062a \u0628\u064a\u0647\u064a\u0646\u062a\u0631\u064a\u0645\u0648\u0646\u064a\u0648\u0645\u060c \u0643\u0627\u0628\u0631\u064a\u0644\u064a\u0644 \u062c\u0644\u064a\u0643\u0648\u0644\u060c \u062d\u0645\u0636 \u0627\u0644\u0628\u0627\u0644\u0645\u062a\u064a\u0643\u060c \u0628\u0648\u0644\u064a \u0623\u0643\u0631\u064a\u0644\u0648\u064a\u0644 \u062f\u064a\u0645\u064a\u062b\u064a\u0644 \u062a\u0648\u0631\u0627\u062a \u0627\u0644\u0623\u0645\u0648\u0646\u064a\u0648\u0645\u060c \u0643\u0648\u0644\u064a\u0633\u062a\u0631\u0648\u0644\u060c \u0643\u0627\u0631\u0628\u0648\u0645\u064a\u0631\u060c \u0625\u064a\u062b\u064a\u0644 \u0647\u0643\u0633\u064a\u0644 \u062c\u0644\u0633\u0631\u064a\u0646\u060c \u0633\u064a\u0631\u0627\u0645\u064a\u062f EOP<\/p>","protected":false},"excerpt":{"rendered":"<p>Cerave Cr\u00e8me\u00a0SPF50 Hydrate la peau toute la journ\u00e9e, aide \u00e0 pr\u00e9server la barri\u00e8re protectrice du visage. Normales \u00e0 S\u00e8ches Zone d&rsquo;application: Visage D\u00e9velopp\u00e9e avec des dermatologues, la cr\u00e8me hydratante visage SPF50 CeraVe hydrate au quotidien et offre une barri\u00e8re UV tout en aidant \u00e0 pr\u00e9server la barri\u00e8re protectrice de la peau. Sa texture l\u00e9g\u00e8re, non [&hellip;]<\/p>\n","protected":false},"featured_media":16520,"template":"","meta":{"om_disable_all_campaigns":false},"product_brand":[5980],"product_cat":[18],"product_tag":[],"class_list":{"0":"post-16522","1":"product","2":"type-product","3":"status-publish","4":"has-post-thumbnail","6":"product_brand-cerave-original-maroc-au-meilleur-prix","7":"product_cat-beaute-sante","9":"first","10":"instock","11":"sale","12":"taxable","13":"shipping-taxable","14":"purchasable","15":"product-type-simple"},"yoast_head":"<!-- This site is optimized with the Yoast SEO plugin v27.3 - https:\/\/yoast.com\/product\/yoast-seo-wordpress\/ -->\n<title>Cerave Cr\u00e8me Hydratante Visage SPF50 52ml - Maroc Prix<\/title>\n<meta name=\"description\" content=\"Cerave Cr\u00e8me Hydratante Visage SPF50 52ml\" \/>\n<meta name=\"robots\" content=\"index, follow, max-snippet:-1, max-image-preview:large, max-video-preview:-1\" \/>\n<link rel=\"canonical\" href=\"https:\/\/vitablanca.ma\/ar\/product-2\/cerave-creme-hydratante-visage-spf50-52ml\/\" \/>\n<meta property=\"og:locale\" content=\"ar_AR\" \/>\n<meta property=\"og:type\" content=\"article\" \/>\n<meta property=\"og:title\" content=\"Cerave Cr\u00e8me Hydratante Visage SPF50 52ml - Maroc Prix\" \/>\n<meta property=\"og:description\" content=\"Cerave Cr\u00e8me Hydratante Visage SPF50 52ml\" \/>\n<meta property=\"og:url\" content=\"https:\/\/vitablanca.ma\/ar\/product-2\/cerave-creme-hydratante-visage-spf50-52ml\/\" \/>\n<meta property=\"og:site_name\" content=\"Vitablanca.ma &ndash; Sant&eacute;, vitalit&eacute; et bien-&ecirc;tre pour tous les Marocains\" \/>\n<meta property=\"article:publisher\" content=\"https:\/\/www.facebook.com\/profile.php?id=61576678196717\" \/>\n<meta property=\"article:modified_time\" content=\"2026-01-21T17:19:25+00:00\" \/>\n<meta property=\"og:image\" content=\"https:\/\/vitablanca.ma\/wp-content\/uploads\/2025\/06\/Cerave-Creme-Hydratante-Visage-SPF50-52ml-nova-prapharmacie-maroc_ffc9913e-2a9b-4add-b1e5-bc400e704a08.jpg\" \/>\n\t<meta property=\"og:image:width\" content=\"1000\" \/>\n\t<meta property=\"og:image:height\" content=\"1000\" \/>\n\t<meta property=\"og:image:type\" content=\"image\/jpeg\" \/>\n<meta name=\"twitter:card\" content=\"summary_large_image\" \/>\n<meta name=\"twitter:label1\" content=\"\u0648\u0642\u062a \u0627\u0644\u0642\u0631\u0627\u0621\u0629 \u0627\u0644\u0645\u064f\u0642\u062f\u0651\u0631\" \/>\n\t<meta name=\"twitter:data1\" content=\"\u062f\u0642\u064a\u0642\u062a\u0627\u0646\" \/>\n<script type=\"application\/ld+json\" class=\"yoast-schema-graph\">{\"@context\":\"https:\\\/\\\/schema.org\",\"@graph\":[{\"@type\":[\"WebPage\",\"ItemPage\"],\"@id\":\"https:\\\/\\\/vitablanca.ma\\\/produit\\\/cerave-creme-hydratante-visage-spf50-52ml\\\/\",\"url\":\"https:\\\/\\\/vitablanca.ma\\\/produit\\\/cerave-creme-hydratante-visage-spf50-52ml\\\/\",\"name\":\"Cerave Cr\u00e8me Hydratante Visage SPF50 52ml - Maroc Prix\",\"isPartOf\":{\"@id\":\"https:\\\/\\\/vitablanca.ma\\\/#website\"},\"primaryImageOfPage\":{\"@id\":\"https:\\\/\\\/vitablanca.ma\\\/produit\\\/cerave-creme-hydratante-visage-spf50-52ml\\\/#primaryimage\"},\"image\":{\"@id\":\"https:\\\/\\\/vitablanca.ma\\\/produit\\\/cerave-creme-hydratante-visage-spf50-52ml\\\/#primaryimage\"},\"thumbnailUrl\":\"https:\\\/\\\/vitablanca.ma\\\/wp-content\\\/uploads\\\/2025\\\/06\\\/Cerave-Creme-Hydratante-Visage-SPF50-52ml-nova-prapharmacie-maroc_ffc9913e-2a9b-4add-b1e5-bc400e704a08.jpg\",\"datePublished\":\"2025-06-10T16:43:59+00:00\",\"dateModified\":\"2026-01-21T17:19:25+00:00\",\"description\":\"Cerave Cr\u00e8me Hydratante Visage SPF50 52ml\",\"breadcrumb\":{\"@id\":\"https:\\\/\\\/vitablanca.ma\\\/produit\\\/cerave-creme-hydratante-visage-spf50-52ml\\\/#breadcrumb\"},\"inLanguage\":\"ar\",\"potentialAction\":[{\"@type\":\"ReadAction\",\"target\":[\"https:\\\/\\\/vitablanca.ma\\\/produit\\\/cerave-creme-hydratante-visage-spf50-52ml\\\/\"]}]},{\"@type\":\"ImageObject\",\"inLanguage\":\"ar\",\"@id\":\"https:\\\/\\\/vitablanca.ma\\\/produit\\\/cerave-creme-hydratante-visage-spf50-52ml\\\/#primaryimage\",\"url\":\"https:\\\/\\\/vitablanca.ma\\\/wp-content\\\/uploads\\\/2025\\\/06\\\/Cerave-Creme-Hydratante-Visage-SPF50-52ml-nova-prapharmacie-maroc_ffc9913e-2a9b-4add-b1e5-bc400e704a08.jpg\",\"contentUrl\":\"https:\\\/\\\/vitablanca.ma\\\/wp-content\\\/uploads\\\/2025\\\/06\\\/Cerave-Creme-Hydratante-Visage-SPF50-52ml-nova-prapharmacie-maroc_ffc9913e-2a9b-4add-b1e5-bc400e704a08.jpg\",\"width\":1000,\"height\":1000},{\"@type\":\"BreadcrumbList\",\"@id\":\"https:\\\/\\\/vitablanca.ma\\\/produit\\\/cerave-creme-hydratante-visage-spf50-52ml\\\/#breadcrumb\",\"itemListElement\":[{\"@type\":\"ListItem\",\"position\":1,\"name\":\"Home\",\"item\":\"https:\\\/\\\/vitablanca.ma\\\/\"},{\"@type\":\"ListItem\",\"position\":2,\"name\":\"Tous Les Produits\",\"item\":\"https:\\\/\\\/vitablanca.ma\\\/tous-les-produits\\\/\"},{\"@type\":\"ListItem\",\"position\":3,\"name\":\"Cerave Cr\u00e8me Hydratante Visage SPF50 52ml\"}]},{\"@type\":\"WebSite\",\"@id\":\"https:\\\/\\\/vitablanca.ma\\\/#website\",\"url\":\"https:\\\/\\\/vitablanca.ma\\\/\",\"name\":\"VitaBlanca.ma | Compl\u00e9ments alimentaires, sant\u00e9 & beaut\u00e9 au Maroc\",\"description\":\"vendre vitamines et compl\u00e9ments premium des USA &amp; Canada, Nouvelle Z\u00e9lande,Maroc (NOW Foods, Solgar, Manuka). Livraison rapide partout au Maroc.\",\"publisher\":{\"@id\":\"https:\\\/\\\/vitablanca.ma\\\/#organization\"},\"alternateName\":\"VitaBlanca.ma\",\"potentialAction\":[{\"@type\":\"SearchAction\",\"target\":{\"@type\":\"EntryPoint\",\"urlTemplate\":\"https:\\\/\\\/vitablanca.ma\\\/?s={search_term_string}\"},\"query-input\":{\"@type\":\"PropertyValueSpecification\",\"valueRequired\":true,\"valueName\":\"search_term_string\"}}],\"inLanguage\":\"ar\"},{\"@type\":\"Organization\",\"@id\":\"https:\\\/\\\/vitablanca.ma\\\/#organization\",\"name\":\"VitaBlanca\",\"url\":\"https:\\\/\\\/vitablanca.ma\\\/\",\"logo\":{\"@type\":\"ImageObject\",\"inLanguage\":\"ar\",\"@id\":\"https:\\\/\\\/vitablanca.ma\\\/#\\\/schema\\\/logo\\\/image\\\/\",\"url\":\"https:\\\/\\\/vitablanca.ma\\\/wp-content\\\/uploads\\\/2025\\\/05\\\/cropped-vitablanca.png\",\"contentUrl\":\"https:\\\/\\\/vitablanca.ma\\\/wp-content\\\/uploads\\\/2025\\\/05\\\/cropped-vitablanca.png\",\"width\":360,\"height\":67,\"caption\":\"VitaBlanca\"},\"image\":{\"@id\":\"https:\\\/\\\/vitablanca.ma\\\/#\\\/schema\\\/logo\\\/image\\\/\"},\"sameAs\":[\"https:\\\/\\\/www.facebook.com\\\/profile.php?id=61576678196717\",\"https:\\\/\\\/www.tiktok.com\\\/@vitablanca.ma\",\"https:\\\/\\\/www.instagram.com\\\/vitablanca.ma\\\/\"]}]}<\/script>\n<!-- \/ Yoast SEO plugin. -->","yoast_head_json":{"title":"\u0643\u0631\u064a\u0645 \u0645\u0631\u0637\u0628 \u0644\u0644\u0648\u062c\u0647 \u0645\u0646 \u0633\u064a\u0631\u0627\u0641\u064a \u0628\u0639\u0627\u0645\u0644 \u062d\u0645\u0627\u064a\u0629 \u0645\u0646 \u0627\u0644\u0634\u0645\u0633 \u0665\u0660\u060c \u0665\u0662 \u0645\u0644 - \u0633\u0639\u0631 \u0627\u0644\u0645\u063a\u0631\u0628","description":"\u0645\u0631\u0637\u0628 \u0627\u0644\u0648\u062c\u0647 \u0633\u064a\u0631\u0627\u0641\u064a \u0628\u0639\u0627\u0645\u0644 \u062d\u0645\u0627\u064a\u0629 \u0645\u0646 \u0627\u0644\u0634\u0645\u0633 50\u060c 52 \u0645\u0644","robots":{"index":"index","follow":"follow","max-snippet":"max-snippet:-1","max-image-preview":"max-image-preview:large","max-video-preview":"max-video-preview:-1"},"canonical":"https:\/\/vitablanca.ma\/ar\/product-2\/cerave-creme-hydratante-visage-spf50-52ml\/","og_locale":"ar_AR","og_type":"article","og_title":"Cerave Cr\u00e8me Hydratante Visage SPF50 52ml - Maroc Prix","og_description":"Cerave Cr\u00e8me Hydratante Visage SPF50 52ml","og_url":"https:\/\/vitablanca.ma\/ar\/product-2\/cerave-creme-hydratante-visage-spf50-52ml\/","og_site_name":"Vitablanca.ma &ndash; Sant&eacute;, vitalit&eacute; et bien-&ecirc;tre pour tous les Marocains","article_publisher":"https:\/\/www.facebook.com\/profile.php?id=61576678196717","article_modified_time":"2026-01-21T17:19:25+00:00","og_image":[{"width":1000,"height":1000,"url":"https:\/\/vitablanca.ma\/wp-content\/uploads\/2025\/06\/Cerave-Creme-Hydratante-Visage-SPF50-52ml-nova-prapharmacie-maroc_ffc9913e-2a9b-4add-b1e5-bc400e704a08.jpg","type":"image\/jpeg"}],"twitter_card":"summary_large_image","twitter_misc":{"\u0648\u0642\u062a \u0627\u0644\u0642\u0631\u0627\u0621\u0629 \u0627\u0644\u0645\u064f\u0642\u062f\u0651\u0631":"\u062f\u0642\u064a\u0642\u062a\u0627\u0646"},"schema":{"@context":"https:\/\/schema.org","@graph":[{"@type":["WebPage","ItemPage"],"@id":"https:\/\/vitablanca.ma\/produit\/cerave-creme-hydratante-visage-spf50-52ml\/","url":"https:\/\/vitablanca.ma\/produit\/cerave-creme-hydratante-visage-spf50-52ml\/","name":"\u0643\u0631\u064a\u0645 \u0645\u0631\u0637\u0628 \u0644\u0644\u0648\u062c\u0647 \u0645\u0646 \u0633\u064a\u0631\u0627\u0641\u064a \u0628\u0639\u0627\u0645\u0644 \u062d\u0645\u0627\u064a\u0629 \u0645\u0646 \u0627\u0644\u0634\u0645\u0633 \u0665\u0660\u060c \u0665\u0662 \u0645\u0644 - \u0633\u0639\u0631 \u0627\u0644\u0645\u063a\u0631\u0628","isPartOf":{"@id":"https:\/\/vitablanca.ma\/#website"},"primaryImageOfPage":{"@id":"https:\/\/vitablanca.ma\/produit\/cerave-creme-hydratante-visage-spf50-52ml\/#primaryimage"},"image":{"@id":"https:\/\/vitablanca.ma\/produit\/cerave-creme-hydratante-visage-spf50-52ml\/#primaryimage"},"thumbnailUrl":"https:\/\/vitablanca.ma\/wp-content\/uploads\/2025\/06\/Cerave-Creme-Hydratante-Visage-SPF50-52ml-nova-prapharmacie-maroc_ffc9913e-2a9b-4add-b1e5-bc400e704a08.jpg","datePublished":"2025-06-10T16:43:59+00:00","dateModified":"2026-01-21T17:19:25+00:00","description":"\u0645\u0631\u0637\u0628 \u0627\u0644\u0648\u062c\u0647 \u0633\u064a\u0631\u0627\u0641\u064a \u0628\u0639\u0627\u0645\u0644 \u062d\u0645\u0627\u064a\u0629 \u0645\u0646 \u0627\u0644\u0634\u0645\u0633 50\u060c 52 \u0645\u0644","breadcrumb":{"@id":"https:\/\/vitablanca.ma\/produit\/cerave-creme-hydratante-visage-spf50-52ml\/#breadcrumb"},"inLanguage":"ar","potentialAction":[{"@type":"ReadAction","target":["https:\/\/vitablanca.ma\/produit\/cerave-creme-hydratante-visage-spf50-52ml\/"]}]},{"@type":"ImageObject","inLanguage":"ar","@id":"https:\/\/vitablanca.ma\/produit\/cerave-creme-hydratante-visage-spf50-52ml\/#primaryimage","url":"https:\/\/vitablanca.ma\/wp-content\/uploads\/2025\/06\/Cerave-Creme-Hydratante-Visage-SPF50-52ml-nova-prapharmacie-maroc_ffc9913e-2a9b-4add-b1e5-bc400e704a08.jpg","contentUrl":"https:\/\/vitablanca.ma\/wp-content\/uploads\/2025\/06\/Cerave-Creme-Hydratante-Visage-SPF50-52ml-nova-prapharmacie-maroc_ffc9913e-2a9b-4add-b1e5-bc400e704a08.jpg","width":1000,"height":1000},{"@type":"BreadcrumbList","@id":"https:\/\/vitablanca.ma\/produit\/cerave-creme-hydratante-visage-spf50-52ml\/#breadcrumb","itemListElement":[{"@type":"ListItem","position":1,"name":"Home","item":"https:\/\/vitablanca.ma\/"},{"@type":"ListItem","position":2,"name":"Tous Les Produits","item":"https:\/\/vitablanca.ma\/tous-les-produits\/"},{"@type":"ListItem","position":3,"name":"Cerave Cr\u00e8me Hydratante Visage SPF50 52ml"}]},{"@type":"WebSite","@id":"https:\/\/vitablanca.ma\/#website","url":"https:\/\/vitablanca.ma\/","name":"VitaBlanca.ma | \u0627\u0644\u0645\u0643\u0645\u0644\u0627\u062a \u0627\u0644\u063a\u0630\u0627\u0626\u064a\u0629\u060c \u0627\u0644\u0635\u062d\u0629 \u0648\u0627\u0644\u062c\u0645\u0627\u0644 \u0641\u064a \u0627\u0644\u0645\u063a\u0631\u0628","description":"\u0646\u0628\u064a\u0639 \u0641\u064a\u062a\u0627\u0645\u064a\u0646\u0627\u062a \u0648\u0645\u0643\u0645\u0644\u0627\u062a \u063a\u0630\u0627\u0626\u064a\u0629 \u0641\u0627\u062e\u0631\u0629 \u0645\u0646 \u0627\u0644\u0648\u0644\u0627\u064a\u0627\u062a \u0627\u0644\u0645\u062a\u062d\u062f\u0629 \u0627\u0644\u0623\u0645\u0631\u064a\u0643\u064a\u0629 \u0648\u0643\u0646\u062f\u0627 \u0648\u0646\u064a\u0648\u0632\u064a\u0644\u0646\u062f\u0627 \u0648\u0627\u0644\u0645\u063a\u0631\u0628 (\u0646\u0627\u0648 \u0641\u0648\u062f\u0632\u060c \u0633\u0648\u0644\u062c\u0627\u0631\u060c \u0645\u0627\u0646\u0648\u0643\u0627). \u062a\u0648\u0635\u064a\u0644 \u0633\u0631\u064a\u0639 \u0625\u0644\u0649 \u062c\u0645\u064a\u0639 \u0623\u0646\u062d\u0627\u0621 \u0627\u0644\u0645\u063a\u0631\u0628.","publisher":{"@id":"https:\/\/vitablanca.ma\/#organization"},"alternateName":"VitaBlanca.ma","potentialAction":[{"@type":"SearchAction","target":{"@type":"EntryPoint","urlTemplate":"https:\/\/vitablanca.ma\/?s={search_term_string}"},"query-input":{"@type":"PropertyValueSpecification","valueRequired":true,"valueName":"search_term_string"}}],"inLanguage":"ar"},{"@type":"Organization","@id":"https:\/\/vitablanca.ma\/#organization","name":"\u0641\u064a\u062a\u0627\u0628\u0644\u0627\u0646\u0643\u0627","url":"https:\/\/vitablanca.ma\/","logo":{"@type":"ImageObject","inLanguage":"ar","@id":"https:\/\/vitablanca.ma\/#\/schema\/logo\/image\/","url":"https:\/\/vitablanca.ma\/wp-content\/uploads\/2025\/05\/cropped-vitablanca.png","contentUrl":"https:\/\/vitablanca.ma\/wp-content\/uploads\/2025\/05\/cropped-vitablanca.png","width":360,"height":67,"caption":"VitaBlanca"},"image":{"@id":"https:\/\/vitablanca.ma\/#\/schema\/logo\/image\/"},"sameAs":["https:\/\/www.facebook.com\/profile.php?id=61576678196717","https:\/\/www.tiktok.com\/@vitablanca.ma","https:\/\/www.instagram.com\/vitablanca.ma\/"]}]}},"jetpack_sharing_enabled":true,"_links":{"self":[{"href":"https:\/\/vitablanca.ma\/ar\/wp-json\/wp\/v2\/product\/16522","targetHints":{"allow":["GET"]}}],"collection":[{"href":"https:\/\/vitablanca.ma\/ar\/wp-json\/wp\/v2\/product"}],"about":[{"href":"https:\/\/vitablanca.ma\/ar\/wp-json\/wp\/v2\/types\/product"}],"wp:featuredmedia":[{"embeddable":true,"href":"https:\/\/vitablanca.ma\/ar\/wp-json\/wp\/v2\/media\/16520"}],"wp:attachment":[{"href":"https:\/\/vitablanca.ma\/ar\/wp-json\/wp\/v2\/media?parent=16522"}],"wp:term":[{"taxonomy":"product_brand","embeddable":true,"href":"https:\/\/vitablanca.ma\/ar\/wp-json\/wp\/v2\/product_brand?post=16522"},{"taxonomy":"product_cat","embeddable":true,"href":"https:\/\/vitablanca.ma\/ar\/wp-json\/wp\/v2\/product_cat?post=16522"},{"taxonomy":"product_tag","embeddable":true,"href":"https:\/\/vitablanca.ma\/ar\/wp-json\/wp\/v2\/product_tag?post=16522"}],"curies":[{"name":"wp","href":"https:\/\/api.w.org\/{rel}","templated":true}]}}