{"id":16517,"date":"2025-06-10T16:43:54","date_gmt":"2025-06-10T16:43:54","guid":{"rendered":"https:\/\/vitablanca.ma\/product\/cerave-lait-hydratant\/"},"modified":"2026-01-21T17:19:25","modified_gmt":"2026-01-21T17:19:25","slug":"cerave-lait-hydratant","status":"publish","type":"product","link":"https:\/\/vitablanca.ma\/ar\/product-2\/cerave-lait-hydratant\/","title":{"rendered":"\u062d\u0644\u064a\u0628 \u0645\u0631\u0637\u0628 \u0633\u064a\u0631\u0627\u0641\u064a"},"content":{"rendered":"<div class=\"mobile-heading\" data-mce-fragment=\"1\">\n<h2 class=\"product-description\" data-mce-fragment=\"1\">\u062d\u0644\u064a\u0628 \u0645\u0631\u0637\u0628 \u0633\u064a\u0631\u0627\u0641\u064a\u060c \u064a\u0631\u0637\u0628 \u0627\u0644\u0628\u0634\u0631\u0629 \u0628\u0634\u0643\u0644 \u0645\u0633\u062a\u0645\u0631 \u0648\u064a\u0633\u0627\u0639\u062f \u0639\u0644\u0649 \u0627\u0633\u062a\u0639\u0627\u062f\u0629 \u0627\u0644\u062d\u0627\u062c\u0632 \u0627\u0644\u0648\u0627\u0642\u064a \u0644\u0644\u0628\u0634\u0631\u0629.<\/h2>\n<p><span>\u0645\u0646 \u0627\u0644\u0639\u0627\u062f\u064a \u0625\u0644\u0649 \u0627\u0644\u062c\u0627\u0641<\/span><\/p>\n<h3><strong>\u0645\u062c\u0627\u0644 \u0627\u0644\u062a\u0637\u0628\u064a\u0642<\/strong><\/h3>\n<p><strong>\u0627\u0644\u0648\u062c\u0647 \u0648\u0627\u0644\u062c\u0633\u0645<\/strong><br \/>\u0644\u0648\u0634\u0646 \u0633\u064a\u0631\u0627\u0641\u064a \u0627\u0644\u0645\u0631\u0637\u0628\u060c \u0627\u0644\u0645\u064f\u0637\u0648\u0651\u0631 \u0628\u0627\u0644\u062a\u0639\u0627\u0648\u0646 \u0645\u0639 \u0623\u0637\u0628\u0627\u0621 \u0627\u0644\u062c\u0644\u062f\u064a\u0629\u060c \u064a\u064f\u0631\u0637\u0628 \u0627\u0644\u0628\u0634\u0631\u0629 \u0628\u0641\u0639\u0627\u0644\u064a\u0629 \u0648\u064a\u064f\u0633\u0627\u0639\u062f \u0639\u0644\u0649 \u0627\u0633\u062a\u0639\u0627\u062f\u0629 \u062d\u0627\u062c\u0632\u0647\u0627 \u0627\u0644\u0648\u0627\u0642\u064a. \u0642\u0648\u0627\u0645\u0647 \u0627\u0644\u062e\u0641\u064a\u0641 \u0648\u063a\u064a\u0631 \u0627\u0644\u062f\u0647\u0646\u064a\u060c \u0627\u0644\u063a\u0646\u064a \u0628\u062b\u0644\u0627\u062b\u0629 \u0633\u064a\u0631\u0627\u0645\u064a\u062f\u0627\u062a \u0623\u0633\u0627\u0633\u064a\u0629 \u0648\u062d\u0645\u0636 \u0627\u0644\u0647\u064a\u0627\u0644\u0648\u0631\u0648\u0646\u064a\u0643\u060c \u064a\u064f\u0648\u0641\u0631 \u062a\u0631\u0637\u064a\u0628\u064b\u0627 \u064a\u062f\u0648\u0645 \u0637\u0648\u0627\u0644 \u0627\u0644\u064a\u0648\u0645 \u0645\u0646 \u0623\u0648\u0644 \u0627\u0633\u062a\u062e\u062f\u0627\u0645.<\/p>\n<h3><span>\u064a\u0633\u062a\u062e\u062f\u0645<\/span><\/h3>\n<p><span>\u064a\u064f\u0633\u062a\u062e\u062f\u0645 \u062d\u0633\u0628 \u0627\u0644\u062d\u0627\u062c\u0629. \u0644\u0644\u0628\u0627\u0644\u063a\u064a\u0646 \u0648\u0627\u0644\u0623\u0637\u0641\u0627\u0644. \u0644\u0627 \u064a\u064f\u0648\u0636\u0639 \u0639\u0644\u0649 \u0645\u0646\u0637\u0642\u0629 \u0627\u0644\u0639\u064a\u0646\u064a\u0646. \u0641\u064a \u062d\u0627\u0644\u0629 \u0645\u0644\u0627\u0645\u0633\u0629 \u0627\u0644\u0639\u064a\u0646\u064a\u0646\u060c \u0627\u0634\u0637\u0641\u0647\u0645\u0627 \u062c\u064a\u062f\u064b\u0627 \u0641\u0648\u0631\u064b\u0627.<\/span><\/p>\n<h3>\u0645\u0643\u0648\u0646\u0627\u062a<\/h3>\n<p>\u0645\u0627\u0621\u060c \u062c\u0644\u0633\u0631\u064a\u0646\u060c \u062b\u0644\u0627\u062b\u064a \u062c\u0644\u064a\u0633\u0631\u064a\u062f \u0627\u0644\u0643\u0627\u0628\u0631\u064a\u0644\u064a\u0643\/\u0627\u0644\u0643\u0627\u0628\u0631\u064a\u0643\u060c \u0643\u062d\u0648\u0644 \u0633\u064a\u062a\u064a\u0631\u064a\u0644\u060c \u0643\u062d\u0648\u0644 \u0633\u064a\u062a\u064a\u0644\u060c \u062b\u0646\u0627\u0626\u064a \u0645\u064a\u062b\u064a\u0643\u0648\u0646\u060c \u0641\u064a\u0646\u0648\u0643\u0633\u064a \u0625\u064a\u062b\u0627\u0646\u0648\u0644\u060c \u0628\u0648\u0644\u064a\u0633\u0648\u0631\u0628\u0627\u062a 20\u060c \u0633\u064a\u062a\u064a\u0631\u064a\u062b-20\u060c \u0645\u064a\u062b\u0648\u0633\u0644\u0641\u0627\u062a \u0628\u064a\u0647\u064a\u0646\u062a\u0631\u064a\u0645\u0648\u0646\u064a\u0648\u0645\u060c \u0628\u0648\u0644\u064a \u062c\u0644\u064a\u0633\u064a\u0631\u064a\u0644-3 \u062f\u064a\u0633\u0648\u0633\u062a\u064a\u0631\u0627\u062a\u060c \u0644\u0627\u0643\u062a\u064a\u0644\u0627\u062a \u0644\u0648\u0631\u0648\u064a\u0644 \u0627\u0644\u0635\u0648\u062f\u064a\u0648\u0645\u060c \u0625\u064a\u062b\u064a\u0644 \u0647\u0643\u0633\u064a\u0644 \u062c\u0644\u0633\u0631\u064a\u0646\u060c \u0641\u0648\u0633\u0641\u0627\u062a \u0627\u0644\u0628\u0648\u062a\u0627\u0633\u064a\u0648\u0645\u060c \u062b\u0646\u0627\u0626\u064a \u0635\u0648\u062f\u064a\u0648\u0645 \u0625\u064a\u062f\u064a\u062a\u0627\u060c \u062b\u0646\u0627\u0626\u064a \u0628\u0648\u062a\u0627\u0633\u064a\u0648\u0645 \u0641\u0648\u0633\u0641\u0627\u062a\u060c \u0633\u064a\u0631\u0627\u0645\u064a\u062f NP\u060c \u0633\u064a\u0631\u0627\u0645\u064a\u062f AP\u060c \u0641\u064a\u062a\u0648\u0633\u0641\u064a\u0646\u062c\u0648\u0632\u064a\u0646\u060c \u0643\u0648\u0644\u064a\u0633\u062a\u0631\u0648\u0644\u060c \u0635\u0645\u063a \u0632\u0627\u0646\u062b\u0627\u0646\u060c \u0643\u0627\u0631\u0628\u0648\u0645\u064a\u0631\u060c \u0647\u064a\u0627\u0644\u0648\u0631\u0648\u0646\u0627\u062a \u0627\u0644\u0635\u0648\u062f\u064a\u0648\u0645\u060c \u062a\u0648\u0643\u0648\u0641\u064a\u0631\u0648\u0644\u060c \u0633\u064a\u0631\u0627\u0645\u064a\u062f EOP<\/p>\n<\/div>","protected":false},"excerpt":{"rendered":"<p>Cerave Lait Hydratant, Hydrate la peau en continu et aide \u00e0 restaurer la barri\u00e8re protectrice de la peau. Normale \u00e0 S\u00e8che Zone d&rsquo;application Visage et CorpsDevelopp\u00e9 avec des dermatologues, le lait hydratant CeraVe hydrate efficacement tout en aidant \u00e0 restaurer la barri\u00e8re protectrice de la peau. Sa texture l\u00e9g\u00e8re et non grasse, enrichie aux 3 [&hellip;]<\/p>\n","protected":false},"featured_media":16516,"template":"","meta":{"om_disable_all_campaigns":false},"product_brand":[5980],"product_cat":[18],"product_tag":[],"class_list":{"0":"post-16517","1":"product","2":"type-product","3":"status-publish","4":"has-post-thumbnail","6":"product_brand-cerave-original-maroc-au-meilleur-prix","7":"product_cat-beaute-sante","9":"first","10":"instock","11":"sale","12":"taxable","13":"shipping-taxable","14":"purchasable","15":"product-type-variable"},"yoast_head":"<!-- This site is optimized with the Yoast SEO plugin v27.3 - https:\/\/yoast.com\/product\/yoast-seo-wordpress\/ -->\n<title>Cerave Lait Hydratant - Maroc Prix<\/title>\n<meta name=\"description\" content=\"Cerave Lait Hydratant\" \/>\n<meta name=\"robots\" content=\"index, follow, max-snippet:-1, max-image-preview:large, max-video-preview:-1\" \/>\n<link rel=\"canonical\" href=\"https:\/\/vitablanca.ma\/ar\/product-2\/cerave-lait-hydratant\/\" \/>\n<meta property=\"og:locale\" content=\"ar_AR\" \/>\n<meta property=\"og:type\" content=\"article\" \/>\n<meta property=\"og:title\" content=\"Cerave Lait Hydratant - Maroc Prix\" \/>\n<meta property=\"og:description\" content=\"Cerave Lait Hydratant\" \/>\n<meta property=\"og:url\" content=\"https:\/\/vitablanca.ma\/ar\/product-2\/cerave-lait-hydratant\/\" \/>\n<meta property=\"og:site_name\" content=\"Vitablanca.ma &ndash; Sant&eacute;, vitalit&eacute; et bien-&ecirc;tre pour tous les Marocains\" \/>\n<meta property=\"article:publisher\" content=\"https:\/\/www.facebook.com\/profile.php?id=61576678196717\" \/>\n<meta property=\"article:modified_time\" content=\"2026-01-21T17:19:25+00:00\" \/>\n<meta property=\"og:image\" content=\"https:\/\/vitablanca.ma\/wp-content\/uploads\/2025\/06\/cerave-creme-lavante-hydratante-peau-normale-a-seche-236ml-parapharmacie-prix-maroc4_2b4f0172-8f92-4906-93b4-a90168a85735.jpg\" \/>\n\t<meta property=\"og:image:width\" content=\"800\" \/>\n\t<meta property=\"og:image:height\" content=\"800\" \/>\n\t<meta property=\"og:image:type\" content=\"image\/jpeg\" \/>\n<meta name=\"twitter:card\" content=\"summary_large_image\" \/>\n<meta name=\"twitter:label1\" content=\"\u0648\u0642\u062a \u0627\u0644\u0642\u0631\u0627\u0621\u0629 \u0627\u0644\u0645\u064f\u0642\u062f\u0651\u0631\" \/>\n\t<meta name=\"twitter:data1\" content=\"\u062f\u0642\u064a\u0642\u0629 \u0648\u0627\u062d\u062f\u0629\" \/>\n<script type=\"application\/ld+json\" class=\"yoast-schema-graph\">{\"@context\":\"https:\\\/\\\/schema.org\",\"@graph\":[{\"@type\":[\"WebPage\",\"ItemPage\"],\"@id\":\"https:\\\/\\\/vitablanca.ma\\\/produit\\\/cerave-lait-hydratant\\\/\",\"url\":\"https:\\\/\\\/vitablanca.ma\\\/produit\\\/cerave-lait-hydratant\\\/\",\"name\":\"Cerave Lait Hydratant - Maroc Prix\",\"isPartOf\":{\"@id\":\"https:\\\/\\\/vitablanca.ma\\\/#website\"},\"primaryImageOfPage\":{\"@id\":\"https:\\\/\\\/vitablanca.ma\\\/produit\\\/cerave-lait-hydratant\\\/#primaryimage\"},\"image\":{\"@id\":\"https:\\\/\\\/vitablanca.ma\\\/produit\\\/cerave-lait-hydratant\\\/#primaryimage\"},\"thumbnailUrl\":\"https:\\\/\\\/vitablanca.ma\\\/wp-content\\\/uploads\\\/2025\\\/06\\\/cerave-creme-lavante-hydratante-peau-normale-a-seche-236ml-parapharmacie-prix-maroc4_2b4f0172-8f92-4906-93b4-a90168a85735.jpg\",\"datePublished\":\"2025-06-10T16:43:54+00:00\",\"dateModified\":\"2026-01-21T17:19:25+00:00\",\"description\":\"Cerave Lait Hydratant\",\"breadcrumb\":{\"@id\":\"https:\\\/\\\/vitablanca.ma\\\/produit\\\/cerave-lait-hydratant\\\/#breadcrumb\"},\"inLanguage\":\"ar\",\"potentialAction\":[{\"@type\":\"ReadAction\",\"target\":[\"https:\\\/\\\/vitablanca.ma\\\/produit\\\/cerave-lait-hydratant\\\/\"]}]},{\"@type\":\"ImageObject\",\"inLanguage\":\"ar\",\"@id\":\"https:\\\/\\\/vitablanca.ma\\\/produit\\\/cerave-lait-hydratant\\\/#primaryimage\",\"url\":\"https:\\\/\\\/vitablanca.ma\\\/wp-content\\\/uploads\\\/2025\\\/06\\\/cerave-creme-lavante-hydratante-peau-normale-a-seche-236ml-parapharmacie-prix-maroc4_2b4f0172-8f92-4906-93b4-a90168a85735.jpg\",\"contentUrl\":\"https:\\\/\\\/vitablanca.ma\\\/wp-content\\\/uploads\\\/2025\\\/06\\\/cerave-creme-lavante-hydratante-peau-normale-a-seche-236ml-parapharmacie-prix-maroc4_2b4f0172-8f92-4906-93b4-a90168a85735.jpg\",\"width\":800,\"height\":800},{\"@type\":\"BreadcrumbList\",\"@id\":\"https:\\\/\\\/vitablanca.ma\\\/produit\\\/cerave-lait-hydratant\\\/#breadcrumb\",\"itemListElement\":[{\"@type\":\"ListItem\",\"position\":1,\"name\":\"Home\",\"item\":\"https:\\\/\\\/vitablanca.ma\\\/\"},{\"@type\":\"ListItem\",\"position\":2,\"name\":\"Tous Les Produits\",\"item\":\"https:\\\/\\\/vitablanca.ma\\\/tous-les-produits\\\/\"},{\"@type\":\"ListItem\",\"position\":3,\"name\":\"Cerave Lait Hydratant\"}]},{\"@type\":\"WebSite\",\"@id\":\"https:\\\/\\\/vitablanca.ma\\\/#website\",\"url\":\"https:\\\/\\\/vitablanca.ma\\\/\",\"name\":\"VitaBlanca.ma | Compl\u00e9ments alimentaires, sant\u00e9 & beaut\u00e9 au Maroc\",\"description\":\"vendre vitamines et compl\u00e9ments premium des USA &amp; Canada, Nouvelle Z\u00e9lande,Maroc (NOW Foods, Solgar, Manuka). Livraison rapide partout au Maroc.\",\"publisher\":{\"@id\":\"https:\\\/\\\/vitablanca.ma\\\/#organization\"},\"alternateName\":\"VitaBlanca.ma\",\"potentialAction\":[{\"@type\":\"SearchAction\",\"target\":{\"@type\":\"EntryPoint\",\"urlTemplate\":\"https:\\\/\\\/vitablanca.ma\\\/?s={search_term_string}\"},\"query-input\":{\"@type\":\"PropertyValueSpecification\",\"valueRequired\":true,\"valueName\":\"search_term_string\"}}],\"inLanguage\":\"ar\"},{\"@type\":\"Organization\",\"@id\":\"https:\\\/\\\/vitablanca.ma\\\/#organization\",\"name\":\"VitaBlanca\",\"url\":\"https:\\\/\\\/vitablanca.ma\\\/\",\"logo\":{\"@type\":\"ImageObject\",\"inLanguage\":\"ar\",\"@id\":\"https:\\\/\\\/vitablanca.ma\\\/#\\\/schema\\\/logo\\\/image\\\/\",\"url\":\"https:\\\/\\\/vitablanca.ma\\\/wp-content\\\/uploads\\\/2025\\\/05\\\/cropped-vitablanca.png\",\"contentUrl\":\"https:\\\/\\\/vitablanca.ma\\\/wp-content\\\/uploads\\\/2025\\\/05\\\/cropped-vitablanca.png\",\"width\":360,\"height\":67,\"caption\":\"VitaBlanca\"},\"image\":{\"@id\":\"https:\\\/\\\/vitablanca.ma\\\/#\\\/schema\\\/logo\\\/image\\\/\"},\"sameAs\":[\"https:\\\/\\\/www.facebook.com\\\/profile.php?id=61576678196717\",\"https:\\\/\\\/www.tiktok.com\\\/@vitablanca.ma\",\"https:\\\/\\\/www.instagram.com\\\/vitablanca.ma\\\/\"]}]}<\/script>\n<!-- \/ Yoast SEO plugin. -->","yoast_head_json":{"title":"\u062d\u0644\u064a\u0628 \u0645\u0631\u0637\u0628 \u0633\u064a\u0631\u0627\u0641\u064a - \u0633\u0639\u0631 \u0627\u0644\u0645\u063a\u0631\u0628","description":"\u062d\u0644\u064a\u0628 \u0645\u0631\u0637\u0628 \u0633\u064a\u0631\u0627\u0641\u064a","robots":{"index":"index","follow":"follow","max-snippet":"max-snippet:-1","max-image-preview":"max-image-preview:large","max-video-preview":"max-video-preview:-1"},"canonical":"https:\/\/vitablanca.ma\/ar\/product-2\/cerave-lait-hydratant\/","og_locale":"ar_AR","og_type":"article","og_title":"Cerave Lait Hydratant - Maroc Prix","og_description":"Cerave Lait Hydratant","og_url":"https:\/\/vitablanca.ma\/ar\/product-2\/cerave-lait-hydratant\/","og_site_name":"Vitablanca.ma &ndash; Sant&eacute;, vitalit&eacute; et bien-&ecirc;tre pour tous les Marocains","article_publisher":"https:\/\/www.facebook.com\/profile.php?id=61576678196717","article_modified_time":"2026-01-21T17:19:25+00:00","og_image":[{"width":800,"height":800,"url":"https:\/\/vitablanca.ma\/wp-content\/uploads\/2025\/06\/cerave-creme-lavante-hydratante-peau-normale-a-seche-236ml-parapharmacie-prix-maroc4_2b4f0172-8f92-4906-93b4-a90168a85735.jpg","type":"image\/jpeg"}],"twitter_card":"summary_large_image","twitter_misc":{"\u0648\u0642\u062a \u0627\u0644\u0642\u0631\u0627\u0621\u0629 \u0627\u0644\u0645\u064f\u0642\u062f\u0651\u0631":"\u062f\u0642\u064a\u0642\u0629 \u0648\u0627\u062d\u062f\u0629"},"schema":{"@context":"https:\/\/schema.org","@graph":[{"@type":["WebPage","ItemPage"],"@id":"https:\/\/vitablanca.ma\/produit\/cerave-lait-hydratant\/","url":"https:\/\/vitablanca.ma\/produit\/cerave-lait-hydratant\/","name":"\u062d\u0644\u064a\u0628 \u0645\u0631\u0637\u0628 \u0633\u064a\u0631\u0627\u0641\u064a - \u0633\u0639\u0631 \u0627\u0644\u0645\u063a\u0631\u0628","isPartOf":{"@id":"https:\/\/vitablanca.ma\/#website"},"primaryImageOfPage":{"@id":"https:\/\/vitablanca.ma\/produit\/cerave-lait-hydratant\/#primaryimage"},"image":{"@id":"https:\/\/vitablanca.ma\/produit\/cerave-lait-hydratant\/#primaryimage"},"thumbnailUrl":"https:\/\/vitablanca.ma\/wp-content\/uploads\/2025\/06\/cerave-creme-lavante-hydratante-peau-normale-a-seche-236ml-parapharmacie-prix-maroc4_2b4f0172-8f92-4906-93b4-a90168a85735.jpg","datePublished":"2025-06-10T16:43:54+00:00","dateModified":"2026-01-21T17:19:25+00:00","description":"\u062d\u0644\u064a\u0628 \u0645\u0631\u0637\u0628 \u0633\u064a\u0631\u0627\u0641\u064a","breadcrumb":{"@id":"https:\/\/vitablanca.ma\/produit\/cerave-lait-hydratant\/#breadcrumb"},"inLanguage":"ar","potentialAction":[{"@type":"ReadAction","target":["https:\/\/vitablanca.ma\/produit\/cerave-lait-hydratant\/"]}]},{"@type":"ImageObject","inLanguage":"ar","@id":"https:\/\/vitablanca.ma\/produit\/cerave-lait-hydratant\/#primaryimage","url":"https:\/\/vitablanca.ma\/wp-content\/uploads\/2025\/06\/cerave-creme-lavante-hydratante-peau-normale-a-seche-236ml-parapharmacie-prix-maroc4_2b4f0172-8f92-4906-93b4-a90168a85735.jpg","contentUrl":"https:\/\/vitablanca.ma\/wp-content\/uploads\/2025\/06\/cerave-creme-lavante-hydratante-peau-normale-a-seche-236ml-parapharmacie-prix-maroc4_2b4f0172-8f92-4906-93b4-a90168a85735.jpg","width":800,"height":800},{"@type":"BreadcrumbList","@id":"https:\/\/vitablanca.ma\/produit\/cerave-lait-hydratant\/#breadcrumb","itemListElement":[{"@type":"ListItem","position":1,"name":"Home","item":"https:\/\/vitablanca.ma\/"},{"@type":"ListItem","position":2,"name":"Tous Les Produits","item":"https:\/\/vitablanca.ma\/tous-les-produits\/"},{"@type":"ListItem","position":3,"name":"Cerave Lait Hydratant"}]},{"@type":"WebSite","@id":"https:\/\/vitablanca.ma\/#website","url":"https:\/\/vitablanca.ma\/","name":"VitaBlanca.ma | \u0627\u0644\u0645\u0643\u0645\u0644\u0627\u062a \u0627\u0644\u063a\u0630\u0627\u0626\u064a\u0629\u060c \u0627\u0644\u0635\u062d\u0629 \u0648\u0627\u0644\u062c\u0645\u0627\u0644 \u0641\u064a \u0627\u0644\u0645\u063a\u0631\u0628","description":"\u0646\u0628\u064a\u0639 \u0641\u064a\u062a\u0627\u0645\u064a\u0646\u0627\u062a \u0648\u0645\u0643\u0645\u0644\u0627\u062a \u063a\u0630\u0627\u0626\u064a\u0629 \u0641\u0627\u062e\u0631\u0629 \u0645\u0646 \u0627\u0644\u0648\u0644\u0627\u064a\u0627\u062a \u0627\u0644\u0645\u062a\u062d\u062f\u0629 \u0627\u0644\u0623\u0645\u0631\u064a\u0643\u064a\u0629 \u0648\u0643\u0646\u062f\u0627 \u0648\u0646\u064a\u0648\u0632\u064a\u0644\u0646\u062f\u0627 \u0648\u0627\u0644\u0645\u063a\u0631\u0628 (\u0646\u0627\u0648 \u0641\u0648\u062f\u0632\u060c \u0633\u0648\u0644\u062c\u0627\u0631\u060c \u0645\u0627\u0646\u0648\u0643\u0627). \u062a\u0648\u0635\u064a\u0644 \u0633\u0631\u064a\u0639 \u0625\u0644\u0649 \u062c\u0645\u064a\u0639 \u0623\u0646\u062d\u0627\u0621 \u0627\u0644\u0645\u063a\u0631\u0628.","publisher":{"@id":"https:\/\/vitablanca.ma\/#organization"},"alternateName":"VitaBlanca.ma","potentialAction":[{"@type":"SearchAction","target":{"@type":"EntryPoint","urlTemplate":"https:\/\/vitablanca.ma\/?s={search_term_string}"},"query-input":{"@type":"PropertyValueSpecification","valueRequired":true,"valueName":"search_term_string"}}],"inLanguage":"ar"},{"@type":"Organization","@id":"https:\/\/vitablanca.ma\/#organization","name":"\u0641\u064a\u062a\u0627\u0628\u0644\u0627\u0646\u0643\u0627","url":"https:\/\/vitablanca.ma\/","logo":{"@type":"ImageObject","inLanguage":"ar","@id":"https:\/\/vitablanca.ma\/#\/schema\/logo\/image\/","url":"https:\/\/vitablanca.ma\/wp-content\/uploads\/2025\/05\/cropped-vitablanca.png","contentUrl":"https:\/\/vitablanca.ma\/wp-content\/uploads\/2025\/05\/cropped-vitablanca.png","width":360,"height":67,"caption":"VitaBlanca"},"image":{"@id":"https:\/\/vitablanca.ma\/#\/schema\/logo\/image\/"},"sameAs":["https:\/\/www.facebook.com\/profile.php?id=61576678196717","https:\/\/www.tiktok.com\/@vitablanca.ma","https:\/\/www.instagram.com\/vitablanca.ma\/"]}]}},"jetpack_sharing_enabled":true,"_links":{"self":[{"href":"https:\/\/vitablanca.ma\/ar\/wp-json\/wp\/v2\/product\/16517","targetHints":{"allow":["GET"]}}],"collection":[{"href":"https:\/\/vitablanca.ma\/ar\/wp-json\/wp\/v2\/product"}],"about":[{"href":"https:\/\/vitablanca.ma\/ar\/wp-json\/wp\/v2\/types\/product"}],"wp:featuredmedia":[{"embeddable":true,"href":"https:\/\/vitablanca.ma\/ar\/wp-json\/wp\/v2\/media\/16516"}],"wp:attachment":[{"href":"https:\/\/vitablanca.ma\/ar\/wp-json\/wp\/v2\/media?parent=16517"}],"wp:term":[{"taxonomy":"product_brand","embeddable":true,"href":"https:\/\/vitablanca.ma\/ar\/wp-json\/wp\/v2\/product_brand?post=16517"},{"taxonomy":"product_cat","embeddable":true,"href":"https:\/\/vitablanca.ma\/ar\/wp-json\/wp\/v2\/product_cat?post=16517"},{"taxonomy":"product_tag","embeddable":true,"href":"https:\/\/vitablanca.ma\/ar\/wp-json\/wp\/v2\/product_tag?post=16517"}],"curies":[{"name":"wp","href":"https:\/\/api.w.org\/{rel}","templated":true}]}}