{"id":16500,"date":"2025-06-10T16:43:37","date_gmt":"2025-06-10T16:43:37","guid":{"rendered":"https:\/\/vitablanca.ma\/product\/cetaphil-gel-creme-apaisant-453g\/"},"modified":"2026-01-21T19:31:34","modified_gmt":"2026-01-21T19:31:34","slug":"cetaphil-gel-creme-apaisant-453g","status":"publish","type":"product","link":"https:\/\/vitablanca.ma\/ar\/product-2\/cetaphil-gel-creme-apaisant-453g\/","title":{"rendered":"Cetaphil Gel Cr\u00e8me Apaisant 453g"},"content":{"rendered":"<h2>Cetaphil Gel Cr\u00e8me Apaisant<\/h2>\n<p>453g<\/p>\n<h3>\u0648\u0635\u0641:<\/h3>\n<p><span>Cette formule \u00e9prouv\u00e9e en clinique conf\u00e8re une protection durable \u00e0 la peau irrit\u00e9e, gerc\u00e9e ou fendill\u00e9e.<\/span><br \/><span>\u00a0<\/span><br \/><span>\u2022 Contient de l\u2019allanto\u00efne, de la vitamine E et de l\u2019alo\u00e8s nourrissant<\/span><br \/><span>\u2022 Hydratation de 48\u00a0heures<\/span><br \/><span>\u2022 La peau para\u00eet rafra\u00eechie et nourrie<\/span><br \/><span>\u2022 Produit test\u00e9 et recommand\u00e9 par des dermatologues<\/span><\/p>\n<h3>LES CARACT\u00c9RISTIQUES:<\/h3>\n<p>Restaurez la peau gerc\u00e9e, fendill\u00e9e ou irrit\u00e9e avec ce gel-cr\u00e8me apaisant. Hydratez-la pendant 48\u00a0heures, tout en lui donnant une sensation instantan\u00e9e de fra\u00eecheur et de douceur. Ce gel-cr\u00e8me prot\u00e8ge et nourrit la peau s\u00e8che, lui conf\u00e9rant douceur et \u00e9clat. Sa texture unique p\u00e9n\u00e8tre rapidement pour soulager imm\u00e9diatement. Prot\u00e8ge contre 5\u00a0signes de sensibilit\u00e9 cutan\u00e9e, soit la s\u00e9cheresse, les d\u00e9mangeaisons, la rugosit\u00e9, les tiraillements et l\u2019affaiblissement de la barri\u00e8re cutan\u00e9e.<\/p>\n<div class=\"row custom\">\n<div class=\"col-12 carousel-heading mb-1\">\n<h3 class=\"carousel-title brand-primary\">RITUEL:<\/h3>\n<\/div>\n<\/div>\n<div class=\"row justify-content-lg-center\">\n<div class=\"col-12 col-md-6 col-lg-4\">\n<div class=\"content-asset\">\n<div class=\"routine-item\">\n<p class=\"brand-primary\">Utilisez un nettoyant doux matin et soir<\/p>\n<p>Le nettoyant doux pour la peau contient maintenant de la glyc\u00e9rine hydratante, de la vitamine B3 et de la provitamine B5. Il \u00e9limine la salet\u00e9, le maquillage et les impuret\u00e9s en douceur, tout en pr\u00e9servant la barri\u00e8re d\u2019hydratation naturelle de la peau. Id\u00e9al pour les peaux sensibles normales \u00e0 s\u00e8ches.<\/p>\n<\/div>\n<\/div>\n<\/div>\n<div class=\"col-12 col-md-6 col-lg-4\">\n<div class=\"content-asset\">\n<div class=\"routine-item\">\n<p class=\"brand-primary\">Utilisez un nettoyant doux matin et soir<\/p>\n<p>Le nettoyant doux pour la peau contient maintenant de la glyc\u00e9rine hydratante, de la vitamine B3 et de la provitamine B5. Il \u00e9limine la salet\u00e9, le maquillage et les impuret\u00e9s en douceur, tout en pr\u00e9servant la barri\u00e8re d\u2019hydratation naturelle de la peau. Id\u00e9al pour les peaux sensibles normales \u00e0 s\u00e8ches.<img decoding=\"async\" title=\"\" src=\"https:\/\/www.cetaphil.ca\/on\/demandware.static\/-\/Sites-Galderma-CA-Library\/fr_CA\/v1686014044818\/Rectangle287.png\" alt=\"\"><\/p>\n<\/div>\n<p class=\"brand-primary\">Recommand\u00e9 par les dermatologues<\/p>\n<p>Le gel-cr\u00e8me apaisant est recommand\u00e9 par les dermatologues pour soulager les peaux s\u00e8ches, fendill\u00e9es et irrit\u00e9es. Le m\u00e9lange d\u2019alo\u00e8s, d\u2019allanto\u00efne et de vitamine E procure une protection durable.<\/p>\n<\/div>\n<\/div>\n<div class=\"col-12 col-md-6 col-lg-4\">\n<div class=\"content-asset\"><\/div>\n<\/div>\n<\/div>","protected":false},"excerpt":{"rendered":"<p>Cetaphil Gel Cr\u00e8me Apaisant 453g Description: Cette formule \u00e9prouv\u00e9e en clinique conf\u00e8re une protection durable \u00e0 la peau irrit\u00e9e, gerc\u00e9e ou fendill\u00e9e.\u00a0\u2022 Contient de l\u2019allanto\u00efne, de la vitamine E et de l\u2019alo\u00e8s nourrissant\u2022 Hydratation de 48\u00a0heures\u2022 La peau para\u00eet rafra\u00eechie et nourrie\u2022 Produit test\u00e9 et recommand\u00e9 par des dermatologues LES CARACT\u00c9RISTIQUES: Restaurez la peau gerc\u00e9e, [&hellip;]<\/p>\n","protected":false},"featured_media":16499,"template":"","meta":{"om_disable_all_campaigns":false},"product_brand":[5993],"product_cat":[18,15],"product_tag":[],"class_list":{"0":"post-16500","1":"product","2":"type-product","3":"status-publish","4":"has-post-thumbnail","6":"product_brand-cetaphil-maroc-prix","7":"product_cat-beaute-sante","8":"product_cat-beaute-sante-complements-alimentaires-soins-et-bien-etre-au-meilleur-prix","10":"first","11":"instock","12":"sale","13":"taxable","14":"shipping-taxable","15":"purchasable","16":"product-type-simple"},"yoast_head":"<!-- This site is optimized with the Yoast SEO plugin v27.3 - https:\/\/yoast.com\/product\/yoast-seo-wordpress\/ -->\n<title>Cetaphil Gel Cr\u00e8me Apaisant 453g - Maroc Prix<\/title>\n<meta name=\"description\" content=\"Cetaphil Gel Cr\u00e8me Apaisant 453g\" \/>\n<meta name=\"robots\" content=\"index, follow, max-snippet:-1, max-image-preview:large, max-video-preview:-1\" \/>\n<link rel=\"canonical\" href=\"https:\/\/vitablanca.ma\/ar\/product-2\/cetaphil-gel-creme-apaisant-453g\/\" \/>\n<meta property=\"og:locale\" content=\"ar_AR\" \/>\n<meta property=\"og:type\" content=\"article\" \/>\n<meta property=\"og:title\" content=\"Cetaphil Gel Cr\u00e8me Apaisant 453g - Maroc Prix\" \/>\n<meta property=\"og:description\" content=\"Cetaphil Gel Cr\u00e8me Apaisant 453g\" \/>\n<meta property=\"og:url\" content=\"https:\/\/vitablanca.ma\/ar\/product-2\/cetaphil-gel-creme-apaisant-453g\/\" \/>\n<meta property=\"og:site_name\" content=\"Vitablanca.ma &ndash; Sant&eacute;, vitalit&eacute; et bien-&ecirc;tre pour tous les Marocains\" \/>\n<meta property=\"article:publisher\" content=\"https:\/\/www.facebook.com\/profile.php?id=61576678196717\" \/>\n<meta property=\"article:modified_time\" content=\"2026-01-21T19:31:34+00:00\" \/>\n<meta property=\"og:image\" content=\"https:\/\/vitablanca.ma\/wp-content\/uploads\/2025\/06\/Cetaphil-Gel-Creme-Apaisant-453g-prix-maroc-parapharmacie-casablanca.jpg\" \/>\n\t<meta property=\"og:image:width\" content=\"1000\" \/>\n\t<meta property=\"og:image:height\" content=\"1000\" \/>\n\t<meta property=\"og:image:type\" content=\"image\/jpeg\" \/>\n<meta name=\"twitter:card\" content=\"summary_large_image\" \/>\n<meta name=\"twitter:label1\" content=\"\u0648\u0642\u062a \u0627\u0644\u0642\u0631\u0627\u0621\u0629 \u0627\u0644\u0645\u064f\u0642\u062f\u0651\u0631\" \/>\n\t<meta name=\"twitter:data1\" content=\"\u062f\u0642\u064a\u0642\u062a\u0627\u0646\" \/>\n<script type=\"application\/ld+json\" class=\"yoast-schema-graph\">{\"@context\":\"https:\\\/\\\/schema.org\",\"@graph\":[{\"@type\":[\"WebPage\",\"ItemPage\"],\"@id\":\"https:\\\/\\\/vitablanca.ma\\\/produit\\\/cetaphil-gel-creme-apaisant-453g\\\/\",\"url\":\"https:\\\/\\\/vitablanca.ma\\\/produit\\\/cetaphil-gel-creme-apaisant-453g\\\/\",\"name\":\"Cetaphil Gel Cr\u00e8me Apaisant 453g - Maroc Prix\",\"isPartOf\":{\"@id\":\"https:\\\/\\\/vitablanca.ma\\\/#website\"},\"primaryImageOfPage\":{\"@id\":\"https:\\\/\\\/vitablanca.ma\\\/produit\\\/cetaphil-gel-creme-apaisant-453g\\\/#primaryimage\"},\"image\":{\"@id\":\"https:\\\/\\\/vitablanca.ma\\\/produit\\\/cetaphil-gel-creme-apaisant-453g\\\/#primaryimage\"},\"thumbnailUrl\":\"https:\\\/\\\/vitablanca.ma\\\/wp-content\\\/uploads\\\/2025\\\/06\\\/Cetaphil-Gel-Creme-Apaisant-453g-prix-maroc-parapharmacie-casablanca.jpg\",\"datePublished\":\"2025-06-10T16:43:37+00:00\",\"dateModified\":\"2026-01-21T19:31:34+00:00\",\"description\":\"Cetaphil Gel Cr\u00e8me Apaisant 453g\",\"breadcrumb\":{\"@id\":\"https:\\\/\\\/vitablanca.ma\\\/produit\\\/cetaphil-gel-creme-apaisant-453g\\\/#breadcrumb\"},\"inLanguage\":\"ar\",\"potentialAction\":[{\"@type\":\"ReadAction\",\"target\":[\"https:\\\/\\\/vitablanca.ma\\\/produit\\\/cetaphil-gel-creme-apaisant-453g\\\/\"]}]},{\"@type\":\"ImageObject\",\"inLanguage\":\"ar\",\"@id\":\"https:\\\/\\\/vitablanca.ma\\\/produit\\\/cetaphil-gel-creme-apaisant-453g\\\/#primaryimage\",\"url\":\"https:\\\/\\\/vitablanca.ma\\\/wp-content\\\/uploads\\\/2025\\\/06\\\/Cetaphil-Gel-Creme-Apaisant-453g-prix-maroc-parapharmacie-casablanca.jpg\",\"contentUrl\":\"https:\\\/\\\/vitablanca.ma\\\/wp-content\\\/uploads\\\/2025\\\/06\\\/Cetaphil-Gel-Creme-Apaisant-453g-prix-maroc-parapharmacie-casablanca.jpg\",\"width\":1000,\"height\":1000},{\"@type\":\"BreadcrumbList\",\"@id\":\"https:\\\/\\\/vitablanca.ma\\\/produit\\\/cetaphil-gel-creme-apaisant-453g\\\/#breadcrumb\",\"itemListElement\":[{\"@type\":\"ListItem\",\"position\":1,\"name\":\"Home\",\"item\":\"https:\\\/\\\/vitablanca.ma\\\/\"},{\"@type\":\"ListItem\",\"position\":2,\"name\":\"Tous Les Produits\",\"item\":\"https:\\\/\\\/vitablanca.ma\\\/tous-les-produits\\\/\"},{\"@type\":\"ListItem\",\"position\":3,\"name\":\"Cetaphil Gel Cr\u00e8me Apaisant 453g\"}]},{\"@type\":\"WebSite\",\"@id\":\"https:\\\/\\\/vitablanca.ma\\\/#website\",\"url\":\"https:\\\/\\\/vitablanca.ma\\\/\",\"name\":\"VitaBlanca.ma | Compl\u00e9ments alimentaires, sant\u00e9 & beaut\u00e9 au Maroc\",\"description\":\"vendre vitamines et compl\u00e9ments premium des USA &amp; Canada, Nouvelle Z\u00e9lande,Maroc (NOW Foods, Solgar, Manuka). Livraison rapide partout au Maroc.\",\"publisher\":{\"@id\":\"https:\\\/\\\/vitablanca.ma\\\/#organization\"},\"alternateName\":\"VitaBlanca.ma\",\"potentialAction\":[{\"@type\":\"SearchAction\",\"target\":{\"@type\":\"EntryPoint\",\"urlTemplate\":\"https:\\\/\\\/vitablanca.ma\\\/?s={search_term_string}\"},\"query-input\":{\"@type\":\"PropertyValueSpecification\",\"valueRequired\":true,\"valueName\":\"search_term_string\"}}],\"inLanguage\":\"ar\"},{\"@type\":\"Organization\",\"@id\":\"https:\\\/\\\/vitablanca.ma\\\/#organization\",\"name\":\"VitaBlanca\",\"url\":\"https:\\\/\\\/vitablanca.ma\\\/\",\"logo\":{\"@type\":\"ImageObject\",\"inLanguage\":\"ar\",\"@id\":\"https:\\\/\\\/vitablanca.ma\\\/#\\\/schema\\\/logo\\\/image\\\/\",\"url\":\"https:\\\/\\\/vitablanca.ma\\\/wp-content\\\/uploads\\\/2025\\\/05\\\/cropped-vitablanca.png\",\"contentUrl\":\"https:\\\/\\\/vitablanca.ma\\\/wp-content\\\/uploads\\\/2025\\\/05\\\/cropped-vitablanca.png\",\"width\":360,\"height\":67,\"caption\":\"VitaBlanca\"},\"image\":{\"@id\":\"https:\\\/\\\/vitablanca.ma\\\/#\\\/schema\\\/logo\\\/image\\\/\"},\"sameAs\":[\"https:\\\/\\\/www.facebook.com\\\/profile.php?id=61576678196717\",\"https:\\\/\\\/www.tiktok.com\\\/@vitablanca.ma\",\"https:\\\/\\\/www.instagram.com\\\/vitablanca.ma\\\/\"]}]}<\/script>\n<!-- \/ Yoast SEO plugin. -->","yoast_head_json":{"title":"Cetaphil Gel Cr\u00e8me Apaisant 453g - Maroc Prix","description":"Cetaphil Gel Cr\u00e8me Apaisant 453g","robots":{"index":"index","follow":"follow","max-snippet":"max-snippet:-1","max-image-preview":"max-image-preview:large","max-video-preview":"max-video-preview:-1"},"canonical":"https:\/\/vitablanca.ma\/ar\/product-2\/cetaphil-gel-creme-apaisant-453g\/","og_locale":"ar_AR","og_type":"article","og_title":"Cetaphil Gel Cr\u00e8me Apaisant 453g - Maroc Prix","og_description":"Cetaphil Gel Cr\u00e8me Apaisant 453g","og_url":"https:\/\/vitablanca.ma\/ar\/product-2\/cetaphil-gel-creme-apaisant-453g\/","og_site_name":"Vitablanca.ma &ndash; Sant&eacute;, vitalit&eacute; et bien-&ecirc;tre pour tous les Marocains","article_publisher":"https:\/\/www.facebook.com\/profile.php?id=61576678196717","article_modified_time":"2026-01-21T19:31:34+00:00","og_image":[{"width":1000,"height":1000,"url":"https:\/\/vitablanca.ma\/wp-content\/uploads\/2025\/06\/Cetaphil-Gel-Creme-Apaisant-453g-prix-maroc-parapharmacie-casablanca.jpg","type":"image\/jpeg"}],"twitter_card":"summary_large_image","twitter_misc":{"\u0648\u0642\u062a \u0627\u0644\u0642\u0631\u0627\u0621\u0629 \u0627\u0644\u0645\u064f\u0642\u062f\u0651\u0631":"\u062f\u0642\u064a\u0642\u062a\u0627\u0646"},"schema":{"@context":"https:\/\/schema.org","@graph":[{"@type":["WebPage","ItemPage"],"@id":"https:\/\/vitablanca.ma\/produit\/cetaphil-gel-creme-apaisant-453g\/","url":"https:\/\/vitablanca.ma\/produit\/cetaphil-gel-creme-apaisant-453g\/","name":"Cetaphil Gel Cr\u00e8me Apaisant 453g - Maroc Prix","isPartOf":{"@id":"https:\/\/vitablanca.ma\/#website"},"primaryImageOfPage":{"@id":"https:\/\/vitablanca.ma\/produit\/cetaphil-gel-creme-apaisant-453g\/#primaryimage"},"image":{"@id":"https:\/\/vitablanca.ma\/produit\/cetaphil-gel-creme-apaisant-453g\/#primaryimage"},"thumbnailUrl":"https:\/\/vitablanca.ma\/wp-content\/uploads\/2025\/06\/Cetaphil-Gel-Creme-Apaisant-453g-prix-maroc-parapharmacie-casablanca.jpg","datePublished":"2025-06-10T16:43:37+00:00","dateModified":"2026-01-21T19:31:34+00:00","description":"Cetaphil Gel Cr\u00e8me Apaisant 453g","breadcrumb":{"@id":"https:\/\/vitablanca.ma\/produit\/cetaphil-gel-creme-apaisant-453g\/#breadcrumb"},"inLanguage":"ar","potentialAction":[{"@type":"ReadAction","target":["https:\/\/vitablanca.ma\/produit\/cetaphil-gel-creme-apaisant-453g\/"]}]},{"@type":"ImageObject","inLanguage":"ar","@id":"https:\/\/vitablanca.ma\/produit\/cetaphil-gel-creme-apaisant-453g\/#primaryimage","url":"https:\/\/vitablanca.ma\/wp-content\/uploads\/2025\/06\/Cetaphil-Gel-Creme-Apaisant-453g-prix-maroc-parapharmacie-casablanca.jpg","contentUrl":"https:\/\/vitablanca.ma\/wp-content\/uploads\/2025\/06\/Cetaphil-Gel-Creme-Apaisant-453g-prix-maroc-parapharmacie-casablanca.jpg","width":1000,"height":1000},{"@type":"BreadcrumbList","@id":"https:\/\/vitablanca.ma\/produit\/cetaphil-gel-creme-apaisant-453g\/#breadcrumb","itemListElement":[{"@type":"ListItem","position":1,"name":"Home","item":"https:\/\/vitablanca.ma\/"},{"@type":"ListItem","position":2,"name":"Tous Les Produits","item":"https:\/\/vitablanca.ma\/tous-les-produits\/"},{"@type":"ListItem","position":3,"name":"Cetaphil Gel Cr\u00e8me Apaisant 453g"}]},{"@type":"WebSite","@id":"https:\/\/vitablanca.ma\/#website","url":"https:\/\/vitablanca.ma\/","name":"VitaBlanca.ma | \u0627\u0644\u0645\u0643\u0645\u0644\u0627\u062a \u0627\u0644\u063a\u0630\u0627\u0626\u064a\u0629\u060c \u0627\u0644\u0635\u062d\u0629 \u0648\u0627\u0644\u062c\u0645\u0627\u0644 \u0641\u064a \u0627\u0644\u0645\u063a\u0631\u0628","description":"\u0646\u0628\u064a\u0639 \u0641\u064a\u062a\u0627\u0645\u064a\u0646\u0627\u062a \u0648\u0645\u0643\u0645\u0644\u0627\u062a \u063a\u0630\u0627\u0626\u064a\u0629 \u0641\u0627\u062e\u0631\u0629 \u0645\u0646 \u0627\u0644\u0648\u0644\u0627\u064a\u0627\u062a \u0627\u0644\u0645\u062a\u062d\u062f\u0629 \u0627\u0644\u0623\u0645\u0631\u064a\u0643\u064a\u0629 \u0648\u0643\u0646\u062f\u0627 \u0648\u0646\u064a\u0648\u0632\u064a\u0644\u0646\u062f\u0627 \u0648\u0627\u0644\u0645\u063a\u0631\u0628 (\u0646\u0627\u0648 \u0641\u0648\u062f\u0632\u060c \u0633\u0648\u0644\u062c\u0627\u0631\u060c \u0645\u0627\u0646\u0648\u0643\u0627). \u062a\u0648\u0635\u064a\u0644 \u0633\u0631\u064a\u0639 \u0625\u0644\u0649 \u062c\u0645\u064a\u0639 \u0623\u0646\u062d\u0627\u0621 \u0627\u0644\u0645\u063a\u0631\u0628.","publisher":{"@id":"https:\/\/vitablanca.ma\/#organization"},"alternateName":"VitaBlanca.ma","potentialAction":[{"@type":"SearchAction","target":{"@type":"EntryPoint","urlTemplate":"https:\/\/vitablanca.ma\/?s={search_term_string}"},"query-input":{"@type":"PropertyValueSpecification","valueRequired":true,"valueName":"search_term_string"}}],"inLanguage":"ar"},{"@type":"Organization","@id":"https:\/\/vitablanca.ma\/#organization","name":"\u0641\u064a\u062a\u0627\u0628\u0644\u0627\u0646\u0643\u0627","url":"https:\/\/vitablanca.ma\/","logo":{"@type":"ImageObject","inLanguage":"ar","@id":"https:\/\/vitablanca.ma\/#\/schema\/logo\/image\/","url":"https:\/\/vitablanca.ma\/wp-content\/uploads\/2025\/05\/cropped-vitablanca.png","contentUrl":"https:\/\/vitablanca.ma\/wp-content\/uploads\/2025\/05\/cropped-vitablanca.png","width":360,"height":67,"caption":"VitaBlanca"},"image":{"@id":"https:\/\/vitablanca.ma\/#\/schema\/logo\/image\/"},"sameAs":["https:\/\/www.facebook.com\/profile.php?id=61576678196717","https:\/\/www.tiktok.com\/@vitablanca.ma","https:\/\/www.instagram.com\/vitablanca.ma\/"]}]}},"jetpack_sharing_enabled":true,"_links":{"self":[{"href":"https:\/\/vitablanca.ma\/ar\/wp-json\/wp\/v2\/product\/16500","targetHints":{"allow":["GET"]}}],"collection":[{"href":"https:\/\/vitablanca.ma\/ar\/wp-json\/wp\/v2\/product"}],"about":[{"href":"https:\/\/vitablanca.ma\/ar\/wp-json\/wp\/v2\/types\/product"}],"wp:featuredmedia":[{"embeddable":true,"href":"https:\/\/vitablanca.ma\/ar\/wp-json\/wp\/v2\/media\/16499"}],"wp:attachment":[{"href":"https:\/\/vitablanca.ma\/ar\/wp-json\/wp\/v2\/media?parent=16500"}],"wp:term":[{"taxonomy":"product_brand","embeddable":true,"href":"https:\/\/vitablanca.ma\/ar\/wp-json\/wp\/v2\/product_brand?post=16500"},{"taxonomy":"product_cat","embeddable":true,"href":"https:\/\/vitablanca.ma\/ar\/wp-json\/wp\/v2\/product_cat?post=16500"},{"taxonomy":"product_tag","embeddable":true,"href":"https:\/\/vitablanca.ma\/ar\/wp-json\/wp\/v2\/product_tag?post=16500"}],"curies":[{"name":"wp","href":"https:\/\/api.w.org\/{rel}","templated":true}]}}