{"id":16491,"date":"2025-06-10T16:43:29","date_gmt":"2025-06-10T16:43:29","guid":{"rendered":"https:\/\/vitablanca.ma\/product\/cetaphil-daily-advance-lotion-225g\/"},"modified":"2026-01-21T19:31:34","modified_gmt":"2026-01-21T19:31:34","slug":"cetaphil-daily-advance-lotion-225g","status":"publish","type":"product","link":"https:\/\/vitablanca.ma\/ar\/product-2\/cetaphil-daily-advance-lotion-225g\/","title":{"rendered":"\u0644\u0648\u0634\u0646 \u0633\u064a\u062a\u0627\u0641\u064a\u0644 \u0627\u0644\u064a\u0648\u0645\u064a \u0627\u0644\u0645\u062a\u0642\u062f\u0645 225 \u062c\u0631\u0627\u0645"},"content":{"rendered":"<div id=\"shopify-section-template--15476718797030__product-details-tabs\" class=\"shopify-section\" data-mce-fragment=\"1\">\n<section class=\"sf-product__section sf-product__section-tabs acc-initialized\" data-section-type=\"tabs\" data-section-id=\"template--15476718797030__product-details-tabs\" data-mce-fragment=\"1\">\n<div class=\"container\" data-mce-fragment=\"1\">\n<div class=\"sf-tabs sf-tabs--responsive sf-pdt__accordion\" data-mce-fragment=\"1\">\n<div class=\"md:py-10\" data-mce-fragment=\"1\">\n<div class=\"sf__accordion-item sf-tab-content md:opacity-0 open active\" data-block-type=\"description\" data-mce-fragment=\"1\">\n<div class=\"sf__accordion-content max-height-set\" data-mce-fragment=\"1\">\n<div class=\"pb-8 prose\" data-mce-fragment=\"1\">\n<h2 data-mce-fragment=\"1\">\u0644\u0648\u0634\u0646 \u0633\u064a\u062a\u0627\u0641\u064a\u0644 \u0627\u0644\u064a\u0648\u0645\u064a \u0627\u0644\u0645\u062a\u0642\u062f\u0645\u00a0<\/h2>\n<div data-mce-fragment=\"1\">\u0644\u0648\u0634\u0646 \u0633\u064a\u062a\u0627\u0641\u064a\u0644 \u062f\u064a\u0644\u064a \u0623\u062f\u0641\u0627\u0646\u0633 \u0641\u0627\u0626\u0642 \u0627\u0644\u062a\u0631\u0637\u064a\u0628 \u0647\u0648 \u0644\u0648\u0634\u0646 \u063a\u0646\u064a \u0648\u0643\u0631\u064a\u0645\u064a\u060c \u0645\u064f\u0631\u0643\u0651\u0628 \u0628\u0632\u0628\u062f\u0629 \u0627\u0644\u0634\u064a\u0627 \u0644\u062a\u063a\u0630\u064a\u0629 \u0648\u062a\u0631\u0637\u064a\u0628 \u0648\u062d\u0645\u0627\u064a\u0629 \u0627\u0644\u0628\u0634\u0631\u0629 \u0627\u0644\u062c\u0627\u0641\u0629 \u0648\u0627\u0644\u062d\u0633\u0627\u0633\u0629 \u0639\u0644\u0649 \u0627\u0644\u0641\u0648\u0631. \u0635\u064f\u0645\u0651\u0645 \u0628\u0645\u0632\u064a\u062c \u0641\u0631\u064a\u062f \u0645\u0646 \u062e\u0645\u0633\u0629 \u0645\u0643\u0648\u0646\u0627\u062a \u0623\u0633\u0627\u0633\u064a\u0629 \u0644\u062a\u0631\u0637\u064a\u0628 \u0645\u0643\u062b\u0641 \u064a\u062f\u0648\u0645 24 \u0633\u0627\u0639\u0629. \u0647\u0630\u0627 \u0627\u0644\u0645\u0631\u0637\u0628 \u062e\u0641\u064a\u0641 \u0627\u0644\u0648\u0632\u0646 \u0648\u063a\u064a\u0631 \u062f\u0647\u0646\u064a\u060c \u064a\u064f\u0645\u062a\u0635 \u0628\u0633\u0647\u0648\u0644\u0629\u060c \u0648\u064a\u062a\u0631\u0643 \u0628\u0634\u0631\u062a\u0643 \u0646\u0627\u0639\u0645\u0629 \u0648\u0645\u0644\u0633\u0627\u0621.<\/div>\n<div data-mce-fragment=\"1\"><br data-mce-fragment=\"1\"><\/div>\n<div data-mce-fragment=\"1\">\u064a\u0633\u062a\u062e\u062f\u0645 \u0645\u0631\u0643\u0628 \u062a\u062c\u062f\u064a\u062f \u0627\u0644\u0628\u0634\u0631\u06295 (ERC5\u2122)\u060c \u0648\u0647\u0648 \u0645\u0632\u064a\u062c \u0641\u0631\u064a\u062f \u0645\u0646 \u062e\u0645\u0633\u0629 \u0645\u0643\u0648\u0646\u0627\u062a \u0631\u0626\u064a\u0633\u064a\u0629 \u062a\u062d\u0645\u064a \u0627\u0644\u0628\u0634\u0631\u0629 \u0627\u0644\u062c\u0627\u0641\u0629 \u0648\u062a\u0632\u064a\u062f \u0645\u0646 \u062a\u0631\u0637\u064a\u0628\u0647\u0627\u060c<\/div>\n<div data-mce-fragment=\"1\">\u064a\u0633\u0627\u0639\u062f \u0639\u0644\u0649 \u0627\u0633\u062a\u0639\u0627\u062f\u0629 \u062d\u0627\u062c\u0632 \u0627\u0644\u0631\u0637\u0648\u0628\u0629 \u0641\u064a \u0627\u0644\u0628\u0634\u0631\u0629\u060c<\/div>\n<div data-mce-fragment=\"1\">\u062b\u0628\u062a \u0633\u0631\u064a\u0631\u064a\u064b\u0627 \u0623\u0646\u0647 \u064a\u062d\u0645\u064a \u0627\u0644\u0628\u0634\u0631\u0629 \u0644\u0645\u062f\u0629 24 \u0633\u0627\u0639\u0629\u060c<\/div>\n<div data-mce-fragment=\"1\">\u0625\u0646\u0647 \u063a\u064a\u0631 \u0643\u0648\u0645\u064a\u062f\u0648\u063a\u064a\u0646\u064a\u0643 \u0648\u0644\u0627 \u064a\u062d\u062a\u0648\u064a \u0639\u0644\u0649 \u0639\u0637\u0631\u060c<\/div>\n<div data-mce-fragment=\"1\">\u062e\u0627\u0644\u064a \u0645\u0646 \u0627\u0644\u0628\u0627\u0631\u0627\u0628\u064a\u0646<\/div>\n<div data-mce-fragment=\"1\"><br data-mce-fragment=\"1\"><\/div>\n<h3 data-mce-fragment=\"1\"><strong data-mce-fragment=\"1\">\u0637\u0631\u064a\u0642\u0629 \u0627\u0644\u0627\u0633\u062a\u062e\u062f\u0627\u0645:<\/strong><\/h3>\n<div data-mce-fragment=\"1\">\n<div data-mce-fragment=\"1\">\u064a\u062a\u0645 \u0648\u0636\u0639\u0647 \u0628\u0633\u062e\u0627\u0621 \u0639\u0644\u0649 \u0627\u0644\u062c\u0644\u062f\u060c<\/div>\n<\/div>\n<\/div>\n<\/div>\n<\/div>\n<\/div>\n<\/div>\n<\/div>\n<\/section>\n<\/div>\n<div id=\"shopify-section-template--15476718797030__product-recommendations\" class=\"shopify-section\" data-mce-fragment=\"1\">\n<div class=\"opacity-0 transition-opacity product-recommendations sf-product__section opacity-100 initialized\" data-section-type=\"product-recommendations\" data-section-id=\"template--15476718797030__product-recommendations\" data-base-url=\"\/recommendations\/products\" data-product-id=\"7495740260582\" data-limit=\"8\" data-items=\"4\" data-enable-slider=\"true\" data-mce-fragment=\"1\">\n<div class=\"container\" data-mce-fragment=\"1\"><\/div>\n<\/div>\n<\/div>","protected":false},"excerpt":{"rendered":"<p>Cetaphil Daily Advance Lotion\u00a0 La Lotion ultra hydratante DailyAdvance Cetaphil est une lotion riche et cr\u00e9meuse, formul\u00e9e avec du beurre de karit\u00e9 pour nourrir, hydrater et prot\u00e9ger instantan\u00e9ment la peau s\u00e8che et sensible, Elle est formul\u00e9e avec une combinaison unique de cinq ingr\u00e9dients cl\u00e9s pour une hydratation intense pendant 24 heures, Cet hydratant l\u00e9ger et [&hellip;]<\/p>\n","protected":false},"featured_media":16490,"template":"","meta":{"om_disable_all_campaigns":false},"product_brand":[5993],"product_cat":[18,15],"product_tag":[],"class_list":{"0":"post-16491","1":"product","2":"type-product","3":"status-publish","4":"has-post-thumbnail","6":"product_brand-cetaphil-maroc-prix","7":"product_cat-beaute-sante","8":"product_cat-beaute-sante-complements-alimentaires-soins-et-bien-etre-au-meilleur-prix","10":"first","11":"instock","12":"sale","13":"taxable","14":"shipping-taxable","15":"purchasable","16":"product-type-simple"},"yoast_head":"<!-- This site is optimized with the Yoast SEO plugin v27.3 - https:\/\/yoast.com\/product\/yoast-seo-wordpress\/ -->\n<title>Cetaphil Daily Advance Lotion 225g - Maroc Prix<\/title>\n<meta name=\"description\" content=\"Cetaphil Daily Advance Lotion 225g\" \/>\n<meta name=\"robots\" content=\"index, follow, max-snippet:-1, max-image-preview:large, max-video-preview:-1\" \/>\n<link rel=\"canonical\" href=\"https:\/\/vitablanca.ma\/ar\/product-2\/cetaphil-daily-advance-lotion-225g\/\" \/>\n<meta property=\"og:locale\" content=\"ar_AR\" \/>\n<meta property=\"og:type\" content=\"article\" \/>\n<meta property=\"og:title\" content=\"Cetaphil Daily Advance Lotion 225g - Maroc Prix\" \/>\n<meta property=\"og:description\" content=\"Cetaphil Daily Advance Lotion 225g\" \/>\n<meta property=\"og:url\" content=\"https:\/\/vitablanca.ma\/ar\/product-2\/cetaphil-daily-advance-lotion-225g\/\" \/>\n<meta property=\"og:site_name\" content=\"Vitablanca.ma &ndash; Sant&eacute;, vitalit&eacute; et bien-&ecirc;tre pour tous les Marocains\" \/>\n<meta property=\"article:publisher\" content=\"https:\/\/www.facebook.com\/profile.php?id=61576678196717\" \/>\n<meta property=\"article:modified_time\" content=\"2026-01-21T19:31:34+00:00\" \/>\n<meta property=\"og:image\" content=\"https:\/\/vitablanca.ma\/wp-content\/uploads\/2025\/06\/Cetaphil-Daily-Advance-Lotion-225g-nova-para-casablanca.jpg\" \/>\n\t<meta property=\"og:image:width\" content=\"1000\" \/>\n\t<meta property=\"og:image:height\" content=\"1000\" \/>\n\t<meta property=\"og:image:type\" content=\"image\/jpeg\" \/>\n<meta name=\"twitter:card\" content=\"summary_large_image\" \/>\n<meta name=\"twitter:label1\" content=\"\u0648\u0642\u062a \u0627\u0644\u0642\u0631\u0627\u0621\u0629 \u0627\u0644\u0645\u064f\u0642\u062f\u0651\u0631\" \/>\n\t<meta name=\"twitter:data1\" content=\"\u062f\u0642\u064a\u0642\u0629 \u0648\u0627\u062d\u062f\u0629\" \/>\n<script type=\"application\/ld+json\" class=\"yoast-schema-graph\">{\"@context\":\"https:\\\/\\\/schema.org\",\"@graph\":[{\"@type\":[\"WebPage\",\"ItemPage\"],\"@id\":\"https:\\\/\\\/vitablanca.ma\\\/produit\\\/cetaphil-daily-advance-lotion-225g\\\/\",\"url\":\"https:\\\/\\\/vitablanca.ma\\\/produit\\\/cetaphil-daily-advance-lotion-225g\\\/\",\"name\":\"Cetaphil Daily Advance Lotion 225g - Maroc Prix\",\"isPartOf\":{\"@id\":\"https:\\\/\\\/vitablanca.ma\\\/#website\"},\"primaryImageOfPage\":{\"@id\":\"https:\\\/\\\/vitablanca.ma\\\/produit\\\/cetaphil-daily-advance-lotion-225g\\\/#primaryimage\"},\"image\":{\"@id\":\"https:\\\/\\\/vitablanca.ma\\\/produit\\\/cetaphil-daily-advance-lotion-225g\\\/#primaryimage\"},\"thumbnailUrl\":\"https:\\\/\\\/vitablanca.ma\\\/wp-content\\\/uploads\\\/2025\\\/06\\\/Cetaphil-Daily-Advance-Lotion-225g-nova-para-casablanca.jpg\",\"datePublished\":\"2025-06-10T16:43:29+00:00\",\"dateModified\":\"2026-01-21T19:31:34+00:00\",\"description\":\"Cetaphil Daily Advance Lotion 225g\",\"breadcrumb\":{\"@id\":\"https:\\\/\\\/vitablanca.ma\\\/produit\\\/cetaphil-daily-advance-lotion-225g\\\/#breadcrumb\"},\"inLanguage\":\"ar\",\"potentialAction\":[{\"@type\":\"ReadAction\",\"target\":[\"https:\\\/\\\/vitablanca.ma\\\/produit\\\/cetaphil-daily-advance-lotion-225g\\\/\"]}]},{\"@type\":\"ImageObject\",\"inLanguage\":\"ar\",\"@id\":\"https:\\\/\\\/vitablanca.ma\\\/produit\\\/cetaphil-daily-advance-lotion-225g\\\/#primaryimage\",\"url\":\"https:\\\/\\\/vitablanca.ma\\\/wp-content\\\/uploads\\\/2025\\\/06\\\/Cetaphil-Daily-Advance-Lotion-225g-nova-para-casablanca.jpg\",\"contentUrl\":\"https:\\\/\\\/vitablanca.ma\\\/wp-content\\\/uploads\\\/2025\\\/06\\\/Cetaphil-Daily-Advance-Lotion-225g-nova-para-casablanca.jpg\",\"width\":1000,\"height\":1000},{\"@type\":\"BreadcrumbList\",\"@id\":\"https:\\\/\\\/vitablanca.ma\\\/produit\\\/cetaphil-daily-advance-lotion-225g\\\/#breadcrumb\",\"itemListElement\":[{\"@type\":\"ListItem\",\"position\":1,\"name\":\"Home\",\"item\":\"https:\\\/\\\/vitablanca.ma\\\/\"},{\"@type\":\"ListItem\",\"position\":2,\"name\":\"Tous Les Produits\",\"item\":\"https:\\\/\\\/vitablanca.ma\\\/tous-les-produits\\\/\"},{\"@type\":\"ListItem\",\"position\":3,\"name\":\"Cetaphil Daily Advance Lotion 225g\"}]},{\"@type\":\"WebSite\",\"@id\":\"https:\\\/\\\/vitablanca.ma\\\/#website\",\"url\":\"https:\\\/\\\/vitablanca.ma\\\/\",\"name\":\"VitaBlanca.ma | Compl\u00e9ments alimentaires, sant\u00e9 & beaut\u00e9 au Maroc\",\"description\":\"vendre vitamines et compl\u00e9ments premium des USA &amp; Canada, Nouvelle Z\u00e9lande,Maroc (NOW Foods, Solgar, Manuka). Livraison rapide partout au Maroc.\",\"publisher\":{\"@id\":\"https:\\\/\\\/vitablanca.ma\\\/#organization\"},\"alternateName\":\"VitaBlanca.ma\",\"potentialAction\":[{\"@type\":\"SearchAction\",\"target\":{\"@type\":\"EntryPoint\",\"urlTemplate\":\"https:\\\/\\\/vitablanca.ma\\\/?s={search_term_string}\"},\"query-input\":{\"@type\":\"PropertyValueSpecification\",\"valueRequired\":true,\"valueName\":\"search_term_string\"}}],\"inLanguage\":\"ar\"},{\"@type\":\"Organization\",\"@id\":\"https:\\\/\\\/vitablanca.ma\\\/#organization\",\"name\":\"VitaBlanca\",\"url\":\"https:\\\/\\\/vitablanca.ma\\\/\",\"logo\":{\"@type\":\"ImageObject\",\"inLanguage\":\"ar\",\"@id\":\"https:\\\/\\\/vitablanca.ma\\\/#\\\/schema\\\/logo\\\/image\\\/\",\"url\":\"https:\\\/\\\/vitablanca.ma\\\/wp-content\\\/uploads\\\/2025\\\/05\\\/cropped-vitablanca.png\",\"contentUrl\":\"https:\\\/\\\/vitablanca.ma\\\/wp-content\\\/uploads\\\/2025\\\/05\\\/cropped-vitablanca.png\",\"width\":360,\"height\":67,\"caption\":\"VitaBlanca\"},\"image\":{\"@id\":\"https:\\\/\\\/vitablanca.ma\\\/#\\\/schema\\\/logo\\\/image\\\/\"},\"sameAs\":[\"https:\\\/\\\/www.facebook.com\\\/profile.php?id=61576678196717\",\"https:\\\/\\\/www.tiktok.com\\\/@vitablanca.ma\",\"https:\\\/\\\/www.instagram.com\\\/vitablanca.ma\\\/\"]}]}<\/script>\n<!-- \/ Yoast SEO plugin. -->","yoast_head_json":{"title":"\u0644\u0648\u0634\u0646 \u0633\u064a\u062a\u0627\u0641\u064a\u0644 \u0627\u0644\u064a\u0648\u0645\u064a \u0627\u0644\u0645\u062a\u0642\u062f\u0645 225 \u062c\u0645 - \u0633\u0639\u0631 \u0627\u0644\u0645\u063a\u0631\u0628","description":"\u0644\u0648\u0634\u0646 \u0633\u064a\u062a\u0627\u0641\u064a\u0644 \u0627\u0644\u064a\u0648\u0645\u064a \u0627\u0644\u0645\u062a\u0642\u062f\u0645 225 \u062c\u0631\u0627\u0645","robots":{"index":"index","follow":"follow","max-snippet":"max-snippet:-1","max-image-preview":"max-image-preview:large","max-video-preview":"max-video-preview:-1"},"canonical":"https:\/\/vitablanca.ma\/ar\/product-2\/cetaphil-daily-advance-lotion-225g\/","og_locale":"ar_AR","og_type":"article","og_title":"Cetaphil Daily Advance Lotion 225g - Maroc Prix","og_description":"Cetaphil Daily Advance Lotion 225g","og_url":"https:\/\/vitablanca.ma\/ar\/product-2\/cetaphil-daily-advance-lotion-225g\/","og_site_name":"Vitablanca.ma &ndash; Sant&eacute;, vitalit&eacute; et bien-&ecirc;tre pour tous les Marocains","article_publisher":"https:\/\/www.facebook.com\/profile.php?id=61576678196717","article_modified_time":"2026-01-21T19:31:34+00:00","og_image":[{"width":1000,"height":1000,"url":"https:\/\/vitablanca.ma\/wp-content\/uploads\/2025\/06\/Cetaphil-Daily-Advance-Lotion-225g-nova-para-casablanca.jpg","type":"image\/jpeg"}],"twitter_card":"summary_large_image","twitter_misc":{"\u0648\u0642\u062a \u0627\u0644\u0642\u0631\u0627\u0621\u0629 \u0627\u0644\u0645\u064f\u0642\u062f\u0651\u0631":"\u062f\u0642\u064a\u0642\u0629 \u0648\u0627\u062d\u062f\u0629"},"schema":{"@context":"https:\/\/schema.org","@graph":[{"@type":["WebPage","ItemPage"],"@id":"https:\/\/vitablanca.ma\/produit\/cetaphil-daily-advance-lotion-225g\/","url":"https:\/\/vitablanca.ma\/produit\/cetaphil-daily-advance-lotion-225g\/","name":"\u0644\u0648\u0634\u0646 \u0633\u064a\u062a\u0627\u0641\u064a\u0644 \u0627\u0644\u064a\u0648\u0645\u064a \u0627\u0644\u0645\u062a\u0642\u062f\u0645 225 \u062c\u0645 - \u0633\u0639\u0631 \u0627\u0644\u0645\u063a\u0631\u0628","isPartOf":{"@id":"https:\/\/vitablanca.ma\/#website"},"primaryImageOfPage":{"@id":"https:\/\/vitablanca.ma\/produit\/cetaphil-daily-advance-lotion-225g\/#primaryimage"},"image":{"@id":"https:\/\/vitablanca.ma\/produit\/cetaphil-daily-advance-lotion-225g\/#primaryimage"},"thumbnailUrl":"https:\/\/vitablanca.ma\/wp-content\/uploads\/2025\/06\/Cetaphil-Daily-Advance-Lotion-225g-nova-para-casablanca.jpg","datePublished":"2025-06-10T16:43:29+00:00","dateModified":"2026-01-21T19:31:34+00:00","description":"\u0644\u0648\u0634\u0646 \u0633\u064a\u062a\u0627\u0641\u064a\u0644 \u0627\u0644\u064a\u0648\u0645\u064a \u0627\u0644\u0645\u062a\u0642\u062f\u0645 225 \u062c\u0631\u0627\u0645","breadcrumb":{"@id":"https:\/\/vitablanca.ma\/produit\/cetaphil-daily-advance-lotion-225g\/#breadcrumb"},"inLanguage":"ar","potentialAction":[{"@type":"ReadAction","target":["https:\/\/vitablanca.ma\/produit\/cetaphil-daily-advance-lotion-225g\/"]}]},{"@type":"ImageObject","inLanguage":"ar","@id":"https:\/\/vitablanca.ma\/produit\/cetaphil-daily-advance-lotion-225g\/#primaryimage","url":"https:\/\/vitablanca.ma\/wp-content\/uploads\/2025\/06\/Cetaphil-Daily-Advance-Lotion-225g-nova-para-casablanca.jpg","contentUrl":"https:\/\/vitablanca.ma\/wp-content\/uploads\/2025\/06\/Cetaphil-Daily-Advance-Lotion-225g-nova-para-casablanca.jpg","width":1000,"height":1000},{"@type":"BreadcrumbList","@id":"https:\/\/vitablanca.ma\/produit\/cetaphil-daily-advance-lotion-225g\/#breadcrumb","itemListElement":[{"@type":"ListItem","position":1,"name":"Home","item":"https:\/\/vitablanca.ma\/"},{"@type":"ListItem","position":2,"name":"Tous Les Produits","item":"https:\/\/vitablanca.ma\/tous-les-produits\/"},{"@type":"ListItem","position":3,"name":"Cetaphil Daily Advance Lotion 225g"}]},{"@type":"WebSite","@id":"https:\/\/vitablanca.ma\/#website","url":"https:\/\/vitablanca.ma\/","name":"VitaBlanca.ma | \u0627\u0644\u0645\u0643\u0645\u0644\u0627\u062a \u0627\u0644\u063a\u0630\u0627\u0626\u064a\u0629\u060c \u0627\u0644\u0635\u062d\u0629 \u0648\u0627\u0644\u062c\u0645\u0627\u0644 \u0641\u064a \u0627\u0644\u0645\u063a\u0631\u0628","description":"\u0646\u0628\u064a\u0639 \u0641\u064a\u062a\u0627\u0645\u064a\u0646\u0627\u062a \u0648\u0645\u0643\u0645\u0644\u0627\u062a \u063a\u0630\u0627\u0626\u064a\u0629 \u0641\u0627\u062e\u0631\u0629 \u0645\u0646 \u0627\u0644\u0648\u0644\u0627\u064a\u0627\u062a \u0627\u0644\u0645\u062a\u062d\u062f\u0629 \u0627\u0644\u0623\u0645\u0631\u064a\u0643\u064a\u0629 \u0648\u0643\u0646\u062f\u0627 \u0648\u0646\u064a\u0648\u0632\u064a\u0644\u0646\u062f\u0627 \u0648\u0627\u0644\u0645\u063a\u0631\u0628 (\u0646\u0627\u0648 \u0641\u0648\u062f\u0632\u060c \u0633\u0648\u0644\u062c\u0627\u0631\u060c \u0645\u0627\u0646\u0648\u0643\u0627). \u062a\u0648\u0635\u064a\u0644 \u0633\u0631\u064a\u0639 \u0625\u0644\u0649 \u062c\u0645\u064a\u0639 \u0623\u0646\u062d\u0627\u0621 \u0627\u0644\u0645\u063a\u0631\u0628.","publisher":{"@id":"https:\/\/vitablanca.ma\/#organization"},"alternateName":"VitaBlanca.ma","potentialAction":[{"@type":"SearchAction","target":{"@type":"EntryPoint","urlTemplate":"https:\/\/vitablanca.ma\/?s={search_term_string}"},"query-input":{"@type":"PropertyValueSpecification","valueRequired":true,"valueName":"search_term_string"}}],"inLanguage":"ar"},{"@type":"Organization","@id":"https:\/\/vitablanca.ma\/#organization","name":"\u0641\u064a\u062a\u0627\u0628\u0644\u0627\u0646\u0643\u0627","url":"https:\/\/vitablanca.ma\/","logo":{"@type":"ImageObject","inLanguage":"ar","@id":"https:\/\/vitablanca.ma\/#\/schema\/logo\/image\/","url":"https:\/\/vitablanca.ma\/wp-content\/uploads\/2025\/05\/cropped-vitablanca.png","contentUrl":"https:\/\/vitablanca.ma\/wp-content\/uploads\/2025\/05\/cropped-vitablanca.png","width":360,"height":67,"caption":"VitaBlanca"},"image":{"@id":"https:\/\/vitablanca.ma\/#\/schema\/logo\/image\/"},"sameAs":["https:\/\/www.facebook.com\/profile.php?id=61576678196717","https:\/\/www.tiktok.com\/@vitablanca.ma","https:\/\/www.instagram.com\/vitablanca.ma\/"]}]}},"jetpack_sharing_enabled":true,"_links":{"self":[{"href":"https:\/\/vitablanca.ma\/ar\/wp-json\/wp\/v2\/product\/16491","targetHints":{"allow":["GET"]}}],"collection":[{"href":"https:\/\/vitablanca.ma\/ar\/wp-json\/wp\/v2\/product"}],"about":[{"href":"https:\/\/vitablanca.ma\/ar\/wp-json\/wp\/v2\/types\/product"}],"wp:featuredmedia":[{"embeddable":true,"href":"https:\/\/vitablanca.ma\/ar\/wp-json\/wp\/v2\/media\/16490"}],"wp:attachment":[{"href":"https:\/\/vitablanca.ma\/ar\/wp-json\/wp\/v2\/media?parent=16491"}],"wp:term":[{"taxonomy":"product_brand","embeddable":true,"href":"https:\/\/vitablanca.ma\/ar\/wp-json\/wp\/v2\/product_brand?post=16491"},{"taxonomy":"product_cat","embeddable":true,"href":"https:\/\/vitablanca.ma\/ar\/wp-json\/wp\/v2\/product_cat?post=16491"},{"taxonomy":"product_tag","embeddable":true,"href":"https:\/\/vitablanca.ma\/ar\/wp-json\/wp\/v2\/product_tag?post=16491"}],"curies":[{"name":"wp","href":"https:\/\/api.w.org\/{rel}","templated":true}]}}