{"id":16479,"date":"2025-06-10T16:43:14","date_gmt":"2025-06-10T16:43:14","guid":{"rendered":"https:\/\/vitablanca.ma\/product\/cetaphil-pro-eczema-lotion-hydratante-295ml\/"},"modified":"2026-01-21T19:31:35","modified_gmt":"2026-01-21T19:31:35","slug":"cetaphil-pro-eczema-lotion-hydratante-295ml","status":"publish","type":"product","link":"https:\/\/vitablanca.ma\/ar\/product-2\/cetaphil-pro-eczema-lotion-hydratante-295ml\/","title":{"rendered":"\u0644\u0648\u0634\u0646 \u0633\u064a\u062a\u0627\u0641\u064a\u0644 \u0628\u0631\u0648 \u0627\u0644\u0645\u0631\u0637\u0628 \u0644\u0644\u0623\u0643\u0632\u064a\u0645\u0627 295 \u0645\u0644"},"content":{"rendered":"<div id=\"shopify-section-template--15476718797030__product-details-tabs\" class=\"shopify-section\" data-mce-fragment=\"1\">\n<section class=\"sf-product__section sf-product__section-tabs acc-initialized\" data-section-type=\"tabs\" data-section-id=\"template--15476718797030__product-details-tabs\" data-mce-fragment=\"1\">\n<div class=\"container\" data-mce-fragment=\"1\">\n<div class=\"sf-tabs sf-tabs--responsive sf-pdt__accordion\" data-mce-fragment=\"1\">\n<div class=\"md:py-10\" data-mce-fragment=\"1\">\n<div class=\"sf__accordion-item sf-tab-content md:opacity-0 open active\" data-block-type=\"description\" data-mce-fragment=\"1\">\n<div class=\"sf__accordion-content\" data-mce-fragment=\"1\">\n<div class=\"pb-8 prose\" data-mce-fragment=\"1\">\n<h2 data-mce-fragment=\"1\">\n<span data-mce-fragment=\"1\">\u0633\u064a\u062a\u0627\u0641\u064a\u0644 \u0628\u0631\u0648 \u0644\u0644\u0623\u0643\u0632\u064a\u0645\u0627<\/span>\u00a0Lotion Hydratant pour le corps est formul\u00e9 pour les peaux atopiques.<\/h2>\n<p>La technologie de nettoyage Miracare\u00ae procure des huiles nourrissantes La technologie de la filaggrine am\u00e9liore la capacit\u00e9 de la peau \u00e0 retenir l&rsquo;hydratation Nettoyant sans savon, non dess\u00e9chant Hydrate et soulage la peau s\u00e8che qui d\u00e9mange<\/p>\n<h3>\u0637\u0644\u0628<\/h3>\n<p>Appliquez directement sur la peau mouill\u00e9e. \u00c9vitez le contour des yeux. Faites mousser en massant, rincez et s\u00e9chez la peau en tapotant. Pour des soins optimaux, suivez le lavage avec une cr\u00e8me hydratante, telle que la cr\u00e8me hydratante apaisante Hydratant Apaisement de l\u2019ecz\u00e9ma Cetaphil PRO RESTORADERM, pour retenir l&rsquo;humidit\u00e9<\/p>\n<\/div>\n<\/div>\n<\/div>\n<\/div>\n<\/div>\n<\/div>\n<\/section>\n<\/div>","protected":false},"excerpt":{"rendered":"<p>Cetaphil Pro Eczema\u00a0Lotion Hydratant pour le corps est formul\u00e9 pour les peaux atopiques. La technologie de nettoyage Miracare\u00ae procure des huiles nourrissantes La technologie de la filaggrine am\u00e9liore la capacit\u00e9 de la peau \u00e0 retenir l&rsquo;hydratation Nettoyant sans savon, non dess\u00e9chant Hydrate et soulage la peau s\u00e8che qui d\u00e9mange Application Appliquez directement sur la peau [&hellip;]<\/p>\n","protected":false},"featured_media":16478,"template":"","meta":{"om_disable_all_campaigns":false},"product_brand":[5993],"product_cat":[18,15],"product_tag":[],"class_list":{"0":"post-16479","1":"product","2":"type-product","3":"status-publish","4":"has-post-thumbnail","6":"product_brand-cetaphil-maroc-prix","7":"product_cat-beaute-sante","8":"product_cat-beaute-sante-complements-alimentaires-soins-et-bien-etre-au-meilleur-prix","10":"first","11":"instock","12":"sale","13":"taxable","14":"shipping-taxable","15":"purchasable","16":"product-type-simple"},"yoast_head":"<!-- This site is optimized with the Yoast SEO plugin v27.3 - https:\/\/yoast.com\/product\/yoast-seo-wordpress\/ -->\n<title>Cetaphil Pro Eczema Lotion hydratante 295ml - Maroc Prix<\/title>\n<meta name=\"description\" content=\"Cetaphil Pro Eczema Lotion hydratante 295ml\" \/>\n<meta name=\"robots\" content=\"index, follow, max-snippet:-1, max-image-preview:large, max-video-preview:-1\" \/>\n<link rel=\"canonical\" href=\"https:\/\/vitablanca.ma\/ar\/product-2\/cetaphil-pro-eczema-lotion-hydratante-295ml\/\" \/>\n<meta property=\"og:locale\" content=\"ar_AR\" \/>\n<meta property=\"og:type\" content=\"article\" \/>\n<meta property=\"og:title\" content=\"Cetaphil Pro Eczema Lotion hydratante 295ml - Maroc Prix\" \/>\n<meta property=\"og:description\" content=\"Cetaphil Pro Eczema Lotion hydratante 295ml\" \/>\n<meta property=\"og:url\" content=\"https:\/\/vitablanca.ma\/ar\/product-2\/cetaphil-pro-eczema-lotion-hydratante-295ml\/\" \/>\n<meta property=\"og:site_name\" content=\"Vitablanca.ma &ndash; Sant&eacute;, vitalit&eacute; et bien-&ecirc;tre pour tous les Marocains\" \/>\n<meta property=\"article:publisher\" content=\"https:\/\/www.facebook.com\/profile.php?id=61576678196717\" \/>\n<meta property=\"article:modified_time\" content=\"2026-01-21T19:31:35+00:00\" \/>\n<meta property=\"og:image\" content=\"https:\/\/vitablanca.ma\/wp-content\/uploads\/2025\/06\/Cetaphil-Pro-Eczema-295ml-nova-para-casablanca.jpg\" \/>\n\t<meta property=\"og:image:width\" content=\"1000\" \/>\n\t<meta property=\"og:image:height\" content=\"1000\" \/>\n\t<meta property=\"og:image:type\" content=\"image\/jpeg\" \/>\n<meta name=\"twitter:card\" content=\"summary_large_image\" \/>\n<meta name=\"twitter:label1\" content=\"\u0648\u0642\u062a \u0627\u0644\u0642\u0631\u0627\u0621\u0629 \u0627\u0644\u0645\u064f\u0642\u062f\u0651\u0631\" \/>\n\t<meta name=\"twitter:data1\" content=\"\u062f\u0642\u064a\u0642\u0629 \u0648\u0627\u062d\u062f\u0629\" \/>\n<script type=\"application\/ld+json\" class=\"yoast-schema-graph\">{\"@context\":\"https:\\\/\\\/schema.org\",\"@graph\":[{\"@type\":[\"WebPage\",\"ItemPage\"],\"@id\":\"https:\\\/\\\/vitablanca.ma\\\/produit\\\/cetaphil-pro-eczema-lotion-hydratante-295ml\\\/\",\"url\":\"https:\\\/\\\/vitablanca.ma\\\/produit\\\/cetaphil-pro-eczema-lotion-hydratante-295ml\\\/\",\"name\":\"Cetaphil Pro Eczema Lotion hydratante 295ml - Maroc Prix\",\"isPartOf\":{\"@id\":\"https:\\\/\\\/vitablanca.ma\\\/#website\"},\"primaryImageOfPage\":{\"@id\":\"https:\\\/\\\/vitablanca.ma\\\/produit\\\/cetaphil-pro-eczema-lotion-hydratante-295ml\\\/#primaryimage\"},\"image\":{\"@id\":\"https:\\\/\\\/vitablanca.ma\\\/produit\\\/cetaphil-pro-eczema-lotion-hydratante-295ml\\\/#primaryimage\"},\"thumbnailUrl\":\"https:\\\/\\\/vitablanca.ma\\\/wp-content\\\/uploads\\\/2025\\\/06\\\/Cetaphil-Pro-Eczema-295ml-nova-para-casablanca.jpg\",\"datePublished\":\"2025-06-10T16:43:14+00:00\",\"dateModified\":\"2026-01-21T19:31:35+00:00\",\"description\":\"Cetaphil Pro Eczema Lotion hydratante 295ml\",\"breadcrumb\":{\"@id\":\"https:\\\/\\\/vitablanca.ma\\\/produit\\\/cetaphil-pro-eczema-lotion-hydratante-295ml\\\/#breadcrumb\"},\"inLanguage\":\"ar\",\"potentialAction\":[{\"@type\":\"ReadAction\",\"target\":[\"https:\\\/\\\/vitablanca.ma\\\/produit\\\/cetaphil-pro-eczema-lotion-hydratante-295ml\\\/\"]}]},{\"@type\":\"ImageObject\",\"inLanguage\":\"ar\",\"@id\":\"https:\\\/\\\/vitablanca.ma\\\/produit\\\/cetaphil-pro-eczema-lotion-hydratante-295ml\\\/#primaryimage\",\"url\":\"https:\\\/\\\/vitablanca.ma\\\/wp-content\\\/uploads\\\/2025\\\/06\\\/Cetaphil-Pro-Eczema-295ml-nova-para-casablanca.jpg\",\"contentUrl\":\"https:\\\/\\\/vitablanca.ma\\\/wp-content\\\/uploads\\\/2025\\\/06\\\/Cetaphil-Pro-Eczema-295ml-nova-para-casablanca.jpg\",\"width\":1000,\"height\":1000},{\"@type\":\"BreadcrumbList\",\"@id\":\"https:\\\/\\\/vitablanca.ma\\\/produit\\\/cetaphil-pro-eczema-lotion-hydratante-295ml\\\/#breadcrumb\",\"itemListElement\":[{\"@type\":\"ListItem\",\"position\":1,\"name\":\"Home\",\"item\":\"https:\\\/\\\/vitablanca.ma\\\/\"},{\"@type\":\"ListItem\",\"position\":2,\"name\":\"Tous Les Produits\",\"item\":\"https:\\\/\\\/vitablanca.ma\\\/tous-les-produits\\\/\"},{\"@type\":\"ListItem\",\"position\":3,\"name\":\"Cetaphil Pro Eczema Lotion hydratante 295ml\"}]},{\"@type\":\"WebSite\",\"@id\":\"https:\\\/\\\/vitablanca.ma\\\/#website\",\"url\":\"https:\\\/\\\/vitablanca.ma\\\/\",\"name\":\"VitaBlanca.ma | Compl\u00e9ments alimentaires, sant\u00e9 & beaut\u00e9 au Maroc\",\"description\":\"vendre vitamines et compl\u00e9ments premium des USA &amp; Canada, Nouvelle Z\u00e9lande,Maroc (NOW Foods, Solgar, Manuka). Livraison rapide partout au Maroc.\",\"publisher\":{\"@id\":\"https:\\\/\\\/vitablanca.ma\\\/#organization\"},\"alternateName\":\"VitaBlanca.ma\",\"potentialAction\":[{\"@type\":\"SearchAction\",\"target\":{\"@type\":\"EntryPoint\",\"urlTemplate\":\"https:\\\/\\\/vitablanca.ma\\\/?s={search_term_string}\"},\"query-input\":{\"@type\":\"PropertyValueSpecification\",\"valueRequired\":true,\"valueName\":\"search_term_string\"}}],\"inLanguage\":\"ar\"},{\"@type\":\"Organization\",\"@id\":\"https:\\\/\\\/vitablanca.ma\\\/#organization\",\"name\":\"VitaBlanca\",\"url\":\"https:\\\/\\\/vitablanca.ma\\\/\",\"logo\":{\"@type\":\"ImageObject\",\"inLanguage\":\"ar\",\"@id\":\"https:\\\/\\\/vitablanca.ma\\\/#\\\/schema\\\/logo\\\/image\\\/\",\"url\":\"https:\\\/\\\/vitablanca.ma\\\/wp-content\\\/uploads\\\/2025\\\/05\\\/cropped-vitablanca.png\",\"contentUrl\":\"https:\\\/\\\/vitablanca.ma\\\/wp-content\\\/uploads\\\/2025\\\/05\\\/cropped-vitablanca.png\",\"width\":360,\"height\":67,\"caption\":\"VitaBlanca\"},\"image\":{\"@id\":\"https:\\\/\\\/vitablanca.ma\\\/#\\\/schema\\\/logo\\\/image\\\/\"},\"sameAs\":[\"https:\\\/\\\/www.facebook.com\\\/profile.php?id=61576678196717\",\"https:\\\/\\\/www.tiktok.com\\\/@vitablanca.ma\",\"https:\\\/\\\/www.instagram.com\\\/vitablanca.ma\\\/\"]}]}<\/script>\n<!-- \/ Yoast SEO plugin. -->","yoast_head_json":{"title":"Cetaphil Pro Eczema Lotion hydratante 295ml - Maroc Prix","description":"\u0644\u0648\u0634\u0646 \u0633\u064a\u062a\u0627\u0641\u064a\u0644 \u0628\u0631\u0648 \u0627\u0644\u0645\u0631\u0637\u0628 \u0644\u0644\u0623\u0643\u0632\u064a\u0645\u0627 295 \u0645\u0644","robots":{"index":"index","follow":"follow","max-snippet":"max-snippet:-1","max-image-preview":"max-image-preview:large","max-video-preview":"max-video-preview:-1"},"canonical":"https:\/\/vitablanca.ma\/ar\/product-2\/cetaphil-pro-eczema-lotion-hydratante-295ml\/","og_locale":"ar_AR","og_type":"article","og_title":"Cetaphil Pro Eczema Lotion hydratante 295ml - Maroc Prix","og_description":"Cetaphil Pro Eczema Lotion hydratante 295ml","og_url":"https:\/\/vitablanca.ma\/ar\/product-2\/cetaphil-pro-eczema-lotion-hydratante-295ml\/","og_site_name":"Vitablanca.ma &ndash; Sant&eacute;, vitalit&eacute; et bien-&ecirc;tre pour tous les Marocains","article_publisher":"https:\/\/www.facebook.com\/profile.php?id=61576678196717","article_modified_time":"2026-01-21T19:31:35+00:00","og_image":[{"width":1000,"height":1000,"url":"https:\/\/vitablanca.ma\/wp-content\/uploads\/2025\/06\/Cetaphil-Pro-Eczema-295ml-nova-para-casablanca.jpg","type":"image\/jpeg"}],"twitter_card":"summary_large_image","twitter_misc":{"\u0648\u0642\u062a \u0627\u0644\u0642\u0631\u0627\u0621\u0629 \u0627\u0644\u0645\u064f\u0642\u062f\u0651\u0631":"\u062f\u0642\u064a\u0642\u0629 \u0648\u0627\u062d\u062f\u0629"},"schema":{"@context":"https:\/\/schema.org","@graph":[{"@type":["WebPage","ItemPage"],"@id":"https:\/\/vitablanca.ma\/produit\/cetaphil-pro-eczema-lotion-hydratante-295ml\/","url":"https:\/\/vitablanca.ma\/produit\/cetaphil-pro-eczema-lotion-hydratante-295ml\/","name":"Cetaphil Pro Eczema Lotion hydratante 295ml - Maroc Prix","isPartOf":{"@id":"https:\/\/vitablanca.ma\/#website"},"primaryImageOfPage":{"@id":"https:\/\/vitablanca.ma\/produit\/cetaphil-pro-eczema-lotion-hydratante-295ml\/#primaryimage"},"image":{"@id":"https:\/\/vitablanca.ma\/produit\/cetaphil-pro-eczema-lotion-hydratante-295ml\/#primaryimage"},"thumbnailUrl":"https:\/\/vitablanca.ma\/wp-content\/uploads\/2025\/06\/Cetaphil-Pro-Eczema-295ml-nova-para-casablanca.jpg","datePublished":"2025-06-10T16:43:14+00:00","dateModified":"2026-01-21T19:31:35+00:00","description":"\u0644\u0648\u0634\u0646 \u0633\u064a\u062a\u0627\u0641\u064a\u0644 \u0628\u0631\u0648 \u0627\u0644\u0645\u0631\u0637\u0628 \u0644\u0644\u0623\u0643\u0632\u064a\u0645\u0627 295 \u0645\u0644","breadcrumb":{"@id":"https:\/\/vitablanca.ma\/produit\/cetaphil-pro-eczema-lotion-hydratante-295ml\/#breadcrumb"},"inLanguage":"ar","potentialAction":[{"@type":"ReadAction","target":["https:\/\/vitablanca.ma\/produit\/cetaphil-pro-eczema-lotion-hydratante-295ml\/"]}]},{"@type":"ImageObject","inLanguage":"ar","@id":"https:\/\/vitablanca.ma\/produit\/cetaphil-pro-eczema-lotion-hydratante-295ml\/#primaryimage","url":"https:\/\/vitablanca.ma\/wp-content\/uploads\/2025\/06\/Cetaphil-Pro-Eczema-295ml-nova-para-casablanca.jpg","contentUrl":"https:\/\/vitablanca.ma\/wp-content\/uploads\/2025\/06\/Cetaphil-Pro-Eczema-295ml-nova-para-casablanca.jpg","width":1000,"height":1000},{"@type":"BreadcrumbList","@id":"https:\/\/vitablanca.ma\/produit\/cetaphil-pro-eczema-lotion-hydratante-295ml\/#breadcrumb","itemListElement":[{"@type":"ListItem","position":1,"name":"Home","item":"https:\/\/vitablanca.ma\/"},{"@type":"ListItem","position":2,"name":"Tous Les Produits","item":"https:\/\/vitablanca.ma\/tous-les-produits\/"},{"@type":"ListItem","position":3,"name":"Cetaphil Pro Eczema Lotion hydratante 295ml"}]},{"@type":"WebSite","@id":"https:\/\/vitablanca.ma\/#website","url":"https:\/\/vitablanca.ma\/","name":"VitaBlanca.ma | \u0627\u0644\u0645\u0643\u0645\u0644\u0627\u062a \u0627\u0644\u063a\u0630\u0627\u0626\u064a\u0629\u060c \u0627\u0644\u0635\u062d\u0629 \u0648\u0627\u0644\u062c\u0645\u0627\u0644 \u0641\u064a \u0627\u0644\u0645\u063a\u0631\u0628","description":"\u0646\u0628\u064a\u0639 \u0641\u064a\u062a\u0627\u0645\u064a\u0646\u0627\u062a \u0648\u0645\u0643\u0645\u0644\u0627\u062a \u063a\u0630\u0627\u0626\u064a\u0629 \u0641\u0627\u062e\u0631\u0629 \u0645\u0646 \u0627\u0644\u0648\u0644\u0627\u064a\u0627\u062a \u0627\u0644\u0645\u062a\u062d\u062f\u0629 \u0627\u0644\u0623\u0645\u0631\u064a\u0643\u064a\u0629 \u0648\u0643\u0646\u062f\u0627 \u0648\u0646\u064a\u0648\u0632\u064a\u0644\u0646\u062f\u0627 \u0648\u0627\u0644\u0645\u063a\u0631\u0628 (\u0646\u0627\u0648 \u0641\u0648\u062f\u0632\u060c \u0633\u0648\u0644\u062c\u0627\u0631\u060c \u0645\u0627\u0646\u0648\u0643\u0627). \u062a\u0648\u0635\u064a\u0644 \u0633\u0631\u064a\u0639 \u0625\u0644\u0649 \u062c\u0645\u064a\u0639 \u0623\u0646\u062d\u0627\u0621 \u0627\u0644\u0645\u063a\u0631\u0628.","publisher":{"@id":"https:\/\/vitablanca.ma\/#organization"},"alternateName":"VitaBlanca.ma","potentialAction":[{"@type":"SearchAction","target":{"@type":"EntryPoint","urlTemplate":"https:\/\/vitablanca.ma\/?s={search_term_string}"},"query-input":{"@type":"PropertyValueSpecification","valueRequired":true,"valueName":"search_term_string"}}],"inLanguage":"ar"},{"@type":"Organization","@id":"https:\/\/vitablanca.ma\/#organization","name":"\u0641\u064a\u062a\u0627\u0628\u0644\u0627\u0646\u0643\u0627","url":"https:\/\/vitablanca.ma\/","logo":{"@type":"ImageObject","inLanguage":"ar","@id":"https:\/\/vitablanca.ma\/#\/schema\/logo\/image\/","url":"https:\/\/vitablanca.ma\/wp-content\/uploads\/2025\/05\/cropped-vitablanca.png","contentUrl":"https:\/\/vitablanca.ma\/wp-content\/uploads\/2025\/05\/cropped-vitablanca.png","width":360,"height":67,"caption":"VitaBlanca"},"image":{"@id":"https:\/\/vitablanca.ma\/#\/schema\/logo\/image\/"},"sameAs":["https:\/\/www.facebook.com\/profile.php?id=61576678196717","https:\/\/www.tiktok.com\/@vitablanca.ma","https:\/\/www.instagram.com\/vitablanca.ma\/"]}]}},"jetpack_sharing_enabled":true,"_links":{"self":[{"href":"https:\/\/vitablanca.ma\/ar\/wp-json\/wp\/v2\/product\/16479","targetHints":{"allow":["GET"]}}],"collection":[{"href":"https:\/\/vitablanca.ma\/ar\/wp-json\/wp\/v2\/product"}],"about":[{"href":"https:\/\/vitablanca.ma\/ar\/wp-json\/wp\/v2\/types\/product"}],"wp:featuredmedia":[{"embeddable":true,"href":"https:\/\/vitablanca.ma\/ar\/wp-json\/wp\/v2\/media\/16478"}],"wp:attachment":[{"href":"https:\/\/vitablanca.ma\/ar\/wp-json\/wp\/v2\/media?parent=16479"}],"wp:term":[{"taxonomy":"product_brand","embeddable":true,"href":"https:\/\/vitablanca.ma\/ar\/wp-json\/wp\/v2\/product_brand?post=16479"},{"taxonomy":"product_cat","embeddable":true,"href":"https:\/\/vitablanca.ma\/ar\/wp-json\/wp\/v2\/product_cat?post=16479"},{"taxonomy":"product_tag","embeddable":true,"href":"https:\/\/vitablanca.ma\/ar\/wp-json\/wp\/v2\/product_tag?post=16479"}],"curies":[{"name":"wp","href":"https:\/\/api.w.org\/{rel}","templated":true}]}}