{"id":16477,"date":"2025-06-10T16:43:11","date_gmt":"2025-06-10T16:43:11","guid":{"rendered":"https:\/\/vitablanca.ma\/product\/cetaphil-pro-acne-prone-spf30-120ml\/"},"modified":"2026-01-21T19:31:35","modified_gmt":"2026-01-21T19:31:35","slug":"cetaphil-pro-acne-prone-spf30-120ml","status":"publish","type":"product","link":"https:\/\/vitablanca.ma\/ar\/product-2\/cetaphil-pro-acne-prone-spf30-120ml\/","title":{"rendered":"Cetaphil Pro Acne Prone SPF30 120ml"},"content":{"rendered":"<h2 data-mce-fragment=\"1\">Cetaphil Pro Acne Prone SPF30\u00a0<span data-mce-fragment=\"1\">Contr\u00f4le le s\u00e9bum, \u00e9limine la brillance, aide \u00e0 prot\u00e9ger contre les rayons UVA\/UVB<\/span><br \/>\n<\/h2>\n<p data-mce-fragment=\"1\">Formule 3 en 1 \u00e9prouv\u00e9e pour aider \u00e0 contr\u00f4ler le s\u00e9bum et la brillance, hydrater et fournir une protection UVA\/UVB \u00e0 large spectre avec FPS 30\u00a0 \u00a0 \u00a0<\/p>\n<p data-mce-fragment=\"1\">La technologie Ol\u00e9osome contribue \u00e0 r\u00e9parer la barri\u00e8re cutan\u00e9e ainsi qu&rsquo;une protection brevet\u00e9e UVA\/UVB contre les rayons nocifs du soleil<\/p>\n<p data-mce-fragment=\"1\">Pour une hydratation imm\u00e9diate et durable<\/p>\n<p data-mce-fragment=\"1\">Utilis\u00e9 avec le nettoyant mousse Cetaphil Dermacontrol, une technologie de zinc \u00e9prouv\u00e9e pour r\u00e9duire la brillance, les taches rouges et les imperfections en 2 semaines<\/p>\n<p data-mce-fragment=\"1\">Avec des ingr\u00e9dients apaisants qui calment la peau et soulagent les irritations<\/p>\n<p data-mce-fragment=\"1\">Lotion l\u00e9g\u00e8re et non grasse<\/p>\n<p data-mce-fragment=\"1\">Hypoallerg\u00e9nique, non com\u00e9dog\u00e8ne<\/p>\n<p data-mce-fragment=\"1\">\u062a\u0645 \u0627\u062e\u062a\u0628\u0627\u0631\u0647 \u0645\u0646 \u0642\u0628\u0644 \u0623\u0637\u0628\u0627\u0621 \u0627\u0644\u062c\u0644\u062f\u064a\u0629<\/p>\n<h3 data-mce-fragment=\"1\"><span data-mce-fragment=\"1\">\u0637\u0631\u064a\u0642\u0629 \u0627\u0644\u0627\u0633\u062a\u062e\u062f\u0627\u0645<\/span><\/h3>\n<p data-mce-fragment=\"1\">Appliquer g\u00e9n\u00e9reusement 20 minutes avant l&rsquo;exposition au soleil. Utilisez un \u00e9cran solaire r\u00e9sistant \u00e0 l&rsquo;eau si vous nagez ou transpirez. Renouveler au moins toutes les 2 heures.<\/p>\n<h3 data-mce-fragment=\"1\"><span data-mce-fragment=\"1\">\u0645\u0643\u0648\u0646\u0627\u062a\u00a0<\/span><\/h3>\n<p data-mce-fragment=\"1\">Aqua, Octocrylene, Isopropyl Lauroyl Sarcosinate, Glyc\u00e9rine, Ethylhexyl Salicylate, Dimethicone, Butyl Methoxydibenzoylmethane, Diisopropyl Sebacate, Silice, Polymethyl Methacrylate, Saccharose Trist\u00e9arate, Aluminium Amidon Octenylsuccinate, Pentyl\u00e8ne Glycol, Diisopropyl Allanto, Polysorbate 61, Polym\u00e9thyle m\u00e9thacrylate, Saccharose Trist\u00e9arate, Aluminium Amidon Oct\u00e9nylsuccinate, Pentyl\u00e8ne Glycol, Polysorbate 61 , acide glycyrrh\u00e9tinique, hydroxypalmitoyl sphinganine, panth\u00e9nol, ph\u00e9noxy\u00e9thanol, sorbate de potassium, st\u00e9aroyl glutamate de sodium, ac\u00e9tate de tocoph\u00e9ryle, tri\u00e9thanolamine, gomme xanthane, gluconate de zinc.<\/p>","protected":false},"excerpt":{"rendered":"<p>Cetaphil Pro Acne Prone SPF30\u00a0Contr\u00f4le le s\u00e9bum, \u00e9limine la brillance, aide \u00e0 prot\u00e9ger contre les rayons UVA\/UVB Formule 3 en 1 \u00e9prouv\u00e9e pour aider \u00e0 contr\u00f4ler le s\u00e9bum et la brillance, hydrater et fournir une protection UVA\/UVB \u00e0 large spectre avec FPS 30\u00a0 \u00a0 \u00a0 La technologie Ol\u00e9osome contribue \u00e0 r\u00e9parer la barri\u00e8re cutan\u00e9e ainsi [&hellip;]<\/p>\n","protected":false},"featured_media":16475,"template":"","meta":{"om_disable_all_campaigns":false},"product_brand":[5993],"product_cat":[18,15],"product_tag":[],"class_list":{"0":"post-16477","1":"product","2":"type-product","3":"status-publish","4":"has-post-thumbnail","6":"product_brand-cetaphil-maroc-prix","7":"product_cat-beaute-sante","8":"product_cat-beaute-sante-complements-alimentaires-soins-et-bien-etre-au-meilleur-prix","10":"first","11":"instock","12":"sale","13":"taxable","14":"shipping-taxable","15":"purchasable","16":"product-type-simple"},"yoast_head":"<!-- This site is optimized with the Yoast SEO plugin v27.3 - https:\/\/yoast.com\/product\/yoast-seo-wordpress\/ -->\n<title>Cetaphil Pro Acne Prone SPF30 120ml - Maroc Prix<\/title>\n<meta name=\"description\" content=\"Cetaphil Pro Acne Prone SPF30 120ml\" \/>\n<meta name=\"robots\" content=\"index, follow, max-snippet:-1, max-image-preview:large, max-video-preview:-1\" \/>\n<link rel=\"canonical\" href=\"https:\/\/vitablanca.ma\/ar\/product-2\/cetaphil-pro-acne-prone-spf30-120ml\/\" \/>\n<meta property=\"og:locale\" content=\"ar_AR\" \/>\n<meta property=\"og:type\" content=\"article\" \/>\n<meta property=\"og:title\" content=\"Cetaphil Pro Acne Prone SPF30 120ml - Maroc Prix\" \/>\n<meta property=\"og:description\" content=\"Cetaphil Pro Acne Prone SPF30 120ml\" \/>\n<meta property=\"og:url\" content=\"https:\/\/vitablanca.ma\/ar\/product-2\/cetaphil-pro-acne-prone-spf30-120ml\/\" \/>\n<meta property=\"og:site_name\" content=\"Vitablanca.ma &ndash; Sant&eacute;, vitalit&eacute; et bien-&ecirc;tre pour tous les Marocains\" \/>\n<meta property=\"article:publisher\" content=\"https:\/\/www.facebook.com\/profile.php?id=61576678196717\" \/>\n<meta property=\"article:modified_time\" content=\"2026-01-21T19:31:35+00:00\" \/>\n<meta property=\"og:image\" content=\"https:\/\/vitablanca.ma\/wp-content\/uploads\/2025\/06\/Cetaphil-Pro-Acne-Prone-SPF30-120ml-nova-parapharmacie-maroc.jpg\" \/>\n\t<meta property=\"og:image:width\" content=\"1000\" \/>\n\t<meta property=\"og:image:height\" content=\"1000\" \/>\n\t<meta property=\"og:image:type\" content=\"image\/jpeg\" \/>\n<meta name=\"twitter:card\" content=\"summary_large_image\" \/>\n<meta name=\"twitter:label1\" content=\"\u0648\u0642\u062a \u0627\u0644\u0642\u0631\u0627\u0621\u0629 \u0627\u0644\u0645\u064f\u0642\u062f\u0651\u0631\" \/>\n\t<meta name=\"twitter:data1\" content=\"\u062f\u0642\u064a\u0642\u0629 \u0648\u0627\u062d\u062f\u0629\" \/>\n<script type=\"application\/ld+json\" class=\"yoast-schema-graph\">{\"@context\":\"https:\\\/\\\/schema.org\",\"@graph\":[{\"@type\":[\"WebPage\",\"ItemPage\"],\"@id\":\"https:\\\/\\\/vitablanca.ma\\\/produit\\\/cetaphil-pro-acne-prone-spf30-120ml\\\/\",\"url\":\"https:\\\/\\\/vitablanca.ma\\\/produit\\\/cetaphil-pro-acne-prone-spf30-120ml\\\/\",\"name\":\"Cetaphil Pro Acne Prone SPF30 120ml - Maroc Prix\",\"isPartOf\":{\"@id\":\"https:\\\/\\\/vitablanca.ma\\\/#website\"},\"primaryImageOfPage\":{\"@id\":\"https:\\\/\\\/vitablanca.ma\\\/produit\\\/cetaphil-pro-acne-prone-spf30-120ml\\\/#primaryimage\"},\"image\":{\"@id\":\"https:\\\/\\\/vitablanca.ma\\\/produit\\\/cetaphil-pro-acne-prone-spf30-120ml\\\/#primaryimage\"},\"thumbnailUrl\":\"https:\\\/\\\/vitablanca.ma\\\/wp-content\\\/uploads\\\/2025\\\/06\\\/Cetaphil-Pro-Acne-Prone-SPF30-120ml-nova-parapharmacie-maroc.jpg\",\"datePublished\":\"2025-06-10T16:43:11+00:00\",\"dateModified\":\"2026-01-21T19:31:35+00:00\",\"description\":\"Cetaphil Pro Acne Prone SPF30 120ml\",\"breadcrumb\":{\"@id\":\"https:\\\/\\\/vitablanca.ma\\\/produit\\\/cetaphil-pro-acne-prone-spf30-120ml\\\/#breadcrumb\"},\"inLanguage\":\"ar\",\"potentialAction\":[{\"@type\":\"ReadAction\",\"target\":[\"https:\\\/\\\/vitablanca.ma\\\/produit\\\/cetaphil-pro-acne-prone-spf30-120ml\\\/\"]}]},{\"@type\":\"ImageObject\",\"inLanguage\":\"ar\",\"@id\":\"https:\\\/\\\/vitablanca.ma\\\/produit\\\/cetaphil-pro-acne-prone-spf30-120ml\\\/#primaryimage\",\"url\":\"https:\\\/\\\/vitablanca.ma\\\/wp-content\\\/uploads\\\/2025\\\/06\\\/Cetaphil-Pro-Acne-Prone-SPF30-120ml-nova-parapharmacie-maroc.jpg\",\"contentUrl\":\"https:\\\/\\\/vitablanca.ma\\\/wp-content\\\/uploads\\\/2025\\\/06\\\/Cetaphil-Pro-Acne-Prone-SPF30-120ml-nova-parapharmacie-maroc.jpg\",\"width\":1000,\"height\":1000},{\"@type\":\"BreadcrumbList\",\"@id\":\"https:\\\/\\\/vitablanca.ma\\\/produit\\\/cetaphil-pro-acne-prone-spf30-120ml\\\/#breadcrumb\",\"itemListElement\":[{\"@type\":\"ListItem\",\"position\":1,\"name\":\"Home\",\"item\":\"https:\\\/\\\/vitablanca.ma\\\/\"},{\"@type\":\"ListItem\",\"position\":2,\"name\":\"Tous Les Produits\",\"item\":\"https:\\\/\\\/vitablanca.ma\\\/tous-les-produits\\\/\"},{\"@type\":\"ListItem\",\"position\":3,\"name\":\"Cetaphil Pro Acne Prone SPF30 120ml\"}]},{\"@type\":\"WebSite\",\"@id\":\"https:\\\/\\\/vitablanca.ma\\\/#website\",\"url\":\"https:\\\/\\\/vitablanca.ma\\\/\",\"name\":\"VitaBlanca.ma | Compl\u00e9ments alimentaires, sant\u00e9 & beaut\u00e9 au Maroc\",\"description\":\"vendre vitamines et compl\u00e9ments premium des USA &amp; Canada, Nouvelle Z\u00e9lande,Maroc (NOW Foods, Solgar, Manuka). Livraison rapide partout au Maroc.\",\"publisher\":{\"@id\":\"https:\\\/\\\/vitablanca.ma\\\/#organization\"},\"alternateName\":\"VitaBlanca.ma\",\"potentialAction\":[{\"@type\":\"SearchAction\",\"target\":{\"@type\":\"EntryPoint\",\"urlTemplate\":\"https:\\\/\\\/vitablanca.ma\\\/?s={search_term_string}\"},\"query-input\":{\"@type\":\"PropertyValueSpecification\",\"valueRequired\":true,\"valueName\":\"search_term_string\"}}],\"inLanguage\":\"ar\"},{\"@type\":\"Organization\",\"@id\":\"https:\\\/\\\/vitablanca.ma\\\/#organization\",\"name\":\"VitaBlanca\",\"url\":\"https:\\\/\\\/vitablanca.ma\\\/\",\"logo\":{\"@type\":\"ImageObject\",\"inLanguage\":\"ar\",\"@id\":\"https:\\\/\\\/vitablanca.ma\\\/#\\\/schema\\\/logo\\\/image\\\/\",\"url\":\"https:\\\/\\\/vitablanca.ma\\\/wp-content\\\/uploads\\\/2025\\\/05\\\/cropped-vitablanca.png\",\"contentUrl\":\"https:\\\/\\\/vitablanca.ma\\\/wp-content\\\/uploads\\\/2025\\\/05\\\/cropped-vitablanca.png\",\"width\":360,\"height\":67,\"caption\":\"VitaBlanca\"},\"image\":{\"@id\":\"https:\\\/\\\/vitablanca.ma\\\/#\\\/schema\\\/logo\\\/image\\\/\"},\"sameAs\":[\"https:\\\/\\\/www.facebook.com\\\/profile.php?id=61576678196717\",\"https:\\\/\\\/www.tiktok.com\\\/@vitablanca.ma\",\"https:\\\/\\\/www.instagram.com\\\/vitablanca.ma\\\/\"]}]}<\/script>\n<!-- \/ Yoast SEO plugin. -->","yoast_head_json":{"title":"Cetaphil Pro Acne Prone SPF30 120ml - Maroc Prix","description":"Cetaphil Pro Acne Prone SPF30 120ml","robots":{"index":"index","follow":"follow","max-snippet":"max-snippet:-1","max-image-preview":"max-image-preview:large","max-video-preview":"max-video-preview:-1"},"canonical":"https:\/\/vitablanca.ma\/ar\/product-2\/cetaphil-pro-acne-prone-spf30-120ml\/","og_locale":"ar_AR","og_type":"article","og_title":"Cetaphil Pro Acne Prone SPF30 120ml - Maroc Prix","og_description":"Cetaphil Pro Acne Prone SPF30 120ml","og_url":"https:\/\/vitablanca.ma\/ar\/product-2\/cetaphil-pro-acne-prone-spf30-120ml\/","og_site_name":"Vitablanca.ma &ndash; Sant&eacute;, vitalit&eacute; et bien-&ecirc;tre pour tous les Marocains","article_publisher":"https:\/\/www.facebook.com\/profile.php?id=61576678196717","article_modified_time":"2026-01-21T19:31:35+00:00","og_image":[{"width":1000,"height":1000,"url":"https:\/\/vitablanca.ma\/wp-content\/uploads\/2025\/06\/Cetaphil-Pro-Acne-Prone-SPF30-120ml-nova-parapharmacie-maroc.jpg","type":"image\/jpeg"}],"twitter_card":"summary_large_image","twitter_misc":{"\u0648\u0642\u062a \u0627\u0644\u0642\u0631\u0627\u0621\u0629 \u0627\u0644\u0645\u064f\u0642\u062f\u0651\u0631":"\u062f\u0642\u064a\u0642\u0629 \u0648\u0627\u062d\u062f\u0629"},"schema":{"@context":"https:\/\/schema.org","@graph":[{"@type":["WebPage","ItemPage"],"@id":"https:\/\/vitablanca.ma\/produit\/cetaphil-pro-acne-prone-spf30-120ml\/","url":"https:\/\/vitablanca.ma\/produit\/cetaphil-pro-acne-prone-spf30-120ml\/","name":"Cetaphil Pro Acne Prone SPF30 120ml - Maroc Prix","isPartOf":{"@id":"https:\/\/vitablanca.ma\/#website"},"primaryImageOfPage":{"@id":"https:\/\/vitablanca.ma\/produit\/cetaphil-pro-acne-prone-spf30-120ml\/#primaryimage"},"image":{"@id":"https:\/\/vitablanca.ma\/produit\/cetaphil-pro-acne-prone-spf30-120ml\/#primaryimage"},"thumbnailUrl":"https:\/\/vitablanca.ma\/wp-content\/uploads\/2025\/06\/Cetaphil-Pro-Acne-Prone-SPF30-120ml-nova-parapharmacie-maroc.jpg","datePublished":"2025-06-10T16:43:11+00:00","dateModified":"2026-01-21T19:31:35+00:00","description":"Cetaphil Pro Acne Prone SPF30 120ml","breadcrumb":{"@id":"https:\/\/vitablanca.ma\/produit\/cetaphil-pro-acne-prone-spf30-120ml\/#breadcrumb"},"inLanguage":"ar","potentialAction":[{"@type":"ReadAction","target":["https:\/\/vitablanca.ma\/produit\/cetaphil-pro-acne-prone-spf30-120ml\/"]}]},{"@type":"ImageObject","inLanguage":"ar","@id":"https:\/\/vitablanca.ma\/produit\/cetaphil-pro-acne-prone-spf30-120ml\/#primaryimage","url":"https:\/\/vitablanca.ma\/wp-content\/uploads\/2025\/06\/Cetaphil-Pro-Acne-Prone-SPF30-120ml-nova-parapharmacie-maroc.jpg","contentUrl":"https:\/\/vitablanca.ma\/wp-content\/uploads\/2025\/06\/Cetaphil-Pro-Acne-Prone-SPF30-120ml-nova-parapharmacie-maroc.jpg","width":1000,"height":1000},{"@type":"BreadcrumbList","@id":"https:\/\/vitablanca.ma\/produit\/cetaphil-pro-acne-prone-spf30-120ml\/#breadcrumb","itemListElement":[{"@type":"ListItem","position":1,"name":"Home","item":"https:\/\/vitablanca.ma\/"},{"@type":"ListItem","position":2,"name":"Tous Les Produits","item":"https:\/\/vitablanca.ma\/tous-les-produits\/"},{"@type":"ListItem","position":3,"name":"Cetaphil Pro Acne Prone SPF30 120ml"}]},{"@type":"WebSite","@id":"https:\/\/vitablanca.ma\/#website","url":"https:\/\/vitablanca.ma\/","name":"VitaBlanca.ma | \u0627\u0644\u0645\u0643\u0645\u0644\u0627\u062a \u0627\u0644\u063a\u0630\u0627\u0626\u064a\u0629\u060c \u0627\u0644\u0635\u062d\u0629 \u0648\u0627\u0644\u062c\u0645\u0627\u0644 \u0641\u064a \u0627\u0644\u0645\u063a\u0631\u0628","description":"\u0646\u0628\u064a\u0639 \u0641\u064a\u062a\u0627\u0645\u064a\u0646\u0627\u062a \u0648\u0645\u0643\u0645\u0644\u0627\u062a \u063a\u0630\u0627\u0626\u064a\u0629 \u0641\u0627\u062e\u0631\u0629 \u0645\u0646 \u0627\u0644\u0648\u0644\u0627\u064a\u0627\u062a \u0627\u0644\u0645\u062a\u062d\u062f\u0629 \u0627\u0644\u0623\u0645\u0631\u064a\u0643\u064a\u0629 \u0648\u0643\u0646\u062f\u0627 \u0648\u0646\u064a\u0648\u0632\u064a\u0644\u0646\u062f\u0627 \u0648\u0627\u0644\u0645\u063a\u0631\u0628 (\u0646\u0627\u0648 \u0641\u0648\u062f\u0632\u060c \u0633\u0648\u0644\u062c\u0627\u0631\u060c \u0645\u0627\u0646\u0648\u0643\u0627). \u062a\u0648\u0635\u064a\u0644 \u0633\u0631\u064a\u0639 \u0625\u0644\u0649 \u062c\u0645\u064a\u0639 \u0623\u0646\u062d\u0627\u0621 \u0627\u0644\u0645\u063a\u0631\u0628.","publisher":{"@id":"https:\/\/vitablanca.ma\/#organization"},"alternateName":"VitaBlanca.ma","potentialAction":[{"@type":"SearchAction","target":{"@type":"EntryPoint","urlTemplate":"https:\/\/vitablanca.ma\/?s={search_term_string}"},"query-input":{"@type":"PropertyValueSpecification","valueRequired":true,"valueName":"search_term_string"}}],"inLanguage":"ar"},{"@type":"Organization","@id":"https:\/\/vitablanca.ma\/#organization","name":"\u0641\u064a\u062a\u0627\u0628\u0644\u0627\u0646\u0643\u0627","url":"https:\/\/vitablanca.ma\/","logo":{"@type":"ImageObject","inLanguage":"ar","@id":"https:\/\/vitablanca.ma\/#\/schema\/logo\/image\/","url":"https:\/\/vitablanca.ma\/wp-content\/uploads\/2025\/05\/cropped-vitablanca.png","contentUrl":"https:\/\/vitablanca.ma\/wp-content\/uploads\/2025\/05\/cropped-vitablanca.png","width":360,"height":67,"caption":"VitaBlanca"},"image":{"@id":"https:\/\/vitablanca.ma\/#\/schema\/logo\/image\/"},"sameAs":["https:\/\/www.facebook.com\/profile.php?id=61576678196717","https:\/\/www.tiktok.com\/@vitablanca.ma","https:\/\/www.instagram.com\/vitablanca.ma\/"]}]}},"jetpack_sharing_enabled":true,"_links":{"self":[{"href":"https:\/\/vitablanca.ma\/ar\/wp-json\/wp\/v2\/product\/16477","targetHints":{"allow":["GET"]}}],"collection":[{"href":"https:\/\/vitablanca.ma\/ar\/wp-json\/wp\/v2\/product"}],"about":[{"href":"https:\/\/vitablanca.ma\/ar\/wp-json\/wp\/v2\/types\/product"}],"wp:featuredmedia":[{"embeddable":true,"href":"https:\/\/vitablanca.ma\/ar\/wp-json\/wp\/v2\/media\/16475"}],"wp:attachment":[{"href":"https:\/\/vitablanca.ma\/ar\/wp-json\/wp\/v2\/media?parent=16477"}],"wp:term":[{"taxonomy":"product_brand","embeddable":true,"href":"https:\/\/vitablanca.ma\/ar\/wp-json\/wp\/v2\/product_brand?post=16477"},{"taxonomy":"product_cat","embeddable":true,"href":"https:\/\/vitablanca.ma\/ar\/wp-json\/wp\/v2\/product_cat?post=16477"},{"taxonomy":"product_tag","embeddable":true,"href":"https:\/\/vitablanca.ma\/ar\/wp-json\/wp\/v2\/product_tag?post=16477"}],"curies":[{"name":"wp","href":"https:\/\/api.w.org\/{rel}","templated":true}]}}