{"id":16395,"date":"2025-06-10T16:42:20","date_gmt":"2025-06-10T16:42:20","guid":{"rendered":"https:\/\/vitablanca.ma\/product\/cetaphil-creme-hydratante\/"},"modified":"2026-01-21T19:31:36","modified_gmt":"2026-01-21T19:31:36","slug":"cetaphil-creme-hydratante","status":"publish","type":"product","link":"https:\/\/vitablanca.ma\/ar\/product-2\/cetaphil-creme-hydratante\/","title":{"rendered":"Cetaphil Cr\u00e8me Hydratante"},"content":{"rendered":"<h2 data-mce-fragment=\"1\">Cetaphil Cr\u00e8me Hydratante<\/h2>\n<div class=\"description\" data-mce-fragment=\"1\">\n<p data-mce-fragment=\"1\"><span data-mce-fragment=\"1\"><span lang=\"FR-BE\" data-mce-fragment=\"1\" xml:lang=\"FR-BE\">Pour une hydratation quotidienne intense des peaux s\u00e8ches et sensibles<\/span><\/span><\/p>\n<ul data-mce-fragment=\"1\">\n<li data-mce-fragment=\"1\"><span data-mce-fragment=\"1\"><span lang=\"FR\" data-mce-fragment=\"1\" xml:lang=\"FR\">Hydratation intense prouv\u00e9e cliniquement et protection pendant 24 heures<\/span><\/span><\/li>\n<li data-mce-fragment=\"1\"><span data-mce-fragment=\"1\"><span lang=\"FR\" data-mce-fragment=\"1\" xml:lang=\"FR\">Non gras, absorption rapide<\/span><\/span><\/li>\n<li data-mce-fragment=\"1\"><span data-mce-fragment=\"1\"><span lang=\"FR\" data-mce-fragment=\"1\" xml:lang=\"FR\">Sans parfums ajout\u00e9s<\/span><\/span><\/li>\n<li data-mce-fragment=\"1\"><span data-mce-fragment=\"1\"><span lang=\"FR\" data-mce-fragment=\"1\" xml:lang=\"FR\">N&rsquo;obstrue pas les pores<\/span><\/span><\/li>\n<li data-mce-fragment=\"1\"><span data-mce-fragment=\"1\"><span lang=\"FR\" data-mce-fragment=\"1\" xml:lang=\"FR\">V\u00e9g\u00e9talien et non test\u00e9 sur les animaux<\/span><\/span><\/li>\n<li data-mce-fragment=\"1\"><span data-mce-fragment=\"1\"><span lang=\"FR\" data-mce-fragment=\"1\" xml:lang=\"FR\">Recommand\u00e9 par les dermatologues<\/span><\/span><\/li>\n<\/ul>\n<h3 data-mce-fragment=\"1\"><span data-mce-fragment=\"1\"><span lang=\"FR\" data-mce-fragment=\"1\" xml:lang=\"FR\">\u0648\u0635\u0641<\/span><\/span><\/h3>\n<div class=\"field--item\" data-mce-fragment=\"1\">\n<div class=\"paragraph paragraph--type--product_information paragraph--view-mode--default paragraph--type--product-information active\" data-mce-fragment=\"1\">\n<div class=\"product-information-body\" data-mce-fragment=\"1\">\n<p data-mce-fragment=\"1\"><span data-mce-fragment=\"1\"><span lang=\"FR\" data-mce-fragment=\"1\" xml:lang=\"FR\">Chez Cetaphil, nous avons sp\u00e9cifiquement mis au point cette Cr\u00e8me Hydratante pour hydrater en profondeur et au quotidien les peaux s\u00e8ches, sensibles ou ab\u00eem\u00e9es. Hydrater la peau veut simplement dire maintenir son taux d\u2019humidit\u00e9 pour l\u2019emp\u00eacher de s\u2019ass\u00e9cher et, par cons\u00e9quent, de s\u2019ab\u00eemer et de se d\u00e9s\u00e9quilibrer. C\u2019est important, car un manque d\u2019eau entra\u00eene une alt\u00e9ration du film hydrolipidique. Le r\u00e9sultat ne se fait pas attendre\u00a0: dess\u00e8chement (les dermatologues parleraient de \u00ab\u00a0d\u00e9shydratation\u00a0\u00bb), tiraillements, squames s\u00e8ches et irritations. La Cr\u00e8me Hydratante assure une hydratation intense longue dur\u00e9e pendant 24\u00a0heures. En plus d\u2019apporter suffisamment d\u2019eau \u00e0 la peau, elle l\u2019apaise et l\u2019adoucit instantan\u00e9ment. S\u2019utilise aussi bien sur le visage que sur l\u2019ensemble du corps, notamment au niveau des zones \u00ab\u00a0difficiles\u00a0\u00bb qui s\u2019ass\u00e8chent facilement comme les mains, les coudes et les genoux. P\u00e9n\u00e8tre rapidement et ne colle pas. Renferme une formule non com\u00e9dog\u00e8ne. Les com\u00e9dons correspondent \u00e0 des pores obstru\u00e9s ou \u00e0 ce qu\u2019on appelle commun\u00e9ment les \u00ab\u00a0points noirs\u00a0\u00bb.<\/span><\/span><\/p>\n<h3 data-mce-fragment=\"1\"><span data-mce-fragment=\"1\"><span lang=\"FR\" data-mce-fragment=\"1\" xml:lang=\"FR\">Fonctionnement<\/span><\/span><\/h3>\n<ul data-mce-fragment=\"1\">\n<li data-mce-fragment=\"1\">\n<strong data-mce-fragment=\"1\">\u0647\u064a\u062f\u0631\u0627\u062a<\/strong>: hydratation intense pendant 24\u00a0heures<\/li>\n<li data-mce-fragment=\"1\">\n<span data-mce-fragment=\"1\"><\/span><strong data-mce-fragment=\"1\">Apaise:<\/strong><span data-mce-fragment=\"1\">\u00a0<\/span>la peau et la rend plus souple<\/li>\n<li data-mce-fragment=\"1\">\n<span data-mce-fragment=\"1\"><\/span><strong data-mce-fragment=\"1\">Restaure<\/strong>: la barri\u00e8re naturelle de la peau<\/li>\n<\/ul>\n<h3 data-mce-fragment=\"1\">Convient pour<\/h3>\n<ul data-mce-fragment=\"1\">\n<li data-mce-fragment=\"1\">Le visage et le corps<\/li>\n<li data-mce-fragment=\"1\">\n<span data-mce-fragment=\"1\"><\/span>Tous les \u00e2ges, y compris les nouveau-n\u00e9s<\/li>\n<li data-mce-fragment=\"1\">\n<span data-mce-fragment=\"1\"><\/span>Peut \u00eatre utilis\u00e9e seule avec un traitement dermatologique<\/li>\n<li data-mce-fragment=\"1\">\n<span data-mce-fragment=\"1\"><\/span>Tous les types de peau en particulier les peaux s\u00e8ches et sensibles et les affections cutan\u00e9es telles que l&rsquo;acn\u00e9, l&rsquo;ecz\u00e9ma, la rosac\u00e9e et le psoriasis<\/li>\n<li data-mce-fragment=\"1\">\n<span data-mce-fragment=\"1\"><\/span>La r\u00e9paration et l&rsquo;hydratation des peaux endommag\u00e9es<\/li>\n<\/ul>\n<h3 data-mce-fragment=\"1\">\u062a\u0639\u0644\u064a\u0645\u0627\u062a \u0627\u0644\u0627\u0633\u062a\u062e\u062f\u0627\u0645<\/h3>\n<div class=\"field--item\" data-mce-fragment=\"1\">\n<div class=\"paragraph paragraph--type--product_information paragraph--view-mode--default paragraph--type--product-information active\" data-mce-fragment=\"1\">\n<div class=\"product-information-body\" data-mce-fragment=\"1\">\n<p data-mce-fragment=\"1\"><span data-mce-fragment=\"1\"><span lang=\"FR\" data-mce-fragment=\"1\" xml:lang=\"FR\">Format tube pratique ou gros pot \u00e9conomique de 450\u00a0g\u00a0? Celles et ceux qui ne peuvent plus se passer de Cetaphil choisissent souvent le pot \u00e0 couvercle. Il renferme, pour le moment, une quantit\u00e9 suffisante de cr\u00e8me apaisante et protectrice pour toute la famille. Elle s\u2019applique aussi bien sur le visage que sur l\u2019ensemble du corps. La plupart des adeptes de la marque consid\u00e8rent le tube de 100\u00a0g comme plus compact et pratique pour les d\u00e9placements.<\/span><\/span><\/p>\n<p data-mce-fragment=\"1\"><span data-mce-fragment=\"1\"><span lang=\"FR\" data-mce-fragment=\"1\" xml:lang=\"FR\">Utilisez la cr\u00e8me hydratante aussi souvent que vous le jugez n\u00e9cessaire. Vous remarquerez rapidement ce qui fonctionne le mieux. Astuce\u00a0: nettoyez d\u2019abord bien votre peau avec la\u00a0<\/span><u data-mce-fragment=\"1\">Lotion Nettoyante de Cetaphil<\/u><span lang=\"FR\" data-mce-fragment=\"1\" xml:lang=\"FR\">. L\u2019id\u00e9al est d\u2019appliquer la cr\u00e8me lorsque l\u2019\u00e9piderme est encore humide, par exemple juste apr\u00e8s la douche. Ce geste permet \u00e0 la peau de retenir l\u2019eau afin de pr\u00e9server sa douceur et sa souplesse.<\/span><\/span><\/p>\n<h3 data-mce-fragment=\"1\"><span data-mce-fragment=\"1\">\u062a\u0639\u0628\u064a\u0631<\/span><\/h3>\n<div class=\"content\" data-mce-fragment=\"1\">\n<div class=\"row\" data-mce-fragment=\"1\">\n<div class=\"col-sm-7 product-info\" data-mce-fragment=\"1\">\n<div class=\"product-specifications\" data-mce-fragment=\"1\">\n<div class=\"field field--name-field-dsu-specification field--type-entity-reference-revisions field--label-hidden field--items\" data-mce-fragment=\"1\">\n<div class=\"field--item\" data-mce-fragment=\"1\">\n<div class=\"paragraph paragraph--type--product_information paragraph--view-mode--default paragraph--type--product-information active\" data-mce-fragment=\"1\">\n<div class=\"product-information-body\" data-mce-fragment=\"1\">\n<p data-mce-fragment=\"1\"><span data-mce-fragment=\"1\"><span lang=\"FR-BE\" data-mce-fragment=\"1\" xml:lang=\"FR-BE\">Enrichie\u00a0<\/span><span lang=\"FR-BE\" data-mce-fragment=\"1\" xml:lang=\"FR-BE\">en huile de tournesol pr\u00e9cieuse, en huile d&rsquo;amande, en glyc\u00e9rine et en vitamine E\u00a0<\/span><span lang=\"FR-BE\" data-mce-fragment=\"1\" xml:lang=\"FR-BE\">&#8211;\u00a0<\/span><span lang=\"FR-BE\" data-mce-fragment=\"1\" xml:lang=\"FR-BE\">pour une sensation de douceur et une peau apais\u00e9e.<\/span><\/span><\/p>\n<p data-mce-fragment=\"1\"><span data-mce-fragment=\"1\"><strong data-mce-fragment=\"1\"><span lang=\"FR\" data-mce-fragment=\"1\" xml:lang=\"FR\">Sans lanoline, sans parabens.<\/span><\/strong><span lang=\"FR\" data-mce-fragment=\"1\" xml:lang=\"FR\">\u00a0Composants: aqua, glycerin, petrolatum, dicaprylyl ether, dimethicone, glyceryl stearate, cetyl alcohol, helianthus annuus seed oil, peg-30 stearate, acrylates\/c10-30 alkyl acrylate crosspolymer, benzyl alcohol, bht, carbomer, dimethiconol, disodium edta, phenoxyethanol, propylene glycol, prunus amygdalus dulcis oil, sodium hydroxide, tocopherol, tocopheryl acetate.<\/span><\/span><\/p>\n<\/div>\n<\/div>\n<\/div>\n<\/div>\n<\/div>\n<\/div>\n<\/div>\n<\/div>\n<\/div>\n<\/div>\n<\/div>\n<\/div>\n<\/div>\n<\/div>\n<\/div>","protected":false},"excerpt":{"rendered":"<p>Cetaphil Cr\u00e8me Hydratante Pour une hydratation quotidienne intense des peaux s\u00e8ches et sensibles Hydratation intense prouv\u00e9e cliniquement et protection pendant 24 heures Non gras, absorption rapide Sans parfums ajout\u00e9s N&rsquo;obstrue pas les pores V\u00e9g\u00e9talien et non test\u00e9 sur les animaux Recommand\u00e9 par les dermatologues Description Chez Cetaphil, nous avons sp\u00e9cifiquement mis au point cette Cr\u00e8me [&hellip;]<\/p>\n","protected":false},"featured_media":16386,"template":"","meta":{"om_disable_all_campaigns":false},"product_brand":[5993],"product_cat":[18,15],"product_tag":[],"class_list":{"0":"post-16395","1":"product","2":"type-product","3":"status-publish","4":"has-post-thumbnail","6":"product_brand-cetaphil-maroc-prix","7":"product_cat-beaute-sante","8":"product_cat-beaute-sante-complements-alimentaires-soins-et-bien-etre-au-meilleur-prix","10":"first","11":"instock","12":"sale","13":"taxable","14":"shipping-taxable","15":"purchasable","16":"product-type-variable"},"yoast_head":"<!-- This site is optimized with the Yoast SEO plugin v27.3 - https:\/\/yoast.com\/product\/yoast-seo-wordpress\/ -->\n<title>Cetaphil Cr\u00e8me Hydratante - Maroc Prix<\/title>\n<meta name=\"description\" content=\"Cetaphil Cr\u00e8me Hydratante\" \/>\n<meta name=\"robots\" content=\"index, follow, max-snippet:-1, max-image-preview:large, max-video-preview:-1\" \/>\n<link rel=\"canonical\" href=\"https:\/\/vitablanca.ma\/ar\/product-2\/cetaphil-creme-hydratante\/\" \/>\n<meta property=\"og:locale\" content=\"ar_AR\" \/>\n<meta property=\"og:type\" content=\"article\" \/>\n<meta property=\"og:title\" content=\"Cetaphil Cr\u00e8me Hydratante - Maroc Prix\" \/>\n<meta property=\"og:description\" content=\"Cetaphil Cr\u00e8me Hydratante\" \/>\n<meta property=\"og:url\" content=\"https:\/\/vitablanca.ma\/ar\/product-2\/cetaphil-creme-hydratante\/\" \/>\n<meta property=\"og:site_name\" content=\"Vitablanca.ma &ndash; Sant&eacute;, vitalit&eacute; et bien-&ecirc;tre pour tous les Marocains\" \/>\n<meta property=\"article:publisher\" content=\"https:\/\/www.facebook.com\/profile.php?id=61576678196717\" \/>\n<meta property=\"article:modified_time\" content=\"2026-01-21T19:31:36+00:00\" \/>\n<meta property=\"og:image\" content=\"https:\/\/vitablanca.ma\/wp-content\/uploads\/2025\/06\/Cetaphil-Creme-Hydratante-50g-nova-para-maroc.jpg\" \/>\n\t<meta property=\"og:image:width\" content=\"1000\" \/>\n\t<meta property=\"og:image:height\" content=\"1000\" \/>\n\t<meta property=\"og:image:type\" content=\"image\/jpeg\" \/>\n<meta name=\"twitter:card\" content=\"summary_large_image\" \/>\n<meta name=\"twitter:label1\" content=\"\u0648\u0642\u062a \u0627\u0644\u0642\u0631\u0627\u0621\u0629 \u0627\u0644\u0645\u064f\u0642\u062f\u0651\u0631\" \/>\n\t<meta name=\"twitter:data1\" content=\"3 \u062f\u0642\u0627\u0626\u0642\" \/>\n<script type=\"application\/ld+json\" class=\"yoast-schema-graph\">{\"@context\":\"https:\\\/\\\/schema.org\",\"@graph\":[{\"@type\":[\"WebPage\",\"ItemPage\"],\"@id\":\"https:\\\/\\\/vitablanca.ma\\\/produit\\\/cetaphil-creme-hydratante\\\/\",\"url\":\"https:\\\/\\\/vitablanca.ma\\\/produit\\\/cetaphil-creme-hydratante\\\/\",\"name\":\"Cetaphil Cr\u00e8me Hydratante - Maroc Prix\",\"isPartOf\":{\"@id\":\"https:\\\/\\\/vitablanca.ma\\\/#website\"},\"primaryImageOfPage\":{\"@id\":\"https:\\\/\\\/vitablanca.ma\\\/produit\\\/cetaphil-creme-hydratante\\\/#primaryimage\"},\"image\":{\"@id\":\"https:\\\/\\\/vitablanca.ma\\\/produit\\\/cetaphil-creme-hydratante\\\/#primaryimage\"},\"thumbnailUrl\":\"https:\\\/\\\/vitablanca.ma\\\/wp-content\\\/uploads\\\/2025\\\/06\\\/Cetaphil-Creme-Hydratante-50g-nova-para-maroc.jpg\",\"datePublished\":\"2025-06-10T16:42:20+00:00\",\"dateModified\":\"2026-01-21T19:31:36+00:00\",\"description\":\"Cetaphil Cr\u00e8me Hydratante\",\"breadcrumb\":{\"@id\":\"https:\\\/\\\/vitablanca.ma\\\/produit\\\/cetaphil-creme-hydratante\\\/#breadcrumb\"},\"inLanguage\":\"ar\",\"potentialAction\":[{\"@type\":\"ReadAction\",\"target\":[\"https:\\\/\\\/vitablanca.ma\\\/produit\\\/cetaphil-creme-hydratante\\\/\"]}]},{\"@type\":\"ImageObject\",\"inLanguage\":\"ar\",\"@id\":\"https:\\\/\\\/vitablanca.ma\\\/produit\\\/cetaphil-creme-hydratante\\\/#primaryimage\",\"url\":\"https:\\\/\\\/vitablanca.ma\\\/wp-content\\\/uploads\\\/2025\\\/06\\\/Cetaphil-Creme-Hydratante-50g-nova-para-maroc.jpg\",\"contentUrl\":\"https:\\\/\\\/vitablanca.ma\\\/wp-content\\\/uploads\\\/2025\\\/06\\\/Cetaphil-Creme-Hydratante-50g-nova-para-maroc.jpg\",\"width\":1000,\"height\":1000},{\"@type\":\"BreadcrumbList\",\"@id\":\"https:\\\/\\\/vitablanca.ma\\\/produit\\\/cetaphil-creme-hydratante\\\/#breadcrumb\",\"itemListElement\":[{\"@type\":\"ListItem\",\"position\":1,\"name\":\"Home\",\"item\":\"https:\\\/\\\/vitablanca.ma\\\/\"},{\"@type\":\"ListItem\",\"position\":2,\"name\":\"Tous Les Produits\",\"item\":\"https:\\\/\\\/vitablanca.ma\\\/tous-les-produits\\\/\"},{\"@type\":\"ListItem\",\"position\":3,\"name\":\"Cetaphil Cr\u00e8me Hydratante\"}]},{\"@type\":\"WebSite\",\"@id\":\"https:\\\/\\\/vitablanca.ma\\\/#website\",\"url\":\"https:\\\/\\\/vitablanca.ma\\\/\",\"name\":\"VitaBlanca.ma | Compl\u00e9ments alimentaires, sant\u00e9 & beaut\u00e9 au Maroc\",\"description\":\"vendre vitamines et compl\u00e9ments premium des USA &amp; Canada, Nouvelle Z\u00e9lande,Maroc (NOW Foods, Solgar, Manuka). Livraison rapide partout au Maroc.\",\"publisher\":{\"@id\":\"https:\\\/\\\/vitablanca.ma\\\/#organization\"},\"alternateName\":\"VitaBlanca.ma\",\"potentialAction\":[{\"@type\":\"SearchAction\",\"target\":{\"@type\":\"EntryPoint\",\"urlTemplate\":\"https:\\\/\\\/vitablanca.ma\\\/?s={search_term_string}\"},\"query-input\":{\"@type\":\"PropertyValueSpecification\",\"valueRequired\":true,\"valueName\":\"search_term_string\"}}],\"inLanguage\":\"ar\"},{\"@type\":\"Organization\",\"@id\":\"https:\\\/\\\/vitablanca.ma\\\/#organization\",\"name\":\"VitaBlanca\",\"url\":\"https:\\\/\\\/vitablanca.ma\\\/\",\"logo\":{\"@type\":\"ImageObject\",\"inLanguage\":\"ar\",\"@id\":\"https:\\\/\\\/vitablanca.ma\\\/#\\\/schema\\\/logo\\\/image\\\/\",\"url\":\"https:\\\/\\\/vitablanca.ma\\\/wp-content\\\/uploads\\\/2025\\\/05\\\/cropped-vitablanca.png\",\"contentUrl\":\"https:\\\/\\\/vitablanca.ma\\\/wp-content\\\/uploads\\\/2025\\\/05\\\/cropped-vitablanca.png\",\"width\":360,\"height\":67,\"caption\":\"VitaBlanca\"},\"image\":{\"@id\":\"https:\\\/\\\/vitablanca.ma\\\/#\\\/schema\\\/logo\\\/image\\\/\"},\"sameAs\":[\"https:\\\/\\\/www.facebook.com\\\/profile.php?id=61576678196717\",\"https:\\\/\\\/www.tiktok.com\\\/@vitablanca.ma\",\"https:\\\/\\\/www.instagram.com\\\/vitablanca.ma\\\/\"]}]}<\/script>\n<!-- \/ Yoast SEO plugin. -->","yoast_head_json":{"title":"Cetaphil Cr\u00e8me Hydratante - Maroc Prix","description":"Cetaphil Cr\u00e8me Hydratante","robots":{"index":"index","follow":"follow","max-snippet":"max-snippet:-1","max-image-preview":"max-image-preview:large","max-video-preview":"max-video-preview:-1"},"canonical":"https:\/\/vitablanca.ma\/ar\/product-2\/cetaphil-creme-hydratante\/","og_locale":"ar_AR","og_type":"article","og_title":"Cetaphil Cr\u00e8me Hydratante - Maroc Prix","og_description":"Cetaphil Cr\u00e8me Hydratante","og_url":"https:\/\/vitablanca.ma\/ar\/product-2\/cetaphil-creme-hydratante\/","og_site_name":"Vitablanca.ma &ndash; Sant&eacute;, vitalit&eacute; et bien-&ecirc;tre pour tous les Marocains","article_publisher":"https:\/\/www.facebook.com\/profile.php?id=61576678196717","article_modified_time":"2026-01-21T19:31:36+00:00","og_image":[{"width":1000,"height":1000,"url":"https:\/\/vitablanca.ma\/wp-content\/uploads\/2025\/06\/Cetaphil-Creme-Hydratante-50g-nova-para-maroc.jpg","type":"image\/jpeg"}],"twitter_card":"summary_large_image","twitter_misc":{"\u0648\u0642\u062a \u0627\u0644\u0642\u0631\u0627\u0621\u0629 \u0627\u0644\u0645\u064f\u0642\u062f\u0651\u0631":"3 \u062f\u0642\u0627\u0626\u0642"},"schema":{"@context":"https:\/\/schema.org","@graph":[{"@type":["WebPage","ItemPage"],"@id":"https:\/\/vitablanca.ma\/produit\/cetaphil-creme-hydratante\/","url":"https:\/\/vitablanca.ma\/produit\/cetaphil-creme-hydratante\/","name":"Cetaphil Cr\u00e8me Hydratante - Maroc Prix","isPartOf":{"@id":"https:\/\/vitablanca.ma\/#website"},"primaryImageOfPage":{"@id":"https:\/\/vitablanca.ma\/produit\/cetaphil-creme-hydratante\/#primaryimage"},"image":{"@id":"https:\/\/vitablanca.ma\/produit\/cetaphil-creme-hydratante\/#primaryimage"},"thumbnailUrl":"https:\/\/vitablanca.ma\/wp-content\/uploads\/2025\/06\/Cetaphil-Creme-Hydratante-50g-nova-para-maroc.jpg","datePublished":"2025-06-10T16:42:20+00:00","dateModified":"2026-01-21T19:31:36+00:00","description":"Cetaphil Cr\u00e8me Hydratante","breadcrumb":{"@id":"https:\/\/vitablanca.ma\/produit\/cetaphil-creme-hydratante\/#breadcrumb"},"inLanguage":"ar","potentialAction":[{"@type":"ReadAction","target":["https:\/\/vitablanca.ma\/produit\/cetaphil-creme-hydratante\/"]}]},{"@type":"ImageObject","inLanguage":"ar","@id":"https:\/\/vitablanca.ma\/produit\/cetaphil-creme-hydratante\/#primaryimage","url":"https:\/\/vitablanca.ma\/wp-content\/uploads\/2025\/06\/Cetaphil-Creme-Hydratante-50g-nova-para-maroc.jpg","contentUrl":"https:\/\/vitablanca.ma\/wp-content\/uploads\/2025\/06\/Cetaphil-Creme-Hydratante-50g-nova-para-maroc.jpg","width":1000,"height":1000},{"@type":"BreadcrumbList","@id":"https:\/\/vitablanca.ma\/produit\/cetaphil-creme-hydratante\/#breadcrumb","itemListElement":[{"@type":"ListItem","position":1,"name":"Home","item":"https:\/\/vitablanca.ma\/"},{"@type":"ListItem","position":2,"name":"Tous Les Produits","item":"https:\/\/vitablanca.ma\/tous-les-produits\/"},{"@type":"ListItem","position":3,"name":"Cetaphil Cr\u00e8me Hydratante"}]},{"@type":"WebSite","@id":"https:\/\/vitablanca.ma\/#website","url":"https:\/\/vitablanca.ma\/","name":"VitaBlanca.ma | \u0627\u0644\u0645\u0643\u0645\u0644\u0627\u062a \u0627\u0644\u063a\u0630\u0627\u0626\u064a\u0629\u060c \u0627\u0644\u0635\u062d\u0629 \u0648\u0627\u0644\u062c\u0645\u0627\u0644 \u0641\u064a \u0627\u0644\u0645\u063a\u0631\u0628","description":"\u0646\u0628\u064a\u0639 \u0641\u064a\u062a\u0627\u0645\u064a\u0646\u0627\u062a \u0648\u0645\u0643\u0645\u0644\u0627\u062a \u063a\u0630\u0627\u0626\u064a\u0629 \u0641\u0627\u062e\u0631\u0629 \u0645\u0646 \u0627\u0644\u0648\u0644\u0627\u064a\u0627\u062a \u0627\u0644\u0645\u062a\u062d\u062f\u0629 \u0627\u0644\u0623\u0645\u0631\u064a\u0643\u064a\u0629 \u0648\u0643\u0646\u062f\u0627 \u0648\u0646\u064a\u0648\u0632\u064a\u0644\u0646\u062f\u0627 \u0648\u0627\u0644\u0645\u063a\u0631\u0628 (\u0646\u0627\u0648 \u0641\u0648\u062f\u0632\u060c \u0633\u0648\u0644\u062c\u0627\u0631\u060c \u0645\u0627\u0646\u0648\u0643\u0627). \u062a\u0648\u0635\u064a\u0644 \u0633\u0631\u064a\u0639 \u0625\u0644\u0649 \u062c\u0645\u064a\u0639 \u0623\u0646\u062d\u0627\u0621 \u0627\u0644\u0645\u063a\u0631\u0628.","publisher":{"@id":"https:\/\/vitablanca.ma\/#organization"},"alternateName":"VitaBlanca.ma","potentialAction":[{"@type":"SearchAction","target":{"@type":"EntryPoint","urlTemplate":"https:\/\/vitablanca.ma\/?s={search_term_string}"},"query-input":{"@type":"PropertyValueSpecification","valueRequired":true,"valueName":"search_term_string"}}],"inLanguage":"ar"},{"@type":"Organization","@id":"https:\/\/vitablanca.ma\/#organization","name":"\u0641\u064a\u062a\u0627\u0628\u0644\u0627\u0646\u0643\u0627","url":"https:\/\/vitablanca.ma\/","logo":{"@type":"ImageObject","inLanguage":"ar","@id":"https:\/\/vitablanca.ma\/#\/schema\/logo\/image\/","url":"https:\/\/vitablanca.ma\/wp-content\/uploads\/2025\/05\/cropped-vitablanca.png","contentUrl":"https:\/\/vitablanca.ma\/wp-content\/uploads\/2025\/05\/cropped-vitablanca.png","width":360,"height":67,"caption":"VitaBlanca"},"image":{"@id":"https:\/\/vitablanca.ma\/#\/schema\/logo\/image\/"},"sameAs":["https:\/\/www.facebook.com\/profile.php?id=61576678196717","https:\/\/www.tiktok.com\/@vitablanca.ma","https:\/\/www.instagram.com\/vitablanca.ma\/"]}]}},"jetpack_sharing_enabled":true,"_links":{"self":[{"href":"https:\/\/vitablanca.ma\/ar\/wp-json\/wp\/v2\/product\/16395","targetHints":{"allow":["GET"]}}],"collection":[{"href":"https:\/\/vitablanca.ma\/ar\/wp-json\/wp\/v2\/product"}],"about":[{"href":"https:\/\/vitablanca.ma\/ar\/wp-json\/wp\/v2\/types\/product"}],"wp:featuredmedia":[{"embeddable":true,"href":"https:\/\/vitablanca.ma\/ar\/wp-json\/wp\/v2\/media\/16386"}],"wp:attachment":[{"href":"https:\/\/vitablanca.ma\/ar\/wp-json\/wp\/v2\/media?parent=16395"}],"wp:term":[{"taxonomy":"product_brand","embeddable":true,"href":"https:\/\/vitablanca.ma\/ar\/wp-json\/wp\/v2\/product_brand?post=16395"},{"taxonomy":"product_cat","embeddable":true,"href":"https:\/\/vitablanca.ma\/ar\/wp-json\/wp\/v2\/product_cat?post=16395"},{"taxonomy":"product_tag","embeddable":true,"href":"https:\/\/vitablanca.ma\/ar\/wp-json\/wp\/v2\/product_tag?post=16395"}],"curies":[{"name":"wp","href":"https:\/\/api.w.org\/{rel}","templated":true}]}}