{"id":16379,"date":"2025-06-10T16:42:07","date_gmt":"2025-06-10T16:42:07","guid":{"rendered":"https:\/\/vitablanca.ma\/product\/codexial-enoliss-perfect-skin-foamer-150ml\/"},"modified":"2025-06-10T16:42:07","modified_gmt":"2025-06-10T16:42:07","slug":"codexial-enoliss-perfect-skin-foamer-150ml","status":"publish","type":"product","link":"https:\/\/vitablanca.ma\/ar\/product-2\/codexial-enoliss-perfect-skin-foamer-150ml\/","title":{"rendered":"Codexial Enoliss Perfect Skin Foamer 150ml"},"content":{"rendered":"<h2><span data-mce-fragment=\"1\">Enoliss Perfect Skin Foamer\u00a0<strong>nettoie et d\u00e9maquille<\/strong><span>\u00a0<\/span>en douceur<\/span><\/h2>\n<p>\u0647\u0646\u0627\u0643<span>\u00a0<\/span><strong>mousse dermo-nettoyante<\/strong><span>\u00a0<\/span>Perfect Skin Foamer<span>\u00a0<\/span><strong>nettoie et d\u00e9maquille<\/strong><span>\u00a0<\/span>en douceur. Sa texture onctueuse \u00e9limine les impuret\u00e9s et l&rsquo;exc\u00e8s de s\u00e9bum tout en respectant l&rsquo;\u00e9quilibre naturel de la peau.<\/p>\n<p>Le grain de peau est affin\u00e9 et les pores resserr\u00e9s. Purifi\u00e9e votre peau retrouve fra\u00eecheur et confort.<\/p>\n<h3>Comment nettoyer et d\u00e9maquiller sa peau de fa\u00e7on efficace sans l&rsquo;agresser ?<\/h3>\n<p>Les peaux \u00e0 tendance acn\u00e9ique n\u00e9cessitent un nettoyage et un d\u00e9maquillage en douceur.<\/p>\n<p>La mousse dermo-nettoyante Perfect Skin Foamer est formul\u00e9e avec<span>\u00a0<\/span><strong>98% d&rsquo;ingr\u00e9dients d&rsquo;origine naturelle<\/strong>.<\/p>\n<p>Sa formule contient de l&rsquo;eau de bleuet bio aux vertus astringentes, apaisantes et tonifiantes et de l&rsquo;eau de th\u00e9 vert astringente et reconnue pour<span>\u00a0<\/span><strong>\u00e9liminer les impuret\u00e9s<\/strong><span>\u00a0<\/span>\u0648<span>\u00a0<\/span><strong>resserrer les pores<\/strong>.<\/p>\n<p>La pompe d\u00e9livre en une pression la juste quantit\u00e9 de mousse. Sa texture onctueuse et a\u00e9rienne et son parfum floral vous procureront un nettoyage parfait tout en sensorialit\u00e9.<\/p>\n<p>Une fois nettoy\u00e9e et purif\u00e9e gr\u00e2ce \u00e0 Perfect Skin Foamer, la peau est pr\u00eate \u00e0 recevoir les autres soins anti-imperfections de la gamme Enoliss.<\/p>\n<h3 class=\"p1\"><span class=\"s1\"><span>\u0645\u0643\u0648\u0646\u0627\u062a<\/span><\/span><\/h3>\n<p>AQUA, GLYCERIN, COCO-GLUCOSIDE, CAPRYLYL\/CAPRYL GLUCOSIDE, CENTAUREA CYANUS FLOWER WATER, PARFUM, BENZYL ALCOHOL, CITRIC ACID, ETHYLHEXYLGLYCERIN, SODIUM GLUCONATE, CAMELLIA SINENSIS LEAF EXTRACT, DEHYDROACETIC ACID, SODIUM BENZOATE, POTASSIUM SORBATE.<\/p>","protected":false},"excerpt":{"rendered":"<p>Enoliss Perfect Skin Foamer\u00a0nettoie et d\u00e9maquille\u00a0en douceur La\u00a0mousse dermo-nettoyante\u00a0Perfect Skin Foamer\u00a0nettoie et d\u00e9maquille\u00a0en douceur. Sa texture onctueuse \u00e9limine les impuret\u00e9s et l&rsquo;exc\u00e8s de s\u00e9bum tout en respectant l&rsquo;\u00e9quilibre naturel de la peau. Le grain de peau est affin\u00e9 et les pores resserr\u00e9s. Purifi\u00e9e votre peau retrouve fra\u00eecheur et confort. Comment nettoyer et d\u00e9maquiller sa peau [&hellip;]<\/p>\n","protected":false},"featured_media":16376,"template":"","meta":{"om_disable_all_campaigns":false},"product_brand":[],"product_cat":[15],"product_tag":[],"class_list":{"0":"post-16379","1":"product","2":"type-product","3":"status-publish","4":"has-post-thumbnail","6":"product_cat-beaute-sante-complements-alimentaires-soins-et-bien-etre-au-meilleur-prix","8":"first","9":"instock","10":"sale","11":"taxable","12":"shipping-taxable","13":"purchasable","14":"product-type-simple"},"yoast_head":"<!-- This site is optimized with the Yoast SEO plugin v27.3 - https:\/\/yoast.com\/product\/yoast-seo-wordpress\/ -->\n<title>Codexial Enoliss Perfect Skin Foamer 150ml - Maroc Prix<\/title>\n<meta name=\"description\" content=\"Codexial Enoliss Perfect Skin Foamer 150ml\" \/>\n<meta name=\"robots\" content=\"index, follow, max-snippet:-1, max-image-preview:large, max-video-preview:-1\" \/>\n<link rel=\"canonical\" href=\"https:\/\/vitablanca.ma\/ar\/product-2\/codexial-enoliss-perfect-skin-foamer-150ml\/\" \/>\n<meta property=\"og:locale\" content=\"ar_AR\" \/>\n<meta property=\"og:type\" content=\"article\" \/>\n<meta property=\"og:title\" content=\"Codexial Enoliss Perfect Skin Foamer 150ml - Maroc Prix\" \/>\n<meta property=\"og:description\" content=\"Codexial Enoliss Perfect Skin Foamer 150ml\" \/>\n<meta property=\"og:url\" content=\"https:\/\/vitablanca.ma\/ar\/product-2\/codexial-enoliss-perfect-skin-foamer-150ml\/\" \/>\n<meta property=\"og:site_name\" content=\"Vitablanca.ma &ndash; Sant&eacute;, vitalit&eacute; et bien-&ecirc;tre pour tous les Marocains\" \/>\n<meta property=\"article:publisher\" content=\"https:\/\/www.facebook.com\/profile.php?id=61576678196717\" \/>\n<meta property=\"og:image\" content=\"https:\/\/vitablanca.ma\/wp-content\/uploads\/2025\/06\/Enoliss-Perfect-Skin-Foamer-Nova-para-Maroc.jpg\" \/>\n\t<meta property=\"og:image:width\" content=\"1000\" \/>\n\t<meta property=\"og:image:height\" content=\"1000\" \/>\n\t<meta property=\"og:image:type\" content=\"image\/jpeg\" \/>\n<meta name=\"twitter:card\" content=\"summary_large_image\" \/>\n<meta name=\"twitter:label1\" content=\"\u0648\u0642\u062a \u0627\u0644\u0642\u0631\u0627\u0621\u0629 \u0627\u0644\u0645\u064f\u0642\u062f\u0651\u0631\" \/>\n\t<meta name=\"twitter:data1\" content=\"\u062f\u0642\u064a\u0642\u0629 \u0648\u0627\u062d\u062f\u0629\" \/>\n<script type=\"application\/ld+json\" class=\"yoast-schema-graph\">{\"@context\":\"https:\\\/\\\/schema.org\",\"@graph\":[{\"@type\":[\"WebPage\",\"ItemPage\"],\"@id\":\"https:\\\/\\\/vitablanca.ma\\\/produit\\\/codexial-enoliss-perfect-skin-foamer-150ml\\\/\",\"url\":\"https:\\\/\\\/vitablanca.ma\\\/produit\\\/codexial-enoliss-perfect-skin-foamer-150ml\\\/\",\"name\":\"Codexial Enoliss Perfect Skin Foamer 150ml - Maroc Prix\",\"isPartOf\":{\"@id\":\"https:\\\/\\\/vitablanca.ma\\\/#website\"},\"primaryImageOfPage\":{\"@id\":\"https:\\\/\\\/vitablanca.ma\\\/produit\\\/codexial-enoliss-perfect-skin-foamer-150ml\\\/#primaryimage\"},\"image\":{\"@id\":\"https:\\\/\\\/vitablanca.ma\\\/produit\\\/codexial-enoliss-perfect-skin-foamer-150ml\\\/#primaryimage\"},\"thumbnailUrl\":\"https:\\\/\\\/vitablanca.ma\\\/wp-content\\\/uploads\\\/2025\\\/06\\\/Enoliss-Perfect-Skin-Foamer-Nova-para-Maroc.jpg\",\"datePublished\":\"2025-06-10T16:42:07+00:00\",\"description\":\"Codexial Enoliss Perfect Skin Foamer 150ml\",\"breadcrumb\":{\"@id\":\"https:\\\/\\\/vitablanca.ma\\\/produit\\\/codexial-enoliss-perfect-skin-foamer-150ml\\\/#breadcrumb\"},\"inLanguage\":\"ar\",\"potentialAction\":[{\"@type\":\"ReadAction\",\"target\":[\"https:\\\/\\\/vitablanca.ma\\\/produit\\\/codexial-enoliss-perfect-skin-foamer-150ml\\\/\"]}]},{\"@type\":\"ImageObject\",\"inLanguage\":\"ar\",\"@id\":\"https:\\\/\\\/vitablanca.ma\\\/produit\\\/codexial-enoliss-perfect-skin-foamer-150ml\\\/#primaryimage\",\"url\":\"https:\\\/\\\/vitablanca.ma\\\/wp-content\\\/uploads\\\/2025\\\/06\\\/Enoliss-Perfect-Skin-Foamer-Nova-para-Maroc.jpg\",\"contentUrl\":\"https:\\\/\\\/vitablanca.ma\\\/wp-content\\\/uploads\\\/2025\\\/06\\\/Enoliss-Perfect-Skin-Foamer-Nova-para-Maroc.jpg\",\"width\":1000,\"height\":1000},{\"@type\":\"BreadcrumbList\",\"@id\":\"https:\\\/\\\/vitablanca.ma\\\/produit\\\/codexial-enoliss-perfect-skin-foamer-150ml\\\/#breadcrumb\",\"itemListElement\":[{\"@type\":\"ListItem\",\"position\":1,\"name\":\"Home\",\"item\":\"https:\\\/\\\/vitablanca.ma\\\/\"},{\"@type\":\"ListItem\",\"position\":2,\"name\":\"Tous Les Produits\",\"item\":\"https:\\\/\\\/vitablanca.ma\\\/tous-les-produits\\\/\"},{\"@type\":\"ListItem\",\"position\":3,\"name\":\"Codexial Enoliss Perfect Skin Foamer 150ml\"}]},{\"@type\":\"WebSite\",\"@id\":\"https:\\\/\\\/vitablanca.ma\\\/#website\",\"url\":\"https:\\\/\\\/vitablanca.ma\\\/\",\"name\":\"VitaBlanca.ma | Compl\u00e9ments alimentaires, sant\u00e9 & beaut\u00e9 au Maroc\",\"description\":\"vendre vitamines et compl\u00e9ments premium des USA &amp; Canada, Nouvelle Z\u00e9lande,Maroc (NOW Foods, Solgar, Manuka). Livraison rapide partout au Maroc.\",\"publisher\":{\"@id\":\"https:\\\/\\\/vitablanca.ma\\\/#organization\"},\"alternateName\":\"VitaBlanca.ma\",\"potentialAction\":[{\"@type\":\"SearchAction\",\"target\":{\"@type\":\"EntryPoint\",\"urlTemplate\":\"https:\\\/\\\/vitablanca.ma\\\/?s={search_term_string}\"},\"query-input\":{\"@type\":\"PropertyValueSpecification\",\"valueRequired\":true,\"valueName\":\"search_term_string\"}}],\"inLanguage\":\"ar\"},{\"@type\":\"Organization\",\"@id\":\"https:\\\/\\\/vitablanca.ma\\\/#organization\",\"name\":\"VitaBlanca\",\"url\":\"https:\\\/\\\/vitablanca.ma\\\/\",\"logo\":{\"@type\":\"ImageObject\",\"inLanguage\":\"ar\",\"@id\":\"https:\\\/\\\/vitablanca.ma\\\/#\\\/schema\\\/logo\\\/image\\\/\",\"url\":\"https:\\\/\\\/vitablanca.ma\\\/wp-content\\\/uploads\\\/2025\\\/05\\\/cropped-vitablanca.png\",\"contentUrl\":\"https:\\\/\\\/vitablanca.ma\\\/wp-content\\\/uploads\\\/2025\\\/05\\\/cropped-vitablanca.png\",\"width\":360,\"height\":67,\"caption\":\"VitaBlanca\"},\"image\":{\"@id\":\"https:\\\/\\\/vitablanca.ma\\\/#\\\/schema\\\/logo\\\/image\\\/\"},\"sameAs\":[\"https:\\\/\\\/www.facebook.com\\\/profile.php?id=61576678196717\",\"https:\\\/\\\/www.tiktok.com\\\/@vitablanca.ma\",\"https:\\\/\\\/www.instagram.com\\\/vitablanca.ma\\\/\"]}]}<\/script>\n<!-- \/ Yoast SEO plugin. -->","yoast_head_json":{"title":"Codexial Enoliss Perfect Skin Foamer 150ml - Maroc Prix","description":"Codexial Enoliss Perfect Skin Foamer 150ml","robots":{"index":"index","follow":"follow","max-snippet":"max-snippet:-1","max-image-preview":"max-image-preview:large","max-video-preview":"max-video-preview:-1"},"canonical":"https:\/\/vitablanca.ma\/ar\/product-2\/codexial-enoliss-perfect-skin-foamer-150ml\/","og_locale":"ar_AR","og_type":"article","og_title":"Codexial Enoliss Perfect Skin Foamer 150ml - Maroc Prix","og_description":"Codexial Enoliss Perfect Skin Foamer 150ml","og_url":"https:\/\/vitablanca.ma\/ar\/product-2\/codexial-enoliss-perfect-skin-foamer-150ml\/","og_site_name":"Vitablanca.ma &ndash; Sant&eacute;, vitalit&eacute; et bien-&ecirc;tre pour tous les Marocains","article_publisher":"https:\/\/www.facebook.com\/profile.php?id=61576678196717","og_image":[{"width":1000,"height":1000,"url":"https:\/\/vitablanca.ma\/wp-content\/uploads\/2025\/06\/Enoliss-Perfect-Skin-Foamer-Nova-para-Maroc.jpg","type":"image\/jpeg"}],"twitter_card":"summary_large_image","twitter_misc":{"\u0648\u0642\u062a \u0627\u0644\u0642\u0631\u0627\u0621\u0629 \u0627\u0644\u0645\u064f\u0642\u062f\u0651\u0631":"\u062f\u0642\u064a\u0642\u0629 \u0648\u0627\u062d\u062f\u0629"},"schema":{"@context":"https:\/\/schema.org","@graph":[{"@type":["WebPage","ItemPage"],"@id":"https:\/\/vitablanca.ma\/produit\/codexial-enoliss-perfect-skin-foamer-150ml\/","url":"https:\/\/vitablanca.ma\/produit\/codexial-enoliss-perfect-skin-foamer-150ml\/","name":"Codexial Enoliss Perfect Skin Foamer 150ml - Maroc Prix","isPartOf":{"@id":"https:\/\/vitablanca.ma\/#website"},"primaryImageOfPage":{"@id":"https:\/\/vitablanca.ma\/produit\/codexial-enoliss-perfect-skin-foamer-150ml\/#primaryimage"},"image":{"@id":"https:\/\/vitablanca.ma\/produit\/codexial-enoliss-perfect-skin-foamer-150ml\/#primaryimage"},"thumbnailUrl":"https:\/\/vitablanca.ma\/wp-content\/uploads\/2025\/06\/Enoliss-Perfect-Skin-Foamer-Nova-para-Maroc.jpg","datePublished":"2025-06-10T16:42:07+00:00","description":"Codexial Enoliss Perfect Skin Foamer 150ml","breadcrumb":{"@id":"https:\/\/vitablanca.ma\/produit\/codexial-enoliss-perfect-skin-foamer-150ml\/#breadcrumb"},"inLanguage":"ar","potentialAction":[{"@type":"ReadAction","target":["https:\/\/vitablanca.ma\/produit\/codexial-enoliss-perfect-skin-foamer-150ml\/"]}]},{"@type":"ImageObject","inLanguage":"ar","@id":"https:\/\/vitablanca.ma\/produit\/codexial-enoliss-perfect-skin-foamer-150ml\/#primaryimage","url":"https:\/\/vitablanca.ma\/wp-content\/uploads\/2025\/06\/Enoliss-Perfect-Skin-Foamer-Nova-para-Maroc.jpg","contentUrl":"https:\/\/vitablanca.ma\/wp-content\/uploads\/2025\/06\/Enoliss-Perfect-Skin-Foamer-Nova-para-Maroc.jpg","width":1000,"height":1000},{"@type":"BreadcrumbList","@id":"https:\/\/vitablanca.ma\/produit\/codexial-enoliss-perfect-skin-foamer-150ml\/#breadcrumb","itemListElement":[{"@type":"ListItem","position":1,"name":"Home","item":"https:\/\/vitablanca.ma\/"},{"@type":"ListItem","position":2,"name":"Tous Les Produits","item":"https:\/\/vitablanca.ma\/tous-les-produits\/"},{"@type":"ListItem","position":3,"name":"Codexial Enoliss Perfect Skin Foamer 150ml"}]},{"@type":"WebSite","@id":"https:\/\/vitablanca.ma\/#website","url":"https:\/\/vitablanca.ma\/","name":"VitaBlanca.ma | \u0627\u0644\u0645\u0643\u0645\u0644\u0627\u062a \u0627\u0644\u063a\u0630\u0627\u0626\u064a\u0629\u060c \u0627\u0644\u0635\u062d\u0629 \u0648\u0627\u0644\u062c\u0645\u0627\u0644 \u0641\u064a \u0627\u0644\u0645\u063a\u0631\u0628","description":"\u0646\u0628\u064a\u0639 \u0641\u064a\u062a\u0627\u0645\u064a\u0646\u0627\u062a \u0648\u0645\u0643\u0645\u0644\u0627\u062a \u063a\u0630\u0627\u0626\u064a\u0629 \u0641\u0627\u062e\u0631\u0629 \u0645\u0646 \u0627\u0644\u0648\u0644\u0627\u064a\u0627\u062a \u0627\u0644\u0645\u062a\u062d\u062f\u0629 \u0627\u0644\u0623\u0645\u0631\u064a\u0643\u064a\u0629 \u0648\u0643\u0646\u062f\u0627 \u0648\u0646\u064a\u0648\u0632\u064a\u0644\u0646\u062f\u0627 \u0648\u0627\u0644\u0645\u063a\u0631\u0628 (\u0646\u0627\u0648 \u0641\u0648\u062f\u0632\u060c \u0633\u0648\u0644\u062c\u0627\u0631\u060c \u0645\u0627\u0646\u0648\u0643\u0627). \u062a\u0648\u0635\u064a\u0644 \u0633\u0631\u064a\u0639 \u0625\u0644\u0649 \u062c\u0645\u064a\u0639 \u0623\u0646\u062d\u0627\u0621 \u0627\u0644\u0645\u063a\u0631\u0628.","publisher":{"@id":"https:\/\/vitablanca.ma\/#organization"},"alternateName":"VitaBlanca.ma","potentialAction":[{"@type":"SearchAction","target":{"@type":"EntryPoint","urlTemplate":"https:\/\/vitablanca.ma\/?s={search_term_string}"},"query-input":{"@type":"PropertyValueSpecification","valueRequired":true,"valueName":"search_term_string"}}],"inLanguage":"ar"},{"@type":"Organization","@id":"https:\/\/vitablanca.ma\/#organization","name":"\u0641\u064a\u062a\u0627\u0628\u0644\u0627\u0646\u0643\u0627","url":"https:\/\/vitablanca.ma\/","logo":{"@type":"ImageObject","inLanguage":"ar","@id":"https:\/\/vitablanca.ma\/#\/schema\/logo\/image\/","url":"https:\/\/vitablanca.ma\/wp-content\/uploads\/2025\/05\/cropped-vitablanca.png","contentUrl":"https:\/\/vitablanca.ma\/wp-content\/uploads\/2025\/05\/cropped-vitablanca.png","width":360,"height":67,"caption":"VitaBlanca"},"image":{"@id":"https:\/\/vitablanca.ma\/#\/schema\/logo\/image\/"},"sameAs":["https:\/\/www.facebook.com\/profile.php?id=61576678196717","https:\/\/www.tiktok.com\/@vitablanca.ma","https:\/\/www.instagram.com\/vitablanca.ma\/"]}]}},"jetpack_sharing_enabled":true,"_links":{"self":[{"href":"https:\/\/vitablanca.ma\/ar\/wp-json\/wp\/v2\/product\/16379","targetHints":{"allow":["GET"]}}],"collection":[{"href":"https:\/\/vitablanca.ma\/ar\/wp-json\/wp\/v2\/product"}],"about":[{"href":"https:\/\/vitablanca.ma\/ar\/wp-json\/wp\/v2\/types\/product"}],"wp:featuredmedia":[{"embeddable":true,"href":"https:\/\/vitablanca.ma\/ar\/wp-json\/wp\/v2\/media\/16376"}],"wp:attachment":[{"href":"https:\/\/vitablanca.ma\/ar\/wp-json\/wp\/v2\/media?parent=16379"}],"wp:term":[{"taxonomy":"product_brand","embeddable":true,"href":"https:\/\/vitablanca.ma\/ar\/wp-json\/wp\/v2\/product_brand?post=16379"},{"taxonomy":"product_cat","embeddable":true,"href":"https:\/\/vitablanca.ma\/ar\/wp-json\/wp\/v2\/product_cat?post=16379"},{"taxonomy":"product_tag","embeddable":true,"href":"https:\/\/vitablanca.ma\/ar\/wp-json\/wp\/v2\/product_tag?post=16379"}],"curies":[{"name":"wp","href":"https:\/\/api.w.org\/{rel}","templated":true}]}}