{"id":16377,"date":"2025-06-10T16:42:05","date_gmt":"2025-06-10T16:42:05","guid":{"rendered":"https:\/\/vitablanca.ma\/product\/covermark-luminous-supreme-eclaircissant-visage-spf15-30ml\/"},"modified":"2025-06-10T16:42:05","modified_gmt":"2025-06-10T16:42:05","slug":"covermark-luminous-supreme-eclaircissant-visage-spf15-30ml","status":"publish","type":"product","link":"https:\/\/vitablanca.ma\/ar\/product-2\/covermark-luminous-supreme-eclaircissant-visage-spf15-30ml\/","title":{"rendered":"Covermark Luminous Supreme Eclaircissant Visage SPF15 30ml"},"content":{"rendered":"<h2 data-mce-fragment=\"1\">Covermark Luminous Supreme Eclaircissant Visage SPF15 <span data-mce-fragment=\"1\">corrige et pr\u00e9vient l\u2019apparition des taches pour un teint ultra lumineux.<\/span><br \/>\n<\/h2>\n<p data-mce-fragment=\"1\">Blanchiment de peau ultime<\/p>\n<p data-mce-fragment=\"1\">Peau \u00e9clatante, saine et lumineuse, Sans taches ni imperfections.<\/p>\n<p data-mce-fragment=\"1\">Le syst\u00e8me ultime de blanchiment du visage bas\u00e9 sur un complexe \u00e9claircissant qui att\u00e9nue tous les troubles de l\u2019hyperpigmentation de la peau et procure un effet d\u2019illumination.<\/p>\n<p data-mce-fragment=\"1\">Il corrige et pr\u00e9vient l\u2019apparition des taches pour un teint ultra lumineux.<\/p>\n<p data-mce-fragment=\"1\">Il r\u00e9duit les taches brunes. Il hydrate et rajeunit la peau.<\/p>\n<p data-mce-fragment=\"1\">Traitement des taches caus\u00e9es par la grossesse, les taches solaires, l\u2019\u00e9pilation et plus encore\u2026.<\/p>\n<p data-mce-fragment=\"1\">Cette gamme de<span data-mce-fragment=\"1\">\u00a0<\/span><strong data-mce-fragment=\"1\">Luminous supr\u00eame<\/strong><span data-mce-fragment=\"1\">\u00a0<\/span>est sp\u00e9cialement formul\u00e9 pour les peaux fonc\u00e9s et les zones fortement pigment\u00e9es.<\/p>\n<p data-mce-fragment=\"1\">(inhibition r\u00e9volutionnaire en 5 \u00e9tapes la plus efficace de la production de m\u00e9lanine)<\/p>\n<p data-mce-fragment=\"1\">Sa formule l\u00e9g\u00e8re, absorption rapide et waterproof.<\/p>\n<p data-mce-fragment=\"1\">Hypoallerg\u00e9nique, test\u00e9 cliniquement et id\u00e9ale pour tous types de peau.<\/p>\n<p data-mce-fragment=\"1\">\u062a\u0645 \u0627\u062e\u062a\u0628\u0627\u0631\u0647 \u062a\u062d\u062a \u0625\u0634\u0631\u0627\u0641 \u0637\u0628\u064a\u0628 \u0627\u0644\u0639\u064a\u0648\u0646<\/p>\n<p data-mce-fragment=\"1\">SPF 15<\/p>","protected":false},"excerpt":{"rendered":"<p>Covermark Luminous Supreme Eclaircissant Visage SPF15 corrige et pr\u00e9vient l\u2019apparition des taches pour un teint ultra lumineux. Blanchiment de peau ultime Peau \u00e9clatante, saine et lumineuse, Sans taches ni imperfections. Le syst\u00e8me ultime de blanchiment du visage bas\u00e9 sur un complexe \u00e9claircissant qui att\u00e9nue tous les troubles de l\u2019hyperpigmentation de la peau et procure un [&hellip;]<\/p>\n","protected":false},"featured_media":16375,"template":"","meta":{"om_disable_all_campaigns":false},"product_brand":[],"product_cat":[15],"product_tag":[],"class_list":{"0":"post-16377","1":"product","2":"type-product","3":"status-publish","4":"has-post-thumbnail","6":"product_cat-beaute-sante-complements-alimentaires-soins-et-bien-etre-au-meilleur-prix","8":"first","9":"instock","10":"sale","11":"taxable","12":"shipping-taxable","13":"purchasable","14":"product-type-simple"},"yoast_head":"<!-- This site is optimized with the Yoast SEO plugin v27.3 - https:\/\/yoast.com\/product\/yoast-seo-wordpress\/ -->\n<title>Covermark Luminous Supreme Eclaircissant Visage SPF15 30ml - Maroc Prix<\/title>\n<meta name=\"description\" content=\"Covermark Luminous Supreme Eclaircissant Visage SPF15 30ml\" \/>\n<meta name=\"robots\" content=\"index, follow, max-snippet:-1, max-image-preview:large, max-video-preview:-1\" \/>\n<link rel=\"canonical\" href=\"https:\/\/vitablanca.ma\/ar\/product-2\/covermark-luminous-supreme-eclaircissant-visage-spf15-30ml\/\" \/>\n<meta property=\"og:locale\" content=\"ar_AR\" \/>\n<meta property=\"og:type\" content=\"article\" \/>\n<meta property=\"og:title\" content=\"Covermark Luminous Supreme Eclaircissant Visage SPF15 30ml - Maroc Prix\" \/>\n<meta property=\"og:description\" content=\"Covermark Luminous Supreme Eclaircissant Visage SPF15 30ml\" \/>\n<meta property=\"og:url\" content=\"https:\/\/vitablanca.ma\/ar\/product-2\/covermark-luminous-supreme-eclaircissant-visage-spf15-30ml\/\" \/>\n<meta property=\"og:site_name\" content=\"Vitablanca.ma &ndash; Sant&eacute;, vitalit&eacute; et bien-&ecirc;tre pour tous les Marocains\" \/>\n<meta property=\"article:publisher\" content=\"https:\/\/www.facebook.com\/profile.php?id=61576678196717\" \/>\n<meta property=\"og:image\" content=\"https:\/\/vitablanca.ma\/wp-content\/uploads\/2025\/06\/Covermark-Luminous-Supreme-Eclaircissant-Visage-SPF15-30ml-nova-prapharmacie-maroc.jpg\" \/>\n\t<meta property=\"og:image:width\" content=\"1000\" \/>\n\t<meta property=\"og:image:height\" content=\"1000\" \/>\n\t<meta property=\"og:image:type\" content=\"image\/jpeg\" \/>\n<meta name=\"twitter:card\" content=\"summary_large_image\" \/>\n<meta name=\"twitter:label1\" content=\"\u0648\u0642\u062a \u0627\u0644\u0642\u0631\u0627\u0621\u0629 \u0627\u0644\u0645\u064f\u0642\u062f\u0651\u0631\" \/>\n\t<meta name=\"twitter:data1\" content=\"\u062f\u0642\u064a\u0642\u0629 \u0648\u0627\u062d\u062f\u0629\" \/>\n<script type=\"application\/ld+json\" class=\"yoast-schema-graph\">{\"@context\":\"https:\\\/\\\/schema.org\",\"@graph\":[{\"@type\":[\"WebPage\",\"ItemPage\"],\"@id\":\"https:\\\/\\\/vitablanca.ma\\\/produit\\\/covermark-luminous-supreme-eclaircissant-visage-spf15-30ml\\\/\",\"url\":\"https:\\\/\\\/vitablanca.ma\\\/produit\\\/covermark-luminous-supreme-eclaircissant-visage-spf15-30ml\\\/\",\"name\":\"Covermark Luminous Supreme Eclaircissant Visage SPF15 30ml - Maroc Prix\",\"isPartOf\":{\"@id\":\"https:\\\/\\\/vitablanca.ma\\\/#website\"},\"primaryImageOfPage\":{\"@id\":\"https:\\\/\\\/vitablanca.ma\\\/produit\\\/covermark-luminous-supreme-eclaircissant-visage-spf15-30ml\\\/#primaryimage\"},\"image\":{\"@id\":\"https:\\\/\\\/vitablanca.ma\\\/produit\\\/covermark-luminous-supreme-eclaircissant-visage-spf15-30ml\\\/#primaryimage\"},\"thumbnailUrl\":\"https:\\\/\\\/vitablanca.ma\\\/wp-content\\\/uploads\\\/2025\\\/06\\\/Covermark-Luminous-Supreme-Eclaircissant-Visage-SPF15-30ml-nova-prapharmacie-maroc.jpg\",\"datePublished\":\"2025-06-10T16:42:05+00:00\",\"description\":\"Covermark Luminous Supreme Eclaircissant Visage SPF15 30ml\",\"breadcrumb\":{\"@id\":\"https:\\\/\\\/vitablanca.ma\\\/produit\\\/covermark-luminous-supreme-eclaircissant-visage-spf15-30ml\\\/#breadcrumb\"},\"inLanguage\":\"ar\",\"potentialAction\":[{\"@type\":\"ReadAction\",\"target\":[\"https:\\\/\\\/vitablanca.ma\\\/produit\\\/covermark-luminous-supreme-eclaircissant-visage-spf15-30ml\\\/\"]}]},{\"@type\":\"ImageObject\",\"inLanguage\":\"ar\",\"@id\":\"https:\\\/\\\/vitablanca.ma\\\/produit\\\/covermark-luminous-supreme-eclaircissant-visage-spf15-30ml\\\/#primaryimage\",\"url\":\"https:\\\/\\\/vitablanca.ma\\\/wp-content\\\/uploads\\\/2025\\\/06\\\/Covermark-Luminous-Supreme-Eclaircissant-Visage-SPF15-30ml-nova-prapharmacie-maroc.jpg\",\"contentUrl\":\"https:\\\/\\\/vitablanca.ma\\\/wp-content\\\/uploads\\\/2025\\\/06\\\/Covermark-Luminous-Supreme-Eclaircissant-Visage-SPF15-30ml-nova-prapharmacie-maroc.jpg\",\"width\":1000,\"height\":1000},{\"@type\":\"BreadcrumbList\",\"@id\":\"https:\\\/\\\/vitablanca.ma\\\/produit\\\/covermark-luminous-supreme-eclaircissant-visage-spf15-30ml\\\/#breadcrumb\",\"itemListElement\":[{\"@type\":\"ListItem\",\"position\":1,\"name\":\"Home\",\"item\":\"https:\\\/\\\/vitablanca.ma\\\/\"},{\"@type\":\"ListItem\",\"position\":2,\"name\":\"Tous Les Produits\",\"item\":\"https:\\\/\\\/vitablanca.ma\\\/tous-les-produits\\\/\"},{\"@type\":\"ListItem\",\"position\":3,\"name\":\"Covermark Luminous Supreme Eclaircissant Visage SPF15 30ml\"}]},{\"@type\":\"WebSite\",\"@id\":\"https:\\\/\\\/vitablanca.ma\\\/#website\",\"url\":\"https:\\\/\\\/vitablanca.ma\\\/\",\"name\":\"VitaBlanca.ma | Compl\u00e9ments alimentaires, sant\u00e9 & beaut\u00e9 au Maroc\",\"description\":\"vendre vitamines et compl\u00e9ments premium des USA &amp; Canada, Nouvelle Z\u00e9lande,Maroc (NOW Foods, Solgar, Manuka). Livraison rapide partout au Maroc.\",\"publisher\":{\"@id\":\"https:\\\/\\\/vitablanca.ma\\\/#organization\"},\"alternateName\":\"VitaBlanca.ma\",\"potentialAction\":[{\"@type\":\"SearchAction\",\"target\":{\"@type\":\"EntryPoint\",\"urlTemplate\":\"https:\\\/\\\/vitablanca.ma\\\/?s={search_term_string}\"},\"query-input\":{\"@type\":\"PropertyValueSpecification\",\"valueRequired\":true,\"valueName\":\"search_term_string\"}}],\"inLanguage\":\"ar\"},{\"@type\":\"Organization\",\"@id\":\"https:\\\/\\\/vitablanca.ma\\\/#organization\",\"name\":\"VitaBlanca\",\"url\":\"https:\\\/\\\/vitablanca.ma\\\/\",\"logo\":{\"@type\":\"ImageObject\",\"inLanguage\":\"ar\",\"@id\":\"https:\\\/\\\/vitablanca.ma\\\/#\\\/schema\\\/logo\\\/image\\\/\",\"url\":\"https:\\\/\\\/vitablanca.ma\\\/wp-content\\\/uploads\\\/2025\\\/05\\\/cropped-vitablanca.png\",\"contentUrl\":\"https:\\\/\\\/vitablanca.ma\\\/wp-content\\\/uploads\\\/2025\\\/05\\\/cropped-vitablanca.png\",\"width\":360,\"height\":67,\"caption\":\"VitaBlanca\"},\"image\":{\"@id\":\"https:\\\/\\\/vitablanca.ma\\\/#\\\/schema\\\/logo\\\/image\\\/\"},\"sameAs\":[\"https:\\\/\\\/www.facebook.com\\\/profile.php?id=61576678196717\",\"https:\\\/\\\/www.tiktok.com\\\/@vitablanca.ma\",\"https:\\\/\\\/www.instagram.com\\\/vitablanca.ma\\\/\"]}]}<\/script>\n<!-- \/ Yoast SEO plugin. -->","yoast_head_json":{"title":"Covermark Luminous Supreme Eclaircissant Visage SPF15 30ml - Maroc Prix","description":"Covermark Luminous Supreme Eclaircissant Visage SPF15 30ml","robots":{"index":"index","follow":"follow","max-snippet":"max-snippet:-1","max-image-preview":"max-image-preview:large","max-video-preview":"max-video-preview:-1"},"canonical":"https:\/\/vitablanca.ma\/ar\/product-2\/covermark-luminous-supreme-eclaircissant-visage-spf15-30ml\/","og_locale":"ar_AR","og_type":"article","og_title":"Covermark Luminous Supreme Eclaircissant Visage SPF15 30ml - Maroc Prix","og_description":"Covermark Luminous Supreme Eclaircissant Visage SPF15 30ml","og_url":"https:\/\/vitablanca.ma\/ar\/product-2\/covermark-luminous-supreme-eclaircissant-visage-spf15-30ml\/","og_site_name":"Vitablanca.ma &ndash; Sant&eacute;, vitalit&eacute; et bien-&ecirc;tre pour tous les Marocains","article_publisher":"https:\/\/www.facebook.com\/profile.php?id=61576678196717","og_image":[{"width":1000,"height":1000,"url":"https:\/\/vitablanca.ma\/wp-content\/uploads\/2025\/06\/Covermark-Luminous-Supreme-Eclaircissant-Visage-SPF15-30ml-nova-prapharmacie-maroc.jpg","type":"image\/jpeg"}],"twitter_card":"summary_large_image","twitter_misc":{"\u0648\u0642\u062a \u0627\u0644\u0642\u0631\u0627\u0621\u0629 \u0627\u0644\u0645\u064f\u0642\u062f\u0651\u0631":"\u062f\u0642\u064a\u0642\u0629 \u0648\u0627\u062d\u062f\u0629"},"schema":{"@context":"https:\/\/schema.org","@graph":[{"@type":["WebPage","ItemPage"],"@id":"https:\/\/vitablanca.ma\/produit\/covermark-luminous-supreme-eclaircissant-visage-spf15-30ml\/","url":"https:\/\/vitablanca.ma\/produit\/covermark-luminous-supreme-eclaircissant-visage-spf15-30ml\/","name":"Covermark Luminous Supreme Eclaircissant Visage SPF15 30ml - Maroc Prix","isPartOf":{"@id":"https:\/\/vitablanca.ma\/#website"},"primaryImageOfPage":{"@id":"https:\/\/vitablanca.ma\/produit\/covermark-luminous-supreme-eclaircissant-visage-spf15-30ml\/#primaryimage"},"image":{"@id":"https:\/\/vitablanca.ma\/produit\/covermark-luminous-supreme-eclaircissant-visage-spf15-30ml\/#primaryimage"},"thumbnailUrl":"https:\/\/vitablanca.ma\/wp-content\/uploads\/2025\/06\/Covermark-Luminous-Supreme-Eclaircissant-Visage-SPF15-30ml-nova-prapharmacie-maroc.jpg","datePublished":"2025-06-10T16:42:05+00:00","description":"Covermark Luminous Supreme Eclaircissant Visage SPF15 30ml","breadcrumb":{"@id":"https:\/\/vitablanca.ma\/produit\/covermark-luminous-supreme-eclaircissant-visage-spf15-30ml\/#breadcrumb"},"inLanguage":"ar","potentialAction":[{"@type":"ReadAction","target":["https:\/\/vitablanca.ma\/produit\/covermark-luminous-supreme-eclaircissant-visage-spf15-30ml\/"]}]},{"@type":"ImageObject","inLanguage":"ar","@id":"https:\/\/vitablanca.ma\/produit\/covermark-luminous-supreme-eclaircissant-visage-spf15-30ml\/#primaryimage","url":"https:\/\/vitablanca.ma\/wp-content\/uploads\/2025\/06\/Covermark-Luminous-Supreme-Eclaircissant-Visage-SPF15-30ml-nova-prapharmacie-maroc.jpg","contentUrl":"https:\/\/vitablanca.ma\/wp-content\/uploads\/2025\/06\/Covermark-Luminous-Supreme-Eclaircissant-Visage-SPF15-30ml-nova-prapharmacie-maroc.jpg","width":1000,"height":1000},{"@type":"BreadcrumbList","@id":"https:\/\/vitablanca.ma\/produit\/covermark-luminous-supreme-eclaircissant-visage-spf15-30ml\/#breadcrumb","itemListElement":[{"@type":"ListItem","position":1,"name":"Home","item":"https:\/\/vitablanca.ma\/"},{"@type":"ListItem","position":2,"name":"Tous Les Produits","item":"https:\/\/vitablanca.ma\/tous-les-produits\/"},{"@type":"ListItem","position":3,"name":"Covermark Luminous Supreme Eclaircissant Visage SPF15 30ml"}]},{"@type":"WebSite","@id":"https:\/\/vitablanca.ma\/#website","url":"https:\/\/vitablanca.ma\/","name":"VitaBlanca.ma | \u0627\u0644\u0645\u0643\u0645\u0644\u0627\u062a \u0627\u0644\u063a\u0630\u0627\u0626\u064a\u0629\u060c \u0627\u0644\u0635\u062d\u0629 \u0648\u0627\u0644\u062c\u0645\u0627\u0644 \u0641\u064a \u0627\u0644\u0645\u063a\u0631\u0628","description":"\u0646\u0628\u064a\u0639 \u0641\u064a\u062a\u0627\u0645\u064a\u0646\u0627\u062a \u0648\u0645\u0643\u0645\u0644\u0627\u062a \u063a\u0630\u0627\u0626\u064a\u0629 \u0641\u0627\u062e\u0631\u0629 \u0645\u0646 \u0627\u0644\u0648\u0644\u0627\u064a\u0627\u062a \u0627\u0644\u0645\u062a\u062d\u062f\u0629 \u0627\u0644\u0623\u0645\u0631\u064a\u0643\u064a\u0629 \u0648\u0643\u0646\u062f\u0627 \u0648\u0646\u064a\u0648\u0632\u064a\u0644\u0646\u062f\u0627 \u0648\u0627\u0644\u0645\u063a\u0631\u0628 (\u0646\u0627\u0648 \u0641\u0648\u062f\u0632\u060c \u0633\u0648\u0644\u062c\u0627\u0631\u060c \u0645\u0627\u0646\u0648\u0643\u0627). \u062a\u0648\u0635\u064a\u0644 \u0633\u0631\u064a\u0639 \u0625\u0644\u0649 \u062c\u0645\u064a\u0639 \u0623\u0646\u062d\u0627\u0621 \u0627\u0644\u0645\u063a\u0631\u0628.","publisher":{"@id":"https:\/\/vitablanca.ma\/#organization"},"alternateName":"VitaBlanca.ma","potentialAction":[{"@type":"SearchAction","target":{"@type":"EntryPoint","urlTemplate":"https:\/\/vitablanca.ma\/?s={search_term_string}"},"query-input":{"@type":"PropertyValueSpecification","valueRequired":true,"valueName":"search_term_string"}}],"inLanguage":"ar"},{"@type":"Organization","@id":"https:\/\/vitablanca.ma\/#organization","name":"\u0641\u064a\u062a\u0627\u0628\u0644\u0627\u0646\u0643\u0627","url":"https:\/\/vitablanca.ma\/","logo":{"@type":"ImageObject","inLanguage":"ar","@id":"https:\/\/vitablanca.ma\/#\/schema\/logo\/image\/","url":"https:\/\/vitablanca.ma\/wp-content\/uploads\/2025\/05\/cropped-vitablanca.png","contentUrl":"https:\/\/vitablanca.ma\/wp-content\/uploads\/2025\/05\/cropped-vitablanca.png","width":360,"height":67,"caption":"VitaBlanca"},"image":{"@id":"https:\/\/vitablanca.ma\/#\/schema\/logo\/image\/"},"sameAs":["https:\/\/www.facebook.com\/profile.php?id=61576678196717","https:\/\/www.tiktok.com\/@vitablanca.ma","https:\/\/www.instagram.com\/vitablanca.ma\/"]}]}},"jetpack_sharing_enabled":true,"_links":{"self":[{"href":"https:\/\/vitablanca.ma\/ar\/wp-json\/wp\/v2\/product\/16377","targetHints":{"allow":["GET"]}}],"collection":[{"href":"https:\/\/vitablanca.ma\/ar\/wp-json\/wp\/v2\/product"}],"about":[{"href":"https:\/\/vitablanca.ma\/ar\/wp-json\/wp\/v2\/types\/product"}],"wp:featuredmedia":[{"embeddable":true,"href":"https:\/\/vitablanca.ma\/ar\/wp-json\/wp\/v2\/media\/16375"}],"wp:attachment":[{"href":"https:\/\/vitablanca.ma\/ar\/wp-json\/wp\/v2\/media?parent=16377"}],"wp:term":[{"taxonomy":"product_brand","embeddable":true,"href":"https:\/\/vitablanca.ma\/ar\/wp-json\/wp\/v2\/product_brand?post=16377"},{"taxonomy":"product_cat","embeddable":true,"href":"https:\/\/vitablanca.ma\/ar\/wp-json\/wp\/v2\/product_cat?post=16377"},{"taxonomy":"product_tag","embeddable":true,"href":"https:\/\/vitablanca.ma\/ar\/wp-json\/wp\/v2\/product_tag?post=16377"}],"curies":[{"name":"wp","href":"https:\/\/api.w.org\/{rel}","templated":true}]}}