{"id":16373,"date":"2025-06-10T16:42:01","date_gmt":"2025-06-10T16:42:01","guid":{"rendered":"https:\/\/vitablanca.ma\/product\/codexial-enoliss-perfect-skin-regul-30ml\/"},"modified":"2025-09-16T17:56:40","modified_gmt":"2025-09-16T17:56:40","slug":"codexial-enoliss-perfect-skin-regul-30ml","status":"publish","type":"product","link":"https:\/\/vitablanca.ma\/ar\/product-2\/codexial-enoliss-perfect-skin-regul-30ml\/","title":{"rendered":"\u0643\u0648\u062f\u064a\u0643\u0633\u064a\u0627\u0644 \u0625\u064a\u0646\u0648\u0644\u064a\u0633 \u0628\u064a\u0631\u0641\u0643\u062a \u0633\u0643\u064a\u0646 \u0631\u064a\u062c\u0648\u0644 30 \u0645\u0644"},"content":{"rendered":"<h2><span>Enoliss Perfect Skin Regul id\u00e9ale pour<span>\u00a0<\/span><strong>hydrater, purifier et r\u00e9duire les imperfections cutan\u00e9es<\/strong><span>\u00a0<\/span><\/span><\/h2>\n<p>D\u00e9velopp\u00e9e<span>\u00a0<\/span><strong>sur-mesure pour les peaux sensibles et intol\u00e9rantes<\/strong><span>\u00a0<\/span>aux AHA, l&rsquo;\u00e9mulsion exfoliatrice douce Perfect Skin Regul est id\u00e9ale pour<span>\u00a0<\/span><strong>hydrater, purifier et r\u00e9duire les imperfections cutan\u00e9es<\/strong><span>\u00a0<\/span>et apporter un<span>\u00a0<\/span><strong>effet matifiant<\/strong>. Renouvel\u00e9e, la peau est<span>\u00a0<\/span><strong>purifi\u00e9e et lumineuse<\/strong>.\u00a0<\/p>\n<p><strong>Comment hydrater sa peau tout en att\u00e9nuant efficacement ses imperfections ?\u00a0<\/strong><\/p>\n<p>La formule du Perfect Skin Regul est compos\u00e9e de<span>\u00a0<\/span><strong>gluconolactone et d&rsquo;acide lactobionique<\/strong><span>\u00a0<\/span>(PHA). D&rsquo;origine naturelle, ces exfoliants doux<span>\u00a0<\/span><strong>affinent le grain de peau et lib\u00e8rent les pores obstru\u00e9s<\/strong>. Le<span>\u00a0<\/span><strong>zinc gluconate<\/strong>, aux propri\u00e9t\u00e9s purifiantes,<span>\u00a0<\/span><strong>apaise les rougeurs et r\u00e9duit les zones de brillance du teint<\/strong>. Enrichie en post-biotique et ferment de Lactobacillus, ce soin<span>\u00a0<\/span><strong>pr\u00e9serve l&rsquo;\u00e9quilibre naturel de la peau et renforce la barri\u00e8re cutan\u00e9e.<\/strong><\/p>\n<p>Sa texture l\u00e9g\u00e8re en fait un soin agr\u00e9able \u00e0 appliquer<span>\u00a0<\/span><strong>quotidiennement<\/strong>. L&rsquo;\u00e9mulsion exfoliatrice douce Perfect Skin Regul peut s&rsquo;utiliser<span>\u00a0<\/span><strong>seule ou juste apr\u00e8s notre lotion Perfect Skin Peel 5 AHA<\/strong>. Elle est une excellente base de maquillage.<\/p>\n<p><strong>Envie d&rsquo;une routine personnalis\u00e9e ?<\/strong><\/p>\n<p>Cr\u00e9ez votre<strong><span>\u00a0<\/span>routine sur-mesure<\/strong><span>\u00a0<\/span>: l&rsquo;\u00e9mulsion<span>\u00a0<\/span><strong>Perfect Skin Regul<\/strong><span>\u00a0<\/span>est un soin qui peut \u00eatre utilis\u00e9 toute l&rsquo;ann\u00e9e mais peut aussi \u00eatre compl\u00e9mentaire \u00e0 nos micro-peelings<span>\u00a0<\/span><strong>Enoliss Perfect Skin 10, 15 ou 20 AHA<\/strong><span>\u00a0<\/span>qui sont, eux, recommand\u00e9s le soir et n\u00e9cessitent l&rsquo;application d&rsquo;une protection solaire en cas d&rsquo;exposition. Alternez dans votre routine notre<span>\u00a0<\/span><strong>Perfect Skin Regul<\/strong><span>\u00a0<\/span>le matin et l&rsquo;un de nos micro-peelings le soir.\u00a0<\/p>\n<p>Et si vous recherchez un<span>\u00a0<\/span><strong>boost d&rsquo;hydratation<\/strong>, ajoutez selon les besoins de votre peau quelques gouttes d&rsquo;huile<span>\u00a0<\/span><strong>Perfect Skin Oil<\/strong><span>\u00a0<\/span>\u00e0 votre Perfect Skin Regul en m\u00e9langeant dans le creux de votre main.<span>\u00a0<\/span><strong>Adaptez nos soins sur-mesure pour votre peau<\/strong>.<\/p>\n<h3>\u0637\u0631\u064a\u0642\u0629 \u0627\u0644\u0627\u0633\u062a\u062e\u062f\u0627\u0645<\/h3>\n<p>Appliquer matin et\/ou soir sur le visage, le cou et le d\u00e9collet\u00e9 sur une peau nettoy\u00e9e et parfaitement s\u00e8che. Vous pouvez l\u2019utiliser seule ou juste apr\u00e8s une lotion tonique aux acides de fruits comme Perfect skin Peel 5 AHA.<\/p>\n<p><strong>Utilisation possible toute l&rsquo;ann\u00e9e.<\/strong><\/p>\n<p>Eviter le contour des yeux.<\/p>\n<p>Texture l\u00e9g\u00e8re permettant le maquillage.<\/p>\n<h3 class=\"p1\"><span class=\"s1\"><span>\u0645\u0643\u0648\u0646\u0627\u062a<\/span><\/span><\/h3>\n<p>AQUA, GLYCERIN, COCO-GLUCOSIDE, CAPRYLYL\/CAPRYL GLUCOSIDE, CENTAUREA CYANUS FLOWER WATER, PARFUM, BENZYL ALCOHOL, CITRIC ACID, ETHYLHEXYLGLYCERIN, SODIUM GLUCONATE, CAMELLIA SINENSIS LEAF EXTRACT, DEHYDROACETIC ACID, SODIUM BENZOATE, POTASSIUM SORBATE.<\/p>\n<p style=\"text-align: center\">D\u00e9couvrez Enoliss Perfect Skin Regul, un produit soigneusement s\u00e9lectionn\u00e9 pour r\u00e9pondre \u00e0 vos besoins sp\u00e9cifiques, et vivez une exp\u00e9rience d&rsquo;achat exceptionnelle sur notre site,\u00a0<strong>Vita Blanca Parapharmacie Maroc<\/strong><\/p>","protected":false},"excerpt":{"rendered":"<p>Enoliss Perfect Skin Regul id\u00e9ale pour\u00a0hydrater, purifier et r\u00e9duire les imperfections cutan\u00e9es\u00a0 D\u00e9velopp\u00e9e\u00a0sur-mesure pour les peaux sensibles et intol\u00e9rantes\u00a0aux AHA, l&rsquo;\u00e9mulsion exfoliatrice douce Perfect Skin Regul est id\u00e9ale pour\u00a0hydrater, purifier et r\u00e9duire les imperfections cutan\u00e9es\u00a0et apporter un\u00a0effet matifiant. Renouvel\u00e9e, la peau est\u00a0purifi\u00e9e et lumineuse.\u00a0 Comment hydrater sa peau tout en att\u00e9nuant efficacement ses imperfections ?\u00a0 [&hellip;]<\/p>\n","protected":false},"featured_media":16367,"template":"","meta":{"om_disable_all_campaigns":false},"product_brand":[],"product_cat":[15],"product_tag":[],"class_list":{"0":"post-16373","1":"product","2":"type-product","3":"status-publish","4":"has-post-thumbnail","6":"product_cat-beaute-sante-complements-alimentaires-soins-et-bien-etre-au-meilleur-prix","8":"first","9":"instock","10":"sale","11":"taxable","12":"shipping-taxable","13":"purchasable","14":"product-type-simple"},"yoast_head":"<!-- This site is optimized with the Yoast SEO plugin v27.3 - https:\/\/yoast.com\/product\/yoast-seo-wordpress\/ -->\n<title>Codexial Enoliss Perfect Skin Regul 30ml - Maroc Prix<\/title>\n<meta name=\"description\" content=\"Codexial Enoliss Perfect Skin Regul 30ml\" \/>\n<meta name=\"robots\" content=\"index, follow, max-snippet:-1, max-image-preview:large, max-video-preview:-1\" \/>\n<link rel=\"canonical\" href=\"https:\/\/vitablanca.ma\/ar\/product-2\/codexial-enoliss-perfect-skin-regul-30ml\/\" \/>\n<meta property=\"og:locale\" content=\"ar_AR\" \/>\n<meta property=\"og:type\" content=\"article\" \/>\n<meta property=\"og:title\" content=\"Codexial Enoliss Perfect Skin Regul 30ml - Maroc Prix\" \/>\n<meta property=\"og:description\" content=\"Codexial Enoliss Perfect Skin Regul 30ml\" \/>\n<meta property=\"og:url\" content=\"https:\/\/vitablanca.ma\/ar\/product-2\/codexial-enoliss-perfect-skin-regul-30ml\/\" \/>\n<meta property=\"og:site_name\" content=\"Vitablanca.ma &ndash; Sant&eacute;, vitalit&eacute; et bien-&ecirc;tre pour tous les Marocains\" \/>\n<meta property=\"article:publisher\" content=\"https:\/\/www.facebook.com\/profile.php?id=61576678196717\" \/>\n<meta property=\"article:modified_time\" content=\"2025-09-16T17:56:40+00:00\" \/>\n<meta property=\"og:image\" content=\"https:\/\/vitablanca.ma\/wp-content\/uploads\/2025\/06\/Enoliss-Perfect-Skin-Regul-30ml-Nova-para-Maroc.jpg\" \/>\n\t<meta property=\"og:image:width\" content=\"1000\" \/>\n\t<meta property=\"og:image:height\" content=\"1000\" \/>\n\t<meta property=\"og:image:type\" content=\"image\/jpeg\" \/>\n<meta name=\"twitter:card\" content=\"summary_large_image\" \/>\n<meta name=\"twitter:label1\" content=\"\u0648\u0642\u062a \u0627\u0644\u0642\u0631\u0627\u0621\u0629 \u0627\u0644\u0645\u064f\u0642\u062f\u0651\u0631\" \/>\n\t<meta name=\"twitter:data1\" content=\"\u062f\u0642\u064a\u0642\u062a\u0627\u0646\" \/>\n<script type=\"application\/ld+json\" class=\"yoast-schema-graph\">{\"@context\":\"https:\\\/\\\/schema.org\",\"@graph\":[{\"@type\":[\"WebPage\",\"ItemPage\"],\"@id\":\"https:\\\/\\\/vitablanca.ma\\\/produit\\\/codexial-enoliss-perfect-skin-regul-30ml\\\/\",\"url\":\"https:\\\/\\\/vitablanca.ma\\\/produit\\\/codexial-enoliss-perfect-skin-regul-30ml\\\/\",\"name\":\"Codexial Enoliss Perfect Skin Regul 30ml - Maroc Prix\",\"isPartOf\":{\"@id\":\"https:\\\/\\\/vitablanca.ma\\\/#website\"},\"primaryImageOfPage\":{\"@id\":\"https:\\\/\\\/vitablanca.ma\\\/produit\\\/codexial-enoliss-perfect-skin-regul-30ml\\\/#primaryimage\"},\"image\":{\"@id\":\"https:\\\/\\\/vitablanca.ma\\\/produit\\\/codexial-enoliss-perfect-skin-regul-30ml\\\/#primaryimage\"},\"thumbnailUrl\":\"https:\\\/\\\/vitablanca.ma\\\/wp-content\\\/uploads\\\/2025\\\/06\\\/Enoliss-Perfect-Skin-Regul-30ml-Nova-para-Maroc.jpg\",\"datePublished\":\"2025-06-10T16:42:01+00:00\",\"dateModified\":\"2025-09-16T17:56:40+00:00\",\"description\":\"Codexial Enoliss Perfect Skin Regul 30ml\",\"breadcrumb\":{\"@id\":\"https:\\\/\\\/vitablanca.ma\\\/produit\\\/codexial-enoliss-perfect-skin-regul-30ml\\\/#breadcrumb\"},\"inLanguage\":\"ar\",\"potentialAction\":[{\"@type\":\"ReadAction\",\"target\":[\"https:\\\/\\\/vitablanca.ma\\\/produit\\\/codexial-enoliss-perfect-skin-regul-30ml\\\/\"]}]},{\"@type\":\"ImageObject\",\"inLanguage\":\"ar\",\"@id\":\"https:\\\/\\\/vitablanca.ma\\\/produit\\\/codexial-enoliss-perfect-skin-regul-30ml\\\/#primaryimage\",\"url\":\"https:\\\/\\\/vitablanca.ma\\\/wp-content\\\/uploads\\\/2025\\\/06\\\/Enoliss-Perfect-Skin-Regul-30ml-Nova-para-Maroc.jpg\",\"contentUrl\":\"https:\\\/\\\/vitablanca.ma\\\/wp-content\\\/uploads\\\/2025\\\/06\\\/Enoliss-Perfect-Skin-Regul-30ml-Nova-para-Maroc.jpg\",\"width\":1000,\"height\":1000},{\"@type\":\"BreadcrumbList\",\"@id\":\"https:\\\/\\\/vitablanca.ma\\\/produit\\\/codexial-enoliss-perfect-skin-regul-30ml\\\/#breadcrumb\",\"itemListElement\":[{\"@type\":\"ListItem\",\"position\":1,\"name\":\"Home\",\"item\":\"https:\\\/\\\/vitablanca.ma\\\/\"},{\"@type\":\"ListItem\",\"position\":2,\"name\":\"Tous Les Produits\",\"item\":\"https:\\\/\\\/vitablanca.ma\\\/tous-les-produits\\\/\"},{\"@type\":\"ListItem\",\"position\":3,\"name\":\"Codexial Enoliss Perfect Skin Regul 30ml\"}]},{\"@type\":\"WebSite\",\"@id\":\"https:\\\/\\\/vitablanca.ma\\\/#website\",\"url\":\"https:\\\/\\\/vitablanca.ma\\\/\",\"name\":\"VitaBlanca.ma | Compl\u00e9ments alimentaires, sant\u00e9 & beaut\u00e9 au Maroc\",\"description\":\"vendre vitamines et compl\u00e9ments premium des USA &amp; Canada, Nouvelle Z\u00e9lande,Maroc (NOW Foods, Solgar, Manuka). Livraison rapide partout au Maroc.\",\"publisher\":{\"@id\":\"https:\\\/\\\/vitablanca.ma\\\/#organization\"},\"alternateName\":\"VitaBlanca.ma\",\"potentialAction\":[{\"@type\":\"SearchAction\",\"target\":{\"@type\":\"EntryPoint\",\"urlTemplate\":\"https:\\\/\\\/vitablanca.ma\\\/?s={search_term_string}\"},\"query-input\":{\"@type\":\"PropertyValueSpecification\",\"valueRequired\":true,\"valueName\":\"search_term_string\"}}],\"inLanguage\":\"ar\"},{\"@type\":\"Organization\",\"@id\":\"https:\\\/\\\/vitablanca.ma\\\/#organization\",\"name\":\"VitaBlanca\",\"url\":\"https:\\\/\\\/vitablanca.ma\\\/\",\"logo\":{\"@type\":\"ImageObject\",\"inLanguage\":\"ar\",\"@id\":\"https:\\\/\\\/vitablanca.ma\\\/#\\\/schema\\\/logo\\\/image\\\/\",\"url\":\"https:\\\/\\\/vitablanca.ma\\\/wp-content\\\/uploads\\\/2025\\\/05\\\/cropped-vitablanca.png\",\"contentUrl\":\"https:\\\/\\\/vitablanca.ma\\\/wp-content\\\/uploads\\\/2025\\\/05\\\/cropped-vitablanca.png\",\"width\":360,\"height\":67,\"caption\":\"VitaBlanca\"},\"image\":{\"@id\":\"https:\\\/\\\/vitablanca.ma\\\/#\\\/schema\\\/logo\\\/image\\\/\"},\"sameAs\":[\"https:\\\/\\\/www.facebook.com\\\/profile.php?id=61576678196717\",\"https:\\\/\\\/www.tiktok.com\\\/@vitablanca.ma\",\"https:\\\/\\\/www.instagram.com\\\/vitablanca.ma\\\/\"]}]}<\/script>\n<!-- \/ Yoast SEO plugin. -->","yoast_head_json":{"title":"Codexial Enoliss Perfect Skin Regul 30ml - Maroc Prix","description":"\u0643\u0648\u062f\u064a\u0643\u0633\u064a\u0627\u0644 \u0625\u064a\u0646\u0648\u0644\u064a\u0633 \u0628\u064a\u0631\u0641\u0643\u062a \u0633\u0643\u064a\u0646 \u0631\u064a\u062c\u0648\u0644 30 \u0645\u0644","robots":{"index":"index","follow":"follow","max-snippet":"max-snippet:-1","max-image-preview":"max-image-preview:large","max-video-preview":"max-video-preview:-1"},"canonical":"https:\/\/vitablanca.ma\/ar\/product-2\/codexial-enoliss-perfect-skin-regul-30ml\/","og_locale":"ar_AR","og_type":"article","og_title":"Codexial Enoliss Perfect Skin Regul 30ml - Maroc Prix","og_description":"Codexial Enoliss Perfect Skin Regul 30ml","og_url":"https:\/\/vitablanca.ma\/ar\/product-2\/codexial-enoliss-perfect-skin-regul-30ml\/","og_site_name":"Vitablanca.ma &ndash; Sant&eacute;, vitalit&eacute; et bien-&ecirc;tre pour tous les Marocains","article_publisher":"https:\/\/www.facebook.com\/profile.php?id=61576678196717","article_modified_time":"2025-09-16T17:56:40+00:00","og_image":[{"width":1000,"height":1000,"url":"https:\/\/vitablanca.ma\/wp-content\/uploads\/2025\/06\/Enoliss-Perfect-Skin-Regul-30ml-Nova-para-Maroc.jpg","type":"image\/jpeg"}],"twitter_card":"summary_large_image","twitter_misc":{"\u0648\u0642\u062a \u0627\u0644\u0642\u0631\u0627\u0621\u0629 \u0627\u0644\u0645\u064f\u0642\u062f\u0651\u0631":"\u062f\u0642\u064a\u0642\u062a\u0627\u0646"},"schema":{"@context":"https:\/\/schema.org","@graph":[{"@type":["WebPage","ItemPage"],"@id":"https:\/\/vitablanca.ma\/produit\/codexial-enoliss-perfect-skin-regul-30ml\/","url":"https:\/\/vitablanca.ma\/produit\/codexial-enoliss-perfect-skin-regul-30ml\/","name":"Codexial Enoliss Perfect Skin Regul 30ml - Maroc Prix","isPartOf":{"@id":"https:\/\/vitablanca.ma\/#website"},"primaryImageOfPage":{"@id":"https:\/\/vitablanca.ma\/produit\/codexial-enoliss-perfect-skin-regul-30ml\/#primaryimage"},"image":{"@id":"https:\/\/vitablanca.ma\/produit\/codexial-enoliss-perfect-skin-regul-30ml\/#primaryimage"},"thumbnailUrl":"https:\/\/vitablanca.ma\/wp-content\/uploads\/2025\/06\/Enoliss-Perfect-Skin-Regul-30ml-Nova-para-Maroc.jpg","datePublished":"2025-06-10T16:42:01+00:00","dateModified":"2025-09-16T17:56:40+00:00","description":"\u0643\u0648\u062f\u064a\u0643\u0633\u064a\u0627\u0644 \u0625\u064a\u0646\u0648\u0644\u064a\u0633 \u0628\u064a\u0631\u0641\u0643\u062a \u0633\u0643\u064a\u0646 \u0631\u064a\u062c\u0648\u0644 30 \u0645\u0644","breadcrumb":{"@id":"https:\/\/vitablanca.ma\/produit\/codexial-enoliss-perfect-skin-regul-30ml\/#breadcrumb"},"inLanguage":"ar","potentialAction":[{"@type":"ReadAction","target":["https:\/\/vitablanca.ma\/produit\/codexial-enoliss-perfect-skin-regul-30ml\/"]}]},{"@type":"ImageObject","inLanguage":"ar","@id":"https:\/\/vitablanca.ma\/produit\/codexial-enoliss-perfect-skin-regul-30ml\/#primaryimage","url":"https:\/\/vitablanca.ma\/wp-content\/uploads\/2025\/06\/Enoliss-Perfect-Skin-Regul-30ml-Nova-para-Maroc.jpg","contentUrl":"https:\/\/vitablanca.ma\/wp-content\/uploads\/2025\/06\/Enoliss-Perfect-Skin-Regul-30ml-Nova-para-Maroc.jpg","width":1000,"height":1000},{"@type":"BreadcrumbList","@id":"https:\/\/vitablanca.ma\/produit\/codexial-enoliss-perfect-skin-regul-30ml\/#breadcrumb","itemListElement":[{"@type":"ListItem","position":1,"name":"Home","item":"https:\/\/vitablanca.ma\/"},{"@type":"ListItem","position":2,"name":"Tous Les Produits","item":"https:\/\/vitablanca.ma\/tous-les-produits\/"},{"@type":"ListItem","position":3,"name":"Codexial Enoliss Perfect Skin Regul 30ml"}]},{"@type":"WebSite","@id":"https:\/\/vitablanca.ma\/#website","url":"https:\/\/vitablanca.ma\/","name":"VitaBlanca.ma | \u0627\u0644\u0645\u0643\u0645\u0644\u0627\u062a \u0627\u0644\u063a\u0630\u0627\u0626\u064a\u0629\u060c \u0627\u0644\u0635\u062d\u0629 \u0648\u0627\u0644\u062c\u0645\u0627\u0644 \u0641\u064a \u0627\u0644\u0645\u063a\u0631\u0628","description":"\u0646\u0628\u064a\u0639 \u0641\u064a\u062a\u0627\u0645\u064a\u0646\u0627\u062a \u0648\u0645\u0643\u0645\u0644\u0627\u062a \u063a\u0630\u0627\u0626\u064a\u0629 \u0641\u0627\u062e\u0631\u0629 \u0645\u0646 \u0627\u0644\u0648\u0644\u0627\u064a\u0627\u062a \u0627\u0644\u0645\u062a\u062d\u062f\u0629 \u0627\u0644\u0623\u0645\u0631\u064a\u0643\u064a\u0629 \u0648\u0643\u0646\u062f\u0627 \u0648\u0646\u064a\u0648\u0632\u064a\u0644\u0646\u062f\u0627 \u0648\u0627\u0644\u0645\u063a\u0631\u0628 (\u0646\u0627\u0648 \u0641\u0648\u062f\u0632\u060c \u0633\u0648\u0644\u062c\u0627\u0631\u060c \u0645\u0627\u0646\u0648\u0643\u0627). \u062a\u0648\u0635\u064a\u0644 \u0633\u0631\u064a\u0639 \u0625\u0644\u0649 \u062c\u0645\u064a\u0639 \u0623\u0646\u062d\u0627\u0621 \u0627\u0644\u0645\u063a\u0631\u0628.","publisher":{"@id":"https:\/\/vitablanca.ma\/#organization"},"alternateName":"VitaBlanca.ma","potentialAction":[{"@type":"SearchAction","target":{"@type":"EntryPoint","urlTemplate":"https:\/\/vitablanca.ma\/?s={search_term_string}"},"query-input":{"@type":"PropertyValueSpecification","valueRequired":true,"valueName":"search_term_string"}}],"inLanguage":"ar"},{"@type":"Organization","@id":"https:\/\/vitablanca.ma\/#organization","name":"\u0641\u064a\u062a\u0627\u0628\u0644\u0627\u0646\u0643\u0627","url":"https:\/\/vitablanca.ma\/","logo":{"@type":"ImageObject","inLanguage":"ar","@id":"https:\/\/vitablanca.ma\/#\/schema\/logo\/image\/","url":"https:\/\/vitablanca.ma\/wp-content\/uploads\/2025\/05\/cropped-vitablanca.png","contentUrl":"https:\/\/vitablanca.ma\/wp-content\/uploads\/2025\/05\/cropped-vitablanca.png","width":360,"height":67,"caption":"VitaBlanca"},"image":{"@id":"https:\/\/vitablanca.ma\/#\/schema\/logo\/image\/"},"sameAs":["https:\/\/www.facebook.com\/profile.php?id=61576678196717","https:\/\/www.tiktok.com\/@vitablanca.ma","https:\/\/www.instagram.com\/vitablanca.ma\/"]}]}},"jetpack_sharing_enabled":true,"_links":{"self":[{"href":"https:\/\/vitablanca.ma\/ar\/wp-json\/wp\/v2\/product\/16373","targetHints":{"allow":["GET"]}}],"collection":[{"href":"https:\/\/vitablanca.ma\/ar\/wp-json\/wp\/v2\/product"}],"about":[{"href":"https:\/\/vitablanca.ma\/ar\/wp-json\/wp\/v2\/types\/product"}],"wp:featuredmedia":[{"embeddable":true,"href":"https:\/\/vitablanca.ma\/ar\/wp-json\/wp\/v2\/media\/16367"}],"wp:attachment":[{"href":"https:\/\/vitablanca.ma\/ar\/wp-json\/wp\/v2\/media?parent=16373"}],"wp:term":[{"taxonomy":"product_brand","embeddable":true,"href":"https:\/\/vitablanca.ma\/ar\/wp-json\/wp\/v2\/product_brand?post=16373"},{"taxonomy":"product_cat","embeddable":true,"href":"https:\/\/vitablanca.ma\/ar\/wp-json\/wp\/v2\/product_cat?post=16373"},{"taxonomy":"product_tag","embeddable":true,"href":"https:\/\/vitablanca.ma\/ar\/wp-json\/wp\/v2\/product_tag?post=16373"}],"curies":[{"name":"wp","href":"https:\/\/api.w.org\/{rel}","templated":true}]}}