{"id":16214,"date":"2025-06-10T16:40:16","date_gmt":"2025-06-10T16:40:16","guid":{"rendered":"https:\/\/vitablanca.ma\/product\/cebelia-creme-confort-visage-40ml\/"},"modified":"2025-06-10T16:40:16","modified_gmt":"2025-06-10T16:40:16","slug":"cebelia-creme-confort-visage-40ml","status":"publish","type":"product","link":"https:\/\/vitablanca.ma\/ar\/product-2\/cebelia-creme-confort-visage-40ml\/","title":{"rendered":"Cebelia Cr\u00e8me Confort Visage 40ml"},"content":{"rendered":"<h2>Cebelia Cr\u00e8me Confort Visage\u00a0<span data-mce-fragment=\"1\">tout comme certaines proc\u00e9dures esth\u00e9tiques.\u00a0<\/span><br \/>\n<\/h2>\n<p>Le stress environnemental quotidien joue sur votre peau et la fragilise, tout comme certaines proc\u00e9dures esth\u00e9tiques. Notre solution\u00a0: la Cr\u00e8me Confort\u00a0! Elle\u00a0:<\/p>\n<ul>\n<li>Compense l\u2019effet ass\u00e9chant de certains traitements esth\u00e9tiques\u00a0;<\/li>\n<li>Hydrate intens\u00e9ment la peau et la rend moins r\u00e9active et sensible\u00a0;<\/li>\n<li>Prot\u00e8ge la peau contre les agressions ext\u00e9rieures environnementales.<\/li>\n<\/ul>\n<div class=\"product-custom-part routine-quotidien\">\n<h3 class=\"product-custom-part-title\">\u0645\u0646\u062a\u062c\u064a \u0641\u064a \u0631\u0648\u062a\u064a\u0646\u064a \u0627\u0644\u064a\u0648\u0645\u064a<\/h3>\n<hr>\n<div class=\"product-custom-part-content\">\n<p>Appliquer jour et\/ou nuit sur une peau parfaitement nettoy\u00e9e, sur le visage, le cou et le d\u00e9collet\u00e9.<\/p>\n<p><em>\u0627\u0644\u062a\u062d\u0645\u0644 \u0648\u0627\u0644\u0633\u0644\u0627\u0645\u0629 \u0648\u0627\u0644\u0641\u0639\u0627\u0644\u064a\u0629 \u0645\u0636\u0645\u0648\u0646\u0629 \u0645\u0646 \u062e\u0644\u0627\u0644 \u062f\u0631\u0627\u0633\u0627\u062a\u0646\u0627 \u0627\u0644\u0633\u0631\u064a\u0631\u064a\u0629 \u0648\u0623\u0643\u062b\u0631 \u0645\u0646 10 \u0633\u0646\u0648\u0627\u062a \u0645\u0646 \u0627\u0644\u062e\u0628\u0631\u0629 \u0641\u064a \u062a\u0631\u0643\u064a\u0628\u0627\u062a\u0646\u0627.<\/em><\/p>\n<\/div>\n<\/div>\n<div class=\"product-custom-part cadre-esthetique\">\n<h3 class=\"product-custom-part-title\">\u0645\u0646\u062a\u062c\u064a \u0643\u062c\u0632\u0621 \u0645\u0646 \u0625\u062c\u0631\u0627\u0621 \u062a\u062c\u0645\u064a\u0644\u064a<\/h3>\n<hr>\n<div class=\"product-custom-part-content\">\n<p>Les m\u00e9decins l&rsquo;utilisent en pratique m\u00e9dico-esth\u00e9tique lorsque la peau est l\u00e9g\u00e8rement agress\u00e9e avec quelques faibles rougeurs :<\/p>\n<ul>\n<li>Post peeling superficiel<\/li>\n<li>Post microdermabrasion<\/li>\n<li>Post lampe LED<\/li>\n<li>Post carboxyth\u00e9rapie<\/li>\n<\/ul>\n<p>\u064a\u0633\u062a\u062e\u062f\u0645\u0647 \u0627\u0644\u0623\u0637\u0628\u0627\u0621 \u0641\u064a \u0645\u0645\u0627\u0631\u0633\u0629 \u0627\u0644\u0623\u0645\u0631\u0627\u0636 \u0627\u0644\u062c\u0644\u062f\u064a\u0629:<\/p>\n<ul>\n<li>Conjointement aux traitements \u00e0 la vitamine A acide ou aux AHA pour compenser les effets dess\u00e9chants de ces derniers<\/li>\n<li>En compl\u00e9ment des traitements anti-acn\u00e9<\/li>\n<li>Pour soulager les plaques de dermites s\u00e9borrh\u00e9iques et de psoriasis<\/li>\n<li>Pour les s\u00e8cheresses li\u00e9es \u00e0 la m\u00e9nopause<\/li>\n<li>Pour toutes les peaux r\u00e9actives et intol\u00e9rantes (stress, pollution\u2026) \u00e0 tendance s\u00e8che et tr\u00e8s s\u00e8che.<\/li>\n<\/ul>\n<\/div>\n<\/div>\n<div class=\"product-custom-part formule-produit\">\n<h3 class=\"product-custom-part-title\">\u0643\u064a\u0641 \u0642\u0645\u0646\u0627 \u0628\u0635\u064a\u0627\u063a\u0629 \u0647\u0630\u0627 \u0627\u0644\u0645\u0646\u062a\u062c\u061f<\/h3>\n<hr>\n<div class=\"product-custom-part-content\">\n<ul>\n<li>\n<strong>Mousse Physcomitrella Patens<\/strong>:\u00a0ingr\u00e9dient actif tr\u00e8s concentr\u00e9, cette mousse\u00a0renforce la capacit\u00e9 d\u2019adaptation de la peau au stress environnemental et aux agressions ext\u00e9rieures &gt;\u00a0<em>protectrice\u00a0et fortifiante<\/em>\n<\/li>\n<li>\n<strong>Huiles naturelles (amande douce, olive, coco), cire d\u2019abeille:<\/strong><span>\u00a0<\/span>restaurent la barri\u00e8re lipidique cutan\u00e9e, pr\u00e9viennent de la d\u00e9shydratation, apaisent les rougeurs et les irritations\u00a0&gt;<em><span>\u00a0<\/span>relipidantes, hydratantes, apaisantes<\/em>\n<\/li>\n<li>\n<strong>Allanto\u00efne:\u00a0<\/strong>aide \u00e0 diminuer l\u2019inconfort de la peau\u00a0&gt;<span>\u00a0<\/span><em>apaisante<\/em>\n<\/li>\n<li>\n<strong>\u0627\u0644\u062c\u0644\u0633\u0631\u064a\u0646<\/strong>: r\u00e9gule le niveau d\u2019hydratation de la peau\u00a0&gt;<span>\u00a0<\/span><em>hydratante<\/em>\n<\/li>\n<\/ul>\n<\/div>\n<\/div>\n<div class=\"product-custom-part\">\n<h2 class=\"product-custom-part-title\"><\/h2>\n<div class=\"product-custom-part-content\"><\/div>\n<\/div>\n<div class=\"product-custom-part inci\">\n<h3 class=\"product-custom-part-title\">INCI \u2013 \u0645\u0627 \u0647\u064a \u0627\u0644\u0645\u0643\u0648\u0646\u0627\u062a \u0627\u0644\u0645\u0648\u062c\u0648\u062f\u0629 \u0641\u064a \u0645\u0646\u062a\u062c\u064a\u061f<\/h3>\n<hr>\n<div class=\"product-custom-part-content\">\n<p><strong>\u0645\u0643\u0648\u0646\u0627\u062a:\u00a0<\/strong>AQUA (WATER), COCO-CAPRYLATE\/ CAPRATE, C15-19 ALKANE, GLYCERIN, CAPRYLIC\/ CAPRIC TRIGLYCERIDE, HYDROGENATED COCONUT OIL, POLYGLYCERYL-6 DISTEARATE, BUTYLENE GLYCOL, PRUNUS AMYGDALUS DULCIS (SWEET ALMOND) OIL, ISOMALT, CERA ALBA, CETEARYL ALCOHOL, SQUALANE, ALLANTOIN, PHYTOL, JOJOBA ESTERS, SODIUM BENZOATE, POLYACRYLATE CROSSPOLYMER-6, CETYL ALCOHOL, POLYGLYCERYL-3 BEESWAX, SODIUM SALICYLATE, SODIUM STEAROYL GLUTAMATE, TOCOPHERYL ACETATE, XANTHAN GUM, CETYL PALMITATE, PARFUM\u00a0(FRAGRANCE), HYDROXYPROPYL GUAR\u00a0HYDROXYPROPYLTRIMONIUM CHLORIDE, CITRIC ACID, COUMARIN, T-BUTYL ALCOHOL, SODIUM HYDROXIDE, ALPHA-ISOMETHYL IONONE, GERANIOL, CI 19140, CI 14700<\/p>\n<\/div>\n<\/div>","protected":false},"excerpt":{"rendered":"<p>Cebelia Cr\u00e8me Confort Visage\u00a0tout comme certaines proc\u00e9dures esth\u00e9tiques.\u00a0 Le stress environnemental quotidien joue sur votre peau et la fragilise, tout comme certaines proc\u00e9dures esth\u00e9tiques. Notre solution\u00a0: la Cr\u00e8me Confort\u00a0! Elle\u00a0: Compense l\u2019effet ass\u00e9chant de certains traitements esth\u00e9tiques\u00a0; Hydrate intens\u00e9ment la peau et la rend moins r\u00e9active et sensible\u00a0; Prot\u00e8ge la peau contre les agressions ext\u00e9rieures [&hellip;]<\/p>\n","protected":false},"featured_media":16211,"template":"","meta":{"om_disable_all_campaigns":false},"product_brand":[],"product_cat":[15],"product_tag":[],"class_list":{"0":"post-16214","1":"product","2":"type-product","3":"status-publish","4":"has-post-thumbnail","6":"product_cat-beaute-sante-complements-alimentaires-soins-et-bien-etre-au-meilleur-prix","8":"first","9":"instock","10":"sale","11":"taxable","12":"shipping-taxable","13":"purchasable","14":"product-type-simple"},"yoast_head":"<!-- This site is optimized with the Yoast SEO plugin v27.3 - https:\/\/yoast.com\/product\/yoast-seo-wordpress\/ -->\n<title>Cebelia Cr\u00e8me Confort Visage 40ml - Maroc Prix<\/title>\n<meta name=\"description\" content=\"Cebelia Cr\u00e8me Confort Visage 40ml\" \/>\n<meta name=\"robots\" content=\"index, follow, max-snippet:-1, max-image-preview:large, max-video-preview:-1\" \/>\n<link rel=\"canonical\" href=\"https:\/\/vitablanca.ma\/ar\/product-2\/cebelia-creme-confort-visage-40ml\/\" \/>\n<meta property=\"og:locale\" content=\"ar_AR\" \/>\n<meta property=\"og:type\" content=\"article\" \/>\n<meta property=\"og:title\" content=\"Cebelia Cr\u00e8me Confort Visage 40ml - Maroc Prix\" \/>\n<meta property=\"og:description\" content=\"Cebelia Cr\u00e8me Confort Visage 40ml\" \/>\n<meta property=\"og:url\" content=\"https:\/\/vitablanca.ma\/ar\/product-2\/cebelia-creme-confort-visage-40ml\/\" \/>\n<meta property=\"og:site_name\" content=\"Vitablanca.ma &ndash; Sant&eacute;, vitalit&eacute; et bien-&ecirc;tre pour tous les Marocains\" \/>\n<meta property=\"article:publisher\" content=\"https:\/\/www.facebook.com\/profile.php?id=61576678196717\" \/>\n<meta property=\"og:image\" content=\"https:\/\/vitablanca.ma\/wp-content\/uploads\/2025\/06\/Cebelia-Creme-Confort-Visage-40ml-nova-parapharmacie-maroc.jpg\" \/>\n\t<meta property=\"og:image:width\" content=\"1000\" \/>\n\t<meta property=\"og:image:height\" content=\"1000\" \/>\n\t<meta property=\"og:image:type\" content=\"image\/jpeg\" \/>\n<meta name=\"twitter:card\" content=\"summary_large_image\" \/>\n<meta name=\"twitter:label1\" content=\"\u0648\u0642\u062a \u0627\u0644\u0642\u0631\u0627\u0621\u0629 \u0627\u0644\u0645\u064f\u0642\u062f\u0651\u0631\" \/>\n\t<meta name=\"twitter:data1\" content=\"\u062f\u0642\u064a\u0642\u062a\u0627\u0646\" \/>\n<script type=\"application\/ld+json\" class=\"yoast-schema-graph\">{\"@context\":\"https:\\\/\\\/schema.org\",\"@graph\":[{\"@type\":[\"WebPage\",\"ItemPage\"],\"@id\":\"https:\\\/\\\/vitablanca.ma\\\/produit\\\/cebelia-creme-confort-visage-40ml\\\/\",\"url\":\"https:\\\/\\\/vitablanca.ma\\\/produit\\\/cebelia-creme-confort-visage-40ml\\\/\",\"name\":\"Cebelia Cr\u00e8me Confort Visage 40ml - Maroc Prix\",\"isPartOf\":{\"@id\":\"https:\\\/\\\/vitablanca.ma\\\/#website\"},\"primaryImageOfPage\":{\"@id\":\"https:\\\/\\\/vitablanca.ma\\\/produit\\\/cebelia-creme-confort-visage-40ml\\\/#primaryimage\"},\"image\":{\"@id\":\"https:\\\/\\\/vitablanca.ma\\\/produit\\\/cebelia-creme-confort-visage-40ml\\\/#primaryimage\"},\"thumbnailUrl\":\"https:\\\/\\\/vitablanca.ma\\\/wp-content\\\/uploads\\\/2025\\\/06\\\/Cebelia-Creme-Confort-Visage-40ml-nova-parapharmacie-maroc.jpg\",\"datePublished\":\"2025-06-10T16:40:16+00:00\",\"description\":\"Cebelia Cr\u00e8me Confort Visage 40ml\",\"breadcrumb\":{\"@id\":\"https:\\\/\\\/vitablanca.ma\\\/produit\\\/cebelia-creme-confort-visage-40ml\\\/#breadcrumb\"},\"inLanguage\":\"ar\",\"potentialAction\":[{\"@type\":\"ReadAction\",\"target\":[\"https:\\\/\\\/vitablanca.ma\\\/produit\\\/cebelia-creme-confort-visage-40ml\\\/\"]}]},{\"@type\":\"ImageObject\",\"inLanguage\":\"ar\",\"@id\":\"https:\\\/\\\/vitablanca.ma\\\/produit\\\/cebelia-creme-confort-visage-40ml\\\/#primaryimage\",\"url\":\"https:\\\/\\\/vitablanca.ma\\\/wp-content\\\/uploads\\\/2025\\\/06\\\/Cebelia-Creme-Confort-Visage-40ml-nova-parapharmacie-maroc.jpg\",\"contentUrl\":\"https:\\\/\\\/vitablanca.ma\\\/wp-content\\\/uploads\\\/2025\\\/06\\\/Cebelia-Creme-Confort-Visage-40ml-nova-parapharmacie-maroc.jpg\",\"width\":1000,\"height\":1000},{\"@type\":\"BreadcrumbList\",\"@id\":\"https:\\\/\\\/vitablanca.ma\\\/produit\\\/cebelia-creme-confort-visage-40ml\\\/#breadcrumb\",\"itemListElement\":[{\"@type\":\"ListItem\",\"position\":1,\"name\":\"Home\",\"item\":\"https:\\\/\\\/vitablanca.ma\\\/\"},{\"@type\":\"ListItem\",\"position\":2,\"name\":\"Tous Les Produits\",\"item\":\"https:\\\/\\\/vitablanca.ma\\\/tous-les-produits\\\/\"},{\"@type\":\"ListItem\",\"position\":3,\"name\":\"Cebelia Cr\u00e8me Confort Visage 40ml\"}]},{\"@type\":\"WebSite\",\"@id\":\"https:\\\/\\\/vitablanca.ma\\\/#website\",\"url\":\"https:\\\/\\\/vitablanca.ma\\\/\",\"name\":\"VitaBlanca.ma | Compl\u00e9ments alimentaires, sant\u00e9 & beaut\u00e9 au Maroc\",\"description\":\"vendre vitamines et compl\u00e9ments premium des USA &amp; Canada, Nouvelle Z\u00e9lande,Maroc (NOW Foods, Solgar, Manuka). Livraison rapide partout au Maroc.\",\"publisher\":{\"@id\":\"https:\\\/\\\/vitablanca.ma\\\/#organization\"},\"alternateName\":\"VitaBlanca.ma\",\"potentialAction\":[{\"@type\":\"SearchAction\",\"target\":{\"@type\":\"EntryPoint\",\"urlTemplate\":\"https:\\\/\\\/vitablanca.ma\\\/?s={search_term_string}\"},\"query-input\":{\"@type\":\"PropertyValueSpecification\",\"valueRequired\":true,\"valueName\":\"search_term_string\"}}],\"inLanguage\":\"ar\"},{\"@type\":\"Organization\",\"@id\":\"https:\\\/\\\/vitablanca.ma\\\/#organization\",\"name\":\"VitaBlanca\",\"url\":\"https:\\\/\\\/vitablanca.ma\\\/\",\"logo\":{\"@type\":\"ImageObject\",\"inLanguage\":\"ar\",\"@id\":\"https:\\\/\\\/vitablanca.ma\\\/#\\\/schema\\\/logo\\\/image\\\/\",\"url\":\"https:\\\/\\\/vitablanca.ma\\\/wp-content\\\/uploads\\\/2025\\\/05\\\/cropped-vitablanca.png\",\"contentUrl\":\"https:\\\/\\\/vitablanca.ma\\\/wp-content\\\/uploads\\\/2025\\\/05\\\/cropped-vitablanca.png\",\"width\":360,\"height\":67,\"caption\":\"VitaBlanca\"},\"image\":{\"@id\":\"https:\\\/\\\/vitablanca.ma\\\/#\\\/schema\\\/logo\\\/image\\\/\"},\"sameAs\":[\"https:\\\/\\\/www.facebook.com\\\/profile.php?id=61576678196717\",\"https:\\\/\\\/www.tiktok.com\\\/@vitablanca.ma\",\"https:\\\/\\\/www.instagram.com\\\/vitablanca.ma\\\/\"]}]}<\/script>\n<!-- \/ Yoast SEO plugin. -->","yoast_head_json":{"title":"Cebelia Cr\u00e8me Confort Visage 40ml - Maroc Prix","description":"Cebelia Cr\u00e8me Confort Visage 40ml","robots":{"index":"index","follow":"follow","max-snippet":"max-snippet:-1","max-image-preview":"max-image-preview:large","max-video-preview":"max-video-preview:-1"},"canonical":"https:\/\/vitablanca.ma\/ar\/product-2\/cebelia-creme-confort-visage-40ml\/","og_locale":"ar_AR","og_type":"article","og_title":"Cebelia Cr\u00e8me Confort Visage 40ml - Maroc Prix","og_description":"Cebelia Cr\u00e8me Confort Visage 40ml","og_url":"https:\/\/vitablanca.ma\/ar\/product-2\/cebelia-creme-confort-visage-40ml\/","og_site_name":"Vitablanca.ma &ndash; Sant&eacute;, vitalit&eacute; et bien-&ecirc;tre pour tous les Marocains","article_publisher":"https:\/\/www.facebook.com\/profile.php?id=61576678196717","og_image":[{"width":1000,"height":1000,"url":"https:\/\/vitablanca.ma\/wp-content\/uploads\/2025\/06\/Cebelia-Creme-Confort-Visage-40ml-nova-parapharmacie-maroc.jpg","type":"image\/jpeg"}],"twitter_card":"summary_large_image","twitter_misc":{"\u0648\u0642\u062a \u0627\u0644\u0642\u0631\u0627\u0621\u0629 \u0627\u0644\u0645\u064f\u0642\u062f\u0651\u0631":"\u062f\u0642\u064a\u0642\u062a\u0627\u0646"},"schema":{"@context":"https:\/\/schema.org","@graph":[{"@type":["WebPage","ItemPage"],"@id":"https:\/\/vitablanca.ma\/produit\/cebelia-creme-confort-visage-40ml\/","url":"https:\/\/vitablanca.ma\/produit\/cebelia-creme-confort-visage-40ml\/","name":"Cebelia Cr\u00e8me Confort Visage 40ml - Maroc Prix","isPartOf":{"@id":"https:\/\/vitablanca.ma\/#website"},"primaryImageOfPage":{"@id":"https:\/\/vitablanca.ma\/produit\/cebelia-creme-confort-visage-40ml\/#primaryimage"},"image":{"@id":"https:\/\/vitablanca.ma\/produit\/cebelia-creme-confort-visage-40ml\/#primaryimage"},"thumbnailUrl":"https:\/\/vitablanca.ma\/wp-content\/uploads\/2025\/06\/Cebelia-Creme-Confort-Visage-40ml-nova-parapharmacie-maroc.jpg","datePublished":"2025-06-10T16:40:16+00:00","description":"Cebelia Cr\u00e8me Confort Visage 40ml","breadcrumb":{"@id":"https:\/\/vitablanca.ma\/produit\/cebelia-creme-confort-visage-40ml\/#breadcrumb"},"inLanguage":"ar","potentialAction":[{"@type":"ReadAction","target":["https:\/\/vitablanca.ma\/produit\/cebelia-creme-confort-visage-40ml\/"]}]},{"@type":"ImageObject","inLanguage":"ar","@id":"https:\/\/vitablanca.ma\/produit\/cebelia-creme-confort-visage-40ml\/#primaryimage","url":"https:\/\/vitablanca.ma\/wp-content\/uploads\/2025\/06\/Cebelia-Creme-Confort-Visage-40ml-nova-parapharmacie-maroc.jpg","contentUrl":"https:\/\/vitablanca.ma\/wp-content\/uploads\/2025\/06\/Cebelia-Creme-Confort-Visage-40ml-nova-parapharmacie-maroc.jpg","width":1000,"height":1000},{"@type":"BreadcrumbList","@id":"https:\/\/vitablanca.ma\/produit\/cebelia-creme-confort-visage-40ml\/#breadcrumb","itemListElement":[{"@type":"ListItem","position":1,"name":"Home","item":"https:\/\/vitablanca.ma\/"},{"@type":"ListItem","position":2,"name":"Tous Les Produits","item":"https:\/\/vitablanca.ma\/tous-les-produits\/"},{"@type":"ListItem","position":3,"name":"Cebelia Cr\u00e8me Confort Visage 40ml"}]},{"@type":"WebSite","@id":"https:\/\/vitablanca.ma\/#website","url":"https:\/\/vitablanca.ma\/","name":"VitaBlanca.ma | \u0627\u0644\u0645\u0643\u0645\u0644\u0627\u062a \u0627\u0644\u063a\u0630\u0627\u0626\u064a\u0629\u060c \u0627\u0644\u0635\u062d\u0629 \u0648\u0627\u0644\u062c\u0645\u0627\u0644 \u0641\u064a \u0627\u0644\u0645\u063a\u0631\u0628","description":"\u0646\u0628\u064a\u0639 \u0641\u064a\u062a\u0627\u0645\u064a\u0646\u0627\u062a \u0648\u0645\u0643\u0645\u0644\u0627\u062a \u063a\u0630\u0627\u0626\u064a\u0629 \u0641\u0627\u062e\u0631\u0629 \u0645\u0646 \u0627\u0644\u0648\u0644\u0627\u064a\u0627\u062a \u0627\u0644\u0645\u062a\u062d\u062f\u0629 \u0627\u0644\u0623\u0645\u0631\u064a\u0643\u064a\u0629 \u0648\u0643\u0646\u062f\u0627 \u0648\u0646\u064a\u0648\u0632\u064a\u0644\u0646\u062f\u0627 \u0648\u0627\u0644\u0645\u063a\u0631\u0628 (\u0646\u0627\u0648 \u0641\u0648\u062f\u0632\u060c \u0633\u0648\u0644\u062c\u0627\u0631\u060c \u0645\u0627\u0646\u0648\u0643\u0627). \u062a\u0648\u0635\u064a\u0644 \u0633\u0631\u064a\u0639 \u0625\u0644\u0649 \u062c\u0645\u064a\u0639 \u0623\u0646\u062d\u0627\u0621 \u0627\u0644\u0645\u063a\u0631\u0628.","publisher":{"@id":"https:\/\/vitablanca.ma\/#organization"},"alternateName":"VitaBlanca.ma","potentialAction":[{"@type":"SearchAction","target":{"@type":"EntryPoint","urlTemplate":"https:\/\/vitablanca.ma\/?s={search_term_string}"},"query-input":{"@type":"PropertyValueSpecification","valueRequired":true,"valueName":"search_term_string"}}],"inLanguage":"ar"},{"@type":"Organization","@id":"https:\/\/vitablanca.ma\/#organization","name":"\u0641\u064a\u062a\u0627\u0628\u0644\u0627\u0646\u0643\u0627","url":"https:\/\/vitablanca.ma\/","logo":{"@type":"ImageObject","inLanguage":"ar","@id":"https:\/\/vitablanca.ma\/#\/schema\/logo\/image\/","url":"https:\/\/vitablanca.ma\/wp-content\/uploads\/2025\/05\/cropped-vitablanca.png","contentUrl":"https:\/\/vitablanca.ma\/wp-content\/uploads\/2025\/05\/cropped-vitablanca.png","width":360,"height":67,"caption":"VitaBlanca"},"image":{"@id":"https:\/\/vitablanca.ma\/#\/schema\/logo\/image\/"},"sameAs":["https:\/\/www.facebook.com\/profile.php?id=61576678196717","https:\/\/www.tiktok.com\/@vitablanca.ma","https:\/\/www.instagram.com\/vitablanca.ma\/"]}]}},"jetpack_sharing_enabled":true,"_links":{"self":[{"href":"https:\/\/vitablanca.ma\/ar\/wp-json\/wp\/v2\/product\/16214","targetHints":{"allow":["GET"]}}],"collection":[{"href":"https:\/\/vitablanca.ma\/ar\/wp-json\/wp\/v2\/product"}],"about":[{"href":"https:\/\/vitablanca.ma\/ar\/wp-json\/wp\/v2\/types\/product"}],"wp:featuredmedia":[{"embeddable":true,"href":"https:\/\/vitablanca.ma\/ar\/wp-json\/wp\/v2\/media\/16211"}],"wp:attachment":[{"href":"https:\/\/vitablanca.ma\/ar\/wp-json\/wp\/v2\/media?parent=16214"}],"wp:term":[{"taxonomy":"product_brand","embeddable":true,"href":"https:\/\/vitablanca.ma\/ar\/wp-json\/wp\/v2\/product_brand?post=16214"},{"taxonomy":"product_cat","embeddable":true,"href":"https:\/\/vitablanca.ma\/ar\/wp-json\/wp\/v2\/product_cat?post=16214"},{"taxonomy":"product_tag","embeddable":true,"href":"https:\/\/vitablanca.ma\/ar\/wp-json\/wp\/v2\/product_tag?post=16214"}],"curies":[{"name":"wp","href":"https:\/\/api.w.org\/{rel}","templated":true}]}}