{"id":16197,"date":"2025-06-10T16:40:02","date_gmt":"2025-06-10T16:40:02","guid":{"rendered":"https:\/\/vitablanca.ma\/product\/cebelia-depigmentant-renforce-30ml\/"},"modified":"2025-06-10T16:40:02","modified_gmt":"2025-06-10T16:40:02","slug":"cebelia-depigmentant-renforce-30ml","status":"publish","type":"product","link":"https:\/\/vitablanca.ma\/ar\/product-2\/cebelia-depigmentant-renforce-30ml\/","title":{"rendered":"\u0633\u064a\u0628\u064a\u0644\u064a\u0627 \u0627\u0644\u0645\u0639\u0632\u0632 \u0644\u0625\u0632\u0627\u0644\u0629 \u0627\u0644\u062a\u0635\u0628\u063a\u0627\u062a 30 \u0645\u0644"},"content":{"rendered":"<h2>Cebelia D\u00e9pigmentant Renforc\u00e9 Cr\u00e8me Anti-Taches Visage &amp; Corps<\/h2>\n<div class=\"product-description\">\n<p class=\"p1\"><span>Votre alli\u00e9 contre les taches\u00a0pigmentaires : la Pekaline, notre actif brevet\u00e9 offrant une nouvelle approche de la d\u00e9pigmentation. Notre D\u00e9pigmentant Renforc\u00e9 agit sur\u00a0:<\/span><\/p>\n<ul>\n<li>Les taches existantes\u00a0: m\u00e9lasma, taches de grossesse, de vieillesse\u2026<\/li>\n<li>Les taches en cours de formation.<\/li>\n<\/ul>\n<p><em>R\u00e9sultats visibles apr\u00e8s deux mois d\u2019utilisation, dans le cadre d\u2019une application quotidienne r\u00e9guli\u00e8re.<\/em><\/p>\n<div class=\"product-custom-part routine-quotidien\">\n<h3 class=\"product-custom-part-title\">\u0645\u0646\u062a\u062c\u064a \u0641\u064a \u0631\u0648\u062a\u064a\u0646\u064a \u0627\u0644\u064a\u0648\u0645\u064a<\/h3>\n<hr>\n<div class=\"product-custom-part-content\">\n<p>Appliquer sur peau parfaitement nettoy\u00e9e, attendre jusqu\u2019\u00e0 p\u00e9n\u00e9tration compl\u00e8te du produit avant d\u2019appliquer son soin quotidien. Utiliser un\u00a0\u00e9cran solaire SPF50\u00a0pendant toute la dur\u00e9e de l\u2019utilisation du D\u00e9pigmentant Renforc\u00e9.<\/p>\n<p><em>Peau normale :<\/em>\u00a0appliquer 2 fois par jour (\u00e9viter le contact avec le contour des yeux). Des picotements peuvent appara\u00eetre en d\u00e9but de traitement, il est alors conseill\u00e9 d\u2019espacer l&rsquo;application \u00e0 un jour sur deux puis d\u2019augmenter progressivement la fr\u00e9quence.<\/p>\n<p><em>Peau sensible et tr\u00e8s sensible\u00a0:<\/em><span>\u00a0<\/span>une utilisation progressive est conseill\u00e9e. Un jour sur deux ou une fois par jour la premi\u00e8re semaine (plut\u00f4t le soir), puis augmenter progressivement la fr\u00e9quence d\u2019utilisation jusqu\u2019\u00e0 2 applications par jour.<\/p>\n<p><em>Convient aux peaux noires et asiatiques.<\/em><\/p>\n<p><em>\u0627\u0644\u062a\u062d\u0645\u0644 \u0648\u0627\u0644\u0633\u0644\u0627\u0645\u0629 \u0648\u0627\u0644\u0641\u0639\u0627\u0644\u064a\u0629 \u0645\u0636\u0645\u0648\u0646\u0629 \u0645\u0646 \u062e\u0644\u0627\u0644 \u062f\u0631\u0627\u0633\u0627\u062a\u0646\u0627 \u0627\u0644\u0633\u0631\u064a\u0631\u064a\u0629 \u0648\u0623\u0643\u062b\u0631 \u0645\u0646 10 \u0633\u0646\u0648\u0627\u062a \u0645\u0646 \u0627\u0644\u062e\u0628\u0631\u0629 \u0641\u064a \u062a\u0631\u0643\u064a\u0628\u0627\u062a\u0646\u0627.<\/em><\/p>\n<\/div>\n<\/div>\n<div class=\"product-custom-part cadre-esthetique\">\n<h3 class=\"product-custom-part-title\">\u0645\u0646\u062a\u062c\u064a \u0643\u062c\u0632\u0621 \u0645\u0646 \u0625\u062c\u0631\u0627\u0621 \u062a\u062c\u0645\u064a\u0644\u064a<\/h3>\n<hr>\n<div class=\"product-custom-part-content\">\n<p>Les m\u00e9decins le prescrivent en compl\u00e9ments d\u2019actes esth\u00e9tiques tels que :<\/p>\n<ul>\n<li>\u062a\u0642\u0634\u064a\u0631\u061b<\/li>\n<li>Laser;<\/li>\n<li>Pr\u00e9paration d\u00e9pigmentante Trio de Kligman;<\/li>\n<li>Traitement \u00e0 l\u2019azote;<\/li>\n<li>Correction de\u00a0l\u2019hyperpigmentation inflammatoire post-chirurgie ou post proc\u00e9dures de m\u00e9decine esth\u00e9tique.\u00a0<\/li>\n<\/ul>\n<p>Utilis\u00e9 seul en pratique dermatologique par les m\u00e9decins sur :<\/p>\n<ul>\n<li>Le melasma ou masque de grossesse;<\/li>\n<li>Les taches de vieillesse (lentigos).<\/li>\n<\/ul>\n<\/div>\n<\/div>\n<div class=\"product-custom-part formule-produit\">\n<h3 class=\"product-custom-part-title\">\u0643\u064a\u0641 \u0642\u0645\u0646\u0627 \u0628\u0635\u064a\u0627\u063a\u0629 \u0647\u0630\u0627 \u0627\u0644\u0645\u0646\u062a\u062c\u061f<\/h3>\n<hr>\n<div class=\"product-custom-part-content\">\n<p>Association unique d\u2019actifs qui agissent \u00e0 plusieurs \u00e9tapes du processus de formation de la m\u00e9lanine (pigment qui colore la peau) :<\/p>\n<ul>\n<li>\n<strong>Pekaline, innovation fran\u00e7aise brevet\u00e9e:<\/strong>\u00a0perturbe la maturation de la m\u00e9lanine<\/li>\n<li>\n<strong>\u0641\u064a\u062a\u0627\u0645\u064a\u0646 \u0633\u064a<\/strong>: r\u00e9duit la synth\u00e8se de la m\u00e9lanine<\/li>\n<li>\n<strong>Vitamine PP (niacinamide):<\/strong><span>\u00a0<\/span>r\u00e9gule la distribution de la m\u00e9lanine<\/li>\n<li>\n<strong>Acide glycolique<\/strong><span>\u00a0<\/span>: exfolie la peau en douceur et augmente la p\u00e9n\u00e9tration des actifs<\/li>\n<\/ul>\n<\/div>\n<\/div>\n<\/div>","protected":false},"excerpt":{"rendered":"<p>Cebelia D\u00e9pigmentant Renforc\u00e9 Cr\u00e8me Anti-Taches Visage &amp; Corps Votre alli\u00e9 contre les taches\u00a0pigmentaires : la Pekaline, notre actif brevet\u00e9 offrant une nouvelle approche de la d\u00e9pigmentation. Notre D\u00e9pigmentant Renforc\u00e9 agit sur\u00a0: Les taches existantes\u00a0: m\u00e9lasma, taches de grossesse, de vieillesse\u2026 Les taches en cours de formation. R\u00e9sultats visibles apr\u00e8s deux mois d\u2019utilisation, dans le cadre [&hellip;]<\/p>\n","protected":false},"featured_media":16196,"template":"","meta":{"om_disable_all_campaigns":false},"product_brand":[],"product_cat":[15],"product_tag":[],"class_list":{"0":"post-16197","1":"product","2":"type-product","3":"status-publish","4":"has-post-thumbnail","6":"product_cat-beaute-sante-complements-alimentaires-soins-et-bien-etre-au-meilleur-prix","8":"first","9":"instock","10":"sale","11":"taxable","12":"shipping-taxable","13":"purchasable","14":"product-type-simple"},"yoast_head":"<!-- This site is optimized with the Yoast SEO plugin v27.3 - https:\/\/yoast.com\/product\/yoast-seo-wordpress\/ -->\n<title>Cebelia D\u00e9pigmentant Renforc\u00e9 30ml - Maroc Prix<\/title>\n<meta name=\"description\" content=\"Cebelia D\u00e9pigmentant Renforc\u00e9 30ml\" \/>\n<meta name=\"robots\" content=\"index, follow, max-snippet:-1, max-image-preview:large, max-video-preview:-1\" \/>\n<link rel=\"canonical\" href=\"https:\/\/vitablanca.ma\/ar\/product-2\/cebelia-depigmentant-renforce-30ml\/\" \/>\n<meta property=\"og:locale\" content=\"ar_AR\" \/>\n<meta property=\"og:type\" content=\"article\" \/>\n<meta property=\"og:title\" content=\"Cebelia D\u00e9pigmentant Renforc\u00e9 30ml - Maroc Prix\" \/>\n<meta property=\"og:description\" content=\"Cebelia D\u00e9pigmentant Renforc\u00e9 30ml\" \/>\n<meta property=\"og:url\" content=\"https:\/\/vitablanca.ma\/ar\/product-2\/cebelia-depigmentant-renforce-30ml\/\" \/>\n<meta property=\"og:site_name\" content=\"Vitablanca.ma &ndash; Sant&eacute;, vitalit&eacute; et bien-&ecirc;tre pour tous les Marocains\" \/>\n<meta property=\"article:publisher\" content=\"https:\/\/www.facebook.com\/profile.php?id=61576678196717\" \/>\n<meta property=\"og:image\" content=\"https:\/\/vitablanca.ma\/wp-content\/uploads\/2025\/06\/Cebelia-Depigmentant-Renforce-30ml-nova-parapharmacie-maroc.jpg\" \/>\n\t<meta property=\"og:image:width\" content=\"1000\" \/>\n\t<meta property=\"og:image:height\" content=\"1000\" \/>\n\t<meta property=\"og:image:type\" content=\"image\/jpeg\" \/>\n<meta name=\"twitter:card\" content=\"summary_large_image\" \/>\n<meta name=\"twitter:label1\" content=\"\u0648\u0642\u062a \u0627\u0644\u0642\u0631\u0627\u0621\u0629 \u0627\u0644\u0645\u064f\u0642\u062f\u0651\u0631\" \/>\n\t<meta name=\"twitter:data1\" content=\"\u062f\u0642\u064a\u0642\u062a\u0627\u0646\" \/>\n<script type=\"application\/ld+json\" class=\"yoast-schema-graph\">{\"@context\":\"https:\\\/\\\/schema.org\",\"@graph\":[{\"@type\":[\"WebPage\",\"ItemPage\"],\"@id\":\"https:\\\/\\\/vitablanca.ma\\\/produit\\\/cebelia-depigmentant-renforce-30ml\\\/\",\"url\":\"https:\\\/\\\/vitablanca.ma\\\/produit\\\/cebelia-depigmentant-renforce-30ml\\\/\",\"name\":\"Cebelia D\u00e9pigmentant Renforc\u00e9 30ml - Maroc Prix\",\"isPartOf\":{\"@id\":\"https:\\\/\\\/vitablanca.ma\\\/#website\"},\"primaryImageOfPage\":{\"@id\":\"https:\\\/\\\/vitablanca.ma\\\/produit\\\/cebelia-depigmentant-renforce-30ml\\\/#primaryimage\"},\"image\":{\"@id\":\"https:\\\/\\\/vitablanca.ma\\\/produit\\\/cebelia-depigmentant-renforce-30ml\\\/#primaryimage\"},\"thumbnailUrl\":\"https:\\\/\\\/vitablanca.ma\\\/wp-content\\\/uploads\\\/2025\\\/06\\\/Cebelia-Depigmentant-Renforce-30ml-nova-parapharmacie-maroc.jpg\",\"datePublished\":\"2025-06-10T16:40:02+00:00\",\"description\":\"Cebelia D\u00e9pigmentant Renforc\u00e9 30ml\",\"breadcrumb\":{\"@id\":\"https:\\\/\\\/vitablanca.ma\\\/produit\\\/cebelia-depigmentant-renforce-30ml\\\/#breadcrumb\"},\"inLanguage\":\"ar\",\"potentialAction\":[{\"@type\":\"ReadAction\",\"target\":[\"https:\\\/\\\/vitablanca.ma\\\/produit\\\/cebelia-depigmentant-renforce-30ml\\\/\"]}]},{\"@type\":\"ImageObject\",\"inLanguage\":\"ar\",\"@id\":\"https:\\\/\\\/vitablanca.ma\\\/produit\\\/cebelia-depigmentant-renforce-30ml\\\/#primaryimage\",\"url\":\"https:\\\/\\\/vitablanca.ma\\\/wp-content\\\/uploads\\\/2025\\\/06\\\/Cebelia-Depigmentant-Renforce-30ml-nova-parapharmacie-maroc.jpg\",\"contentUrl\":\"https:\\\/\\\/vitablanca.ma\\\/wp-content\\\/uploads\\\/2025\\\/06\\\/Cebelia-Depigmentant-Renforce-30ml-nova-parapharmacie-maroc.jpg\",\"width\":1000,\"height\":1000},{\"@type\":\"BreadcrumbList\",\"@id\":\"https:\\\/\\\/vitablanca.ma\\\/produit\\\/cebelia-depigmentant-renforce-30ml\\\/#breadcrumb\",\"itemListElement\":[{\"@type\":\"ListItem\",\"position\":1,\"name\":\"Home\",\"item\":\"https:\\\/\\\/vitablanca.ma\\\/\"},{\"@type\":\"ListItem\",\"position\":2,\"name\":\"Tous Les Produits\",\"item\":\"https:\\\/\\\/vitablanca.ma\\\/tous-les-produits\\\/\"},{\"@type\":\"ListItem\",\"position\":3,\"name\":\"Cebelia D\u00e9pigmentant Renforc\u00e9 30ml\"}]},{\"@type\":\"WebSite\",\"@id\":\"https:\\\/\\\/vitablanca.ma\\\/#website\",\"url\":\"https:\\\/\\\/vitablanca.ma\\\/\",\"name\":\"VitaBlanca.ma | Compl\u00e9ments alimentaires, sant\u00e9 & beaut\u00e9 au Maroc\",\"description\":\"vendre vitamines et compl\u00e9ments premium des USA &amp; Canada, Nouvelle Z\u00e9lande,Maroc (NOW Foods, Solgar, Manuka). Livraison rapide partout au Maroc.\",\"publisher\":{\"@id\":\"https:\\\/\\\/vitablanca.ma\\\/#organization\"},\"alternateName\":\"VitaBlanca.ma\",\"potentialAction\":[{\"@type\":\"SearchAction\",\"target\":{\"@type\":\"EntryPoint\",\"urlTemplate\":\"https:\\\/\\\/vitablanca.ma\\\/?s={search_term_string}\"},\"query-input\":{\"@type\":\"PropertyValueSpecification\",\"valueRequired\":true,\"valueName\":\"search_term_string\"}}],\"inLanguage\":\"ar\"},{\"@type\":\"Organization\",\"@id\":\"https:\\\/\\\/vitablanca.ma\\\/#organization\",\"name\":\"VitaBlanca\",\"url\":\"https:\\\/\\\/vitablanca.ma\\\/\",\"logo\":{\"@type\":\"ImageObject\",\"inLanguage\":\"ar\",\"@id\":\"https:\\\/\\\/vitablanca.ma\\\/#\\\/schema\\\/logo\\\/image\\\/\",\"url\":\"https:\\\/\\\/vitablanca.ma\\\/wp-content\\\/uploads\\\/2025\\\/05\\\/cropped-vitablanca.png\",\"contentUrl\":\"https:\\\/\\\/vitablanca.ma\\\/wp-content\\\/uploads\\\/2025\\\/05\\\/cropped-vitablanca.png\",\"width\":360,\"height\":67,\"caption\":\"VitaBlanca\"},\"image\":{\"@id\":\"https:\\\/\\\/vitablanca.ma\\\/#\\\/schema\\\/logo\\\/image\\\/\"},\"sameAs\":[\"https:\\\/\\\/www.facebook.com\\\/profile.php?id=61576678196717\",\"https:\\\/\\\/www.tiktok.com\\\/@vitablanca.ma\",\"https:\\\/\\\/www.instagram.com\\\/vitablanca.ma\\\/\"]}]}<\/script>\n<!-- \/ Yoast SEO plugin. -->","yoast_head_json":{"title":"Cebelia D\u00e9pigmentant Renforc\u00e9 30ml - Maroc Prix","description":"\u0633\u064a\u0628\u064a\u0644\u064a\u0627 \u0627\u0644\u0645\u0639\u0632\u0632 \u0644\u0625\u0632\u0627\u0644\u0629 \u0627\u0644\u062a\u0635\u0628\u063a\u0627\u062a 30 \u0645\u0644","robots":{"index":"index","follow":"follow","max-snippet":"max-snippet:-1","max-image-preview":"max-image-preview:large","max-video-preview":"max-video-preview:-1"},"canonical":"https:\/\/vitablanca.ma\/ar\/product-2\/cebelia-depigmentant-renforce-30ml\/","og_locale":"ar_AR","og_type":"article","og_title":"Cebelia D\u00e9pigmentant Renforc\u00e9 30ml - Maroc Prix","og_description":"Cebelia D\u00e9pigmentant Renforc\u00e9 30ml","og_url":"https:\/\/vitablanca.ma\/ar\/product-2\/cebelia-depigmentant-renforce-30ml\/","og_site_name":"Vitablanca.ma &ndash; Sant&eacute;, vitalit&eacute; et bien-&ecirc;tre pour tous les Marocains","article_publisher":"https:\/\/www.facebook.com\/profile.php?id=61576678196717","og_image":[{"width":1000,"height":1000,"url":"https:\/\/vitablanca.ma\/wp-content\/uploads\/2025\/06\/Cebelia-Depigmentant-Renforce-30ml-nova-parapharmacie-maroc.jpg","type":"image\/jpeg"}],"twitter_card":"summary_large_image","twitter_misc":{"\u0648\u0642\u062a \u0627\u0644\u0642\u0631\u0627\u0621\u0629 \u0627\u0644\u0645\u064f\u0642\u062f\u0651\u0631":"\u062f\u0642\u064a\u0642\u062a\u0627\u0646"},"schema":{"@context":"https:\/\/schema.org","@graph":[{"@type":["WebPage","ItemPage"],"@id":"https:\/\/vitablanca.ma\/produit\/cebelia-depigmentant-renforce-30ml\/","url":"https:\/\/vitablanca.ma\/produit\/cebelia-depigmentant-renforce-30ml\/","name":"Cebelia D\u00e9pigmentant Renforc\u00e9 30ml - Maroc Prix","isPartOf":{"@id":"https:\/\/vitablanca.ma\/#website"},"primaryImageOfPage":{"@id":"https:\/\/vitablanca.ma\/produit\/cebelia-depigmentant-renforce-30ml\/#primaryimage"},"image":{"@id":"https:\/\/vitablanca.ma\/produit\/cebelia-depigmentant-renforce-30ml\/#primaryimage"},"thumbnailUrl":"https:\/\/vitablanca.ma\/wp-content\/uploads\/2025\/06\/Cebelia-Depigmentant-Renforce-30ml-nova-parapharmacie-maroc.jpg","datePublished":"2025-06-10T16:40:02+00:00","description":"\u0633\u064a\u0628\u064a\u0644\u064a\u0627 \u0627\u0644\u0645\u0639\u0632\u0632 \u0644\u0625\u0632\u0627\u0644\u0629 \u0627\u0644\u062a\u0635\u0628\u063a\u0627\u062a 30 \u0645\u0644","breadcrumb":{"@id":"https:\/\/vitablanca.ma\/produit\/cebelia-depigmentant-renforce-30ml\/#breadcrumb"},"inLanguage":"ar","potentialAction":[{"@type":"ReadAction","target":["https:\/\/vitablanca.ma\/produit\/cebelia-depigmentant-renforce-30ml\/"]}]},{"@type":"ImageObject","inLanguage":"ar","@id":"https:\/\/vitablanca.ma\/produit\/cebelia-depigmentant-renforce-30ml\/#primaryimage","url":"https:\/\/vitablanca.ma\/wp-content\/uploads\/2025\/06\/Cebelia-Depigmentant-Renforce-30ml-nova-parapharmacie-maroc.jpg","contentUrl":"https:\/\/vitablanca.ma\/wp-content\/uploads\/2025\/06\/Cebelia-Depigmentant-Renforce-30ml-nova-parapharmacie-maroc.jpg","width":1000,"height":1000},{"@type":"BreadcrumbList","@id":"https:\/\/vitablanca.ma\/produit\/cebelia-depigmentant-renforce-30ml\/#breadcrumb","itemListElement":[{"@type":"ListItem","position":1,"name":"Home","item":"https:\/\/vitablanca.ma\/"},{"@type":"ListItem","position":2,"name":"Tous Les Produits","item":"https:\/\/vitablanca.ma\/tous-les-produits\/"},{"@type":"ListItem","position":3,"name":"Cebelia D\u00e9pigmentant Renforc\u00e9 30ml"}]},{"@type":"WebSite","@id":"https:\/\/vitablanca.ma\/#website","url":"https:\/\/vitablanca.ma\/","name":"VitaBlanca.ma | \u0627\u0644\u0645\u0643\u0645\u0644\u0627\u062a \u0627\u0644\u063a\u0630\u0627\u0626\u064a\u0629\u060c \u0627\u0644\u0635\u062d\u0629 \u0648\u0627\u0644\u062c\u0645\u0627\u0644 \u0641\u064a \u0627\u0644\u0645\u063a\u0631\u0628","description":"\u0646\u0628\u064a\u0639 \u0641\u064a\u062a\u0627\u0645\u064a\u0646\u0627\u062a \u0648\u0645\u0643\u0645\u0644\u0627\u062a \u063a\u0630\u0627\u0626\u064a\u0629 \u0641\u0627\u062e\u0631\u0629 \u0645\u0646 \u0627\u0644\u0648\u0644\u0627\u064a\u0627\u062a \u0627\u0644\u0645\u062a\u062d\u062f\u0629 \u0627\u0644\u0623\u0645\u0631\u064a\u0643\u064a\u0629 \u0648\u0643\u0646\u062f\u0627 \u0648\u0646\u064a\u0648\u0632\u064a\u0644\u0646\u062f\u0627 \u0648\u0627\u0644\u0645\u063a\u0631\u0628 (\u0646\u0627\u0648 \u0641\u0648\u062f\u0632\u060c \u0633\u0648\u0644\u062c\u0627\u0631\u060c \u0645\u0627\u0646\u0648\u0643\u0627). \u062a\u0648\u0635\u064a\u0644 \u0633\u0631\u064a\u0639 \u0625\u0644\u0649 \u062c\u0645\u064a\u0639 \u0623\u0646\u062d\u0627\u0621 \u0627\u0644\u0645\u063a\u0631\u0628.","publisher":{"@id":"https:\/\/vitablanca.ma\/#organization"},"alternateName":"VitaBlanca.ma","potentialAction":[{"@type":"SearchAction","target":{"@type":"EntryPoint","urlTemplate":"https:\/\/vitablanca.ma\/?s={search_term_string}"},"query-input":{"@type":"PropertyValueSpecification","valueRequired":true,"valueName":"search_term_string"}}],"inLanguage":"ar"},{"@type":"Organization","@id":"https:\/\/vitablanca.ma\/#organization","name":"\u0641\u064a\u062a\u0627\u0628\u0644\u0627\u0646\u0643\u0627","url":"https:\/\/vitablanca.ma\/","logo":{"@type":"ImageObject","inLanguage":"ar","@id":"https:\/\/vitablanca.ma\/#\/schema\/logo\/image\/","url":"https:\/\/vitablanca.ma\/wp-content\/uploads\/2025\/05\/cropped-vitablanca.png","contentUrl":"https:\/\/vitablanca.ma\/wp-content\/uploads\/2025\/05\/cropped-vitablanca.png","width":360,"height":67,"caption":"VitaBlanca"},"image":{"@id":"https:\/\/vitablanca.ma\/#\/schema\/logo\/image\/"},"sameAs":["https:\/\/www.facebook.com\/profile.php?id=61576678196717","https:\/\/www.tiktok.com\/@vitablanca.ma","https:\/\/www.instagram.com\/vitablanca.ma\/"]}]}},"jetpack_sharing_enabled":true,"_links":{"self":[{"href":"https:\/\/vitablanca.ma\/ar\/wp-json\/wp\/v2\/product\/16197","targetHints":{"allow":["GET"]}}],"collection":[{"href":"https:\/\/vitablanca.ma\/ar\/wp-json\/wp\/v2\/product"}],"about":[{"href":"https:\/\/vitablanca.ma\/ar\/wp-json\/wp\/v2\/types\/product"}],"wp:featuredmedia":[{"embeddable":true,"href":"https:\/\/vitablanca.ma\/ar\/wp-json\/wp\/v2\/media\/16196"}],"wp:attachment":[{"href":"https:\/\/vitablanca.ma\/ar\/wp-json\/wp\/v2\/media?parent=16197"}],"wp:term":[{"taxonomy":"product_brand","embeddable":true,"href":"https:\/\/vitablanca.ma\/ar\/wp-json\/wp\/v2\/product_brand?post=16197"},{"taxonomy":"product_cat","embeddable":true,"href":"https:\/\/vitablanca.ma\/ar\/wp-json\/wp\/v2\/product_cat?post=16197"},{"taxonomy":"product_tag","embeddable":true,"href":"https:\/\/vitablanca.ma\/ar\/wp-json\/wp\/v2\/product_tag?post=16197"}],"curies":[{"name":"wp","href":"https:\/\/api.w.org\/{rel}","templated":true}]}}