{"id":16161,"date":"2025-06-10T16:39:07","date_gmt":"2025-06-10T16:39:07","guid":{"rendered":"https:\/\/vitablanca.ma\/product\/caditar-shampoing-anti-pelliculaire-150ml\/"},"modified":"2025-06-10T16:39:07","modified_gmt":"2025-06-10T16:39:07","slug":"caditar-shampoing-anti-pelliculaire-150ml","status":"publish","type":"product","link":"https:\/\/vitablanca.ma\/ar\/product-2\/caditar-shampoing-anti-pelliculaire-150ml\/","title":{"rendered":"\u0634\u0627\u0645\u0628\u0648 \u0643\u0627\u062f\u064a\u062a\u0627\u0631 \u0636\u062f \u0627\u0644\u0642\u0634\u0631\u0629 150 \u0645\u0644"},"content":{"rendered":"<div>\n<h2>Caditar Shampoing Anti-Pelliculaire<span data-mce-fragment=\"1\">ayant d\u00e9montr\u00e9 son efficacit\u00e9 dans l\u2019\u00e9limination durable des pellicules\u00a0<\/span><br \/>\n<\/h2>\n<p>Shampoing anti-pelliculaire aux extraits de propolis et de tea tree pour une \u00e9limination durable des pellicules s\u00e8ches.<\/p>\n<p>Une triple action sur le cuir chevelu:<\/p>\n<ul>\n<li>Normalise<\/li>\n<li>Purifie<\/li>\n<li>Traite<\/li>\n<\/ul>\n<p>Un shampoing ayant fait l\u2019objet d\u2019une \u00e9tude clinique in vivo ayant d\u00e9montr\u00e9 son efficacit\u00e9 dans l\u2019\u00e9limination durable des pellicules (86%des cas), le soulagement imm\u00e9diat des d\u00e9mangeaisons. (90% des cas) et la pr\u00e9vention de la r\u00e9apparition des pellicules (79% des cas).<\/p>\n<\/div>\n<div class=\"woocommerce-Tabs-panel woocommerce-Tabs-panel--description panel entry-content wc-tab\" id=\"tab-description\" role=\"tabpanel\" aria-labelledby=\"tab-title-description\" data-mce-fragment=\"1\">\n<h3 data-mce-fragment=\"1\">\u0645\u0644\u0643\u064a\u0627\u062a<\/h3>\n<p data-mce-fragment=\"1\">Grace a sa base lavante extra douce, CADITAR ANTI-PELLICULAIRE \u00e9vite de d\u00e9caper le cuir chevelu et \u00e9vite ainsi les effets \u00ab rebonds \u00bb. De plus, le zinc pyrithione ainsi que l\u2019acide salicylique agissent en douceur pour \u00e9viter l\u2019apparition et la r\u00e9apparition des pellicules. Le propolis et le tea tree soulagent les d\u00e9mangeaisons.<\/p>\n<h3 data-mce-fragment=\"1\">Comment utiliser le shampoing Caditar ANTI-PELLICULAIRE<\/h3>\n<p data-mce-fragment=\"1\">Agiter avant usage, appliquer sur les cheveux humides, faire mousser, laisser agir pendant 5 minutes. Rincer. Utiliser 4 fois par semaine.<\/p>\n<h3 data-mce-fragment=\"1\">\u062a\u0639\u0628\u064a\u0631<\/h3>\n<p data-mce-fragment=\"1\">Aqua, Sodium laureth sulfate, Cocamid propyl betaine, Acrylates complymer, Undecylenoyl glycin, Cocoglucosides, Glycerin, Zinc Pyrithione, Benzyl alcohol, Sodium hydroxide, Acrylate copolymer, Alcohol, Lavandula Angustifolia oil, Melaleuca alternifolia leaf oil, Salicylic acid, Lecithin, Pistacia lentiscus gum, Propolis extract, Sorbic acid, Sodium polynaphtalene sulfonate, Citric acid, Benzoic acid Potassium sorbate, Sodium benzoate.<\/p>\n<p data-mce-fragment=\"1\">\u0634\u0627\u0645\u0628\u0648 \u062a\u0645 \u0627\u062e\u062a\u0628\u0627\u0631\u0647 \u062a\u062d\u062a \u0625\u0634\u0631\u0627\u0641 \u0623\u0637\u0628\u0627\u0621 \u0627\u0644\u062c\u0644\u062f\u064a\u0629.<\/p>\n<h3 data-mce-fragment=\"1\">\u0627\u062d\u062a\u064a\u0627\u0637\u0627\u062a \u0627\u0644\u0627\u0633\u062a\u062e\u062f\u0627\u0645<\/h3>\n<p data-mce-fragment=\"1\">\u062a\u062c\u0646\u0628 \u0645\u0644\u0627\u0645\u0633\u0629 \u0627\u0644\u0639\u064a\u0646\u064a\u0646\u060c \u0627\u0634\u0637\u0641\u0647\u0645\u0627 \u062c\u064a\u062f\u064b\u0627 \u0628\u0627\u0644\u0645\u0627\u0621 \u0627\u0644\u0646\u0638\u064a\u0641. \u064a\u064f\u062d\u0641\u0638 \u0628\u0639\u064a\u062f\u064b\u0627 \u0639\u0646 \u0627\u0644\u062d\u0631\u0627\u0631\u0629.<\/p>\n<\/div>","protected":false},"excerpt":{"rendered":"<p>Caditar Shampoing Anti-Pelliculaireayant d\u00e9montr\u00e9 son efficacit\u00e9 dans l\u2019\u00e9limination durable des pellicules\u00a0 Shampoing anti-pelliculaire aux extraits de propolis et de tea tree pour une \u00e9limination durable des pellicules s\u00e8ches. Une triple action sur le cuir chevelu: Normalise Purifie Traite Un shampoing ayant fait l\u2019objet d\u2019une \u00e9tude clinique in vivo ayant d\u00e9montr\u00e9 son efficacit\u00e9 dans l\u2019\u00e9limination durable [&hellip;]<\/p>\n","protected":false},"featured_media":16160,"template":"","meta":{"om_disable_all_campaigns":false},"product_brand":[],"product_cat":[15],"product_tag":[],"class_list":{"0":"post-16161","1":"product","2":"type-product","3":"status-publish","4":"has-post-thumbnail","6":"product_cat-beaute-sante-complements-alimentaires-soins-et-bien-etre-au-meilleur-prix","8":"first","9":"instock","10":"sale","11":"taxable","12":"shipping-taxable","13":"purchasable","14":"product-type-simple"},"yoast_head":"<!-- This site is optimized with the Yoast SEO plugin v27.5 - https:\/\/yoast.com\/product\/yoast-seo-wordpress\/ -->\n<title>Caditar Shampoing Anti-Pelliculaire 150ml - Maroc Prix<\/title>\n<meta name=\"description\" content=\"Caditar Shampoing Anti-Pelliculaire 150ml\" \/>\n<meta name=\"robots\" content=\"index, follow, max-snippet:-1, max-image-preview:large, max-video-preview:-1\" \/>\n<link rel=\"canonical\" href=\"https:\/\/vitablanca.ma\/ar\/product-2\/caditar-shampoing-anti-pelliculaire-150ml\/\" \/>\n<meta property=\"og:locale\" content=\"ar_AR\" \/>\n<meta property=\"og:type\" content=\"article\" \/>\n<meta property=\"og:title\" content=\"Caditar Shampoing Anti-Pelliculaire 150ml - Maroc Prix\" \/>\n<meta property=\"og:description\" content=\"Caditar Shampoing Anti-Pelliculaire 150ml\" \/>\n<meta property=\"og:url\" content=\"https:\/\/vitablanca.ma\/ar\/product-2\/caditar-shampoing-anti-pelliculaire-150ml\/\" \/>\n<meta property=\"og:site_name\" content=\"Vitablanca.ma &ndash; Sant&eacute;, vitalit&eacute; et bien-&ecirc;tre pour tous les Marocains\" \/>\n<meta property=\"article:publisher\" content=\"https:\/\/www.facebook.com\/profile.php?id=61576678196717\" \/>\n<meta property=\"og:image\" content=\"https:\/\/vitablanca.ma\/wp-content\/uploads\/2025\/06\/Caditar-Shampoing-Antipelliculaire-Antiseborreique-150-ml-nova-parapharmacie-maroc.jpg\" \/>\n\t<meta property=\"og:image:width\" content=\"1000\" \/>\n\t<meta property=\"og:image:height\" content=\"1000\" \/>\n\t<meta property=\"og:image:type\" content=\"image\/jpeg\" \/>\n<meta name=\"twitter:card\" content=\"summary_large_image\" \/>\n<meta name=\"twitter:label1\" content=\"\u0648\u0642\u062a \u0627\u0644\u0642\u0631\u0627\u0621\u0629 \u0627\u0644\u0645\u064f\u0642\u062f\u0651\u0631\" \/>\n\t<meta name=\"twitter:data1\" content=\"\u062f\u0642\u064a\u0642\u0629 \u0648\u0627\u062d\u062f\u0629\" \/>\n<script type=\"application\/ld+json\" class=\"yoast-schema-graph\">{\"@context\":\"https:\\\/\\\/schema.org\",\"@graph\":[{\"@type\":[\"WebPage\",\"ItemPage\"],\"@id\":\"https:\\\/\\\/vitablanca.ma\\\/produit\\\/caditar-shampoing-anti-pelliculaire-150ml\\\/\",\"url\":\"https:\\\/\\\/vitablanca.ma\\\/produit\\\/caditar-shampoing-anti-pelliculaire-150ml\\\/\",\"name\":\"Caditar Shampoing Anti-Pelliculaire 150ml - Maroc Prix\",\"isPartOf\":{\"@id\":\"https:\\\/\\\/vitablanca.ma\\\/#website\"},\"primaryImageOfPage\":{\"@id\":\"https:\\\/\\\/vitablanca.ma\\\/produit\\\/caditar-shampoing-anti-pelliculaire-150ml\\\/#primaryimage\"},\"image\":{\"@id\":\"https:\\\/\\\/vitablanca.ma\\\/produit\\\/caditar-shampoing-anti-pelliculaire-150ml\\\/#primaryimage\"},\"thumbnailUrl\":\"https:\\\/\\\/vitablanca.ma\\\/wp-content\\\/uploads\\\/2025\\\/06\\\/Caditar-Shampoing-Antipelliculaire-Antiseborreique-150-ml-nova-parapharmacie-maroc.jpg\",\"datePublished\":\"2025-06-10T16:39:07+00:00\",\"description\":\"Caditar Shampoing Anti-Pelliculaire 150ml\",\"breadcrumb\":{\"@id\":\"https:\\\/\\\/vitablanca.ma\\\/produit\\\/caditar-shampoing-anti-pelliculaire-150ml\\\/#breadcrumb\"},\"inLanguage\":\"ar\",\"potentialAction\":[{\"@type\":\"ReadAction\",\"target\":[\"https:\\\/\\\/vitablanca.ma\\\/produit\\\/caditar-shampoing-anti-pelliculaire-150ml\\\/\"]}]},{\"@type\":\"ImageObject\",\"inLanguage\":\"ar\",\"@id\":\"https:\\\/\\\/vitablanca.ma\\\/produit\\\/caditar-shampoing-anti-pelliculaire-150ml\\\/#primaryimage\",\"url\":\"https:\\\/\\\/vitablanca.ma\\\/wp-content\\\/uploads\\\/2025\\\/06\\\/Caditar-Shampoing-Antipelliculaire-Antiseborreique-150-ml-nova-parapharmacie-maroc.jpg\",\"contentUrl\":\"https:\\\/\\\/vitablanca.ma\\\/wp-content\\\/uploads\\\/2025\\\/06\\\/Caditar-Shampoing-Antipelliculaire-Antiseborreique-150-ml-nova-parapharmacie-maroc.jpg\",\"width\":1000,\"height\":1000},{\"@type\":\"BreadcrumbList\",\"@id\":\"https:\\\/\\\/vitablanca.ma\\\/produit\\\/caditar-shampoing-anti-pelliculaire-150ml\\\/#breadcrumb\",\"itemListElement\":[{\"@type\":\"ListItem\",\"position\":1,\"name\":\"Home\",\"item\":\"https:\\\/\\\/vitablanca.ma\\\/\"},{\"@type\":\"ListItem\",\"position\":2,\"name\":\"Tous Les Produits\",\"item\":\"https:\\\/\\\/vitablanca.ma\\\/tous-les-produits\\\/\"},{\"@type\":\"ListItem\",\"position\":3,\"name\":\"Caditar Shampoing Anti-Pelliculaire 150ml\"}]},{\"@type\":\"WebSite\",\"@id\":\"https:\\\/\\\/vitablanca.ma\\\/#website\",\"url\":\"https:\\\/\\\/vitablanca.ma\\\/\",\"name\":\"VitaBlanca.ma | Compl\u00e9ments alimentaires, sant\u00e9 & beaut\u00e9 au Maroc\",\"description\":\"vendre vitamines et compl\u00e9ments premium des USA &amp; Canada, Nouvelle Z\u00e9lande,Maroc (NOW Foods, Solgar, Manuka). Livraison rapide partout au Maroc.\",\"publisher\":{\"@id\":\"https:\\\/\\\/vitablanca.ma\\\/#organization\"},\"alternateName\":\"VitaBlanca.ma\",\"potentialAction\":[{\"@type\":\"SearchAction\",\"target\":{\"@type\":\"EntryPoint\",\"urlTemplate\":\"https:\\\/\\\/vitablanca.ma\\\/?s={search_term_string}\"},\"query-input\":{\"@type\":\"PropertyValueSpecification\",\"valueRequired\":true,\"valueName\":\"search_term_string\"}}],\"inLanguage\":\"ar\"},{\"@type\":\"Organization\",\"@id\":\"https:\\\/\\\/vitablanca.ma\\\/#organization\",\"name\":\"VitaBlanca\",\"url\":\"https:\\\/\\\/vitablanca.ma\\\/\",\"logo\":{\"@type\":\"ImageObject\",\"inLanguage\":\"ar\",\"@id\":\"https:\\\/\\\/vitablanca.ma\\\/#\\\/schema\\\/logo\\\/image\\\/\",\"url\":\"https:\\\/\\\/vitablanca.ma\\\/wp-content\\\/uploads\\\/2025\\\/05\\\/cropped-vitablanca.png\",\"contentUrl\":\"https:\\\/\\\/vitablanca.ma\\\/wp-content\\\/uploads\\\/2025\\\/05\\\/cropped-vitablanca.png\",\"width\":360,\"height\":67,\"caption\":\"VitaBlanca\"},\"image\":{\"@id\":\"https:\\\/\\\/vitablanca.ma\\\/#\\\/schema\\\/logo\\\/image\\\/\"},\"sameAs\":[\"https:\\\/\\\/www.facebook.com\\\/profile.php?id=61576678196717\",\"https:\\\/\\\/www.tiktok.com\\\/@vitablanca.ma\",\"https:\\\/\\\/www.instagram.com\\\/vitablanca.ma\\\/\"]}]}<\/script>\n<!-- \/ Yoast SEO plugin. -->","yoast_head_json":{"title":"Caditar Shampoing Anti-Pelliculaire 150ml - Maroc Prix","description":"\u0634\u0627\u0645\u0628\u0648 \u0643\u0627\u062f\u064a\u062a\u0627\u0631 \u0636\u062f \u0627\u0644\u0642\u0634\u0631\u0629 150 \u0645\u0644","robots":{"index":"index","follow":"follow","max-snippet":"max-snippet:-1","max-image-preview":"max-image-preview:large","max-video-preview":"max-video-preview:-1"},"canonical":"https:\/\/vitablanca.ma\/ar\/product-2\/caditar-shampoing-anti-pelliculaire-150ml\/","og_locale":"ar_AR","og_type":"article","og_title":"Caditar Shampoing Anti-Pelliculaire 150ml - Maroc Prix","og_description":"Caditar Shampoing Anti-Pelliculaire 150ml","og_url":"https:\/\/vitablanca.ma\/ar\/product-2\/caditar-shampoing-anti-pelliculaire-150ml\/","og_site_name":"Vitablanca.ma &ndash; Sant&eacute;, vitalit&eacute; et bien-&ecirc;tre pour tous les Marocains","article_publisher":"https:\/\/www.facebook.com\/profile.php?id=61576678196717","og_image":[{"width":1000,"height":1000,"url":"https:\/\/vitablanca.ma\/wp-content\/uploads\/2025\/06\/Caditar-Shampoing-Antipelliculaire-Antiseborreique-150-ml-nova-parapharmacie-maroc.jpg","type":"image\/jpeg"}],"twitter_card":"summary_large_image","twitter_misc":{"\u0648\u0642\u062a \u0627\u0644\u0642\u0631\u0627\u0621\u0629 \u0627\u0644\u0645\u064f\u0642\u062f\u0651\u0631":"\u062f\u0642\u064a\u0642\u0629 \u0648\u0627\u062d\u062f\u0629"},"schema":{"@context":"https:\/\/schema.org","@graph":[{"@type":["WebPage","ItemPage"],"@id":"https:\/\/vitablanca.ma\/produit\/caditar-shampoing-anti-pelliculaire-150ml\/","url":"https:\/\/vitablanca.ma\/produit\/caditar-shampoing-anti-pelliculaire-150ml\/","name":"Caditar Shampoing Anti-Pelliculaire 150ml - Maroc Prix","isPartOf":{"@id":"https:\/\/vitablanca.ma\/#website"},"primaryImageOfPage":{"@id":"https:\/\/vitablanca.ma\/produit\/caditar-shampoing-anti-pelliculaire-150ml\/#primaryimage"},"image":{"@id":"https:\/\/vitablanca.ma\/produit\/caditar-shampoing-anti-pelliculaire-150ml\/#primaryimage"},"thumbnailUrl":"https:\/\/vitablanca.ma\/wp-content\/uploads\/2025\/06\/Caditar-Shampoing-Antipelliculaire-Antiseborreique-150-ml-nova-parapharmacie-maroc.jpg","datePublished":"2025-06-10T16:39:07+00:00","description":"\u0634\u0627\u0645\u0628\u0648 \u0643\u0627\u062f\u064a\u062a\u0627\u0631 \u0636\u062f \u0627\u0644\u0642\u0634\u0631\u0629 150 \u0645\u0644","breadcrumb":{"@id":"https:\/\/vitablanca.ma\/produit\/caditar-shampoing-anti-pelliculaire-150ml\/#breadcrumb"},"inLanguage":"ar","potentialAction":[{"@type":"ReadAction","target":["https:\/\/vitablanca.ma\/produit\/caditar-shampoing-anti-pelliculaire-150ml\/"]}]},{"@type":"ImageObject","inLanguage":"ar","@id":"https:\/\/vitablanca.ma\/produit\/caditar-shampoing-anti-pelliculaire-150ml\/#primaryimage","url":"https:\/\/vitablanca.ma\/wp-content\/uploads\/2025\/06\/Caditar-Shampoing-Antipelliculaire-Antiseborreique-150-ml-nova-parapharmacie-maroc.jpg","contentUrl":"https:\/\/vitablanca.ma\/wp-content\/uploads\/2025\/06\/Caditar-Shampoing-Antipelliculaire-Antiseborreique-150-ml-nova-parapharmacie-maroc.jpg","width":1000,"height":1000},{"@type":"BreadcrumbList","@id":"https:\/\/vitablanca.ma\/produit\/caditar-shampoing-anti-pelliculaire-150ml\/#breadcrumb","itemListElement":[{"@type":"ListItem","position":1,"name":"Home","item":"https:\/\/vitablanca.ma\/"},{"@type":"ListItem","position":2,"name":"Tous Les Produits","item":"https:\/\/vitablanca.ma\/tous-les-produits\/"},{"@type":"ListItem","position":3,"name":"Caditar Shampoing Anti-Pelliculaire 150ml"}]},{"@type":"WebSite","@id":"https:\/\/vitablanca.ma\/#website","url":"https:\/\/vitablanca.ma\/","name":"VitaBlanca.ma | \u0627\u0644\u0645\u0643\u0645\u0644\u0627\u062a \u0627\u0644\u063a\u0630\u0627\u0626\u064a\u0629\u060c \u0627\u0644\u0635\u062d\u0629 \u0648\u0627\u0644\u062c\u0645\u0627\u0644 \u0641\u064a \u0627\u0644\u0645\u063a\u0631\u0628","description":"\u0646\u0628\u064a\u0639 \u0641\u064a\u062a\u0627\u0645\u064a\u0646\u0627\u062a \u0648\u0645\u0643\u0645\u0644\u0627\u062a \u063a\u0630\u0627\u0626\u064a\u0629 \u0641\u0627\u062e\u0631\u0629 \u0645\u0646 \u0627\u0644\u0648\u0644\u0627\u064a\u0627\u062a \u0627\u0644\u0645\u062a\u062d\u062f\u0629 \u0627\u0644\u0623\u0645\u0631\u064a\u0643\u064a\u0629 \u0648\u0643\u0646\u062f\u0627 \u0648\u0646\u064a\u0648\u0632\u064a\u0644\u0646\u062f\u0627 \u0648\u0627\u0644\u0645\u063a\u0631\u0628 (\u0646\u0627\u0648 \u0641\u0648\u062f\u0632\u060c \u0633\u0648\u0644\u062c\u0627\u0631\u060c \u0645\u0627\u0646\u0648\u0643\u0627). \u062a\u0648\u0635\u064a\u0644 \u0633\u0631\u064a\u0639 \u0625\u0644\u0649 \u062c\u0645\u064a\u0639 \u0623\u0646\u062d\u0627\u0621 \u0627\u0644\u0645\u063a\u0631\u0628.","publisher":{"@id":"https:\/\/vitablanca.ma\/#organization"},"alternateName":"VitaBlanca.ma","potentialAction":[{"@type":"SearchAction","target":{"@type":"EntryPoint","urlTemplate":"https:\/\/vitablanca.ma\/?s={search_term_string}"},"query-input":{"@type":"PropertyValueSpecification","valueRequired":true,"valueName":"search_term_string"}}],"inLanguage":"ar"},{"@type":"Organization","@id":"https:\/\/vitablanca.ma\/#organization","name":"\u0641\u064a\u062a\u0627\u0628\u0644\u0627\u0646\u0643\u0627","url":"https:\/\/vitablanca.ma\/","logo":{"@type":"ImageObject","inLanguage":"ar","@id":"https:\/\/vitablanca.ma\/#\/schema\/logo\/image\/","url":"https:\/\/vitablanca.ma\/wp-content\/uploads\/2025\/05\/cropped-vitablanca.png","contentUrl":"https:\/\/vitablanca.ma\/wp-content\/uploads\/2025\/05\/cropped-vitablanca.png","width":360,"height":67,"caption":"VitaBlanca"},"image":{"@id":"https:\/\/vitablanca.ma\/#\/schema\/logo\/image\/"},"sameAs":["https:\/\/www.facebook.com\/profile.php?id=61576678196717","https:\/\/www.tiktok.com\/@vitablanca.ma","https:\/\/www.instagram.com\/vitablanca.ma\/"]}]}},"jetpack_sharing_enabled":true,"_links":{"self":[{"href":"https:\/\/vitablanca.ma\/ar\/wp-json\/wp\/v2\/product\/16161","targetHints":{"allow":["GET"]}}],"collection":[{"href":"https:\/\/vitablanca.ma\/ar\/wp-json\/wp\/v2\/product"}],"about":[{"href":"https:\/\/vitablanca.ma\/ar\/wp-json\/wp\/v2\/types\/product"}],"wp:featuredmedia":[{"embeddable":true,"href":"https:\/\/vitablanca.ma\/ar\/wp-json\/wp\/v2\/media\/16160"}],"wp:attachment":[{"href":"https:\/\/vitablanca.ma\/ar\/wp-json\/wp\/v2\/media?parent=16161"}],"wp:term":[{"taxonomy":"product_brand","embeddable":true,"href":"https:\/\/vitablanca.ma\/ar\/wp-json\/wp\/v2\/product_brand?post=16161"},{"taxonomy":"product_cat","embeddable":true,"href":"https:\/\/vitablanca.ma\/ar\/wp-json\/wp\/v2\/product_cat?post=16161"},{"taxonomy":"product_tag","embeddable":true,"href":"https:\/\/vitablanca.ma\/ar\/wp-json\/wp\/v2\/product_tag?post=16161"}],"curies":[{"name":"wp","href":"https:\/\/api.w.org\/{rel}","templated":true}]}}