{"id":15986,"date":"2025-06-10T16:35:36","date_gmt":"2025-06-10T16:35:36","guid":{"rendered":"https:\/\/vitablanca.ma\/product\/bionnex-serum-concentre-anti-chute-de-cheveux\/"},"modified":"2025-06-10T16:35:36","modified_gmt":"2025-06-10T16:35:36","slug":"bionnex-serum-concentre-anti-chute-de-cheveux","status":"publish","type":"product","link":"https:\/\/vitablanca.ma\/ar\/product-2\/bionnex-serum-concentre-anti-chute-de-cheveux\/","title":{"rendered":"\u0633\u064a\u0631\u0648\u0645 \u0628\u064a\u0648\u0646\u064a\u0643\u0633 \u0627\u0644\u0645\u0631\u0643\u0632 \u0627\u0644\u0645\u0636\u0627\u062f \u0644\u062a\u0633\u0627\u0642\u0637 \u0627\u0644\u0634\u0639\u0631"},"content":{"rendered":"<h2><span data-mce-fragment=\"1\">Bionnex S\u00e9rum Concentre Anti-Chute De Cheveux.<\/span><\/h2>\n<h3><span><strong>Discription:<\/strong><\/span><\/h3>\n<p><span>Nos cheveux sont soumis en permanence effets ext\u00e9rieures et peuvent aussi \u00eatre affect\u00e9s par les changements hormonaux. Pour cette raison, \u00a0pour les chutes de cheveux le s\u00e9rum organique obtenu de la flore de l\u2019Anatolie et concentr\u00e9 sp\u00e9cialement dans notre laboratoire est formul\u00e9 pour les personnes ayant des probl\u00e8mes de chutes de cheveux ou voulant des cheveux plus sains. Grace \u00e0 son contenu organique VITIS COMPLEX CX25 d\u00e9velopp\u00e9 par BIONNEX aide \u00e0 pr\u00e9venir les chutes de cheveux. Aide \u00e0 l\u2019apparition de nouveaux cheveux, est \u00e0 base organique. Avec les composants obtenus de Daucus Carota Sativa \u00e9quilibre le cuir chevelu et aide \u00e0 l\u2019am\u00e9liorer. Les essences de Myrtus Communis ravivent les follicules des cheveux. Suites aux testes des Laboratoires Farcoderm il n\u2019existe aucun effets ind\u00e9sirables. En raison de la vitamine A contenue , il est conseill\u00e9 aux femmes enceintes et aux femmes allaitantes d\u2019utiliser le s\u00e9rum concentr\u00e9 BIONNEX ORGANICA sous contr\u00f4le m\u00e9dical.\u00a0<\/span><\/p>\n<h3><span><strong>Testes cliniques<\/strong>:\u00a0<\/span><\/h3>\n<p><span>\u0635\u062d\u0629 \u0645\u0633\u062a\u062e\u062f\u0645\u064a\u0646\u0627 \u0628\u0627\u0644\u063a\u0629 \u0627\u0644\u0623\u0647\u0645\u064a\u0629. \u0648\u0644\u0630\u0644\u0643\u060c \u0648\u0627\u0646\u0637\u0644\u0627\u0642\u064b\u0627 \u0645\u0646 \u0633\u064a\u0627\u0633\u0629 \u0627\u0644\u062c\u0648\u062f\u0629 \u0627\u0644\u062a\u064a \u0646\u062a\u0628\u0639\u0647\u0627\u060c \u062a\u062e\u0636\u0639 \u0645\u0646\u062a\u062c\u0627\u062a\u0646\u0627 \u0644\u0627\u062e\u062a\u0628\u0627\u0631\u0627\u062a \u0633\u0631\u064a\u0631\u064a\u0629. \u0648\u0641\u064a \u0627\u0644\u0627\u062e\u062a\u0628\u0627\u0631\u0627\u062a \u0627\u0644\u062a\u064a \u0623\u064f\u062c\u0631\u064a\u062a \u0639\u0644\u0649 \u0645\u062a\u0637\u0648\u0639\u064a\u0646\u060c \u0644\u0627\u062d\u0638 \u0645\u062e\u062a\u0628\u0631 \u0641\u0627\u0631\u0643\u0648\u062f\u064a\u0631\u0645 \u062a\u0648\u0642\u0641 \u062d\u0627\u0644\u0627\u062a \u0627\u0644\u0633\u0642\u0648\u0637 \u0644\u062f\u0649 \u0627\u0644\u0645\u0634\u0627\u0631\u0643\u064a\u0646 \u0628\u0639\u062f \u0627\u0644\u0627\u0633\u062a\u062e\u062f\u0627\u0645 \u0627\u0644\u0645\u0646\u062a\u0638\u0645 \u0644\u0633\u0644\u0633\u0644\u0629 \u0628\u064a\u0648\u0646\u064a\u0643\u0633 \u0623\u0648\u0631\u063a\u0627\u0646\u064a\u0643\u0627\u060c \u0648\u0630\u0644\u0643 \u0641\u064a \u0646\u0647\u0627\u064a\u0629 \u0641\u062a\u0631\u0629 \u0627\u0644\u062b\u0644\u0627\u062b\u0629 \u0623\u0634\u0647\u0631. \u0644\u0627 \u062a\u064f\u062e\u062a\u0628\u0631 \u0645\u0646\u062a\u062c\u0627\u062a \u0628\u064a\u0648\u0646\u064a\u0643\u0633 \u0639\u0644\u0649 \u0627\u0644\u062d\u064a\u0648\u0627\u0646\u0627\u062a.<\/span><\/p>\n<h3><span><strong>\u0637\u0631\u064a\u0642\u0629 \u0627\u0644\u0627\u0633\u062a\u062e\u062f\u0627\u0645:<\/strong><\/span><\/h3>\n<p><span>Lors des p\u00e9riodes passag\u00e8res de chute de cheveux Soin choc : Utiliser r\u00e9guli\u00e8rement tous les jours avec le shampoing BIONNEX ORGANICA. Soin durable : utiliser au moins3 fois par semaine avec \u00a0le shampoing BIONNEX ORGANICA. Soin d\u2019arr\u00eat : Pendant une dur\u00e9e de 3 mois utiliser le shampoing BIONNEX ORGANICA tous les jours, le s\u00e9rum BIONNEX ORGANICA 1 jour sur 2. A la fin des 3 mois pour le renforcement : le shampoing BIONNEX ORGANICA avec le s\u00e9rum concentr\u00e9 BIONNEX ORGANICA au moins 2 fois par semaines. Lors de la phase de soins pr\u00e9ventifs il est conseill\u00e9 d\u2019appliquer le shampoing BIONNEX ORGANICA 3 fois par semaine. Apr\u00e8s l\u2019application il est conseill\u00e9 de ne pas rincer les cheveux pendant 8 heures.<\/span><\/p>","protected":false},"excerpt":{"rendered":"<p>Bionnex S\u00e9rum Concentre Anti-Chute De Cheveux. Discription: Nos cheveux sont soumis en permanence effets ext\u00e9rieures et peuvent aussi \u00eatre affect\u00e9s par les changements hormonaux. Pour cette raison, \u00a0pour les chutes de cheveux le s\u00e9rum organique obtenu de la flore de l\u2019Anatolie et concentr\u00e9 sp\u00e9cialement dans notre laboratoire est formul\u00e9 pour les personnes ayant des probl\u00e8mes [&hellip;]<\/p>\n","protected":false},"featured_media":15984,"template":"","meta":{"om_disable_all_campaigns":false},"product_brand":[],"product_cat":[15],"product_tag":[],"class_list":{"0":"post-15986","1":"product","2":"type-product","3":"status-publish","4":"has-post-thumbnail","6":"product_cat-beaute-sante-complements-alimentaires-soins-et-bien-etre-au-meilleur-prix","8":"first","9":"instock","10":"sale","11":"taxable","12":"shipping-taxable","13":"purchasable","14":"product-type-simple"},"yoast_head":"<!-- This site is optimized with the Yoast SEO plugin v27.5 - https:\/\/yoast.com\/product\/yoast-seo-wordpress\/ -->\n<title>Bionnex S\u00e9rum Concentre Anti-Chute De Cheveux - Maroc Prix<\/title>\n<meta name=\"description\" content=\"Bionnex S\u00e9rum Concentre Anti-Chute De Cheveux\" \/>\n<meta name=\"robots\" content=\"index, follow, max-snippet:-1, max-image-preview:large, max-video-preview:-1\" \/>\n<link rel=\"canonical\" href=\"https:\/\/vitablanca.ma\/ar\/product-2\/bionnex-serum-concentre-anti-chute-de-cheveux\/\" \/>\n<meta property=\"og:locale\" content=\"ar_AR\" \/>\n<meta property=\"og:type\" content=\"article\" \/>\n<meta property=\"og:title\" content=\"Bionnex S\u00e9rum Concentre Anti-Chute De Cheveux - Maroc Prix\" \/>\n<meta property=\"og:description\" content=\"Bionnex S\u00e9rum Concentre Anti-Chute De Cheveux\" \/>\n<meta property=\"og:url\" content=\"https:\/\/vitablanca.ma\/ar\/product-2\/bionnex-serum-concentre-anti-chute-de-cheveux\/\" \/>\n<meta property=\"og:site_name\" content=\"Vitablanca.ma &ndash; Sant&eacute;, vitalit&eacute; et bien-&ecirc;tre pour tous les Marocains\" \/>\n<meta property=\"article:publisher\" content=\"https:\/\/www.facebook.com\/profile.php?id=61576678196717\" \/>\n<meta property=\"og:image\" content=\"https:\/\/vitablanca.ma\/wp-content\/uploads\/2025\/06\/Bionnex-Serum-Concentre-Anti-Chute-De-Cheveux-nova-parapharmacie-casablanca.jpg\" \/>\n\t<meta property=\"og:image:width\" content=\"1000\" \/>\n\t<meta property=\"og:image:height\" content=\"1000\" \/>\n\t<meta property=\"og:image:type\" content=\"image\/jpeg\" \/>\n<meta name=\"twitter:card\" content=\"summary_large_image\" \/>\n<meta name=\"twitter:label1\" content=\"\u0648\u0642\u062a \u0627\u0644\u0642\u0631\u0627\u0621\u0629 \u0627\u0644\u0645\u064f\u0642\u062f\u0651\u0631\" \/>\n\t<meta name=\"twitter:data1\" content=\"\u062f\u0642\u064a\u0642\u062a\u0627\u0646\" \/>\n<script type=\"application\/ld+json\" class=\"yoast-schema-graph\">{\"@context\":\"https:\\\/\\\/schema.org\",\"@graph\":[{\"@type\":[\"WebPage\",\"ItemPage\"],\"@id\":\"https:\\\/\\\/vitablanca.ma\\\/produit\\\/bionnex-serum-concentre-anti-chute-de-cheveux\\\/\",\"url\":\"https:\\\/\\\/vitablanca.ma\\\/produit\\\/bionnex-serum-concentre-anti-chute-de-cheveux\\\/\",\"name\":\"Bionnex S\u00e9rum Concentre Anti-Chute De Cheveux - Maroc Prix\",\"isPartOf\":{\"@id\":\"https:\\\/\\\/vitablanca.ma\\\/#website\"},\"primaryImageOfPage\":{\"@id\":\"https:\\\/\\\/vitablanca.ma\\\/produit\\\/bionnex-serum-concentre-anti-chute-de-cheveux\\\/#primaryimage\"},\"image\":{\"@id\":\"https:\\\/\\\/vitablanca.ma\\\/produit\\\/bionnex-serum-concentre-anti-chute-de-cheveux\\\/#primaryimage\"},\"thumbnailUrl\":\"https:\\\/\\\/vitablanca.ma\\\/wp-content\\\/uploads\\\/2025\\\/06\\\/Bionnex-Serum-Concentre-Anti-Chute-De-Cheveux-nova-parapharmacie-casablanca.jpg\",\"datePublished\":\"2025-06-10T16:35:36+00:00\",\"description\":\"Bionnex S\u00e9rum Concentre Anti-Chute De Cheveux\",\"breadcrumb\":{\"@id\":\"https:\\\/\\\/vitablanca.ma\\\/produit\\\/bionnex-serum-concentre-anti-chute-de-cheveux\\\/#breadcrumb\"},\"inLanguage\":\"ar\",\"potentialAction\":[{\"@type\":\"ReadAction\",\"target\":[\"https:\\\/\\\/vitablanca.ma\\\/produit\\\/bionnex-serum-concentre-anti-chute-de-cheveux\\\/\"]}]},{\"@type\":\"ImageObject\",\"inLanguage\":\"ar\",\"@id\":\"https:\\\/\\\/vitablanca.ma\\\/produit\\\/bionnex-serum-concentre-anti-chute-de-cheveux\\\/#primaryimage\",\"url\":\"https:\\\/\\\/vitablanca.ma\\\/wp-content\\\/uploads\\\/2025\\\/06\\\/Bionnex-Serum-Concentre-Anti-Chute-De-Cheveux-nova-parapharmacie-casablanca.jpg\",\"contentUrl\":\"https:\\\/\\\/vitablanca.ma\\\/wp-content\\\/uploads\\\/2025\\\/06\\\/Bionnex-Serum-Concentre-Anti-Chute-De-Cheveux-nova-parapharmacie-casablanca.jpg\",\"width\":1000,\"height\":1000},{\"@type\":\"BreadcrumbList\",\"@id\":\"https:\\\/\\\/vitablanca.ma\\\/produit\\\/bionnex-serum-concentre-anti-chute-de-cheveux\\\/#breadcrumb\",\"itemListElement\":[{\"@type\":\"ListItem\",\"position\":1,\"name\":\"Home\",\"item\":\"https:\\\/\\\/vitablanca.ma\\\/\"},{\"@type\":\"ListItem\",\"position\":2,\"name\":\"Tous Les Produits\",\"item\":\"https:\\\/\\\/vitablanca.ma\\\/tous-les-produits\\\/\"},{\"@type\":\"ListItem\",\"position\":3,\"name\":\"Bionnex S\u00e9rum Concentre Anti-Chute De Cheveux\"}]},{\"@type\":\"WebSite\",\"@id\":\"https:\\\/\\\/vitablanca.ma\\\/#website\",\"url\":\"https:\\\/\\\/vitablanca.ma\\\/\",\"name\":\"VitaBlanca.ma | Compl\u00e9ments alimentaires, sant\u00e9 & beaut\u00e9 au Maroc\",\"description\":\"vendre vitamines et compl\u00e9ments premium des USA &amp; Canada, Nouvelle Z\u00e9lande,Maroc (NOW Foods, Solgar, Manuka). Livraison rapide partout au Maroc.\",\"publisher\":{\"@id\":\"https:\\\/\\\/vitablanca.ma\\\/#organization\"},\"alternateName\":\"VitaBlanca.ma\",\"potentialAction\":[{\"@type\":\"SearchAction\",\"target\":{\"@type\":\"EntryPoint\",\"urlTemplate\":\"https:\\\/\\\/vitablanca.ma\\\/?s={search_term_string}\"},\"query-input\":{\"@type\":\"PropertyValueSpecification\",\"valueRequired\":true,\"valueName\":\"search_term_string\"}}],\"inLanguage\":\"ar\"},{\"@type\":\"Organization\",\"@id\":\"https:\\\/\\\/vitablanca.ma\\\/#organization\",\"name\":\"VitaBlanca\",\"url\":\"https:\\\/\\\/vitablanca.ma\\\/\",\"logo\":{\"@type\":\"ImageObject\",\"inLanguage\":\"ar\",\"@id\":\"https:\\\/\\\/vitablanca.ma\\\/#\\\/schema\\\/logo\\\/image\\\/\",\"url\":\"https:\\\/\\\/vitablanca.ma\\\/wp-content\\\/uploads\\\/2025\\\/05\\\/cropped-vitablanca.png\",\"contentUrl\":\"https:\\\/\\\/vitablanca.ma\\\/wp-content\\\/uploads\\\/2025\\\/05\\\/cropped-vitablanca.png\",\"width\":360,\"height\":67,\"caption\":\"VitaBlanca\"},\"image\":{\"@id\":\"https:\\\/\\\/vitablanca.ma\\\/#\\\/schema\\\/logo\\\/image\\\/\"},\"sameAs\":[\"https:\\\/\\\/www.facebook.com\\\/profile.php?id=61576678196717\",\"https:\\\/\\\/www.tiktok.com\\\/@vitablanca.ma\",\"https:\\\/\\\/www.instagram.com\\\/vitablanca.ma\\\/\"]}]}<\/script>\n<!-- \/ Yoast SEO plugin. -->","yoast_head_json":{"title":"Bionnex S\u00e9rum Concentre Anti-Chute De Cheveux - Maroc Prix","description":"\u0633\u064a\u0631\u0648\u0645 \u0628\u064a\u0648\u0646\u064a\u0643\u0633 \u0627\u0644\u0645\u0631\u0643\u0632 \u0627\u0644\u0645\u0636\u0627\u062f \u0644\u062a\u0633\u0627\u0642\u0637 \u0627\u0644\u0634\u0639\u0631","robots":{"index":"index","follow":"follow","max-snippet":"max-snippet:-1","max-image-preview":"max-image-preview:large","max-video-preview":"max-video-preview:-1"},"canonical":"https:\/\/vitablanca.ma\/ar\/product-2\/bionnex-serum-concentre-anti-chute-de-cheveux\/","og_locale":"ar_AR","og_type":"article","og_title":"Bionnex S\u00e9rum Concentre Anti-Chute De Cheveux - Maroc Prix","og_description":"Bionnex S\u00e9rum Concentre Anti-Chute De Cheveux","og_url":"https:\/\/vitablanca.ma\/ar\/product-2\/bionnex-serum-concentre-anti-chute-de-cheveux\/","og_site_name":"Vitablanca.ma &ndash; Sant&eacute;, vitalit&eacute; et bien-&ecirc;tre pour tous les Marocains","article_publisher":"https:\/\/www.facebook.com\/profile.php?id=61576678196717","og_image":[{"width":1000,"height":1000,"url":"https:\/\/vitablanca.ma\/wp-content\/uploads\/2025\/06\/Bionnex-Serum-Concentre-Anti-Chute-De-Cheveux-nova-parapharmacie-casablanca.jpg","type":"image\/jpeg"}],"twitter_card":"summary_large_image","twitter_misc":{"\u0648\u0642\u062a \u0627\u0644\u0642\u0631\u0627\u0621\u0629 \u0627\u0644\u0645\u064f\u0642\u062f\u0651\u0631":"\u062f\u0642\u064a\u0642\u062a\u0627\u0646"},"schema":{"@context":"https:\/\/schema.org","@graph":[{"@type":["WebPage","ItemPage"],"@id":"https:\/\/vitablanca.ma\/produit\/bionnex-serum-concentre-anti-chute-de-cheveux\/","url":"https:\/\/vitablanca.ma\/produit\/bionnex-serum-concentre-anti-chute-de-cheveux\/","name":"Bionnex S\u00e9rum Concentre Anti-Chute De Cheveux - Maroc Prix","isPartOf":{"@id":"https:\/\/vitablanca.ma\/#website"},"primaryImageOfPage":{"@id":"https:\/\/vitablanca.ma\/produit\/bionnex-serum-concentre-anti-chute-de-cheveux\/#primaryimage"},"image":{"@id":"https:\/\/vitablanca.ma\/produit\/bionnex-serum-concentre-anti-chute-de-cheveux\/#primaryimage"},"thumbnailUrl":"https:\/\/vitablanca.ma\/wp-content\/uploads\/2025\/06\/Bionnex-Serum-Concentre-Anti-Chute-De-Cheveux-nova-parapharmacie-casablanca.jpg","datePublished":"2025-06-10T16:35:36+00:00","description":"\u0633\u064a\u0631\u0648\u0645 \u0628\u064a\u0648\u0646\u064a\u0643\u0633 \u0627\u0644\u0645\u0631\u0643\u0632 \u0627\u0644\u0645\u0636\u0627\u062f \u0644\u062a\u0633\u0627\u0642\u0637 \u0627\u0644\u0634\u0639\u0631","breadcrumb":{"@id":"https:\/\/vitablanca.ma\/produit\/bionnex-serum-concentre-anti-chute-de-cheveux\/#breadcrumb"},"inLanguage":"ar","potentialAction":[{"@type":"ReadAction","target":["https:\/\/vitablanca.ma\/produit\/bionnex-serum-concentre-anti-chute-de-cheveux\/"]}]},{"@type":"ImageObject","inLanguage":"ar","@id":"https:\/\/vitablanca.ma\/produit\/bionnex-serum-concentre-anti-chute-de-cheveux\/#primaryimage","url":"https:\/\/vitablanca.ma\/wp-content\/uploads\/2025\/06\/Bionnex-Serum-Concentre-Anti-Chute-De-Cheveux-nova-parapharmacie-casablanca.jpg","contentUrl":"https:\/\/vitablanca.ma\/wp-content\/uploads\/2025\/06\/Bionnex-Serum-Concentre-Anti-Chute-De-Cheveux-nova-parapharmacie-casablanca.jpg","width":1000,"height":1000},{"@type":"BreadcrumbList","@id":"https:\/\/vitablanca.ma\/produit\/bionnex-serum-concentre-anti-chute-de-cheveux\/#breadcrumb","itemListElement":[{"@type":"ListItem","position":1,"name":"Home","item":"https:\/\/vitablanca.ma\/"},{"@type":"ListItem","position":2,"name":"Tous Les Produits","item":"https:\/\/vitablanca.ma\/tous-les-produits\/"},{"@type":"ListItem","position":3,"name":"Bionnex S\u00e9rum Concentre Anti-Chute De Cheveux"}]},{"@type":"WebSite","@id":"https:\/\/vitablanca.ma\/#website","url":"https:\/\/vitablanca.ma\/","name":"VitaBlanca.ma | \u0627\u0644\u0645\u0643\u0645\u0644\u0627\u062a \u0627\u0644\u063a\u0630\u0627\u0626\u064a\u0629\u060c \u0627\u0644\u0635\u062d\u0629 \u0648\u0627\u0644\u062c\u0645\u0627\u0644 \u0641\u064a \u0627\u0644\u0645\u063a\u0631\u0628","description":"\u0646\u0628\u064a\u0639 \u0641\u064a\u062a\u0627\u0645\u064a\u0646\u0627\u062a \u0648\u0645\u0643\u0645\u0644\u0627\u062a \u063a\u0630\u0627\u0626\u064a\u0629 \u0641\u0627\u062e\u0631\u0629 \u0645\u0646 \u0627\u0644\u0648\u0644\u0627\u064a\u0627\u062a \u0627\u0644\u0645\u062a\u062d\u062f\u0629 \u0627\u0644\u0623\u0645\u0631\u064a\u0643\u064a\u0629 \u0648\u0643\u0646\u062f\u0627 \u0648\u0646\u064a\u0648\u0632\u064a\u0644\u0646\u062f\u0627 \u0648\u0627\u0644\u0645\u063a\u0631\u0628 (\u0646\u0627\u0648 \u0641\u0648\u062f\u0632\u060c \u0633\u0648\u0644\u062c\u0627\u0631\u060c \u0645\u0627\u0646\u0648\u0643\u0627). \u062a\u0648\u0635\u064a\u0644 \u0633\u0631\u064a\u0639 \u0625\u0644\u0649 \u062c\u0645\u064a\u0639 \u0623\u0646\u062d\u0627\u0621 \u0627\u0644\u0645\u063a\u0631\u0628.","publisher":{"@id":"https:\/\/vitablanca.ma\/#organization"},"alternateName":"VitaBlanca.ma","potentialAction":[{"@type":"SearchAction","target":{"@type":"EntryPoint","urlTemplate":"https:\/\/vitablanca.ma\/?s={search_term_string}"},"query-input":{"@type":"PropertyValueSpecification","valueRequired":true,"valueName":"search_term_string"}}],"inLanguage":"ar"},{"@type":"Organization","@id":"https:\/\/vitablanca.ma\/#organization","name":"\u0641\u064a\u062a\u0627\u0628\u0644\u0627\u0646\u0643\u0627","url":"https:\/\/vitablanca.ma\/","logo":{"@type":"ImageObject","inLanguage":"ar","@id":"https:\/\/vitablanca.ma\/#\/schema\/logo\/image\/","url":"https:\/\/vitablanca.ma\/wp-content\/uploads\/2025\/05\/cropped-vitablanca.png","contentUrl":"https:\/\/vitablanca.ma\/wp-content\/uploads\/2025\/05\/cropped-vitablanca.png","width":360,"height":67,"caption":"VitaBlanca"},"image":{"@id":"https:\/\/vitablanca.ma\/#\/schema\/logo\/image\/"},"sameAs":["https:\/\/www.facebook.com\/profile.php?id=61576678196717","https:\/\/www.tiktok.com\/@vitablanca.ma","https:\/\/www.instagram.com\/vitablanca.ma\/"]}]}},"jetpack_sharing_enabled":true,"_links":{"self":[{"href":"https:\/\/vitablanca.ma\/ar\/wp-json\/wp\/v2\/product\/15986","targetHints":{"allow":["GET"]}}],"collection":[{"href":"https:\/\/vitablanca.ma\/ar\/wp-json\/wp\/v2\/product"}],"about":[{"href":"https:\/\/vitablanca.ma\/ar\/wp-json\/wp\/v2\/types\/product"}],"wp:featuredmedia":[{"embeddable":true,"href":"https:\/\/vitablanca.ma\/ar\/wp-json\/wp\/v2\/media\/15984"}],"wp:attachment":[{"href":"https:\/\/vitablanca.ma\/ar\/wp-json\/wp\/v2\/media?parent=15986"}],"wp:term":[{"taxonomy":"product_brand","embeddable":true,"href":"https:\/\/vitablanca.ma\/ar\/wp-json\/wp\/v2\/product_brand?post=15986"},{"taxonomy":"product_cat","embeddable":true,"href":"https:\/\/vitablanca.ma\/ar\/wp-json\/wp\/v2\/product_cat?post=15986"},{"taxonomy":"product_tag","embeddable":true,"href":"https:\/\/vitablanca.ma\/ar\/wp-json\/wp\/v2\/product_tag?post=15986"}],"curies":[{"name":"wp","href":"https:\/\/api.w.org\/{rel}","templated":true}]}}