{"id":15964,"date":"2025-06-10T16:35:23","date_gmt":"2025-06-10T16:35:23","guid":{"rendered":"https:\/\/vitablanca.ma\/product\/bionnex-organica-apres-shampoing-anti-chute-300ml\/"},"modified":"2026-03-01T14:44:44","modified_gmt":"2026-03-01T14:44:44","slug":"bionnex-organica-apres-shampoing-anti-chute-300ml","status":"publish","type":"product","link":"https:\/\/vitablanca.ma\/ar\/product-2\/bionnex-organica-apres-shampoing-anti-chute-300ml\/","title":{"rendered":"Bionnex Organica Apr\u00e9s Shampoing Anti-Chute 300ml"},"content":{"rendered":"<h2><span data-mce-fragment=\"1\">Bionnex Organica Apr\u00e9s Shampoing Anti-Chute.<\/span><\/h2>\n<p><span data-mce-fragment=\"1\">300\u0645\u0644.<\/span><\/p>\n<h3><span data-mce-fragment=\"1\">\u0648\u0635\u0641\u00a0<\/span><\/h3>\n<p><span data-mce-fragment=\"1\"><br \/>Contrairement aux autres cr\u00e8mes apr\u00e8s shampoing pour cheveux , BIONNEX ORGANICA CR\u00c8ME APR\u00c8S SHAMPOING pouvant \u00eatre appliqu\u00e9e sur le cuir chevelu en r\u00e9unissant la force des plantes et l\u2019expertise de la science permet que vos cheveux redeviennent sains. BIONNEX Organica Cr\u00e8me Apr\u00e8s Shampoing soutient la pr\u00e9vention des chutes de cheveux , favorise la repousse des cheveux, aide \u00e0 obtenir des cheveux plus doux, plus robustes et avec un cuir chevelu plus vivant des cheveux brillants, plus sains et plus faciles \u00e0 peigner.<br \/>Pour des r\u00e9sultats plus rapides et efficaces le conseil de nos experts est l\u2019utilisation de BIONNEX Organica Cr\u00e8me Apr\u00e8s Shampoing anti-chute apr\u00e8s le shampoing de BIONNEX Organica contre les chutes de cheveux.<\/span><\/p>\n<h3><span data-mce-fragment=\"1\"><br \/>TESTES CLINIQUES:<\/span><\/h3>\n<p><span data-mce-fragment=\"1\"><br \/>La sant\u00e9 de nos utilisateurs est d\u2019une importance critique. Pour cette raison comme r\u00e9sultats de notre politique de qualit\u00e9 les produits sont soumis aux testes cliniques. Dans les testes sur les volontaires , Laboratoire Farcoderm a constat\u00e9 et approuv\u00e9 l\u2019arr\u00eat de chute sur le 90% des participants apr\u00e8s l\u2019utilisation r\u00e9guli\u00e8re de la s\u00e9rie BIONNEX ORGANICA, \u00e0 la fin de la p\u00e9riode des 3 mois. Les produits BIONNEX ne sont pas test\u00e9s sur les animaux.<\/span><\/p>\n<h3><span data-mce-fragment=\"1\">\u0637\u0631\u064a\u0642\u0629 \u0627\u0644\u0627\u0633\u062a\u062e\u062f\u0627\u0645:<\/span><\/h3>\n<p><span data-mce-fragment=\"1\"><br \/>Appliquer apr\u00e8s le shampoing avec les bouts des doigts aux racines pendant 1 minute sur les cheveux humides en massant. Apr\u00e8s l\u2019application rincer avec de l\u2019eau abondante. BIONNEX ORGANICA Cr\u00e8me Apr\u00e8s Shampoing est compatible pour une utilisation quotidienne. Pour obtenir des r\u00e9sultats plus forts utiliser la cr\u00e8me apr\u00e8s le shampoing BIONNEX ORGANICA.<\/span><\/p>","protected":false},"excerpt":{"rendered":"<p>Bionnex Organica Apr\u00e9s Shampoing Anti-Chute. 300ml. DESCRIPTION\u00a0 Contrairement aux autres cr\u00e8mes apr\u00e8s shampoing pour cheveux , BIONNEX ORGANICA CR\u00c8ME APR\u00c8S SHAMPOING pouvant \u00eatre appliqu\u00e9e sur le cuir chevelu en r\u00e9unissant la force des plantes et l\u2019expertise de la science permet que vos cheveux redeviennent sains. BIONNEX Organica Cr\u00e8me Apr\u00e8s Shampoing soutient la pr\u00e9vention des chutes [&hellip;]<\/p>\n","protected":false},"featured_media":15962,"template":"","meta":{"om_disable_all_campaigns":false},"product_brand":[],"product_cat":[15],"product_tag":[],"class_list":{"0":"post-15964","1":"product","2":"type-product","3":"status-publish","4":"has-post-thumbnail","6":"product_cat-beaute-sante-complements-alimentaires-soins-et-bien-etre-au-meilleur-prix","8":"first","9":"instock","10":"sale","11":"taxable","12":"shipping-taxable","13":"purchasable","14":"product-type-simple"},"yoast_head":"<!-- This site is optimized with the Yoast SEO plugin v27.3 - https:\/\/yoast.com\/product\/yoast-seo-wordpress\/ -->\n<title>Bionnex Organica Apr\u00e9s Shampoing Anti-Chute 300ml - Maroc Prix<\/title>\n<meta name=\"description\" content=\"Bionnex Organica Apr\u00e9s Shampoing Anti-Chute 300ml\" \/>\n<meta name=\"robots\" content=\"index, follow, max-snippet:-1, max-image-preview:large, max-video-preview:-1\" \/>\n<link rel=\"canonical\" href=\"https:\/\/vitablanca.ma\/ar\/product-2\/bionnex-organica-apres-shampoing-anti-chute-300ml\/\" \/>\n<meta property=\"og:locale\" content=\"ar_AR\" \/>\n<meta property=\"og:type\" content=\"article\" \/>\n<meta property=\"og:title\" content=\"Bionnex Organica Apr\u00e9s Shampoing Anti-Chute 300ml - Maroc Prix\" \/>\n<meta property=\"og:description\" content=\"Bionnex Organica Apr\u00e9s Shampoing Anti-Chute 300ml\" \/>\n<meta property=\"og:url\" content=\"https:\/\/vitablanca.ma\/ar\/product-2\/bionnex-organica-apres-shampoing-anti-chute-300ml\/\" \/>\n<meta property=\"og:site_name\" content=\"Vitablanca.ma &ndash; Sant&eacute;, vitalit&eacute; et bien-&ecirc;tre pour tous les Marocains\" \/>\n<meta property=\"article:publisher\" content=\"https:\/\/www.facebook.com\/profile.php?id=61576678196717\" \/>\n<meta property=\"article:modified_time\" content=\"2026-03-01T14:44:44+00:00\" \/>\n<meta property=\"og:image\" content=\"https:\/\/vitablanca.ma\/wp-content\/uploads\/2025\/06\/Bionnex-Organica-Apres-Shampoing-Anti-Chute-300ml-nova-parapharmacie-casablanca.jpg\" \/>\n\t<meta property=\"og:image:width\" content=\"1000\" \/>\n\t<meta property=\"og:image:height\" content=\"1000\" \/>\n\t<meta property=\"og:image:type\" content=\"image\/jpeg\" \/>\n<meta name=\"twitter:card\" content=\"summary_large_image\" \/>\n<meta name=\"twitter:label1\" content=\"\u0648\u0642\u062a \u0627\u0644\u0642\u0631\u0627\u0621\u0629 \u0627\u0644\u0645\u064f\u0642\u062f\u0651\u0631\" \/>\n\t<meta name=\"twitter:data1\" content=\"\u062f\u0642\u064a\u0642\u0629 \u0648\u0627\u062d\u062f\u0629\" \/>\n<script type=\"application\/ld+json\" class=\"yoast-schema-graph\">{\"@context\":\"https:\\\/\\\/schema.org\",\"@graph\":[{\"@type\":[\"WebPage\",\"ItemPage\"],\"@id\":\"https:\\\/\\\/vitablanca.ma\\\/produit\\\/bionnex-organica-apres-shampoing-anti-chute-300ml\\\/\",\"url\":\"https:\\\/\\\/vitablanca.ma\\\/produit\\\/bionnex-organica-apres-shampoing-anti-chute-300ml\\\/\",\"name\":\"Bionnex Organica Apr\u00e9s Shampoing Anti-Chute 300ml - Maroc Prix\",\"isPartOf\":{\"@id\":\"https:\\\/\\\/vitablanca.ma\\\/#website\"},\"primaryImageOfPage\":{\"@id\":\"https:\\\/\\\/vitablanca.ma\\\/produit\\\/bionnex-organica-apres-shampoing-anti-chute-300ml\\\/#primaryimage\"},\"image\":{\"@id\":\"https:\\\/\\\/vitablanca.ma\\\/produit\\\/bionnex-organica-apres-shampoing-anti-chute-300ml\\\/#primaryimage\"},\"thumbnailUrl\":\"https:\\\/\\\/vitablanca.ma\\\/wp-content\\\/uploads\\\/2025\\\/06\\\/Bionnex-Organica-Apres-Shampoing-Anti-Chute-300ml-nova-parapharmacie-casablanca.jpg\",\"datePublished\":\"2025-06-10T16:35:23+00:00\",\"dateModified\":\"2026-03-01T14:44:44+00:00\",\"description\":\"Bionnex Organica Apr\u00e9s Shampoing Anti-Chute 300ml\",\"breadcrumb\":{\"@id\":\"https:\\\/\\\/vitablanca.ma\\\/produit\\\/bionnex-organica-apres-shampoing-anti-chute-300ml\\\/#breadcrumb\"},\"inLanguage\":\"ar\",\"potentialAction\":[{\"@type\":\"ReadAction\",\"target\":[\"https:\\\/\\\/vitablanca.ma\\\/produit\\\/bionnex-organica-apres-shampoing-anti-chute-300ml\\\/\"]}]},{\"@type\":\"ImageObject\",\"inLanguage\":\"ar\",\"@id\":\"https:\\\/\\\/vitablanca.ma\\\/produit\\\/bionnex-organica-apres-shampoing-anti-chute-300ml\\\/#primaryimage\",\"url\":\"https:\\\/\\\/vitablanca.ma\\\/wp-content\\\/uploads\\\/2025\\\/06\\\/Bionnex-Organica-Apres-Shampoing-Anti-Chute-300ml-nova-parapharmacie-casablanca.jpg\",\"contentUrl\":\"https:\\\/\\\/vitablanca.ma\\\/wp-content\\\/uploads\\\/2025\\\/06\\\/Bionnex-Organica-Apres-Shampoing-Anti-Chute-300ml-nova-parapharmacie-casablanca.jpg\",\"width\":1000,\"height\":1000},{\"@type\":\"BreadcrumbList\",\"@id\":\"https:\\\/\\\/vitablanca.ma\\\/produit\\\/bionnex-organica-apres-shampoing-anti-chute-300ml\\\/#breadcrumb\",\"itemListElement\":[{\"@type\":\"ListItem\",\"position\":1,\"name\":\"Home\",\"item\":\"https:\\\/\\\/vitablanca.ma\\\/\"},{\"@type\":\"ListItem\",\"position\":2,\"name\":\"Tous Les Produits\",\"item\":\"https:\\\/\\\/vitablanca.ma\\\/tous-les-produits\\\/\"},{\"@type\":\"ListItem\",\"position\":3,\"name\":\"Bionnex Organica Apr\u00e9s Shampoing Anti-Chute 300ml\"}]},{\"@type\":\"WebSite\",\"@id\":\"https:\\\/\\\/vitablanca.ma\\\/#website\",\"url\":\"https:\\\/\\\/vitablanca.ma\\\/\",\"name\":\"VitaBlanca.ma | Compl\u00e9ments alimentaires, sant\u00e9 & beaut\u00e9 au Maroc\",\"description\":\"vendre vitamines et compl\u00e9ments premium des USA &amp; Canada, Nouvelle Z\u00e9lande,Maroc (NOW Foods, Solgar, Manuka). Livraison rapide partout au Maroc.\",\"publisher\":{\"@id\":\"https:\\\/\\\/vitablanca.ma\\\/#organization\"},\"alternateName\":\"VitaBlanca.ma\",\"potentialAction\":[{\"@type\":\"SearchAction\",\"target\":{\"@type\":\"EntryPoint\",\"urlTemplate\":\"https:\\\/\\\/vitablanca.ma\\\/?s={search_term_string}\"},\"query-input\":{\"@type\":\"PropertyValueSpecification\",\"valueRequired\":true,\"valueName\":\"search_term_string\"}}],\"inLanguage\":\"ar\"},{\"@type\":\"Organization\",\"@id\":\"https:\\\/\\\/vitablanca.ma\\\/#organization\",\"name\":\"VitaBlanca\",\"url\":\"https:\\\/\\\/vitablanca.ma\\\/\",\"logo\":{\"@type\":\"ImageObject\",\"inLanguage\":\"ar\",\"@id\":\"https:\\\/\\\/vitablanca.ma\\\/#\\\/schema\\\/logo\\\/image\\\/\",\"url\":\"https:\\\/\\\/vitablanca.ma\\\/wp-content\\\/uploads\\\/2025\\\/05\\\/cropped-vitablanca.png\",\"contentUrl\":\"https:\\\/\\\/vitablanca.ma\\\/wp-content\\\/uploads\\\/2025\\\/05\\\/cropped-vitablanca.png\",\"width\":360,\"height\":67,\"caption\":\"VitaBlanca\"},\"image\":{\"@id\":\"https:\\\/\\\/vitablanca.ma\\\/#\\\/schema\\\/logo\\\/image\\\/\"},\"sameAs\":[\"https:\\\/\\\/www.facebook.com\\\/profile.php?id=61576678196717\",\"https:\\\/\\\/www.tiktok.com\\\/@vitablanca.ma\",\"https:\\\/\\\/www.instagram.com\\\/vitablanca.ma\\\/\"]}]}<\/script>\n<!-- \/ Yoast SEO plugin. -->","yoast_head_json":{"title":"Bionnex Organica Apr\u00e9s Shampoing Anti-Chute 300ml - Maroc Prix","description":"Bionnex Organica Apr\u00e9s Shampoing Anti-Chute 300ml","robots":{"index":"index","follow":"follow","max-snippet":"max-snippet:-1","max-image-preview":"max-image-preview:large","max-video-preview":"max-video-preview:-1"},"canonical":"https:\/\/vitablanca.ma\/ar\/product-2\/bionnex-organica-apres-shampoing-anti-chute-300ml\/","og_locale":"ar_AR","og_type":"article","og_title":"Bionnex Organica Apr\u00e9s Shampoing Anti-Chute 300ml - Maroc Prix","og_description":"Bionnex Organica Apr\u00e9s Shampoing Anti-Chute 300ml","og_url":"https:\/\/vitablanca.ma\/ar\/product-2\/bionnex-organica-apres-shampoing-anti-chute-300ml\/","og_site_name":"Vitablanca.ma &ndash; Sant&eacute;, vitalit&eacute; et bien-&ecirc;tre pour tous les Marocains","article_publisher":"https:\/\/www.facebook.com\/profile.php?id=61576678196717","article_modified_time":"2026-03-01T14:44:44+00:00","og_image":[{"width":1000,"height":1000,"url":"https:\/\/vitablanca.ma\/wp-content\/uploads\/2025\/06\/Bionnex-Organica-Apres-Shampoing-Anti-Chute-300ml-nova-parapharmacie-casablanca.jpg","type":"image\/jpeg"}],"twitter_card":"summary_large_image","twitter_misc":{"\u0648\u0642\u062a \u0627\u0644\u0642\u0631\u0627\u0621\u0629 \u0627\u0644\u0645\u064f\u0642\u062f\u0651\u0631":"\u062f\u0642\u064a\u0642\u0629 \u0648\u0627\u062d\u062f\u0629"},"schema":{"@context":"https:\/\/schema.org","@graph":[{"@type":["WebPage","ItemPage"],"@id":"https:\/\/vitablanca.ma\/produit\/bionnex-organica-apres-shampoing-anti-chute-300ml\/","url":"https:\/\/vitablanca.ma\/produit\/bionnex-organica-apres-shampoing-anti-chute-300ml\/","name":"Bionnex Organica Apr\u00e9s Shampoing Anti-Chute 300ml - Maroc Prix","isPartOf":{"@id":"https:\/\/vitablanca.ma\/#website"},"primaryImageOfPage":{"@id":"https:\/\/vitablanca.ma\/produit\/bionnex-organica-apres-shampoing-anti-chute-300ml\/#primaryimage"},"image":{"@id":"https:\/\/vitablanca.ma\/produit\/bionnex-organica-apres-shampoing-anti-chute-300ml\/#primaryimage"},"thumbnailUrl":"https:\/\/vitablanca.ma\/wp-content\/uploads\/2025\/06\/Bionnex-Organica-Apres-Shampoing-Anti-Chute-300ml-nova-parapharmacie-casablanca.jpg","datePublished":"2025-06-10T16:35:23+00:00","dateModified":"2026-03-01T14:44:44+00:00","description":"Bionnex Organica Apr\u00e9s Shampoing Anti-Chute 300ml","breadcrumb":{"@id":"https:\/\/vitablanca.ma\/produit\/bionnex-organica-apres-shampoing-anti-chute-300ml\/#breadcrumb"},"inLanguage":"ar","potentialAction":[{"@type":"ReadAction","target":["https:\/\/vitablanca.ma\/produit\/bionnex-organica-apres-shampoing-anti-chute-300ml\/"]}]},{"@type":"ImageObject","inLanguage":"ar","@id":"https:\/\/vitablanca.ma\/produit\/bionnex-organica-apres-shampoing-anti-chute-300ml\/#primaryimage","url":"https:\/\/vitablanca.ma\/wp-content\/uploads\/2025\/06\/Bionnex-Organica-Apres-Shampoing-Anti-Chute-300ml-nova-parapharmacie-casablanca.jpg","contentUrl":"https:\/\/vitablanca.ma\/wp-content\/uploads\/2025\/06\/Bionnex-Organica-Apres-Shampoing-Anti-Chute-300ml-nova-parapharmacie-casablanca.jpg","width":1000,"height":1000},{"@type":"BreadcrumbList","@id":"https:\/\/vitablanca.ma\/produit\/bionnex-organica-apres-shampoing-anti-chute-300ml\/#breadcrumb","itemListElement":[{"@type":"ListItem","position":1,"name":"Home","item":"https:\/\/vitablanca.ma\/"},{"@type":"ListItem","position":2,"name":"Tous Les Produits","item":"https:\/\/vitablanca.ma\/tous-les-produits\/"},{"@type":"ListItem","position":3,"name":"Bionnex Organica Apr\u00e9s Shampoing Anti-Chute 300ml"}]},{"@type":"WebSite","@id":"https:\/\/vitablanca.ma\/#website","url":"https:\/\/vitablanca.ma\/","name":"VitaBlanca.ma | \u0627\u0644\u0645\u0643\u0645\u0644\u0627\u062a \u0627\u0644\u063a\u0630\u0627\u0626\u064a\u0629\u060c \u0627\u0644\u0635\u062d\u0629 \u0648\u0627\u0644\u062c\u0645\u0627\u0644 \u0641\u064a \u0627\u0644\u0645\u063a\u0631\u0628","description":"\u0646\u0628\u064a\u0639 \u0641\u064a\u062a\u0627\u0645\u064a\u0646\u0627\u062a \u0648\u0645\u0643\u0645\u0644\u0627\u062a \u063a\u0630\u0627\u0626\u064a\u0629 \u0641\u0627\u062e\u0631\u0629 \u0645\u0646 \u0627\u0644\u0648\u0644\u0627\u064a\u0627\u062a \u0627\u0644\u0645\u062a\u062d\u062f\u0629 \u0627\u0644\u0623\u0645\u0631\u064a\u0643\u064a\u0629 \u0648\u0643\u0646\u062f\u0627 \u0648\u0646\u064a\u0648\u0632\u064a\u0644\u0646\u062f\u0627 \u0648\u0627\u0644\u0645\u063a\u0631\u0628 (\u0646\u0627\u0648 \u0641\u0648\u062f\u0632\u060c \u0633\u0648\u0644\u062c\u0627\u0631\u060c \u0645\u0627\u0646\u0648\u0643\u0627). \u062a\u0648\u0635\u064a\u0644 \u0633\u0631\u064a\u0639 \u0625\u0644\u0649 \u062c\u0645\u064a\u0639 \u0623\u0646\u062d\u0627\u0621 \u0627\u0644\u0645\u063a\u0631\u0628.","publisher":{"@id":"https:\/\/vitablanca.ma\/#organization"},"alternateName":"VitaBlanca.ma","potentialAction":[{"@type":"SearchAction","target":{"@type":"EntryPoint","urlTemplate":"https:\/\/vitablanca.ma\/?s={search_term_string}"},"query-input":{"@type":"PropertyValueSpecification","valueRequired":true,"valueName":"search_term_string"}}],"inLanguage":"ar"},{"@type":"Organization","@id":"https:\/\/vitablanca.ma\/#organization","name":"\u0641\u064a\u062a\u0627\u0628\u0644\u0627\u0646\u0643\u0627","url":"https:\/\/vitablanca.ma\/","logo":{"@type":"ImageObject","inLanguage":"ar","@id":"https:\/\/vitablanca.ma\/#\/schema\/logo\/image\/","url":"https:\/\/vitablanca.ma\/wp-content\/uploads\/2025\/05\/cropped-vitablanca.png","contentUrl":"https:\/\/vitablanca.ma\/wp-content\/uploads\/2025\/05\/cropped-vitablanca.png","width":360,"height":67,"caption":"VitaBlanca"},"image":{"@id":"https:\/\/vitablanca.ma\/#\/schema\/logo\/image\/"},"sameAs":["https:\/\/www.facebook.com\/profile.php?id=61576678196717","https:\/\/www.tiktok.com\/@vitablanca.ma","https:\/\/www.instagram.com\/vitablanca.ma\/"]}]}},"jetpack_sharing_enabled":true,"_links":{"self":[{"href":"https:\/\/vitablanca.ma\/ar\/wp-json\/wp\/v2\/product\/15964","targetHints":{"allow":["GET"]}}],"collection":[{"href":"https:\/\/vitablanca.ma\/ar\/wp-json\/wp\/v2\/product"}],"about":[{"href":"https:\/\/vitablanca.ma\/ar\/wp-json\/wp\/v2\/types\/product"}],"wp:featuredmedia":[{"embeddable":true,"href":"https:\/\/vitablanca.ma\/ar\/wp-json\/wp\/v2\/media\/15962"}],"wp:attachment":[{"href":"https:\/\/vitablanca.ma\/ar\/wp-json\/wp\/v2\/media?parent=15964"}],"wp:term":[{"taxonomy":"product_brand","embeddable":true,"href":"https:\/\/vitablanca.ma\/ar\/wp-json\/wp\/v2\/product_brand?post=15964"},{"taxonomy":"product_cat","embeddable":true,"href":"https:\/\/vitablanca.ma\/ar\/wp-json\/wp\/v2\/product_cat?post=15964"},{"taxonomy":"product_tag","embeddable":true,"href":"https:\/\/vitablanca.ma\/ar\/wp-json\/wp\/v2\/product_tag?post=15964"}],"curies":[{"name":"wp","href":"https:\/\/api.w.org\/{rel}","templated":true}]}}