{"id":15949,"date":"2025-06-10T16:35:13","date_gmt":"2025-06-10T16:35:13","guid":{"rendered":"https:\/\/vitablanca.ma\/product\/biokap-masque-nourissant-reparateur-cheveux-secs\/"},"modified":"2025-06-10T16:35:14","modified_gmt":"2025-06-10T16:35:14","slug":"biokap-masque-nourissant-reparateur-cheveux-secs","status":"publish","type":"product","link":"https:\/\/vitablanca.ma\/ar\/product-2\/biokap-masque-nourissant-reparateur-cheveux-secs\/","title":{"rendered":"\u0642\u0646\u0627\u0639 \u0628\u064a\u0648\u0643\u0627\u0628 \u0627\u0644\u0645\u063a\u0630\u064a \u0648\u0627\u0644\u0645\u0635\u0644\u062d \u0644\u0644\u0634\u0639\u0631 \u0627\u0644\u062c\u0627\u0641"},"content":{"rendered":"<h2>Biokap Masque Nourissant R\u00e9parateur Cheveux Secs cassants et fragilis\u00e9s<\/h2>\n<p>Un traitement intensif, riche en ingr\u00e9dients v\u00e9g\u00e9taux, qui hydrate et restructure la fibre capillaire, rendant ainsi les cheveux soyeux, brillants et en meilleure sant\u00e9.<\/p>\n<p>Ce masque nourrissant pour cheveux laisse les cheveux l\u00e9gers et convient parfaitement aux cheveux fins.<\/p>\n<div class=\"et_pb_header_content_wrapper\">\n<h3 dir=\"ltr\" data-placeholder=\"Traduction\" class=\"tw-data-text tw-text-large XcVN5d tw-ta\"><span>UNE FORMULATION NATURELLE EFFICACE<br \/><\/span><\/h3>\n<p><span>\u0647\u0646\u0627\u0643\u00a0<strong>FitoK\u00e9ratine de Riz BioKap<\/strong>\u00a0est une \u00ab k\u00e9ratine v\u00e9g\u00e9tale \u00bb issue de la prot\u00e9ine de riz qui r\u00e9pare et restructure la fibre capillaire en cr\u00e9ant une barri\u00e8re naturelle protectrice, elle procure ainsi une meilleure hydratation des cheveux et les gaine pour faciliter le coiffage. Son action est associ\u00e9e \u00e0 l\u2019<strong>\u0632\u064a\u062a \u0627\u0644\u0644\u0648\u0632 \u0627\u0644\u062d\u0644\u0648<\/strong>\u00a0\u0648\u0625\u0644\u0649\u00a0<strong>\u0633\u064a\u0631\u0627\u0645\u064a\u062f\u0627\u062a \u0646\u0628\u0627\u062a\u064a\u0629 \u0645\u0646 \u0632\u064a\u062a \u0627\u0644\u0632\u064a\u062a\u0648\u0646<\/strong>, qui rendent les cheveux doux au toucher, nourrissent les cheveux en profondeur et les rendent plus brillants.<\/span><\/p>\n<p><span>\u0644&#039;<strong>Aloe Barbadensis\u00a0<\/strong>(ou Aloe Vera) est utilis\u00e9 pour ses vertus hydratantes et adoucissantes.<\/span><\/p>\n<h3><span>LES GARANTIES SANT\u00c9 DE CE MASQUE CHEVEUX SECS<\/span><\/h3>\n<p><strong><span>94% \u0645\u0646 \u0627\u0644\u0645\u0643\u0648\u0646\u0627\u062a \u0627\u0644\u0645\u0634\u062a\u0642\u0629 \u0645\u0646 \u0627\u0644\u0637\u0628\u064a\u0639\u0629<\/span><\/strong><\/p>\n<p><span>Masque sans silicone, sans parab\u00e8ne, PEG ni SLES.<\/span><\/p>\n<p><span>\u062a\u0645 \u0627\u062e\u062a\u0628\u0627\u0631\u0647 \u0645\u0646 \u0642\u0628\u0644 \u0623\u0637\u0628\u0627\u0621 \u0627\u0644\u062c\u0644\u062f \u0648\u0627\u0644\u0646\u064a\u0643\u0644.<\/span><\/p>\n<p><span>Masque qui convient aux vegans<\/span><\/p>\n<h3><span>LES + DE L\u2019EMBALLAGE<\/span><\/h3>\n<p><span>Le pot est recyclable, l\u2019\u00e9tiquette \u00ab\u00a0<em>green label<\/em>\u00a0\u00bb est issue de mati\u00e8re v\u00e9g\u00e9tale et l\u2019\u00e9tui issu de papier certifi\u00e9 FSC.<\/span><\/p>\n<p><span>\u0627\u0644\u062a\u0639\u0628\u0626\u0629 \u0648\u0627\u0644\u062a\u063a\u0644\u064a\u0641 \u0627\u0644\u062a\u064a \u0633\u064a\u062a\u0645 \u0641\u0631\u0632\u0647\u0627 \u0645\u0639 \u0627\u0644\u0648\u0631\u0642 \u0627\u0644\u0645\u0642\u0648\u0649.<\/span><\/p>\n<p><span>Pot \u00e0 trier avec le plastique.<\/span><\/p>\n<h3><span>NOTRE ASTUCE POUR L\u2019UTILISATION DE CE MASQUE R\u00c9PARATEUR<\/span><\/h3>\n<p><span>1 \u00e0 2 fois par semaine, apr\u00e8s le shampooing, appliquer sur cheveux mouill\u00e9s mais essor\u00e9s une noix de produit sur la longueur et les pointes. Laisser poser 2 minutes, rincer soigneusement.<\/span><\/p>\n<p><span>En cas de cheveux tr\u00e8s secs et faibles, laisser agir 15-20 minutes.<\/span><\/p>\n<p><span>Pour un traitement intensif : une fois le produit appliqu\u00e9, s\u2019envelopper la t\u00eate avec une serviette. La chaleur favorisera la p\u00e9n\u00e9tration de la FitoK\u00e9ratine dans les cheveux.<\/span><\/p>\n<\/div>","protected":false},"excerpt":{"rendered":"<p>Biokap Masque Nourissant R\u00e9parateur Cheveux Secs cassants et fragilis\u00e9s Un traitement intensif, riche en ingr\u00e9dients v\u00e9g\u00e9taux, qui hydrate et restructure la fibre capillaire, rendant ainsi les cheveux soyeux, brillants et en meilleure sant\u00e9. Ce masque nourrissant pour cheveux laisse les cheveux l\u00e9gers et convient parfaitement aux cheveux fins. UNE FORMULATION NATURELLE EFFICACE La\u00a0FitoK\u00e9ratine de Riz [&hellip;]<\/p>\n","protected":false},"featured_media":15947,"template":"","meta":{"om_disable_all_campaigns":false},"product_brand":[],"product_cat":[15],"product_tag":[],"class_list":{"0":"post-15949","1":"product","2":"type-product","3":"status-publish","4":"has-post-thumbnail","6":"product_cat-beaute-sante-complements-alimentaires-soins-et-bien-etre-au-meilleur-prix","8":"first","9":"instock","10":"sale","11":"taxable","12":"shipping-taxable","13":"purchasable","14":"product-type-variable"},"yoast_head":"<!-- This site is optimized with the Yoast SEO plugin v27.3 - https:\/\/yoast.com\/product\/yoast-seo-wordpress\/ -->\n<title>Biokap Masque Nourissant R\u00e9parateur Cheveux Secs - Maroc Prix<\/title>\n<meta name=\"description\" content=\"Biokap Masque Nourissant R\u00e9parateur Cheveux Secs\" \/>\n<meta name=\"robots\" content=\"index, follow, max-snippet:-1, max-image-preview:large, max-video-preview:-1\" \/>\n<link rel=\"canonical\" href=\"https:\/\/vitablanca.ma\/ar\/product-2\/biokap-masque-nourissant-reparateur-cheveux-secs\/\" \/>\n<meta property=\"og:locale\" content=\"ar_AR\" \/>\n<meta property=\"og:type\" content=\"article\" \/>\n<meta property=\"og:title\" content=\"Biokap Masque Nourissant R\u00e9parateur Cheveux Secs - Maroc Prix\" \/>\n<meta property=\"og:description\" content=\"Biokap Masque Nourissant R\u00e9parateur Cheveux Secs\" \/>\n<meta property=\"og:url\" content=\"https:\/\/vitablanca.ma\/ar\/product-2\/biokap-masque-nourissant-reparateur-cheveux-secs\/\" \/>\n<meta property=\"og:site_name\" content=\"Vitablanca.ma &ndash; Sant&eacute;, vitalit&eacute; et bien-&ecirc;tre pour tous les Marocains\" \/>\n<meta property=\"article:publisher\" content=\"https:\/\/www.facebook.com\/profile.php?id=61576678196717\" \/>\n<meta property=\"article:modified_time\" content=\"2025-06-10T16:35:14+00:00\" \/>\n<meta property=\"og:image\" content=\"https:\/\/vitablanca.ma\/wp-content\/uploads\/2025\/06\/Biokap-Masque-Nourissant-Reparateur-Cheveux-Secs-200ml-nova-parapharmacie-maroc.jpg\" \/>\n\t<meta property=\"og:image:width\" content=\"1000\" \/>\n\t<meta property=\"og:image:height\" content=\"1000\" \/>\n\t<meta property=\"og:image:type\" content=\"image\/jpeg\" \/>\n<meta name=\"twitter:card\" content=\"summary_large_image\" \/>\n<meta name=\"twitter:label1\" content=\"\u0648\u0642\u062a \u0627\u0644\u0642\u0631\u0627\u0621\u0629 \u0627\u0644\u0645\u064f\u0642\u062f\u0651\u0631\" \/>\n\t<meta name=\"twitter:data1\" content=\"\u062f\u0642\u064a\u0642\u062a\u0627\u0646\" \/>\n<script type=\"application\/ld+json\" class=\"yoast-schema-graph\">{\"@context\":\"https:\\\/\\\/schema.org\",\"@graph\":[{\"@type\":[\"WebPage\",\"ItemPage\"],\"@id\":\"https:\\\/\\\/vitablanca.ma\\\/produit\\\/biokap-masque-nourissant-reparateur-cheveux-secs\\\/\",\"url\":\"https:\\\/\\\/vitablanca.ma\\\/produit\\\/biokap-masque-nourissant-reparateur-cheveux-secs\\\/\",\"name\":\"Biokap Masque Nourissant R\u00e9parateur Cheveux Secs - Maroc Prix\",\"isPartOf\":{\"@id\":\"https:\\\/\\\/vitablanca.ma\\\/#website\"},\"primaryImageOfPage\":{\"@id\":\"https:\\\/\\\/vitablanca.ma\\\/produit\\\/biokap-masque-nourissant-reparateur-cheveux-secs\\\/#primaryimage\"},\"image\":{\"@id\":\"https:\\\/\\\/vitablanca.ma\\\/produit\\\/biokap-masque-nourissant-reparateur-cheveux-secs\\\/#primaryimage\"},\"thumbnailUrl\":\"https:\\\/\\\/vitablanca.ma\\\/wp-content\\\/uploads\\\/2025\\\/06\\\/Biokap-Masque-Nourissant-Reparateur-Cheveux-Secs-200ml-nova-parapharmacie-maroc.jpg\",\"datePublished\":\"2025-06-10T16:35:13+00:00\",\"dateModified\":\"2025-06-10T16:35:14+00:00\",\"description\":\"Biokap Masque Nourissant R\u00e9parateur Cheveux Secs\",\"breadcrumb\":{\"@id\":\"https:\\\/\\\/vitablanca.ma\\\/produit\\\/biokap-masque-nourissant-reparateur-cheveux-secs\\\/#breadcrumb\"},\"inLanguage\":\"ar\",\"potentialAction\":[{\"@type\":\"ReadAction\",\"target\":[\"https:\\\/\\\/vitablanca.ma\\\/produit\\\/biokap-masque-nourissant-reparateur-cheveux-secs\\\/\"]}]},{\"@type\":\"ImageObject\",\"inLanguage\":\"ar\",\"@id\":\"https:\\\/\\\/vitablanca.ma\\\/produit\\\/biokap-masque-nourissant-reparateur-cheveux-secs\\\/#primaryimage\",\"url\":\"https:\\\/\\\/vitablanca.ma\\\/wp-content\\\/uploads\\\/2025\\\/06\\\/Biokap-Masque-Nourissant-Reparateur-Cheveux-Secs-200ml-nova-parapharmacie-maroc.jpg\",\"contentUrl\":\"https:\\\/\\\/vitablanca.ma\\\/wp-content\\\/uploads\\\/2025\\\/06\\\/Biokap-Masque-Nourissant-Reparateur-Cheveux-Secs-200ml-nova-parapharmacie-maroc.jpg\",\"width\":1000,\"height\":1000},{\"@type\":\"BreadcrumbList\",\"@id\":\"https:\\\/\\\/vitablanca.ma\\\/produit\\\/biokap-masque-nourissant-reparateur-cheveux-secs\\\/#breadcrumb\",\"itemListElement\":[{\"@type\":\"ListItem\",\"position\":1,\"name\":\"Home\",\"item\":\"https:\\\/\\\/vitablanca.ma\\\/\"},{\"@type\":\"ListItem\",\"position\":2,\"name\":\"Tous Les Produits\",\"item\":\"https:\\\/\\\/vitablanca.ma\\\/tous-les-produits\\\/\"},{\"@type\":\"ListItem\",\"position\":3,\"name\":\"Biokap Masque Nourissant R\u00e9parateur Cheveux Secs\"}]},{\"@type\":\"WebSite\",\"@id\":\"https:\\\/\\\/vitablanca.ma\\\/#website\",\"url\":\"https:\\\/\\\/vitablanca.ma\\\/\",\"name\":\"VitaBlanca.ma | Compl\u00e9ments alimentaires, sant\u00e9 & beaut\u00e9 au Maroc\",\"description\":\"vendre vitamines et compl\u00e9ments premium des USA &amp; Canada, Nouvelle Z\u00e9lande,Maroc (NOW Foods, Solgar, Manuka). Livraison rapide partout au Maroc.\",\"publisher\":{\"@id\":\"https:\\\/\\\/vitablanca.ma\\\/#organization\"},\"alternateName\":\"VitaBlanca.ma\",\"potentialAction\":[{\"@type\":\"SearchAction\",\"target\":{\"@type\":\"EntryPoint\",\"urlTemplate\":\"https:\\\/\\\/vitablanca.ma\\\/?s={search_term_string}\"},\"query-input\":{\"@type\":\"PropertyValueSpecification\",\"valueRequired\":true,\"valueName\":\"search_term_string\"}}],\"inLanguage\":\"ar\"},{\"@type\":\"Organization\",\"@id\":\"https:\\\/\\\/vitablanca.ma\\\/#organization\",\"name\":\"VitaBlanca\",\"url\":\"https:\\\/\\\/vitablanca.ma\\\/\",\"logo\":{\"@type\":\"ImageObject\",\"inLanguage\":\"ar\",\"@id\":\"https:\\\/\\\/vitablanca.ma\\\/#\\\/schema\\\/logo\\\/image\\\/\",\"url\":\"https:\\\/\\\/vitablanca.ma\\\/wp-content\\\/uploads\\\/2025\\\/05\\\/cropped-vitablanca.png\",\"contentUrl\":\"https:\\\/\\\/vitablanca.ma\\\/wp-content\\\/uploads\\\/2025\\\/05\\\/cropped-vitablanca.png\",\"width\":360,\"height\":67,\"caption\":\"VitaBlanca\"},\"image\":{\"@id\":\"https:\\\/\\\/vitablanca.ma\\\/#\\\/schema\\\/logo\\\/image\\\/\"},\"sameAs\":[\"https:\\\/\\\/www.facebook.com\\\/profile.php?id=61576678196717\",\"https:\\\/\\\/www.tiktok.com\\\/@vitablanca.ma\",\"https:\\\/\\\/www.instagram.com\\\/vitablanca.ma\\\/\"]}]}<\/script>\n<!-- \/ Yoast SEO plugin. -->","yoast_head_json":{"title":"Biokap Masque Nourissant R\u00e9parateur Cheveux Secs - Maroc Prix","description":"\u0642\u0646\u0627\u0639 \u0628\u064a\u0648\u0643\u0627\u0628 \u0627\u0644\u0645\u063a\u0630\u064a \u0648\u0627\u0644\u0645\u0635\u0644\u062d \u0644\u0644\u0634\u0639\u0631 \u0627\u0644\u062c\u0627\u0641","robots":{"index":"index","follow":"follow","max-snippet":"max-snippet:-1","max-image-preview":"max-image-preview:large","max-video-preview":"max-video-preview:-1"},"canonical":"https:\/\/vitablanca.ma\/ar\/product-2\/biokap-masque-nourissant-reparateur-cheveux-secs\/","og_locale":"ar_AR","og_type":"article","og_title":"Biokap Masque Nourissant R\u00e9parateur Cheveux Secs - Maroc Prix","og_description":"Biokap Masque Nourissant R\u00e9parateur Cheveux Secs","og_url":"https:\/\/vitablanca.ma\/ar\/product-2\/biokap-masque-nourissant-reparateur-cheveux-secs\/","og_site_name":"Vitablanca.ma &ndash; Sant&eacute;, vitalit&eacute; et bien-&ecirc;tre pour tous les Marocains","article_publisher":"https:\/\/www.facebook.com\/profile.php?id=61576678196717","article_modified_time":"2025-06-10T16:35:14+00:00","og_image":[{"width":1000,"height":1000,"url":"https:\/\/vitablanca.ma\/wp-content\/uploads\/2025\/06\/Biokap-Masque-Nourissant-Reparateur-Cheveux-Secs-200ml-nova-parapharmacie-maroc.jpg","type":"image\/jpeg"}],"twitter_card":"summary_large_image","twitter_misc":{"\u0648\u0642\u062a \u0627\u0644\u0642\u0631\u0627\u0621\u0629 \u0627\u0644\u0645\u064f\u0642\u062f\u0651\u0631":"\u062f\u0642\u064a\u0642\u062a\u0627\u0646"},"schema":{"@context":"https:\/\/schema.org","@graph":[{"@type":["WebPage","ItemPage"],"@id":"https:\/\/vitablanca.ma\/produit\/biokap-masque-nourissant-reparateur-cheveux-secs\/","url":"https:\/\/vitablanca.ma\/produit\/biokap-masque-nourissant-reparateur-cheveux-secs\/","name":"Biokap Masque Nourissant R\u00e9parateur Cheveux Secs - Maroc Prix","isPartOf":{"@id":"https:\/\/vitablanca.ma\/#website"},"primaryImageOfPage":{"@id":"https:\/\/vitablanca.ma\/produit\/biokap-masque-nourissant-reparateur-cheveux-secs\/#primaryimage"},"image":{"@id":"https:\/\/vitablanca.ma\/produit\/biokap-masque-nourissant-reparateur-cheveux-secs\/#primaryimage"},"thumbnailUrl":"https:\/\/vitablanca.ma\/wp-content\/uploads\/2025\/06\/Biokap-Masque-Nourissant-Reparateur-Cheveux-Secs-200ml-nova-parapharmacie-maroc.jpg","datePublished":"2025-06-10T16:35:13+00:00","dateModified":"2025-06-10T16:35:14+00:00","description":"\u0642\u0646\u0627\u0639 \u0628\u064a\u0648\u0643\u0627\u0628 \u0627\u0644\u0645\u063a\u0630\u064a \u0648\u0627\u0644\u0645\u0635\u0644\u062d \u0644\u0644\u0634\u0639\u0631 \u0627\u0644\u062c\u0627\u0641","breadcrumb":{"@id":"https:\/\/vitablanca.ma\/produit\/biokap-masque-nourissant-reparateur-cheveux-secs\/#breadcrumb"},"inLanguage":"ar","potentialAction":[{"@type":"ReadAction","target":["https:\/\/vitablanca.ma\/produit\/biokap-masque-nourissant-reparateur-cheveux-secs\/"]}]},{"@type":"ImageObject","inLanguage":"ar","@id":"https:\/\/vitablanca.ma\/produit\/biokap-masque-nourissant-reparateur-cheveux-secs\/#primaryimage","url":"https:\/\/vitablanca.ma\/wp-content\/uploads\/2025\/06\/Biokap-Masque-Nourissant-Reparateur-Cheveux-Secs-200ml-nova-parapharmacie-maroc.jpg","contentUrl":"https:\/\/vitablanca.ma\/wp-content\/uploads\/2025\/06\/Biokap-Masque-Nourissant-Reparateur-Cheveux-Secs-200ml-nova-parapharmacie-maroc.jpg","width":1000,"height":1000},{"@type":"BreadcrumbList","@id":"https:\/\/vitablanca.ma\/produit\/biokap-masque-nourissant-reparateur-cheveux-secs\/#breadcrumb","itemListElement":[{"@type":"ListItem","position":1,"name":"Home","item":"https:\/\/vitablanca.ma\/"},{"@type":"ListItem","position":2,"name":"Tous Les Produits","item":"https:\/\/vitablanca.ma\/tous-les-produits\/"},{"@type":"ListItem","position":3,"name":"Biokap Masque Nourissant R\u00e9parateur Cheveux Secs"}]},{"@type":"WebSite","@id":"https:\/\/vitablanca.ma\/#website","url":"https:\/\/vitablanca.ma\/","name":"VitaBlanca.ma | \u0627\u0644\u0645\u0643\u0645\u0644\u0627\u062a \u0627\u0644\u063a\u0630\u0627\u0626\u064a\u0629\u060c \u0627\u0644\u0635\u062d\u0629 \u0648\u0627\u0644\u062c\u0645\u0627\u0644 \u0641\u064a \u0627\u0644\u0645\u063a\u0631\u0628","description":"\u0646\u0628\u064a\u0639 \u0641\u064a\u062a\u0627\u0645\u064a\u0646\u0627\u062a \u0648\u0645\u0643\u0645\u0644\u0627\u062a \u063a\u0630\u0627\u0626\u064a\u0629 \u0641\u0627\u062e\u0631\u0629 \u0645\u0646 \u0627\u0644\u0648\u0644\u0627\u064a\u0627\u062a \u0627\u0644\u0645\u062a\u062d\u062f\u0629 \u0627\u0644\u0623\u0645\u0631\u064a\u0643\u064a\u0629 \u0648\u0643\u0646\u062f\u0627 \u0648\u0646\u064a\u0648\u0632\u064a\u0644\u0646\u062f\u0627 \u0648\u0627\u0644\u0645\u063a\u0631\u0628 (\u0646\u0627\u0648 \u0641\u0648\u062f\u0632\u060c \u0633\u0648\u0644\u062c\u0627\u0631\u060c \u0645\u0627\u0646\u0648\u0643\u0627). \u062a\u0648\u0635\u064a\u0644 \u0633\u0631\u064a\u0639 \u0625\u0644\u0649 \u062c\u0645\u064a\u0639 \u0623\u0646\u062d\u0627\u0621 \u0627\u0644\u0645\u063a\u0631\u0628.","publisher":{"@id":"https:\/\/vitablanca.ma\/#organization"},"alternateName":"VitaBlanca.ma","potentialAction":[{"@type":"SearchAction","target":{"@type":"EntryPoint","urlTemplate":"https:\/\/vitablanca.ma\/?s={search_term_string}"},"query-input":{"@type":"PropertyValueSpecification","valueRequired":true,"valueName":"search_term_string"}}],"inLanguage":"ar"},{"@type":"Organization","@id":"https:\/\/vitablanca.ma\/#organization","name":"\u0641\u064a\u062a\u0627\u0628\u0644\u0627\u0646\u0643\u0627","url":"https:\/\/vitablanca.ma\/","logo":{"@type":"ImageObject","inLanguage":"ar","@id":"https:\/\/vitablanca.ma\/#\/schema\/logo\/image\/","url":"https:\/\/vitablanca.ma\/wp-content\/uploads\/2025\/05\/cropped-vitablanca.png","contentUrl":"https:\/\/vitablanca.ma\/wp-content\/uploads\/2025\/05\/cropped-vitablanca.png","width":360,"height":67,"caption":"VitaBlanca"},"image":{"@id":"https:\/\/vitablanca.ma\/#\/schema\/logo\/image\/"},"sameAs":["https:\/\/www.facebook.com\/profile.php?id=61576678196717","https:\/\/www.tiktok.com\/@vitablanca.ma","https:\/\/www.instagram.com\/vitablanca.ma\/"]}]}},"jetpack_sharing_enabled":true,"_links":{"self":[{"href":"https:\/\/vitablanca.ma\/ar\/wp-json\/wp\/v2\/product\/15949","targetHints":{"allow":["GET"]}}],"collection":[{"href":"https:\/\/vitablanca.ma\/ar\/wp-json\/wp\/v2\/product"}],"about":[{"href":"https:\/\/vitablanca.ma\/ar\/wp-json\/wp\/v2\/types\/product"}],"wp:featuredmedia":[{"embeddable":true,"href":"https:\/\/vitablanca.ma\/ar\/wp-json\/wp\/v2\/media\/15947"}],"wp:attachment":[{"href":"https:\/\/vitablanca.ma\/ar\/wp-json\/wp\/v2\/media?parent=15949"}],"wp:term":[{"taxonomy":"product_brand","embeddable":true,"href":"https:\/\/vitablanca.ma\/ar\/wp-json\/wp\/v2\/product_brand?post=15949"},{"taxonomy":"product_cat","embeddable":true,"href":"https:\/\/vitablanca.ma\/ar\/wp-json\/wp\/v2\/product_cat?post=15949"},{"taxonomy":"product_tag","embeddable":true,"href":"https:\/\/vitablanca.ma\/ar\/wp-json\/wp\/v2\/product_tag?post=15949"}],"curies":[{"name":"wp","href":"https:\/\/api.w.org\/{rel}","templated":true}]}}