{"id":15939,"date":"2025-06-10T16:35:08","date_gmt":"2025-06-10T16:35:08","guid":{"rendered":"https:\/\/vitablanca.ma\/product\/biokap-nutricolor-delicato-spray-retouche-75ml\/"},"modified":"2025-06-10T16:35:10","modified_gmt":"2025-06-10T16:35:10","slug":"biokap-nutricolor-delicato-spray-retouche-75ml","status":"publish","type":"product","link":"https:\/\/vitablanca.ma\/ar\/product-2\/biokap-nutricolor-delicato-spray-retouche-75ml\/","title":{"rendered":"\u0628\u064a\u0648\u0643\u0627\u0628 \u0646\u0648\u062a\u0631\u064a\u0643\u0648\u0644\u0648\u0631 \u062f\u064a\u0644\u064a\u0643\u0627\u062a\u0648 \u0628\u062e\u0627\u062e \u0644\u0645\u0633\u0627\u062a \u0646\u0647\u0627\u0626\u064a\u0629 75 \u0645\u0644"},"content":{"rendered":"<h2>\u0628\u062e\u0627\u062e \u0627\u0644\u0644\u0645\u0633\u0629 \u0627\u0644\u0646\u0647\u0627\u0626\u064a\u0629 \u0645\u0646 \u0628\u064a\u0648\u0643\u0627\u0628 \u0646\u0648\u062a\u0631\u064a\u0643\u0648\u0644\u0648\u0631 \u062f\u064a\u0644\u064a\u0643\u0627\u062a\u0648\u00a0<span>\u064a\u063a\u0637\u064a \u0646\u0645\u0648 \u0627\u0644\u0634\u0639\u0631 \u0627\u0644\u0623\u0628\u064a\u0636 \u0639\u0644\u0649 \u0627\u0644\u0641\u0648\u0631<\/span><br \/>\n<\/h2>\n<p><span>\u0641\u064a \u0627\u0644\u0633\u0646\u0648\u0627\u062a \u0627\u0644\u0623\u062e\u064a\u0631\u0629\u060c \u062a\u0645 \u0625\u0637\u0644\u0627\u0642 \u062d\u0644\u0648\u0644 \u0631\u0634 \u062c\u062f\u064a\u062f\u0629 \u0644\u062a\u063a\u0637\u064a\u0629 \u0646\u0645\u0648 \u0627\u0644\u0634\u0639\u0631.<\/span><br \/><span>\u0644\u0643\u0646 \u0644\u0627 \u064a\u0648\u062c\u062f \u0628\u062e\u0627\u062e \u062a\u0644\u0648\u064a\u0646 \u0644\u0644\u0634\u0639\u0631 \u064a\u062c\u0645\u0639 \u0628\u064a\u0646 \u062a\u063a\u0637\u064a\u0629 \u0627\u0644\u0634\u064a\u0628 \u0648\u062e\u0635\u0627\u0626\u0635 \u0627\u0644\u0639\u0644\u0627\u062c. \u0628\u062e\u0627\u062e \u0628\u064a\u0648\u0643\u0627\u0628 \u0646\u0648\u062a\u0631\u064a\u0643\u0648\u0644\u0631 \u0644\u062a\u0639\u062f\u064a\u0644 \u0627\u0644\u0634\u0639\u0631 \u064a\u0641\u0639\u0644 \u0630\u0644\u0643!<\/span><\/p>\n<p class=\"p1\"><span><strong>\u0642\u0645 \u0628\u062a\u063a\u0637\u064a\u0629 \u062c\u0630\u0648\u0631 \u0627\u0644\u0634\u0639\u0631 \u0641\u064a \u0644\u062d\u0638\u0629\u060c \u0627\u0644\u0622\u0646 \u0623\u0635\u0628\u062d \u0630\u0644\u0643 \u0645\u0645\u0643\u0646\u064b\u0627!<\/strong><\/span><\/p>\n<p class=\"p2\"><span>\u0628\u062e\u0627\u062e \u0635\u0628\u063a \u0627\u0644\u0634\u0639\u0631 BioKap \u064a\u064f\u0633\u0627\u0639\u062f \u0639\u0644\u0649 \u0627\u0644\u062d\u0641\u0627\u0638 \u0639\u0644\u0649 \u062b\u0628\u0627\u062a \u0627\u0644\u0644\u0648\u0646 \u0628\u064a\u0646 \u062c\u0644\u0633\u0627\u062a \u0627\u0644\u0635\u0628\u063a \u0645\u0639 \u0627\u0644\u0639\u0646\u0627\u064a\u0629 \u0628\u0634\u0639\u0631\u0643. \u062a\u0631\u0643\u064a\u0628\u062a\u0647 \u0627\u0644\u0637\u0628\u064a\u0639\u064a\u0629 \u062a\u062d\u0645\u064a \u0627\u0644\u0634\u0639\u0631 \u0648\u062a\u0631\u0637\u0628\u0647. \u0628\u062d\u062c\u0645\u0647 \u0627\u0644\u0635\u063a\u064a\u0631 75 \u0645\u0644\u060c \u064a\u064f\u0642\u062f\u0645 \u062d\u0644\u0627\u064b \u0628\u0633\u064a\u0637\u064b\u0627 \u0648\u0633\u0647\u0644 \u0627\u0644\u0627\u0633\u062a\u062e\u062f\u0627\u0645 \u0648\u0641\u0639\u0627\u0644\u064b\u0627\u060c \u064a\u064f\u0646\u0627\u0633\u0628 \u062c\u0645\u064a\u0639 \u0627\u062d\u062a\u064a\u0627\u062c\u0627\u062a\u0643.<\/span><\/p>\n<h3 dir=\"ltr\" data-placeholder=\"Traduction\" class=\"tw-data-text tw-text-large XcVN5d tw-ta\"><span>\u0645\u0643\u0648\u0646\u0627\u062a \u0637\u0628\u064a\u0639\u064a\u0629 \u0641\u0639\u0627\u0644\u0629<\/span><\/h3>\n<p class=\"p1\"><span>\u0627\u0644\u0645\u062c\u0645\u0639\u00a0<strong>\u062a\u0631\u064a\u0643\u0648\u0631\u064a\u0628\u064a\u0631<\/strong>\u00a0\u064a\u062a\u0636\u0645\u0646\u00a0<span class=\"s1\">\u0628\u0631\u0648\u062a\u064a\u0646 \u0627\u0644\u0623\u0631\u0632<\/span>\u00a0\u0645\u0639 \u0639\u0645\u0644 \u0625\u0639\u0627\u062f\u0629 \u0627\u0644\u0647\u064a\u0643\u0644\u0629 \u0648\u0627\u0644\u062a\u062c\u062f\u064a\u062f \u0627\u0644\u0645\u0645\u0627\u062b\u0644 \u0644\u0644\u0643\u064a\u0631\u0627\u062a\u064a\u0646\u060c\u00a0<span class=\"s1\">\u0645\u0634\u062a\u0642 \u0645\u0646 \u0627\u0644\u0635\u0641\u0635\u0627\u0641<\/span>\u00a0\u0627\u0644\u0630\u064a \u064a\u062d\u0645\u064a \u0627\u0644\u0644\u0648\u0646 \u0645\u0646 \u0627\u0644\u0623\u0634\u0639\u0629 \u0641\u0648\u0642 \u0627\u0644\u0628\u0646\u0641\u0633\u062c\u064a\u0629 \u0648\u0627\u0644\u0628\u0647\u062a\u0627\u0646<span class=\"s1\">\u0627\u0644\u0623\u062d\u0645\u0627\u0636 \u0627\u0644\u0645\u062d\u0628\u0629 \u0644\u0644\u062f\u0647\u0648\u0646<\/span>\u00a0\u0645\u0646 \u0627\u0644\u0641\u0648\u0627\u0643\u0647 \u0627\u0644\u062a\u064a \u062a\u062d\u0645\u064a \u0641\u0631\u0648\u0629 \u0627\u0644\u0631\u0623\u0633 \u0623\u062b\u0646\u0627\u0621 \u0627\u0644\u0627\u0633\u062a\u062e\u062f\u0627\u0645.<\/span><br \/><span>\u0644&#039;<strong>\u0632\u064a\u062a \u0627\u0644\u0623\u0631\u063a\u0627\u0646<\/strong>\u00a0\u0645\u0639 \u062e\u0635\u0627\u0626\u0635 \u0627\u0644\u062a\u0631\u0637\u064a\u0628 \u0648\u0627\u0644\u062a\u0646\u0639\u064a\u0645 \u0648\u0627\u0644\u062d\u0645\u0627\u064a\u0629\u060c \u064a\u063a\u0630\u064a \u0627\u0644\u0634\u0639\u0631 \u0628\u0639\u0645\u0642 \u0648\u064a\u062c\u0639\u0644\u0647 \u0623\u0643\u062b\u0631 \u0644\u064a\u0648\u0646\u0629 \u0648\u0644\u0645\u0639\u0627\u0646\u064b\u0627.\u00a0<strong>\u0628\u0627\u0646\u062b\u064a\u0646\u0648\u0644<\/strong>\u060c \u0641\u064a\u062a\u0627\u0645\u064a\u0646 \u06285\u060c \u064a\u0631\u0637\u0628 \u0648\u064a\u062d\u0645\u064a \u0627\u0644\u0634\u0639\u0631.<\/span><\/p>\n<h3><span>\u0631\u0630\u0627\u0630 \u0627\u0644\u062c\u0630\u0648\u0631 \u0627\u0644\u0637\u0628\u064a\u0639\u064a<\/span><\/h3>\n<p class=\"p1\"><span>94% \u0645\u0646 \u0645\u0643\u0648\u0646\u0627\u062a \u0630\u0627\u062a \u0623\u0635\u0644 \u0637\u0628\u064a\u0639\u064a\u060c\u00a0<strong>\u062e\u0627\u0644\u064a \u0645\u0646 \u0627\u0644\u0633\u064a\u0644\u064a\u0643\u0648\u0646 \u0648\u0627\u0644\u0628\u0627\u0631\u0627\u0628\u064a\u0646 \u0648SLES \u0648SLS<\/strong>. \u0639\u0637\u0631 \u062e\u0627\u0644\u064d \u0645\u0646 \u0627\u0644\u0645\u0648\u0627\u062f \u0627\u0644\u0645\u0633\u0628\u0628\u0629 \u0644\u0644\u062d\u0633\u0627\u0633\u064a\u0629.\u00a0<\/span><br \/><span>\u0631\u0630\u0627\u0630 \u062a\u0645 \u0627\u062e\u062a\u0628\u0627\u0631\u0647 \u0636\u062f \u0627\u0644\u0646\u064a\u0643\u0644 \u0648\u062a\u0645\u062a \u0645\u0631\u0627\u0642\u0628\u062a\u0647 \u0645\u0646 \u0642\u0628\u0644 \u0623\u0637\u0628\u0627\u0621 \u0627\u0644\u062c\u0644\u062f\u064a\u0629.\u00a0<strong>\u0645\u0646\u0627\u0633\u0628 \u0644\u0644\u0646\u0628\u0627\u062a\u064a\u064a\u0646<\/strong><\/span><\/p>\n<h3 class=\"p1\"><span>\u0627\u0644\u0627\u0644\u062a\u0632\u0627\u0645 \u0627\u0644\u0628\u064a\u0626\u064a<\/span><\/h3>\n<p class=\"p1\"><span>\u064a\u062a\u0645 \u062a\u0635\u0646\u064a\u0639 \u0627\u0644\u062a\u063a\u0644\u064a\u0641 \u0627\u0644\u062b\u0627\u0646\u0648\u064a \u0627\u0644\u0644\u0627\u0632\u0645 \u0645\u0646 \u0648\u0631\u0642 \u0645\u0639\u062a\u0645\u062f \u0645\u0646 FSC.<\/span><\/p>\n<p><span>\u0627\u0644\u062a\u0639\u0628\u0626\u0629 \u0648\u0627\u0644\u062a\u063a\u0644\u064a\u0641 \u0627\u0644\u062a\u064a \u0633\u064a\u062a\u0645 \u0641\u0631\u0632\u0647\u0627 \u0645\u0639 \u0627\u0644\u0648\u0631\u0642 \u0627\u0644\u0645\u0642\u0648\u0649.<\/span><\/p>\n<h3><span>\u0631\u0634\u0629 \u0628\u0633\u064a\u0637\u0629 \u0648\u0633\u0631\u064a\u0639\u0629 \u0627\u0644\u0627\u0633\u062a\u062e\u062f\u0627\u0645<\/span><\/h3>\n<p class=\"p1\"><span>\u0631\u062c\u0651\u064a \u0627\u0644\u0632\u062c\u0627\u062c\u0629 \u062c\u064a\u062f\u064b\u0627. \u0631\u0634\u0651\u064a \u0627\u0644\u0645\u0646\u062a\u062c \u0628\u0627\u0644\u062a\u0633\u0627\u0648\u064a \u0645\u0646 \u0645\u0633\u0627\u0641\u0629 15 \u0633\u0645 \u0645\u0646 \u0627\u0644\u0634\u0639\u0631. \u0636\u0639\u064a\u0647 \u0628\u0643\u0645\u064a\u0629 \u0642\u0644\u064a\u0644\u0629. \u0627\u062a\u0631\u0643\u064a\u0647 \u064a\u062c\u0641 \u0644\u0645\u062f\u0629 \u062f\u0642\u064a\u0642\u0629. \u0645\u0634\u0651\u0637\u064a \u0627\u0644\u0634\u0639\u0631 \u0628\u0631\u0641\u0642 \u0644\u0644\u062d\u0635\u0648\u0644 \u0639\u0644\u0649 \u062a\u0623\u062b\u064a\u0631 \u0637\u0628\u064a\u0639\u064a.<\/span><\/p>\n<p class=\"p1\"><span>\u0647\u0644 \u062a\u0644\u0637\u062e\u062a \u0628\u0634\u0631\u062a\u0643\u061f \u064a\u064f\u0645\u0643\u0646 \u0625\u0632\u0627\u0644\u0629 \u0627\u0644\u0644\u0648\u0646 \u0628\u0627\u0644\u0635\u0627\u0628\u0648\u0646.<\/span><br \/><span>\u064a\u062e\u062a\u0641\u064a \u0645\u0639 \u0623\u0648\u0644 \u063a\u0633\u0644 \u0628\u0627\u0644\u0634\u0627\u0645\u0628\u0648.<\/span><br \/><span>\u0644\u0627 \u064a\u062a\u0631\u0643 \u0628\u0642\u0639\u064b\u0627<\/span><\/p>\n<p class=\"p1\"><span>\u0631\u0630\u0627\u0630 \u0627\u0644\u062a\u0644\u0645\u064a\u0639 BioKap\u060c \u062d\u0644\u064a\u0641\u0643 \u0628\u064a\u0646\u00a0<strong>\u0644\u0648\u0646\u064a\u0646<\/strong>.<\/span><\/p>","protected":false},"excerpt":{"rendered":"<p>Biokap Nutricolor Delicato Spray Retouche\u00a0couvre instantan\u00e9ment la repousse des cheveux blancs Au cours des derni\u00e8res ann\u00e9es ont \u00e9t\u00e9 lanc\u00e9es de nouvelles solutions en spray pour couvrir la repousse des cheveux.Mais aucun spray de coloration pour cheveux n\u2019associe \u00e0 la couverture des cheveux blancs les propri\u00e9t\u00e9s d\u2019un soin. Le Spray Retouche Biokap Nutricolor, oui ! Couvrir [&hellip;]<\/p>\n","protected":false},"featured_media":15905,"template":"","meta":{"om_disable_all_campaigns":false},"product_brand":[],"product_cat":[15],"product_tag":[],"class_list":{"0":"post-15939","1":"product","2":"type-product","3":"status-publish","4":"has-post-thumbnail","6":"product_cat-beaute-sante-complements-alimentaires-soins-et-bien-etre-au-meilleur-prix","8":"first","9":"instock","10":"sale","11":"taxable","12":"shipping-taxable","13":"purchasable","14":"product-type-variable"},"yoast_head":"<!-- This site is optimized with the Yoast SEO plugin v27.3 - https:\/\/yoast.com\/product\/yoast-seo-wordpress\/ -->\n<title>Biokap Nutricolor Delicato Spray Retouche 75ml - Maroc Prix<\/title>\n<meta name=\"description\" content=\"Biokap Nutricolor Delicato Spray Retouche 75ml\" \/>\n<meta name=\"robots\" content=\"index, follow, max-snippet:-1, max-image-preview:large, max-video-preview:-1\" \/>\n<link rel=\"canonical\" href=\"https:\/\/vitablanca.ma\/ar\/product-2\/biokap-nutricolor-delicato-spray-retouche-75ml\/\" \/>\n<meta property=\"og:locale\" content=\"ar_AR\" \/>\n<meta property=\"og:type\" content=\"article\" \/>\n<meta property=\"og:title\" content=\"Biokap Nutricolor Delicato Spray Retouche 75ml - Maroc Prix\" \/>\n<meta property=\"og:description\" content=\"Biokap Nutricolor Delicato Spray Retouche 75ml\" \/>\n<meta property=\"og:url\" content=\"https:\/\/vitablanca.ma\/ar\/product-2\/biokap-nutricolor-delicato-spray-retouche-75ml\/\" \/>\n<meta property=\"og:site_name\" content=\"Vitablanca.ma &ndash; Sant&eacute;, vitalit&eacute; et bien-&ecirc;tre pour tous les Marocains\" \/>\n<meta property=\"article:publisher\" content=\"https:\/\/www.facebook.com\/profile.php?id=61576678196717\" \/>\n<meta property=\"article:modified_time\" content=\"2025-06-10T16:35:10+00:00\" \/>\n<meta property=\"og:image\" content=\"https:\/\/vitablanca.ma\/wp-content\/uploads\/2025\/06\/Biokap-Nutricolor-Delicato-Spray-Retouche-blond-75ml-nova-parapharmacie-maroc_f3b9e45b-4443-4696-abd9-d4d8b6f74cd5.jpg\" \/>\n\t<meta property=\"og:image:width\" content=\"1000\" \/>\n\t<meta property=\"og:image:height\" content=\"1000\" \/>\n\t<meta property=\"og:image:type\" content=\"image\/jpeg\" \/>\n<meta name=\"twitter:card\" content=\"summary_large_image\" \/>\n<meta name=\"twitter:label1\" content=\"\u0648\u0642\u062a \u0627\u0644\u0642\u0631\u0627\u0621\u0629 \u0627\u0644\u0645\u064f\u0642\u062f\u0651\u0631\" \/>\n\t<meta name=\"twitter:data1\" content=\"\u062f\u0642\u064a\u0642\u062a\u0627\u0646\" \/>\n<script type=\"application\/ld+json\" class=\"yoast-schema-graph\">{\"@context\":\"https:\\\/\\\/schema.org\",\"@graph\":[{\"@type\":[\"WebPage\",\"ItemPage\"],\"@id\":\"https:\\\/\\\/vitablanca.ma\\\/produit\\\/biokap-nutricolor-delicato-spray-retouche-75ml\\\/\",\"url\":\"https:\\\/\\\/vitablanca.ma\\\/produit\\\/biokap-nutricolor-delicato-spray-retouche-75ml\\\/\",\"name\":\"Biokap Nutricolor Delicato Spray Retouche 75ml - Maroc Prix\",\"isPartOf\":{\"@id\":\"https:\\\/\\\/vitablanca.ma\\\/#website\"},\"primaryImageOfPage\":{\"@id\":\"https:\\\/\\\/vitablanca.ma\\\/produit\\\/biokap-nutricolor-delicato-spray-retouche-75ml\\\/#primaryimage\"},\"image\":{\"@id\":\"https:\\\/\\\/vitablanca.ma\\\/produit\\\/biokap-nutricolor-delicato-spray-retouche-75ml\\\/#primaryimage\"},\"thumbnailUrl\":\"https:\\\/\\\/vitablanca.ma\\\/wp-content\\\/uploads\\\/2025\\\/06\\\/Biokap-Nutricolor-Delicato-Spray-Retouche-blond-75ml-nova-parapharmacie-maroc_f3b9e45b-4443-4696-abd9-d4d8b6f74cd5.jpg\",\"datePublished\":\"2025-06-10T16:35:08+00:00\",\"dateModified\":\"2025-06-10T16:35:10+00:00\",\"description\":\"Biokap Nutricolor Delicato Spray Retouche 75ml\",\"breadcrumb\":{\"@id\":\"https:\\\/\\\/vitablanca.ma\\\/produit\\\/biokap-nutricolor-delicato-spray-retouche-75ml\\\/#breadcrumb\"},\"inLanguage\":\"ar\",\"potentialAction\":[{\"@type\":\"ReadAction\",\"target\":[\"https:\\\/\\\/vitablanca.ma\\\/produit\\\/biokap-nutricolor-delicato-spray-retouche-75ml\\\/\"]}]},{\"@type\":\"ImageObject\",\"inLanguage\":\"ar\",\"@id\":\"https:\\\/\\\/vitablanca.ma\\\/produit\\\/biokap-nutricolor-delicato-spray-retouche-75ml\\\/#primaryimage\",\"url\":\"https:\\\/\\\/vitablanca.ma\\\/wp-content\\\/uploads\\\/2025\\\/06\\\/Biokap-Nutricolor-Delicato-Spray-Retouche-blond-75ml-nova-parapharmacie-maroc_f3b9e45b-4443-4696-abd9-d4d8b6f74cd5.jpg\",\"contentUrl\":\"https:\\\/\\\/vitablanca.ma\\\/wp-content\\\/uploads\\\/2025\\\/06\\\/Biokap-Nutricolor-Delicato-Spray-Retouche-blond-75ml-nova-parapharmacie-maroc_f3b9e45b-4443-4696-abd9-d4d8b6f74cd5.jpg\",\"width\":1000,\"height\":1000},{\"@type\":\"BreadcrumbList\",\"@id\":\"https:\\\/\\\/vitablanca.ma\\\/produit\\\/biokap-nutricolor-delicato-spray-retouche-75ml\\\/#breadcrumb\",\"itemListElement\":[{\"@type\":\"ListItem\",\"position\":1,\"name\":\"Home\",\"item\":\"https:\\\/\\\/vitablanca.ma\\\/\"},{\"@type\":\"ListItem\",\"position\":2,\"name\":\"Tous Les Produits\",\"item\":\"https:\\\/\\\/vitablanca.ma\\\/tous-les-produits\\\/\"},{\"@type\":\"ListItem\",\"position\":3,\"name\":\"Biokap Nutricolor Delicato Spray Retouche 75ml\"}]},{\"@type\":\"WebSite\",\"@id\":\"https:\\\/\\\/vitablanca.ma\\\/#website\",\"url\":\"https:\\\/\\\/vitablanca.ma\\\/\",\"name\":\"VitaBlanca.ma | Compl\u00e9ments alimentaires, sant\u00e9 & beaut\u00e9 au Maroc\",\"description\":\"vendre vitamines et compl\u00e9ments premium des USA &amp; Canada, Nouvelle Z\u00e9lande,Maroc (NOW Foods, Solgar, Manuka). Livraison rapide partout au Maroc.\",\"publisher\":{\"@id\":\"https:\\\/\\\/vitablanca.ma\\\/#organization\"},\"alternateName\":\"VitaBlanca.ma\",\"potentialAction\":[{\"@type\":\"SearchAction\",\"target\":{\"@type\":\"EntryPoint\",\"urlTemplate\":\"https:\\\/\\\/vitablanca.ma\\\/?s={search_term_string}\"},\"query-input\":{\"@type\":\"PropertyValueSpecification\",\"valueRequired\":true,\"valueName\":\"search_term_string\"}}],\"inLanguage\":\"ar\"},{\"@type\":\"Organization\",\"@id\":\"https:\\\/\\\/vitablanca.ma\\\/#organization\",\"name\":\"VitaBlanca\",\"url\":\"https:\\\/\\\/vitablanca.ma\\\/\",\"logo\":{\"@type\":\"ImageObject\",\"inLanguage\":\"ar\",\"@id\":\"https:\\\/\\\/vitablanca.ma\\\/#\\\/schema\\\/logo\\\/image\\\/\",\"url\":\"https:\\\/\\\/vitablanca.ma\\\/wp-content\\\/uploads\\\/2025\\\/05\\\/cropped-vitablanca.png\",\"contentUrl\":\"https:\\\/\\\/vitablanca.ma\\\/wp-content\\\/uploads\\\/2025\\\/05\\\/cropped-vitablanca.png\",\"width\":360,\"height\":67,\"caption\":\"VitaBlanca\"},\"image\":{\"@id\":\"https:\\\/\\\/vitablanca.ma\\\/#\\\/schema\\\/logo\\\/image\\\/\"},\"sameAs\":[\"https:\\\/\\\/www.facebook.com\\\/profile.php?id=61576678196717\",\"https:\\\/\\\/www.tiktok.com\\\/@vitablanca.ma\",\"https:\\\/\\\/www.instagram.com\\\/vitablanca.ma\\\/\"]}]}<\/script>\n<!-- \/ Yoast SEO plugin. -->","yoast_head_json":{"title":"\u0628\u062e\u0627\u062e Biokap Nutricolor Delicato Retouching 75 \u0645\u0644 - \u0633\u0639\u0631 \u0627\u0644\u0645\u063a\u0631\u0628","description":"\u0628\u064a\u0648\u0643\u0627\u0628 \u0646\u0648\u062a\u0631\u064a\u0643\u0648\u0644\u0648\u0631 \u062f\u064a\u0644\u064a\u0643\u0627\u062a\u0648 \u0628\u062e\u0627\u062e \u0644\u0645\u0633\u0627\u062a \u0646\u0647\u0627\u0626\u064a\u0629 75 \u0645\u0644","robots":{"index":"index","follow":"follow","max-snippet":"max-snippet:-1","max-image-preview":"max-image-preview:large","max-video-preview":"max-video-preview:-1"},"canonical":"https:\/\/vitablanca.ma\/ar\/product-2\/biokap-nutricolor-delicato-spray-retouche-75ml\/","og_locale":"ar_AR","og_type":"article","og_title":"Biokap Nutricolor Delicato Spray Retouche 75ml - Maroc Prix","og_description":"Biokap Nutricolor Delicato Spray Retouche 75ml","og_url":"https:\/\/vitablanca.ma\/ar\/product-2\/biokap-nutricolor-delicato-spray-retouche-75ml\/","og_site_name":"Vitablanca.ma &ndash; Sant&eacute;, vitalit&eacute; et bien-&ecirc;tre pour tous les Marocains","article_publisher":"https:\/\/www.facebook.com\/profile.php?id=61576678196717","article_modified_time":"2025-06-10T16:35:10+00:00","og_image":[{"width":1000,"height":1000,"url":"https:\/\/vitablanca.ma\/wp-content\/uploads\/2025\/06\/Biokap-Nutricolor-Delicato-Spray-Retouche-blond-75ml-nova-parapharmacie-maroc_f3b9e45b-4443-4696-abd9-d4d8b6f74cd5.jpg","type":"image\/jpeg"}],"twitter_card":"summary_large_image","twitter_misc":{"\u0648\u0642\u062a \u0627\u0644\u0642\u0631\u0627\u0621\u0629 \u0627\u0644\u0645\u064f\u0642\u062f\u0651\u0631":"\u062f\u0642\u064a\u0642\u062a\u0627\u0646"},"schema":{"@context":"https:\/\/schema.org","@graph":[{"@type":["WebPage","ItemPage"],"@id":"https:\/\/vitablanca.ma\/produit\/biokap-nutricolor-delicato-spray-retouche-75ml\/","url":"https:\/\/vitablanca.ma\/produit\/biokap-nutricolor-delicato-spray-retouche-75ml\/","name":"\u0628\u062e\u0627\u062e Biokap Nutricolor Delicato Retouching 75 \u0645\u0644 - \u0633\u0639\u0631 \u0627\u0644\u0645\u063a\u0631\u0628","isPartOf":{"@id":"https:\/\/vitablanca.ma\/#website"},"primaryImageOfPage":{"@id":"https:\/\/vitablanca.ma\/produit\/biokap-nutricolor-delicato-spray-retouche-75ml\/#primaryimage"},"image":{"@id":"https:\/\/vitablanca.ma\/produit\/biokap-nutricolor-delicato-spray-retouche-75ml\/#primaryimage"},"thumbnailUrl":"https:\/\/vitablanca.ma\/wp-content\/uploads\/2025\/06\/Biokap-Nutricolor-Delicato-Spray-Retouche-blond-75ml-nova-parapharmacie-maroc_f3b9e45b-4443-4696-abd9-d4d8b6f74cd5.jpg","datePublished":"2025-06-10T16:35:08+00:00","dateModified":"2025-06-10T16:35:10+00:00","description":"\u0628\u064a\u0648\u0643\u0627\u0628 \u0646\u0648\u062a\u0631\u064a\u0643\u0648\u0644\u0648\u0631 \u062f\u064a\u0644\u064a\u0643\u0627\u062a\u0648 \u0628\u062e\u0627\u062e \u0644\u0645\u0633\u0627\u062a \u0646\u0647\u0627\u0626\u064a\u0629 75 \u0645\u0644","breadcrumb":{"@id":"https:\/\/vitablanca.ma\/produit\/biokap-nutricolor-delicato-spray-retouche-75ml\/#breadcrumb"},"inLanguage":"ar","potentialAction":[{"@type":"ReadAction","target":["https:\/\/vitablanca.ma\/produit\/biokap-nutricolor-delicato-spray-retouche-75ml\/"]}]},{"@type":"ImageObject","inLanguage":"ar","@id":"https:\/\/vitablanca.ma\/produit\/biokap-nutricolor-delicato-spray-retouche-75ml\/#primaryimage","url":"https:\/\/vitablanca.ma\/wp-content\/uploads\/2025\/06\/Biokap-Nutricolor-Delicato-Spray-Retouche-blond-75ml-nova-parapharmacie-maroc_f3b9e45b-4443-4696-abd9-d4d8b6f74cd5.jpg","contentUrl":"https:\/\/vitablanca.ma\/wp-content\/uploads\/2025\/06\/Biokap-Nutricolor-Delicato-Spray-Retouche-blond-75ml-nova-parapharmacie-maroc_f3b9e45b-4443-4696-abd9-d4d8b6f74cd5.jpg","width":1000,"height":1000},{"@type":"BreadcrumbList","@id":"https:\/\/vitablanca.ma\/produit\/biokap-nutricolor-delicato-spray-retouche-75ml\/#breadcrumb","itemListElement":[{"@type":"ListItem","position":1,"name":"Home","item":"https:\/\/vitablanca.ma\/"},{"@type":"ListItem","position":2,"name":"Tous Les Produits","item":"https:\/\/vitablanca.ma\/tous-les-produits\/"},{"@type":"ListItem","position":3,"name":"Biokap Nutricolor Delicato Spray Retouche 75ml"}]},{"@type":"WebSite","@id":"https:\/\/vitablanca.ma\/#website","url":"https:\/\/vitablanca.ma\/","name":"VitaBlanca.ma | \u0627\u0644\u0645\u0643\u0645\u0644\u0627\u062a \u0627\u0644\u063a\u0630\u0627\u0626\u064a\u0629\u060c \u0627\u0644\u0635\u062d\u0629 \u0648\u0627\u0644\u062c\u0645\u0627\u0644 \u0641\u064a \u0627\u0644\u0645\u063a\u0631\u0628","description":"\u0646\u0628\u064a\u0639 \u0641\u064a\u062a\u0627\u0645\u064a\u0646\u0627\u062a \u0648\u0645\u0643\u0645\u0644\u0627\u062a \u063a\u0630\u0627\u0626\u064a\u0629 \u0641\u0627\u062e\u0631\u0629 \u0645\u0646 \u0627\u0644\u0648\u0644\u0627\u064a\u0627\u062a \u0627\u0644\u0645\u062a\u062d\u062f\u0629 \u0627\u0644\u0623\u0645\u0631\u064a\u0643\u064a\u0629 \u0648\u0643\u0646\u062f\u0627 \u0648\u0646\u064a\u0648\u0632\u064a\u0644\u0646\u062f\u0627 \u0648\u0627\u0644\u0645\u063a\u0631\u0628 (\u0646\u0627\u0648 \u0641\u0648\u062f\u0632\u060c \u0633\u0648\u0644\u062c\u0627\u0631\u060c \u0645\u0627\u0646\u0648\u0643\u0627). \u062a\u0648\u0635\u064a\u0644 \u0633\u0631\u064a\u0639 \u0625\u0644\u0649 \u062c\u0645\u064a\u0639 \u0623\u0646\u062d\u0627\u0621 \u0627\u0644\u0645\u063a\u0631\u0628.","publisher":{"@id":"https:\/\/vitablanca.ma\/#organization"},"alternateName":"VitaBlanca.ma","potentialAction":[{"@type":"SearchAction","target":{"@type":"EntryPoint","urlTemplate":"https:\/\/vitablanca.ma\/?s={search_term_string}"},"query-input":{"@type":"PropertyValueSpecification","valueRequired":true,"valueName":"search_term_string"}}],"inLanguage":"ar"},{"@type":"Organization","@id":"https:\/\/vitablanca.ma\/#organization","name":"\u0641\u064a\u062a\u0627\u0628\u0644\u0627\u0646\u0643\u0627","url":"https:\/\/vitablanca.ma\/","logo":{"@type":"ImageObject","inLanguage":"ar","@id":"https:\/\/vitablanca.ma\/#\/schema\/logo\/image\/","url":"https:\/\/vitablanca.ma\/wp-content\/uploads\/2025\/05\/cropped-vitablanca.png","contentUrl":"https:\/\/vitablanca.ma\/wp-content\/uploads\/2025\/05\/cropped-vitablanca.png","width":360,"height":67,"caption":"VitaBlanca"},"image":{"@id":"https:\/\/vitablanca.ma\/#\/schema\/logo\/image\/"},"sameAs":["https:\/\/www.facebook.com\/profile.php?id=61576678196717","https:\/\/www.tiktok.com\/@vitablanca.ma","https:\/\/www.instagram.com\/vitablanca.ma\/"]}]}},"jetpack_sharing_enabled":true,"_links":{"self":[{"href":"https:\/\/vitablanca.ma\/ar\/wp-json\/wp\/v2\/product\/15939","targetHints":{"allow":["GET"]}}],"collection":[{"href":"https:\/\/vitablanca.ma\/ar\/wp-json\/wp\/v2\/product"}],"about":[{"href":"https:\/\/vitablanca.ma\/ar\/wp-json\/wp\/v2\/types\/product"}],"wp:featuredmedia":[{"embeddable":true,"href":"https:\/\/vitablanca.ma\/ar\/wp-json\/wp\/v2\/media\/15905"}],"wp:attachment":[{"href":"https:\/\/vitablanca.ma\/ar\/wp-json\/wp\/v2\/media?parent=15939"}],"wp:term":[{"taxonomy":"product_brand","embeddable":true,"href":"https:\/\/vitablanca.ma\/ar\/wp-json\/wp\/v2\/product_brand?post=15939"},{"taxonomy":"product_cat","embeddable":true,"href":"https:\/\/vitablanca.ma\/ar\/wp-json\/wp\/v2\/product_cat?post=15939"},{"taxonomy":"product_tag","embeddable":true,"href":"https:\/\/vitablanca.ma\/ar\/wp-json\/wp\/v2\/product_tag?post=15939"}],"curies":[{"name":"wp","href":"https:\/\/api.w.org\/{rel}","templated":true}]}}