{"id":15839,"date":"2025-06-10T16:34:04","date_gmt":"2025-06-10T16:34:04","guid":{"rendered":"https:\/\/vitablanca.ma\/product\/bio-oil-skincare-oil-naturel\/"},"modified":"2025-06-10T16:34:05","modified_gmt":"2025-06-10T16:34:05","slug":"bio-oil-skincare-oil-naturel","status":"publish","type":"product","link":"https:\/\/vitablanca.ma\/ar\/product-2\/bio-oil-skincare-oil-naturel\/","title":{"rendered":"Bio-Oil Skincare Oil Naturel"},"content":{"rendered":"<h2>Bio-Oil Skincare Oil Naturel<\/h2>\n<p><strong>\u0645\u0644\u0643\u064a\u0627\u062a :<br \/><\/strong><\/p>\n<p><span data-mce-fragment=\"1\">Un produit de soin de la peau sp\u00e9cialis\u00e9, formul\u00e9 pour aider \u00e0 am\u00e9liorer l\u2019apparence des cicatrices, des vergetures et du teint irr\u00e9gulier. Bi-Oil est \u00e9galement recommand\u00e9 pour les taches de pigmentation et les peaux vieillissantes et d\u00e9shydrat\u00e9es.<\/span><\/p>\n<p><span data-mce-fragment=\"1\">Une formule hypoallerg\u00e9nique, non-com\u00e9dog\u00e8ne qui peut m\u00eame \u00eatre utilis\u00e9e chez les personnes \u00e0 la peau sensible. Bi-Oil est facilement absorb\u00e9 et a une base non grasse. La composition est pr\u00e9vue pour une application sur le visage et le corps.<\/span><\/p>\n<p><span data-mce-fragment=\"1\">Une \u00e9tude clinique a montr\u00e9 que Bi-Oil contribue \u00e0 am\u00e9liorer l&rsquo;apparence de tous les types de cicatrices aussi bien r\u00e9centes que les plus anciennes ou des vergetures existantes. En plus Bi-Oil augmente l&rsquo;\u00e9lasticit\u00e9 de la peau r\u00e9duisant ainsi la formation de nouvelles vergetures.<br data-mce-fragment=\"1\"><\/span><\/p>\n<p><span data-mce-fragment=\"1\">Les plus produit :<br \/>&#8211; Non gras<br \/>&#8211; Vitamines A et E<br \/>- \u0645\u0636\u0627\u062f \u0644\u0644\u062d\u0633\u0627\u0633\u064a\u0629<br \/>&#8211; S\u2019absorbe rapidement.<br \/>- \u0645\u0646\u0627\u0633\u0628 \u0644\u0644\u0628\u0634\u0631\u0629 \u0627\u0644\u062d\u0633\u0627\u0633\u0629<br \/>&#8211; Huile du souci, de la lavande, du romarin et de la camomille<\/span><\/p>\n<p><span data-mce-fragment=\"1\">Bi-Oil est enrichi :<br \/>1. D\u2019huiles v\u00e9g\u00e9tales naturelles : huile de souci, huile de lavande, huile de camomille et huile de romarin &#8211; contribuent \u00e0 pr\u00e9server l\u2019\u00e9tat de la peau. Ces huiles sont connues pour leurs actions purifiantes, soignantes, adoucissantes et calmantes.<\/p>\n<p>2. De vitamines : leur force avant utilisation est pr\u00e9serv\u00e9e dans une base huileuse sans oxyg\u00e8ne.<br \/>&#8211; Vitamine A : favorise l\u2019\u00e9lasticit\u00e9 et la texture de la peau.<br \/>&#8211; Vitamine E : anti-oxydant, augmente le taux d\u2019humidit\u00e9 dans la peau. Favorise la croissance et la pr\u00e9servation d\u2019une peau saine.<\/p>\n<p>3. PurCellin Oil : ingr\u00e9dient unique &#8211; une huile synth\u00e9tique d\u00e9velopp\u00e9e en laboratoire \u00e0 partir du complexe secr\u00e9t\u00e9 par la glande du croupion des canards avec double action :<br \/>&#8211; Rend l\u2019huile plus fin afin d\u2019obtenir les propri\u00e9t\u00e9s agr\u00e9ables d\u2019une cr\u00e8me. Ceci permet une absorption rapide et en profondeur.<br \/>&#8211; Une huile (sans oxyg\u00e8ne) est le milieu de conservation et le syst\u00e8me de transport id\u00e9al pour les autres ingr\u00e9dients permettant aux vitamines et aux huiles v\u00e9g\u00e9tales de conserver leurs forces potentielles.<\/p>\n<p><strong>\u062f\u0648\u0627\u0639\u064a \u0627\u0644\u0627\u0633\u062a\u0639\u0645\u0627\u0644\u00a0<\/strong><strong>:<\/strong><br \/>\u0627\u0644\u0627\u0633\u062a\u062e\u062f\u0627\u0645 \u0627\u0644\u062e\u0627\u0631\u062c\u064a<br \/>Pour la peau sensible<br \/>Pour le corps et le visage<br \/>Pour l&rsquo;\u00e9lasticit\u00e9 de la peau<br \/>Pour la peau vieillissante et\/ ou dess\u00e9ch\u00e9e<br \/>Pour les cicatrices, les vergetures et le teint irr\u00e9gulier<\/p>\n<p><strong>Contre-indications :<\/strong><br \/>Application sur une peau ab\u00eem\u00e9e<\/p>\n<p><strong>\u0645\u0643\u0648\u0646\u0627\u062a :<\/strong><br \/>Paraffinum liquidum, triisononanoin, cetearyl ethylhexanoate, isopropyl myristate, retinyl palmitate, Helianthus annuus seed oil, tocopheryl acetate, Anthemis nobilis flower oil, Lavandula angustifolia oil, Rosmarinus officinalis leaf oil, Calendula officinalis extract, glyc. soja oil, BHT, bisabolol, parfum, alpha-isomethyl ionone, amyl cinnamal, benzyl salicylate, citronellol, coumarin, eugenol, farnesol, geraniol, hydroxycitronellal, hydroxyisohexyl 3-cyclohexene carboxaldehyde, limonene, linalool, CI 26100<\/p>\n<p><strong>Ingr\u00e9dients actifs :<\/strong><br \/>Huile de souci, huile de lavande, huile de camomille, huile de romarin, vitamine A, vitamine E, PurCellin Oil<\/p>\n<p><strong>\u0637\u0631\u064a\u0642\u0629 \u0627\u0644\u0627\u0633\u062a\u062e\u062f\u0627\u0645<\/strong><strong>\u00a0:<\/strong><br \/>\u00c0 utiliser 2 fois par jour, pendant minimum 3 mois.<br \/>Pendant la grossesse, \u00e0 utiliser 2 fois par jour d\u00e8s le d\u00e9but du 2i\u00e8me trimestre.<br \/>Masser du bout des doigts par l\u00e9gers mouvements circulaires jusqu&rsquo;\u00e0 absorption compl\u00e8te du produit.<\/p>\n<p><strong>\u0627\u062d\u062a\u064a\u0627\u0637\u0627\u062a \u0627\u0644\u0627\u0633\u062a\u062e\u062f\u0627\u0645:<\/strong><br \/>Les r\u00e9sultats peuvent diff\u00e9rer selon l\u2019utilisateur.<br \/>\u00c0 conserver au frais, \u00e0 l\u2019abri de la lumi\u00e8re solaire directe.<br \/>En cas d\u2019irritation cutan\u00e9e \u00e9ventuelle, il faut arr\u00eater l\u2019utilisation du produit.<\/p>\n<p><strong>Pr\u00e9sentation<\/strong><strong>\u00a0:<\/strong><br \/>Flacon 200ml-125ml-60ml-25ml<\/span><\/p>","protected":false},"excerpt":{"rendered":"<p>Bio-Oil Skincare Oil Naturel Propri\u00e9t\u00e9s : Un produit de soin de la peau sp\u00e9cialis\u00e9, formul\u00e9 pour aider \u00e0 am\u00e9liorer l\u2019apparence des cicatrices, des vergetures et du teint irr\u00e9gulier. Bi-Oil est \u00e9galement recommand\u00e9 pour les taches de pigmentation et les peaux vieillissantes et d\u00e9shydrat\u00e9es. Une formule hypoallerg\u00e9nique, non-com\u00e9dog\u00e8ne qui peut m\u00eame \u00eatre utilis\u00e9e chez les personnes [&hellip;]<\/p>\n","protected":false},"featured_media":15820,"template":"","meta":{"om_disable_all_campaigns":false},"product_brand":[],"product_cat":[15],"product_tag":[],"class_list":{"0":"post-15839","1":"product","2":"type-product","3":"status-publish","4":"has-post-thumbnail","6":"product_cat-beaute-sante-complements-alimentaires-soins-et-bien-etre-au-meilleur-prix","8":"first","9":"instock","10":"sale","11":"taxable","12":"shipping-taxable","13":"purchasable","14":"product-type-variable"},"yoast_head":"<!-- This site is optimized with the Yoast SEO plugin v27.4 - https:\/\/yoast.com\/product\/yoast-seo-wordpress\/ -->\n<title>Bio-Oil Skincare Oil Naturel - Maroc Prix<\/title>\n<meta name=\"description\" content=\"Bio-Oil Skincare Oil Naturel\" \/>\n<meta name=\"robots\" content=\"index, follow, max-snippet:-1, max-image-preview:large, max-video-preview:-1\" \/>\n<link rel=\"canonical\" href=\"https:\/\/vitablanca.ma\/ar\/product-2\/bio-oil-skincare-oil-naturel\/\" \/>\n<meta property=\"og:locale\" content=\"ar_AR\" \/>\n<meta property=\"og:type\" content=\"article\" \/>\n<meta property=\"og:title\" content=\"Bio-Oil Skincare Oil Naturel - Maroc Prix\" \/>\n<meta property=\"og:description\" content=\"Bio-Oil Skincare Oil Naturel\" \/>\n<meta property=\"og:url\" content=\"https:\/\/vitablanca.ma\/ar\/product-2\/bio-oil-skincare-oil-naturel\/\" \/>\n<meta property=\"og:site_name\" content=\"Vitablanca.ma &ndash; Sant&eacute;, vitalit&eacute; et bien-&ecirc;tre pour tous les Marocains\" \/>\n<meta property=\"article:publisher\" content=\"https:\/\/www.facebook.com\/profile.php?id=61576678196717\" \/>\n<meta property=\"article:modified_time\" content=\"2025-06-10T16:34:05+00:00\" \/>\n<meta property=\"og:image\" content=\"https:\/\/vitablanca.ma\/wp-content\/uploads\/2025\/06\/Bio-Oil_MA_Skincare_Oil_Natural_bottle_photo_25ml_RGB-para-enligne-maroc-scaled.jpg\" \/>\n\t<meta property=\"og:image:width\" content=\"1126\" \/>\n\t<meta property=\"og:image:height\" content=\"2560\" \/>\n\t<meta property=\"og:image:type\" content=\"image\/jpeg\" \/>\n<meta name=\"twitter:card\" content=\"summary_large_image\" \/>\n<meta name=\"twitter:label1\" content=\"\u0648\u0642\u062a \u0627\u0644\u0642\u0631\u0627\u0621\u0629 \u0627\u0644\u0645\u064f\u0642\u062f\u0651\u0631\" \/>\n\t<meta name=\"twitter:data1\" content=\"3 \u062f\u0642\u0627\u0626\u0642\" \/>\n<script type=\"application\/ld+json\" class=\"yoast-schema-graph\">{\"@context\":\"https:\\\/\\\/schema.org\",\"@graph\":[{\"@type\":[\"WebPage\",\"ItemPage\"],\"@id\":\"https:\\\/\\\/vitablanca.ma\\\/produit\\\/bio-oil-skincare-oil-naturel\\\/\",\"url\":\"https:\\\/\\\/vitablanca.ma\\\/produit\\\/bio-oil-skincare-oil-naturel\\\/\",\"name\":\"Bio-Oil Skincare Oil Naturel - Maroc Prix\",\"isPartOf\":{\"@id\":\"https:\\\/\\\/vitablanca.ma\\\/#website\"},\"primaryImageOfPage\":{\"@id\":\"https:\\\/\\\/vitablanca.ma\\\/produit\\\/bio-oil-skincare-oil-naturel\\\/#primaryimage\"},\"image\":{\"@id\":\"https:\\\/\\\/vitablanca.ma\\\/produit\\\/bio-oil-skincare-oil-naturel\\\/#primaryimage\"},\"thumbnailUrl\":\"https:\\\/\\\/vitablanca.ma\\\/wp-content\\\/uploads\\\/2025\\\/06\\\/Bio-Oil_MA_Skincare_Oil_Natural_bottle_photo_25ml_RGB-para-enligne-maroc-scaled.jpg\",\"datePublished\":\"2025-06-10T16:34:04+00:00\",\"dateModified\":\"2025-06-10T16:34:05+00:00\",\"description\":\"Bio-Oil Skincare Oil Naturel\",\"breadcrumb\":{\"@id\":\"https:\\\/\\\/vitablanca.ma\\\/produit\\\/bio-oil-skincare-oil-naturel\\\/#breadcrumb\"},\"inLanguage\":\"ar\",\"potentialAction\":[{\"@type\":\"ReadAction\",\"target\":[\"https:\\\/\\\/vitablanca.ma\\\/produit\\\/bio-oil-skincare-oil-naturel\\\/\"]}]},{\"@type\":\"ImageObject\",\"inLanguage\":\"ar\",\"@id\":\"https:\\\/\\\/vitablanca.ma\\\/produit\\\/bio-oil-skincare-oil-naturel\\\/#primaryimage\",\"url\":\"https:\\\/\\\/vitablanca.ma\\\/wp-content\\\/uploads\\\/2025\\\/06\\\/Bio-Oil_MA_Skincare_Oil_Natural_bottle_photo_25ml_RGB-para-enligne-maroc-scaled.jpg\",\"contentUrl\":\"https:\\\/\\\/vitablanca.ma\\\/wp-content\\\/uploads\\\/2025\\\/06\\\/Bio-Oil_MA_Skincare_Oil_Natural_bottle_photo_25ml_RGB-para-enligne-maroc-scaled.jpg\",\"width\":1126,\"height\":2560},{\"@type\":\"BreadcrumbList\",\"@id\":\"https:\\\/\\\/vitablanca.ma\\\/produit\\\/bio-oil-skincare-oil-naturel\\\/#breadcrumb\",\"itemListElement\":[{\"@type\":\"ListItem\",\"position\":1,\"name\":\"Home\",\"item\":\"https:\\\/\\\/vitablanca.ma\\\/\"},{\"@type\":\"ListItem\",\"position\":2,\"name\":\"Tous Les Produits\",\"item\":\"https:\\\/\\\/vitablanca.ma\\\/tous-les-produits\\\/\"},{\"@type\":\"ListItem\",\"position\":3,\"name\":\"Bio-Oil Skincare Oil Naturel\"}]},{\"@type\":\"WebSite\",\"@id\":\"https:\\\/\\\/vitablanca.ma\\\/#website\",\"url\":\"https:\\\/\\\/vitablanca.ma\\\/\",\"name\":\"VitaBlanca.ma | Compl\u00e9ments alimentaires, sant\u00e9 & beaut\u00e9 au Maroc\",\"description\":\"vendre vitamines et compl\u00e9ments premium des USA &amp; Canada, Nouvelle Z\u00e9lande,Maroc (NOW Foods, Solgar, Manuka). Livraison rapide partout au Maroc.\",\"publisher\":{\"@id\":\"https:\\\/\\\/vitablanca.ma\\\/#organization\"},\"alternateName\":\"VitaBlanca.ma\",\"potentialAction\":[{\"@type\":\"SearchAction\",\"target\":{\"@type\":\"EntryPoint\",\"urlTemplate\":\"https:\\\/\\\/vitablanca.ma\\\/?s={search_term_string}\"},\"query-input\":{\"@type\":\"PropertyValueSpecification\",\"valueRequired\":true,\"valueName\":\"search_term_string\"}}],\"inLanguage\":\"ar\"},{\"@type\":\"Organization\",\"@id\":\"https:\\\/\\\/vitablanca.ma\\\/#organization\",\"name\":\"VitaBlanca\",\"url\":\"https:\\\/\\\/vitablanca.ma\\\/\",\"logo\":{\"@type\":\"ImageObject\",\"inLanguage\":\"ar\",\"@id\":\"https:\\\/\\\/vitablanca.ma\\\/#\\\/schema\\\/logo\\\/image\\\/\",\"url\":\"https:\\\/\\\/vitablanca.ma\\\/wp-content\\\/uploads\\\/2025\\\/05\\\/cropped-vitablanca.png\",\"contentUrl\":\"https:\\\/\\\/vitablanca.ma\\\/wp-content\\\/uploads\\\/2025\\\/05\\\/cropped-vitablanca.png\",\"width\":360,\"height\":67,\"caption\":\"VitaBlanca\"},\"image\":{\"@id\":\"https:\\\/\\\/vitablanca.ma\\\/#\\\/schema\\\/logo\\\/image\\\/\"},\"sameAs\":[\"https:\\\/\\\/www.facebook.com\\\/profile.php?id=61576678196717\",\"https:\\\/\\\/www.tiktok.com\\\/@vitablanca.ma\",\"https:\\\/\\\/www.instagram.com\\\/vitablanca.ma\\\/\"]}]}<\/script>\n<!-- \/ Yoast SEO plugin. -->","yoast_head_json":{"title":"Bio-Oil Skincare Oil Naturel - Maroc Prix","description":"Bio-Oil Skincare Oil Naturel","robots":{"index":"index","follow":"follow","max-snippet":"max-snippet:-1","max-image-preview":"max-image-preview:large","max-video-preview":"max-video-preview:-1"},"canonical":"https:\/\/vitablanca.ma\/ar\/product-2\/bio-oil-skincare-oil-naturel\/","og_locale":"ar_AR","og_type":"article","og_title":"Bio-Oil Skincare Oil Naturel - Maroc Prix","og_description":"Bio-Oil Skincare Oil Naturel","og_url":"https:\/\/vitablanca.ma\/ar\/product-2\/bio-oil-skincare-oil-naturel\/","og_site_name":"Vitablanca.ma &ndash; Sant&eacute;, vitalit&eacute; et bien-&ecirc;tre pour tous les Marocains","article_publisher":"https:\/\/www.facebook.com\/profile.php?id=61576678196717","article_modified_time":"2025-06-10T16:34:05+00:00","og_image":[{"width":1126,"height":2560,"url":"https:\/\/vitablanca.ma\/wp-content\/uploads\/2025\/06\/Bio-Oil_MA_Skincare_Oil_Natural_bottle_photo_25ml_RGB-para-enligne-maroc-scaled.jpg","type":"image\/jpeg"}],"twitter_card":"summary_large_image","twitter_misc":{"\u0648\u0642\u062a \u0627\u0644\u0642\u0631\u0627\u0621\u0629 \u0627\u0644\u0645\u064f\u0642\u062f\u0651\u0631":"3 \u062f\u0642\u0627\u0626\u0642"},"schema":{"@context":"https:\/\/schema.org","@graph":[{"@type":["WebPage","ItemPage"],"@id":"https:\/\/vitablanca.ma\/produit\/bio-oil-skincare-oil-naturel\/","url":"https:\/\/vitablanca.ma\/produit\/bio-oil-skincare-oil-naturel\/","name":"Bio-Oil Skincare Oil Naturel - Maroc Prix","isPartOf":{"@id":"https:\/\/vitablanca.ma\/#website"},"primaryImageOfPage":{"@id":"https:\/\/vitablanca.ma\/produit\/bio-oil-skincare-oil-naturel\/#primaryimage"},"image":{"@id":"https:\/\/vitablanca.ma\/produit\/bio-oil-skincare-oil-naturel\/#primaryimage"},"thumbnailUrl":"https:\/\/vitablanca.ma\/wp-content\/uploads\/2025\/06\/Bio-Oil_MA_Skincare_Oil_Natural_bottle_photo_25ml_RGB-para-enligne-maroc-scaled.jpg","datePublished":"2025-06-10T16:34:04+00:00","dateModified":"2025-06-10T16:34:05+00:00","description":"Bio-Oil Skincare Oil Naturel","breadcrumb":{"@id":"https:\/\/vitablanca.ma\/produit\/bio-oil-skincare-oil-naturel\/#breadcrumb"},"inLanguage":"ar","potentialAction":[{"@type":"ReadAction","target":["https:\/\/vitablanca.ma\/produit\/bio-oil-skincare-oil-naturel\/"]}]},{"@type":"ImageObject","inLanguage":"ar","@id":"https:\/\/vitablanca.ma\/produit\/bio-oil-skincare-oil-naturel\/#primaryimage","url":"https:\/\/vitablanca.ma\/wp-content\/uploads\/2025\/06\/Bio-Oil_MA_Skincare_Oil_Natural_bottle_photo_25ml_RGB-para-enligne-maroc-scaled.jpg","contentUrl":"https:\/\/vitablanca.ma\/wp-content\/uploads\/2025\/06\/Bio-Oil_MA_Skincare_Oil_Natural_bottle_photo_25ml_RGB-para-enligne-maroc-scaled.jpg","width":1126,"height":2560},{"@type":"BreadcrumbList","@id":"https:\/\/vitablanca.ma\/produit\/bio-oil-skincare-oil-naturel\/#breadcrumb","itemListElement":[{"@type":"ListItem","position":1,"name":"Home","item":"https:\/\/vitablanca.ma\/"},{"@type":"ListItem","position":2,"name":"Tous Les Produits","item":"https:\/\/vitablanca.ma\/tous-les-produits\/"},{"@type":"ListItem","position":3,"name":"Bio-Oil Skincare Oil Naturel"}]},{"@type":"WebSite","@id":"https:\/\/vitablanca.ma\/#website","url":"https:\/\/vitablanca.ma\/","name":"VitaBlanca.ma | \u0627\u0644\u0645\u0643\u0645\u0644\u0627\u062a \u0627\u0644\u063a\u0630\u0627\u0626\u064a\u0629\u060c \u0627\u0644\u0635\u062d\u0629 \u0648\u0627\u0644\u062c\u0645\u0627\u0644 \u0641\u064a \u0627\u0644\u0645\u063a\u0631\u0628","description":"\u0646\u0628\u064a\u0639 \u0641\u064a\u062a\u0627\u0645\u064a\u0646\u0627\u062a \u0648\u0645\u0643\u0645\u0644\u0627\u062a \u063a\u0630\u0627\u0626\u064a\u0629 \u0641\u0627\u062e\u0631\u0629 \u0645\u0646 \u0627\u0644\u0648\u0644\u0627\u064a\u0627\u062a \u0627\u0644\u0645\u062a\u062d\u062f\u0629 \u0627\u0644\u0623\u0645\u0631\u064a\u0643\u064a\u0629 \u0648\u0643\u0646\u062f\u0627 \u0648\u0646\u064a\u0648\u0632\u064a\u0644\u0646\u062f\u0627 \u0648\u0627\u0644\u0645\u063a\u0631\u0628 (\u0646\u0627\u0648 \u0641\u0648\u062f\u0632\u060c \u0633\u0648\u0644\u062c\u0627\u0631\u060c \u0645\u0627\u0646\u0648\u0643\u0627). \u062a\u0648\u0635\u064a\u0644 \u0633\u0631\u064a\u0639 \u0625\u0644\u0649 \u062c\u0645\u064a\u0639 \u0623\u0646\u062d\u0627\u0621 \u0627\u0644\u0645\u063a\u0631\u0628.","publisher":{"@id":"https:\/\/vitablanca.ma\/#organization"},"alternateName":"VitaBlanca.ma","potentialAction":[{"@type":"SearchAction","target":{"@type":"EntryPoint","urlTemplate":"https:\/\/vitablanca.ma\/?s={search_term_string}"},"query-input":{"@type":"PropertyValueSpecification","valueRequired":true,"valueName":"search_term_string"}}],"inLanguage":"ar"},{"@type":"Organization","@id":"https:\/\/vitablanca.ma\/#organization","name":"\u0641\u064a\u062a\u0627\u0628\u0644\u0627\u0646\u0643\u0627","url":"https:\/\/vitablanca.ma\/","logo":{"@type":"ImageObject","inLanguage":"ar","@id":"https:\/\/vitablanca.ma\/#\/schema\/logo\/image\/","url":"https:\/\/vitablanca.ma\/wp-content\/uploads\/2025\/05\/cropped-vitablanca.png","contentUrl":"https:\/\/vitablanca.ma\/wp-content\/uploads\/2025\/05\/cropped-vitablanca.png","width":360,"height":67,"caption":"VitaBlanca"},"image":{"@id":"https:\/\/vitablanca.ma\/#\/schema\/logo\/image\/"},"sameAs":["https:\/\/www.facebook.com\/profile.php?id=61576678196717","https:\/\/www.tiktok.com\/@vitablanca.ma","https:\/\/www.instagram.com\/vitablanca.ma\/"]}]}},"jetpack_sharing_enabled":true,"_links":{"self":[{"href":"https:\/\/vitablanca.ma\/ar\/wp-json\/wp\/v2\/product\/15839","targetHints":{"allow":["GET"]}}],"collection":[{"href":"https:\/\/vitablanca.ma\/ar\/wp-json\/wp\/v2\/product"}],"about":[{"href":"https:\/\/vitablanca.ma\/ar\/wp-json\/wp\/v2\/types\/product"}],"wp:featuredmedia":[{"embeddable":true,"href":"https:\/\/vitablanca.ma\/ar\/wp-json\/wp\/v2\/media\/15820"}],"wp:attachment":[{"href":"https:\/\/vitablanca.ma\/ar\/wp-json\/wp\/v2\/media?parent=15839"}],"wp:term":[{"taxonomy":"product_brand","embeddable":true,"href":"https:\/\/vitablanca.ma\/ar\/wp-json\/wp\/v2\/product_brand?post=15839"},{"taxonomy":"product_cat","embeddable":true,"href":"https:\/\/vitablanca.ma\/ar\/wp-json\/wp\/v2\/product_cat?post=15839"},{"taxonomy":"product_tag","embeddable":true,"href":"https:\/\/vitablanca.ma\/ar\/wp-json\/wp\/v2\/product_tag?post=15839"}],"curies":[{"name":"wp","href":"https:\/\/api.w.org\/{rel}","templated":true}]}}