{"id":15792,"date":"2025-06-10T16:33:10","date_gmt":"2025-06-10T16:33:10","guid":{"rendered":"https:\/\/vitablanca.ma\/product\/bio-oil-huile-de-soin\/"},"modified":"2025-06-10T16:33:11","modified_gmt":"2025-06-10T16:33:11","slug":"bio-oil-huile-de-soin","status":"publish","type":"product","link":"https:\/\/vitablanca.ma\/ar\/product-2\/bio-oil-huile-de-soin\/","title":{"rendered":"\u0632\u064a\u062a \u0627\u0644\u0639\u0646\u0627\u064a\u0629 \u0628\u064a\u0648 \u0623\u0648\u064a\u0644"},"content":{"rendered":"<h2 data-mce-fragment=\"1\">Bio-Oil Huile De Soin.<\/h2>\n<p data-mce-fragment=\"1\">Bio-oil est un produit de soin sp\u00e9cialis\u00e9 formul\u00e9 pour aider \u00e0 am\u00e9liorer l&rsquo;apparence des cicatrices, vergetures et teint irr\u00e9gulier. Sa formulation unique est \u00e9galement tr\u00e8s efficace pour les peaux vieillissantes et d\u00e9shydrat\u00e9es.<\/p>\n<ul class=\"a-unordered-list a-vertical a-spacing-mini\" data-mce-fragment=\"1\">\n<li data-mce-fragment=\"1\"><span class=\"a-list-item\" data-mce-fragment=\"1\">L&rsquo;huile de soin pour la peau Bio-Oil est le leader mondial des produits cicatrices et extensibles. Sa formule unique est \u00e9galement tr\u00e8s efficace pour les peaux irr\u00e9guli\u00e8res, le vieillissement et la d\u00e9shydrat\u00e9e.<\/span><\/li>\n<li data-mce-fragment=\"1\"><span class=\"a-list-item\" data-mce-fragment=\"1\">La formule aide \u00e0 compl\u00e9ter les huiles naturelles de la peau et aide \u00e0 pr\u00e9venir la peau s\u00e8che. Il est non com\u00e9dog\u00e8ne (ne bloque pas les pores), hypoallerg\u00e9nique et adapt\u00e9 aux peaux les plus sensibles.<\/span><\/li>\n<li data-mce-fragment=\"1\"><span class=\"a-list-item\" data-mce-fragment=\"1\">L&rsquo;huile de soin Bio-Oil peut \u00eatre appliqu\u00e9e sur le visage et le corps et doit \u00eatre mass\u00e9e par un mouvement circulaire dans la cicatrice, deux fois par jour, pendant un minimum de 3 mois. Sur les nouvelles cicatrices, l&rsquo;huile de soin de la peau ne doit \u00eatre appliqu\u00e9e qu&rsquo;une fois que la plaie a gu\u00e9rit et ne doit pas \u00eatre utilis\u00e9e sur une peau ab\u00eem\u00e9e. Les r\u00e9sultats varient d&rsquo;une personne \u00e0 l&rsquo;autre.<\/span><\/li>\n<li data-mce-fragment=\"1\"><span class=\"a-list-item\" data-mce-fragment=\"1\">L&rsquo;huile PurCellin r\u00e9duit l&rsquo;\u00e9paisseur de la formule Bio-Oil pour soins de la peau, ce qui la rend facilement absorb\u00e9e. Cela aide \u00e0 l&rsquo;apport d&rsquo;ingr\u00e9dients cl\u00e9s en vitamines A et E, ainsi que des huiles de calendula, de lavande, de romarin et de camomille.<\/span><\/li>\n<li data-mce-fragment=\"1\"><span class=\"a-list-item\" data-mce-fragment=\"1\">L&rsquo;huile de soin de la peau n&rsquo;est pas collante ou grasse, une petite quantit\u00e9 suffit. Pour une absorption maximale, il doit \u00eatre appliqu\u00e9 sur une peau nettoy\u00e9e. Peut \u00eatre utilis\u00e9 sur une base continue dans le cadre de votre routine quotidienne de soins de la peau.<\/span><\/li>\n<\/ul>\n<p><span class=\"a-list-item\" data-mce-fragment=\"1\">25ml<span data-mce-fragment=\"1\">\u00a0<\/span>60 \u0645\u0644<span data-mce-fragment=\"1\">\u00a0<\/span>125 \u0645\u0644<span data-mce-fragment=\"1\">\u00a0<\/span>200 \u0645\u0644<\/span><\/p>\n<h3 class=\"default\" data-mce-fragment=\"1\"><\/h3>\n<div class=\"a-section a-spacing-small\" id=\"productDescription\" data-mce-fragment=\"1\"><\/div>","protected":false},"excerpt":{"rendered":"<p>Bio-Oil Huile De Soin. Bio-oil est un produit de soin sp\u00e9cialis\u00e9 formul\u00e9 pour aider \u00e0 am\u00e9liorer l&rsquo;apparence des cicatrices, vergetures et teint irr\u00e9gulier. Sa formulation unique est \u00e9galement tr\u00e8s efficace pour les peaux vieillissantes et d\u00e9shydrat\u00e9es. L&rsquo;huile de soin pour la peau Bio-Oil est le leader mondial des produits cicatrices et extensibles. Sa formule unique [&hellip;]<\/p>\n","protected":false},"featured_media":15777,"template":"","meta":{"om_disable_all_campaigns":false},"product_brand":[],"product_cat":[15],"product_tag":[],"class_list":{"0":"post-15792","1":"product","2":"type-product","3":"status-publish","4":"has-post-thumbnail","6":"product_cat-beaute-sante-complements-alimentaires-soins-et-bien-etre-au-meilleur-prix","8":"first","9":"instock","10":"sale","11":"taxable","12":"shipping-taxable","13":"purchasable","14":"product-type-variable"},"yoast_head":"<!-- This site is optimized with the Yoast SEO plugin v27.4 - https:\/\/yoast.com\/product\/yoast-seo-wordpress\/ -->\n<title>Bio-Oil Huile De Soin - Maroc Prix<\/title>\n<meta name=\"description\" content=\"Bio-Oil Huile De Soin\" \/>\n<meta name=\"robots\" content=\"index, follow, max-snippet:-1, max-image-preview:large, max-video-preview:-1\" \/>\n<link rel=\"canonical\" href=\"https:\/\/vitablanca.ma\/ar\/product-2\/bio-oil-huile-de-soin\/\" \/>\n<meta property=\"og:locale\" content=\"ar_AR\" \/>\n<meta property=\"og:type\" content=\"article\" \/>\n<meta property=\"og:title\" content=\"Bio-Oil Huile De Soin - Maroc Prix\" \/>\n<meta property=\"og:description\" content=\"Bio-Oil Huile De Soin\" \/>\n<meta property=\"og:url\" content=\"https:\/\/vitablanca.ma\/ar\/product-2\/bio-oil-huile-de-soin\/\" \/>\n<meta property=\"og:site_name\" content=\"Vitablanca.ma &ndash; Sant&eacute;, vitalit&eacute; et bien-&ecirc;tre pour tous les Marocains\" \/>\n<meta property=\"article:publisher\" content=\"https:\/\/www.facebook.com\/profile.php?id=61576678196717\" \/>\n<meta property=\"article:modified_time\" content=\"2025-06-10T16:33:11+00:00\" \/>\n<meta property=\"og:image\" content=\"https:\/\/vitablanca.ma\/wp-content\/uploads\/2025\/06\/Bio-Oil-Huile-De-Soin-25ml-nova-parapharmacie-casablanca.jpg\" \/>\n\t<meta property=\"og:image:width\" content=\"1000\" \/>\n\t<meta property=\"og:image:height\" content=\"1000\" \/>\n\t<meta property=\"og:image:type\" content=\"image\/jpeg\" \/>\n<meta name=\"twitter:card\" content=\"summary_large_image\" \/>\n<meta name=\"twitter:label1\" content=\"\u0648\u0642\u062a \u0627\u0644\u0642\u0631\u0627\u0621\u0629 \u0627\u0644\u0645\u064f\u0642\u062f\u0651\u0631\" \/>\n\t<meta name=\"twitter:data1\" content=\"\u062f\u0642\u064a\u0642\u0629 \u0648\u0627\u062d\u062f\u0629\" \/>\n<script type=\"application\/ld+json\" class=\"yoast-schema-graph\">{\"@context\":\"https:\\\/\\\/schema.org\",\"@graph\":[{\"@type\":[\"WebPage\",\"ItemPage\"],\"@id\":\"https:\\\/\\\/vitablanca.ma\\\/produit\\\/bio-oil-huile-de-soin\\\/\",\"url\":\"https:\\\/\\\/vitablanca.ma\\\/produit\\\/bio-oil-huile-de-soin\\\/\",\"name\":\"Bio-Oil Huile De Soin - Maroc Prix\",\"isPartOf\":{\"@id\":\"https:\\\/\\\/vitablanca.ma\\\/#website\"},\"primaryImageOfPage\":{\"@id\":\"https:\\\/\\\/vitablanca.ma\\\/produit\\\/bio-oil-huile-de-soin\\\/#primaryimage\"},\"image\":{\"@id\":\"https:\\\/\\\/vitablanca.ma\\\/produit\\\/bio-oil-huile-de-soin\\\/#primaryimage\"},\"thumbnailUrl\":\"https:\\\/\\\/vitablanca.ma\\\/wp-content\\\/uploads\\\/2025\\\/06\\\/Bio-Oil-Huile-De-Soin-25ml-nova-parapharmacie-casablanca.jpg\",\"datePublished\":\"2025-06-10T16:33:10+00:00\",\"dateModified\":\"2025-06-10T16:33:11+00:00\",\"description\":\"Bio-Oil Huile De Soin\",\"breadcrumb\":{\"@id\":\"https:\\\/\\\/vitablanca.ma\\\/produit\\\/bio-oil-huile-de-soin\\\/#breadcrumb\"},\"inLanguage\":\"ar\",\"potentialAction\":[{\"@type\":\"ReadAction\",\"target\":[\"https:\\\/\\\/vitablanca.ma\\\/produit\\\/bio-oil-huile-de-soin\\\/\"]}]},{\"@type\":\"ImageObject\",\"inLanguage\":\"ar\",\"@id\":\"https:\\\/\\\/vitablanca.ma\\\/produit\\\/bio-oil-huile-de-soin\\\/#primaryimage\",\"url\":\"https:\\\/\\\/vitablanca.ma\\\/wp-content\\\/uploads\\\/2025\\\/06\\\/Bio-Oil-Huile-De-Soin-25ml-nova-parapharmacie-casablanca.jpg\",\"contentUrl\":\"https:\\\/\\\/vitablanca.ma\\\/wp-content\\\/uploads\\\/2025\\\/06\\\/Bio-Oil-Huile-De-Soin-25ml-nova-parapharmacie-casablanca.jpg\",\"width\":1000,\"height\":1000},{\"@type\":\"BreadcrumbList\",\"@id\":\"https:\\\/\\\/vitablanca.ma\\\/produit\\\/bio-oil-huile-de-soin\\\/#breadcrumb\",\"itemListElement\":[{\"@type\":\"ListItem\",\"position\":1,\"name\":\"Home\",\"item\":\"https:\\\/\\\/vitablanca.ma\\\/\"},{\"@type\":\"ListItem\",\"position\":2,\"name\":\"Tous Les Produits\",\"item\":\"https:\\\/\\\/vitablanca.ma\\\/tous-les-produits\\\/\"},{\"@type\":\"ListItem\",\"position\":3,\"name\":\"Bio-Oil Huile De Soin\"}]},{\"@type\":\"WebSite\",\"@id\":\"https:\\\/\\\/vitablanca.ma\\\/#website\",\"url\":\"https:\\\/\\\/vitablanca.ma\\\/\",\"name\":\"VitaBlanca.ma | Compl\u00e9ments alimentaires, sant\u00e9 & beaut\u00e9 au Maroc\",\"description\":\"vendre vitamines et compl\u00e9ments premium des USA &amp; Canada, Nouvelle Z\u00e9lande,Maroc (NOW Foods, Solgar, Manuka). Livraison rapide partout au Maroc.\",\"publisher\":{\"@id\":\"https:\\\/\\\/vitablanca.ma\\\/#organization\"},\"alternateName\":\"VitaBlanca.ma\",\"potentialAction\":[{\"@type\":\"SearchAction\",\"target\":{\"@type\":\"EntryPoint\",\"urlTemplate\":\"https:\\\/\\\/vitablanca.ma\\\/?s={search_term_string}\"},\"query-input\":{\"@type\":\"PropertyValueSpecification\",\"valueRequired\":true,\"valueName\":\"search_term_string\"}}],\"inLanguage\":\"ar\"},{\"@type\":\"Organization\",\"@id\":\"https:\\\/\\\/vitablanca.ma\\\/#organization\",\"name\":\"VitaBlanca\",\"url\":\"https:\\\/\\\/vitablanca.ma\\\/\",\"logo\":{\"@type\":\"ImageObject\",\"inLanguage\":\"ar\",\"@id\":\"https:\\\/\\\/vitablanca.ma\\\/#\\\/schema\\\/logo\\\/image\\\/\",\"url\":\"https:\\\/\\\/vitablanca.ma\\\/wp-content\\\/uploads\\\/2025\\\/05\\\/cropped-vitablanca.png\",\"contentUrl\":\"https:\\\/\\\/vitablanca.ma\\\/wp-content\\\/uploads\\\/2025\\\/05\\\/cropped-vitablanca.png\",\"width\":360,\"height\":67,\"caption\":\"VitaBlanca\"},\"image\":{\"@id\":\"https:\\\/\\\/vitablanca.ma\\\/#\\\/schema\\\/logo\\\/image\\\/\"},\"sameAs\":[\"https:\\\/\\\/www.facebook.com\\\/profile.php?id=61576678196717\",\"https:\\\/\\\/www.tiktok.com\\\/@vitablanca.ma\",\"https:\\\/\\\/www.instagram.com\\\/vitablanca.ma\\\/\"]}]}<\/script>\n<!-- \/ Yoast SEO plugin. -->","yoast_head_json":{"title":"Bio-Oil Huile De Soin - Maroc Prix","description":"\u0632\u064a\u062a \u0627\u0644\u0639\u0646\u0627\u064a\u0629 \u0628\u064a\u0648 \u0623\u0648\u064a\u0644","robots":{"index":"index","follow":"follow","max-snippet":"max-snippet:-1","max-image-preview":"max-image-preview:large","max-video-preview":"max-video-preview:-1"},"canonical":"https:\/\/vitablanca.ma\/ar\/product-2\/bio-oil-huile-de-soin\/","og_locale":"ar_AR","og_type":"article","og_title":"Bio-Oil Huile De Soin - Maroc Prix","og_description":"Bio-Oil Huile De Soin","og_url":"https:\/\/vitablanca.ma\/ar\/product-2\/bio-oil-huile-de-soin\/","og_site_name":"Vitablanca.ma &ndash; Sant&eacute;, vitalit&eacute; et bien-&ecirc;tre pour tous les Marocains","article_publisher":"https:\/\/www.facebook.com\/profile.php?id=61576678196717","article_modified_time":"2025-06-10T16:33:11+00:00","og_image":[{"width":1000,"height":1000,"url":"https:\/\/vitablanca.ma\/wp-content\/uploads\/2025\/06\/Bio-Oil-Huile-De-Soin-25ml-nova-parapharmacie-casablanca.jpg","type":"image\/jpeg"}],"twitter_card":"summary_large_image","twitter_misc":{"\u0648\u0642\u062a \u0627\u0644\u0642\u0631\u0627\u0621\u0629 \u0627\u0644\u0645\u064f\u0642\u062f\u0651\u0631":"\u062f\u0642\u064a\u0642\u0629 \u0648\u0627\u062d\u062f\u0629"},"schema":{"@context":"https:\/\/schema.org","@graph":[{"@type":["WebPage","ItemPage"],"@id":"https:\/\/vitablanca.ma\/produit\/bio-oil-huile-de-soin\/","url":"https:\/\/vitablanca.ma\/produit\/bio-oil-huile-de-soin\/","name":"Bio-Oil Huile De Soin - Maroc Prix","isPartOf":{"@id":"https:\/\/vitablanca.ma\/#website"},"primaryImageOfPage":{"@id":"https:\/\/vitablanca.ma\/produit\/bio-oil-huile-de-soin\/#primaryimage"},"image":{"@id":"https:\/\/vitablanca.ma\/produit\/bio-oil-huile-de-soin\/#primaryimage"},"thumbnailUrl":"https:\/\/vitablanca.ma\/wp-content\/uploads\/2025\/06\/Bio-Oil-Huile-De-Soin-25ml-nova-parapharmacie-casablanca.jpg","datePublished":"2025-06-10T16:33:10+00:00","dateModified":"2025-06-10T16:33:11+00:00","description":"\u0632\u064a\u062a \u0627\u0644\u0639\u0646\u0627\u064a\u0629 \u0628\u064a\u0648 \u0623\u0648\u064a\u0644","breadcrumb":{"@id":"https:\/\/vitablanca.ma\/produit\/bio-oil-huile-de-soin\/#breadcrumb"},"inLanguage":"ar","potentialAction":[{"@type":"ReadAction","target":["https:\/\/vitablanca.ma\/produit\/bio-oil-huile-de-soin\/"]}]},{"@type":"ImageObject","inLanguage":"ar","@id":"https:\/\/vitablanca.ma\/produit\/bio-oil-huile-de-soin\/#primaryimage","url":"https:\/\/vitablanca.ma\/wp-content\/uploads\/2025\/06\/Bio-Oil-Huile-De-Soin-25ml-nova-parapharmacie-casablanca.jpg","contentUrl":"https:\/\/vitablanca.ma\/wp-content\/uploads\/2025\/06\/Bio-Oil-Huile-De-Soin-25ml-nova-parapharmacie-casablanca.jpg","width":1000,"height":1000},{"@type":"BreadcrumbList","@id":"https:\/\/vitablanca.ma\/produit\/bio-oil-huile-de-soin\/#breadcrumb","itemListElement":[{"@type":"ListItem","position":1,"name":"Home","item":"https:\/\/vitablanca.ma\/"},{"@type":"ListItem","position":2,"name":"Tous Les Produits","item":"https:\/\/vitablanca.ma\/tous-les-produits\/"},{"@type":"ListItem","position":3,"name":"Bio-Oil Huile De Soin"}]},{"@type":"WebSite","@id":"https:\/\/vitablanca.ma\/#website","url":"https:\/\/vitablanca.ma\/","name":"VitaBlanca.ma | \u0627\u0644\u0645\u0643\u0645\u0644\u0627\u062a \u0627\u0644\u063a\u0630\u0627\u0626\u064a\u0629\u060c \u0627\u0644\u0635\u062d\u0629 \u0648\u0627\u0644\u062c\u0645\u0627\u0644 \u0641\u064a \u0627\u0644\u0645\u063a\u0631\u0628","description":"\u0646\u0628\u064a\u0639 \u0641\u064a\u062a\u0627\u0645\u064a\u0646\u0627\u062a \u0648\u0645\u0643\u0645\u0644\u0627\u062a \u063a\u0630\u0627\u0626\u064a\u0629 \u0641\u0627\u062e\u0631\u0629 \u0645\u0646 \u0627\u0644\u0648\u0644\u0627\u064a\u0627\u062a \u0627\u0644\u0645\u062a\u062d\u062f\u0629 \u0627\u0644\u0623\u0645\u0631\u064a\u0643\u064a\u0629 \u0648\u0643\u0646\u062f\u0627 \u0648\u0646\u064a\u0648\u0632\u064a\u0644\u0646\u062f\u0627 \u0648\u0627\u0644\u0645\u063a\u0631\u0628 (\u0646\u0627\u0648 \u0641\u0648\u062f\u0632\u060c \u0633\u0648\u0644\u062c\u0627\u0631\u060c \u0645\u0627\u0646\u0648\u0643\u0627). \u062a\u0648\u0635\u064a\u0644 \u0633\u0631\u064a\u0639 \u0625\u0644\u0649 \u062c\u0645\u064a\u0639 \u0623\u0646\u062d\u0627\u0621 \u0627\u0644\u0645\u063a\u0631\u0628.","publisher":{"@id":"https:\/\/vitablanca.ma\/#organization"},"alternateName":"VitaBlanca.ma","potentialAction":[{"@type":"SearchAction","target":{"@type":"EntryPoint","urlTemplate":"https:\/\/vitablanca.ma\/?s={search_term_string}"},"query-input":{"@type":"PropertyValueSpecification","valueRequired":true,"valueName":"search_term_string"}}],"inLanguage":"ar"},{"@type":"Organization","@id":"https:\/\/vitablanca.ma\/#organization","name":"\u0641\u064a\u062a\u0627\u0628\u0644\u0627\u0646\u0643\u0627","url":"https:\/\/vitablanca.ma\/","logo":{"@type":"ImageObject","inLanguage":"ar","@id":"https:\/\/vitablanca.ma\/#\/schema\/logo\/image\/","url":"https:\/\/vitablanca.ma\/wp-content\/uploads\/2025\/05\/cropped-vitablanca.png","contentUrl":"https:\/\/vitablanca.ma\/wp-content\/uploads\/2025\/05\/cropped-vitablanca.png","width":360,"height":67,"caption":"VitaBlanca"},"image":{"@id":"https:\/\/vitablanca.ma\/#\/schema\/logo\/image\/"},"sameAs":["https:\/\/www.facebook.com\/profile.php?id=61576678196717","https:\/\/www.tiktok.com\/@vitablanca.ma","https:\/\/www.instagram.com\/vitablanca.ma\/"]}]}},"jetpack_sharing_enabled":true,"_links":{"self":[{"href":"https:\/\/vitablanca.ma\/ar\/wp-json\/wp\/v2\/product\/15792","targetHints":{"allow":["GET"]}}],"collection":[{"href":"https:\/\/vitablanca.ma\/ar\/wp-json\/wp\/v2\/product"}],"about":[{"href":"https:\/\/vitablanca.ma\/ar\/wp-json\/wp\/v2\/types\/product"}],"wp:featuredmedia":[{"embeddable":true,"href":"https:\/\/vitablanca.ma\/ar\/wp-json\/wp\/v2\/media\/15777"}],"wp:attachment":[{"href":"https:\/\/vitablanca.ma\/ar\/wp-json\/wp\/v2\/media?parent=15792"}],"wp:term":[{"taxonomy":"product_brand","embeddable":true,"href":"https:\/\/vitablanca.ma\/ar\/wp-json\/wp\/v2\/product_brand?post=15792"},{"taxonomy":"product_cat","embeddable":true,"href":"https:\/\/vitablanca.ma\/ar\/wp-json\/wp\/v2\/product_cat?post=15792"},{"taxonomy":"product_tag","embeddable":true,"href":"https:\/\/vitablanca.ma\/ar\/wp-json\/wp\/v2\/product_tag?post=15792"}],"curies":[{"name":"wp","href":"https:\/\/api.w.org\/{rel}","templated":true}]}}