{"id":15788,"date":"2025-06-10T16:33:09","date_gmt":"2025-06-10T16:33:09","guid":{"rendered":"https:\/\/vitablanca.ma\/product\/bioderma-photoderm-m-creme-spf50-40-ml\/"},"modified":"2026-01-21T18:15:38","modified_gmt":"2026-01-21T18:15:38","slug":"bioderma-photoderm-m-creme-spf50-40-ml","status":"publish","type":"product","link":"https:\/\/vitablanca.ma\/ar\/product-2\/bioderma-photoderm-m-creme-spf50-40-ml\/","title":{"rendered":"BIODERMA PHOTODERM M CREME SPF50+ 40 ML"},"content":{"rendered":"<h2><span>BIODERMA PHOTODERM M CREME TEINTEE PROTECTRICE BLEU LIGHT DOREE SPF50+ 40 ML<\/span><\/h2>\n<p><span>Bioderma Photoderm M Cr\u00e8me teint\u00e9e protectrice dor\u00e9e SPF50+ convient parfaitement aux peaux sujettes \u00e0 une hyperpigmentation. Elle associe un syst\u00e8me de filtration in\u00e9dit et un brevet exclusif bio protection Cellulaire et contient de la glabridine, actif inhibant la tyrosinase, enzyme cl\u00e9 de la m\u00e9lano gen\u00e8se pour assurer une protection renforc\u00e9e contre les UVA et UVB. La pigmentation est ainsi limit\u00e9e et la peau est prot\u00e9g\u00e9e de mani\u00e8re optimale contre les coups de soleil, les intol\u00e9rances solaires et le vieillissement cutan\u00e9 pr\u00e9matur\u00e9. Etant teint\u00e9e, elle permet aussi d&rsquo;att\u00e9nuer les imperfections et les t\u00e2ches. Le teint est naturel. Sans parfum, sans parab\u00e8ne. Hypoallerg\u00e9nique. Non com\u00e9dog\u00e8ne. Photostable.<\/span><\/p>\n<p style=\"text-align: center\"><span>\u064a\u0643\u062a\u0634\u0641 <strong>BIODERMA PHOTODERM M CREME<\/strong>\u00a0\u060c \u0645\u0646\u062a\u062c \u062a\u0645 \u0627\u062e\u062a\u064a\u0627\u0631\u0647 \u0628\u0639\u0646\u0627\u064a\u0629 \u0644\u062a\u0644\u0628\u064a\u0629 \u0627\u062d\u062a\u064a\u0627\u062c\u0627\u062a\u0643 \u0627\u0644\u0645\u062d\u062f\u062f\u0629\u060c \u0648\u0627\u0633\u062a\u0645\u062a\u0639 \u0628\u062a\u062c\u0631\u0628\u0629 \u062a\u0633\u0648\u0642 \u0627\u0633\u062a\u062b\u0646\u0627\u0626\u064a\u0629 \u0639\u0644\u0649 \u0645\u0648\u0642\u0639\u0646\u0627\u060c\u00a0<strong>Vita Blanca Parapharmacie Maroc<\/strong><\/span><\/p>","protected":false},"excerpt":{"rendered":"<p>BIODERMA PHOTODERM M CREME TEINTEE PROTECTRICE BLEU LIGHT DOREE SPF50+ 40 ML Bioderma Photoderm M Cr\u00e8me teint\u00e9e protectrice dor\u00e9e SPF50+ convient parfaitement aux peaux sujettes \u00e0 une hyperpigmentation. Elle associe un syst\u00e8me de filtration in\u00e9dit et un brevet exclusif bio protection Cellulaire et contient de la glabridine, actif inhibant la tyrosinase, enzyme cl\u00e9 de la [&hellip;]<\/p>\n","protected":false},"featured_media":15785,"template":"","meta":{"om_disable_all_campaigns":false},"product_brand":[5990],"product_cat":[18,15],"product_tag":[5991,5992],"class_list":{"0":"post-15788","1":"product","2":"type-product","3":"status-publish","4":"has-post-thumbnail","6":"product_brand-bioderma-original-maroc-au-meilleur-prix","7":"product_cat-beaute-sante","8":"product_cat-beaute-sante-complements-alimentaires-soins-et-bien-etre-au-meilleur-prix","9":"product_tag-bioderma","10":"product_tag-bioderma-maroc","12":"first","13":"instock","14":"taxable","15":"shipping-taxable","16":"purchasable","17":"product-type-variable"},"yoast_head":"<!-- This site is optimized with the Yoast SEO plugin v27.4 - https:\/\/yoast.com\/product\/yoast-seo-wordpress\/ -->\n<title>BIODERMA PHOTODERM M CREME SPF50+ 40 ML - Maroc Prix<\/title>\n<meta name=\"description\" content=\"BIODERMA PHOTODERM M CREME SPF50+ 40 ML\" \/>\n<meta name=\"robots\" content=\"index, follow, max-snippet:-1, max-image-preview:large, max-video-preview:-1\" \/>\n<link rel=\"canonical\" href=\"https:\/\/vitablanca.ma\/ar\/product-2\/bioderma-photoderm-m-creme-spf50-40-ml\/\" \/>\n<meta property=\"og:locale\" content=\"ar_AR\" \/>\n<meta property=\"og:type\" content=\"article\" \/>\n<meta property=\"og:title\" content=\"BIODERMA PHOTODERM M CREME SPF50+ 40 ML - Maroc Prix\" \/>\n<meta property=\"og:description\" content=\"BIODERMA PHOTODERM M CREME SPF50+ 40 ML\" \/>\n<meta property=\"og:url\" content=\"https:\/\/vitablanca.ma\/ar\/product-2\/bioderma-photoderm-m-creme-spf50-40-ml\/\" \/>\n<meta property=\"og:site_name\" content=\"Vitablanca.ma &ndash; Sant&eacute;, vitalit&eacute; et bien-&ecirc;tre pour tous les Marocains\" \/>\n<meta property=\"article:publisher\" content=\"https:\/\/www.facebook.com\/profile.php?id=61576678196717\" \/>\n<meta property=\"article:modified_time\" content=\"2026-01-21T18:15:38+00:00\" \/>\n<meta property=\"og:image\" content=\"https:\/\/vitablanca.ma\/wp-content\/uploads\/2025\/06\/bioderma-bioderma-photoderm-m-creme-teintee-protectrice-bleu-light-doree-spf50-40-ml-cremes-Nova-para-prix-Maroc.jpg\" \/>\n\t<meta property=\"og:image:width\" content=\"700\" \/>\n\t<meta property=\"og:image:height\" content=\"700\" \/>\n\t<meta property=\"og:image:type\" content=\"image\/jpeg\" \/>\n<meta name=\"twitter:card\" content=\"summary_large_image\" \/>\n<meta name=\"twitter:label1\" content=\"\u0648\u0642\u062a \u0627\u0644\u0642\u0631\u0627\u0621\u0629 \u0627\u0644\u0645\u064f\u0642\u062f\u0651\u0631\" \/>\n\t<meta name=\"twitter:data1\" content=\"\u062f\u0642\u064a\u0642\u0629 \u0648\u0627\u062d\u062f\u0629\" \/>\n<script type=\"application\/ld+json\" class=\"yoast-schema-graph\">{\"@context\":\"https:\\\/\\\/schema.org\",\"@graph\":[{\"@type\":[\"WebPage\",\"ItemPage\"],\"@id\":\"https:\\\/\\\/vitablanca.ma\\\/produit\\\/bioderma-photoderm-m-creme-spf50-40-ml\\\/\",\"url\":\"https:\\\/\\\/vitablanca.ma\\\/produit\\\/bioderma-photoderm-m-creme-spf50-40-ml\\\/\",\"name\":\"BIODERMA PHOTODERM M CREME SPF50+ 40 ML - Maroc Prix\",\"isPartOf\":{\"@id\":\"https:\\\/\\\/vitablanca.ma\\\/#website\"},\"primaryImageOfPage\":{\"@id\":\"https:\\\/\\\/vitablanca.ma\\\/produit\\\/bioderma-photoderm-m-creme-spf50-40-ml\\\/#primaryimage\"},\"image\":{\"@id\":\"https:\\\/\\\/vitablanca.ma\\\/produit\\\/bioderma-photoderm-m-creme-spf50-40-ml\\\/#primaryimage\"},\"thumbnailUrl\":\"https:\\\/\\\/vitablanca.ma\\\/wp-content\\\/uploads\\\/2025\\\/06\\\/bioderma-bioderma-photoderm-m-creme-teintee-protectrice-bleu-light-doree-spf50-40-ml-cremes-Nova-para-prix-Maroc.jpg\",\"datePublished\":\"2025-06-10T16:33:09+00:00\",\"dateModified\":\"2026-01-21T18:15:38+00:00\",\"description\":\"BIODERMA PHOTODERM M CREME SPF50+ 40 ML\",\"breadcrumb\":{\"@id\":\"https:\\\/\\\/vitablanca.ma\\\/produit\\\/bioderma-photoderm-m-creme-spf50-40-ml\\\/#breadcrumb\"},\"inLanguage\":\"ar\",\"potentialAction\":[{\"@type\":\"ReadAction\",\"target\":[\"https:\\\/\\\/vitablanca.ma\\\/produit\\\/bioderma-photoderm-m-creme-spf50-40-ml\\\/\"]}]},{\"@type\":\"ImageObject\",\"inLanguage\":\"ar\",\"@id\":\"https:\\\/\\\/vitablanca.ma\\\/produit\\\/bioderma-photoderm-m-creme-spf50-40-ml\\\/#primaryimage\",\"url\":\"https:\\\/\\\/vitablanca.ma\\\/wp-content\\\/uploads\\\/2025\\\/06\\\/bioderma-bioderma-photoderm-m-creme-teintee-protectrice-bleu-light-doree-spf50-40-ml-cremes-Nova-para-prix-Maroc.jpg\",\"contentUrl\":\"https:\\\/\\\/vitablanca.ma\\\/wp-content\\\/uploads\\\/2025\\\/06\\\/bioderma-bioderma-photoderm-m-creme-teintee-protectrice-bleu-light-doree-spf50-40-ml-cremes-Nova-para-prix-Maroc.jpg\",\"width\":700,\"height\":700},{\"@type\":\"BreadcrumbList\",\"@id\":\"https:\\\/\\\/vitablanca.ma\\\/produit\\\/bioderma-photoderm-m-creme-spf50-40-ml\\\/#breadcrumb\",\"itemListElement\":[{\"@type\":\"ListItem\",\"position\":1,\"name\":\"Home\",\"item\":\"https:\\\/\\\/vitablanca.ma\\\/\"},{\"@type\":\"ListItem\",\"position\":2,\"name\":\"Tous Les Produits\",\"item\":\"https:\\\/\\\/vitablanca.ma\\\/tous-les-produits\\\/\"},{\"@type\":\"ListItem\",\"position\":3,\"name\":\"BIODERMA PHOTODERM M CREME SPF50+ 40 ML\"}]},{\"@type\":\"WebSite\",\"@id\":\"https:\\\/\\\/vitablanca.ma\\\/#website\",\"url\":\"https:\\\/\\\/vitablanca.ma\\\/\",\"name\":\"VitaBlanca.ma | Compl\u00e9ments alimentaires, sant\u00e9 & beaut\u00e9 au Maroc\",\"description\":\"vendre vitamines et compl\u00e9ments premium des USA &amp; Canada, Nouvelle Z\u00e9lande,Maroc (NOW Foods, Solgar, Manuka). Livraison rapide partout au Maroc.\",\"publisher\":{\"@id\":\"https:\\\/\\\/vitablanca.ma\\\/#organization\"},\"alternateName\":\"VitaBlanca.ma\",\"potentialAction\":[{\"@type\":\"SearchAction\",\"target\":{\"@type\":\"EntryPoint\",\"urlTemplate\":\"https:\\\/\\\/vitablanca.ma\\\/?s={search_term_string}\"},\"query-input\":{\"@type\":\"PropertyValueSpecification\",\"valueRequired\":true,\"valueName\":\"search_term_string\"}}],\"inLanguage\":\"ar\"},{\"@type\":\"Organization\",\"@id\":\"https:\\\/\\\/vitablanca.ma\\\/#organization\",\"name\":\"VitaBlanca\",\"url\":\"https:\\\/\\\/vitablanca.ma\\\/\",\"logo\":{\"@type\":\"ImageObject\",\"inLanguage\":\"ar\",\"@id\":\"https:\\\/\\\/vitablanca.ma\\\/#\\\/schema\\\/logo\\\/image\\\/\",\"url\":\"https:\\\/\\\/vitablanca.ma\\\/wp-content\\\/uploads\\\/2025\\\/05\\\/cropped-vitablanca.png\",\"contentUrl\":\"https:\\\/\\\/vitablanca.ma\\\/wp-content\\\/uploads\\\/2025\\\/05\\\/cropped-vitablanca.png\",\"width\":360,\"height\":67,\"caption\":\"VitaBlanca\"},\"image\":{\"@id\":\"https:\\\/\\\/vitablanca.ma\\\/#\\\/schema\\\/logo\\\/image\\\/\"},\"sameAs\":[\"https:\\\/\\\/www.facebook.com\\\/profile.php?id=61576678196717\",\"https:\\\/\\\/www.tiktok.com\\\/@vitablanca.ma\",\"https:\\\/\\\/www.instagram.com\\\/vitablanca.ma\\\/\"]}]}<\/script>\n<!-- \/ Yoast SEO plugin. -->","yoast_head_json":{"title":"BIODERMA PHOTODERM M CREME SPF50+ 40 ML - Maroc Prix","description":"BIODERMA PHOTODERM M CREME SPF50+ 40 ML","robots":{"index":"index","follow":"follow","max-snippet":"max-snippet:-1","max-image-preview":"max-image-preview:large","max-video-preview":"max-video-preview:-1"},"canonical":"https:\/\/vitablanca.ma\/ar\/product-2\/bioderma-photoderm-m-creme-spf50-40-ml\/","og_locale":"ar_AR","og_type":"article","og_title":"BIODERMA PHOTODERM M CREME SPF50+ 40 ML - Maroc Prix","og_description":"BIODERMA PHOTODERM M CREME SPF50+ 40 ML","og_url":"https:\/\/vitablanca.ma\/ar\/product-2\/bioderma-photoderm-m-creme-spf50-40-ml\/","og_site_name":"Vitablanca.ma &ndash; Sant&eacute;, vitalit&eacute; et bien-&ecirc;tre pour tous les Marocains","article_publisher":"https:\/\/www.facebook.com\/profile.php?id=61576678196717","article_modified_time":"2026-01-21T18:15:38+00:00","og_image":[{"width":700,"height":700,"url":"https:\/\/vitablanca.ma\/wp-content\/uploads\/2025\/06\/bioderma-bioderma-photoderm-m-creme-teintee-protectrice-bleu-light-doree-spf50-40-ml-cremes-Nova-para-prix-Maroc.jpg","type":"image\/jpeg"}],"twitter_card":"summary_large_image","twitter_misc":{"\u0648\u0642\u062a \u0627\u0644\u0642\u0631\u0627\u0621\u0629 \u0627\u0644\u0645\u064f\u0642\u062f\u0651\u0631":"\u062f\u0642\u064a\u0642\u0629 \u0648\u0627\u062d\u062f\u0629"},"schema":{"@context":"https:\/\/schema.org","@graph":[{"@type":["WebPage","ItemPage"],"@id":"https:\/\/vitablanca.ma\/produit\/bioderma-photoderm-m-creme-spf50-40-ml\/","url":"https:\/\/vitablanca.ma\/produit\/bioderma-photoderm-m-creme-spf50-40-ml\/","name":"BIODERMA PHOTODERM M CREME SPF50+ 40 ML - Maroc Prix","isPartOf":{"@id":"https:\/\/vitablanca.ma\/#website"},"primaryImageOfPage":{"@id":"https:\/\/vitablanca.ma\/produit\/bioderma-photoderm-m-creme-spf50-40-ml\/#primaryimage"},"image":{"@id":"https:\/\/vitablanca.ma\/produit\/bioderma-photoderm-m-creme-spf50-40-ml\/#primaryimage"},"thumbnailUrl":"https:\/\/vitablanca.ma\/wp-content\/uploads\/2025\/06\/bioderma-bioderma-photoderm-m-creme-teintee-protectrice-bleu-light-doree-spf50-40-ml-cremes-Nova-para-prix-Maroc.jpg","datePublished":"2025-06-10T16:33:09+00:00","dateModified":"2026-01-21T18:15:38+00:00","description":"BIODERMA PHOTODERM M CREME SPF50+ 40 ML","breadcrumb":{"@id":"https:\/\/vitablanca.ma\/produit\/bioderma-photoderm-m-creme-spf50-40-ml\/#breadcrumb"},"inLanguage":"ar","potentialAction":[{"@type":"ReadAction","target":["https:\/\/vitablanca.ma\/produit\/bioderma-photoderm-m-creme-spf50-40-ml\/"]}]},{"@type":"ImageObject","inLanguage":"ar","@id":"https:\/\/vitablanca.ma\/produit\/bioderma-photoderm-m-creme-spf50-40-ml\/#primaryimage","url":"https:\/\/vitablanca.ma\/wp-content\/uploads\/2025\/06\/bioderma-bioderma-photoderm-m-creme-teintee-protectrice-bleu-light-doree-spf50-40-ml-cremes-Nova-para-prix-Maroc.jpg","contentUrl":"https:\/\/vitablanca.ma\/wp-content\/uploads\/2025\/06\/bioderma-bioderma-photoderm-m-creme-teintee-protectrice-bleu-light-doree-spf50-40-ml-cremes-Nova-para-prix-Maroc.jpg","width":700,"height":700},{"@type":"BreadcrumbList","@id":"https:\/\/vitablanca.ma\/produit\/bioderma-photoderm-m-creme-spf50-40-ml\/#breadcrumb","itemListElement":[{"@type":"ListItem","position":1,"name":"Home","item":"https:\/\/vitablanca.ma\/"},{"@type":"ListItem","position":2,"name":"Tous Les Produits","item":"https:\/\/vitablanca.ma\/tous-les-produits\/"},{"@type":"ListItem","position":3,"name":"BIODERMA PHOTODERM M CREME SPF50+ 40 ML"}]},{"@type":"WebSite","@id":"https:\/\/vitablanca.ma\/#website","url":"https:\/\/vitablanca.ma\/","name":"VitaBlanca.ma | \u0627\u0644\u0645\u0643\u0645\u0644\u0627\u062a \u0627\u0644\u063a\u0630\u0627\u0626\u064a\u0629\u060c \u0627\u0644\u0635\u062d\u0629 \u0648\u0627\u0644\u062c\u0645\u0627\u0644 \u0641\u064a \u0627\u0644\u0645\u063a\u0631\u0628","description":"\u0646\u0628\u064a\u0639 \u0641\u064a\u062a\u0627\u0645\u064a\u0646\u0627\u062a \u0648\u0645\u0643\u0645\u0644\u0627\u062a \u063a\u0630\u0627\u0626\u064a\u0629 \u0641\u0627\u062e\u0631\u0629 \u0645\u0646 \u0627\u0644\u0648\u0644\u0627\u064a\u0627\u062a \u0627\u0644\u0645\u062a\u062d\u062f\u0629 \u0627\u0644\u0623\u0645\u0631\u064a\u0643\u064a\u0629 \u0648\u0643\u0646\u062f\u0627 \u0648\u0646\u064a\u0648\u0632\u064a\u0644\u0646\u062f\u0627 \u0648\u0627\u0644\u0645\u063a\u0631\u0628 (\u0646\u0627\u0648 \u0641\u0648\u062f\u0632\u060c \u0633\u0648\u0644\u062c\u0627\u0631\u060c \u0645\u0627\u0646\u0648\u0643\u0627). \u062a\u0648\u0635\u064a\u0644 \u0633\u0631\u064a\u0639 \u0625\u0644\u0649 \u062c\u0645\u064a\u0639 \u0623\u0646\u062d\u0627\u0621 \u0627\u0644\u0645\u063a\u0631\u0628.","publisher":{"@id":"https:\/\/vitablanca.ma\/#organization"},"alternateName":"VitaBlanca.ma","potentialAction":[{"@type":"SearchAction","target":{"@type":"EntryPoint","urlTemplate":"https:\/\/vitablanca.ma\/?s={search_term_string}"},"query-input":{"@type":"PropertyValueSpecification","valueRequired":true,"valueName":"search_term_string"}}],"inLanguage":"ar"},{"@type":"Organization","@id":"https:\/\/vitablanca.ma\/#organization","name":"\u0641\u064a\u062a\u0627\u0628\u0644\u0627\u0646\u0643\u0627","url":"https:\/\/vitablanca.ma\/","logo":{"@type":"ImageObject","inLanguage":"ar","@id":"https:\/\/vitablanca.ma\/#\/schema\/logo\/image\/","url":"https:\/\/vitablanca.ma\/wp-content\/uploads\/2025\/05\/cropped-vitablanca.png","contentUrl":"https:\/\/vitablanca.ma\/wp-content\/uploads\/2025\/05\/cropped-vitablanca.png","width":360,"height":67,"caption":"VitaBlanca"},"image":{"@id":"https:\/\/vitablanca.ma\/#\/schema\/logo\/image\/"},"sameAs":["https:\/\/www.facebook.com\/profile.php?id=61576678196717","https:\/\/www.tiktok.com\/@vitablanca.ma","https:\/\/www.instagram.com\/vitablanca.ma\/"]}]}},"jetpack_sharing_enabled":true,"_links":{"self":[{"href":"https:\/\/vitablanca.ma\/ar\/wp-json\/wp\/v2\/product\/15788","targetHints":{"allow":["GET"]}}],"collection":[{"href":"https:\/\/vitablanca.ma\/ar\/wp-json\/wp\/v2\/product"}],"about":[{"href":"https:\/\/vitablanca.ma\/ar\/wp-json\/wp\/v2\/types\/product"}],"wp:featuredmedia":[{"embeddable":true,"href":"https:\/\/vitablanca.ma\/ar\/wp-json\/wp\/v2\/media\/15785"}],"wp:attachment":[{"href":"https:\/\/vitablanca.ma\/ar\/wp-json\/wp\/v2\/media?parent=15788"}],"wp:term":[{"taxonomy":"product_brand","embeddable":true,"href":"https:\/\/vitablanca.ma\/ar\/wp-json\/wp\/v2\/product_brand?post=15788"},{"taxonomy":"product_cat","embeddable":true,"href":"https:\/\/vitablanca.ma\/ar\/wp-json\/wp\/v2\/product_cat?post=15788"},{"taxonomy":"product_tag","embeddable":true,"href":"https:\/\/vitablanca.ma\/ar\/wp-json\/wp\/v2\/product_tag?post=15788"}],"curies":[{"name":"wp","href":"https:\/\/api.w.org\/{rel}","templated":true}]}}