{"id":15745,"date":"2025-06-10T16:32:31","date_gmt":"2025-06-10T16:32:31","guid":{"rendered":"https:\/\/vitablanca.ma\/product\/bionike-defence-ecran-50-creme-fondante-50ml\/"},"modified":"2025-06-10T16:32:31","modified_gmt":"2025-06-10T16:32:31","slug":"bionike-defence-ecran-50-creme-fondante-50ml","status":"publish","type":"product","link":"https:\/\/vitablanca.ma\/ar\/product-2\/bionike-defence-ecran-50-creme-fondante-50ml\/","title":{"rendered":"\u0643\u0631\u064a\u0645 \u0628\u064a\u0648\u0646\u064a\u0643\u064a \u062f\u064a\u0641\u064a\u0646\u0633 \u0625\u0643\u0631\u0627\u0646 50+ \u0627\u0644\u0630\u0627\u0626\u0628 50 \u0645\u0644"},"content":{"rendered":"<h2>Bionike Defence Ecran 50+ Cr\u00e8me Fondante\u00a0<span data-mce-fragment=\"1\">cr\u00e8me solaire \u00e0 la texture onctueuse et confortable, non grasse<\/span><br \/>\n<\/h2>\n<p>Cette cr\u00e8me solaire \u00e0 la texture onctueuse et confortable, non grasse, est parfaite pour le visage.<br \/>Elle est formul\u00e9e pour garantir une<span>\u00a0<\/span><strong>triple photoprotection\u00a0:<\/strong><\/p>\n<ol>\n<li>d\u00e9fense contre les dommages \u00e0 court terme, garantie par le syst\u00e8me filtrant UVA-UVB,<\/li>\n<li>d\u00e9fense contre les radicaux libres g\u00e9n\u00e9r\u00e9s par les rayons infrarouges,\u00a0<\/li>\n<li>d\u00e9fense contre les dommages biologiques \u00e0 long terme, gr\u00e2ce au<span>\u00a0<\/span><strong>\u00ab\u00a0PRO-REPAIR Complex\u00a0\u00bb<span>\u00a0<\/span><\/strong>exclusif qui renforce les m\u00e9canismes de protection et de r\u00e9paration de l\u2019ADN.<\/li>\n<\/ol>\n<p><strong>Test\u00e9e non com\u00e9dog\u00e8ne.<br \/>Protection UVA-UVB-IR.<br \/>R\u00e9sistante \u00e0 l&rsquo;eau.<\/strong><\/p>\n<h3>\u064a\u0648\u0635\u0649 \u0628\u0647 \u0644\u0640<\/h3>\n<p>Les premi\u00e8res expositions, en cas d&rsquo;ensoleillement intense, pour les peaux tr\u00e8s claires et hyper-r\u00e9actives au soleil.<\/p>\n<p>Parfaite pour les peaux normales\/s\u00e8ches.<\/p>\n<h3>\u062a\u0639\u0644\u064a\u0645\u0627\u062a \u0627\u0644\u0627\u0633\u062a\u062e\u062f\u0627\u0645<\/h3>\n<p><span>Appliquer avant de s&rsquo;exposer au soleil et renouveler fr\u00e9quemment l\u2019application.<\/span><br \/><span>Eviter le contact direct avec les v\u00eatements.<\/span><\/p>\n<h3>\u062a\u0639\u0628\u064a\u0631<\/h3>\n<p><strong>Filtres UVA et UVB photostables.<br \/>PRO-REPAIR Complex<\/strong>, synergie exclusive d&rsquo;actifs\u00a0:<\/p>\n<ul>\n<li>\n<strong>Niacine\u00a0:<\/strong><span>\u00a0<\/span>elle aide \u00e0 combattre le dommage biologique en renfor\u00e7ant les m\u00e9canismes naturels de protection et de r\u00e9paration de l&rsquo;ADN,<\/li>\n<li>\n<strong>B\u00eata-glucane\/L-carnosine\u00a0:<span>\u00a0<\/span><\/strong>cette association brevet\u00e9e stimule les d\u00e9fenses biologiques naturelles de la peau et combat l\u2019action des radicaux libres,<\/li>\n<li>\n<strong>\u0641\u064a\u062a\u0627\u0645\u064a\u0646 \u0647\u0640:<span>\u00a0<\/span><\/strong>action antioxydante.<\/li>\n<\/ul>","protected":false},"excerpt":{"rendered":"<p>Bionike Defence Ecran 50+ Cr\u00e8me Fondante\u00a0cr\u00e8me solaire \u00e0 la texture onctueuse et confortable, non grasse Cette cr\u00e8me solaire \u00e0 la texture onctueuse et confortable, non grasse, est parfaite pour le visage.Elle est formul\u00e9e pour garantir une\u00a0triple photoprotection\u00a0: d\u00e9fense contre les dommages \u00e0 court terme, garantie par le syst\u00e8me filtrant UVA-UVB, d\u00e9fense contre les radicaux libres [&hellip;]<\/p>\n","protected":false},"featured_media":15744,"template":"","meta":{"om_disable_all_campaigns":false},"product_brand":[],"product_cat":[15],"product_tag":[],"class_list":{"0":"post-15745","1":"product","2":"type-product","3":"status-publish","4":"has-post-thumbnail","6":"product_cat-beaute-sante-complements-alimentaires-soins-et-bien-etre-au-meilleur-prix","8":"first","9":"instock","10":"sale","11":"taxable","12":"shipping-taxable","13":"purchasable","14":"product-type-simple"},"yoast_head":"<!-- This site is optimized with the Yoast SEO plugin v27.4 - https:\/\/yoast.com\/product\/yoast-seo-wordpress\/ -->\n<title>Bionike Defence Ecran 50+ Cr\u00e8me Fondante 50ml - Maroc Prix<\/title>\n<meta name=\"description\" content=\"Bionike Defence Ecran 50+ Cr\u00e8me Fondante 50ml\" \/>\n<meta name=\"robots\" content=\"index, follow, max-snippet:-1, max-image-preview:large, max-video-preview:-1\" \/>\n<link rel=\"canonical\" href=\"https:\/\/vitablanca.ma\/ar\/product-2\/bionike-defence-ecran-50-creme-fondante-50ml\/\" \/>\n<meta property=\"og:locale\" content=\"ar_AR\" \/>\n<meta property=\"og:type\" content=\"article\" \/>\n<meta property=\"og:title\" content=\"Bionike Defence Ecran 50+ Cr\u00e8me Fondante 50ml - Maroc Prix\" \/>\n<meta property=\"og:description\" content=\"Bionike Defence Ecran 50+ Cr\u00e8me Fondante 50ml\" \/>\n<meta property=\"og:url\" content=\"https:\/\/vitablanca.ma\/ar\/product-2\/bionike-defence-ecran-50-creme-fondante-50ml\/\" \/>\n<meta property=\"og:site_name\" content=\"Vitablanca.ma &ndash; Sant&eacute;, vitalit&eacute; et bien-&ecirc;tre pour tous les Marocains\" \/>\n<meta property=\"article:publisher\" content=\"https:\/\/www.facebook.com\/profile.php?id=61576678196717\" \/>\n<meta property=\"og:image\" content=\"https:\/\/vitablanca.ma\/wp-content\/uploads\/2025\/06\/Bionike-Defence-Ecran-50_-Creme-Fondante-50ml-nova-parapharmacie-maroc.jpg\" \/>\n\t<meta property=\"og:image:width\" content=\"1000\" \/>\n\t<meta property=\"og:image:height\" content=\"1000\" \/>\n\t<meta property=\"og:image:type\" content=\"image\/jpeg\" \/>\n<meta name=\"twitter:card\" content=\"summary_large_image\" \/>\n<meta name=\"twitter:label1\" content=\"\u0648\u0642\u062a \u0627\u0644\u0642\u0631\u0627\u0621\u0629 \u0627\u0644\u0645\u064f\u0642\u062f\u0651\u0631\" \/>\n\t<meta name=\"twitter:data1\" content=\"\u062f\u0642\u064a\u0642\u0629 \u0648\u0627\u062d\u062f\u0629\" \/>\n<script type=\"application\/ld+json\" class=\"yoast-schema-graph\">{\"@context\":\"https:\\\/\\\/schema.org\",\"@graph\":[{\"@type\":[\"WebPage\",\"ItemPage\"],\"@id\":\"https:\\\/\\\/vitablanca.ma\\\/produit\\\/bionike-defence-ecran-50-creme-fondante-50ml\\\/\",\"url\":\"https:\\\/\\\/vitablanca.ma\\\/produit\\\/bionike-defence-ecran-50-creme-fondante-50ml\\\/\",\"name\":\"Bionike Defence Ecran 50+ Cr\u00e8me Fondante 50ml - Maroc Prix\",\"isPartOf\":{\"@id\":\"https:\\\/\\\/vitablanca.ma\\\/#website\"},\"primaryImageOfPage\":{\"@id\":\"https:\\\/\\\/vitablanca.ma\\\/produit\\\/bionike-defence-ecran-50-creme-fondante-50ml\\\/#primaryimage\"},\"image\":{\"@id\":\"https:\\\/\\\/vitablanca.ma\\\/produit\\\/bionike-defence-ecran-50-creme-fondante-50ml\\\/#primaryimage\"},\"thumbnailUrl\":\"https:\\\/\\\/vitablanca.ma\\\/wp-content\\\/uploads\\\/2025\\\/06\\\/Bionike-Defence-Ecran-50_-Creme-Fondante-50ml-nova-parapharmacie-maroc.jpg\",\"datePublished\":\"2025-06-10T16:32:31+00:00\",\"description\":\"Bionike Defence Ecran 50+ Cr\u00e8me Fondante 50ml\",\"breadcrumb\":{\"@id\":\"https:\\\/\\\/vitablanca.ma\\\/produit\\\/bionike-defence-ecran-50-creme-fondante-50ml\\\/#breadcrumb\"},\"inLanguage\":\"ar\",\"potentialAction\":[{\"@type\":\"ReadAction\",\"target\":[\"https:\\\/\\\/vitablanca.ma\\\/produit\\\/bionike-defence-ecran-50-creme-fondante-50ml\\\/\"]}]},{\"@type\":\"ImageObject\",\"inLanguage\":\"ar\",\"@id\":\"https:\\\/\\\/vitablanca.ma\\\/produit\\\/bionike-defence-ecran-50-creme-fondante-50ml\\\/#primaryimage\",\"url\":\"https:\\\/\\\/vitablanca.ma\\\/wp-content\\\/uploads\\\/2025\\\/06\\\/Bionike-Defence-Ecran-50_-Creme-Fondante-50ml-nova-parapharmacie-maroc.jpg\",\"contentUrl\":\"https:\\\/\\\/vitablanca.ma\\\/wp-content\\\/uploads\\\/2025\\\/06\\\/Bionike-Defence-Ecran-50_-Creme-Fondante-50ml-nova-parapharmacie-maroc.jpg\",\"width\":1000,\"height\":1000},{\"@type\":\"BreadcrumbList\",\"@id\":\"https:\\\/\\\/vitablanca.ma\\\/produit\\\/bionike-defence-ecran-50-creme-fondante-50ml\\\/#breadcrumb\",\"itemListElement\":[{\"@type\":\"ListItem\",\"position\":1,\"name\":\"Home\",\"item\":\"https:\\\/\\\/vitablanca.ma\\\/\"},{\"@type\":\"ListItem\",\"position\":2,\"name\":\"Tous Les Produits\",\"item\":\"https:\\\/\\\/vitablanca.ma\\\/tous-les-produits\\\/\"},{\"@type\":\"ListItem\",\"position\":3,\"name\":\"Bionike Defence Ecran 50+ Cr\u00e8me Fondante 50ml\"}]},{\"@type\":\"WebSite\",\"@id\":\"https:\\\/\\\/vitablanca.ma\\\/#website\",\"url\":\"https:\\\/\\\/vitablanca.ma\\\/\",\"name\":\"VitaBlanca.ma | Compl\u00e9ments alimentaires, sant\u00e9 & beaut\u00e9 au Maroc\",\"description\":\"vendre vitamines et compl\u00e9ments premium des USA &amp; Canada, Nouvelle Z\u00e9lande,Maroc (NOW Foods, Solgar, Manuka). Livraison rapide partout au Maroc.\",\"publisher\":{\"@id\":\"https:\\\/\\\/vitablanca.ma\\\/#organization\"},\"alternateName\":\"VitaBlanca.ma\",\"potentialAction\":[{\"@type\":\"SearchAction\",\"target\":{\"@type\":\"EntryPoint\",\"urlTemplate\":\"https:\\\/\\\/vitablanca.ma\\\/?s={search_term_string}\"},\"query-input\":{\"@type\":\"PropertyValueSpecification\",\"valueRequired\":true,\"valueName\":\"search_term_string\"}}],\"inLanguage\":\"ar\"},{\"@type\":\"Organization\",\"@id\":\"https:\\\/\\\/vitablanca.ma\\\/#organization\",\"name\":\"VitaBlanca\",\"url\":\"https:\\\/\\\/vitablanca.ma\\\/\",\"logo\":{\"@type\":\"ImageObject\",\"inLanguage\":\"ar\",\"@id\":\"https:\\\/\\\/vitablanca.ma\\\/#\\\/schema\\\/logo\\\/image\\\/\",\"url\":\"https:\\\/\\\/vitablanca.ma\\\/wp-content\\\/uploads\\\/2025\\\/05\\\/cropped-vitablanca.png\",\"contentUrl\":\"https:\\\/\\\/vitablanca.ma\\\/wp-content\\\/uploads\\\/2025\\\/05\\\/cropped-vitablanca.png\",\"width\":360,\"height\":67,\"caption\":\"VitaBlanca\"},\"image\":{\"@id\":\"https:\\\/\\\/vitablanca.ma\\\/#\\\/schema\\\/logo\\\/image\\\/\"},\"sameAs\":[\"https:\\\/\\\/www.facebook.com\\\/profile.php?id=61576678196717\",\"https:\\\/\\\/www.tiktok.com\\\/@vitablanca.ma\",\"https:\\\/\\\/www.instagram.com\\\/vitablanca.ma\\\/\"]}]}<\/script>\n<!-- \/ Yoast SEO plugin. -->","yoast_head_json":{"title":"Bionike Defence Ecran 50+ Cr\u00e8me Fondante 50ml - Maroc Prix","description":"\u0643\u0631\u064a\u0645 \u0628\u064a\u0648\u0646\u064a\u0643\u064a \u062f\u064a\u0641\u064a\u0646\u0633 \u0625\u0643\u0631\u0627\u0646 50+ \u0627\u0644\u0630\u0627\u0626\u0628 50 \u0645\u0644","robots":{"index":"index","follow":"follow","max-snippet":"max-snippet:-1","max-image-preview":"max-image-preview:large","max-video-preview":"max-video-preview:-1"},"canonical":"https:\/\/vitablanca.ma\/ar\/product-2\/bionike-defence-ecran-50-creme-fondante-50ml\/","og_locale":"ar_AR","og_type":"article","og_title":"Bionike Defence Ecran 50+ Cr\u00e8me Fondante 50ml - Maroc Prix","og_description":"Bionike Defence Ecran 50+ Cr\u00e8me Fondante 50ml","og_url":"https:\/\/vitablanca.ma\/ar\/product-2\/bionike-defence-ecran-50-creme-fondante-50ml\/","og_site_name":"Vitablanca.ma &ndash; Sant&eacute;, vitalit&eacute; et bien-&ecirc;tre pour tous les Marocains","article_publisher":"https:\/\/www.facebook.com\/profile.php?id=61576678196717","og_image":[{"width":1000,"height":1000,"url":"https:\/\/vitablanca.ma\/wp-content\/uploads\/2025\/06\/Bionike-Defence-Ecran-50_-Creme-Fondante-50ml-nova-parapharmacie-maroc.jpg","type":"image\/jpeg"}],"twitter_card":"summary_large_image","twitter_misc":{"\u0648\u0642\u062a \u0627\u0644\u0642\u0631\u0627\u0621\u0629 \u0627\u0644\u0645\u064f\u0642\u062f\u0651\u0631":"\u062f\u0642\u064a\u0642\u0629 \u0648\u0627\u062d\u062f\u0629"},"schema":{"@context":"https:\/\/schema.org","@graph":[{"@type":["WebPage","ItemPage"],"@id":"https:\/\/vitablanca.ma\/produit\/bionike-defence-ecran-50-creme-fondante-50ml\/","url":"https:\/\/vitablanca.ma\/produit\/bionike-defence-ecran-50-creme-fondante-50ml\/","name":"Bionike Defence Ecran 50+ Cr\u00e8me Fondante 50ml - Maroc Prix","isPartOf":{"@id":"https:\/\/vitablanca.ma\/#website"},"primaryImageOfPage":{"@id":"https:\/\/vitablanca.ma\/produit\/bionike-defence-ecran-50-creme-fondante-50ml\/#primaryimage"},"image":{"@id":"https:\/\/vitablanca.ma\/produit\/bionike-defence-ecran-50-creme-fondante-50ml\/#primaryimage"},"thumbnailUrl":"https:\/\/vitablanca.ma\/wp-content\/uploads\/2025\/06\/Bionike-Defence-Ecran-50_-Creme-Fondante-50ml-nova-parapharmacie-maroc.jpg","datePublished":"2025-06-10T16:32:31+00:00","description":"\u0643\u0631\u064a\u0645 \u0628\u064a\u0648\u0646\u064a\u0643\u064a \u062f\u064a\u0641\u064a\u0646\u0633 \u0625\u0643\u0631\u0627\u0646 50+ \u0627\u0644\u0630\u0627\u0626\u0628 50 \u0645\u0644","breadcrumb":{"@id":"https:\/\/vitablanca.ma\/produit\/bionike-defence-ecran-50-creme-fondante-50ml\/#breadcrumb"},"inLanguage":"ar","potentialAction":[{"@type":"ReadAction","target":["https:\/\/vitablanca.ma\/produit\/bionike-defence-ecran-50-creme-fondante-50ml\/"]}]},{"@type":"ImageObject","inLanguage":"ar","@id":"https:\/\/vitablanca.ma\/produit\/bionike-defence-ecran-50-creme-fondante-50ml\/#primaryimage","url":"https:\/\/vitablanca.ma\/wp-content\/uploads\/2025\/06\/Bionike-Defence-Ecran-50_-Creme-Fondante-50ml-nova-parapharmacie-maroc.jpg","contentUrl":"https:\/\/vitablanca.ma\/wp-content\/uploads\/2025\/06\/Bionike-Defence-Ecran-50_-Creme-Fondante-50ml-nova-parapharmacie-maroc.jpg","width":1000,"height":1000},{"@type":"BreadcrumbList","@id":"https:\/\/vitablanca.ma\/produit\/bionike-defence-ecran-50-creme-fondante-50ml\/#breadcrumb","itemListElement":[{"@type":"ListItem","position":1,"name":"Home","item":"https:\/\/vitablanca.ma\/"},{"@type":"ListItem","position":2,"name":"Tous Les Produits","item":"https:\/\/vitablanca.ma\/tous-les-produits\/"},{"@type":"ListItem","position":3,"name":"Bionike Defence Ecran 50+ Cr\u00e8me Fondante 50ml"}]},{"@type":"WebSite","@id":"https:\/\/vitablanca.ma\/#website","url":"https:\/\/vitablanca.ma\/","name":"VitaBlanca.ma | \u0627\u0644\u0645\u0643\u0645\u0644\u0627\u062a \u0627\u0644\u063a\u0630\u0627\u0626\u064a\u0629\u060c \u0627\u0644\u0635\u062d\u0629 \u0648\u0627\u0644\u062c\u0645\u0627\u0644 \u0641\u064a \u0627\u0644\u0645\u063a\u0631\u0628","description":"\u0646\u0628\u064a\u0639 \u0641\u064a\u062a\u0627\u0645\u064a\u0646\u0627\u062a \u0648\u0645\u0643\u0645\u0644\u0627\u062a \u063a\u0630\u0627\u0626\u064a\u0629 \u0641\u0627\u062e\u0631\u0629 \u0645\u0646 \u0627\u0644\u0648\u0644\u0627\u064a\u0627\u062a \u0627\u0644\u0645\u062a\u062d\u062f\u0629 \u0627\u0644\u0623\u0645\u0631\u064a\u0643\u064a\u0629 \u0648\u0643\u0646\u062f\u0627 \u0648\u0646\u064a\u0648\u0632\u064a\u0644\u0646\u062f\u0627 \u0648\u0627\u0644\u0645\u063a\u0631\u0628 (\u0646\u0627\u0648 \u0641\u0648\u062f\u0632\u060c \u0633\u0648\u0644\u062c\u0627\u0631\u060c \u0645\u0627\u0646\u0648\u0643\u0627). \u062a\u0648\u0635\u064a\u0644 \u0633\u0631\u064a\u0639 \u0625\u0644\u0649 \u062c\u0645\u064a\u0639 \u0623\u0646\u062d\u0627\u0621 \u0627\u0644\u0645\u063a\u0631\u0628.","publisher":{"@id":"https:\/\/vitablanca.ma\/#organization"},"alternateName":"VitaBlanca.ma","potentialAction":[{"@type":"SearchAction","target":{"@type":"EntryPoint","urlTemplate":"https:\/\/vitablanca.ma\/?s={search_term_string}"},"query-input":{"@type":"PropertyValueSpecification","valueRequired":true,"valueName":"search_term_string"}}],"inLanguage":"ar"},{"@type":"Organization","@id":"https:\/\/vitablanca.ma\/#organization","name":"\u0641\u064a\u062a\u0627\u0628\u0644\u0627\u0646\u0643\u0627","url":"https:\/\/vitablanca.ma\/","logo":{"@type":"ImageObject","inLanguage":"ar","@id":"https:\/\/vitablanca.ma\/#\/schema\/logo\/image\/","url":"https:\/\/vitablanca.ma\/wp-content\/uploads\/2025\/05\/cropped-vitablanca.png","contentUrl":"https:\/\/vitablanca.ma\/wp-content\/uploads\/2025\/05\/cropped-vitablanca.png","width":360,"height":67,"caption":"VitaBlanca"},"image":{"@id":"https:\/\/vitablanca.ma\/#\/schema\/logo\/image\/"},"sameAs":["https:\/\/www.facebook.com\/profile.php?id=61576678196717","https:\/\/www.tiktok.com\/@vitablanca.ma","https:\/\/www.instagram.com\/vitablanca.ma\/"]}]}},"jetpack_sharing_enabled":true,"_links":{"self":[{"href":"https:\/\/vitablanca.ma\/ar\/wp-json\/wp\/v2\/product\/15745","targetHints":{"allow":["GET"]}}],"collection":[{"href":"https:\/\/vitablanca.ma\/ar\/wp-json\/wp\/v2\/product"}],"about":[{"href":"https:\/\/vitablanca.ma\/ar\/wp-json\/wp\/v2\/types\/product"}],"wp:featuredmedia":[{"embeddable":true,"href":"https:\/\/vitablanca.ma\/ar\/wp-json\/wp\/v2\/media\/15744"}],"wp:attachment":[{"href":"https:\/\/vitablanca.ma\/ar\/wp-json\/wp\/v2\/media?parent=15745"}],"wp:term":[{"taxonomy":"product_brand","embeddable":true,"href":"https:\/\/vitablanca.ma\/ar\/wp-json\/wp\/v2\/product_brand?post=15745"},{"taxonomy":"product_cat","embeddable":true,"href":"https:\/\/vitablanca.ma\/ar\/wp-json\/wp\/v2\/product_cat?post=15745"},{"taxonomy":"product_tag","embeddable":true,"href":"https:\/\/vitablanca.ma\/ar\/wp-json\/wp\/v2\/product_tag?post=15745"}],"curies":[{"name":"wp","href":"https:\/\/api.w.org\/{rel}","templated":true}]}}