{"id":15728,"date":"2025-06-10T16:31:55","date_gmt":"2025-06-10T16:31:55","guid":{"rendered":"https:\/\/vitablanca.ma\/product\/biofar-phyto-digestion-boite-de-8-comprimes\/"},"modified":"2025-06-10T16:31:55","modified_gmt":"2025-06-10T16:31:55","slug":"biofar-phyto-digestion-boite-de-8-comprimes","status":"publish","type":"product","link":"https:\/\/vitablanca.ma\/ar\/product-2\/biofar-phyto-digestion-boite-de-8-comprimes\/","title":{"rendered":"Biofar Phyto Digestion Boite De 8 Comprim\u00e9s"},"content":{"rendered":"<h2>Biofar Phyto Digestion Favorise La Digestion<\/h2>\n<p>La digestion est un<span>\u00a0<\/span><b>ph\u00e9nom\u00e8ne complexe<\/b>, aussi bien<span>\u00a0<\/span><b>m\u00e9canique<\/b><span>\u00a0<\/span>que<span>\u00a0<\/span><b>chimique<\/b>, dont les<span>\u00a0<\/span><b>d\u00e9r\u00e8glements<\/b><span>\u00a0<\/span>apportent leur lot de<span>\u00a0<\/span><b>d\u00e9sagr\u00e9ments<\/b><span>\u00a0<\/span>au quotidien !<\/p>\n<p>Les Laboratoires Biofar ont pris<span>\u00a0<\/span><b>le meilleur de la nature<span>\u00a0<\/span><\/b>pour favoriser votre digestion, avec un extrait frais d\u2019<b>artichaut<\/b>, \u00e0 l\u2019effet d\u00e9toxifiant<b>,<\/b><span>\u00a0<\/span>qui aide \u00e0 favoriser digestion et bon fonctionnement du foie, stimule le flux des sucs digestifs, contribue au bon fonctionnement des tubes digestif et intestinal, ainsi qu\u2019au confort intestinal. Des extraits d\u2019<b>ananas<\/b><span>\u00a0<\/span>\u0648\u0645\u0646<span>\u00a0<\/span><b>papaye<\/b>\u060c \u0627\u0644\u062a\u0627\u0628\u0639<span>\u00a0<\/span><b>fibres<\/b>, ainsi que des<span>\u00a0<\/span><b>vitamines du groupe B<span>\u00a0<\/span><\/b>viennent enrichir la formule de \u00ab\u00a0<b>Phyto Digestion\u00a0\u00bb<\/b>, le tout avec un bon go\u00fbt d\u2019agrumes !<\/p>\n<ul>\n<li>Une formule concentr\u00e9e et \u00e9quilibr\u00e9e.<\/li>\n<li>Un extrait d\u2019artichaut r\u00e9alis\u00e9 \u00e0 partir de<span>\u00a0<\/span><strong>jus frais<\/strong>.<\/li>\n<li>Une synergie optimale avec ananas, papaye et fibres.<\/li>\n<\/ul>\n<div class=\"uabb-adv-accordion-button uabb-adv-accordion-button5b59bf7b13521 uabb-adv-after-text\">\n<h3 class=\"uabb-adv-accordion-button-label\">\u0637\u0631\u064a\u0642\u0629 \u0627\u0644\u0627\u0633\u062a\u062e\u062f\u0627\u0645:<\/h3>\n<\/div>\n<div class=\"uabb-adv-accordion-content uabb-adv-accordion-content5b59bf7b13521 fl-clearfix uabb-accordion-desc uabb-text-editor\">\n<p>Biofar Phyto Digestion est un compl\u00e9ment alimentaire r\u00e9serv\u00e9 \u00e0 l\u2019adulte.<\/p>\n<p>1 \u00e0 2 comprim\u00e9s par jour, apr\u00e8s un repas, \u00e0 dissoudre dans un grand verre d\u2019eau et \u00e0 boire imm\u00e9diatement apr\u00e8s dissolution. S\u2019utilise notamment apr\u00e8s un repas copieux ou trop gras afin de faciliter la digestion et diminuer la sensation de pesanteur digestive. A renouveler chaque fois que n\u00e9cessaire.<\/p>\n<p><strong>\u0645\u0627 \u0647\u0648 \u0627\u0644\u0625\u064a\u062c\u0627\u0628\u064a\u061f<\/strong><span>\u00a0<\/span>Un concentr\u00e9 d\u2019artichaut frais pour vous aider \u00e0 am\u00e9liorer votre digestion !<\/p>\n<p>Les produits Biofar Phyto sont<span>\u00a0<\/span><strong>\u062e\u0627\u0644\u064a \u0645\u0646 \u0627\u0644\u0633\u0643\u0631\u060c \u062e\u0627\u0644\u064a \u0645\u0646 \u0627\u0644\u0623\u0633\u0628\u0627\u0631\u062a\u0627\u0645\u060c \u062e\u0627\u0644\u064a \u0645\u0646 \u0627\u0644\u0645\u0644\u0648\u0646\u0627\u062a<span>\u00a0<\/span><\/strong>\u0648\u00a0<strong>\u0645\u0639 \u0637\u0639\u0645 \u0641\u0627\u0643\u0647\u064a \u062c\u064a\u062f.<\/strong><\/p>\n<p>\u0627\u0633\u0623\u0644 \u0627\u0644\u0635\u064a\u062f\u0644\u064a \u0623\u0648 \u0627\u0644\u0637\u0628\u064a\u0628 \u0644\u0644\u062d\u0635\u0648\u0644 \u0639\u0644\u0649 \u0627\u0644\u0645\u0634\u0648\u0631\u0629.<\/p>\n<\/div>","protected":false},"excerpt":{"rendered":"<p>Biofar Phyto Digestion Favorise La Digestion La digestion est un\u00a0ph\u00e9nom\u00e8ne complexe, aussi bien\u00a0m\u00e9canique\u00a0que\u00a0chimique, dont les\u00a0d\u00e9r\u00e8glements\u00a0apportent leur lot de\u00a0d\u00e9sagr\u00e9ments\u00a0au quotidien ! Les Laboratoires Biofar ont pris\u00a0le meilleur de la nature\u00a0pour favoriser votre digestion, avec un extrait frais d\u2019artichaut, \u00e0 l\u2019effet d\u00e9toxifiant,\u00a0qui aide \u00e0 favoriser digestion et bon fonctionnement du foie, stimule le flux des sucs digestifs, [&hellip;]<\/p>\n","protected":false},"featured_media":15727,"template":"","meta":{"om_disable_all_campaigns":false},"product_brand":[],"product_cat":[15],"product_tag":[],"class_list":{"0":"post-15728","1":"product","2":"type-product","3":"status-publish","4":"has-post-thumbnail","6":"product_cat-beaute-sante-complements-alimentaires-soins-et-bien-etre-au-meilleur-prix","8":"first","9":"instock","10":"sale","11":"taxable","12":"shipping-taxable","13":"purchasable","14":"product-type-simple"},"yoast_head":"<!-- This site is optimized with the Yoast SEO plugin v27.3 - https:\/\/yoast.com\/product\/yoast-seo-wordpress\/ -->\n<title>Biofar Phyto Digestion Boite De 8 Comprim\u00e9s - Maroc Prix<\/title>\n<meta name=\"description\" content=\"Biofar Phyto Digestion Boite De 8 Comprim\u00e9s\" \/>\n<meta name=\"robots\" content=\"index, follow, max-snippet:-1, max-image-preview:large, max-video-preview:-1\" \/>\n<link rel=\"canonical\" href=\"https:\/\/vitablanca.ma\/ar\/product-2\/biofar-phyto-digestion-boite-de-8-comprimes\/\" \/>\n<meta property=\"og:locale\" content=\"ar_AR\" \/>\n<meta property=\"og:type\" content=\"article\" \/>\n<meta property=\"og:title\" content=\"Biofar Phyto Digestion Boite De 8 Comprim\u00e9s - Maroc Prix\" \/>\n<meta property=\"og:description\" content=\"Biofar Phyto Digestion Boite De 8 Comprim\u00e9s\" \/>\n<meta property=\"og:url\" content=\"https:\/\/vitablanca.ma\/ar\/product-2\/biofar-phyto-digestion-boite-de-8-comprimes\/\" \/>\n<meta property=\"og:site_name\" content=\"Vitablanca.ma &ndash; Sant&eacute;, vitalit&eacute; et bien-&ecirc;tre pour tous les Marocains\" \/>\n<meta property=\"article:publisher\" content=\"https:\/\/www.facebook.com\/profile.php?id=61576678196717\" \/>\n<meta property=\"og:image\" content=\"https:\/\/vitablanca.ma\/wp-content\/uploads\/2025\/06\/Biofar-Phyto-Digestion-Boite-De-8-Comprimes-nova-parapharmacie-casablanca.jpg\" \/>\n\t<meta property=\"og:image:width\" content=\"1000\" \/>\n\t<meta property=\"og:image:height\" content=\"1000\" \/>\n\t<meta property=\"og:image:type\" content=\"image\/jpeg\" \/>\n<meta name=\"twitter:card\" content=\"summary_large_image\" \/>\n<meta name=\"twitter:label1\" content=\"\u0648\u0642\u062a \u0627\u0644\u0642\u0631\u0627\u0621\u0629 \u0627\u0644\u0645\u064f\u0642\u062f\u0651\u0631\" \/>\n\t<meta name=\"twitter:data1\" content=\"\u062f\u0642\u064a\u0642\u0629 \u0648\u0627\u062d\u062f\u0629\" \/>\n<script type=\"application\/ld+json\" class=\"yoast-schema-graph\">{\"@context\":\"https:\\\/\\\/schema.org\",\"@graph\":[{\"@type\":[\"WebPage\",\"ItemPage\"],\"@id\":\"https:\\\/\\\/vitablanca.ma\\\/produit\\\/biofar-phyto-digestion-boite-de-8-comprimes\\\/\",\"url\":\"https:\\\/\\\/vitablanca.ma\\\/produit\\\/biofar-phyto-digestion-boite-de-8-comprimes\\\/\",\"name\":\"Biofar Phyto Digestion Boite De 8 Comprim\u00e9s - Maroc Prix\",\"isPartOf\":{\"@id\":\"https:\\\/\\\/vitablanca.ma\\\/#website\"},\"primaryImageOfPage\":{\"@id\":\"https:\\\/\\\/vitablanca.ma\\\/produit\\\/biofar-phyto-digestion-boite-de-8-comprimes\\\/#primaryimage\"},\"image\":{\"@id\":\"https:\\\/\\\/vitablanca.ma\\\/produit\\\/biofar-phyto-digestion-boite-de-8-comprimes\\\/#primaryimage\"},\"thumbnailUrl\":\"https:\\\/\\\/vitablanca.ma\\\/wp-content\\\/uploads\\\/2025\\\/06\\\/Biofar-Phyto-Digestion-Boite-De-8-Comprimes-nova-parapharmacie-casablanca.jpg\",\"datePublished\":\"2025-06-10T16:31:55+00:00\",\"description\":\"Biofar Phyto Digestion Boite De 8 Comprim\u00e9s\",\"breadcrumb\":{\"@id\":\"https:\\\/\\\/vitablanca.ma\\\/produit\\\/biofar-phyto-digestion-boite-de-8-comprimes\\\/#breadcrumb\"},\"inLanguage\":\"ar\",\"potentialAction\":[{\"@type\":\"ReadAction\",\"target\":[\"https:\\\/\\\/vitablanca.ma\\\/produit\\\/biofar-phyto-digestion-boite-de-8-comprimes\\\/\"]}]},{\"@type\":\"ImageObject\",\"inLanguage\":\"ar\",\"@id\":\"https:\\\/\\\/vitablanca.ma\\\/produit\\\/biofar-phyto-digestion-boite-de-8-comprimes\\\/#primaryimage\",\"url\":\"https:\\\/\\\/vitablanca.ma\\\/wp-content\\\/uploads\\\/2025\\\/06\\\/Biofar-Phyto-Digestion-Boite-De-8-Comprimes-nova-parapharmacie-casablanca.jpg\",\"contentUrl\":\"https:\\\/\\\/vitablanca.ma\\\/wp-content\\\/uploads\\\/2025\\\/06\\\/Biofar-Phyto-Digestion-Boite-De-8-Comprimes-nova-parapharmacie-casablanca.jpg\",\"width\":1000,\"height\":1000},{\"@type\":\"BreadcrumbList\",\"@id\":\"https:\\\/\\\/vitablanca.ma\\\/produit\\\/biofar-phyto-digestion-boite-de-8-comprimes\\\/#breadcrumb\",\"itemListElement\":[{\"@type\":\"ListItem\",\"position\":1,\"name\":\"Home\",\"item\":\"https:\\\/\\\/vitablanca.ma\\\/\"},{\"@type\":\"ListItem\",\"position\":2,\"name\":\"Tous Les Produits\",\"item\":\"https:\\\/\\\/vitablanca.ma\\\/tous-les-produits\\\/\"},{\"@type\":\"ListItem\",\"position\":3,\"name\":\"Biofar Phyto Digestion Boite De 8 Comprim\u00e9s\"}]},{\"@type\":\"WebSite\",\"@id\":\"https:\\\/\\\/vitablanca.ma\\\/#website\",\"url\":\"https:\\\/\\\/vitablanca.ma\\\/\",\"name\":\"VitaBlanca.ma | Compl\u00e9ments alimentaires, sant\u00e9 & beaut\u00e9 au Maroc\",\"description\":\"vendre vitamines et compl\u00e9ments premium des USA &amp; Canada, Nouvelle Z\u00e9lande,Maroc (NOW Foods, Solgar, Manuka). Livraison rapide partout au Maroc.\",\"publisher\":{\"@id\":\"https:\\\/\\\/vitablanca.ma\\\/#organization\"},\"alternateName\":\"VitaBlanca.ma\",\"potentialAction\":[{\"@type\":\"SearchAction\",\"target\":{\"@type\":\"EntryPoint\",\"urlTemplate\":\"https:\\\/\\\/vitablanca.ma\\\/?s={search_term_string}\"},\"query-input\":{\"@type\":\"PropertyValueSpecification\",\"valueRequired\":true,\"valueName\":\"search_term_string\"}}],\"inLanguage\":\"ar\"},{\"@type\":\"Organization\",\"@id\":\"https:\\\/\\\/vitablanca.ma\\\/#organization\",\"name\":\"VitaBlanca\",\"url\":\"https:\\\/\\\/vitablanca.ma\\\/\",\"logo\":{\"@type\":\"ImageObject\",\"inLanguage\":\"ar\",\"@id\":\"https:\\\/\\\/vitablanca.ma\\\/#\\\/schema\\\/logo\\\/image\\\/\",\"url\":\"https:\\\/\\\/vitablanca.ma\\\/wp-content\\\/uploads\\\/2025\\\/05\\\/cropped-vitablanca.png\",\"contentUrl\":\"https:\\\/\\\/vitablanca.ma\\\/wp-content\\\/uploads\\\/2025\\\/05\\\/cropped-vitablanca.png\",\"width\":360,\"height\":67,\"caption\":\"VitaBlanca\"},\"image\":{\"@id\":\"https:\\\/\\\/vitablanca.ma\\\/#\\\/schema\\\/logo\\\/image\\\/\"},\"sameAs\":[\"https:\\\/\\\/www.facebook.com\\\/profile.php?id=61576678196717\",\"https:\\\/\\\/www.tiktok.com\\\/@vitablanca.ma\",\"https:\\\/\\\/www.instagram.com\\\/vitablanca.ma\\\/\"]}]}<\/script>\n<!-- \/ Yoast SEO plugin. -->","yoast_head_json":{"title":"Biofar Phyto Digestion Boite De 8 Comprim\u00e9s - Maroc Prix","description":"Biofar Phyto Digestion Boite De 8 Comprim\u00e9s","robots":{"index":"index","follow":"follow","max-snippet":"max-snippet:-1","max-image-preview":"max-image-preview:large","max-video-preview":"max-video-preview:-1"},"canonical":"https:\/\/vitablanca.ma\/ar\/product-2\/biofar-phyto-digestion-boite-de-8-comprimes\/","og_locale":"ar_AR","og_type":"article","og_title":"Biofar Phyto Digestion Boite De 8 Comprim\u00e9s - Maroc Prix","og_description":"Biofar Phyto Digestion Boite De 8 Comprim\u00e9s","og_url":"https:\/\/vitablanca.ma\/ar\/product-2\/biofar-phyto-digestion-boite-de-8-comprimes\/","og_site_name":"Vitablanca.ma &ndash; Sant&eacute;, vitalit&eacute; et bien-&ecirc;tre pour tous les Marocains","article_publisher":"https:\/\/www.facebook.com\/profile.php?id=61576678196717","og_image":[{"width":1000,"height":1000,"url":"https:\/\/vitablanca.ma\/wp-content\/uploads\/2025\/06\/Biofar-Phyto-Digestion-Boite-De-8-Comprimes-nova-parapharmacie-casablanca.jpg","type":"image\/jpeg"}],"twitter_card":"summary_large_image","twitter_misc":{"\u0648\u0642\u062a \u0627\u0644\u0642\u0631\u0627\u0621\u0629 \u0627\u0644\u0645\u064f\u0642\u062f\u0651\u0631":"\u062f\u0642\u064a\u0642\u0629 \u0648\u0627\u062d\u062f\u0629"},"schema":{"@context":"https:\/\/schema.org","@graph":[{"@type":["WebPage","ItemPage"],"@id":"https:\/\/vitablanca.ma\/produit\/biofar-phyto-digestion-boite-de-8-comprimes\/","url":"https:\/\/vitablanca.ma\/produit\/biofar-phyto-digestion-boite-de-8-comprimes\/","name":"Biofar Phyto Digestion Boite De 8 Comprim\u00e9s - Maroc Prix","isPartOf":{"@id":"https:\/\/vitablanca.ma\/#website"},"primaryImageOfPage":{"@id":"https:\/\/vitablanca.ma\/produit\/biofar-phyto-digestion-boite-de-8-comprimes\/#primaryimage"},"image":{"@id":"https:\/\/vitablanca.ma\/produit\/biofar-phyto-digestion-boite-de-8-comprimes\/#primaryimage"},"thumbnailUrl":"https:\/\/vitablanca.ma\/wp-content\/uploads\/2025\/06\/Biofar-Phyto-Digestion-Boite-De-8-Comprimes-nova-parapharmacie-casablanca.jpg","datePublished":"2025-06-10T16:31:55+00:00","description":"Biofar Phyto Digestion Boite De 8 Comprim\u00e9s","breadcrumb":{"@id":"https:\/\/vitablanca.ma\/produit\/biofar-phyto-digestion-boite-de-8-comprimes\/#breadcrumb"},"inLanguage":"ar","potentialAction":[{"@type":"ReadAction","target":["https:\/\/vitablanca.ma\/produit\/biofar-phyto-digestion-boite-de-8-comprimes\/"]}]},{"@type":"ImageObject","inLanguage":"ar","@id":"https:\/\/vitablanca.ma\/produit\/biofar-phyto-digestion-boite-de-8-comprimes\/#primaryimage","url":"https:\/\/vitablanca.ma\/wp-content\/uploads\/2025\/06\/Biofar-Phyto-Digestion-Boite-De-8-Comprimes-nova-parapharmacie-casablanca.jpg","contentUrl":"https:\/\/vitablanca.ma\/wp-content\/uploads\/2025\/06\/Biofar-Phyto-Digestion-Boite-De-8-Comprimes-nova-parapharmacie-casablanca.jpg","width":1000,"height":1000},{"@type":"BreadcrumbList","@id":"https:\/\/vitablanca.ma\/produit\/biofar-phyto-digestion-boite-de-8-comprimes\/#breadcrumb","itemListElement":[{"@type":"ListItem","position":1,"name":"Home","item":"https:\/\/vitablanca.ma\/"},{"@type":"ListItem","position":2,"name":"Tous Les Produits","item":"https:\/\/vitablanca.ma\/tous-les-produits\/"},{"@type":"ListItem","position":3,"name":"Biofar Phyto Digestion Boite De 8 Comprim\u00e9s"}]},{"@type":"WebSite","@id":"https:\/\/vitablanca.ma\/#website","url":"https:\/\/vitablanca.ma\/","name":"VitaBlanca.ma | \u0627\u0644\u0645\u0643\u0645\u0644\u0627\u062a \u0627\u0644\u063a\u0630\u0627\u0626\u064a\u0629\u060c \u0627\u0644\u0635\u062d\u0629 \u0648\u0627\u0644\u062c\u0645\u0627\u0644 \u0641\u064a \u0627\u0644\u0645\u063a\u0631\u0628","description":"\u0646\u0628\u064a\u0639 \u0641\u064a\u062a\u0627\u0645\u064a\u0646\u0627\u062a \u0648\u0645\u0643\u0645\u0644\u0627\u062a \u063a\u0630\u0627\u0626\u064a\u0629 \u0641\u0627\u062e\u0631\u0629 \u0645\u0646 \u0627\u0644\u0648\u0644\u0627\u064a\u0627\u062a \u0627\u0644\u0645\u062a\u062d\u062f\u0629 \u0627\u0644\u0623\u0645\u0631\u064a\u0643\u064a\u0629 \u0648\u0643\u0646\u062f\u0627 \u0648\u0646\u064a\u0648\u0632\u064a\u0644\u0646\u062f\u0627 \u0648\u0627\u0644\u0645\u063a\u0631\u0628 (\u0646\u0627\u0648 \u0641\u0648\u062f\u0632\u060c \u0633\u0648\u0644\u062c\u0627\u0631\u060c \u0645\u0627\u0646\u0648\u0643\u0627). \u062a\u0648\u0635\u064a\u0644 \u0633\u0631\u064a\u0639 \u0625\u0644\u0649 \u062c\u0645\u064a\u0639 \u0623\u0646\u062d\u0627\u0621 \u0627\u0644\u0645\u063a\u0631\u0628.","publisher":{"@id":"https:\/\/vitablanca.ma\/#organization"},"alternateName":"VitaBlanca.ma","potentialAction":[{"@type":"SearchAction","target":{"@type":"EntryPoint","urlTemplate":"https:\/\/vitablanca.ma\/?s={search_term_string}"},"query-input":{"@type":"PropertyValueSpecification","valueRequired":true,"valueName":"search_term_string"}}],"inLanguage":"ar"},{"@type":"Organization","@id":"https:\/\/vitablanca.ma\/#organization","name":"\u0641\u064a\u062a\u0627\u0628\u0644\u0627\u0646\u0643\u0627","url":"https:\/\/vitablanca.ma\/","logo":{"@type":"ImageObject","inLanguage":"ar","@id":"https:\/\/vitablanca.ma\/#\/schema\/logo\/image\/","url":"https:\/\/vitablanca.ma\/wp-content\/uploads\/2025\/05\/cropped-vitablanca.png","contentUrl":"https:\/\/vitablanca.ma\/wp-content\/uploads\/2025\/05\/cropped-vitablanca.png","width":360,"height":67,"caption":"VitaBlanca"},"image":{"@id":"https:\/\/vitablanca.ma\/#\/schema\/logo\/image\/"},"sameAs":["https:\/\/www.facebook.com\/profile.php?id=61576678196717","https:\/\/www.tiktok.com\/@vitablanca.ma","https:\/\/www.instagram.com\/vitablanca.ma\/"]}]}},"jetpack_sharing_enabled":true,"_links":{"self":[{"href":"https:\/\/vitablanca.ma\/ar\/wp-json\/wp\/v2\/product\/15728","targetHints":{"allow":["GET"]}}],"collection":[{"href":"https:\/\/vitablanca.ma\/ar\/wp-json\/wp\/v2\/product"}],"about":[{"href":"https:\/\/vitablanca.ma\/ar\/wp-json\/wp\/v2\/types\/product"}],"wp:featuredmedia":[{"embeddable":true,"href":"https:\/\/vitablanca.ma\/ar\/wp-json\/wp\/v2\/media\/15727"}],"wp:attachment":[{"href":"https:\/\/vitablanca.ma\/ar\/wp-json\/wp\/v2\/media?parent=15728"}],"wp:term":[{"taxonomy":"product_brand","embeddable":true,"href":"https:\/\/vitablanca.ma\/ar\/wp-json\/wp\/v2\/product_brand?post=15728"},{"taxonomy":"product_cat","embeddable":true,"href":"https:\/\/vitablanca.ma\/ar\/wp-json\/wp\/v2\/product_cat?post=15728"},{"taxonomy":"product_tag","embeddable":true,"href":"https:\/\/vitablanca.ma\/ar\/wp-json\/wp\/v2\/product_tag?post=15728"}],"curies":[{"name":"wp","href":"https:\/\/api.w.org\/{rel}","templated":true}]}}