{"id":15726,"date":"2025-06-10T16:31:51","date_gmt":"2025-06-10T16:31:51","guid":{"rendered":"https:\/\/vitablanca.ma\/product\/biofar-fer-acide-folique-20-comprimes\/"},"modified":"2025-06-10T16:31:51","modified_gmt":"2025-06-10T16:31:51","slug":"biofar-fer-acide-folique-20-comprimes","status":"publish","type":"product","link":"https:\/\/vitablanca.ma\/ar\/product-2\/biofar-fer-acide-folique-20-comprimes\/","title":{"rendered":"Biofar Fer Acide Folique 20 Comprim\u00e9s"},"content":{"rendered":"<h2>Biofar Fer Acide Folique Pour L\u2019\u00e9nergie F\u00e9minine<\/h2>\n<p>Une d\u00e9ficience en fer est fr\u00e9quente chez la femme et peut rapidement conduire \u00e0 une fatigue et un manque d\u2019\u00e9nergie. Chez la femme enceinte particuli\u00e8rement, il est vivement recommand\u00e9 de se suppl\u00e9menter en acide folique pour la bonne croissance du b\u00e9b\u00e9. \u00a0N\u2019attendez plus ! Les Laboratoires Biofar ont d\u00e9velopp\u00e9 pour vous<span>\u00a0<\/span><strong>\u00ab\u00a0Fer Acide folique\u00a0\u00bb<\/strong>, une formule\u00a0<strong>\u063a\u0646\u064a \u0648\u0645\u062a\u0622\u0632\u0631\u00a0<\/strong>au bon go\u00fbt de\u00a0<strong>cassis<\/strong>, pour pr\u00e9server votre \u00e9nergie f\u00e9minine au quotidien ou en p\u00e9riode de grossesse.<\/p>\n<p>\u0627\u0644\u062c\u0631\u0639\u0627\u062a<span>\u00a0<\/span><strong>optimaux et \u00e9quilibr\u00e9s<\/strong><span>\u00a0<\/span>en fer<span>\u00a0<\/span><strong>100 %<span>\u00a0<\/span>organique<\/strong><span>\u00a0<\/span>et en vitamines du groupe B (acide folique\u2026). Les Laboratoires Biofar ont r\u00e9uni les \u00e9l\u00e9ments n\u00e9cessaires pour assurer vos besoins sp\u00e9cifiques en tant que femme. En effet :<\/p>\n<ul>\n<li>le fer et les vitamines B2, B6, B12 et C contribuent \u00e0<span>\u00a0<\/span><strong>\u062a\u0642\u0644\u064a\u0644 \u0627\u0644\u062a\u0639\u0628<\/strong><span>\u00a0<\/span>et \u00e0 un m\u00e9tabolisme \u00e9nerg\u00e9tique normal,<\/li>\n<li>la vitamine B9 et le fer jouent un r\u00f4le dans le<span>\u00a0<\/span><strong>processus de division cellulaire<\/strong>,<\/li>\n<li>la vitamine B9 participe \u00e9galement \u00e0 la<span>\u00a0<\/span><strong>croissance des tissus maternels<\/strong><span>\u00a0<\/span><strong>durant la grossesse.<\/strong>\n<\/li>\n<\/ul>\n<ul>\n<li>Une formule<span>\u00a0<\/span><strong>synergique<\/strong>.<\/li>\n<li>Des ingr\u00e9dients<span>\u00a0<\/span><strong>sp\u00e9cifiques<\/strong><span>\u00a0<\/span>aux<span>\u00a0<\/span><strong>besoins f\u00e9minins<\/strong>.<\/li>\n<li>Du fer\u00a0<strong>100 % organique\u00a0<\/strong>\u0645\u0646 \u0627\u062c\u0644<span>\u00a0<\/span><strong>biodisponibilit\u00e9 optimale<\/strong>.<\/li>\n<\/ul>\n<div class=\"uabb-adv-accordion-button uabb-adv-accordion-button5b59bf7b13521 uabb-adv-after-text\">\n<h3 class=\"uabb-adv-accordion-button-label\">\u0637\u0631\u064a\u0642\u0629 \u0627\u0644\u0627\u0633\u062a\u062e\u062f\u0627\u0645:<\/h3>\n<\/div>\n<div class=\"uabb-adv-accordion-content uabb-adv-accordion-content5b59bf7b13521 fl-clearfix uabb-accordion-desc uabb-text-editor\">\n<p>Fer Acide folique est un compl\u00e9ment alimentaire r\u00e9serv\u00e9 \u00e0 l\u2019adulte.<\/p>\n<p>1 comprim\u00e9 par jour \u00e0 dissoudre dans un grand verre d\u2019eau, de pr\u00e9f\u00e9rence en dehors des repas. \u00c9viter de consommer du th\u00e9, du caf\u00e9 ou des produits laitiers dans l\u2019heure qui pr\u00e9c\u00e8de ou qui suit la prise pour garantir une bonne absorption.<\/p>\n<p><strong>\u0645\u0627 \u0647\u0648 \u0627\u0644\u0625\u064a\u062c\u0627\u0628\u064a\u061f<\/strong>\u00a0Un seul comprim\u00e9 par jour pour l\u2019\u00e9nergie f\u00e9minine !<\/p>\n<p>\u0645\u0646\u062a\u062c\u0627\u062a Biofar Vital \u0647\u064a<span>\u00a0<\/span><strong>\u062e\u0627\u0644\u064a \u0645\u0646 \u0627\u0644\u0633\u0643\u0631\u060c \u062e\u0627\u0644\u064a \u0645\u0646 \u0627\u0644\u0623\u0633\u0628\u0627\u0631\u062a\u0627\u0645\u060c \u062e\u0627\u0644\u064a \u0645\u0646 \u0627\u0644\u0645\u0644\u0648\u0646\u0627\u062a<span>\u00a0<\/span><\/strong>\u0648\u00a0<strong>\u0645\u0639 \u0637\u0639\u0645 \u0641\u0627\u0643\u0647\u064a \u062c\u064a\u062f.<\/strong><\/p>\n<p>\u0627\u0633\u0623\u0644 \u0627\u0644\u0635\u064a\u062f\u0644\u064a \u0623\u0648 \u0627\u0644\u0637\u0628\u064a\u0628 \u0644\u0644\u062d\u0635\u0648\u0644 \u0639\u0644\u0649 \u0627\u0644\u0645\u0634\u0648\u0631\u0629.<\/p>\n<\/div>","protected":false},"excerpt":{"rendered":"<p>Biofar Fer Acide Folique Pour L\u2019\u00e9nergie F\u00e9minine Une d\u00e9ficience en fer est fr\u00e9quente chez la femme et peut rapidement conduire \u00e0 une fatigue et un manque d\u2019\u00e9nergie. Chez la femme enceinte particuli\u00e8rement, il est vivement recommand\u00e9 de se suppl\u00e9menter en acide folique pour la bonne croissance du b\u00e9b\u00e9. \u00a0N\u2019attendez plus ! Les Laboratoires Biofar ont [&hellip;]<\/p>\n","protected":false},"featured_media":15725,"template":"","meta":{"om_disable_all_campaigns":false},"product_brand":[],"product_cat":[15],"product_tag":[],"class_list":{"0":"post-15726","1":"product","2":"type-product","3":"status-publish","4":"has-post-thumbnail","6":"product_cat-beaute-sante-complements-alimentaires-soins-et-bien-etre-au-meilleur-prix","8":"first","9":"instock","10":"sale","11":"taxable","12":"shipping-taxable","13":"purchasable","14":"product-type-simple"},"yoast_head":"<!-- This site is optimized with the Yoast SEO plugin v27.3 - https:\/\/yoast.com\/product\/yoast-seo-wordpress\/ -->\n<title>Biofar Fer Acide Folique 20 Comprim\u00e9s - Maroc Prix<\/title>\n<meta name=\"description\" content=\"Biofar Fer Acide Folique 20 Comprim\u00e9s\" \/>\n<meta name=\"robots\" content=\"index, follow, max-snippet:-1, max-image-preview:large, max-video-preview:-1\" \/>\n<link rel=\"canonical\" href=\"https:\/\/vitablanca.ma\/ar\/product-2\/biofar-fer-acide-folique-20-comprimes\/\" \/>\n<meta property=\"og:locale\" content=\"ar_AR\" \/>\n<meta property=\"og:type\" content=\"article\" \/>\n<meta property=\"og:title\" content=\"Biofar Fer Acide Folique 20 Comprim\u00e9s - Maroc Prix\" \/>\n<meta property=\"og:description\" content=\"Biofar Fer Acide Folique 20 Comprim\u00e9s\" \/>\n<meta property=\"og:url\" content=\"https:\/\/vitablanca.ma\/ar\/product-2\/biofar-fer-acide-folique-20-comprimes\/\" \/>\n<meta property=\"og:site_name\" content=\"Vitablanca.ma &ndash; Sant&eacute;, vitalit&eacute; et bien-&ecirc;tre pour tous les Marocains\" \/>\n<meta property=\"article:publisher\" content=\"https:\/\/www.facebook.com\/profile.php?id=61576678196717\" \/>\n<meta property=\"og:image\" content=\"https:\/\/vitablanca.ma\/wp-content\/uploads\/2025\/06\/Biofar-Fer-Acide-Folique-20-Comprimes-nova-parapharmacie-casablanca.jpg\" \/>\n\t<meta property=\"og:image:width\" content=\"1000\" \/>\n\t<meta property=\"og:image:height\" content=\"1000\" \/>\n\t<meta property=\"og:image:type\" content=\"image\/jpeg\" \/>\n<meta name=\"twitter:card\" content=\"summary_large_image\" \/>\n<meta name=\"twitter:label1\" content=\"\u0648\u0642\u062a \u0627\u0644\u0642\u0631\u0627\u0621\u0629 \u0627\u0644\u0645\u064f\u0642\u062f\u0651\u0631\" \/>\n\t<meta name=\"twitter:data1\" content=\"\u062f\u0642\u064a\u0642\u062a\u0627\u0646\" \/>\n<script type=\"application\/ld+json\" class=\"yoast-schema-graph\">{\"@context\":\"https:\\\/\\\/schema.org\",\"@graph\":[{\"@type\":[\"WebPage\",\"ItemPage\"],\"@id\":\"https:\\\/\\\/vitablanca.ma\\\/produit\\\/biofar-fer-acide-folique-20-comprimes\\\/\",\"url\":\"https:\\\/\\\/vitablanca.ma\\\/produit\\\/biofar-fer-acide-folique-20-comprimes\\\/\",\"name\":\"Biofar Fer Acide Folique 20 Comprim\u00e9s - Maroc Prix\",\"isPartOf\":{\"@id\":\"https:\\\/\\\/vitablanca.ma\\\/#website\"},\"primaryImageOfPage\":{\"@id\":\"https:\\\/\\\/vitablanca.ma\\\/produit\\\/biofar-fer-acide-folique-20-comprimes\\\/#primaryimage\"},\"image\":{\"@id\":\"https:\\\/\\\/vitablanca.ma\\\/produit\\\/biofar-fer-acide-folique-20-comprimes\\\/#primaryimage\"},\"thumbnailUrl\":\"https:\\\/\\\/vitablanca.ma\\\/wp-content\\\/uploads\\\/2025\\\/06\\\/Biofar-Fer-Acide-Folique-20-Comprimes-nova-parapharmacie-casablanca.jpg\",\"datePublished\":\"2025-06-10T16:31:51+00:00\",\"description\":\"Biofar Fer Acide Folique 20 Comprim\u00e9s\",\"breadcrumb\":{\"@id\":\"https:\\\/\\\/vitablanca.ma\\\/produit\\\/biofar-fer-acide-folique-20-comprimes\\\/#breadcrumb\"},\"inLanguage\":\"ar\",\"potentialAction\":[{\"@type\":\"ReadAction\",\"target\":[\"https:\\\/\\\/vitablanca.ma\\\/produit\\\/biofar-fer-acide-folique-20-comprimes\\\/\"]}]},{\"@type\":\"ImageObject\",\"inLanguage\":\"ar\",\"@id\":\"https:\\\/\\\/vitablanca.ma\\\/produit\\\/biofar-fer-acide-folique-20-comprimes\\\/#primaryimage\",\"url\":\"https:\\\/\\\/vitablanca.ma\\\/wp-content\\\/uploads\\\/2025\\\/06\\\/Biofar-Fer-Acide-Folique-20-Comprimes-nova-parapharmacie-casablanca.jpg\",\"contentUrl\":\"https:\\\/\\\/vitablanca.ma\\\/wp-content\\\/uploads\\\/2025\\\/06\\\/Biofar-Fer-Acide-Folique-20-Comprimes-nova-parapharmacie-casablanca.jpg\",\"width\":1000,\"height\":1000},{\"@type\":\"BreadcrumbList\",\"@id\":\"https:\\\/\\\/vitablanca.ma\\\/produit\\\/biofar-fer-acide-folique-20-comprimes\\\/#breadcrumb\",\"itemListElement\":[{\"@type\":\"ListItem\",\"position\":1,\"name\":\"Home\",\"item\":\"https:\\\/\\\/vitablanca.ma\\\/\"},{\"@type\":\"ListItem\",\"position\":2,\"name\":\"Tous Les Produits\",\"item\":\"https:\\\/\\\/vitablanca.ma\\\/tous-les-produits\\\/\"},{\"@type\":\"ListItem\",\"position\":3,\"name\":\"Biofar Fer Acide Folique 20 Comprim\u00e9s\"}]},{\"@type\":\"WebSite\",\"@id\":\"https:\\\/\\\/vitablanca.ma\\\/#website\",\"url\":\"https:\\\/\\\/vitablanca.ma\\\/\",\"name\":\"VitaBlanca.ma | Compl\u00e9ments alimentaires, sant\u00e9 & beaut\u00e9 au Maroc\",\"description\":\"vendre vitamines et compl\u00e9ments premium des USA &amp; Canada, Nouvelle Z\u00e9lande,Maroc (NOW Foods, Solgar, Manuka). Livraison rapide partout au Maroc.\",\"publisher\":{\"@id\":\"https:\\\/\\\/vitablanca.ma\\\/#organization\"},\"alternateName\":\"VitaBlanca.ma\",\"potentialAction\":[{\"@type\":\"SearchAction\",\"target\":{\"@type\":\"EntryPoint\",\"urlTemplate\":\"https:\\\/\\\/vitablanca.ma\\\/?s={search_term_string}\"},\"query-input\":{\"@type\":\"PropertyValueSpecification\",\"valueRequired\":true,\"valueName\":\"search_term_string\"}}],\"inLanguage\":\"ar\"},{\"@type\":\"Organization\",\"@id\":\"https:\\\/\\\/vitablanca.ma\\\/#organization\",\"name\":\"VitaBlanca\",\"url\":\"https:\\\/\\\/vitablanca.ma\\\/\",\"logo\":{\"@type\":\"ImageObject\",\"inLanguage\":\"ar\",\"@id\":\"https:\\\/\\\/vitablanca.ma\\\/#\\\/schema\\\/logo\\\/image\\\/\",\"url\":\"https:\\\/\\\/vitablanca.ma\\\/wp-content\\\/uploads\\\/2025\\\/05\\\/cropped-vitablanca.png\",\"contentUrl\":\"https:\\\/\\\/vitablanca.ma\\\/wp-content\\\/uploads\\\/2025\\\/05\\\/cropped-vitablanca.png\",\"width\":360,\"height\":67,\"caption\":\"VitaBlanca\"},\"image\":{\"@id\":\"https:\\\/\\\/vitablanca.ma\\\/#\\\/schema\\\/logo\\\/image\\\/\"},\"sameAs\":[\"https:\\\/\\\/www.facebook.com\\\/profile.php?id=61576678196717\",\"https:\\\/\\\/www.tiktok.com\\\/@vitablanca.ma\",\"https:\\\/\\\/www.instagram.com\\\/vitablanca.ma\\\/\"]}]}<\/script>\n<!-- \/ Yoast SEO plugin. -->","yoast_head_json":{"title":"Biofar Fer Acide Folique 20 Comprim\u00e9s - Maroc Prix","description":"Biofar Fer Acide Folique 20 Comprim\u00e9s","robots":{"index":"index","follow":"follow","max-snippet":"max-snippet:-1","max-image-preview":"max-image-preview:large","max-video-preview":"max-video-preview:-1"},"canonical":"https:\/\/vitablanca.ma\/ar\/product-2\/biofar-fer-acide-folique-20-comprimes\/","og_locale":"ar_AR","og_type":"article","og_title":"Biofar Fer Acide Folique 20 Comprim\u00e9s - Maroc Prix","og_description":"Biofar Fer Acide Folique 20 Comprim\u00e9s","og_url":"https:\/\/vitablanca.ma\/ar\/product-2\/biofar-fer-acide-folique-20-comprimes\/","og_site_name":"Vitablanca.ma &ndash; Sant&eacute;, vitalit&eacute; et bien-&ecirc;tre pour tous les Marocains","article_publisher":"https:\/\/www.facebook.com\/profile.php?id=61576678196717","og_image":[{"width":1000,"height":1000,"url":"https:\/\/vitablanca.ma\/wp-content\/uploads\/2025\/06\/Biofar-Fer-Acide-Folique-20-Comprimes-nova-parapharmacie-casablanca.jpg","type":"image\/jpeg"}],"twitter_card":"summary_large_image","twitter_misc":{"\u0648\u0642\u062a \u0627\u0644\u0642\u0631\u0627\u0621\u0629 \u0627\u0644\u0645\u064f\u0642\u062f\u0651\u0631":"\u062f\u0642\u064a\u0642\u062a\u0627\u0646"},"schema":{"@context":"https:\/\/schema.org","@graph":[{"@type":["WebPage","ItemPage"],"@id":"https:\/\/vitablanca.ma\/produit\/biofar-fer-acide-folique-20-comprimes\/","url":"https:\/\/vitablanca.ma\/produit\/biofar-fer-acide-folique-20-comprimes\/","name":"Biofar Fer Acide Folique 20 Comprim\u00e9s - Maroc Prix","isPartOf":{"@id":"https:\/\/vitablanca.ma\/#website"},"primaryImageOfPage":{"@id":"https:\/\/vitablanca.ma\/produit\/biofar-fer-acide-folique-20-comprimes\/#primaryimage"},"image":{"@id":"https:\/\/vitablanca.ma\/produit\/biofar-fer-acide-folique-20-comprimes\/#primaryimage"},"thumbnailUrl":"https:\/\/vitablanca.ma\/wp-content\/uploads\/2025\/06\/Biofar-Fer-Acide-Folique-20-Comprimes-nova-parapharmacie-casablanca.jpg","datePublished":"2025-06-10T16:31:51+00:00","description":"Biofar Fer Acide Folique 20 Comprim\u00e9s","breadcrumb":{"@id":"https:\/\/vitablanca.ma\/produit\/biofar-fer-acide-folique-20-comprimes\/#breadcrumb"},"inLanguage":"ar","potentialAction":[{"@type":"ReadAction","target":["https:\/\/vitablanca.ma\/produit\/biofar-fer-acide-folique-20-comprimes\/"]}]},{"@type":"ImageObject","inLanguage":"ar","@id":"https:\/\/vitablanca.ma\/produit\/biofar-fer-acide-folique-20-comprimes\/#primaryimage","url":"https:\/\/vitablanca.ma\/wp-content\/uploads\/2025\/06\/Biofar-Fer-Acide-Folique-20-Comprimes-nova-parapharmacie-casablanca.jpg","contentUrl":"https:\/\/vitablanca.ma\/wp-content\/uploads\/2025\/06\/Biofar-Fer-Acide-Folique-20-Comprimes-nova-parapharmacie-casablanca.jpg","width":1000,"height":1000},{"@type":"BreadcrumbList","@id":"https:\/\/vitablanca.ma\/produit\/biofar-fer-acide-folique-20-comprimes\/#breadcrumb","itemListElement":[{"@type":"ListItem","position":1,"name":"Home","item":"https:\/\/vitablanca.ma\/"},{"@type":"ListItem","position":2,"name":"Tous Les Produits","item":"https:\/\/vitablanca.ma\/tous-les-produits\/"},{"@type":"ListItem","position":3,"name":"Biofar Fer Acide Folique 20 Comprim\u00e9s"}]},{"@type":"WebSite","@id":"https:\/\/vitablanca.ma\/#website","url":"https:\/\/vitablanca.ma\/","name":"VitaBlanca.ma | \u0627\u0644\u0645\u0643\u0645\u0644\u0627\u062a \u0627\u0644\u063a\u0630\u0627\u0626\u064a\u0629\u060c \u0627\u0644\u0635\u062d\u0629 \u0648\u0627\u0644\u062c\u0645\u0627\u0644 \u0641\u064a \u0627\u0644\u0645\u063a\u0631\u0628","description":"\u0646\u0628\u064a\u0639 \u0641\u064a\u062a\u0627\u0645\u064a\u0646\u0627\u062a \u0648\u0645\u0643\u0645\u0644\u0627\u062a \u063a\u0630\u0627\u0626\u064a\u0629 \u0641\u0627\u062e\u0631\u0629 \u0645\u0646 \u0627\u0644\u0648\u0644\u0627\u064a\u0627\u062a \u0627\u0644\u0645\u062a\u062d\u062f\u0629 \u0627\u0644\u0623\u0645\u0631\u064a\u0643\u064a\u0629 \u0648\u0643\u0646\u062f\u0627 \u0648\u0646\u064a\u0648\u0632\u064a\u0644\u0646\u062f\u0627 \u0648\u0627\u0644\u0645\u063a\u0631\u0628 (\u0646\u0627\u0648 \u0641\u0648\u062f\u0632\u060c \u0633\u0648\u0644\u062c\u0627\u0631\u060c \u0645\u0627\u0646\u0648\u0643\u0627). \u062a\u0648\u0635\u064a\u0644 \u0633\u0631\u064a\u0639 \u0625\u0644\u0649 \u062c\u0645\u064a\u0639 \u0623\u0646\u062d\u0627\u0621 \u0627\u0644\u0645\u063a\u0631\u0628.","publisher":{"@id":"https:\/\/vitablanca.ma\/#organization"},"alternateName":"VitaBlanca.ma","potentialAction":[{"@type":"SearchAction","target":{"@type":"EntryPoint","urlTemplate":"https:\/\/vitablanca.ma\/?s={search_term_string}"},"query-input":{"@type":"PropertyValueSpecification","valueRequired":true,"valueName":"search_term_string"}}],"inLanguage":"ar"},{"@type":"Organization","@id":"https:\/\/vitablanca.ma\/#organization","name":"\u0641\u064a\u062a\u0627\u0628\u0644\u0627\u0646\u0643\u0627","url":"https:\/\/vitablanca.ma\/","logo":{"@type":"ImageObject","inLanguage":"ar","@id":"https:\/\/vitablanca.ma\/#\/schema\/logo\/image\/","url":"https:\/\/vitablanca.ma\/wp-content\/uploads\/2025\/05\/cropped-vitablanca.png","contentUrl":"https:\/\/vitablanca.ma\/wp-content\/uploads\/2025\/05\/cropped-vitablanca.png","width":360,"height":67,"caption":"VitaBlanca"},"image":{"@id":"https:\/\/vitablanca.ma\/#\/schema\/logo\/image\/"},"sameAs":["https:\/\/www.facebook.com\/profile.php?id=61576678196717","https:\/\/www.tiktok.com\/@vitablanca.ma","https:\/\/www.instagram.com\/vitablanca.ma\/"]}]}},"jetpack_sharing_enabled":true,"_links":{"self":[{"href":"https:\/\/vitablanca.ma\/ar\/wp-json\/wp\/v2\/product\/15726","targetHints":{"allow":["GET"]}}],"collection":[{"href":"https:\/\/vitablanca.ma\/ar\/wp-json\/wp\/v2\/product"}],"about":[{"href":"https:\/\/vitablanca.ma\/ar\/wp-json\/wp\/v2\/types\/product"}],"wp:featuredmedia":[{"embeddable":true,"href":"https:\/\/vitablanca.ma\/ar\/wp-json\/wp\/v2\/media\/15725"}],"wp:attachment":[{"href":"https:\/\/vitablanca.ma\/ar\/wp-json\/wp\/v2\/media?parent=15726"}],"wp:term":[{"taxonomy":"product_brand","embeddable":true,"href":"https:\/\/vitablanca.ma\/ar\/wp-json\/wp\/v2\/product_brand?post=15726"},{"taxonomy":"product_cat","embeddable":true,"href":"https:\/\/vitablanca.ma\/ar\/wp-json\/wp\/v2\/product_cat?post=15726"},{"taxonomy":"product_tag","embeddable":true,"href":"https:\/\/vitablanca.ma\/ar\/wp-json\/wp\/v2\/product_tag?post=15726"}],"curies":[{"name":"wp","href":"https:\/\/api.w.org\/{rel}","templated":true}]}}