{"id":15715,"date":"2025-06-10T16:31:36","date_gmt":"2025-06-10T16:31:36","guid":{"rendered":"https:\/\/vitablanca.ma\/product\/biofar-12-vitamine-12-mineraux-20-comprimes\/"},"modified":"2025-06-10T16:31:36","modified_gmt":"2025-06-10T16:31:36","slug":"biofar-12-vitamine-12-mineraux-20-comprimes","status":"publish","type":"product","link":"https:\/\/vitablanca.ma\/ar\/product-2\/biofar-12-vitamine-12-mineraux-20-comprimes\/","title":{"rendered":"Biofar 12 Vitamine 12 Min\u00e9raux 20 Comprim\u00e9s"},"content":{"rendered":"<h2><span data-mce-fragment=\"1\">Biofar 12 Vitamine 12\u00a0<span title=\"\u0627\u0644\u0645\u0639\u0627\u062f\u0646\" class=\"Polaris-Tag__TagText_lsfh6\" data-mce-fragment=\"1\">\u0627\u0644\u0645\u0639\u0627\u062f\u0646<\/span><\/span><\/h2>\n<p>La fatigue est le mal du si\u00e8cle, cons\u00e9quence des vies \u00e0 100 km\/h que nous menons. Vous la ressentez\u00a0? Les Laboratoires Biofar ont d\u00e9velopp\u00e9 pour vous \u00ab\u00a0<strong>12 vitamines 12 min\u00e9raux<\/strong>\u00a0\u00bb, une formule<span>\u00a0<\/span><strong>riche et compl\u00e8te<span>\u00a0<\/span><\/strong>\u0645\u0639 \u0627\u0644\u0637\u0639\u0645 \u0627\u0644\u062c\u064a\u062f<strong>orange sanguine<\/strong>, pour retrouver la forme.<br \/>20 \u0642\u0631\u0635\u064b\u0627<\/p>\n<p>\u0627\u0644\u062c\u0631\u0639\u0627\u062a<span>\u00a0<\/span><strong>\u0623\u0641\u0636\u0644<\/strong><span>\u00a0<\/span>\u0648<span>\u00a0<\/span><strong>\u0645\u062a\u0648\u0627\u0632\u0646<\/strong>, des min\u00e9raux<span>\u00a0<\/span><strong>100 % organiques<span>\u00a0<\/span><\/strong>(mieux assimil\u00e9s)\u2026 Les Laboratoires Biofar ont r\u00e9uni les \u00e9l\u00e9ments n\u00e9cessaires \u00e0 votre forme quotidienne. En effet, les actifs de cette formule contribuent :<\/p>\n<ul>\n<li>\u00e0 r\u00e9duire la fatigue (fer, magn\u00e9sium, vitamines B2, B3, B5, B6, B9, B12 et C).<\/li>\n<li>au m\u00e9tabolisme \u00e9nerg\u00e9tique (calcium, cuivre, fer, iode, magn\u00e9sium, mangan\u00e8se, phosphore, vitamines B1, B2, B3, B5, B6, B8, B12 et C).<\/li>\n<\/ul>\n<div class=\"uabb-adv-accordion-button uabb-adv-accordion-button5b59bf7b13521 uabb-adv-after-text\">\n<h3 class=\"uabb-adv-accordion-button-label\">\u0637\u0631\u064a\u0642\u0629 \u0627\u0644\u0627\u0633\u062a\u062e\u062f\u0627\u0645<\/h3>\n<\/div>\n<div class=\"uabb-adv-accordion-content uabb-adv-accordion-content5b59bf7b13521 fl-clearfix uabb-accordion-desc uabb-text-editor\">\n<p>12 vitamines 12 min\u00e9raux est un compl\u00e9ment alimentaire r\u00e9serv\u00e9 \u00e0 l\u2019adulte.<\/p>\n<p>1 comprim\u00e9 par jour \u00e0 dissoudre dans un grand verre d\u2019eau, de pr\u00e9f\u00e9rence le matin apr\u00e8s le petit-d\u00e9jeuner.<\/p>\n<p><strong>\u0645\u0627 \u0647\u0648 \u0627\u0644\u0625\u064a\u062c\u0627\u0628\u064a\u061f<\/strong>\u00a0Un seul comprim\u00e9 par jour pour \u00eatre en pleine forme !<\/p>\n<p>\u0645\u0646\u062a\u062c\u0627\u062a Biofar Vital \u0647\u064a<span>\u00a0<\/span><strong>\u062e\u0627\u0644\u064a \u0645\u0646 \u0627\u0644\u0633\u0643\u0631\u060c \u062e\u0627\u0644\u064a \u0645\u0646 \u0627\u0644\u0623\u0633\u0628\u0627\u0631\u062a\u0627\u0645\u060c \u062e\u0627\u0644\u064a \u0645\u0646 \u0627\u0644\u0645\u0644\u0648\u0646\u0627\u062a<span>\u00a0<\/span><\/strong>\u0648<span>\u00a0<\/span><strong>au bon go\u00fbt fruit\u00e9<\/strong>.<\/p>\n<p>\u0627\u0633\u0623\u0644 \u0627\u0644\u0635\u064a\u062f\u0644\u064a \u0623\u0648 \u0627\u0644\u0637\u0628\u064a\u0628 \u0644\u0644\u062d\u0635\u0648\u0644 \u0639\u0644\u0649 \u0627\u0644\u0645\u0634\u0648\u0631\u0629.<\/p>\n<\/div>","protected":false},"excerpt":{"rendered":"<p>Biofar 12 Vitamine 12\u00a0Min\u00e9raux La fatigue est le mal du si\u00e8cle, cons\u00e9quence des vies \u00e0 100 km\/h que nous menons. Vous la ressentez\u00a0? Les Laboratoires Biofar ont d\u00e9velopp\u00e9 pour vous \u00ab\u00a012 vitamines 12 min\u00e9raux\u00a0\u00bb, une formule\u00a0riche et compl\u00e8te\u00a0au bon go\u00fbt d\u2019orange sanguine, pour retrouver la forme.20 Comprim\u00e9s Des dosages\u00a0optimaux\u00a0et\u00a0\u00e9quilibr\u00e9s, des min\u00e9raux\u00a0100 % organiques\u00a0(mieux assimil\u00e9s)\u2026 Les [&hellip;]<\/p>\n","protected":false},"featured_media":15714,"template":"","meta":{"om_disable_all_campaigns":false},"product_brand":[],"product_cat":[15],"product_tag":[],"class_list":{"0":"post-15715","1":"product","2":"type-product","3":"status-publish","4":"has-post-thumbnail","6":"product_cat-beaute-sante-complements-alimentaires-soins-et-bien-etre-au-meilleur-prix","8":"first","9":"instock","10":"sale","11":"taxable","12":"shipping-taxable","13":"purchasable","14":"product-type-simple"},"yoast_head":"<!-- This site is optimized with the Yoast SEO plugin v27.4 - https:\/\/yoast.com\/product\/yoast-seo-wordpress\/ -->\n<title>Biofar 12 Vitamine 12 Min\u00e9raux 20 Comprim\u00e9s - Maroc Prix<\/title>\n<meta name=\"description\" content=\"Biofar 12 Vitamine 12 Min\u00e9raux 20 Comprim\u00e9s\" \/>\n<meta name=\"robots\" content=\"index, follow, max-snippet:-1, max-image-preview:large, max-video-preview:-1\" \/>\n<link rel=\"canonical\" href=\"https:\/\/vitablanca.ma\/ar\/product-2\/biofar-12-vitamine-12-mineraux-20-comprimes\/\" \/>\n<meta property=\"og:locale\" content=\"ar_AR\" \/>\n<meta property=\"og:type\" content=\"article\" \/>\n<meta property=\"og:title\" content=\"Biofar 12 Vitamine 12 Min\u00e9raux 20 Comprim\u00e9s - Maroc Prix\" \/>\n<meta property=\"og:description\" content=\"Biofar 12 Vitamine 12 Min\u00e9raux 20 Comprim\u00e9s\" \/>\n<meta property=\"og:url\" content=\"https:\/\/vitablanca.ma\/ar\/product-2\/biofar-12-vitamine-12-mineraux-20-comprimes\/\" \/>\n<meta property=\"og:site_name\" content=\"Vitablanca.ma &ndash; Sant&eacute;, vitalit&eacute; et bien-&ecirc;tre pour tous les Marocains\" \/>\n<meta property=\"article:publisher\" content=\"https:\/\/www.facebook.com\/profile.php?id=61576678196717\" \/>\n<meta property=\"og:image\" content=\"https:\/\/vitablanca.ma\/wp-content\/uploads\/2025\/06\/Biofar-12-Vitamine-12-Mineraux-20-Comprimes-nova-parapharmacie-casablanca.jpg\" \/>\n\t<meta property=\"og:image:width\" content=\"1000\" \/>\n\t<meta property=\"og:image:height\" content=\"1000\" \/>\n\t<meta property=\"og:image:type\" content=\"image\/jpeg\" \/>\n<meta name=\"twitter:card\" content=\"summary_large_image\" \/>\n<meta name=\"twitter:label1\" content=\"\u0648\u0642\u062a \u0627\u0644\u0642\u0631\u0627\u0621\u0629 \u0627\u0644\u0645\u064f\u0642\u062f\u0651\u0631\" \/>\n\t<meta name=\"twitter:data1\" content=\"\u062f\u0642\u064a\u0642\u0629 \u0648\u0627\u062d\u062f\u0629\" \/>\n<script type=\"application\/ld+json\" class=\"yoast-schema-graph\">{\"@context\":\"https:\\\/\\\/schema.org\",\"@graph\":[{\"@type\":[\"WebPage\",\"ItemPage\"],\"@id\":\"https:\\\/\\\/vitablanca.ma\\\/produit\\\/biofar-12-vitamine-12-mineraux-20-comprimes\\\/\",\"url\":\"https:\\\/\\\/vitablanca.ma\\\/produit\\\/biofar-12-vitamine-12-mineraux-20-comprimes\\\/\",\"name\":\"Biofar 12 Vitamine 12 Min\u00e9raux 20 Comprim\u00e9s - Maroc Prix\",\"isPartOf\":{\"@id\":\"https:\\\/\\\/vitablanca.ma\\\/#website\"},\"primaryImageOfPage\":{\"@id\":\"https:\\\/\\\/vitablanca.ma\\\/produit\\\/biofar-12-vitamine-12-mineraux-20-comprimes\\\/#primaryimage\"},\"image\":{\"@id\":\"https:\\\/\\\/vitablanca.ma\\\/produit\\\/biofar-12-vitamine-12-mineraux-20-comprimes\\\/#primaryimage\"},\"thumbnailUrl\":\"https:\\\/\\\/vitablanca.ma\\\/wp-content\\\/uploads\\\/2025\\\/06\\\/Biofar-12-Vitamine-12-Mineraux-20-Comprimes-nova-parapharmacie-casablanca.jpg\",\"datePublished\":\"2025-06-10T16:31:36+00:00\",\"description\":\"Biofar 12 Vitamine 12 Min\u00e9raux 20 Comprim\u00e9s\",\"breadcrumb\":{\"@id\":\"https:\\\/\\\/vitablanca.ma\\\/produit\\\/biofar-12-vitamine-12-mineraux-20-comprimes\\\/#breadcrumb\"},\"inLanguage\":\"ar\",\"potentialAction\":[{\"@type\":\"ReadAction\",\"target\":[\"https:\\\/\\\/vitablanca.ma\\\/produit\\\/biofar-12-vitamine-12-mineraux-20-comprimes\\\/\"]}]},{\"@type\":\"ImageObject\",\"inLanguage\":\"ar\",\"@id\":\"https:\\\/\\\/vitablanca.ma\\\/produit\\\/biofar-12-vitamine-12-mineraux-20-comprimes\\\/#primaryimage\",\"url\":\"https:\\\/\\\/vitablanca.ma\\\/wp-content\\\/uploads\\\/2025\\\/06\\\/Biofar-12-Vitamine-12-Mineraux-20-Comprimes-nova-parapharmacie-casablanca.jpg\",\"contentUrl\":\"https:\\\/\\\/vitablanca.ma\\\/wp-content\\\/uploads\\\/2025\\\/06\\\/Biofar-12-Vitamine-12-Mineraux-20-Comprimes-nova-parapharmacie-casablanca.jpg\",\"width\":1000,\"height\":1000},{\"@type\":\"BreadcrumbList\",\"@id\":\"https:\\\/\\\/vitablanca.ma\\\/produit\\\/biofar-12-vitamine-12-mineraux-20-comprimes\\\/#breadcrumb\",\"itemListElement\":[{\"@type\":\"ListItem\",\"position\":1,\"name\":\"Home\",\"item\":\"https:\\\/\\\/vitablanca.ma\\\/\"},{\"@type\":\"ListItem\",\"position\":2,\"name\":\"Tous Les Produits\",\"item\":\"https:\\\/\\\/vitablanca.ma\\\/tous-les-produits\\\/\"},{\"@type\":\"ListItem\",\"position\":3,\"name\":\"Biofar 12 Vitamine 12 Min\u00e9raux 20 Comprim\u00e9s\"}]},{\"@type\":\"WebSite\",\"@id\":\"https:\\\/\\\/vitablanca.ma\\\/#website\",\"url\":\"https:\\\/\\\/vitablanca.ma\\\/\",\"name\":\"VitaBlanca.ma | Compl\u00e9ments alimentaires, sant\u00e9 & beaut\u00e9 au Maroc\",\"description\":\"vendre vitamines et compl\u00e9ments premium des USA &amp; Canada, Nouvelle Z\u00e9lande,Maroc (NOW Foods, Solgar, Manuka). Livraison rapide partout au Maroc.\",\"publisher\":{\"@id\":\"https:\\\/\\\/vitablanca.ma\\\/#organization\"},\"alternateName\":\"VitaBlanca.ma\",\"potentialAction\":[{\"@type\":\"SearchAction\",\"target\":{\"@type\":\"EntryPoint\",\"urlTemplate\":\"https:\\\/\\\/vitablanca.ma\\\/?s={search_term_string}\"},\"query-input\":{\"@type\":\"PropertyValueSpecification\",\"valueRequired\":true,\"valueName\":\"search_term_string\"}}],\"inLanguage\":\"ar\"},{\"@type\":\"Organization\",\"@id\":\"https:\\\/\\\/vitablanca.ma\\\/#organization\",\"name\":\"VitaBlanca\",\"url\":\"https:\\\/\\\/vitablanca.ma\\\/\",\"logo\":{\"@type\":\"ImageObject\",\"inLanguage\":\"ar\",\"@id\":\"https:\\\/\\\/vitablanca.ma\\\/#\\\/schema\\\/logo\\\/image\\\/\",\"url\":\"https:\\\/\\\/vitablanca.ma\\\/wp-content\\\/uploads\\\/2025\\\/05\\\/cropped-vitablanca.png\",\"contentUrl\":\"https:\\\/\\\/vitablanca.ma\\\/wp-content\\\/uploads\\\/2025\\\/05\\\/cropped-vitablanca.png\",\"width\":360,\"height\":67,\"caption\":\"VitaBlanca\"},\"image\":{\"@id\":\"https:\\\/\\\/vitablanca.ma\\\/#\\\/schema\\\/logo\\\/image\\\/\"},\"sameAs\":[\"https:\\\/\\\/www.facebook.com\\\/profile.php?id=61576678196717\",\"https:\\\/\\\/www.tiktok.com\\\/@vitablanca.ma\",\"https:\\\/\\\/www.instagram.com\\\/vitablanca.ma\\\/\"]}]}<\/script>\n<!-- \/ Yoast SEO plugin. -->","yoast_head_json":{"title":"Biofar 12 Vitamine 12 Min\u00e9raux 20 Comprim\u00e9s - Maroc Prix","description":"Biofar 12 Vitamine 12 Min\u00e9raux 20 Comprim\u00e9s","robots":{"index":"index","follow":"follow","max-snippet":"max-snippet:-1","max-image-preview":"max-image-preview:large","max-video-preview":"max-video-preview:-1"},"canonical":"https:\/\/vitablanca.ma\/ar\/product-2\/biofar-12-vitamine-12-mineraux-20-comprimes\/","og_locale":"ar_AR","og_type":"article","og_title":"Biofar 12 Vitamine 12 Min\u00e9raux 20 Comprim\u00e9s - Maroc Prix","og_description":"Biofar 12 Vitamine 12 Min\u00e9raux 20 Comprim\u00e9s","og_url":"https:\/\/vitablanca.ma\/ar\/product-2\/biofar-12-vitamine-12-mineraux-20-comprimes\/","og_site_name":"Vitablanca.ma &ndash; Sant&eacute;, vitalit&eacute; et bien-&ecirc;tre pour tous les Marocains","article_publisher":"https:\/\/www.facebook.com\/profile.php?id=61576678196717","og_image":[{"width":1000,"height":1000,"url":"https:\/\/vitablanca.ma\/wp-content\/uploads\/2025\/06\/Biofar-12-Vitamine-12-Mineraux-20-Comprimes-nova-parapharmacie-casablanca.jpg","type":"image\/jpeg"}],"twitter_card":"summary_large_image","twitter_misc":{"\u0648\u0642\u062a \u0627\u0644\u0642\u0631\u0627\u0621\u0629 \u0627\u0644\u0645\u064f\u0642\u062f\u0651\u0631":"\u062f\u0642\u064a\u0642\u0629 \u0648\u0627\u062d\u062f\u0629"},"schema":{"@context":"https:\/\/schema.org","@graph":[{"@type":["WebPage","ItemPage"],"@id":"https:\/\/vitablanca.ma\/produit\/biofar-12-vitamine-12-mineraux-20-comprimes\/","url":"https:\/\/vitablanca.ma\/produit\/biofar-12-vitamine-12-mineraux-20-comprimes\/","name":"Biofar 12 Vitamine 12 Min\u00e9raux 20 Comprim\u00e9s - Maroc Prix","isPartOf":{"@id":"https:\/\/vitablanca.ma\/#website"},"primaryImageOfPage":{"@id":"https:\/\/vitablanca.ma\/produit\/biofar-12-vitamine-12-mineraux-20-comprimes\/#primaryimage"},"image":{"@id":"https:\/\/vitablanca.ma\/produit\/biofar-12-vitamine-12-mineraux-20-comprimes\/#primaryimage"},"thumbnailUrl":"https:\/\/vitablanca.ma\/wp-content\/uploads\/2025\/06\/Biofar-12-Vitamine-12-Mineraux-20-Comprimes-nova-parapharmacie-casablanca.jpg","datePublished":"2025-06-10T16:31:36+00:00","description":"Biofar 12 Vitamine 12 Min\u00e9raux 20 Comprim\u00e9s","breadcrumb":{"@id":"https:\/\/vitablanca.ma\/produit\/biofar-12-vitamine-12-mineraux-20-comprimes\/#breadcrumb"},"inLanguage":"ar","potentialAction":[{"@type":"ReadAction","target":["https:\/\/vitablanca.ma\/produit\/biofar-12-vitamine-12-mineraux-20-comprimes\/"]}]},{"@type":"ImageObject","inLanguage":"ar","@id":"https:\/\/vitablanca.ma\/produit\/biofar-12-vitamine-12-mineraux-20-comprimes\/#primaryimage","url":"https:\/\/vitablanca.ma\/wp-content\/uploads\/2025\/06\/Biofar-12-Vitamine-12-Mineraux-20-Comprimes-nova-parapharmacie-casablanca.jpg","contentUrl":"https:\/\/vitablanca.ma\/wp-content\/uploads\/2025\/06\/Biofar-12-Vitamine-12-Mineraux-20-Comprimes-nova-parapharmacie-casablanca.jpg","width":1000,"height":1000},{"@type":"BreadcrumbList","@id":"https:\/\/vitablanca.ma\/produit\/biofar-12-vitamine-12-mineraux-20-comprimes\/#breadcrumb","itemListElement":[{"@type":"ListItem","position":1,"name":"Home","item":"https:\/\/vitablanca.ma\/"},{"@type":"ListItem","position":2,"name":"Tous Les Produits","item":"https:\/\/vitablanca.ma\/tous-les-produits\/"},{"@type":"ListItem","position":3,"name":"Biofar 12 Vitamine 12 Min\u00e9raux 20 Comprim\u00e9s"}]},{"@type":"WebSite","@id":"https:\/\/vitablanca.ma\/#website","url":"https:\/\/vitablanca.ma\/","name":"VitaBlanca.ma | \u0627\u0644\u0645\u0643\u0645\u0644\u0627\u062a \u0627\u0644\u063a\u0630\u0627\u0626\u064a\u0629\u060c \u0627\u0644\u0635\u062d\u0629 \u0648\u0627\u0644\u062c\u0645\u0627\u0644 \u0641\u064a \u0627\u0644\u0645\u063a\u0631\u0628","description":"\u0646\u0628\u064a\u0639 \u0641\u064a\u062a\u0627\u0645\u064a\u0646\u0627\u062a \u0648\u0645\u0643\u0645\u0644\u0627\u062a \u063a\u0630\u0627\u0626\u064a\u0629 \u0641\u0627\u062e\u0631\u0629 \u0645\u0646 \u0627\u0644\u0648\u0644\u0627\u064a\u0627\u062a \u0627\u0644\u0645\u062a\u062d\u062f\u0629 \u0627\u0644\u0623\u0645\u0631\u064a\u0643\u064a\u0629 \u0648\u0643\u0646\u062f\u0627 \u0648\u0646\u064a\u0648\u0632\u064a\u0644\u0646\u062f\u0627 \u0648\u0627\u0644\u0645\u063a\u0631\u0628 (\u0646\u0627\u0648 \u0641\u0648\u062f\u0632\u060c \u0633\u0648\u0644\u062c\u0627\u0631\u060c \u0645\u0627\u0646\u0648\u0643\u0627). \u062a\u0648\u0635\u064a\u0644 \u0633\u0631\u064a\u0639 \u0625\u0644\u0649 \u062c\u0645\u064a\u0639 \u0623\u0646\u062d\u0627\u0621 \u0627\u0644\u0645\u063a\u0631\u0628.","publisher":{"@id":"https:\/\/vitablanca.ma\/#organization"},"alternateName":"VitaBlanca.ma","potentialAction":[{"@type":"SearchAction","target":{"@type":"EntryPoint","urlTemplate":"https:\/\/vitablanca.ma\/?s={search_term_string}"},"query-input":{"@type":"PropertyValueSpecification","valueRequired":true,"valueName":"search_term_string"}}],"inLanguage":"ar"},{"@type":"Organization","@id":"https:\/\/vitablanca.ma\/#organization","name":"\u0641\u064a\u062a\u0627\u0628\u0644\u0627\u0646\u0643\u0627","url":"https:\/\/vitablanca.ma\/","logo":{"@type":"ImageObject","inLanguage":"ar","@id":"https:\/\/vitablanca.ma\/#\/schema\/logo\/image\/","url":"https:\/\/vitablanca.ma\/wp-content\/uploads\/2025\/05\/cropped-vitablanca.png","contentUrl":"https:\/\/vitablanca.ma\/wp-content\/uploads\/2025\/05\/cropped-vitablanca.png","width":360,"height":67,"caption":"VitaBlanca"},"image":{"@id":"https:\/\/vitablanca.ma\/#\/schema\/logo\/image\/"},"sameAs":["https:\/\/www.facebook.com\/profile.php?id=61576678196717","https:\/\/www.tiktok.com\/@vitablanca.ma","https:\/\/www.instagram.com\/vitablanca.ma\/"]}]}},"jetpack_sharing_enabled":true,"_links":{"self":[{"href":"https:\/\/vitablanca.ma\/ar\/wp-json\/wp\/v2\/product\/15715","targetHints":{"allow":["GET"]}}],"collection":[{"href":"https:\/\/vitablanca.ma\/ar\/wp-json\/wp\/v2\/product"}],"about":[{"href":"https:\/\/vitablanca.ma\/ar\/wp-json\/wp\/v2\/types\/product"}],"wp:featuredmedia":[{"embeddable":true,"href":"https:\/\/vitablanca.ma\/ar\/wp-json\/wp\/v2\/media\/15714"}],"wp:attachment":[{"href":"https:\/\/vitablanca.ma\/ar\/wp-json\/wp\/v2\/media?parent=15715"}],"wp:term":[{"taxonomy":"product_brand","embeddable":true,"href":"https:\/\/vitablanca.ma\/ar\/wp-json\/wp\/v2\/product_brand?post=15715"},{"taxonomy":"product_cat","embeddable":true,"href":"https:\/\/vitablanca.ma\/ar\/wp-json\/wp\/v2\/product_cat?post=15715"},{"taxonomy":"product_tag","embeddable":true,"href":"https:\/\/vitablanca.ma\/ar\/wp-json\/wp\/v2\/product_tag?post=15715"}],"curies":[{"name":"wp","href":"https:\/\/api.w.org\/{rel}","templated":true}]}}