{"id":15712,"date":"2025-06-10T16:31:10","date_gmt":"2025-06-10T16:31:10","guid":{"rendered":"https:\/\/vitablanca.ma\/product\/bioderma-photoderm-brume-invisible-spf50-150ml\/"},"modified":"2026-01-21T18:15:40","modified_gmt":"2026-01-21T18:15:40","slug":"bioderma-photoderm-brume-invisible-spf50-150ml","status":"publish","type":"product","link":"https:\/\/vitablanca.ma\/ar\/product-2\/bioderma-photoderm-brume-invisible-spf50-150ml\/","title":{"rendered":"Bioderma Photoderm Brume Invisible SPF50+ 150ml"},"content":{"rendered":"<h2>Bioderma Photoderm Brume Invisible SPF50+\u00a0<span data-mce-fragment=\"1\">Procure un effet rafra\u00eechissant imm\u00e9diat<\/span><br \/>\n<\/h2>\n<p>Pour toute la famille (enfants de plus de 3\u00a0ans)<\/p>\n<p>\u0641\u0648\u0627\u0626\u062f<\/p>\n<li><span lang=\"fr\" xml:lang=\"fr\">Garantit une tr\u00e8s haute protection UVA\/UVB<\/span><\/li>\n<li><span lang=\"fr\" xml:lang=\"fr\">PROTECTION CELLULAIRE : prot\u00e8ge les cellules du stress oxydatif gr\u00e2ce \u00e0 la vitamine E antioxydante<\/span><\/li>\n<li><span lang=\"fr\" xml:lang=\"fr\">8h d&rsquo;hydratation<\/span><\/li>\n<li><span lang=\"fr\" xml:lang=\"fr\">Procure un effet rafra\u00eechissant imm\u00e9diat<\/span><\/li>\n<li><span lang=\"fr\" xml:lang=\"fr\">Application facile, m\u00eame \u00e0 l&rsquo;envers, sans \u00e9talement\u00a0<\/span><\/li>\n<p><span lang=\"fr\" xml:lang=\"fr\">Pour le visage &amp; le corps &#8211; Fini invisible &#8211; Non collant &#8211; Non gras &#8211; P\u00e9n\u00e8tre rapidement &#8211; Parfum\u00e9 &#8211; Tr\u00e8s bonne tol\u00e9rance &#8211; Non com\u00e9dog\u00e8ne &#8211; Applicable sur peau humide ou s\u00e8che &#8211; Tr\u00e8s r\u00e9sistant \u00e0 l&rsquo;eau et \u00e0 la transpiration<br \/><\/span><\/p>\n<h3><span>\u0637\u0631\u064a\u0642\u0629 \u0627\u0644\u0627\u0633\u062a\u062e\u062f\u0627\u0645<\/span><\/h3>\n<div class=\"no-treatment\" id=\"div1\">\n<div class=\"no-treatment\" id=\"div1\">\n<p><span lang=\"fr\" xml:lang=\"fr\">Appliquer plusieurs fois par jour en cas d&rsquo;exposition au soleil. Peut \u00eatre appliqu\u00e9 sur le visage et le corps.<\/span><\/p>\n<ul class=\"step-list\">\n<li>\n<strong>\u0627\u0644\u062e\u0637\u0648\u0629 1:\u00a0<\/strong>Vaporiser g\u00e9n\u00e9reusement avant l&rsquo;exposition au soleil (une petite quantit\u00e9 de produit diminue le niveau de protection solaire).<\/li>\n<li>\n<strong>\u0627\u0644\u062e\u0637\u0648\u0629 2:\u00a0<\/strong>Renouveler l&rsquo;application apr\u00e8s baignade ou friction.<\/li>\n<li>\n<strong>\u0627\u0644\u062e\u0637\u0648\u0629 3:\u00a0<\/strong>Vaporiser dans le creux de la main avant d&rsquo;appliquer sur le visage.<\/li>\n<\/ul>\n<\/div>\n<div class=\"small\">\n<p><span lang=\"fr\" xml:lang=\"fr\">Eviter le contact avec les tissus. Pour les enfants de plus de 3 ans. Gardez les b\u00e9b\u00e9s et les jeunes enfants \u00e0 l&rsquo;abri du soleil. Encouragez les enfants \u00e0 porter des v\u00eatements de protection et \u00e0 utiliser le produit sur des zones non couvertes. Une surexposition au soleil peut nuire \u00e0 la sant\u00e9. Ne restez pas trop longtemps au soleil.<\/span><\/p>\n<\/div>\n<\/div>\n<div class=\"small\"><\/div>\n<div id=\"div1\" class=\"no-treatment\">\n<div class=\"small\"><\/div>\n<\/div>","protected":false},"excerpt":{"rendered":"<p>Bioderma Photoderm Brume Invisible SPF50+\u00a0Procure un effet rafra\u00eechissant imm\u00e9diat Pour toute la famille (enfants de plus de 3\u00a0ans) B\u00e9n\u00e9fices Garantit une tr\u00e8s haute protection UVA\/UVB PROTECTION CELLULAIRE : prot\u00e8ge les cellules du stress oxydatif gr\u00e2ce \u00e0 la vitamine E antioxydante 8h d&rsquo;hydratation Procure un effet rafra\u00eechissant imm\u00e9diat Application facile, m\u00eame \u00e0 l&rsquo;envers, sans \u00e9talement\u00a0 Pour [&hellip;]<\/p>\n","protected":false},"featured_media":15711,"template":"","meta":{"om_disable_all_campaigns":false},"product_brand":[5990],"product_cat":[18,15],"product_tag":[5991,5992],"class_list":{"0":"post-15712","1":"product","2":"type-product","3":"status-publish","4":"has-post-thumbnail","6":"product_brand-bioderma-original-maroc-au-meilleur-prix","7":"product_cat-beaute-sante","8":"product_cat-beaute-sante-complements-alimentaires-soins-et-bien-etre-au-meilleur-prix","9":"product_tag-bioderma","10":"product_tag-bioderma-maroc","12":"first","13":"instock","14":"sale","15":"taxable","16":"shipping-taxable","17":"purchasable","18":"product-type-simple"},"yoast_head":"<!-- This site is optimized with the Yoast SEO plugin v27.4 - https:\/\/yoast.com\/product\/yoast-seo-wordpress\/ -->\n<title>Bioderma Photoderm Brume Invisible SPF50+ 150ml - Maroc Prix<\/title>\n<meta name=\"description\" content=\"Bioderma Photoderm Brume Invisible SPF50+ 150ml\" \/>\n<meta name=\"robots\" content=\"index, follow, max-snippet:-1, max-image-preview:large, max-video-preview:-1\" \/>\n<link rel=\"canonical\" href=\"https:\/\/vitablanca.ma\/ar\/product-2\/bioderma-photoderm-brume-invisible-spf50-150ml\/\" \/>\n<meta property=\"og:locale\" content=\"ar_AR\" \/>\n<meta property=\"og:type\" content=\"article\" \/>\n<meta property=\"og:title\" content=\"Bioderma Photoderm Brume Invisible SPF50+ 150ml - Maroc Prix\" \/>\n<meta property=\"og:description\" content=\"Bioderma Photoderm Brume Invisible SPF50+ 150ml\" \/>\n<meta property=\"og:url\" content=\"https:\/\/vitablanca.ma\/ar\/product-2\/bioderma-photoderm-brume-invisible-spf50-150ml\/\" \/>\n<meta property=\"og:site_name\" content=\"Vitablanca.ma &ndash; Sant&eacute;, vitalit&eacute; et bien-&ecirc;tre pour tous les Marocains\" \/>\n<meta property=\"article:publisher\" content=\"https:\/\/www.facebook.com\/profile.php?id=61576678196717\" \/>\n<meta property=\"article:modified_time\" content=\"2026-01-21T18:15:40+00:00\" \/>\n<meta property=\"og:image\" content=\"https:\/\/vitablanca.ma\/wp-content\/uploads\/2025\/06\/Bioderma-Photoderm-Brume-Invisible-SPF50_-150ml-Nova-para-prix-Maroc.jpg\" \/>\n\t<meta property=\"og:image:width\" content=\"1000\" \/>\n\t<meta property=\"og:image:height\" content=\"1000\" \/>\n\t<meta property=\"og:image:type\" content=\"image\/jpeg\" \/>\n<meta name=\"twitter:card\" content=\"summary_large_image\" \/>\n<meta name=\"twitter:label1\" content=\"\u0648\u0642\u062a \u0627\u0644\u0642\u0631\u0627\u0621\u0629 \u0627\u0644\u0645\u064f\u0642\u062f\u0651\u0631\" \/>\n\t<meta name=\"twitter:data1\" content=\"\u062f\u0642\u064a\u0642\u0629 \u0648\u0627\u062d\u062f\u0629\" \/>\n<script type=\"application\/ld+json\" class=\"yoast-schema-graph\">{\"@context\":\"https:\\\/\\\/schema.org\",\"@graph\":[{\"@type\":[\"WebPage\",\"ItemPage\"],\"@id\":\"https:\\\/\\\/vitablanca.ma\\\/produit\\\/bioderma-photoderm-brume-invisible-spf50-150ml\\\/\",\"url\":\"https:\\\/\\\/vitablanca.ma\\\/produit\\\/bioderma-photoderm-brume-invisible-spf50-150ml\\\/\",\"name\":\"Bioderma Photoderm Brume Invisible SPF50+ 150ml - Maroc Prix\",\"isPartOf\":{\"@id\":\"https:\\\/\\\/vitablanca.ma\\\/#website\"},\"primaryImageOfPage\":{\"@id\":\"https:\\\/\\\/vitablanca.ma\\\/produit\\\/bioderma-photoderm-brume-invisible-spf50-150ml\\\/#primaryimage\"},\"image\":{\"@id\":\"https:\\\/\\\/vitablanca.ma\\\/produit\\\/bioderma-photoderm-brume-invisible-spf50-150ml\\\/#primaryimage\"},\"thumbnailUrl\":\"https:\\\/\\\/vitablanca.ma\\\/wp-content\\\/uploads\\\/2025\\\/06\\\/Bioderma-Photoderm-Brume-Invisible-SPF50_-150ml-Nova-para-prix-Maroc.jpg\",\"datePublished\":\"2025-06-10T16:31:10+00:00\",\"dateModified\":\"2026-01-21T18:15:40+00:00\",\"description\":\"Bioderma Photoderm Brume Invisible SPF50+ 150ml\",\"breadcrumb\":{\"@id\":\"https:\\\/\\\/vitablanca.ma\\\/produit\\\/bioderma-photoderm-brume-invisible-spf50-150ml\\\/#breadcrumb\"},\"inLanguage\":\"ar\",\"potentialAction\":[{\"@type\":\"ReadAction\",\"target\":[\"https:\\\/\\\/vitablanca.ma\\\/produit\\\/bioderma-photoderm-brume-invisible-spf50-150ml\\\/\"]}]},{\"@type\":\"ImageObject\",\"inLanguage\":\"ar\",\"@id\":\"https:\\\/\\\/vitablanca.ma\\\/produit\\\/bioderma-photoderm-brume-invisible-spf50-150ml\\\/#primaryimage\",\"url\":\"https:\\\/\\\/vitablanca.ma\\\/wp-content\\\/uploads\\\/2025\\\/06\\\/Bioderma-Photoderm-Brume-Invisible-SPF50_-150ml-Nova-para-prix-Maroc.jpg\",\"contentUrl\":\"https:\\\/\\\/vitablanca.ma\\\/wp-content\\\/uploads\\\/2025\\\/06\\\/Bioderma-Photoderm-Brume-Invisible-SPF50_-150ml-Nova-para-prix-Maroc.jpg\",\"width\":1000,\"height\":1000},{\"@type\":\"BreadcrumbList\",\"@id\":\"https:\\\/\\\/vitablanca.ma\\\/produit\\\/bioderma-photoderm-brume-invisible-spf50-150ml\\\/#breadcrumb\",\"itemListElement\":[{\"@type\":\"ListItem\",\"position\":1,\"name\":\"Home\",\"item\":\"https:\\\/\\\/vitablanca.ma\\\/\"},{\"@type\":\"ListItem\",\"position\":2,\"name\":\"Tous Les Produits\",\"item\":\"https:\\\/\\\/vitablanca.ma\\\/tous-les-produits\\\/\"},{\"@type\":\"ListItem\",\"position\":3,\"name\":\"Bioderma Photoderm Brume Invisible SPF50+ 150ml\"}]},{\"@type\":\"WebSite\",\"@id\":\"https:\\\/\\\/vitablanca.ma\\\/#website\",\"url\":\"https:\\\/\\\/vitablanca.ma\\\/\",\"name\":\"VitaBlanca.ma | Compl\u00e9ments alimentaires, sant\u00e9 & beaut\u00e9 au Maroc\",\"description\":\"vendre vitamines et compl\u00e9ments premium des USA &amp; Canada, Nouvelle Z\u00e9lande,Maroc (NOW Foods, Solgar, Manuka). Livraison rapide partout au Maroc.\",\"publisher\":{\"@id\":\"https:\\\/\\\/vitablanca.ma\\\/#organization\"},\"alternateName\":\"VitaBlanca.ma\",\"potentialAction\":[{\"@type\":\"SearchAction\",\"target\":{\"@type\":\"EntryPoint\",\"urlTemplate\":\"https:\\\/\\\/vitablanca.ma\\\/?s={search_term_string}\"},\"query-input\":{\"@type\":\"PropertyValueSpecification\",\"valueRequired\":true,\"valueName\":\"search_term_string\"}}],\"inLanguage\":\"ar\"},{\"@type\":\"Organization\",\"@id\":\"https:\\\/\\\/vitablanca.ma\\\/#organization\",\"name\":\"VitaBlanca\",\"url\":\"https:\\\/\\\/vitablanca.ma\\\/\",\"logo\":{\"@type\":\"ImageObject\",\"inLanguage\":\"ar\",\"@id\":\"https:\\\/\\\/vitablanca.ma\\\/#\\\/schema\\\/logo\\\/image\\\/\",\"url\":\"https:\\\/\\\/vitablanca.ma\\\/wp-content\\\/uploads\\\/2025\\\/05\\\/cropped-vitablanca.png\",\"contentUrl\":\"https:\\\/\\\/vitablanca.ma\\\/wp-content\\\/uploads\\\/2025\\\/05\\\/cropped-vitablanca.png\",\"width\":360,\"height\":67,\"caption\":\"VitaBlanca\"},\"image\":{\"@id\":\"https:\\\/\\\/vitablanca.ma\\\/#\\\/schema\\\/logo\\\/image\\\/\"},\"sameAs\":[\"https:\\\/\\\/www.facebook.com\\\/profile.php?id=61576678196717\",\"https:\\\/\\\/www.tiktok.com\\\/@vitablanca.ma\",\"https:\\\/\\\/www.instagram.com\\\/vitablanca.ma\\\/\"]}]}<\/script>\n<!-- \/ Yoast SEO plugin. -->","yoast_head_json":{"title":"Bioderma Photoderm Brume Invisible SPF50+ 150ml - Maroc Prix","description":"Bioderma Photoderm Brume Invisible SPF50+ 150ml","robots":{"index":"index","follow":"follow","max-snippet":"max-snippet:-1","max-image-preview":"max-image-preview:large","max-video-preview":"max-video-preview:-1"},"canonical":"https:\/\/vitablanca.ma\/ar\/product-2\/bioderma-photoderm-brume-invisible-spf50-150ml\/","og_locale":"ar_AR","og_type":"article","og_title":"Bioderma Photoderm Brume Invisible SPF50+ 150ml - Maroc Prix","og_description":"Bioderma Photoderm Brume Invisible SPF50+ 150ml","og_url":"https:\/\/vitablanca.ma\/ar\/product-2\/bioderma-photoderm-brume-invisible-spf50-150ml\/","og_site_name":"Vitablanca.ma &ndash; Sant&eacute;, vitalit&eacute; et bien-&ecirc;tre pour tous les Marocains","article_publisher":"https:\/\/www.facebook.com\/profile.php?id=61576678196717","article_modified_time":"2026-01-21T18:15:40+00:00","og_image":[{"width":1000,"height":1000,"url":"https:\/\/vitablanca.ma\/wp-content\/uploads\/2025\/06\/Bioderma-Photoderm-Brume-Invisible-SPF50_-150ml-Nova-para-prix-Maroc.jpg","type":"image\/jpeg"}],"twitter_card":"summary_large_image","twitter_misc":{"\u0648\u0642\u062a \u0627\u0644\u0642\u0631\u0627\u0621\u0629 \u0627\u0644\u0645\u064f\u0642\u062f\u0651\u0631":"\u062f\u0642\u064a\u0642\u0629 \u0648\u0627\u062d\u062f\u0629"},"schema":{"@context":"https:\/\/schema.org","@graph":[{"@type":["WebPage","ItemPage"],"@id":"https:\/\/vitablanca.ma\/produit\/bioderma-photoderm-brume-invisible-spf50-150ml\/","url":"https:\/\/vitablanca.ma\/produit\/bioderma-photoderm-brume-invisible-spf50-150ml\/","name":"Bioderma Photoderm Brume Invisible SPF50+ 150ml - Maroc Prix","isPartOf":{"@id":"https:\/\/vitablanca.ma\/#website"},"primaryImageOfPage":{"@id":"https:\/\/vitablanca.ma\/produit\/bioderma-photoderm-brume-invisible-spf50-150ml\/#primaryimage"},"image":{"@id":"https:\/\/vitablanca.ma\/produit\/bioderma-photoderm-brume-invisible-spf50-150ml\/#primaryimage"},"thumbnailUrl":"https:\/\/vitablanca.ma\/wp-content\/uploads\/2025\/06\/Bioderma-Photoderm-Brume-Invisible-SPF50_-150ml-Nova-para-prix-Maroc.jpg","datePublished":"2025-06-10T16:31:10+00:00","dateModified":"2026-01-21T18:15:40+00:00","description":"Bioderma Photoderm Brume Invisible SPF50+ 150ml","breadcrumb":{"@id":"https:\/\/vitablanca.ma\/produit\/bioderma-photoderm-brume-invisible-spf50-150ml\/#breadcrumb"},"inLanguage":"ar","potentialAction":[{"@type":"ReadAction","target":["https:\/\/vitablanca.ma\/produit\/bioderma-photoderm-brume-invisible-spf50-150ml\/"]}]},{"@type":"ImageObject","inLanguage":"ar","@id":"https:\/\/vitablanca.ma\/produit\/bioderma-photoderm-brume-invisible-spf50-150ml\/#primaryimage","url":"https:\/\/vitablanca.ma\/wp-content\/uploads\/2025\/06\/Bioderma-Photoderm-Brume-Invisible-SPF50_-150ml-Nova-para-prix-Maroc.jpg","contentUrl":"https:\/\/vitablanca.ma\/wp-content\/uploads\/2025\/06\/Bioderma-Photoderm-Brume-Invisible-SPF50_-150ml-Nova-para-prix-Maroc.jpg","width":1000,"height":1000},{"@type":"BreadcrumbList","@id":"https:\/\/vitablanca.ma\/produit\/bioderma-photoderm-brume-invisible-spf50-150ml\/#breadcrumb","itemListElement":[{"@type":"ListItem","position":1,"name":"Home","item":"https:\/\/vitablanca.ma\/"},{"@type":"ListItem","position":2,"name":"Tous Les Produits","item":"https:\/\/vitablanca.ma\/tous-les-produits\/"},{"@type":"ListItem","position":3,"name":"Bioderma Photoderm Brume Invisible SPF50+ 150ml"}]},{"@type":"WebSite","@id":"https:\/\/vitablanca.ma\/#website","url":"https:\/\/vitablanca.ma\/","name":"VitaBlanca.ma | \u0627\u0644\u0645\u0643\u0645\u0644\u0627\u062a \u0627\u0644\u063a\u0630\u0627\u0626\u064a\u0629\u060c \u0627\u0644\u0635\u062d\u0629 \u0648\u0627\u0644\u062c\u0645\u0627\u0644 \u0641\u064a \u0627\u0644\u0645\u063a\u0631\u0628","description":"\u0646\u0628\u064a\u0639 \u0641\u064a\u062a\u0627\u0645\u064a\u0646\u0627\u062a \u0648\u0645\u0643\u0645\u0644\u0627\u062a \u063a\u0630\u0627\u0626\u064a\u0629 \u0641\u0627\u062e\u0631\u0629 \u0645\u0646 \u0627\u0644\u0648\u0644\u0627\u064a\u0627\u062a \u0627\u0644\u0645\u062a\u062d\u062f\u0629 \u0627\u0644\u0623\u0645\u0631\u064a\u0643\u064a\u0629 \u0648\u0643\u0646\u062f\u0627 \u0648\u0646\u064a\u0648\u0632\u064a\u0644\u0646\u062f\u0627 \u0648\u0627\u0644\u0645\u063a\u0631\u0628 (\u0646\u0627\u0648 \u0641\u0648\u062f\u0632\u060c \u0633\u0648\u0644\u062c\u0627\u0631\u060c \u0645\u0627\u0646\u0648\u0643\u0627). \u062a\u0648\u0635\u064a\u0644 \u0633\u0631\u064a\u0639 \u0625\u0644\u0649 \u062c\u0645\u064a\u0639 \u0623\u0646\u062d\u0627\u0621 \u0627\u0644\u0645\u063a\u0631\u0628.","publisher":{"@id":"https:\/\/vitablanca.ma\/#organization"},"alternateName":"VitaBlanca.ma","potentialAction":[{"@type":"SearchAction","target":{"@type":"EntryPoint","urlTemplate":"https:\/\/vitablanca.ma\/?s={search_term_string}"},"query-input":{"@type":"PropertyValueSpecification","valueRequired":true,"valueName":"search_term_string"}}],"inLanguage":"ar"},{"@type":"Organization","@id":"https:\/\/vitablanca.ma\/#organization","name":"\u0641\u064a\u062a\u0627\u0628\u0644\u0627\u0646\u0643\u0627","url":"https:\/\/vitablanca.ma\/","logo":{"@type":"ImageObject","inLanguage":"ar","@id":"https:\/\/vitablanca.ma\/#\/schema\/logo\/image\/","url":"https:\/\/vitablanca.ma\/wp-content\/uploads\/2025\/05\/cropped-vitablanca.png","contentUrl":"https:\/\/vitablanca.ma\/wp-content\/uploads\/2025\/05\/cropped-vitablanca.png","width":360,"height":67,"caption":"VitaBlanca"},"image":{"@id":"https:\/\/vitablanca.ma\/#\/schema\/logo\/image\/"},"sameAs":["https:\/\/www.facebook.com\/profile.php?id=61576678196717","https:\/\/www.tiktok.com\/@vitablanca.ma","https:\/\/www.instagram.com\/vitablanca.ma\/"]}]}},"jetpack_sharing_enabled":true,"_links":{"self":[{"href":"https:\/\/vitablanca.ma\/ar\/wp-json\/wp\/v2\/product\/15712","targetHints":{"allow":["GET"]}}],"collection":[{"href":"https:\/\/vitablanca.ma\/ar\/wp-json\/wp\/v2\/product"}],"about":[{"href":"https:\/\/vitablanca.ma\/ar\/wp-json\/wp\/v2\/types\/product"}],"wp:featuredmedia":[{"embeddable":true,"href":"https:\/\/vitablanca.ma\/ar\/wp-json\/wp\/v2\/media\/15711"}],"wp:attachment":[{"href":"https:\/\/vitablanca.ma\/ar\/wp-json\/wp\/v2\/media?parent=15712"}],"wp:term":[{"taxonomy":"product_brand","embeddable":true,"href":"https:\/\/vitablanca.ma\/ar\/wp-json\/wp\/v2\/product_brand?post=15712"},{"taxonomy":"product_cat","embeddable":true,"href":"https:\/\/vitablanca.ma\/ar\/wp-json\/wp\/v2\/product_cat?post=15712"},{"taxonomy":"product_tag","embeddable":true,"href":"https:\/\/vitablanca.ma\/ar\/wp-json\/wp\/v2\/product_tag?post=15712"}],"curies":[{"name":"wp","href":"https:\/\/api.w.org\/{rel}","templated":true}]}}