{"id":15708,"date":"2025-06-10T16:31:06","date_gmt":"2025-06-10T16:31:06","guid":{"rendered":"https:\/\/vitablanca.ma\/product\/bioderma-photoderm-cover-touch-mineral-spf50-40g\/"},"modified":"2026-01-21T18:15:40","modified_gmt":"2026-01-21T18:15:40","slug":"bioderma-photoderm-cover-touch-mineral-spf50-40g","status":"publish","type":"product","link":"https:\/\/vitablanca.ma\/ar\/product-2\/bioderma-photoderm-cover-touch-mineral-spf50-40g\/","title":{"rendered":"Bioderma Photoderm Cover Touch Mineral SPF50+ 40g"},"content":{"rendered":"<h2 data-mce-fragment=\"1\">Bioderma Photoderm Cover Touch Mineral SPF50+\u00a0<span data-mce-fragment=\"1\">Am\u00e9liore la qualit\u00e9 du s\u00e9bum et limite l&rsquo;apparition de nouvelles imperfections<\/span><br \/>\n<\/h2>\n<p>Peaux mixtes \u00e0 grasses<br \/><span data-mce-fragment=\"1\">\u0627\u0644\u0628\u0627\u0644\u063a\u0648\u0646<\/span><\/p>\n<h3>\u0641\u0648\u0627\u0626\u062f<\/h3>\n<ul>\n<li>\n<ul>\n<li>Garantit une tr\u00e8s haute protection UVA\/UVB avec des filtres 100% min\u00e9raux et une protection contre la lumi\u00e8re visible gr\u00e2ce aux oxydes de fer<\/li>\n<li>SUN ACTIVE DEFENSE : protection solaire de haute technologie, renforc\u00e9e contre les UVA<\/li>\n<li>Am\u00e9liore la qualit\u00e9 du s\u00e9bum et limite l&rsquo;apparition de nouvelles imperfections gr\u00e2ce au brevet brevet\u00e9 Fluidactiv\u2122 associ\u00e9 aux acides glycolique et salicylique<\/li>\n<li>Embellit la peau avec une couvrance totale de 8h<\/li>\n<li>Respecte les peaux mixtes \u00e0 grasses en procurant un s\u00e9bum pendant 8h et en laissant la peau respirer<br \/>Sans parfum &#8211; Tr\u00e8s bonne tol\u00e9rance cutan\u00e9e et oculaire &#8211; Non acn\u00e9ique &#8211; Sans huile &#8211; R\u00e9sistant \u00e0 l&rsquo;eau, \u00e0 la chaleur, \u00e0 l&rsquo;humidit\u00e9 \u00e9lev\u00e9e et au transfert<\/li>\n<\/ul>\n<\/li>\n<\/ul>\n<h3><span>\u0637\u0631\u064a\u0642\u0629 \u0627\u0644\u0627\u0633\u062a\u062e\u062f\u0627\u0645<\/span><\/h3>\n<div id=\"div1\" class=\"no-treatment\">\n<div id=\"div1\" class=\"no-treatment\">\n<p>Pour un usage quotidien apr\u00e8s l&rsquo;application de votre soin hydratant. Existe en teinte dor\u00e9e.<\/p>\n<ul class=\"step-list\">\n<li>\n<strong>\u0627\u0644\u062e\u0637\u0648\u0629 1:<\/strong>Pour un teint z\u00e9ro d\u00e9faut au fini mat, sans effet masque, r\u00e9partir le produit sur la peau en partant du centre du visage vers l&rsquo;ext\u00e9rieur.<\/li>\n<li>\n<strong>\u0627\u0644\u062e\u0637\u0648\u0629 2:<\/strong>Vous pouvez utiliser un m\u00e9langeur ou un pinceau de maquillage pour parfaire le look de votre visage.<\/li>\n<li>\n<strong>\u0627\u0644\u062e\u0637\u0648\u0629 3:<\/strong>Appliquer uniform\u00e9ment et g\u00e9n\u00e9reusement sur le visage et le cou (une petite quantit\u00e9 de produit diminue le niveau de protection solaire).<\/li>\n<li>\n<strong>\u0627\u0644\u062e\u0637\u0648\u0629 4:<\/strong>Renouveler l&rsquo;application apr\u00e8s avoir transpir\u00e9, nag\u00e9 ou s&rsquo;\u00eatre essuy\u00e9 avec une serviette pour maintenir la protection.<\/li>\n<\/ul>\n<\/div>\n<div class=\"small\">\n<p>Eviter le contact avec les tissus. Adultes. Appliquer sur une peau saine. Une surexposition au soleil peut nuire \u00e0 la sant\u00e9 m\u00eame avec une protection solaire.<\/p>\n<\/div>\n<\/div>","protected":false},"excerpt":{"rendered":"<p>Bioderma Photoderm Cover Touch Mineral SPF50+\u00a0Am\u00e9liore la qualit\u00e9 du s\u00e9bum et limite l&rsquo;apparition de nouvelles imperfections Peaux mixtes \u00e0 grassesAdultes B\u00e9n\u00e9fices Garantit une tr\u00e8s haute protection UVA\/UVB avec des filtres 100% min\u00e9raux et une protection contre la lumi\u00e8re visible gr\u00e2ce aux oxydes de fer SUN ACTIVE DEFENSE : protection solaire de haute technologie, renforc\u00e9e contre [&hellip;]<\/p>\n","protected":false},"featured_media":15706,"template":"","meta":{"om_disable_all_campaigns":false},"product_brand":[5990],"product_cat":[18,15],"product_tag":[5991,5992],"class_list":{"0":"post-15708","1":"product","2":"type-product","3":"status-publish","4":"has-post-thumbnail","6":"product_brand-bioderma-original-maroc-au-meilleur-prix","7":"product_cat-beaute-sante","8":"product_cat-beaute-sante-complements-alimentaires-soins-et-bien-etre-au-meilleur-prix","9":"product_tag-bioderma","10":"product_tag-bioderma-maroc","12":"first","13":"instock","14":"sale","15":"taxable","16":"shipping-taxable","17":"purchasable","18":"product-type-variable"},"yoast_head":"<!-- This site is optimized with the Yoast SEO plugin v27.4 - https:\/\/yoast.com\/product\/yoast-seo-wordpress\/ -->\n<title>Bioderma Photoderm Cover Touch Mineral SPF50+ 40g - Maroc Prix<\/title>\n<meta name=\"description\" content=\"Bioderma Photoderm Cover Touch Mineral SPF50+ 40g\" \/>\n<meta name=\"robots\" content=\"index, follow, max-snippet:-1, max-image-preview:large, max-video-preview:-1\" \/>\n<link rel=\"canonical\" href=\"https:\/\/vitablanca.ma\/ar\/product-2\/bioderma-photoderm-cover-touch-mineral-spf50-40g\/\" \/>\n<meta property=\"og:locale\" content=\"ar_AR\" \/>\n<meta property=\"og:type\" content=\"article\" \/>\n<meta property=\"og:title\" content=\"Bioderma Photoderm Cover Touch Mineral SPF50+ 40g - Maroc Prix\" \/>\n<meta property=\"og:description\" content=\"Bioderma Photoderm Cover Touch Mineral SPF50+ 40g\" \/>\n<meta property=\"og:url\" content=\"https:\/\/vitablanca.ma\/ar\/product-2\/bioderma-photoderm-cover-touch-mineral-spf50-40g\/\" \/>\n<meta property=\"og:site_name\" content=\"Vitablanca.ma &ndash; Sant&eacute;, vitalit&eacute; et bien-&ecirc;tre pour tous les Marocains\" \/>\n<meta property=\"article:publisher\" content=\"https:\/\/www.facebook.com\/profile.php?id=61576678196717\" \/>\n<meta property=\"article:modified_time\" content=\"2026-01-21T18:15:40+00:00\" \/>\n<meta property=\"og:image\" content=\"https:\/\/vitablanca.ma\/wp-content\/uploads\/2025\/06\/Bioderma-Photoderm-Cover-Touch-Mineral-SPF50_-40g-Claire-nova-prapharmacie-maroc.jpg\" \/>\n\t<meta property=\"og:image:width\" content=\"1000\" \/>\n\t<meta property=\"og:image:height\" content=\"1000\" \/>\n\t<meta property=\"og:image:type\" content=\"image\/jpeg\" \/>\n<meta name=\"twitter:card\" content=\"summary_large_image\" \/>\n<meta name=\"twitter:label1\" content=\"\u0648\u0642\u062a \u0627\u0644\u0642\u0631\u0627\u0621\u0629 \u0627\u0644\u0645\u064f\u0642\u062f\u0651\u0631\" \/>\n\t<meta name=\"twitter:data1\" content=\"\u062f\u0642\u064a\u0642\u0629 \u0648\u0627\u062d\u062f\u0629\" \/>\n<script type=\"application\/ld+json\" class=\"yoast-schema-graph\">{\"@context\":\"https:\\\/\\\/schema.org\",\"@graph\":[{\"@type\":[\"WebPage\",\"ItemPage\"],\"@id\":\"https:\\\/\\\/vitablanca.ma\\\/produit\\\/bioderma-photoderm-cover-touch-mineral-spf50-40g\\\/\",\"url\":\"https:\\\/\\\/vitablanca.ma\\\/produit\\\/bioderma-photoderm-cover-touch-mineral-spf50-40g\\\/\",\"name\":\"Bioderma Photoderm Cover Touch Mineral SPF50+ 40g - Maroc Prix\",\"isPartOf\":{\"@id\":\"https:\\\/\\\/vitablanca.ma\\\/#website\"},\"primaryImageOfPage\":{\"@id\":\"https:\\\/\\\/vitablanca.ma\\\/produit\\\/bioderma-photoderm-cover-touch-mineral-spf50-40g\\\/#primaryimage\"},\"image\":{\"@id\":\"https:\\\/\\\/vitablanca.ma\\\/produit\\\/bioderma-photoderm-cover-touch-mineral-spf50-40g\\\/#primaryimage\"},\"thumbnailUrl\":\"https:\\\/\\\/vitablanca.ma\\\/wp-content\\\/uploads\\\/2025\\\/06\\\/Bioderma-Photoderm-Cover-Touch-Mineral-SPF50_-40g-Claire-nova-prapharmacie-maroc.jpg\",\"datePublished\":\"2025-06-10T16:31:06+00:00\",\"dateModified\":\"2026-01-21T18:15:40+00:00\",\"description\":\"Bioderma Photoderm Cover Touch Mineral SPF50+ 40g\",\"breadcrumb\":{\"@id\":\"https:\\\/\\\/vitablanca.ma\\\/produit\\\/bioderma-photoderm-cover-touch-mineral-spf50-40g\\\/#breadcrumb\"},\"inLanguage\":\"ar\",\"potentialAction\":[{\"@type\":\"ReadAction\",\"target\":[\"https:\\\/\\\/vitablanca.ma\\\/produit\\\/bioderma-photoderm-cover-touch-mineral-spf50-40g\\\/\"]}]},{\"@type\":\"ImageObject\",\"inLanguage\":\"ar\",\"@id\":\"https:\\\/\\\/vitablanca.ma\\\/produit\\\/bioderma-photoderm-cover-touch-mineral-spf50-40g\\\/#primaryimage\",\"url\":\"https:\\\/\\\/vitablanca.ma\\\/wp-content\\\/uploads\\\/2025\\\/06\\\/Bioderma-Photoderm-Cover-Touch-Mineral-SPF50_-40g-Claire-nova-prapharmacie-maroc.jpg\",\"contentUrl\":\"https:\\\/\\\/vitablanca.ma\\\/wp-content\\\/uploads\\\/2025\\\/06\\\/Bioderma-Photoderm-Cover-Touch-Mineral-SPF50_-40g-Claire-nova-prapharmacie-maroc.jpg\",\"width\":1000,\"height\":1000},{\"@type\":\"BreadcrumbList\",\"@id\":\"https:\\\/\\\/vitablanca.ma\\\/produit\\\/bioderma-photoderm-cover-touch-mineral-spf50-40g\\\/#breadcrumb\",\"itemListElement\":[{\"@type\":\"ListItem\",\"position\":1,\"name\":\"Home\",\"item\":\"https:\\\/\\\/vitablanca.ma\\\/\"},{\"@type\":\"ListItem\",\"position\":2,\"name\":\"Tous Les Produits\",\"item\":\"https:\\\/\\\/vitablanca.ma\\\/tous-les-produits\\\/\"},{\"@type\":\"ListItem\",\"position\":3,\"name\":\"Bioderma Photoderm Cover Touch Mineral SPF50+ 40g\"}]},{\"@type\":\"WebSite\",\"@id\":\"https:\\\/\\\/vitablanca.ma\\\/#website\",\"url\":\"https:\\\/\\\/vitablanca.ma\\\/\",\"name\":\"VitaBlanca.ma | Compl\u00e9ments alimentaires, sant\u00e9 & beaut\u00e9 au Maroc\",\"description\":\"vendre vitamines et compl\u00e9ments premium des USA &amp; Canada, Nouvelle Z\u00e9lande,Maroc (NOW Foods, Solgar, Manuka). Livraison rapide partout au Maroc.\",\"publisher\":{\"@id\":\"https:\\\/\\\/vitablanca.ma\\\/#organization\"},\"alternateName\":\"VitaBlanca.ma\",\"potentialAction\":[{\"@type\":\"SearchAction\",\"target\":{\"@type\":\"EntryPoint\",\"urlTemplate\":\"https:\\\/\\\/vitablanca.ma\\\/?s={search_term_string}\"},\"query-input\":{\"@type\":\"PropertyValueSpecification\",\"valueRequired\":true,\"valueName\":\"search_term_string\"}}],\"inLanguage\":\"ar\"},{\"@type\":\"Organization\",\"@id\":\"https:\\\/\\\/vitablanca.ma\\\/#organization\",\"name\":\"VitaBlanca\",\"url\":\"https:\\\/\\\/vitablanca.ma\\\/\",\"logo\":{\"@type\":\"ImageObject\",\"inLanguage\":\"ar\",\"@id\":\"https:\\\/\\\/vitablanca.ma\\\/#\\\/schema\\\/logo\\\/image\\\/\",\"url\":\"https:\\\/\\\/vitablanca.ma\\\/wp-content\\\/uploads\\\/2025\\\/05\\\/cropped-vitablanca.png\",\"contentUrl\":\"https:\\\/\\\/vitablanca.ma\\\/wp-content\\\/uploads\\\/2025\\\/05\\\/cropped-vitablanca.png\",\"width\":360,\"height\":67,\"caption\":\"VitaBlanca\"},\"image\":{\"@id\":\"https:\\\/\\\/vitablanca.ma\\\/#\\\/schema\\\/logo\\\/image\\\/\"},\"sameAs\":[\"https:\\\/\\\/www.facebook.com\\\/profile.php?id=61576678196717\",\"https:\\\/\\\/www.tiktok.com\\\/@vitablanca.ma\",\"https:\\\/\\\/www.instagram.com\\\/vitablanca.ma\\\/\"]}]}<\/script>\n<!-- \/ Yoast SEO plugin. -->","yoast_head_json":{"title":"Bioderma Photoderm Cover Touch Mineral SPF50+ 40g - Maroc Prix","description":"Bioderma Photoderm Cover Touch Mineral SPF50+ 40g","robots":{"index":"index","follow":"follow","max-snippet":"max-snippet:-1","max-image-preview":"max-image-preview:large","max-video-preview":"max-video-preview:-1"},"canonical":"https:\/\/vitablanca.ma\/ar\/product-2\/bioderma-photoderm-cover-touch-mineral-spf50-40g\/","og_locale":"ar_AR","og_type":"article","og_title":"Bioderma Photoderm Cover Touch Mineral SPF50+ 40g - Maroc Prix","og_description":"Bioderma Photoderm Cover Touch Mineral SPF50+ 40g","og_url":"https:\/\/vitablanca.ma\/ar\/product-2\/bioderma-photoderm-cover-touch-mineral-spf50-40g\/","og_site_name":"Vitablanca.ma &ndash; Sant&eacute;, vitalit&eacute; et bien-&ecirc;tre pour tous les Marocains","article_publisher":"https:\/\/www.facebook.com\/profile.php?id=61576678196717","article_modified_time":"2026-01-21T18:15:40+00:00","og_image":[{"width":1000,"height":1000,"url":"https:\/\/vitablanca.ma\/wp-content\/uploads\/2025\/06\/Bioderma-Photoderm-Cover-Touch-Mineral-SPF50_-40g-Claire-nova-prapharmacie-maroc.jpg","type":"image\/jpeg"}],"twitter_card":"summary_large_image","twitter_misc":{"\u0648\u0642\u062a \u0627\u0644\u0642\u0631\u0627\u0621\u0629 \u0627\u0644\u0645\u064f\u0642\u062f\u0651\u0631":"\u062f\u0642\u064a\u0642\u0629 \u0648\u0627\u062d\u062f\u0629"},"schema":{"@context":"https:\/\/schema.org","@graph":[{"@type":["WebPage","ItemPage"],"@id":"https:\/\/vitablanca.ma\/produit\/bioderma-photoderm-cover-touch-mineral-spf50-40g\/","url":"https:\/\/vitablanca.ma\/produit\/bioderma-photoderm-cover-touch-mineral-spf50-40g\/","name":"Bioderma Photoderm Cover Touch Mineral SPF50+ 40g - Maroc Prix","isPartOf":{"@id":"https:\/\/vitablanca.ma\/#website"},"primaryImageOfPage":{"@id":"https:\/\/vitablanca.ma\/produit\/bioderma-photoderm-cover-touch-mineral-spf50-40g\/#primaryimage"},"image":{"@id":"https:\/\/vitablanca.ma\/produit\/bioderma-photoderm-cover-touch-mineral-spf50-40g\/#primaryimage"},"thumbnailUrl":"https:\/\/vitablanca.ma\/wp-content\/uploads\/2025\/06\/Bioderma-Photoderm-Cover-Touch-Mineral-SPF50_-40g-Claire-nova-prapharmacie-maroc.jpg","datePublished":"2025-06-10T16:31:06+00:00","dateModified":"2026-01-21T18:15:40+00:00","description":"Bioderma Photoderm Cover Touch Mineral SPF50+ 40g","breadcrumb":{"@id":"https:\/\/vitablanca.ma\/produit\/bioderma-photoderm-cover-touch-mineral-spf50-40g\/#breadcrumb"},"inLanguage":"ar","potentialAction":[{"@type":"ReadAction","target":["https:\/\/vitablanca.ma\/produit\/bioderma-photoderm-cover-touch-mineral-spf50-40g\/"]}]},{"@type":"ImageObject","inLanguage":"ar","@id":"https:\/\/vitablanca.ma\/produit\/bioderma-photoderm-cover-touch-mineral-spf50-40g\/#primaryimage","url":"https:\/\/vitablanca.ma\/wp-content\/uploads\/2025\/06\/Bioderma-Photoderm-Cover-Touch-Mineral-SPF50_-40g-Claire-nova-prapharmacie-maroc.jpg","contentUrl":"https:\/\/vitablanca.ma\/wp-content\/uploads\/2025\/06\/Bioderma-Photoderm-Cover-Touch-Mineral-SPF50_-40g-Claire-nova-prapharmacie-maroc.jpg","width":1000,"height":1000},{"@type":"BreadcrumbList","@id":"https:\/\/vitablanca.ma\/produit\/bioderma-photoderm-cover-touch-mineral-spf50-40g\/#breadcrumb","itemListElement":[{"@type":"ListItem","position":1,"name":"Home","item":"https:\/\/vitablanca.ma\/"},{"@type":"ListItem","position":2,"name":"Tous Les Produits","item":"https:\/\/vitablanca.ma\/tous-les-produits\/"},{"@type":"ListItem","position":3,"name":"Bioderma Photoderm Cover Touch Mineral SPF50+ 40g"}]},{"@type":"WebSite","@id":"https:\/\/vitablanca.ma\/#website","url":"https:\/\/vitablanca.ma\/","name":"VitaBlanca.ma | \u0627\u0644\u0645\u0643\u0645\u0644\u0627\u062a \u0627\u0644\u063a\u0630\u0627\u0626\u064a\u0629\u060c \u0627\u0644\u0635\u062d\u0629 \u0648\u0627\u0644\u062c\u0645\u0627\u0644 \u0641\u064a \u0627\u0644\u0645\u063a\u0631\u0628","description":"\u0646\u0628\u064a\u0639 \u0641\u064a\u062a\u0627\u0645\u064a\u0646\u0627\u062a \u0648\u0645\u0643\u0645\u0644\u0627\u062a \u063a\u0630\u0627\u0626\u064a\u0629 \u0641\u0627\u062e\u0631\u0629 \u0645\u0646 \u0627\u0644\u0648\u0644\u0627\u064a\u0627\u062a \u0627\u0644\u0645\u062a\u062d\u062f\u0629 \u0627\u0644\u0623\u0645\u0631\u064a\u0643\u064a\u0629 \u0648\u0643\u0646\u062f\u0627 \u0648\u0646\u064a\u0648\u0632\u064a\u0644\u0646\u062f\u0627 \u0648\u0627\u0644\u0645\u063a\u0631\u0628 (\u0646\u0627\u0648 \u0641\u0648\u062f\u0632\u060c \u0633\u0648\u0644\u062c\u0627\u0631\u060c \u0645\u0627\u0646\u0648\u0643\u0627). \u062a\u0648\u0635\u064a\u0644 \u0633\u0631\u064a\u0639 \u0625\u0644\u0649 \u062c\u0645\u064a\u0639 \u0623\u0646\u062d\u0627\u0621 \u0627\u0644\u0645\u063a\u0631\u0628.","publisher":{"@id":"https:\/\/vitablanca.ma\/#organization"},"alternateName":"VitaBlanca.ma","potentialAction":[{"@type":"SearchAction","target":{"@type":"EntryPoint","urlTemplate":"https:\/\/vitablanca.ma\/?s={search_term_string}"},"query-input":{"@type":"PropertyValueSpecification","valueRequired":true,"valueName":"search_term_string"}}],"inLanguage":"ar"},{"@type":"Organization","@id":"https:\/\/vitablanca.ma\/#organization","name":"\u0641\u064a\u062a\u0627\u0628\u0644\u0627\u0646\u0643\u0627","url":"https:\/\/vitablanca.ma\/","logo":{"@type":"ImageObject","inLanguage":"ar","@id":"https:\/\/vitablanca.ma\/#\/schema\/logo\/image\/","url":"https:\/\/vitablanca.ma\/wp-content\/uploads\/2025\/05\/cropped-vitablanca.png","contentUrl":"https:\/\/vitablanca.ma\/wp-content\/uploads\/2025\/05\/cropped-vitablanca.png","width":360,"height":67,"caption":"VitaBlanca"},"image":{"@id":"https:\/\/vitablanca.ma\/#\/schema\/logo\/image\/"},"sameAs":["https:\/\/www.facebook.com\/profile.php?id=61576678196717","https:\/\/www.tiktok.com\/@vitablanca.ma","https:\/\/www.instagram.com\/vitablanca.ma\/"]}]}},"jetpack_sharing_enabled":true,"_links":{"self":[{"href":"https:\/\/vitablanca.ma\/ar\/wp-json\/wp\/v2\/product\/15708","targetHints":{"allow":["GET"]}}],"collection":[{"href":"https:\/\/vitablanca.ma\/ar\/wp-json\/wp\/v2\/product"}],"about":[{"href":"https:\/\/vitablanca.ma\/ar\/wp-json\/wp\/v2\/types\/product"}],"wp:featuredmedia":[{"embeddable":true,"href":"https:\/\/vitablanca.ma\/ar\/wp-json\/wp\/v2\/media\/15706"}],"wp:attachment":[{"href":"https:\/\/vitablanca.ma\/ar\/wp-json\/wp\/v2\/media?parent=15708"}],"wp:term":[{"taxonomy":"product_brand","embeddable":true,"href":"https:\/\/vitablanca.ma\/ar\/wp-json\/wp\/v2\/product_brand?post=15708"},{"taxonomy":"product_cat","embeddable":true,"href":"https:\/\/vitablanca.ma\/ar\/wp-json\/wp\/v2\/product_cat?post=15708"},{"taxonomy":"product_tag","embeddable":true,"href":"https:\/\/vitablanca.ma\/ar\/wp-json\/wp\/v2\/product_tag?post=15708"}],"curies":[{"name":"wp","href":"https:\/\/api.w.org\/{rel}","templated":true}]}}