{"id":15588,"date":"2025-06-10T16:03:20","date_gmt":"2025-06-10T16:03:20","guid":{"rendered":"https:\/\/vitablanca.ma\/product\/bioderma-abcderm-huile-relaxante-200ml\/"},"modified":"2026-01-21T18:15:48","modified_gmt":"2026-01-21T18:15:48","slug":"bioderma-abcderm-huile-relaxante-200ml","status":"publish","type":"product","link":"https:\/\/vitablanca.ma\/ar\/product-2\/bioderma-abcderm-huile-relaxante-200ml\/","title":{"rendered":"\u0632\u064a\u062a \u0627\u0644\u0627\u0633\u062a\u0631\u062e\u0627\u0621 \u0628\u064a\u0648\u062f\u064a\u0631\u0645\u0627 ABCDerm 200 \u0645\u0644"},"content":{"rendered":"<h2>Bioderma ABCDerm Huile Douceur<span data-mce-fragment=\"1\">\u00a0renforce la barri\u00e8re \u00e9pidermique gr\u00e2ce \u00e0 des huiles v\u00e9g\u00e9tales riches<\/span><br \/>\n<\/h2>\n<p><span>Peau d\u00e9licate des b\u00e9b\u00e9s et des enfants<\/span><\/p>\n<h3><span>\u0641\u0648\u0627\u0626\u062f<\/span><\/h3>\n<ul class=\"list-type-03\">\n<li>Nourrit la peau des b\u00e9b\u00e9s et des enfants, l\u2019apaise et l\u2019enveloppe de douceur<\/li>\n<li>\u064a\u0642\u0648\u064a \u062d\u0627\u062c\u0632 \u0627\u0644\u062c\u0644\u062f<\/li>\n<li>Apaise et d\u00e9tend pour un moment c\u00e2lin avec maman<\/li>\n<li>Laisse la peau souple, b\u00e9b\u00e9 relax\u00e9 et d\u00e9tendu<\/li>\n<li>90 % des mamans ont constat\u00e9 que la peau de leur b\u00e9b\u00e9 \u00e9tait plus souple et que l&rsquo;huile contrait les effets dess\u00e9chants de l&rsquo;eau (TU sur 15 jours, sur 10 enfants de 3 \u00e0 36 mois).<\/li>\n<\/ul>\n<h3>\u0637\u0631\u064a\u0642\u0629 \u0627\u0644\u0627\u0633\u062a\u062e\u062f\u0627\u0645<\/h3>\n<div class=\"content\">\n<p>1 fois par jour &#8211; 7 jours\/7<\/p>\n<ul class=\"list-type-03\">\n<li>Apr\u00e8s le bain, chauffez l\u2019huile dans le creux de la main et appliquez sur la peau par l\u00e9gers massages.<\/li>\n<li>Vous pouvez en verser directement dans l\u2019eau du bain pour corriger les effets dess\u00e9chants de l\u2019eau calcaire (1 \u00e0 2 doses suffisent).<\/li>\n<li>Attention : peut rendre la baignoire glissante !<\/li>\n<li>Evitez le contact avec les yeux.<\/li>\n<\/ul>\n<p>Convient d\u00e8s la naissance, hors nourrissons pr\u00e9matur\u00e9s.<br \/>Pour des raisons d\u2019hygi\u00e8ne, nous vous recommandons de bien fermer le produit apr\u00e8s utilisation.<\/p>\n<\/div>","protected":false},"excerpt":{"rendered":"<p>Bioderma ABCDerm Huile Douceur\u00a0renforce la barri\u00e8re \u00e9pidermique gr\u00e2ce \u00e0 des huiles v\u00e9g\u00e9tales riches Peau d\u00e9licate des b\u00e9b\u00e9s et des enfants B\u00e9n\u00e9fices Nourrit la peau des b\u00e9b\u00e9s et des enfants, l\u2019apaise et l\u2019enveloppe de douceur Renforce la barri\u00e8re cutan\u00e9e Apaise et d\u00e9tend pour un moment c\u00e2lin avec maman Laisse la peau souple, b\u00e9b\u00e9 relax\u00e9 et d\u00e9tendu [&hellip;]<\/p>\n","protected":false},"featured_media":15587,"template":"","meta":{"om_disable_all_campaigns":false},"product_brand":[5990],"product_cat":[18,15],"product_tag":[5991,5992],"class_list":{"0":"post-15588","1":"product","2":"type-product","3":"status-publish","4":"has-post-thumbnail","6":"product_brand-bioderma-original-maroc-au-meilleur-prix","7":"product_cat-beaute-sante","8":"product_cat-beaute-sante-complements-alimentaires-soins-et-bien-etre-au-meilleur-prix","9":"product_tag-bioderma","10":"product_tag-bioderma-maroc","12":"first","13":"instock","14":"sale","15":"taxable","16":"shipping-taxable","17":"purchasable","18":"product-type-simple"},"yoast_head":"<!-- This site is optimized with the Yoast SEO plugin v27.4 - https:\/\/yoast.com\/product\/yoast-seo-wordpress\/ -->\n<title>Bioderma ABCDerm Huile Relaxante 200ml - Maroc Prix<\/title>\n<meta name=\"description\" content=\"Bioderma ABCDerm Huile Relaxante 200ml\" \/>\n<meta name=\"robots\" content=\"index, follow, max-snippet:-1, max-image-preview:large, max-video-preview:-1\" \/>\n<link rel=\"canonical\" href=\"https:\/\/vitablanca.ma\/ar\/product-2\/bioderma-abcderm-huile-relaxante-200ml\/\" \/>\n<meta property=\"og:locale\" content=\"ar_AR\" \/>\n<meta property=\"og:type\" content=\"article\" \/>\n<meta property=\"og:title\" content=\"Bioderma ABCDerm Huile Relaxante 200ml - Maroc Prix\" \/>\n<meta property=\"og:description\" content=\"Bioderma ABCDerm Huile Relaxante 200ml\" \/>\n<meta property=\"og:url\" content=\"https:\/\/vitablanca.ma\/ar\/product-2\/bioderma-abcderm-huile-relaxante-200ml\/\" \/>\n<meta property=\"og:site_name\" content=\"Vitablanca.ma &ndash; Sant&eacute;, vitalit&eacute; et bien-&ecirc;tre pour tous les Marocains\" \/>\n<meta property=\"article:publisher\" content=\"https:\/\/www.facebook.com\/profile.php?id=61576678196717\" \/>\n<meta property=\"article:modified_time\" content=\"2026-01-21T18:15:48+00:00\" \/>\n<meta property=\"og:image\" content=\"https:\/\/vitablanca.ma\/wp-content\/uploads\/2025\/06\/Bioderma-ABCDerm-Huile-Douceur-200ml-nova-parapharmacie-maroc.jpg\" \/>\n\t<meta property=\"og:image:width\" content=\"1000\" \/>\n\t<meta property=\"og:image:height\" content=\"1000\" \/>\n\t<meta property=\"og:image:type\" content=\"image\/jpeg\" \/>\n<meta name=\"twitter:card\" content=\"summary_large_image\" \/>\n<meta name=\"twitter:label1\" content=\"\u0648\u0642\u062a \u0627\u0644\u0642\u0631\u0627\u0621\u0629 \u0627\u0644\u0645\u064f\u0642\u062f\u0651\u0631\" \/>\n\t<meta name=\"twitter:data1\" content=\"\u062f\u0642\u064a\u0642\u0629 \u0648\u0627\u062d\u062f\u0629\" \/>\n<script type=\"application\/ld+json\" class=\"yoast-schema-graph\">{\"@context\":\"https:\\\/\\\/schema.org\",\"@graph\":[{\"@type\":[\"WebPage\",\"ItemPage\"],\"@id\":\"https:\\\/\\\/vitablanca.ma\\\/produit\\\/bioderma-abcderm-huile-relaxante-200ml\\\/\",\"url\":\"https:\\\/\\\/vitablanca.ma\\\/produit\\\/bioderma-abcderm-huile-relaxante-200ml\\\/\",\"name\":\"Bioderma ABCDerm Huile Relaxante 200ml - Maroc Prix\",\"isPartOf\":{\"@id\":\"https:\\\/\\\/vitablanca.ma\\\/#website\"},\"primaryImageOfPage\":{\"@id\":\"https:\\\/\\\/vitablanca.ma\\\/produit\\\/bioderma-abcderm-huile-relaxante-200ml\\\/#primaryimage\"},\"image\":{\"@id\":\"https:\\\/\\\/vitablanca.ma\\\/produit\\\/bioderma-abcderm-huile-relaxante-200ml\\\/#primaryimage\"},\"thumbnailUrl\":\"https:\\\/\\\/vitablanca.ma\\\/wp-content\\\/uploads\\\/2025\\\/06\\\/Bioderma-ABCDerm-Huile-Douceur-200ml-nova-parapharmacie-maroc.jpg\",\"datePublished\":\"2025-06-10T16:03:20+00:00\",\"dateModified\":\"2026-01-21T18:15:48+00:00\",\"description\":\"Bioderma ABCDerm Huile Relaxante 200ml\",\"breadcrumb\":{\"@id\":\"https:\\\/\\\/vitablanca.ma\\\/produit\\\/bioderma-abcderm-huile-relaxante-200ml\\\/#breadcrumb\"},\"inLanguage\":\"ar\",\"potentialAction\":[{\"@type\":\"ReadAction\",\"target\":[\"https:\\\/\\\/vitablanca.ma\\\/produit\\\/bioderma-abcderm-huile-relaxante-200ml\\\/\"]}]},{\"@type\":\"ImageObject\",\"inLanguage\":\"ar\",\"@id\":\"https:\\\/\\\/vitablanca.ma\\\/produit\\\/bioderma-abcderm-huile-relaxante-200ml\\\/#primaryimage\",\"url\":\"https:\\\/\\\/vitablanca.ma\\\/wp-content\\\/uploads\\\/2025\\\/06\\\/Bioderma-ABCDerm-Huile-Douceur-200ml-nova-parapharmacie-maroc.jpg\",\"contentUrl\":\"https:\\\/\\\/vitablanca.ma\\\/wp-content\\\/uploads\\\/2025\\\/06\\\/Bioderma-ABCDerm-Huile-Douceur-200ml-nova-parapharmacie-maroc.jpg\",\"width\":1000,\"height\":1000},{\"@type\":\"BreadcrumbList\",\"@id\":\"https:\\\/\\\/vitablanca.ma\\\/produit\\\/bioderma-abcderm-huile-relaxante-200ml\\\/#breadcrumb\",\"itemListElement\":[{\"@type\":\"ListItem\",\"position\":1,\"name\":\"Home\",\"item\":\"https:\\\/\\\/vitablanca.ma\\\/\"},{\"@type\":\"ListItem\",\"position\":2,\"name\":\"Tous Les Produits\",\"item\":\"https:\\\/\\\/vitablanca.ma\\\/tous-les-produits\\\/\"},{\"@type\":\"ListItem\",\"position\":3,\"name\":\"Bioderma ABCDerm Huile Relaxante 200ml\"}]},{\"@type\":\"WebSite\",\"@id\":\"https:\\\/\\\/vitablanca.ma\\\/#website\",\"url\":\"https:\\\/\\\/vitablanca.ma\\\/\",\"name\":\"VitaBlanca.ma | Compl\u00e9ments alimentaires, sant\u00e9 & beaut\u00e9 au Maroc\",\"description\":\"vendre vitamines et compl\u00e9ments premium des USA &amp; Canada, Nouvelle Z\u00e9lande,Maroc (NOW Foods, Solgar, Manuka). Livraison rapide partout au Maroc.\",\"publisher\":{\"@id\":\"https:\\\/\\\/vitablanca.ma\\\/#organization\"},\"alternateName\":\"VitaBlanca.ma\",\"potentialAction\":[{\"@type\":\"SearchAction\",\"target\":{\"@type\":\"EntryPoint\",\"urlTemplate\":\"https:\\\/\\\/vitablanca.ma\\\/?s={search_term_string}\"},\"query-input\":{\"@type\":\"PropertyValueSpecification\",\"valueRequired\":true,\"valueName\":\"search_term_string\"}}],\"inLanguage\":\"ar\"},{\"@type\":\"Organization\",\"@id\":\"https:\\\/\\\/vitablanca.ma\\\/#organization\",\"name\":\"VitaBlanca\",\"url\":\"https:\\\/\\\/vitablanca.ma\\\/\",\"logo\":{\"@type\":\"ImageObject\",\"inLanguage\":\"ar\",\"@id\":\"https:\\\/\\\/vitablanca.ma\\\/#\\\/schema\\\/logo\\\/image\\\/\",\"url\":\"https:\\\/\\\/vitablanca.ma\\\/wp-content\\\/uploads\\\/2025\\\/05\\\/cropped-vitablanca.png\",\"contentUrl\":\"https:\\\/\\\/vitablanca.ma\\\/wp-content\\\/uploads\\\/2025\\\/05\\\/cropped-vitablanca.png\",\"width\":360,\"height\":67,\"caption\":\"VitaBlanca\"},\"image\":{\"@id\":\"https:\\\/\\\/vitablanca.ma\\\/#\\\/schema\\\/logo\\\/image\\\/\"},\"sameAs\":[\"https:\\\/\\\/www.facebook.com\\\/profile.php?id=61576678196717\",\"https:\\\/\\\/www.tiktok.com\\\/@vitablanca.ma\",\"https:\\\/\\\/www.instagram.com\\\/vitablanca.ma\\\/\"]}]}<\/script>\n<!-- \/ Yoast SEO plugin. -->","yoast_head_json":{"title":"Bioderma ABCDerm Huile Relaxante 200ml - Maroc Prix","description":"\u0632\u064a\u062a \u0627\u0644\u0627\u0633\u062a\u0631\u062e\u0627\u0621 \u0628\u064a\u0648\u062f\u064a\u0631\u0645\u0627 ABCDerm 200 \u0645\u0644","robots":{"index":"index","follow":"follow","max-snippet":"max-snippet:-1","max-image-preview":"max-image-preview:large","max-video-preview":"max-video-preview:-1"},"canonical":"https:\/\/vitablanca.ma\/ar\/product-2\/bioderma-abcderm-huile-relaxante-200ml\/","og_locale":"ar_AR","og_type":"article","og_title":"Bioderma ABCDerm Huile Relaxante 200ml - Maroc Prix","og_description":"Bioderma ABCDerm Huile Relaxante 200ml","og_url":"https:\/\/vitablanca.ma\/ar\/product-2\/bioderma-abcderm-huile-relaxante-200ml\/","og_site_name":"Vitablanca.ma &ndash; Sant&eacute;, vitalit&eacute; et bien-&ecirc;tre pour tous les Marocains","article_publisher":"https:\/\/www.facebook.com\/profile.php?id=61576678196717","article_modified_time":"2026-01-21T18:15:48+00:00","og_image":[{"width":1000,"height":1000,"url":"https:\/\/vitablanca.ma\/wp-content\/uploads\/2025\/06\/Bioderma-ABCDerm-Huile-Douceur-200ml-nova-parapharmacie-maroc.jpg","type":"image\/jpeg"}],"twitter_card":"summary_large_image","twitter_misc":{"\u0648\u0642\u062a \u0627\u0644\u0642\u0631\u0627\u0621\u0629 \u0627\u0644\u0645\u064f\u0642\u062f\u0651\u0631":"\u062f\u0642\u064a\u0642\u0629 \u0648\u0627\u062d\u062f\u0629"},"schema":{"@context":"https:\/\/schema.org","@graph":[{"@type":["WebPage","ItemPage"],"@id":"https:\/\/vitablanca.ma\/produit\/bioderma-abcderm-huile-relaxante-200ml\/","url":"https:\/\/vitablanca.ma\/produit\/bioderma-abcderm-huile-relaxante-200ml\/","name":"Bioderma ABCDerm Huile Relaxante 200ml - Maroc Prix","isPartOf":{"@id":"https:\/\/vitablanca.ma\/#website"},"primaryImageOfPage":{"@id":"https:\/\/vitablanca.ma\/produit\/bioderma-abcderm-huile-relaxante-200ml\/#primaryimage"},"image":{"@id":"https:\/\/vitablanca.ma\/produit\/bioderma-abcderm-huile-relaxante-200ml\/#primaryimage"},"thumbnailUrl":"https:\/\/vitablanca.ma\/wp-content\/uploads\/2025\/06\/Bioderma-ABCDerm-Huile-Douceur-200ml-nova-parapharmacie-maroc.jpg","datePublished":"2025-06-10T16:03:20+00:00","dateModified":"2026-01-21T18:15:48+00:00","description":"\u0632\u064a\u062a \u0627\u0644\u0627\u0633\u062a\u0631\u062e\u0627\u0621 \u0628\u064a\u0648\u062f\u064a\u0631\u0645\u0627 ABCDerm 200 \u0645\u0644","breadcrumb":{"@id":"https:\/\/vitablanca.ma\/produit\/bioderma-abcderm-huile-relaxante-200ml\/#breadcrumb"},"inLanguage":"ar","potentialAction":[{"@type":"ReadAction","target":["https:\/\/vitablanca.ma\/produit\/bioderma-abcderm-huile-relaxante-200ml\/"]}]},{"@type":"ImageObject","inLanguage":"ar","@id":"https:\/\/vitablanca.ma\/produit\/bioderma-abcderm-huile-relaxante-200ml\/#primaryimage","url":"https:\/\/vitablanca.ma\/wp-content\/uploads\/2025\/06\/Bioderma-ABCDerm-Huile-Douceur-200ml-nova-parapharmacie-maroc.jpg","contentUrl":"https:\/\/vitablanca.ma\/wp-content\/uploads\/2025\/06\/Bioderma-ABCDerm-Huile-Douceur-200ml-nova-parapharmacie-maroc.jpg","width":1000,"height":1000},{"@type":"BreadcrumbList","@id":"https:\/\/vitablanca.ma\/produit\/bioderma-abcderm-huile-relaxante-200ml\/#breadcrumb","itemListElement":[{"@type":"ListItem","position":1,"name":"Home","item":"https:\/\/vitablanca.ma\/"},{"@type":"ListItem","position":2,"name":"Tous Les Produits","item":"https:\/\/vitablanca.ma\/tous-les-produits\/"},{"@type":"ListItem","position":3,"name":"Bioderma ABCDerm Huile Relaxante 200ml"}]},{"@type":"WebSite","@id":"https:\/\/vitablanca.ma\/#website","url":"https:\/\/vitablanca.ma\/","name":"VitaBlanca.ma | \u0627\u0644\u0645\u0643\u0645\u0644\u0627\u062a \u0627\u0644\u063a\u0630\u0627\u0626\u064a\u0629\u060c \u0627\u0644\u0635\u062d\u0629 \u0648\u0627\u0644\u062c\u0645\u0627\u0644 \u0641\u064a \u0627\u0644\u0645\u063a\u0631\u0628","description":"\u0646\u0628\u064a\u0639 \u0641\u064a\u062a\u0627\u0645\u064a\u0646\u0627\u062a \u0648\u0645\u0643\u0645\u0644\u0627\u062a \u063a\u0630\u0627\u0626\u064a\u0629 \u0641\u0627\u062e\u0631\u0629 \u0645\u0646 \u0627\u0644\u0648\u0644\u0627\u064a\u0627\u062a \u0627\u0644\u0645\u062a\u062d\u062f\u0629 \u0627\u0644\u0623\u0645\u0631\u064a\u0643\u064a\u0629 \u0648\u0643\u0646\u062f\u0627 \u0648\u0646\u064a\u0648\u0632\u064a\u0644\u0646\u062f\u0627 \u0648\u0627\u0644\u0645\u063a\u0631\u0628 (\u0646\u0627\u0648 \u0641\u0648\u062f\u0632\u060c \u0633\u0648\u0644\u062c\u0627\u0631\u060c \u0645\u0627\u0646\u0648\u0643\u0627). \u062a\u0648\u0635\u064a\u0644 \u0633\u0631\u064a\u0639 \u0625\u0644\u0649 \u062c\u0645\u064a\u0639 \u0623\u0646\u062d\u0627\u0621 \u0627\u0644\u0645\u063a\u0631\u0628.","publisher":{"@id":"https:\/\/vitablanca.ma\/#organization"},"alternateName":"VitaBlanca.ma","potentialAction":[{"@type":"SearchAction","target":{"@type":"EntryPoint","urlTemplate":"https:\/\/vitablanca.ma\/?s={search_term_string}"},"query-input":{"@type":"PropertyValueSpecification","valueRequired":true,"valueName":"search_term_string"}}],"inLanguage":"ar"},{"@type":"Organization","@id":"https:\/\/vitablanca.ma\/#organization","name":"\u0641\u064a\u062a\u0627\u0628\u0644\u0627\u0646\u0643\u0627","url":"https:\/\/vitablanca.ma\/","logo":{"@type":"ImageObject","inLanguage":"ar","@id":"https:\/\/vitablanca.ma\/#\/schema\/logo\/image\/","url":"https:\/\/vitablanca.ma\/wp-content\/uploads\/2025\/05\/cropped-vitablanca.png","contentUrl":"https:\/\/vitablanca.ma\/wp-content\/uploads\/2025\/05\/cropped-vitablanca.png","width":360,"height":67,"caption":"VitaBlanca"},"image":{"@id":"https:\/\/vitablanca.ma\/#\/schema\/logo\/image\/"},"sameAs":["https:\/\/www.facebook.com\/profile.php?id=61576678196717","https:\/\/www.tiktok.com\/@vitablanca.ma","https:\/\/www.instagram.com\/vitablanca.ma\/"]}]}},"jetpack_sharing_enabled":true,"_links":{"self":[{"href":"https:\/\/vitablanca.ma\/ar\/wp-json\/wp\/v2\/product\/15588","targetHints":{"allow":["GET"]}}],"collection":[{"href":"https:\/\/vitablanca.ma\/ar\/wp-json\/wp\/v2\/product"}],"about":[{"href":"https:\/\/vitablanca.ma\/ar\/wp-json\/wp\/v2\/types\/product"}],"wp:featuredmedia":[{"embeddable":true,"href":"https:\/\/vitablanca.ma\/ar\/wp-json\/wp\/v2\/media\/15587"}],"wp:attachment":[{"href":"https:\/\/vitablanca.ma\/ar\/wp-json\/wp\/v2\/media?parent=15588"}],"wp:term":[{"taxonomy":"product_brand","embeddable":true,"href":"https:\/\/vitablanca.ma\/ar\/wp-json\/wp\/v2\/product_brand?post=15588"},{"taxonomy":"product_cat","embeddable":true,"href":"https:\/\/vitablanca.ma\/ar\/wp-json\/wp\/v2\/product_cat?post=15588"},{"taxonomy":"product_tag","embeddable":true,"href":"https:\/\/vitablanca.ma\/ar\/wp-json\/wp\/v2\/product_tag?post=15588"}],"curies":[{"name":"wp","href":"https:\/\/api.w.org\/{rel}","templated":true}]}}