{"id":15573,"date":"2025-06-10T16:02:50","date_gmt":"2025-06-10T16:02:50","guid":{"rendered":"https:\/\/vitablanca.ma\/product\/bella-aurora-bio10-forte-pigment-stop-peau-normale-a-seche-30ml\/"},"modified":"2025-06-10T16:02:50","modified_gmt":"2025-06-10T16:02:50","slug":"bella-aurora-bio10-forte-pigment-stop-peau-normale-a-seche-30ml","status":"publish","type":"product","link":"https:\/\/vitablanca.ma\/ar\/product-2\/bella-aurora-bio10-forte-pigment-stop-peau-normale-a-seche-30ml\/","title":{"rendered":"\u0628\u064a\u0644\u0627 \u0623\u0648\u0631\u0648\u0631\u0627 \u0628\u064a\u0648 10 \u0641\u0648\u0631\u062a \u0628\u064a\u062c\u0645\u0646\u062a \u0633\u062a\u0648\u0628 \u0644\u0644\u0628\u0634\u0631\u0629 \u0627\u0644\u0639\u0627\u062f\u064a\u0629 \u0625\u0644\u0649 \u0627\u0644\u062c\u0627\u0641\u0629 30 \u0645\u0644"},"content":{"rendered":"<h2>Bella Aurora Bio10 Forte Pigment Stop Peau Normale \u00e0 S\u00e8che<\/h2>\n<p>30m<\/p>\n<h3>\u0648\u0635\u0641:<\/h3>\n<p>S\u00e9rum \u00e9clat anti-t\u00e2che brunes peau normale \u00e0 s\u00e8che de la marque BELLA AURORA est id\u00e9al pour les t\u00e2ches brunes, les t\u00e2ches solaires, les t\u00e2ches s\u00e9niles et les marques de la peau. Ce produit de soin est efficace gr\u00e2ce \u00e0 sa combinaison de 4 actifs employant la technologie d\u00e9pigmentante exclusive B-CORE 221.<\/p>\n<div aria-labelledby=\"tab-title-description\" role=\"tabpanel\" id=\"tab-description\" class=\"woocommerce-Tabs-panel woocommerce-Tabs-panel--description panel entry-content wc-tab\">\n<p>Ce soin visage anti-t\u00e2che est parfaitement formul\u00e9 pour les peaux normales \u00e0 s\u00e8ches.<\/p>\n<p>Le s\u00e9rum \u00e9clat anti-t\u00e2che r\u00e9duit les t\u00e2ches existantes et en pr\u00e9vient l\u2019apparition en 4 semaines.<\/p>\n<h3><strong>\u0637\u0631\u064a\u0642\u0629 \u0627\u0644\u0627\u0633\u062a\u062e\u062f\u0627\u0645:<\/strong><\/h3>\n<ul>\n<li>Appliquer 2 fois par jour sur le visage pendant 8 semaines minimum.<\/li>\n<li>Etaler sur l\u2019ensemble du visage parfaitement propre<\/li>\n<\/ul>\n<p>N.B : Eviter tout contact avec les yeux. En cas de contact, rincer \u00e0 l\u2019eau.<\/p>\n<\/div>","protected":false},"excerpt":{"rendered":"<p>Bella Aurora Bio10 Forte Pigment Stop Peau Normale \u00e0 S\u00e8che 30m DESCRIPTION: S\u00e9rum \u00e9clat anti-t\u00e2che brunes peau normale \u00e0 s\u00e8che de la marque BELLA AURORA est id\u00e9al pour les t\u00e2ches brunes, les t\u00e2ches solaires, les t\u00e2ches s\u00e9niles et les marques de la peau. Ce produit de soin est efficace gr\u00e2ce \u00e0 sa combinaison de 4 [&hellip;]<\/p>\n","protected":false},"featured_media":15571,"template":"","meta":{"om_disable_all_campaigns":false},"product_brand":[],"product_cat":[15],"product_tag":[],"class_list":{"0":"post-15573","1":"product","2":"type-product","3":"status-publish","4":"has-post-thumbnail","6":"product_cat-beaute-sante-complements-alimentaires-soins-et-bien-etre-au-meilleur-prix","8":"first","9":"instock","10":"sale","11":"taxable","12":"shipping-taxable","13":"purchasable","14":"product-type-simple"},"yoast_head":"<!-- This site is optimized with the Yoast SEO plugin v27.4 - https:\/\/yoast.com\/product\/yoast-seo-wordpress\/ -->\n<title>Bella Aurora Bio10 Forte Pigment Stop Peau Normale \u00e0 S\u00e8che 30ml - Maroc Prix<\/title>\n<meta name=\"description\" content=\"Bella Aurora Bio10 Forte Pigment Stop Peau Normale \u00e0 S\u00e8che 30ml\" \/>\n<meta name=\"robots\" content=\"index, follow, max-snippet:-1, max-image-preview:large, max-video-preview:-1\" \/>\n<link rel=\"canonical\" href=\"https:\/\/vitablanca.ma\/ar\/product-2\/bella-aurora-bio10-forte-pigment-stop-peau-normale-a-seche-30ml\/\" \/>\n<meta property=\"og:locale\" content=\"ar_AR\" \/>\n<meta property=\"og:type\" content=\"article\" \/>\n<meta property=\"og:title\" content=\"Bella Aurora Bio10 Forte Pigment Stop Peau Normale \u00e0 S\u00e8che 30ml - Maroc Prix\" \/>\n<meta property=\"og:description\" content=\"Bella Aurora Bio10 Forte Pigment Stop Peau Normale \u00e0 S\u00e8che 30ml\" \/>\n<meta property=\"og:url\" content=\"https:\/\/vitablanca.ma\/ar\/product-2\/bella-aurora-bio10-forte-pigment-stop-peau-normale-a-seche-30ml\/\" \/>\n<meta property=\"og:site_name\" content=\"Vitablanca.ma &ndash; Sant&eacute;, vitalit&eacute; et bien-&ecirc;tre pour tous les Marocains\" \/>\n<meta property=\"article:publisher\" content=\"https:\/\/www.facebook.com\/profile.php?id=61576678196717\" \/>\n<meta property=\"og:image\" content=\"https:\/\/vitablanca.ma\/wp-content\/uploads\/2025\/06\/Bella-Aurora-Bio10-Forte-Pigment-Stop-Peau-Normale-a-Seche-30ml-prix-maroc-parapharmacie-casablanca.jpg\" \/>\n\t<meta property=\"og:image:width\" content=\"1000\" \/>\n\t<meta property=\"og:image:height\" content=\"1000\" \/>\n\t<meta property=\"og:image:type\" content=\"image\/jpeg\" \/>\n<meta name=\"twitter:card\" content=\"summary_large_image\" \/>\n<meta name=\"twitter:label1\" content=\"\u0648\u0642\u062a \u0627\u0644\u0642\u0631\u0627\u0621\u0629 \u0627\u0644\u0645\u064f\u0642\u062f\u0651\u0631\" \/>\n\t<meta name=\"twitter:data1\" content=\"\u062f\u0642\u064a\u0642\u0629 \u0648\u0627\u062d\u062f\u0629\" \/>\n<script type=\"application\/ld+json\" class=\"yoast-schema-graph\">{\"@context\":\"https:\\\/\\\/schema.org\",\"@graph\":[{\"@type\":[\"WebPage\",\"ItemPage\"],\"@id\":\"https:\\\/\\\/vitablanca.ma\\\/produit\\\/bella-aurora-bio10-forte-pigment-stop-peau-normale-a-seche-30ml\\\/\",\"url\":\"https:\\\/\\\/vitablanca.ma\\\/produit\\\/bella-aurora-bio10-forte-pigment-stop-peau-normale-a-seche-30ml\\\/\",\"name\":\"Bella Aurora Bio10 Forte Pigment Stop Peau Normale \u00e0 S\u00e8che 30ml - Maroc Prix\",\"isPartOf\":{\"@id\":\"https:\\\/\\\/vitablanca.ma\\\/#website\"},\"primaryImageOfPage\":{\"@id\":\"https:\\\/\\\/vitablanca.ma\\\/produit\\\/bella-aurora-bio10-forte-pigment-stop-peau-normale-a-seche-30ml\\\/#primaryimage\"},\"image\":{\"@id\":\"https:\\\/\\\/vitablanca.ma\\\/produit\\\/bella-aurora-bio10-forte-pigment-stop-peau-normale-a-seche-30ml\\\/#primaryimage\"},\"thumbnailUrl\":\"https:\\\/\\\/vitablanca.ma\\\/wp-content\\\/uploads\\\/2025\\\/06\\\/Bella-Aurora-Bio10-Forte-Pigment-Stop-Peau-Normale-a-Seche-30ml-prix-maroc-parapharmacie-casablanca.jpg\",\"datePublished\":\"2025-06-10T16:02:50+00:00\",\"description\":\"Bella Aurora Bio10 Forte Pigment Stop Peau Normale \u00e0 S\u00e8che 30ml\",\"breadcrumb\":{\"@id\":\"https:\\\/\\\/vitablanca.ma\\\/produit\\\/bella-aurora-bio10-forte-pigment-stop-peau-normale-a-seche-30ml\\\/#breadcrumb\"},\"inLanguage\":\"ar\",\"potentialAction\":[{\"@type\":\"ReadAction\",\"target\":[\"https:\\\/\\\/vitablanca.ma\\\/produit\\\/bella-aurora-bio10-forte-pigment-stop-peau-normale-a-seche-30ml\\\/\"]}]},{\"@type\":\"ImageObject\",\"inLanguage\":\"ar\",\"@id\":\"https:\\\/\\\/vitablanca.ma\\\/produit\\\/bella-aurora-bio10-forte-pigment-stop-peau-normale-a-seche-30ml\\\/#primaryimage\",\"url\":\"https:\\\/\\\/vitablanca.ma\\\/wp-content\\\/uploads\\\/2025\\\/06\\\/Bella-Aurora-Bio10-Forte-Pigment-Stop-Peau-Normale-a-Seche-30ml-prix-maroc-parapharmacie-casablanca.jpg\",\"contentUrl\":\"https:\\\/\\\/vitablanca.ma\\\/wp-content\\\/uploads\\\/2025\\\/06\\\/Bella-Aurora-Bio10-Forte-Pigment-Stop-Peau-Normale-a-Seche-30ml-prix-maroc-parapharmacie-casablanca.jpg\",\"width\":1000,\"height\":1000},{\"@type\":\"BreadcrumbList\",\"@id\":\"https:\\\/\\\/vitablanca.ma\\\/produit\\\/bella-aurora-bio10-forte-pigment-stop-peau-normale-a-seche-30ml\\\/#breadcrumb\",\"itemListElement\":[{\"@type\":\"ListItem\",\"position\":1,\"name\":\"Home\",\"item\":\"https:\\\/\\\/vitablanca.ma\\\/\"},{\"@type\":\"ListItem\",\"position\":2,\"name\":\"Tous Les Produits\",\"item\":\"https:\\\/\\\/vitablanca.ma\\\/tous-les-produits\\\/\"},{\"@type\":\"ListItem\",\"position\":3,\"name\":\"Bella Aurora Bio10 Forte Pigment Stop Peau Normale \u00e0 S\u00e8che 30ml\"}]},{\"@type\":\"WebSite\",\"@id\":\"https:\\\/\\\/vitablanca.ma\\\/#website\",\"url\":\"https:\\\/\\\/vitablanca.ma\\\/\",\"name\":\"VitaBlanca.ma | Compl\u00e9ments alimentaires, sant\u00e9 & beaut\u00e9 au Maroc\",\"description\":\"vendre vitamines et compl\u00e9ments premium des USA &amp; Canada, Nouvelle Z\u00e9lande,Maroc (NOW Foods, Solgar, Manuka). Livraison rapide partout au Maroc.\",\"publisher\":{\"@id\":\"https:\\\/\\\/vitablanca.ma\\\/#organization\"},\"alternateName\":\"VitaBlanca.ma\",\"potentialAction\":[{\"@type\":\"SearchAction\",\"target\":{\"@type\":\"EntryPoint\",\"urlTemplate\":\"https:\\\/\\\/vitablanca.ma\\\/?s={search_term_string}\"},\"query-input\":{\"@type\":\"PropertyValueSpecification\",\"valueRequired\":true,\"valueName\":\"search_term_string\"}}],\"inLanguage\":\"ar\"},{\"@type\":\"Organization\",\"@id\":\"https:\\\/\\\/vitablanca.ma\\\/#organization\",\"name\":\"VitaBlanca\",\"url\":\"https:\\\/\\\/vitablanca.ma\\\/\",\"logo\":{\"@type\":\"ImageObject\",\"inLanguage\":\"ar\",\"@id\":\"https:\\\/\\\/vitablanca.ma\\\/#\\\/schema\\\/logo\\\/image\\\/\",\"url\":\"https:\\\/\\\/vitablanca.ma\\\/wp-content\\\/uploads\\\/2025\\\/05\\\/cropped-vitablanca.png\",\"contentUrl\":\"https:\\\/\\\/vitablanca.ma\\\/wp-content\\\/uploads\\\/2025\\\/05\\\/cropped-vitablanca.png\",\"width\":360,\"height\":67,\"caption\":\"VitaBlanca\"},\"image\":{\"@id\":\"https:\\\/\\\/vitablanca.ma\\\/#\\\/schema\\\/logo\\\/image\\\/\"},\"sameAs\":[\"https:\\\/\\\/www.facebook.com\\\/profile.php?id=61576678196717\",\"https:\\\/\\\/www.tiktok.com\\\/@vitablanca.ma\",\"https:\\\/\\\/www.instagram.com\\\/vitablanca.ma\\\/\"]}]}<\/script>\n<!-- \/ Yoast SEO plugin. -->","yoast_head_json":{"title":"Bella Aurora Bio10 Forte Pigment Stop Peau Normale \u00e0 S\u00e8che 30ml - Maroc Prix","description":"\u0628\u064a\u0644\u0627 \u0623\u0648\u0631\u0648\u0631\u0627 \u0628\u064a\u0648 10 \u0641\u0648\u0631\u062a \u0628\u064a\u062c\u0645\u0646\u062a \u0633\u062a\u0648\u0628 \u0644\u0644\u0628\u0634\u0631\u0629 \u0627\u0644\u0639\u0627\u062f\u064a\u0629 \u0625\u0644\u0649 \u0627\u0644\u062c\u0627\u0641\u0629 30 \u0645\u0644","robots":{"index":"index","follow":"follow","max-snippet":"max-snippet:-1","max-image-preview":"max-image-preview:large","max-video-preview":"max-video-preview:-1"},"canonical":"https:\/\/vitablanca.ma\/ar\/product-2\/bella-aurora-bio10-forte-pigment-stop-peau-normale-a-seche-30ml\/","og_locale":"ar_AR","og_type":"article","og_title":"Bella Aurora Bio10 Forte Pigment Stop Peau Normale \u00e0 S\u00e8che 30ml - Maroc Prix","og_description":"Bella Aurora Bio10 Forte Pigment Stop Peau Normale \u00e0 S\u00e8che 30ml","og_url":"https:\/\/vitablanca.ma\/ar\/product-2\/bella-aurora-bio10-forte-pigment-stop-peau-normale-a-seche-30ml\/","og_site_name":"Vitablanca.ma &ndash; Sant&eacute;, vitalit&eacute; et bien-&ecirc;tre pour tous les Marocains","article_publisher":"https:\/\/www.facebook.com\/profile.php?id=61576678196717","og_image":[{"width":1000,"height":1000,"url":"https:\/\/vitablanca.ma\/wp-content\/uploads\/2025\/06\/Bella-Aurora-Bio10-Forte-Pigment-Stop-Peau-Normale-a-Seche-30ml-prix-maroc-parapharmacie-casablanca.jpg","type":"image\/jpeg"}],"twitter_card":"summary_large_image","twitter_misc":{"\u0648\u0642\u062a \u0627\u0644\u0642\u0631\u0627\u0621\u0629 \u0627\u0644\u0645\u064f\u0642\u062f\u0651\u0631":"\u062f\u0642\u064a\u0642\u0629 \u0648\u0627\u062d\u062f\u0629"},"schema":{"@context":"https:\/\/schema.org","@graph":[{"@type":["WebPage","ItemPage"],"@id":"https:\/\/vitablanca.ma\/produit\/bella-aurora-bio10-forte-pigment-stop-peau-normale-a-seche-30ml\/","url":"https:\/\/vitablanca.ma\/produit\/bella-aurora-bio10-forte-pigment-stop-peau-normale-a-seche-30ml\/","name":"Bella Aurora Bio10 Forte Pigment Stop Peau Normale \u00e0 S\u00e8che 30ml - Maroc Prix","isPartOf":{"@id":"https:\/\/vitablanca.ma\/#website"},"primaryImageOfPage":{"@id":"https:\/\/vitablanca.ma\/produit\/bella-aurora-bio10-forte-pigment-stop-peau-normale-a-seche-30ml\/#primaryimage"},"image":{"@id":"https:\/\/vitablanca.ma\/produit\/bella-aurora-bio10-forte-pigment-stop-peau-normale-a-seche-30ml\/#primaryimage"},"thumbnailUrl":"https:\/\/vitablanca.ma\/wp-content\/uploads\/2025\/06\/Bella-Aurora-Bio10-Forte-Pigment-Stop-Peau-Normale-a-Seche-30ml-prix-maroc-parapharmacie-casablanca.jpg","datePublished":"2025-06-10T16:02:50+00:00","description":"\u0628\u064a\u0644\u0627 \u0623\u0648\u0631\u0648\u0631\u0627 \u0628\u064a\u0648 10 \u0641\u0648\u0631\u062a \u0628\u064a\u062c\u0645\u0646\u062a \u0633\u062a\u0648\u0628 \u0644\u0644\u0628\u0634\u0631\u0629 \u0627\u0644\u0639\u0627\u062f\u064a\u0629 \u0625\u0644\u0649 \u0627\u0644\u062c\u0627\u0641\u0629 30 \u0645\u0644","breadcrumb":{"@id":"https:\/\/vitablanca.ma\/produit\/bella-aurora-bio10-forte-pigment-stop-peau-normale-a-seche-30ml\/#breadcrumb"},"inLanguage":"ar","potentialAction":[{"@type":"ReadAction","target":["https:\/\/vitablanca.ma\/produit\/bella-aurora-bio10-forte-pigment-stop-peau-normale-a-seche-30ml\/"]}]},{"@type":"ImageObject","inLanguage":"ar","@id":"https:\/\/vitablanca.ma\/produit\/bella-aurora-bio10-forte-pigment-stop-peau-normale-a-seche-30ml\/#primaryimage","url":"https:\/\/vitablanca.ma\/wp-content\/uploads\/2025\/06\/Bella-Aurora-Bio10-Forte-Pigment-Stop-Peau-Normale-a-Seche-30ml-prix-maroc-parapharmacie-casablanca.jpg","contentUrl":"https:\/\/vitablanca.ma\/wp-content\/uploads\/2025\/06\/Bella-Aurora-Bio10-Forte-Pigment-Stop-Peau-Normale-a-Seche-30ml-prix-maroc-parapharmacie-casablanca.jpg","width":1000,"height":1000},{"@type":"BreadcrumbList","@id":"https:\/\/vitablanca.ma\/produit\/bella-aurora-bio10-forte-pigment-stop-peau-normale-a-seche-30ml\/#breadcrumb","itemListElement":[{"@type":"ListItem","position":1,"name":"Home","item":"https:\/\/vitablanca.ma\/"},{"@type":"ListItem","position":2,"name":"Tous Les Produits","item":"https:\/\/vitablanca.ma\/tous-les-produits\/"},{"@type":"ListItem","position":3,"name":"Bella Aurora Bio10 Forte Pigment Stop Peau Normale \u00e0 S\u00e8che 30ml"}]},{"@type":"WebSite","@id":"https:\/\/vitablanca.ma\/#website","url":"https:\/\/vitablanca.ma\/","name":"VitaBlanca.ma | \u0627\u0644\u0645\u0643\u0645\u0644\u0627\u062a \u0627\u0644\u063a\u0630\u0627\u0626\u064a\u0629\u060c \u0627\u0644\u0635\u062d\u0629 \u0648\u0627\u0644\u062c\u0645\u0627\u0644 \u0641\u064a \u0627\u0644\u0645\u063a\u0631\u0628","description":"\u0646\u0628\u064a\u0639 \u0641\u064a\u062a\u0627\u0645\u064a\u0646\u0627\u062a \u0648\u0645\u0643\u0645\u0644\u0627\u062a \u063a\u0630\u0627\u0626\u064a\u0629 \u0641\u0627\u062e\u0631\u0629 \u0645\u0646 \u0627\u0644\u0648\u0644\u0627\u064a\u0627\u062a \u0627\u0644\u0645\u062a\u062d\u062f\u0629 \u0627\u0644\u0623\u0645\u0631\u064a\u0643\u064a\u0629 \u0648\u0643\u0646\u062f\u0627 \u0648\u0646\u064a\u0648\u0632\u064a\u0644\u0646\u062f\u0627 \u0648\u0627\u0644\u0645\u063a\u0631\u0628 (\u0646\u0627\u0648 \u0641\u0648\u062f\u0632\u060c \u0633\u0648\u0644\u062c\u0627\u0631\u060c \u0645\u0627\u0646\u0648\u0643\u0627). \u062a\u0648\u0635\u064a\u0644 \u0633\u0631\u064a\u0639 \u0625\u0644\u0649 \u062c\u0645\u064a\u0639 \u0623\u0646\u062d\u0627\u0621 \u0627\u0644\u0645\u063a\u0631\u0628.","publisher":{"@id":"https:\/\/vitablanca.ma\/#organization"},"alternateName":"VitaBlanca.ma","potentialAction":[{"@type":"SearchAction","target":{"@type":"EntryPoint","urlTemplate":"https:\/\/vitablanca.ma\/?s={search_term_string}"},"query-input":{"@type":"PropertyValueSpecification","valueRequired":true,"valueName":"search_term_string"}}],"inLanguage":"ar"},{"@type":"Organization","@id":"https:\/\/vitablanca.ma\/#organization","name":"\u0641\u064a\u062a\u0627\u0628\u0644\u0627\u0646\u0643\u0627","url":"https:\/\/vitablanca.ma\/","logo":{"@type":"ImageObject","inLanguage":"ar","@id":"https:\/\/vitablanca.ma\/#\/schema\/logo\/image\/","url":"https:\/\/vitablanca.ma\/wp-content\/uploads\/2025\/05\/cropped-vitablanca.png","contentUrl":"https:\/\/vitablanca.ma\/wp-content\/uploads\/2025\/05\/cropped-vitablanca.png","width":360,"height":67,"caption":"VitaBlanca"},"image":{"@id":"https:\/\/vitablanca.ma\/#\/schema\/logo\/image\/"},"sameAs":["https:\/\/www.facebook.com\/profile.php?id=61576678196717","https:\/\/www.tiktok.com\/@vitablanca.ma","https:\/\/www.instagram.com\/vitablanca.ma\/"]}]}},"jetpack_sharing_enabled":true,"_links":{"self":[{"href":"https:\/\/vitablanca.ma\/ar\/wp-json\/wp\/v2\/product\/15573","targetHints":{"allow":["GET"]}}],"collection":[{"href":"https:\/\/vitablanca.ma\/ar\/wp-json\/wp\/v2\/product"}],"about":[{"href":"https:\/\/vitablanca.ma\/ar\/wp-json\/wp\/v2\/types\/product"}],"wp:featuredmedia":[{"embeddable":true,"href":"https:\/\/vitablanca.ma\/ar\/wp-json\/wp\/v2\/media\/15571"}],"wp:attachment":[{"href":"https:\/\/vitablanca.ma\/ar\/wp-json\/wp\/v2\/media?parent=15573"}],"wp:term":[{"taxonomy":"product_brand","embeddable":true,"href":"https:\/\/vitablanca.ma\/ar\/wp-json\/wp\/v2\/product_brand?post=15573"},{"taxonomy":"product_cat","embeddable":true,"href":"https:\/\/vitablanca.ma\/ar\/wp-json\/wp\/v2\/product_cat?post=15573"},{"taxonomy":"product_tag","embeddable":true,"href":"https:\/\/vitablanca.ma\/ar\/wp-json\/wp\/v2\/product_tag?post=15573"}],"curies":[{"name":"wp","href":"https:\/\/api.w.org\/{rel}","templated":true}]}}