{"id":15572,"date":"2025-06-10T16:02:49","date_gmt":"2025-06-10T16:02:49","guid":{"rendered":"https:\/\/vitablanca.ma\/product\/bebe-confort-assiette-en-bambou-avec-compartiments-jungle-vibes-9m\/"},"modified":"2025-06-10T16:02:49","modified_gmt":"2025-06-10T16:02:49","slug":"bebe-confort-assiette-en-bambou-avec-compartiments-jungle-vibes-9m","status":"publish","type":"product","link":"https:\/\/vitablanca.ma\/ar\/product-2\/bebe-confort-assiette-en-bambou-avec-compartiments-jungle-vibes-9m\/","title":{"rendered":"B\u00e9b\u00e9 Confort Assiette En Bambou Avec Compartiments Jungle Vibes +9m"},"content":{"rendered":"<h2>B\u00e9b\u00e9 Confort Assiette En Bambou Avec Compartiments Jungle Vibes +9m<\/h2>\n<p><strong>Assiette d\u2019apprentissage en bambou avec compartiments jungle vibes<\/strong><span>\u00a0<\/span>\u0645\u0646 \u0627\u0644\u0639\u0644\u0627\u0645\u0629 \u0627\u0644\u062a\u062c\u0627\u0631\u064a\u0629 B\u00e9b\u00e9 Confort \u0645\u062b\u0627\u0644\u064a\u0629 \u0644\u062a\u0639\u0631\u064a\u0641 \u0637\u0641\u0644\u0643 \u0628\u0645\u062a\u0639\u0629 \u062a\u0646\u0627\u0648\u0644 \u0648\u062c\u0628\u0627\u062a\u0647 \u0627\u0644\u0623\u0648\u0644\u0649.<\/p>\n<p>\u064a\u0645\u0643\u0646\u0643 \u062a\u0631\u062a\u064a\u0628 \u0627\u0644\u0648\u062c\u0628\u0629 \u0628\u0623\u0643\u0645\u0644\u0647\u0627 \u0641\u064a<span>\u00a0<\/span><strong>3 \u062d\u062c\u0631\u0627\u062a<\/strong><span>\u00a0<\/span>\u0645\u0646 \u0647\u0630\u0647 \u0627\u0644\u0644\u0648\u062d\u0629 \u0627\u0644\u062c\u0645\u064a\u0644\u0629 \u0641\u064a<span>\u00a0<\/span><strong>\u0642\u0633\u0645 \u0645\u0646 \u0627\u0644\u062e\u064a\u0632\u0631\u0627\u0646 \u0644\u0631\u0627\u062d\u0629 \u0627\u0644\u0637\u0641\u0644<\/strong><span>\u00a0<\/span>\u062d\u062a\u0649 \u064a\u062a\u0645\u0643\u0646 \u0637\u0641\u0644\u0643 \u0645\u0646 \u062a\u0646\u0627\u0648\u0644 \u0643\u0644 \u0645\u0627 \u062a\u0642\u062f\u0645\u0647 \u0644\u0647 \u062d\u0633\u0628 \u0631\u063a\u0628\u062a\u0647.<\/p>\n<p>\u0627\u0644\u0644\u0648\u062d\u0629 \u0645\u0635\u0646\u0648\u0639\u0629 \u0645\u0646 \u0623\u0644\u064a\u0627\u0641 \u0627\u0644\u062e\u064a\u0632\u0631\u0627\u0646 \u0648\u0647\u064a \u0622\u0645\u0646\u0629 \u0644\u0644\u0627\u0633\u062a\u062e\u062f\u0627\u0645 \u0641\u064a \u063a\u0633\u0627\u0644\u0629 \u0627\u0644\u0623\u0637\u0628\u0627\u0642.<\/p>\n<p><strong>Un joli cadeau \u00e0 offrir ou \u00e0 <\/strong><strong>s<\/strong><strong>\u2019offrir !<\/strong><\/p>\n<h3>\n<strong>Caract\u00e9rist<\/strong><strong>iques<\/strong><em><strong> :<\/strong><\/em><br \/>\n<\/h3>\n<ul>\n<li>\u0622\u0645\u0646\u0629 \u0644\u0644\u0627\u0633\u062a\u062e\u062f\u0627\u0645 \u0641\u064a \u063a\u0633\u0627\u0644\u0629 \u0627\u0644\u0623\u0637\u0628\u0627\u0642 \u0648\u0627\u0644\u0645\u064a\u0643\u0631\u0648\u0648\u064a\u0641 \u0648\u0627\u0644\u062b\u0644\u0627\u062c\u0629.<\/li>\n<li>\u062f\u064a\u0643\u0648\u0631\u0627\u062a \u062c\u0630\u0627\u0628\u0629 \u062a\u062c\u0639\u0644 \u0627\u0644\u0637\u0641\u0644 \u064a\u0631\u063a\u0628 \u0641\u064a \u062a\u0646\u0627\u0648\u0644 \u0627\u0644\u0637\u0639\u0627\u0645.<\/li>\n<li>3 \u062d\u062c\u0631\u0627\u062a<\/li>\n<li>\u0633\u0647\u0644\u0629 \u0627\u0644\u063a\u0633\u0644.<\/li>\n<li>\u0623\u0644\u064a\u0627\u0641 \u0627\u0644\u062e\u064a\u0632\u0631\u0627\u0646<\/li>\n<li>\u0648\u0644\u062f \u0648\u0628\u0646\u062a<\/li>\n<li>\u0627\u0644\u0639\u0645\u0631: 9 \u0623\u0634\u0647\u0631 +<\/li>\n<\/ul>\n<p><strong>\u0631\u0627\u062d\u0629 \u0627\u0644\u0637\u0641\u0644<\/strong><span>\u00a0<\/span>\u0644\u0642\u062f \u0627\u0643\u062a\u0633\u0628 \u0627\u062d\u062a\u0631\u0627\u0645 \u062c\u0645\u064a\u0639 \u0627\u0644\u0634\u0631\u0643\u0627\u062a \u0627\u0644\u0645\u062e\u0635\u0635\u0629 \u0644\u0640<span>\u00a0<\/span><strong>\u0639\u0627\u0644\u0645 \u0631\u0639\u0627\u064a\u0629 \u0627\u0644\u0623\u0637\u0641\u0627\u0644<\/strong><span>\u00a0<\/span>\u0641\u064a<span>\u00a0<\/span><strong>\u062c\u0639\u0644 \u0627\u0644\u062d\u064a\u0627\u0629 \u0623\u0633\u0647\u0644 \u0644\u0644\u0623\u0637\u0641\u0627\u0644 \u0648\u0627\u0644\u0622\u0628\u0627\u0621<\/strong>.<\/p>\n<h3>\u0637\u0631\u064a\u0642\u0629 \u0627\u0644\u0627\u0633\u062a\u062e\u062f\u0627\u0645<\/h3>\n<p>\u0622\u0645\u0646\u0629 \u0644\u0644\u0627\u0633\u062a\u062e\u062f\u0627\u0645 \u0641\u064a \u063a\u0633\u0627\u0644\u0629 \u0627\u0644\u0623\u0637\u0628\u0627\u0642 \u0648\u0627\u0644\u0645\u064a\u0643\u0631\u0648\u0648\u064a\u0641 \u0648\u0627\u0644\u062b\u0644\u0627\u062c\u0629.<\/p>\n<div class=\"tab-panels\">\n<div class=\"woocommerce-Tabs-panel woocommerce-Tabs-panel--conseils-dutilisation panel entry-content active\" id=\"tab-conseils-dutilisation\" role=\"tabpanel\" aria-labelledby=\"tab-title-conseils-dutilisation\"><\/div>\n<\/div>","protected":false},"excerpt":{"rendered":"<p>B\u00e9b\u00e9 Confort Assiette En Bambou Avec Compartiments Jungle Vibes +9m Assiette d\u2019apprentissage en bambou avec compartiments jungle vibes\u00a0de la marque b\u00e9b\u00e9 confort est id\u00e9ale pour faire d\u00e9couvrir le b\u00e9b\u00e9 le plaisir de manger ses premiers repas. Vous pourrez disposer l\u2019ensemble du repas dans les\u00a03 compartiments\u00a0de cette jolie assiette en\u00a0bambou compartiment\u00e9e b\u00e9b\u00e9 confort\u00a0pour que votre enfant [&hellip;]<\/p>\n","protected":false},"featured_media":15570,"template":"","meta":{"om_disable_all_campaigns":false},"product_brand":[],"product_cat":[15],"product_tag":[],"class_list":{"0":"post-15572","1":"product","2":"type-product","3":"status-publish","4":"has-post-thumbnail","6":"product_cat-beaute-sante-complements-alimentaires-soins-et-bien-etre-au-meilleur-prix","8":"first","9":"instock","10":"sale","11":"taxable","12":"shipping-taxable","13":"purchasable","14":"product-type-simple"},"yoast_head":"<!-- This site is optimized with the Yoast SEO plugin v27.4 - https:\/\/yoast.com\/product\/yoast-seo-wordpress\/ -->\n<title>B\u00e9b\u00e9 Confort Assiette En Bambou Avec Compartiments Jungle Vibes +9m - Maroc Prix<\/title>\n<meta name=\"description\" content=\"B\u00e9b\u00e9 Confort Assiette En Bambou Avec Compartiments Jungle Vibes +9m\" \/>\n<meta name=\"robots\" content=\"index, follow, max-snippet:-1, max-image-preview:large, max-video-preview:-1\" \/>\n<link rel=\"canonical\" href=\"https:\/\/vitablanca.ma\/ar\/product-2\/bebe-confort-assiette-en-bambou-avec-compartiments-jungle-vibes-9m\/\" \/>\n<meta property=\"og:locale\" content=\"ar_AR\" \/>\n<meta property=\"og:type\" content=\"article\" \/>\n<meta property=\"og:title\" content=\"B\u00e9b\u00e9 Confort Assiette En Bambou Avec Compartiments Jungle Vibes +9m - Maroc Prix\" \/>\n<meta property=\"og:description\" content=\"B\u00e9b\u00e9 Confort Assiette En Bambou Avec Compartiments Jungle Vibes +9m\" \/>\n<meta property=\"og:url\" content=\"https:\/\/vitablanca.ma\/ar\/product-2\/bebe-confort-assiette-en-bambou-avec-compartiments-jungle-vibes-9m\/\" \/>\n<meta property=\"og:site_name\" content=\"Vitablanca.ma &ndash; Sant&eacute;, vitalit&eacute; et bien-&ecirc;tre pour tous les Marocains\" \/>\n<meta property=\"article:publisher\" content=\"https:\/\/www.facebook.com\/profile.php?id=61576678196717\" \/>\n<meta property=\"og:image\" content=\"https:\/\/vitablanca.ma\/wp-content\/uploads\/2025\/06\/Bebe-Confort-Assiette-En-Bambou-Avec-Compartiments-Jungle-Vibes-_9m-nova-parapharmacie-casablanca.jpg\" \/>\n\t<meta property=\"og:image:width\" content=\"1000\" \/>\n\t<meta property=\"og:image:height\" content=\"1000\" \/>\n\t<meta property=\"og:image:type\" content=\"image\/jpeg\" \/>\n<meta name=\"twitter:card\" content=\"summary_large_image\" \/>\n<meta name=\"twitter:label1\" content=\"\u0648\u0642\u062a \u0627\u0644\u0642\u0631\u0627\u0621\u0629 \u0627\u0644\u0645\u064f\u0642\u062f\u0651\u0631\" \/>\n\t<meta name=\"twitter:data1\" content=\"\u062f\u0642\u064a\u0642\u0629 \u0648\u0627\u062d\u062f\u0629\" \/>\n<script type=\"application\/ld+json\" class=\"yoast-schema-graph\">{\"@context\":\"https:\\\/\\\/schema.org\",\"@graph\":[{\"@type\":[\"WebPage\",\"ItemPage\"],\"@id\":\"https:\\\/\\\/vitablanca.ma\\\/produit\\\/bebe-confort-assiette-en-bambou-avec-compartiments-jungle-vibes-9m\\\/\",\"url\":\"https:\\\/\\\/vitablanca.ma\\\/produit\\\/bebe-confort-assiette-en-bambou-avec-compartiments-jungle-vibes-9m\\\/\",\"name\":\"B\u00e9b\u00e9 Confort Assiette En Bambou Avec Compartiments Jungle Vibes +9m - Maroc Prix\",\"isPartOf\":{\"@id\":\"https:\\\/\\\/vitablanca.ma\\\/#website\"},\"primaryImageOfPage\":{\"@id\":\"https:\\\/\\\/vitablanca.ma\\\/produit\\\/bebe-confort-assiette-en-bambou-avec-compartiments-jungle-vibes-9m\\\/#primaryimage\"},\"image\":{\"@id\":\"https:\\\/\\\/vitablanca.ma\\\/produit\\\/bebe-confort-assiette-en-bambou-avec-compartiments-jungle-vibes-9m\\\/#primaryimage\"},\"thumbnailUrl\":\"https:\\\/\\\/vitablanca.ma\\\/wp-content\\\/uploads\\\/2025\\\/06\\\/Bebe-Confort-Assiette-En-Bambou-Avec-Compartiments-Jungle-Vibes-_9m-nova-parapharmacie-casablanca.jpg\",\"datePublished\":\"2025-06-10T16:02:49+00:00\",\"description\":\"B\u00e9b\u00e9 Confort Assiette En Bambou Avec Compartiments Jungle Vibes +9m\",\"breadcrumb\":{\"@id\":\"https:\\\/\\\/vitablanca.ma\\\/produit\\\/bebe-confort-assiette-en-bambou-avec-compartiments-jungle-vibes-9m\\\/#breadcrumb\"},\"inLanguage\":\"ar\",\"potentialAction\":[{\"@type\":\"ReadAction\",\"target\":[\"https:\\\/\\\/vitablanca.ma\\\/produit\\\/bebe-confort-assiette-en-bambou-avec-compartiments-jungle-vibes-9m\\\/\"]}]},{\"@type\":\"ImageObject\",\"inLanguage\":\"ar\",\"@id\":\"https:\\\/\\\/vitablanca.ma\\\/produit\\\/bebe-confort-assiette-en-bambou-avec-compartiments-jungle-vibes-9m\\\/#primaryimage\",\"url\":\"https:\\\/\\\/vitablanca.ma\\\/wp-content\\\/uploads\\\/2025\\\/06\\\/Bebe-Confort-Assiette-En-Bambou-Avec-Compartiments-Jungle-Vibes-_9m-nova-parapharmacie-casablanca.jpg\",\"contentUrl\":\"https:\\\/\\\/vitablanca.ma\\\/wp-content\\\/uploads\\\/2025\\\/06\\\/Bebe-Confort-Assiette-En-Bambou-Avec-Compartiments-Jungle-Vibes-_9m-nova-parapharmacie-casablanca.jpg\",\"width\":1000,\"height\":1000},{\"@type\":\"BreadcrumbList\",\"@id\":\"https:\\\/\\\/vitablanca.ma\\\/produit\\\/bebe-confort-assiette-en-bambou-avec-compartiments-jungle-vibes-9m\\\/#breadcrumb\",\"itemListElement\":[{\"@type\":\"ListItem\",\"position\":1,\"name\":\"Home\",\"item\":\"https:\\\/\\\/vitablanca.ma\\\/\"},{\"@type\":\"ListItem\",\"position\":2,\"name\":\"Tous Les Produits\",\"item\":\"https:\\\/\\\/vitablanca.ma\\\/tous-les-produits\\\/\"},{\"@type\":\"ListItem\",\"position\":3,\"name\":\"B\u00e9b\u00e9 Confort Assiette En Bambou Avec Compartiments Jungle Vibes +9m\"}]},{\"@type\":\"WebSite\",\"@id\":\"https:\\\/\\\/vitablanca.ma\\\/#website\",\"url\":\"https:\\\/\\\/vitablanca.ma\\\/\",\"name\":\"VitaBlanca.ma | Compl\u00e9ments alimentaires, sant\u00e9 & beaut\u00e9 au Maroc\",\"description\":\"vendre vitamines et compl\u00e9ments premium des USA &amp; Canada, Nouvelle Z\u00e9lande,Maroc (NOW Foods, Solgar, Manuka). Livraison rapide partout au Maroc.\",\"publisher\":{\"@id\":\"https:\\\/\\\/vitablanca.ma\\\/#organization\"},\"alternateName\":\"VitaBlanca.ma\",\"potentialAction\":[{\"@type\":\"SearchAction\",\"target\":{\"@type\":\"EntryPoint\",\"urlTemplate\":\"https:\\\/\\\/vitablanca.ma\\\/?s={search_term_string}\"},\"query-input\":{\"@type\":\"PropertyValueSpecification\",\"valueRequired\":true,\"valueName\":\"search_term_string\"}}],\"inLanguage\":\"ar\"},{\"@type\":\"Organization\",\"@id\":\"https:\\\/\\\/vitablanca.ma\\\/#organization\",\"name\":\"VitaBlanca\",\"url\":\"https:\\\/\\\/vitablanca.ma\\\/\",\"logo\":{\"@type\":\"ImageObject\",\"inLanguage\":\"ar\",\"@id\":\"https:\\\/\\\/vitablanca.ma\\\/#\\\/schema\\\/logo\\\/image\\\/\",\"url\":\"https:\\\/\\\/vitablanca.ma\\\/wp-content\\\/uploads\\\/2025\\\/05\\\/cropped-vitablanca.png\",\"contentUrl\":\"https:\\\/\\\/vitablanca.ma\\\/wp-content\\\/uploads\\\/2025\\\/05\\\/cropped-vitablanca.png\",\"width\":360,\"height\":67,\"caption\":\"VitaBlanca\"},\"image\":{\"@id\":\"https:\\\/\\\/vitablanca.ma\\\/#\\\/schema\\\/logo\\\/image\\\/\"},\"sameAs\":[\"https:\\\/\\\/www.facebook.com\\\/profile.php?id=61576678196717\",\"https:\\\/\\\/www.tiktok.com\\\/@vitablanca.ma\",\"https:\\\/\\\/www.instagram.com\\\/vitablanca.ma\\\/\"]}]}<\/script>\n<!-- \/ Yoast SEO plugin. -->","yoast_head_json":{"title":"B\u00e9b\u00e9 Confort Assiette En Bambou Avec Compartiments Jungle Vibes +9m - Maroc Prix","description":"B\u00e9b\u00e9 Confort Assiette En Bambou Avec Compartiments Jungle Vibes +9m","robots":{"index":"index","follow":"follow","max-snippet":"max-snippet:-1","max-image-preview":"max-image-preview:large","max-video-preview":"max-video-preview:-1"},"canonical":"https:\/\/vitablanca.ma\/ar\/product-2\/bebe-confort-assiette-en-bambou-avec-compartiments-jungle-vibes-9m\/","og_locale":"ar_AR","og_type":"article","og_title":"B\u00e9b\u00e9 Confort Assiette En Bambou Avec Compartiments Jungle Vibes +9m - Maroc Prix","og_description":"B\u00e9b\u00e9 Confort Assiette En Bambou Avec Compartiments Jungle Vibes +9m","og_url":"https:\/\/vitablanca.ma\/ar\/product-2\/bebe-confort-assiette-en-bambou-avec-compartiments-jungle-vibes-9m\/","og_site_name":"Vitablanca.ma &ndash; Sant&eacute;, vitalit&eacute; et bien-&ecirc;tre pour tous les Marocains","article_publisher":"https:\/\/www.facebook.com\/profile.php?id=61576678196717","og_image":[{"width":1000,"height":1000,"url":"https:\/\/vitablanca.ma\/wp-content\/uploads\/2025\/06\/Bebe-Confort-Assiette-En-Bambou-Avec-Compartiments-Jungle-Vibes-_9m-nova-parapharmacie-casablanca.jpg","type":"image\/jpeg"}],"twitter_card":"summary_large_image","twitter_misc":{"\u0648\u0642\u062a \u0627\u0644\u0642\u0631\u0627\u0621\u0629 \u0627\u0644\u0645\u064f\u0642\u062f\u0651\u0631":"\u062f\u0642\u064a\u0642\u0629 \u0648\u0627\u062d\u062f\u0629"},"schema":{"@context":"https:\/\/schema.org","@graph":[{"@type":["WebPage","ItemPage"],"@id":"https:\/\/vitablanca.ma\/produit\/bebe-confort-assiette-en-bambou-avec-compartiments-jungle-vibes-9m\/","url":"https:\/\/vitablanca.ma\/produit\/bebe-confort-assiette-en-bambou-avec-compartiments-jungle-vibes-9m\/","name":"B\u00e9b\u00e9 Confort Assiette En Bambou Avec Compartiments Jungle Vibes +9m - Maroc Prix","isPartOf":{"@id":"https:\/\/vitablanca.ma\/#website"},"primaryImageOfPage":{"@id":"https:\/\/vitablanca.ma\/produit\/bebe-confort-assiette-en-bambou-avec-compartiments-jungle-vibes-9m\/#primaryimage"},"image":{"@id":"https:\/\/vitablanca.ma\/produit\/bebe-confort-assiette-en-bambou-avec-compartiments-jungle-vibes-9m\/#primaryimage"},"thumbnailUrl":"https:\/\/vitablanca.ma\/wp-content\/uploads\/2025\/06\/Bebe-Confort-Assiette-En-Bambou-Avec-Compartiments-Jungle-Vibes-_9m-nova-parapharmacie-casablanca.jpg","datePublished":"2025-06-10T16:02:49+00:00","description":"B\u00e9b\u00e9 Confort Assiette En Bambou Avec Compartiments Jungle Vibes +9m","breadcrumb":{"@id":"https:\/\/vitablanca.ma\/produit\/bebe-confort-assiette-en-bambou-avec-compartiments-jungle-vibes-9m\/#breadcrumb"},"inLanguage":"ar","potentialAction":[{"@type":"ReadAction","target":["https:\/\/vitablanca.ma\/produit\/bebe-confort-assiette-en-bambou-avec-compartiments-jungle-vibes-9m\/"]}]},{"@type":"ImageObject","inLanguage":"ar","@id":"https:\/\/vitablanca.ma\/produit\/bebe-confort-assiette-en-bambou-avec-compartiments-jungle-vibes-9m\/#primaryimage","url":"https:\/\/vitablanca.ma\/wp-content\/uploads\/2025\/06\/Bebe-Confort-Assiette-En-Bambou-Avec-Compartiments-Jungle-Vibes-_9m-nova-parapharmacie-casablanca.jpg","contentUrl":"https:\/\/vitablanca.ma\/wp-content\/uploads\/2025\/06\/Bebe-Confort-Assiette-En-Bambou-Avec-Compartiments-Jungle-Vibes-_9m-nova-parapharmacie-casablanca.jpg","width":1000,"height":1000},{"@type":"BreadcrumbList","@id":"https:\/\/vitablanca.ma\/produit\/bebe-confort-assiette-en-bambou-avec-compartiments-jungle-vibes-9m\/#breadcrumb","itemListElement":[{"@type":"ListItem","position":1,"name":"Home","item":"https:\/\/vitablanca.ma\/"},{"@type":"ListItem","position":2,"name":"Tous Les Produits","item":"https:\/\/vitablanca.ma\/tous-les-produits\/"},{"@type":"ListItem","position":3,"name":"B\u00e9b\u00e9 Confort Assiette En Bambou Avec Compartiments Jungle Vibes +9m"}]},{"@type":"WebSite","@id":"https:\/\/vitablanca.ma\/#website","url":"https:\/\/vitablanca.ma\/","name":"VitaBlanca.ma | \u0627\u0644\u0645\u0643\u0645\u0644\u0627\u062a \u0627\u0644\u063a\u0630\u0627\u0626\u064a\u0629\u060c \u0627\u0644\u0635\u062d\u0629 \u0648\u0627\u0644\u062c\u0645\u0627\u0644 \u0641\u064a \u0627\u0644\u0645\u063a\u0631\u0628","description":"\u0646\u0628\u064a\u0639 \u0641\u064a\u062a\u0627\u0645\u064a\u0646\u0627\u062a \u0648\u0645\u0643\u0645\u0644\u0627\u062a \u063a\u0630\u0627\u0626\u064a\u0629 \u0641\u0627\u062e\u0631\u0629 \u0645\u0646 \u0627\u0644\u0648\u0644\u0627\u064a\u0627\u062a \u0627\u0644\u0645\u062a\u062d\u062f\u0629 \u0627\u0644\u0623\u0645\u0631\u064a\u0643\u064a\u0629 \u0648\u0643\u0646\u062f\u0627 \u0648\u0646\u064a\u0648\u0632\u064a\u0644\u0646\u062f\u0627 \u0648\u0627\u0644\u0645\u063a\u0631\u0628 (\u0646\u0627\u0648 \u0641\u0648\u062f\u0632\u060c \u0633\u0648\u0644\u062c\u0627\u0631\u060c \u0645\u0627\u0646\u0648\u0643\u0627). \u062a\u0648\u0635\u064a\u0644 \u0633\u0631\u064a\u0639 \u0625\u0644\u0649 \u062c\u0645\u064a\u0639 \u0623\u0646\u062d\u0627\u0621 \u0627\u0644\u0645\u063a\u0631\u0628.","publisher":{"@id":"https:\/\/vitablanca.ma\/#organization"},"alternateName":"VitaBlanca.ma","potentialAction":[{"@type":"SearchAction","target":{"@type":"EntryPoint","urlTemplate":"https:\/\/vitablanca.ma\/?s={search_term_string}"},"query-input":{"@type":"PropertyValueSpecification","valueRequired":true,"valueName":"search_term_string"}}],"inLanguage":"ar"},{"@type":"Organization","@id":"https:\/\/vitablanca.ma\/#organization","name":"\u0641\u064a\u062a\u0627\u0628\u0644\u0627\u0646\u0643\u0627","url":"https:\/\/vitablanca.ma\/","logo":{"@type":"ImageObject","inLanguage":"ar","@id":"https:\/\/vitablanca.ma\/#\/schema\/logo\/image\/","url":"https:\/\/vitablanca.ma\/wp-content\/uploads\/2025\/05\/cropped-vitablanca.png","contentUrl":"https:\/\/vitablanca.ma\/wp-content\/uploads\/2025\/05\/cropped-vitablanca.png","width":360,"height":67,"caption":"VitaBlanca"},"image":{"@id":"https:\/\/vitablanca.ma\/#\/schema\/logo\/image\/"},"sameAs":["https:\/\/www.facebook.com\/profile.php?id=61576678196717","https:\/\/www.tiktok.com\/@vitablanca.ma","https:\/\/www.instagram.com\/vitablanca.ma\/"]}]}},"jetpack_sharing_enabled":true,"_links":{"self":[{"href":"https:\/\/vitablanca.ma\/ar\/wp-json\/wp\/v2\/product\/15572","targetHints":{"allow":["GET"]}}],"collection":[{"href":"https:\/\/vitablanca.ma\/ar\/wp-json\/wp\/v2\/product"}],"about":[{"href":"https:\/\/vitablanca.ma\/ar\/wp-json\/wp\/v2\/types\/product"}],"wp:featuredmedia":[{"embeddable":true,"href":"https:\/\/vitablanca.ma\/ar\/wp-json\/wp\/v2\/media\/15570"}],"wp:attachment":[{"href":"https:\/\/vitablanca.ma\/ar\/wp-json\/wp\/v2\/media?parent=15572"}],"wp:term":[{"taxonomy":"product_brand","embeddable":true,"href":"https:\/\/vitablanca.ma\/ar\/wp-json\/wp\/v2\/product_brand?post=15572"},{"taxonomy":"product_cat","embeddable":true,"href":"https:\/\/vitablanca.ma\/ar\/wp-json\/wp\/v2\/product_cat?post=15572"},{"taxonomy":"product_tag","embeddable":true,"href":"https:\/\/vitablanca.ma\/ar\/wp-json\/wp\/v2\/product_tag?post=15572"}],"curies":[{"name":"wp","href":"https:\/\/api.w.org\/{rel}","templated":true}]}}