{"id":15525,"date":"2025-06-10T16:02:10","date_gmt":"2025-06-10T16:02:10","guid":{"rendered":"https:\/\/vitablanca.ma\/product\/bella-aurora-repigment-12-75ml\/"},"modified":"2025-09-16T17:56:20","modified_gmt":"2025-09-16T17:56:20","slug":"bella-aurora-repigment-12-75ml","status":"publish","type":"product","link":"https:\/\/vitablanca.ma\/ar\/product-2\/bella-aurora-repigment-12-75ml\/","title":{"rendered":"\u0628\u064a\u0644\u0627 \u0623\u0648\u0631\u0648\u0631\u0627 \u0631\u064a\u0628\u064a\u063a\u0645\u0646\u062a 12 75 \u0645\u0644"},"content":{"rendered":"<h2>\u0628\u064a\u0644\u0627 \u0623\u0648\u0631\u0648\u0631\u0627 \u0631\u064a\u0628\u064a\u063a\u0645\u0646\u062a 12 75 \u0645\u0644<br \/>\n<\/h2>\n<h3><span>\u0648\u0635\u0641 :<\/span><\/h3>\n<p>La Bella Aurora Repigment12 Cr\u00e8me Repigmentante \u2013 75ml est une solution r\u00e9g\u00e9n\u00e9rante sp\u00e9cialement con\u00e7ue pour traiter la perte de pigmentation, le vitiligo et les taches blanches sur la peau. Cette cr\u00e8me innovante contribue \u00e0 r\u00e9tablir le teint naturel de la peau, \u00e0 normaliser la pigmentation et \u00e0 uniformiser le teint. Efficace pour :<\/p>\n<ul>\n<li>\u00c9limination des taches blanches sur la peau.<\/li>\n<\/ul>\n<p>Innovation : Repigma12\u2122 utilise un m\u00e9canisme d\u2019action r\u00e9volutionnaire qui bloque la prot\u00e9ine MIA, responsable de la d\u00e9pigmentation. Il maintient la stabilit\u00e9 des m\u00e9lanocytes et, gr\u00e2ce \u00e0 une exposition \u00e0 la lumi\u00e8re UV naturelle ou artificielle, favorise la repigmentation des zones d\u00e9pigment\u00e9es. Ainsi, il ralentit l\u2019\u00e9volution des taches blanches et permet une repigmentation satisfaisante de la zone affect\u00e9e. R\u00e9sultats : Apr\u00e8s seulement 3 mois d\u2019utilisation, la peau commence \u00e0 se repigmenter et les taux de m\u00e9lanine reviennent \u00e0 la normale. Ce produit convient \u00e0 une utilisation sur le visage et le corps, et il est adapt\u00e9 \u00e0 tous les types de peau, y compris les peaux sensibles. De plus, il est hypoallerg\u00e9nique et test\u00e9 sous contr\u00f4le dermatologique.<\/p>\n<h3><strong>Conseils d\u2019application :<\/strong><\/h3>\n<p>Voici quelques conseils pour l\u2019application de la Bella Aurora Repigment12 Cr\u00e8me Repigmentante :<\/p>\n<ul>\n<li>Appliquez la cr\u00e8me deux fois par jour sur les zones affect\u00e9es.<\/li>\n<li>Pour des r\u00e9sultats plus rapides et optimaux, associez le traitement \u00e0 une exposition quotidienne \u00e0 la lumi\u00e8re naturelle du soleil, en \u00e9vitant les br\u00fblures, ou aux rayons ultraviolets sous la supervision d\u2019un professionnel de la sant\u00e9.<\/li>\n<li>Il est recommand\u00e9 de poursuivre le traitement cosm\u00e9tique pendant au moins six mois ou jusqu\u2019\u00e0 ce que la zone soit compl\u00e8tement repigment\u00e9e.<\/li>\n<li>Assurez-vous que le traitement est supervis\u00e9 par un professionnel de la sant\u00e9, car l\u2019exposition aux rayons ultraviolets artificiels est r\u00e9serv\u00e9e aux adultes de plus de 18 ans.<\/li>\n<li>Compl\u00e9tez le traitement cosm\u00e9tique en utilisant les capsules solaires RepigmentSun, un compl\u00e9ment alimentaire qui pr\u00e9pare la peau \u00e0 l\u2019exposition au soleil ou \u00e0 la phototh\u00e9rapie UVA\/UVB.<\/li>\n<li>\u00c9vitez tout contact avec la peau autour des yeux.<\/li>\n<\/ul>\n<p style=\"text-align: center\">D\u00e9couvrez Bella Aurora Repigment 12, un produit soigneusement s\u00e9lectionn\u00e9 pour r\u00e9pondre \u00e0 vos besoins sp\u00e9cifiques, et vivez une exp\u00e9rience d\u2019achat exceptionnelle sur notre site,\u00a0<strong>Vita Blanca Parapharmacie Maroc<\/strong><\/p>","protected":false},"excerpt":{"rendered":"<p>Bella Aurora Repigment 12 75ml Description : La Bella Aurora Repigment12 Cr\u00e8me Repigmentante \u2013 75ml est une solution r\u00e9g\u00e9n\u00e9rante sp\u00e9cialement con\u00e7ue pour traiter la perte de pigmentation, le vitiligo et les taches blanches sur la peau. Cette cr\u00e8me innovante contribue \u00e0 r\u00e9tablir le teint naturel de la peau, \u00e0 normaliser la pigmentation et \u00e0 uniformiser [&hellip;]<\/p>\n","protected":false},"featured_media":15524,"template":"","meta":{"om_disable_all_campaigns":false},"product_brand":[],"product_cat":[15],"product_tag":[],"class_list":{"0":"post-15525","1":"product","2":"type-product","3":"status-publish","4":"has-post-thumbnail","6":"product_cat-beaute-sante-complements-alimentaires-soins-et-bien-etre-au-meilleur-prix","8":"first","9":"instock","10":"sale","11":"taxable","12":"shipping-taxable","13":"purchasable","14":"product-type-simple"},"yoast_head":"<!-- This site is optimized with the Yoast SEO plugin v27.5 - https:\/\/yoast.com\/product\/yoast-seo-wordpress\/ -->\n<title>Bella Aurora Repigment 12 75ml - Maroc Prix<\/title>\n<meta name=\"description\" content=\"Bella Aurora Repigment 12 75ml\" \/>\n<meta name=\"robots\" content=\"index, follow, max-snippet:-1, max-image-preview:large, max-video-preview:-1\" \/>\n<link rel=\"canonical\" href=\"https:\/\/vitablanca.ma\/ar\/product-2\/bella-aurora-repigment-12-75ml\/\" \/>\n<meta property=\"og:locale\" content=\"ar_AR\" \/>\n<meta property=\"og:type\" content=\"article\" \/>\n<meta property=\"og:title\" content=\"Bella Aurora Repigment 12 75ml - Maroc Prix\" \/>\n<meta property=\"og:description\" content=\"Bella Aurora Repigment 12 75ml\" \/>\n<meta property=\"og:url\" content=\"https:\/\/vitablanca.ma\/ar\/product-2\/bella-aurora-repigment-12-75ml\/\" \/>\n<meta property=\"og:site_name\" content=\"Vitablanca.ma &ndash; Sant&eacute;, vitalit&eacute; et bien-&ecirc;tre pour tous les Marocains\" \/>\n<meta property=\"article:publisher\" content=\"https:\/\/www.facebook.com\/profile.php?id=61576678196717\" \/>\n<meta property=\"article:modified_time\" content=\"2025-09-16T17:56:20+00:00\" \/>\n<meta property=\"og:image\" content=\"https:\/\/vitablanca.ma\/wp-content\/uploads\/2025\/06\/Bella_aurora_repigment_12_75ml-Nova-para-prix-Maroc.jpg\" \/>\n\t<meta property=\"og:image:width\" content=\"1000\" \/>\n\t<meta property=\"og:image:height\" content=\"1000\" \/>\n\t<meta property=\"og:image:type\" content=\"image\/jpeg\" \/>\n<meta name=\"twitter:card\" content=\"summary_large_image\" \/>\n<meta name=\"twitter:label1\" content=\"\u0648\u0642\u062a \u0627\u0644\u0642\u0631\u0627\u0621\u0629 \u0627\u0644\u0645\u064f\u0642\u062f\u0651\u0631\" \/>\n\t<meta name=\"twitter:data1\" content=\"\u062f\u0642\u064a\u0642\u062a\u0627\u0646\" \/>\n<script type=\"application\/ld+json\" class=\"yoast-schema-graph\">{\"@context\":\"https:\\\/\\\/schema.org\",\"@graph\":[{\"@type\":[\"WebPage\",\"ItemPage\"],\"@id\":\"https:\\\/\\\/vitablanca.ma\\\/produit\\\/bella-aurora-repigment-12-75ml\\\/\",\"url\":\"https:\\\/\\\/vitablanca.ma\\\/produit\\\/bella-aurora-repigment-12-75ml\\\/\",\"name\":\"Bella Aurora Repigment 12 75ml - Maroc Prix\",\"isPartOf\":{\"@id\":\"https:\\\/\\\/vitablanca.ma\\\/#website\"},\"primaryImageOfPage\":{\"@id\":\"https:\\\/\\\/vitablanca.ma\\\/produit\\\/bella-aurora-repigment-12-75ml\\\/#primaryimage\"},\"image\":{\"@id\":\"https:\\\/\\\/vitablanca.ma\\\/produit\\\/bella-aurora-repigment-12-75ml\\\/#primaryimage\"},\"thumbnailUrl\":\"https:\\\/\\\/vitablanca.ma\\\/wp-content\\\/uploads\\\/2025\\\/06\\\/Bella_aurora_repigment_12_75ml-Nova-para-prix-Maroc.jpg\",\"datePublished\":\"2025-06-10T16:02:10+00:00\",\"dateModified\":\"2025-09-16T17:56:20+00:00\",\"description\":\"Bella Aurora Repigment 12 75ml\",\"breadcrumb\":{\"@id\":\"https:\\\/\\\/vitablanca.ma\\\/produit\\\/bella-aurora-repigment-12-75ml\\\/#breadcrumb\"},\"inLanguage\":\"ar\",\"potentialAction\":[{\"@type\":\"ReadAction\",\"target\":[\"https:\\\/\\\/vitablanca.ma\\\/produit\\\/bella-aurora-repigment-12-75ml\\\/\"]}]},{\"@type\":\"ImageObject\",\"inLanguage\":\"ar\",\"@id\":\"https:\\\/\\\/vitablanca.ma\\\/produit\\\/bella-aurora-repigment-12-75ml\\\/#primaryimage\",\"url\":\"https:\\\/\\\/vitablanca.ma\\\/wp-content\\\/uploads\\\/2025\\\/06\\\/Bella_aurora_repigment_12_75ml-Nova-para-prix-Maroc.jpg\",\"contentUrl\":\"https:\\\/\\\/vitablanca.ma\\\/wp-content\\\/uploads\\\/2025\\\/06\\\/Bella_aurora_repigment_12_75ml-Nova-para-prix-Maroc.jpg\",\"width\":1000,\"height\":1000},{\"@type\":\"BreadcrumbList\",\"@id\":\"https:\\\/\\\/vitablanca.ma\\\/produit\\\/bella-aurora-repigment-12-75ml\\\/#breadcrumb\",\"itemListElement\":[{\"@type\":\"ListItem\",\"position\":1,\"name\":\"Home\",\"item\":\"https:\\\/\\\/vitablanca.ma\\\/\"},{\"@type\":\"ListItem\",\"position\":2,\"name\":\"Tous Les Produits\",\"item\":\"https:\\\/\\\/vitablanca.ma\\\/tous-les-produits\\\/\"},{\"@type\":\"ListItem\",\"position\":3,\"name\":\"Bella Aurora Repigment 12 75ml\"}]},{\"@type\":\"WebSite\",\"@id\":\"https:\\\/\\\/vitablanca.ma\\\/#website\",\"url\":\"https:\\\/\\\/vitablanca.ma\\\/\",\"name\":\"VitaBlanca.ma | Compl\u00e9ments alimentaires, sant\u00e9 & beaut\u00e9 au Maroc\",\"description\":\"vendre vitamines et compl\u00e9ments premium des USA &amp; Canada, Nouvelle Z\u00e9lande,Maroc (NOW Foods, Solgar, Manuka). Livraison rapide partout au Maroc.\",\"publisher\":{\"@id\":\"https:\\\/\\\/vitablanca.ma\\\/#organization\"},\"alternateName\":\"VitaBlanca.ma\",\"potentialAction\":[{\"@type\":\"SearchAction\",\"target\":{\"@type\":\"EntryPoint\",\"urlTemplate\":\"https:\\\/\\\/vitablanca.ma\\\/?s={search_term_string}\"},\"query-input\":{\"@type\":\"PropertyValueSpecification\",\"valueRequired\":true,\"valueName\":\"search_term_string\"}}],\"inLanguage\":\"ar\"},{\"@type\":\"Organization\",\"@id\":\"https:\\\/\\\/vitablanca.ma\\\/#organization\",\"name\":\"VitaBlanca\",\"url\":\"https:\\\/\\\/vitablanca.ma\\\/\",\"logo\":{\"@type\":\"ImageObject\",\"inLanguage\":\"ar\",\"@id\":\"https:\\\/\\\/vitablanca.ma\\\/#\\\/schema\\\/logo\\\/image\\\/\",\"url\":\"https:\\\/\\\/vitablanca.ma\\\/wp-content\\\/uploads\\\/2025\\\/05\\\/cropped-vitablanca.png\",\"contentUrl\":\"https:\\\/\\\/vitablanca.ma\\\/wp-content\\\/uploads\\\/2025\\\/05\\\/cropped-vitablanca.png\",\"width\":360,\"height\":67,\"caption\":\"VitaBlanca\"},\"image\":{\"@id\":\"https:\\\/\\\/vitablanca.ma\\\/#\\\/schema\\\/logo\\\/image\\\/\"},\"sameAs\":[\"https:\\\/\\\/www.facebook.com\\\/profile.php?id=61576678196717\",\"https:\\\/\\\/www.tiktok.com\\\/@vitablanca.ma\",\"https:\\\/\\\/www.instagram.com\\\/vitablanca.ma\\\/\"]}]}<\/script>\n<!-- \/ Yoast SEO plugin. -->","yoast_head_json":{"title":"Bella Aurora Repigment 12 75ml - Maroc Prix","description":"\u0628\u064a\u0644\u0627 \u0623\u0648\u0631\u0648\u0631\u0627 \u0631\u064a\u0628\u064a\u063a\u0645\u0646\u062a 12 75 \u0645\u0644","robots":{"index":"index","follow":"follow","max-snippet":"max-snippet:-1","max-image-preview":"max-image-preview:large","max-video-preview":"max-video-preview:-1"},"canonical":"https:\/\/vitablanca.ma\/ar\/product-2\/bella-aurora-repigment-12-75ml\/","og_locale":"ar_AR","og_type":"article","og_title":"Bella Aurora Repigment 12 75ml - Maroc Prix","og_description":"Bella Aurora Repigment 12 75ml","og_url":"https:\/\/vitablanca.ma\/ar\/product-2\/bella-aurora-repigment-12-75ml\/","og_site_name":"Vitablanca.ma &ndash; Sant&eacute;, vitalit&eacute; et bien-&ecirc;tre pour tous les Marocains","article_publisher":"https:\/\/www.facebook.com\/profile.php?id=61576678196717","article_modified_time":"2025-09-16T17:56:20+00:00","og_image":[{"width":1000,"height":1000,"url":"https:\/\/vitablanca.ma\/wp-content\/uploads\/2025\/06\/Bella_aurora_repigment_12_75ml-Nova-para-prix-Maroc.jpg","type":"image\/jpeg"}],"twitter_card":"summary_large_image","twitter_misc":{"\u0648\u0642\u062a \u0627\u0644\u0642\u0631\u0627\u0621\u0629 \u0627\u0644\u0645\u064f\u0642\u062f\u0651\u0631":"\u062f\u0642\u064a\u0642\u062a\u0627\u0646"},"schema":{"@context":"https:\/\/schema.org","@graph":[{"@type":["WebPage","ItemPage"],"@id":"https:\/\/vitablanca.ma\/produit\/bella-aurora-repigment-12-75ml\/","url":"https:\/\/vitablanca.ma\/produit\/bella-aurora-repigment-12-75ml\/","name":"Bella Aurora Repigment 12 75ml - Maroc Prix","isPartOf":{"@id":"https:\/\/vitablanca.ma\/#website"},"primaryImageOfPage":{"@id":"https:\/\/vitablanca.ma\/produit\/bella-aurora-repigment-12-75ml\/#primaryimage"},"image":{"@id":"https:\/\/vitablanca.ma\/produit\/bella-aurora-repigment-12-75ml\/#primaryimage"},"thumbnailUrl":"https:\/\/vitablanca.ma\/wp-content\/uploads\/2025\/06\/Bella_aurora_repigment_12_75ml-Nova-para-prix-Maroc.jpg","datePublished":"2025-06-10T16:02:10+00:00","dateModified":"2025-09-16T17:56:20+00:00","description":"\u0628\u064a\u0644\u0627 \u0623\u0648\u0631\u0648\u0631\u0627 \u0631\u064a\u0628\u064a\u063a\u0645\u0646\u062a 12 75 \u0645\u0644","breadcrumb":{"@id":"https:\/\/vitablanca.ma\/produit\/bella-aurora-repigment-12-75ml\/#breadcrumb"},"inLanguage":"ar","potentialAction":[{"@type":"ReadAction","target":["https:\/\/vitablanca.ma\/produit\/bella-aurora-repigment-12-75ml\/"]}]},{"@type":"ImageObject","inLanguage":"ar","@id":"https:\/\/vitablanca.ma\/produit\/bella-aurora-repigment-12-75ml\/#primaryimage","url":"https:\/\/vitablanca.ma\/wp-content\/uploads\/2025\/06\/Bella_aurora_repigment_12_75ml-Nova-para-prix-Maroc.jpg","contentUrl":"https:\/\/vitablanca.ma\/wp-content\/uploads\/2025\/06\/Bella_aurora_repigment_12_75ml-Nova-para-prix-Maroc.jpg","width":1000,"height":1000},{"@type":"BreadcrumbList","@id":"https:\/\/vitablanca.ma\/produit\/bella-aurora-repigment-12-75ml\/#breadcrumb","itemListElement":[{"@type":"ListItem","position":1,"name":"Home","item":"https:\/\/vitablanca.ma\/"},{"@type":"ListItem","position":2,"name":"Tous Les Produits","item":"https:\/\/vitablanca.ma\/tous-les-produits\/"},{"@type":"ListItem","position":3,"name":"Bella Aurora Repigment 12 75ml"}]},{"@type":"WebSite","@id":"https:\/\/vitablanca.ma\/#website","url":"https:\/\/vitablanca.ma\/","name":"VitaBlanca.ma | \u0627\u0644\u0645\u0643\u0645\u0644\u0627\u062a \u0627\u0644\u063a\u0630\u0627\u0626\u064a\u0629\u060c \u0627\u0644\u0635\u062d\u0629 \u0648\u0627\u0644\u062c\u0645\u0627\u0644 \u0641\u064a \u0627\u0644\u0645\u063a\u0631\u0628","description":"\u0646\u0628\u064a\u0639 \u0641\u064a\u062a\u0627\u0645\u064a\u0646\u0627\u062a \u0648\u0645\u0643\u0645\u0644\u0627\u062a \u063a\u0630\u0627\u0626\u064a\u0629 \u0641\u0627\u062e\u0631\u0629 \u0645\u0646 \u0627\u0644\u0648\u0644\u0627\u064a\u0627\u062a \u0627\u0644\u0645\u062a\u062d\u062f\u0629 \u0627\u0644\u0623\u0645\u0631\u064a\u0643\u064a\u0629 \u0648\u0643\u0646\u062f\u0627 \u0648\u0646\u064a\u0648\u0632\u064a\u0644\u0646\u062f\u0627 \u0648\u0627\u0644\u0645\u063a\u0631\u0628 (\u0646\u0627\u0648 \u0641\u0648\u062f\u0632\u060c \u0633\u0648\u0644\u062c\u0627\u0631\u060c \u0645\u0627\u0646\u0648\u0643\u0627). \u062a\u0648\u0635\u064a\u0644 \u0633\u0631\u064a\u0639 \u0625\u0644\u0649 \u062c\u0645\u064a\u0639 \u0623\u0646\u062d\u0627\u0621 \u0627\u0644\u0645\u063a\u0631\u0628.","publisher":{"@id":"https:\/\/vitablanca.ma\/#organization"},"alternateName":"VitaBlanca.ma","potentialAction":[{"@type":"SearchAction","target":{"@type":"EntryPoint","urlTemplate":"https:\/\/vitablanca.ma\/?s={search_term_string}"},"query-input":{"@type":"PropertyValueSpecification","valueRequired":true,"valueName":"search_term_string"}}],"inLanguage":"ar"},{"@type":"Organization","@id":"https:\/\/vitablanca.ma\/#organization","name":"\u0641\u064a\u062a\u0627\u0628\u0644\u0627\u0646\u0643\u0627","url":"https:\/\/vitablanca.ma\/","logo":{"@type":"ImageObject","inLanguage":"ar","@id":"https:\/\/vitablanca.ma\/#\/schema\/logo\/image\/","url":"https:\/\/vitablanca.ma\/wp-content\/uploads\/2025\/05\/cropped-vitablanca.png","contentUrl":"https:\/\/vitablanca.ma\/wp-content\/uploads\/2025\/05\/cropped-vitablanca.png","width":360,"height":67,"caption":"VitaBlanca"},"image":{"@id":"https:\/\/vitablanca.ma\/#\/schema\/logo\/image\/"},"sameAs":["https:\/\/www.facebook.com\/profile.php?id=61576678196717","https:\/\/www.tiktok.com\/@vitablanca.ma","https:\/\/www.instagram.com\/vitablanca.ma\/"]}]}},"jetpack_sharing_enabled":true,"_links":{"self":[{"href":"https:\/\/vitablanca.ma\/ar\/wp-json\/wp\/v2\/product\/15525","targetHints":{"allow":["GET"]}}],"collection":[{"href":"https:\/\/vitablanca.ma\/ar\/wp-json\/wp\/v2\/product"}],"about":[{"href":"https:\/\/vitablanca.ma\/ar\/wp-json\/wp\/v2\/types\/product"}],"wp:featuredmedia":[{"embeddable":true,"href":"https:\/\/vitablanca.ma\/ar\/wp-json\/wp\/v2\/media\/15524"}],"wp:attachment":[{"href":"https:\/\/vitablanca.ma\/ar\/wp-json\/wp\/v2\/media?parent=15525"}],"wp:term":[{"taxonomy":"product_brand","embeddable":true,"href":"https:\/\/vitablanca.ma\/ar\/wp-json\/wp\/v2\/product_brand?post=15525"},{"taxonomy":"product_cat","embeddable":true,"href":"https:\/\/vitablanca.ma\/ar\/wp-json\/wp\/v2\/product_cat?post=15525"},{"taxonomy":"product_tag","embeddable":true,"href":"https:\/\/vitablanca.ma\/ar\/wp-json\/wp\/v2\/product_tag?post=15525"}],"curies":[{"name":"wp","href":"https:\/\/api.w.org\/{rel}","templated":true}]}}