{"id":15521,"date":"2025-06-10T16:02:06","date_gmt":"2025-06-10T16:02:06","guid":{"rendered":"https:\/\/vitablanca.ma\/product\/bella-aurora-splendor-booster-vita-cah-30-ml\/"},"modified":"2025-06-10T16:02:06","modified_gmt":"2025-06-10T16:02:06","slug":"bella-aurora-splendor-booster-vita-cah-30-ml","status":"publish","type":"product","link":"https:\/\/vitablanca.ma\/ar\/product-2\/bella-aurora-splendor-booster-vita-cah-30-ml\/","title":{"rendered":"\u0628\u064a\u0644\u0627 \u0623\u0648\u0631\u0648\u0631\u0627 \u0633\u0628\u0644\u064a\u0646\u062f\u0648\u0631 \u0628\u0648\u0633\u062a\u0631 \u0641\u064a\u062a\u0627 C+AH 30 \u0645\u0644"},"content":{"rendered":"<h2>\u0628\u064a\u0644\u0627 \u0623\u0648\u0631\u0648\u0631\u0627 \u0633\u0628\u0644\u064a\u0646\u062f\u0648\u0631 \u0628\u0648\u0633\u062a\u0631 \u0641\u064a\u062a\u0627 C+AH 30 \u0645\u0644<\/h2>\n<h3><span>\u0648\u0635\u0641 :<\/span><\/h3>\n<p data-sourcepos=\"3:1-3:291\">Enveloppez votre peau dans l\u2019\u00e9treinte luxueuse du S\u00e9rum Anti-\u00c2ge Splendor, un m\u00e9lange puissant des meilleurs ingr\u00e9dients naturels anti-\u00e2ge. Ce s\u00e9rum transformateur exploite la puissance de la vitamine C et de l\u2019acide hyaluronique pour r\u00e9v\u00e9ler une complexion qui rayonne de vitalit\u00e9 juv\u00e9nile.<\/p>\n<h3 data-sourcepos=\"5:1-5:34\"><strong>Lib\u00e9rez la radiance int\u00e9rieure<\/strong><\/h3>\n<ul data-sourcepos=\"7:1-10:0\">\n<li data-sourcepos=\"7:1-7:217\">\n<strong>\u00c9claircissez et unifiez le teint:<\/strong><span>\u00a0<\/span>Adieu \u00e0 la peau terne et irr\u00e9guli\u00e8re. La vitamine C, un puissant antioxydant, agit pour illuminer votre teint, att\u00e9nuant l\u2019apparence des taches brunes et de l\u2019hyperpigmentation.<\/li>\n<li data-sourcepos=\"8:1-8:212\">\n<strong>Lissez les rides et les ridules:<\/strong><span>\u00a0<\/span>Le temps passe, mais votre peau n\u2019a pas \u00e0 le faire. L\u2019acide hyaluronique, un hydratant r\u00e9put\u00e9, repulpe la peau, r\u00e9duisant visiblement l\u2019apparence des rides et ridules fines.<\/li>\n<li data-sourcepos=\"9:1-10:0\">\n<strong>Restaurez la fermet\u00e9 et l\u2019\u00e9lasticit\u00e9:<\/strong><span>\u00a0<\/span>D\u00e9couvrez un effet raffermissant imm\u00e9diat car l\u2019acide hyaluronique stimule la production de collag\u00e8ne, restaurant la fermet\u00e9 et la r\u00e9silience juv\u00e9niles de votre peau.<\/li>\n<\/ul>\n<h3 data-sourcepos=\"11:1-11:63\"><strong>Formule approuv\u00e9e par les dermatologues, douce pour la peau<\/strong><\/h3>\n<p data-sourcepos=\"13:1-13:259\">Soyez assur\u00e9 que le S\u00e9rum Anti-\u00c2ge Splendor est doux pour m\u00eame les peaux les plus sensibles. Test\u00e9 dermatologiquement et formul\u00e9 avec les meilleurs ingr\u00e9dients naturels, ce s\u00e9rum est votre cl\u00e9 pour d\u00e9bloquer une complexion qui rayonne de sant\u00e9 et de vitalit\u00e9.<\/p>\n<p data-sourcepos=\"15:1-15:70\"><strong>Lib\u00e9rez votre radiance int\u00e9rieure avec le S\u00e9rum Anti-\u00c2ge Splendor.<\/strong><\/p>\n<h3 data-sourcepos=\"17:1-17:30\"><strong>Avantages suppl\u00e9mentaires:<\/strong><\/h3>\n<ul data-sourcepos=\"19:1-22:0\">\n<li data-sourcepos=\"19:1-19:33\">Adapt\u00e9 \u00e0 tous les types de peau<\/li>\n<li data-sourcepos=\"20:1-20:47\">Sans produits chimiques agressifs ni parabens<\/li>\n<li data-sourcepos=\"21:1-22:0\">Cruelty-free et vegan<\/li>\n<\/ul>\n<p data-sourcepos=\"23:1-23:41\"><strong>Adoptez la Splendeur de la Peau Jeune<\/strong><\/p>\n<p data-sourcepos=\"25:1-25:276\">Offrez \u00e0 votre peau le pouvoir transformateur du S\u00e9rum Anti-\u00c2ge Splendor et assistez \u00e0 une transformation remarquable. Avec sa capacit\u00e9 \u00e0 \u00e9claircir, unifier le teint et att\u00e9nuer les rides, ce s\u00e9rum est votre porte d\u2019entr\u00e9e vers une complexion qui rayonne de vitalit\u00e9 juv\u00e9nile.<\/p>\n<p data-sourcepos=\"27:1-27:80\"><strong>Commandez votre flacon d\u00e8s aujourd\u2019hui et d\u00e9couvrez la diff\u00e9rence Splendor !<\/strong><\/p>","protected":false},"excerpt":{"rendered":"<p>Bella Aurora Splendor Booster Vita C+AH 30 ML Description : Enveloppez votre peau dans l\u2019\u00e9treinte luxueuse du S\u00e9rum Anti-\u00c2ge Splendor, un m\u00e9lange puissant des meilleurs ingr\u00e9dients naturels anti-\u00e2ge. Ce s\u00e9rum transformateur exploite la puissance de la vitamine C et de l\u2019acide hyaluronique pour r\u00e9v\u00e9ler une complexion qui rayonne de vitalit\u00e9 juv\u00e9nile. Lib\u00e9rez la radiance int\u00e9rieure [&hellip;]<\/p>\n","protected":false},"featured_media":15520,"template":"","meta":{"om_disable_all_campaigns":false},"product_brand":[],"product_cat":[15],"product_tag":[],"class_list":{"0":"post-15521","1":"product","2":"type-product","3":"status-publish","4":"has-post-thumbnail","6":"product_cat-beaute-sante-complements-alimentaires-soins-et-bien-etre-au-meilleur-prix","8":"first","9":"instock","10":"sale","11":"taxable","12":"shipping-taxable","13":"purchasable","14":"product-type-simple"},"yoast_head":"<!-- This site is optimized with the Yoast SEO plugin v27.5 - https:\/\/yoast.com\/product\/yoast-seo-wordpress\/ -->\n<title>Bella Aurora Splendor Booster Vita C+AH 30 ML - Maroc Prix<\/title>\n<meta name=\"description\" content=\"Bella Aurora Splendor Booster Vita C+AH 30 ML\" \/>\n<meta name=\"robots\" content=\"index, follow, max-snippet:-1, max-image-preview:large, max-video-preview:-1\" \/>\n<link rel=\"canonical\" href=\"https:\/\/vitablanca.ma\/ar\/product-2\/bella-aurora-splendor-booster-vita-cah-30-ml\/\" \/>\n<meta property=\"og:locale\" content=\"ar_AR\" \/>\n<meta property=\"og:type\" content=\"article\" \/>\n<meta property=\"og:title\" content=\"Bella Aurora Splendor Booster Vita C+AH 30 ML - Maroc Prix\" \/>\n<meta property=\"og:description\" content=\"Bella Aurora Splendor Booster Vita C+AH 30 ML\" \/>\n<meta property=\"og:url\" content=\"https:\/\/vitablanca.ma\/ar\/product-2\/bella-aurora-splendor-booster-vita-cah-30-ml\/\" \/>\n<meta property=\"og:site_name\" content=\"Vitablanca.ma &ndash; Sant&eacute;, vitalit&eacute; et bien-&ecirc;tre pour tous les Marocains\" \/>\n<meta property=\"article:publisher\" content=\"https:\/\/www.facebook.com\/profile.php?id=61576678196717\" \/>\n<meta property=\"og:image\" content=\"https:\/\/vitablanca.ma\/wp-content\/uploads\/2025\/06\/Bella_Aurora_Splendor_Booster_Vita_C_AH_30ML-Nova-para-prix-Maroc.jpg\" \/>\n\t<meta property=\"og:image:width\" content=\"1000\" \/>\n\t<meta property=\"og:image:height\" content=\"1000\" \/>\n\t<meta property=\"og:image:type\" content=\"image\/jpeg\" \/>\n<meta name=\"twitter:card\" content=\"summary_large_image\" \/>\n<meta name=\"twitter:label1\" content=\"\u0648\u0642\u062a \u0627\u0644\u0642\u0631\u0627\u0621\u0629 \u0627\u0644\u0645\u064f\u0642\u062f\u0651\u0631\" \/>\n\t<meta name=\"twitter:data1\" content=\"\u062f\u0642\u064a\u0642\u062a\u0627\u0646\" \/>\n<script type=\"application\/ld+json\" class=\"yoast-schema-graph\">{\"@context\":\"https:\\\/\\\/schema.org\",\"@graph\":[{\"@type\":[\"WebPage\",\"ItemPage\"],\"@id\":\"https:\\\/\\\/vitablanca.ma\\\/produit\\\/bella-aurora-splendor-booster-vita-cah-30-ml\\\/\",\"url\":\"https:\\\/\\\/vitablanca.ma\\\/produit\\\/bella-aurora-splendor-booster-vita-cah-30-ml\\\/\",\"name\":\"Bella Aurora Splendor Booster Vita C+AH 30 ML - Maroc Prix\",\"isPartOf\":{\"@id\":\"https:\\\/\\\/vitablanca.ma\\\/#website\"},\"primaryImageOfPage\":{\"@id\":\"https:\\\/\\\/vitablanca.ma\\\/produit\\\/bella-aurora-splendor-booster-vita-cah-30-ml\\\/#primaryimage\"},\"image\":{\"@id\":\"https:\\\/\\\/vitablanca.ma\\\/produit\\\/bella-aurora-splendor-booster-vita-cah-30-ml\\\/#primaryimage\"},\"thumbnailUrl\":\"https:\\\/\\\/vitablanca.ma\\\/wp-content\\\/uploads\\\/2025\\\/06\\\/Bella_Aurora_Splendor_Booster_Vita_C_AH_30ML-Nova-para-prix-Maroc.jpg\",\"datePublished\":\"2025-06-10T16:02:06+00:00\",\"description\":\"Bella Aurora Splendor Booster Vita C+AH 30 ML\",\"breadcrumb\":{\"@id\":\"https:\\\/\\\/vitablanca.ma\\\/produit\\\/bella-aurora-splendor-booster-vita-cah-30-ml\\\/#breadcrumb\"},\"inLanguage\":\"ar\",\"potentialAction\":[{\"@type\":\"ReadAction\",\"target\":[\"https:\\\/\\\/vitablanca.ma\\\/produit\\\/bella-aurora-splendor-booster-vita-cah-30-ml\\\/\"]}]},{\"@type\":\"ImageObject\",\"inLanguage\":\"ar\",\"@id\":\"https:\\\/\\\/vitablanca.ma\\\/produit\\\/bella-aurora-splendor-booster-vita-cah-30-ml\\\/#primaryimage\",\"url\":\"https:\\\/\\\/vitablanca.ma\\\/wp-content\\\/uploads\\\/2025\\\/06\\\/Bella_Aurora_Splendor_Booster_Vita_C_AH_30ML-Nova-para-prix-Maroc.jpg\",\"contentUrl\":\"https:\\\/\\\/vitablanca.ma\\\/wp-content\\\/uploads\\\/2025\\\/06\\\/Bella_Aurora_Splendor_Booster_Vita_C_AH_30ML-Nova-para-prix-Maroc.jpg\",\"width\":1000,\"height\":1000},{\"@type\":\"BreadcrumbList\",\"@id\":\"https:\\\/\\\/vitablanca.ma\\\/produit\\\/bella-aurora-splendor-booster-vita-cah-30-ml\\\/#breadcrumb\",\"itemListElement\":[{\"@type\":\"ListItem\",\"position\":1,\"name\":\"Home\",\"item\":\"https:\\\/\\\/vitablanca.ma\\\/\"},{\"@type\":\"ListItem\",\"position\":2,\"name\":\"Tous Les Produits\",\"item\":\"https:\\\/\\\/vitablanca.ma\\\/tous-les-produits\\\/\"},{\"@type\":\"ListItem\",\"position\":3,\"name\":\"Bella Aurora Splendor Booster Vita C+AH 30 ML\"}]},{\"@type\":\"WebSite\",\"@id\":\"https:\\\/\\\/vitablanca.ma\\\/#website\",\"url\":\"https:\\\/\\\/vitablanca.ma\\\/\",\"name\":\"VitaBlanca.ma | Compl\u00e9ments alimentaires, sant\u00e9 & beaut\u00e9 au Maroc\",\"description\":\"vendre vitamines et compl\u00e9ments premium des USA &amp; Canada, Nouvelle Z\u00e9lande,Maroc (NOW Foods, Solgar, Manuka). Livraison rapide partout au Maroc.\",\"publisher\":{\"@id\":\"https:\\\/\\\/vitablanca.ma\\\/#organization\"},\"alternateName\":\"VitaBlanca.ma\",\"potentialAction\":[{\"@type\":\"SearchAction\",\"target\":{\"@type\":\"EntryPoint\",\"urlTemplate\":\"https:\\\/\\\/vitablanca.ma\\\/?s={search_term_string}\"},\"query-input\":{\"@type\":\"PropertyValueSpecification\",\"valueRequired\":true,\"valueName\":\"search_term_string\"}}],\"inLanguage\":\"ar\"},{\"@type\":\"Organization\",\"@id\":\"https:\\\/\\\/vitablanca.ma\\\/#organization\",\"name\":\"VitaBlanca\",\"url\":\"https:\\\/\\\/vitablanca.ma\\\/\",\"logo\":{\"@type\":\"ImageObject\",\"inLanguage\":\"ar\",\"@id\":\"https:\\\/\\\/vitablanca.ma\\\/#\\\/schema\\\/logo\\\/image\\\/\",\"url\":\"https:\\\/\\\/vitablanca.ma\\\/wp-content\\\/uploads\\\/2025\\\/05\\\/cropped-vitablanca.png\",\"contentUrl\":\"https:\\\/\\\/vitablanca.ma\\\/wp-content\\\/uploads\\\/2025\\\/05\\\/cropped-vitablanca.png\",\"width\":360,\"height\":67,\"caption\":\"VitaBlanca\"},\"image\":{\"@id\":\"https:\\\/\\\/vitablanca.ma\\\/#\\\/schema\\\/logo\\\/image\\\/\"},\"sameAs\":[\"https:\\\/\\\/www.facebook.com\\\/profile.php?id=61576678196717\",\"https:\\\/\\\/www.tiktok.com\\\/@vitablanca.ma\",\"https:\\\/\\\/www.instagram.com\\\/vitablanca.ma\\\/\"]}]}<\/script>\n<!-- \/ Yoast SEO plugin. -->","yoast_head_json":{"title":"Bella Aurora Splendor Booster Vita C+AH 30 ML - Maroc Prix","description":"\u0628\u064a\u0644\u0627 \u0623\u0648\u0631\u0648\u0631\u0627 \u0633\u0628\u0644\u064a\u0646\u062f\u0648\u0631 \u0628\u0648\u0633\u062a\u0631 \u0641\u064a\u062a\u0627 C+AH 30 \u0645\u0644","robots":{"index":"index","follow":"follow","max-snippet":"max-snippet:-1","max-image-preview":"max-image-preview:large","max-video-preview":"max-video-preview:-1"},"canonical":"https:\/\/vitablanca.ma\/ar\/product-2\/bella-aurora-splendor-booster-vita-cah-30-ml\/","og_locale":"ar_AR","og_type":"article","og_title":"Bella Aurora Splendor Booster Vita C+AH 30 ML - Maroc Prix","og_description":"Bella Aurora Splendor Booster Vita C+AH 30 ML","og_url":"https:\/\/vitablanca.ma\/ar\/product-2\/bella-aurora-splendor-booster-vita-cah-30-ml\/","og_site_name":"Vitablanca.ma &ndash; Sant&eacute;, vitalit&eacute; et bien-&ecirc;tre pour tous les Marocains","article_publisher":"https:\/\/www.facebook.com\/profile.php?id=61576678196717","og_image":[{"width":1000,"height":1000,"url":"https:\/\/vitablanca.ma\/wp-content\/uploads\/2025\/06\/Bella_Aurora_Splendor_Booster_Vita_C_AH_30ML-Nova-para-prix-Maroc.jpg","type":"image\/jpeg"}],"twitter_card":"summary_large_image","twitter_misc":{"\u0648\u0642\u062a \u0627\u0644\u0642\u0631\u0627\u0621\u0629 \u0627\u0644\u0645\u064f\u0642\u062f\u0651\u0631":"\u062f\u0642\u064a\u0642\u062a\u0627\u0646"},"schema":{"@context":"https:\/\/schema.org","@graph":[{"@type":["WebPage","ItemPage"],"@id":"https:\/\/vitablanca.ma\/produit\/bella-aurora-splendor-booster-vita-cah-30-ml\/","url":"https:\/\/vitablanca.ma\/produit\/bella-aurora-splendor-booster-vita-cah-30-ml\/","name":"Bella Aurora Splendor Booster Vita C+AH 30 ML - Maroc Prix","isPartOf":{"@id":"https:\/\/vitablanca.ma\/#website"},"primaryImageOfPage":{"@id":"https:\/\/vitablanca.ma\/produit\/bella-aurora-splendor-booster-vita-cah-30-ml\/#primaryimage"},"image":{"@id":"https:\/\/vitablanca.ma\/produit\/bella-aurora-splendor-booster-vita-cah-30-ml\/#primaryimage"},"thumbnailUrl":"https:\/\/vitablanca.ma\/wp-content\/uploads\/2025\/06\/Bella_Aurora_Splendor_Booster_Vita_C_AH_30ML-Nova-para-prix-Maroc.jpg","datePublished":"2025-06-10T16:02:06+00:00","description":"\u0628\u064a\u0644\u0627 \u0623\u0648\u0631\u0648\u0631\u0627 \u0633\u0628\u0644\u064a\u0646\u062f\u0648\u0631 \u0628\u0648\u0633\u062a\u0631 \u0641\u064a\u062a\u0627 C+AH 30 \u0645\u0644","breadcrumb":{"@id":"https:\/\/vitablanca.ma\/produit\/bella-aurora-splendor-booster-vita-cah-30-ml\/#breadcrumb"},"inLanguage":"ar","potentialAction":[{"@type":"ReadAction","target":["https:\/\/vitablanca.ma\/produit\/bella-aurora-splendor-booster-vita-cah-30-ml\/"]}]},{"@type":"ImageObject","inLanguage":"ar","@id":"https:\/\/vitablanca.ma\/produit\/bella-aurora-splendor-booster-vita-cah-30-ml\/#primaryimage","url":"https:\/\/vitablanca.ma\/wp-content\/uploads\/2025\/06\/Bella_Aurora_Splendor_Booster_Vita_C_AH_30ML-Nova-para-prix-Maroc.jpg","contentUrl":"https:\/\/vitablanca.ma\/wp-content\/uploads\/2025\/06\/Bella_Aurora_Splendor_Booster_Vita_C_AH_30ML-Nova-para-prix-Maroc.jpg","width":1000,"height":1000},{"@type":"BreadcrumbList","@id":"https:\/\/vitablanca.ma\/produit\/bella-aurora-splendor-booster-vita-cah-30-ml\/#breadcrumb","itemListElement":[{"@type":"ListItem","position":1,"name":"Home","item":"https:\/\/vitablanca.ma\/"},{"@type":"ListItem","position":2,"name":"Tous Les Produits","item":"https:\/\/vitablanca.ma\/tous-les-produits\/"},{"@type":"ListItem","position":3,"name":"Bella Aurora Splendor Booster Vita C+AH 30 ML"}]},{"@type":"WebSite","@id":"https:\/\/vitablanca.ma\/#website","url":"https:\/\/vitablanca.ma\/","name":"VitaBlanca.ma | \u0627\u0644\u0645\u0643\u0645\u0644\u0627\u062a \u0627\u0644\u063a\u0630\u0627\u0626\u064a\u0629\u060c \u0627\u0644\u0635\u062d\u0629 \u0648\u0627\u0644\u062c\u0645\u0627\u0644 \u0641\u064a \u0627\u0644\u0645\u063a\u0631\u0628","description":"\u0646\u0628\u064a\u0639 \u0641\u064a\u062a\u0627\u0645\u064a\u0646\u0627\u062a \u0648\u0645\u0643\u0645\u0644\u0627\u062a \u063a\u0630\u0627\u0626\u064a\u0629 \u0641\u0627\u062e\u0631\u0629 \u0645\u0646 \u0627\u0644\u0648\u0644\u0627\u064a\u0627\u062a \u0627\u0644\u0645\u062a\u062d\u062f\u0629 \u0627\u0644\u0623\u0645\u0631\u064a\u0643\u064a\u0629 \u0648\u0643\u0646\u062f\u0627 \u0648\u0646\u064a\u0648\u0632\u064a\u0644\u0646\u062f\u0627 \u0648\u0627\u0644\u0645\u063a\u0631\u0628 (\u0646\u0627\u0648 \u0641\u0648\u062f\u0632\u060c \u0633\u0648\u0644\u062c\u0627\u0631\u060c \u0645\u0627\u0646\u0648\u0643\u0627). \u062a\u0648\u0635\u064a\u0644 \u0633\u0631\u064a\u0639 \u0625\u0644\u0649 \u062c\u0645\u064a\u0639 \u0623\u0646\u062d\u0627\u0621 \u0627\u0644\u0645\u063a\u0631\u0628.","publisher":{"@id":"https:\/\/vitablanca.ma\/#organization"},"alternateName":"VitaBlanca.ma","potentialAction":[{"@type":"SearchAction","target":{"@type":"EntryPoint","urlTemplate":"https:\/\/vitablanca.ma\/?s={search_term_string}"},"query-input":{"@type":"PropertyValueSpecification","valueRequired":true,"valueName":"search_term_string"}}],"inLanguage":"ar"},{"@type":"Organization","@id":"https:\/\/vitablanca.ma\/#organization","name":"\u0641\u064a\u062a\u0627\u0628\u0644\u0627\u0646\u0643\u0627","url":"https:\/\/vitablanca.ma\/","logo":{"@type":"ImageObject","inLanguage":"ar","@id":"https:\/\/vitablanca.ma\/#\/schema\/logo\/image\/","url":"https:\/\/vitablanca.ma\/wp-content\/uploads\/2025\/05\/cropped-vitablanca.png","contentUrl":"https:\/\/vitablanca.ma\/wp-content\/uploads\/2025\/05\/cropped-vitablanca.png","width":360,"height":67,"caption":"VitaBlanca"},"image":{"@id":"https:\/\/vitablanca.ma\/#\/schema\/logo\/image\/"},"sameAs":["https:\/\/www.facebook.com\/profile.php?id=61576678196717","https:\/\/www.tiktok.com\/@vitablanca.ma","https:\/\/www.instagram.com\/vitablanca.ma\/"]}]}},"jetpack_sharing_enabled":true,"_links":{"self":[{"href":"https:\/\/vitablanca.ma\/ar\/wp-json\/wp\/v2\/product\/15521","targetHints":{"allow":["GET"]}}],"collection":[{"href":"https:\/\/vitablanca.ma\/ar\/wp-json\/wp\/v2\/product"}],"about":[{"href":"https:\/\/vitablanca.ma\/ar\/wp-json\/wp\/v2\/types\/product"}],"wp:featuredmedia":[{"embeddable":true,"href":"https:\/\/vitablanca.ma\/ar\/wp-json\/wp\/v2\/media\/15520"}],"wp:attachment":[{"href":"https:\/\/vitablanca.ma\/ar\/wp-json\/wp\/v2\/media?parent=15521"}],"wp:term":[{"taxonomy":"product_brand","embeddable":true,"href":"https:\/\/vitablanca.ma\/ar\/wp-json\/wp\/v2\/product_brand?post=15521"},{"taxonomy":"product_cat","embeddable":true,"href":"https:\/\/vitablanca.ma\/ar\/wp-json\/wp\/v2\/product_cat?post=15521"},{"taxonomy":"product_tag","embeddable":true,"href":"https:\/\/vitablanca.ma\/ar\/wp-json\/wp\/v2\/product_tag?post=15521"}],"curies":[{"name":"wp","href":"https:\/\/api.w.org\/{rel}","templated":true}]}}