{"id":15506,"date":"2025-06-10T16:01:52","date_gmt":"2025-06-10T16:01:52","guid":{"rendered":"https:\/\/vitablanca.ma\/product\/bella-aurora-gel-nettoyant-anti-taches-200-ml\/"},"modified":"2025-09-16T17:56:18","modified_gmt":"2025-09-16T17:56:18","slug":"bella-aurora-gel-nettoyant-anti-taches-200-ml","status":"publish","type":"product","link":"https:\/\/vitablanca.ma\/ar\/product-2\/bella-aurora-gel-nettoyant-anti-taches-200-ml\/","title":{"rendered":"Bella Aurora Gel Nettoyant Anti Taches 200 ML"},"content":{"rendered":"<h2>Bella Aurora Gel Nettoyant Anti Taches 200 ML<\/h2>\n<p>Le Bella Aurora Gel Nettoyant Anti-Taches \u2013 200ml est un gel nettoyant sp\u00e9cial qui allie l\u2019efficacit\u00e9 d\u2019un gel nettoyant \u00e0 la douceur et \u00e0 la texture cr\u00e9meuse. Ce produit est con\u00e7u pour \u00e9liminer en douceur la salet\u00e9, le s\u00e9bum et les r\u00e9sidus de maquillage des pores tout en maintenant l\u2019hydratation de la peau. De plus, il offre un effet exfoliant doux, favorise une peau lumineuse et lisse, et prot\u00e8ge contre les effets n\u00e9fastes de la pollution environnementale.<\/p>\n<ul>\n<li>Nettoie et d\u00e9maquille la peau en douceur.<\/li>\n<li>Unifie et \u00e9claircit le teint.<\/li>\n<li>Prot\u00e8ge la peau contre la pollution urbaine.<\/li>\n<li>Exfolie en douceur.<\/li>\n<li>Laisse la peau douce et agr\u00e9able au toucher.<\/li>\n<li>\u062a\u0645 \u0627\u062e\u062a\u0628\u0627\u0631\u0647 \u0645\u0646 \u0642\u0628\u0644 \u0623\u0637\u0628\u0627\u0621 \u0627\u0644\u062c\u0644\u062f\u064a\u0629.<\/li>\n<\/ul>\n<h3><strong>Ingr\u00e9dients cl\u00e9s:<\/strong><\/h3>\n<ul>\n<li>Extrait de riz de Cor\u00e9e \u00e9cologique : Poss\u00e8de des propri\u00e9t\u00e9s antioxydantes et anti-\u00e2ge, favorisant la densit\u00e9 et l\u2019\u00e9lasticit\u00e9 de la peau.<\/li>\n<li>Extrait de grenade bio : Contribue au renouvellement et \u00e0 la r\u00e9g\u00e9n\u00e9ration de la peau, tout en exfoliant doucement.<\/li>\n<li>Niacinamide : \u00c9claircit, illumine la peau et aide \u00e0 \u00e9liminer les impuret\u00e9s tout en am\u00e9liorant la texture de la peau.<\/li>\n<\/ul>\n<h3><strong>Conseils d\u2019application :<\/strong><\/h3>\n<ul>\n<li>Pour une utilisation optimale du Bella Aurora Gel Nettoyant Anti-Taches :<\/li>\n<li>Utilisez-le deux fois par jour, matin et soir, en tant que premi\u00e8re \u00e9tape de votre routine de soins de la peau.<\/li>\n<li>D\u00e9posez une petite quantit\u00e9 de gel nettoyant dans le creux de votre main et appliquez-le sur un visage humide.<\/li>\n<li>Massez d\u00e9licatement en effectuant des mouvements circulaires pendant environ 60 secondes, puis rincez abondamment \u00e0 l\u2019eau.<\/li>\n<\/ul>\n<p style=\"text-align: center\">D\u00e9couvrez Bella Aurora Gel Nettoyant Anti Taches, un produit soigneusement s\u00e9lectionn\u00e9 pour r\u00e9pondre \u00e0 vos besoins sp\u00e9cifiques, et vivez une exp\u00e9rience d\u2019achat exceptionnelle sur notre site,\u00a0<strong>Vita Blanca Parapharmacie Maroc<\/strong><\/p>","protected":false},"excerpt":{"rendered":"<p>Bella Aurora Gel Nettoyant Anti Taches 200 ML Le Bella Aurora Gel Nettoyant Anti-Taches \u2013 200ml est un gel nettoyant sp\u00e9cial qui allie l\u2019efficacit\u00e9 d\u2019un gel nettoyant \u00e0 la douceur et \u00e0 la texture cr\u00e9meuse. Ce produit est con\u00e7u pour \u00e9liminer en douceur la salet\u00e9, le s\u00e9bum et les r\u00e9sidus de maquillage des pores tout [&hellip;]<\/p>\n","protected":false},"featured_media":15504,"template":"","meta":{"om_disable_all_campaigns":false},"product_brand":[],"product_cat":[15],"product_tag":[],"class_list":{"0":"post-15506","1":"product","2":"type-product","3":"status-publish","4":"has-post-thumbnail","6":"product_cat-beaute-sante-complements-alimentaires-soins-et-bien-etre-au-meilleur-prix","8":"first","9":"instock","10":"sale","11":"taxable","12":"shipping-taxable","13":"purchasable","14":"product-type-simple"},"yoast_head":"<!-- This site is optimized with the Yoast SEO plugin v27.5 - https:\/\/yoast.com\/product\/yoast-seo-wordpress\/ -->\n<title>Bella Aurora Gel Nettoyant Anti Taches 200 ML - Maroc Prix<\/title>\n<meta name=\"description\" content=\"Bella Aurora Gel Nettoyant Anti Taches 200 ML\" \/>\n<meta name=\"robots\" content=\"index, follow, max-snippet:-1, max-image-preview:large, max-video-preview:-1\" \/>\n<link rel=\"canonical\" href=\"https:\/\/vitablanca.ma\/ar\/product-2\/bella-aurora-gel-nettoyant-anti-taches-200-ml\/\" \/>\n<meta property=\"og:locale\" content=\"ar_AR\" \/>\n<meta property=\"og:type\" content=\"article\" \/>\n<meta property=\"og:title\" content=\"Bella Aurora Gel Nettoyant Anti Taches 200 ML - Maroc Prix\" \/>\n<meta property=\"og:description\" content=\"Bella Aurora Gel Nettoyant Anti Taches 200 ML\" \/>\n<meta property=\"og:url\" content=\"https:\/\/vitablanca.ma\/ar\/product-2\/bella-aurora-gel-nettoyant-anti-taches-200-ml\/\" \/>\n<meta property=\"og:site_name\" content=\"Vitablanca.ma &ndash; Sant&eacute;, vitalit&eacute; et bien-&ecirc;tre pour tous les Marocains\" \/>\n<meta property=\"article:publisher\" content=\"https:\/\/www.facebook.com\/profile.php?id=61576678196717\" \/>\n<meta property=\"article:modified_time\" content=\"2025-09-16T17:56:18+00:00\" \/>\n<meta property=\"og:image\" content=\"https:\/\/vitablanca.ma\/wp-content\/uploads\/2025\/06\/Bella_Aurora_gel_Nett_anti_taches_200ml-Nova-para-prix-Maroc.jpg\" \/>\n\t<meta property=\"og:image:width\" content=\"1000\" \/>\n\t<meta property=\"og:image:height\" content=\"1000\" \/>\n\t<meta property=\"og:image:type\" content=\"image\/jpeg\" \/>\n<meta name=\"twitter:card\" content=\"summary_large_image\" \/>\n<meta name=\"twitter:label1\" content=\"\u0648\u0642\u062a \u0627\u0644\u0642\u0631\u0627\u0621\u0629 \u0627\u0644\u0645\u064f\u0642\u062f\u0651\u0631\" \/>\n\t<meta name=\"twitter:data1\" content=\"\u062f\u0642\u064a\u0642\u062a\u0627\u0646\" \/>\n<script type=\"application\/ld+json\" class=\"yoast-schema-graph\">{\"@context\":\"https:\\\/\\\/schema.org\",\"@graph\":[{\"@type\":[\"WebPage\",\"ItemPage\"],\"@id\":\"https:\\\/\\\/vitablanca.ma\\\/produit\\\/bella-aurora-gel-nettoyant-anti-taches-200-ml\\\/\",\"url\":\"https:\\\/\\\/vitablanca.ma\\\/produit\\\/bella-aurora-gel-nettoyant-anti-taches-200-ml\\\/\",\"name\":\"Bella Aurora Gel Nettoyant Anti Taches 200 ML - Maroc Prix\",\"isPartOf\":{\"@id\":\"https:\\\/\\\/vitablanca.ma\\\/#website\"},\"primaryImageOfPage\":{\"@id\":\"https:\\\/\\\/vitablanca.ma\\\/produit\\\/bella-aurora-gel-nettoyant-anti-taches-200-ml\\\/#primaryimage\"},\"image\":{\"@id\":\"https:\\\/\\\/vitablanca.ma\\\/produit\\\/bella-aurora-gel-nettoyant-anti-taches-200-ml\\\/#primaryimage\"},\"thumbnailUrl\":\"https:\\\/\\\/vitablanca.ma\\\/wp-content\\\/uploads\\\/2025\\\/06\\\/Bella_Aurora_gel_Nett_anti_taches_200ml-Nova-para-prix-Maroc.jpg\",\"datePublished\":\"2025-06-10T16:01:52+00:00\",\"dateModified\":\"2025-09-16T17:56:18+00:00\",\"description\":\"Bella Aurora Gel Nettoyant Anti Taches 200 ML\",\"breadcrumb\":{\"@id\":\"https:\\\/\\\/vitablanca.ma\\\/produit\\\/bella-aurora-gel-nettoyant-anti-taches-200-ml\\\/#breadcrumb\"},\"inLanguage\":\"ar\",\"potentialAction\":[{\"@type\":\"ReadAction\",\"target\":[\"https:\\\/\\\/vitablanca.ma\\\/produit\\\/bella-aurora-gel-nettoyant-anti-taches-200-ml\\\/\"]}]},{\"@type\":\"ImageObject\",\"inLanguage\":\"ar\",\"@id\":\"https:\\\/\\\/vitablanca.ma\\\/produit\\\/bella-aurora-gel-nettoyant-anti-taches-200-ml\\\/#primaryimage\",\"url\":\"https:\\\/\\\/vitablanca.ma\\\/wp-content\\\/uploads\\\/2025\\\/06\\\/Bella_Aurora_gel_Nett_anti_taches_200ml-Nova-para-prix-Maroc.jpg\",\"contentUrl\":\"https:\\\/\\\/vitablanca.ma\\\/wp-content\\\/uploads\\\/2025\\\/06\\\/Bella_Aurora_gel_Nett_anti_taches_200ml-Nova-para-prix-Maroc.jpg\",\"width\":1000,\"height\":1000},{\"@type\":\"BreadcrumbList\",\"@id\":\"https:\\\/\\\/vitablanca.ma\\\/produit\\\/bella-aurora-gel-nettoyant-anti-taches-200-ml\\\/#breadcrumb\",\"itemListElement\":[{\"@type\":\"ListItem\",\"position\":1,\"name\":\"Home\",\"item\":\"https:\\\/\\\/vitablanca.ma\\\/\"},{\"@type\":\"ListItem\",\"position\":2,\"name\":\"Tous Les Produits\",\"item\":\"https:\\\/\\\/vitablanca.ma\\\/tous-les-produits\\\/\"},{\"@type\":\"ListItem\",\"position\":3,\"name\":\"Bella Aurora Gel Nettoyant Anti Taches 200 ML\"}]},{\"@type\":\"WebSite\",\"@id\":\"https:\\\/\\\/vitablanca.ma\\\/#website\",\"url\":\"https:\\\/\\\/vitablanca.ma\\\/\",\"name\":\"VitaBlanca.ma | Compl\u00e9ments alimentaires, sant\u00e9 & beaut\u00e9 au Maroc\",\"description\":\"vendre vitamines et compl\u00e9ments premium des USA &amp; Canada, Nouvelle Z\u00e9lande,Maroc (NOW Foods, Solgar, Manuka). Livraison rapide partout au Maroc.\",\"publisher\":{\"@id\":\"https:\\\/\\\/vitablanca.ma\\\/#organization\"},\"alternateName\":\"VitaBlanca.ma\",\"potentialAction\":[{\"@type\":\"SearchAction\",\"target\":{\"@type\":\"EntryPoint\",\"urlTemplate\":\"https:\\\/\\\/vitablanca.ma\\\/?s={search_term_string}\"},\"query-input\":{\"@type\":\"PropertyValueSpecification\",\"valueRequired\":true,\"valueName\":\"search_term_string\"}}],\"inLanguage\":\"ar\"},{\"@type\":\"Organization\",\"@id\":\"https:\\\/\\\/vitablanca.ma\\\/#organization\",\"name\":\"VitaBlanca\",\"url\":\"https:\\\/\\\/vitablanca.ma\\\/\",\"logo\":{\"@type\":\"ImageObject\",\"inLanguage\":\"ar\",\"@id\":\"https:\\\/\\\/vitablanca.ma\\\/#\\\/schema\\\/logo\\\/image\\\/\",\"url\":\"https:\\\/\\\/vitablanca.ma\\\/wp-content\\\/uploads\\\/2025\\\/05\\\/cropped-vitablanca.png\",\"contentUrl\":\"https:\\\/\\\/vitablanca.ma\\\/wp-content\\\/uploads\\\/2025\\\/05\\\/cropped-vitablanca.png\",\"width\":360,\"height\":67,\"caption\":\"VitaBlanca\"},\"image\":{\"@id\":\"https:\\\/\\\/vitablanca.ma\\\/#\\\/schema\\\/logo\\\/image\\\/\"},\"sameAs\":[\"https:\\\/\\\/www.facebook.com\\\/profile.php?id=61576678196717\",\"https:\\\/\\\/www.tiktok.com\\\/@vitablanca.ma\",\"https:\\\/\\\/www.instagram.com\\\/vitablanca.ma\\\/\"]}]}<\/script>\n<!-- \/ Yoast SEO plugin. -->","yoast_head_json":{"title":"Bella Aurora Gel Nettoyant Anti Taches 200 ML - Maroc Prix","description":"Bella Aurora Gel Nettoyant Anti Taches 200 ML","robots":{"index":"index","follow":"follow","max-snippet":"max-snippet:-1","max-image-preview":"max-image-preview:large","max-video-preview":"max-video-preview:-1"},"canonical":"https:\/\/vitablanca.ma\/ar\/product-2\/bella-aurora-gel-nettoyant-anti-taches-200-ml\/","og_locale":"ar_AR","og_type":"article","og_title":"Bella Aurora Gel Nettoyant Anti Taches 200 ML - Maroc Prix","og_description":"Bella Aurora Gel Nettoyant Anti Taches 200 ML","og_url":"https:\/\/vitablanca.ma\/ar\/product-2\/bella-aurora-gel-nettoyant-anti-taches-200-ml\/","og_site_name":"Vitablanca.ma &ndash; Sant&eacute;, vitalit&eacute; et bien-&ecirc;tre pour tous les Marocains","article_publisher":"https:\/\/www.facebook.com\/profile.php?id=61576678196717","article_modified_time":"2025-09-16T17:56:18+00:00","og_image":[{"width":1000,"height":1000,"url":"https:\/\/vitablanca.ma\/wp-content\/uploads\/2025\/06\/Bella_Aurora_gel_Nett_anti_taches_200ml-Nova-para-prix-Maroc.jpg","type":"image\/jpeg"}],"twitter_card":"summary_large_image","twitter_misc":{"\u0648\u0642\u062a \u0627\u0644\u0642\u0631\u0627\u0621\u0629 \u0627\u0644\u0645\u064f\u0642\u062f\u0651\u0631":"\u062f\u0642\u064a\u0642\u062a\u0627\u0646"},"schema":{"@context":"https:\/\/schema.org","@graph":[{"@type":["WebPage","ItemPage"],"@id":"https:\/\/vitablanca.ma\/produit\/bella-aurora-gel-nettoyant-anti-taches-200-ml\/","url":"https:\/\/vitablanca.ma\/produit\/bella-aurora-gel-nettoyant-anti-taches-200-ml\/","name":"Bella Aurora Gel Nettoyant Anti Taches 200 ML - Maroc Prix","isPartOf":{"@id":"https:\/\/vitablanca.ma\/#website"},"primaryImageOfPage":{"@id":"https:\/\/vitablanca.ma\/produit\/bella-aurora-gel-nettoyant-anti-taches-200-ml\/#primaryimage"},"image":{"@id":"https:\/\/vitablanca.ma\/produit\/bella-aurora-gel-nettoyant-anti-taches-200-ml\/#primaryimage"},"thumbnailUrl":"https:\/\/vitablanca.ma\/wp-content\/uploads\/2025\/06\/Bella_Aurora_gel_Nett_anti_taches_200ml-Nova-para-prix-Maroc.jpg","datePublished":"2025-06-10T16:01:52+00:00","dateModified":"2025-09-16T17:56:18+00:00","description":"Bella Aurora Gel Nettoyant Anti Taches 200 ML","breadcrumb":{"@id":"https:\/\/vitablanca.ma\/produit\/bella-aurora-gel-nettoyant-anti-taches-200-ml\/#breadcrumb"},"inLanguage":"ar","potentialAction":[{"@type":"ReadAction","target":["https:\/\/vitablanca.ma\/produit\/bella-aurora-gel-nettoyant-anti-taches-200-ml\/"]}]},{"@type":"ImageObject","inLanguage":"ar","@id":"https:\/\/vitablanca.ma\/produit\/bella-aurora-gel-nettoyant-anti-taches-200-ml\/#primaryimage","url":"https:\/\/vitablanca.ma\/wp-content\/uploads\/2025\/06\/Bella_Aurora_gel_Nett_anti_taches_200ml-Nova-para-prix-Maroc.jpg","contentUrl":"https:\/\/vitablanca.ma\/wp-content\/uploads\/2025\/06\/Bella_Aurora_gel_Nett_anti_taches_200ml-Nova-para-prix-Maroc.jpg","width":1000,"height":1000},{"@type":"BreadcrumbList","@id":"https:\/\/vitablanca.ma\/produit\/bella-aurora-gel-nettoyant-anti-taches-200-ml\/#breadcrumb","itemListElement":[{"@type":"ListItem","position":1,"name":"Home","item":"https:\/\/vitablanca.ma\/"},{"@type":"ListItem","position":2,"name":"Tous Les Produits","item":"https:\/\/vitablanca.ma\/tous-les-produits\/"},{"@type":"ListItem","position":3,"name":"Bella Aurora Gel Nettoyant Anti Taches 200 ML"}]},{"@type":"WebSite","@id":"https:\/\/vitablanca.ma\/#website","url":"https:\/\/vitablanca.ma\/","name":"VitaBlanca.ma | \u0627\u0644\u0645\u0643\u0645\u0644\u0627\u062a \u0627\u0644\u063a\u0630\u0627\u0626\u064a\u0629\u060c \u0627\u0644\u0635\u062d\u0629 \u0648\u0627\u0644\u062c\u0645\u0627\u0644 \u0641\u064a \u0627\u0644\u0645\u063a\u0631\u0628","description":"\u0646\u0628\u064a\u0639 \u0641\u064a\u062a\u0627\u0645\u064a\u0646\u0627\u062a \u0648\u0645\u0643\u0645\u0644\u0627\u062a \u063a\u0630\u0627\u0626\u064a\u0629 \u0641\u0627\u062e\u0631\u0629 \u0645\u0646 \u0627\u0644\u0648\u0644\u0627\u064a\u0627\u062a \u0627\u0644\u0645\u062a\u062d\u062f\u0629 \u0627\u0644\u0623\u0645\u0631\u064a\u0643\u064a\u0629 \u0648\u0643\u0646\u062f\u0627 \u0648\u0646\u064a\u0648\u0632\u064a\u0644\u0646\u062f\u0627 \u0648\u0627\u0644\u0645\u063a\u0631\u0628 (\u0646\u0627\u0648 \u0641\u0648\u062f\u0632\u060c \u0633\u0648\u0644\u062c\u0627\u0631\u060c \u0645\u0627\u0646\u0648\u0643\u0627). \u062a\u0648\u0635\u064a\u0644 \u0633\u0631\u064a\u0639 \u0625\u0644\u0649 \u062c\u0645\u064a\u0639 \u0623\u0646\u062d\u0627\u0621 \u0627\u0644\u0645\u063a\u0631\u0628.","publisher":{"@id":"https:\/\/vitablanca.ma\/#organization"},"alternateName":"VitaBlanca.ma","potentialAction":[{"@type":"SearchAction","target":{"@type":"EntryPoint","urlTemplate":"https:\/\/vitablanca.ma\/?s={search_term_string}"},"query-input":{"@type":"PropertyValueSpecification","valueRequired":true,"valueName":"search_term_string"}}],"inLanguage":"ar"},{"@type":"Organization","@id":"https:\/\/vitablanca.ma\/#organization","name":"\u0641\u064a\u062a\u0627\u0628\u0644\u0627\u0646\u0643\u0627","url":"https:\/\/vitablanca.ma\/","logo":{"@type":"ImageObject","inLanguage":"ar","@id":"https:\/\/vitablanca.ma\/#\/schema\/logo\/image\/","url":"https:\/\/vitablanca.ma\/wp-content\/uploads\/2025\/05\/cropped-vitablanca.png","contentUrl":"https:\/\/vitablanca.ma\/wp-content\/uploads\/2025\/05\/cropped-vitablanca.png","width":360,"height":67,"caption":"VitaBlanca"},"image":{"@id":"https:\/\/vitablanca.ma\/#\/schema\/logo\/image\/"},"sameAs":["https:\/\/www.facebook.com\/profile.php?id=61576678196717","https:\/\/www.tiktok.com\/@vitablanca.ma","https:\/\/www.instagram.com\/vitablanca.ma\/"]}]}},"jetpack_sharing_enabled":true,"_links":{"self":[{"href":"https:\/\/vitablanca.ma\/ar\/wp-json\/wp\/v2\/product\/15506","targetHints":{"allow":["GET"]}}],"collection":[{"href":"https:\/\/vitablanca.ma\/ar\/wp-json\/wp\/v2\/product"}],"about":[{"href":"https:\/\/vitablanca.ma\/ar\/wp-json\/wp\/v2\/types\/product"}],"wp:featuredmedia":[{"embeddable":true,"href":"https:\/\/vitablanca.ma\/ar\/wp-json\/wp\/v2\/media\/15504"}],"wp:attachment":[{"href":"https:\/\/vitablanca.ma\/ar\/wp-json\/wp\/v2\/media?parent=15506"}],"wp:term":[{"taxonomy":"product_brand","embeddable":true,"href":"https:\/\/vitablanca.ma\/ar\/wp-json\/wp\/v2\/product_brand?post=15506"},{"taxonomy":"product_cat","embeddable":true,"href":"https:\/\/vitablanca.ma\/ar\/wp-json\/wp\/v2\/product_cat?post=15506"},{"taxonomy":"product_tag","embeddable":true,"href":"https:\/\/vitablanca.ma\/ar\/wp-json\/wp\/v2\/product_tag?post=15506"}],"curies":[{"name":"wp","href":"https:\/\/api.w.org\/{rel}","templated":true}]}}