{"id":15505,"date":"2025-06-10T16:01:52","date_gmt":"2025-06-10T16:01:52","guid":{"rendered":"https:\/\/vitablanca.ma\/product\/bebe-confort-doseur-de-lait-de-voyage-maternity-indians-bleu\/"},"modified":"2025-06-10T16:01:52","modified_gmt":"2025-06-10T16:01:52","slug":"bebe-confort-doseur-de-lait-de-voyage-maternity-indians-bleu","status":"publish","type":"product","link":"https:\/\/vitablanca.ma\/ar\/product-2\/bebe-confort-doseur-de-lait-de-voyage-maternity-indians-bleu\/","title":{"rendered":"\u0628\u064a\u0628\u064a \u0643\u0648\u0646\u0641\u0648\u0631\u062a \u0645\u0627\u062a\u064a\u0631\u0646\u064a\u062a\u064a \u0625\u0646\u062f\u064a\u0627\u0646\u0632 \u0645\u0648\u0632\u0639 \u062d\u0644\u064a\u0628 \u0627\u0644\u0633\u0641\u0631 \u0628\u0627\u0644\u0644\u0648\u0646 \u0627\u0644\u0623\u0632\u0631\u0642"},"content":{"rendered":"<h2>B\u00e9b\u00e9 Confort Doseur De Lait De Voyage Maternity Indians Bleu.<\/h2>\n<p>\u0627\u0644<span>\u00a0<\/span><strong>\u0645\u0648\u0632\u0639 \u062d\u0644\u064a\u0628 \u0627\u0644\u0633\u0627\u0641\u0627\u0646\u0627 \u0645\u0646 B\u00e9b\u00e9 Confort<\/strong><span>\u00a0<\/span>\u064a\u0639\u062f \u0645\u0644\u062d\u0642\u064b\u0627 \u0623\u0633\u0627\u0633\u064a\u064b\u0627 \u0639\u0646\u062f \u0627\u0644\u0633\u0641\u0631 \u0639\u0646\u062f\u0645\u0627 \u062a\u0623\u062e\u0630\u064a\u0646 \u062d\u0644\u064a\u0628 \u0627\u0644\u0623\u0637\u0641\u0627\u0644 \u0627\u0644\u0645\u062c\u0641\u0641 \u0645\u0639\u0643 \u0641\u064a \u0627\u0644\u0631\u062d\u0644\u0627\u062a \u0623\u0648 \u0627\u0644\u0646\u0632\u0647\u0627\u062a \u0627\u0644\u0639\u0627\u0626\u0644\u064a\u0629.<\/p>\n<p>\u0647\u0630\u0627<span>\u00a0<\/span><strong>\u0645\u0648\u0632\u0639 \u062d\u0644\u064a\u0628 \u0645\u0631\u064a\u062d \u0644\u0644\u0623\u0637\u0641\u0627\u0644<\/strong><span>\u00a0<\/span>\u064a\u062d\u062a\u0648\u064a \u0639\u0644\u0649 3 \u062d\u062c\u0631\u0627\u062a \u0645\u0639<strong><span>\u00a0<\/span>\u0635\u0646\u0628\u0648\u0631 \u0627\u0644\u0635\u0628 \u0648\u0627\u0644\u0623\u063a\u0637\u064a\u0629<\/strong><span>\u00a0<\/span>\u0645\u0646\u0641\u0635\u0644\u064a\u0646 \u0645\u0646 \u0623\u062c\u0644 \u062a\u062c\u0646\u0628<span>\u00a0<\/span><strong>\u0645\u062e\u0627\u0637\u0631 \u062e\u0644\u0637 \u062c\u0631\u0639\u0627\u062a \u0627\u0644\u062d\u0644\u064a\u0628.<\/strong><\/p>\n<h3><strong>\u0633\u0645\u0627\u062a :<\/strong><\/h3>\n<ul>\n<li>\u0645\u0635\u0645\u0645\u0629 \u0644\u0644\u0633\u0641\u0631<\/li>\n<li>3 \u062d\u062c\u0631\u0627\u062a \u0645\u0639 \u0641\u0648\u0647\u0629 \u0635\u0628 \u0648\u0623\u063a\u0637\u064a\u0629 \u0645\u0646\u0641\u0635\u0644\u0629.<\/li>\n<li>\u0645\u0633\u0645\u0648\u062d \u0628\u063a\u0633\u0627\u0644\u0629 \u0627\u0644\u0635\u062d\u0648\u0646.<\/li>\n<li>\u0642\u0645\u0639 \u0639\u0645\u0644\u064a \u0644\u0635\u0628 \u0645\u0633\u062d\u0648\u0642 \u0627\u0644\u062d\u0644\u064a\u0628 \u0641\u064a \u0627\u0644\u0632\u062c\u0627\u062c\u0629.<\/li>\n<li>\u062d\u062c\u0631\u0627\u062a \u0645\u0633\u062a\u0642\u0644\u0629 \u0648\u0642\u0627\u0628\u0644\u0629 \u0644\u0644\u062a\u0643\u062f\u064a\u0633 \u0628\u0641\u0636\u0644 \u0627\u0644\u0623\u063a\u0637\u064a\u0629 \u0627\u0644\u0641\u0631\u062f\u064a\u0629.<\/li>\n<li>\u0639\u0645\u0644\u064a \u0648\u062f\u0642\u064a\u0642<\/li>\n<\/ul>\n<p><strong>\u0631\u0627\u062d\u0629 \u0627\u0644\u0637\u0641\u0644<\/strong><span>\u00a0<\/span>\u0644\u0642\u062f \u0627\u0643\u062a\u0633\u0628 \u0627\u062d\u062a\u0631\u0627\u0645 \u062c\u0645\u064a\u0639 \u0627\u0644\u0634\u0631\u0643\u0627\u062a \u0627\u0644\u0645\u062e\u0635\u0635\u0629 \u0644\u0640<span>\u00a0<\/span><strong>\u0639\u0627\u0644\u0645 \u0631\u0639\u0627\u064a\u0629 \u0627\u0644\u0623\u0637\u0641\u0627\u0644<\/strong><span>\u00a0<\/span>\u0641\u064a<span>\u00a0<\/span><strong>\u062c\u0639\u0644 \u0627\u0644\u062d\u064a\u0627\u0629 \u0623\u0633\u0647\u0644 \u0644\u0644\u0623\u0637\u0641\u0627\u0644 \u0648\u0627\u0644\u0622\u0628\u0627\u0621<\/strong>.<\/p>\n<h3>\u0637\u0631\u064a\u0642\u0629 \u0627\u0644\u0627\u0633\u062a\u062e\u062f\u0627\u0645<\/h3>\n<div class=\"tab-panels\">\n<div aria-labelledby=\"tab-title-conseils-dutilisation\" role=\"tabpanel\" id=\"tab-conseils-dutilisation\" class=\"woocommerce-Tabs-panel woocommerce-Tabs-panel--conseils-dutilisation panel entry-content active\">\n<ul>\n<li>\u0627\u063a\u0633\u0644\u0647\u0627 \u0641\u064a \u0645\u0627\u0621 \u062f\u0627\u0641\u0626 \u0648\u0635\u0627\u0628\u0648\u0646 \u0623\u0648 \u0641\u064a \u0627\u0644\u0631\u0641 \u0627\u0644\u0639\u0644\u0648\u064a \u0645\u0646 \u063a\u0633\u0627\u0644\u0629 \u0627\u0644\u0623\u0637\u0628\u0627\u0642.<\/li>\n<li>\u0644\u0627 \u062a\u063a\u0644\u064a.<\/li>\n<li>\u0644\u0627 \u062a\u0636\u0639\u0647 \u0641\u064a \u0627\u0644\u0645\u064a\u0643\u0631\u0648\u0648\u064a\u0641.<\/li>\n<\/ul>\n<\/div>\n<\/div>","protected":false},"excerpt":{"rendered":"<p>B\u00e9b\u00e9 Confort Doseur De Lait De Voyage Maternity Indians Bleu. Le\u00a0doseur de lait savannah de la marque b\u00e9b\u00e9 confort\u00a0est un accessoire indispensable lors d\u2019un d\u00e9placement quand vous emportez avec vous le lait en poudre de b\u00e9b\u00e9 en voyage ou en sorties familiales. Ce\u00a0doseur de lait b\u00e9b\u00e9 confort\u00a0contient 3 compartiments avec\u00a0bec verseur et couvercles\u00a0s\u00e9par\u00e9s afin d\u2019\u00e9viter [&hellip;]<\/p>\n","protected":false},"featured_media":15503,"template":"","meta":{"om_disable_all_campaigns":false},"product_brand":[],"product_cat":[15],"product_tag":[],"class_list":{"0":"post-15505","1":"product","2":"type-product","3":"status-publish","4":"has-post-thumbnail","6":"product_cat-beaute-sante-complements-alimentaires-soins-et-bien-etre-au-meilleur-prix","8":"first","9":"instock","10":"sale","11":"taxable","12":"shipping-taxable","13":"purchasable","14":"product-type-simple"},"yoast_head":"<!-- This site is optimized with the Yoast SEO plugin v27.3 - https:\/\/yoast.com\/product\/yoast-seo-wordpress\/ -->\n<title>B\u00e9b\u00e9 Confort Doseur De Lait De Voyage Maternity Indians Bleu - Maroc Prix<\/title>\n<meta name=\"description\" content=\"B\u00e9b\u00e9 Confort Doseur De Lait De Voyage Maternity Indians Bleu\" \/>\n<meta name=\"robots\" content=\"index, follow, max-snippet:-1, max-image-preview:large, max-video-preview:-1\" \/>\n<link rel=\"canonical\" href=\"https:\/\/vitablanca.ma\/ar\/product-2\/bebe-confort-doseur-de-lait-de-voyage-maternity-indians-bleu\/\" \/>\n<meta property=\"og:locale\" content=\"ar_AR\" \/>\n<meta property=\"og:type\" content=\"article\" \/>\n<meta property=\"og:title\" content=\"B\u00e9b\u00e9 Confort Doseur De Lait De Voyage Maternity Indians Bleu - Maroc Prix\" \/>\n<meta property=\"og:description\" content=\"B\u00e9b\u00e9 Confort Doseur De Lait De Voyage Maternity Indians Bleu\" \/>\n<meta property=\"og:url\" content=\"https:\/\/vitablanca.ma\/ar\/product-2\/bebe-confort-doseur-de-lait-de-voyage-maternity-indians-bleu\/\" \/>\n<meta property=\"og:site_name\" content=\"Vitablanca.ma &ndash; Sant&eacute;, vitalit&eacute; et bien-&ecirc;tre pour tous les Marocains\" \/>\n<meta property=\"article:publisher\" content=\"https:\/\/www.facebook.com\/profile.php?id=61576678196717\" \/>\n<meta property=\"og:image\" content=\"https:\/\/vitablanca.ma\/wp-content\/uploads\/2025\/06\/Bebe-Confort-Doseur-De-Lait-De-Voyage-Maternity-Indians-Bleu-nova-parapharmacie-casablanca.jpg\" \/>\n\t<meta property=\"og:image:width\" content=\"1000\" \/>\n\t<meta property=\"og:image:height\" content=\"1000\" \/>\n\t<meta property=\"og:image:type\" content=\"image\/jpeg\" \/>\n<meta name=\"twitter:card\" content=\"summary_large_image\" \/>\n<meta name=\"twitter:label1\" content=\"\u0648\u0642\u062a \u0627\u0644\u0642\u0631\u0627\u0621\u0629 \u0627\u0644\u0645\u064f\u0642\u062f\u0651\u0631\" \/>\n\t<meta name=\"twitter:data1\" content=\"\u062f\u0642\u064a\u0642\u0629 \u0648\u0627\u062d\u062f\u0629\" \/>\n<script type=\"application\/ld+json\" class=\"yoast-schema-graph\">{\"@context\":\"https:\\\/\\\/schema.org\",\"@graph\":[{\"@type\":[\"WebPage\",\"ItemPage\"],\"@id\":\"https:\\\/\\\/vitablanca.ma\\\/produit\\\/bebe-confort-doseur-de-lait-de-voyage-maternity-indians-bleu\\\/\",\"url\":\"https:\\\/\\\/vitablanca.ma\\\/produit\\\/bebe-confort-doseur-de-lait-de-voyage-maternity-indians-bleu\\\/\",\"name\":\"B\u00e9b\u00e9 Confort Doseur De Lait De Voyage Maternity Indians Bleu - Maroc Prix\",\"isPartOf\":{\"@id\":\"https:\\\/\\\/vitablanca.ma\\\/#website\"},\"primaryImageOfPage\":{\"@id\":\"https:\\\/\\\/vitablanca.ma\\\/produit\\\/bebe-confort-doseur-de-lait-de-voyage-maternity-indians-bleu\\\/#primaryimage\"},\"image\":{\"@id\":\"https:\\\/\\\/vitablanca.ma\\\/produit\\\/bebe-confort-doseur-de-lait-de-voyage-maternity-indians-bleu\\\/#primaryimage\"},\"thumbnailUrl\":\"https:\\\/\\\/vitablanca.ma\\\/wp-content\\\/uploads\\\/2025\\\/06\\\/Bebe-Confort-Doseur-De-Lait-De-Voyage-Maternity-Indians-Bleu-nova-parapharmacie-casablanca.jpg\",\"datePublished\":\"2025-06-10T16:01:52+00:00\",\"description\":\"B\u00e9b\u00e9 Confort Doseur De Lait De Voyage Maternity Indians Bleu\",\"breadcrumb\":{\"@id\":\"https:\\\/\\\/vitablanca.ma\\\/produit\\\/bebe-confort-doseur-de-lait-de-voyage-maternity-indians-bleu\\\/#breadcrumb\"},\"inLanguage\":\"ar\",\"potentialAction\":[{\"@type\":\"ReadAction\",\"target\":[\"https:\\\/\\\/vitablanca.ma\\\/produit\\\/bebe-confort-doseur-de-lait-de-voyage-maternity-indians-bleu\\\/\"]}]},{\"@type\":\"ImageObject\",\"inLanguage\":\"ar\",\"@id\":\"https:\\\/\\\/vitablanca.ma\\\/produit\\\/bebe-confort-doseur-de-lait-de-voyage-maternity-indians-bleu\\\/#primaryimage\",\"url\":\"https:\\\/\\\/vitablanca.ma\\\/wp-content\\\/uploads\\\/2025\\\/06\\\/Bebe-Confort-Doseur-De-Lait-De-Voyage-Maternity-Indians-Bleu-nova-parapharmacie-casablanca.jpg\",\"contentUrl\":\"https:\\\/\\\/vitablanca.ma\\\/wp-content\\\/uploads\\\/2025\\\/06\\\/Bebe-Confort-Doseur-De-Lait-De-Voyage-Maternity-Indians-Bleu-nova-parapharmacie-casablanca.jpg\",\"width\":1000,\"height\":1000},{\"@type\":\"BreadcrumbList\",\"@id\":\"https:\\\/\\\/vitablanca.ma\\\/produit\\\/bebe-confort-doseur-de-lait-de-voyage-maternity-indians-bleu\\\/#breadcrumb\",\"itemListElement\":[{\"@type\":\"ListItem\",\"position\":1,\"name\":\"Home\",\"item\":\"https:\\\/\\\/vitablanca.ma\\\/\"},{\"@type\":\"ListItem\",\"position\":2,\"name\":\"Tous Les Produits\",\"item\":\"https:\\\/\\\/vitablanca.ma\\\/tous-les-produits\\\/\"},{\"@type\":\"ListItem\",\"position\":3,\"name\":\"B\u00e9b\u00e9 Confort Doseur De Lait De Voyage Maternity Indians Bleu\"}]},{\"@type\":\"WebSite\",\"@id\":\"https:\\\/\\\/vitablanca.ma\\\/#website\",\"url\":\"https:\\\/\\\/vitablanca.ma\\\/\",\"name\":\"VitaBlanca.ma | Compl\u00e9ments alimentaires, sant\u00e9 & beaut\u00e9 au Maroc\",\"description\":\"vendre vitamines et compl\u00e9ments premium des USA &amp; Canada, Nouvelle Z\u00e9lande,Maroc (NOW Foods, Solgar, Manuka). Livraison rapide partout au Maroc.\",\"publisher\":{\"@id\":\"https:\\\/\\\/vitablanca.ma\\\/#organization\"},\"alternateName\":\"VitaBlanca.ma\",\"potentialAction\":[{\"@type\":\"SearchAction\",\"target\":{\"@type\":\"EntryPoint\",\"urlTemplate\":\"https:\\\/\\\/vitablanca.ma\\\/?s={search_term_string}\"},\"query-input\":{\"@type\":\"PropertyValueSpecification\",\"valueRequired\":true,\"valueName\":\"search_term_string\"}}],\"inLanguage\":\"ar\"},{\"@type\":\"Organization\",\"@id\":\"https:\\\/\\\/vitablanca.ma\\\/#organization\",\"name\":\"VitaBlanca\",\"url\":\"https:\\\/\\\/vitablanca.ma\\\/\",\"logo\":{\"@type\":\"ImageObject\",\"inLanguage\":\"ar\",\"@id\":\"https:\\\/\\\/vitablanca.ma\\\/#\\\/schema\\\/logo\\\/image\\\/\",\"url\":\"https:\\\/\\\/vitablanca.ma\\\/wp-content\\\/uploads\\\/2025\\\/05\\\/cropped-vitablanca.png\",\"contentUrl\":\"https:\\\/\\\/vitablanca.ma\\\/wp-content\\\/uploads\\\/2025\\\/05\\\/cropped-vitablanca.png\",\"width\":360,\"height\":67,\"caption\":\"VitaBlanca\"},\"image\":{\"@id\":\"https:\\\/\\\/vitablanca.ma\\\/#\\\/schema\\\/logo\\\/image\\\/\"},\"sameAs\":[\"https:\\\/\\\/www.facebook.com\\\/profile.php?id=61576678196717\",\"https:\\\/\\\/www.tiktok.com\\\/@vitablanca.ma\",\"https:\\\/\\\/www.instagram.com\\\/vitablanca.ma\\\/\"]}]}<\/script>\n<!-- \/ Yoast SEO plugin. -->","yoast_head_json":{"title":"B\u00e9b\u00e9 Confort Doseur De Lait De Voyage Maternity Indians Bleu - Maroc Prix","description":"\u0628\u064a\u0628\u064a \u0643\u0648\u0646\u0641\u0648\u0631\u062a \u0645\u0627\u062a\u064a\u0631\u0646\u064a\u062a\u064a \u0625\u0646\u062f\u064a\u0627\u0646\u0632 \u0645\u0648\u0632\u0639 \u062d\u0644\u064a\u0628 \u0627\u0644\u0633\u0641\u0631 \u0628\u0627\u0644\u0644\u0648\u0646 \u0627\u0644\u0623\u0632\u0631\u0642","robots":{"index":"index","follow":"follow","max-snippet":"max-snippet:-1","max-image-preview":"max-image-preview:large","max-video-preview":"max-video-preview:-1"},"canonical":"https:\/\/vitablanca.ma\/ar\/product-2\/bebe-confort-doseur-de-lait-de-voyage-maternity-indians-bleu\/","og_locale":"ar_AR","og_type":"article","og_title":"B\u00e9b\u00e9 Confort Doseur De Lait De Voyage Maternity Indians Bleu - Maroc Prix","og_description":"B\u00e9b\u00e9 Confort Doseur De Lait De Voyage Maternity Indians Bleu","og_url":"https:\/\/vitablanca.ma\/ar\/product-2\/bebe-confort-doseur-de-lait-de-voyage-maternity-indians-bleu\/","og_site_name":"Vitablanca.ma &ndash; Sant&eacute;, vitalit&eacute; et bien-&ecirc;tre pour tous les Marocains","article_publisher":"https:\/\/www.facebook.com\/profile.php?id=61576678196717","og_image":[{"width":1000,"height":1000,"url":"https:\/\/vitablanca.ma\/wp-content\/uploads\/2025\/06\/Bebe-Confort-Doseur-De-Lait-De-Voyage-Maternity-Indians-Bleu-nova-parapharmacie-casablanca.jpg","type":"image\/jpeg"}],"twitter_card":"summary_large_image","twitter_misc":{"\u0648\u0642\u062a \u0627\u0644\u0642\u0631\u0627\u0621\u0629 \u0627\u0644\u0645\u064f\u0642\u062f\u0651\u0631":"\u062f\u0642\u064a\u0642\u0629 \u0648\u0627\u062d\u062f\u0629"},"schema":{"@context":"https:\/\/schema.org","@graph":[{"@type":["WebPage","ItemPage"],"@id":"https:\/\/vitablanca.ma\/produit\/bebe-confort-doseur-de-lait-de-voyage-maternity-indians-bleu\/","url":"https:\/\/vitablanca.ma\/produit\/bebe-confort-doseur-de-lait-de-voyage-maternity-indians-bleu\/","name":"B\u00e9b\u00e9 Confort Doseur De Lait De Voyage Maternity Indians Bleu - Maroc Prix","isPartOf":{"@id":"https:\/\/vitablanca.ma\/#website"},"primaryImageOfPage":{"@id":"https:\/\/vitablanca.ma\/produit\/bebe-confort-doseur-de-lait-de-voyage-maternity-indians-bleu\/#primaryimage"},"image":{"@id":"https:\/\/vitablanca.ma\/produit\/bebe-confort-doseur-de-lait-de-voyage-maternity-indians-bleu\/#primaryimage"},"thumbnailUrl":"https:\/\/vitablanca.ma\/wp-content\/uploads\/2025\/06\/Bebe-Confort-Doseur-De-Lait-De-Voyage-Maternity-Indians-Bleu-nova-parapharmacie-casablanca.jpg","datePublished":"2025-06-10T16:01:52+00:00","description":"\u0628\u064a\u0628\u064a \u0643\u0648\u0646\u0641\u0648\u0631\u062a \u0645\u0627\u062a\u064a\u0631\u0646\u064a\u062a\u064a \u0625\u0646\u062f\u064a\u0627\u0646\u0632 \u0645\u0648\u0632\u0639 \u062d\u0644\u064a\u0628 \u0627\u0644\u0633\u0641\u0631 \u0628\u0627\u0644\u0644\u0648\u0646 \u0627\u0644\u0623\u0632\u0631\u0642","breadcrumb":{"@id":"https:\/\/vitablanca.ma\/produit\/bebe-confort-doseur-de-lait-de-voyage-maternity-indians-bleu\/#breadcrumb"},"inLanguage":"ar","potentialAction":[{"@type":"ReadAction","target":["https:\/\/vitablanca.ma\/produit\/bebe-confort-doseur-de-lait-de-voyage-maternity-indians-bleu\/"]}]},{"@type":"ImageObject","inLanguage":"ar","@id":"https:\/\/vitablanca.ma\/produit\/bebe-confort-doseur-de-lait-de-voyage-maternity-indians-bleu\/#primaryimage","url":"https:\/\/vitablanca.ma\/wp-content\/uploads\/2025\/06\/Bebe-Confort-Doseur-De-Lait-De-Voyage-Maternity-Indians-Bleu-nova-parapharmacie-casablanca.jpg","contentUrl":"https:\/\/vitablanca.ma\/wp-content\/uploads\/2025\/06\/Bebe-Confort-Doseur-De-Lait-De-Voyage-Maternity-Indians-Bleu-nova-parapharmacie-casablanca.jpg","width":1000,"height":1000},{"@type":"BreadcrumbList","@id":"https:\/\/vitablanca.ma\/produit\/bebe-confort-doseur-de-lait-de-voyage-maternity-indians-bleu\/#breadcrumb","itemListElement":[{"@type":"ListItem","position":1,"name":"Home","item":"https:\/\/vitablanca.ma\/"},{"@type":"ListItem","position":2,"name":"Tous Les Produits","item":"https:\/\/vitablanca.ma\/tous-les-produits\/"},{"@type":"ListItem","position":3,"name":"B\u00e9b\u00e9 Confort Doseur De Lait De Voyage Maternity Indians Bleu"}]},{"@type":"WebSite","@id":"https:\/\/vitablanca.ma\/#website","url":"https:\/\/vitablanca.ma\/","name":"VitaBlanca.ma | \u0627\u0644\u0645\u0643\u0645\u0644\u0627\u062a \u0627\u0644\u063a\u0630\u0627\u0626\u064a\u0629\u060c \u0627\u0644\u0635\u062d\u0629 \u0648\u0627\u0644\u062c\u0645\u0627\u0644 \u0641\u064a \u0627\u0644\u0645\u063a\u0631\u0628","description":"\u0646\u0628\u064a\u0639 \u0641\u064a\u062a\u0627\u0645\u064a\u0646\u0627\u062a \u0648\u0645\u0643\u0645\u0644\u0627\u062a \u063a\u0630\u0627\u0626\u064a\u0629 \u0641\u0627\u062e\u0631\u0629 \u0645\u0646 \u0627\u0644\u0648\u0644\u0627\u064a\u0627\u062a \u0627\u0644\u0645\u062a\u062d\u062f\u0629 \u0627\u0644\u0623\u0645\u0631\u064a\u0643\u064a\u0629 \u0648\u0643\u0646\u062f\u0627 \u0648\u0646\u064a\u0648\u0632\u064a\u0644\u0646\u062f\u0627 \u0648\u0627\u0644\u0645\u063a\u0631\u0628 (\u0646\u0627\u0648 \u0641\u0648\u062f\u0632\u060c \u0633\u0648\u0644\u062c\u0627\u0631\u060c \u0645\u0627\u0646\u0648\u0643\u0627). \u062a\u0648\u0635\u064a\u0644 \u0633\u0631\u064a\u0639 \u0625\u0644\u0649 \u062c\u0645\u064a\u0639 \u0623\u0646\u062d\u0627\u0621 \u0627\u0644\u0645\u063a\u0631\u0628.","publisher":{"@id":"https:\/\/vitablanca.ma\/#organization"},"alternateName":"VitaBlanca.ma","potentialAction":[{"@type":"SearchAction","target":{"@type":"EntryPoint","urlTemplate":"https:\/\/vitablanca.ma\/?s={search_term_string}"},"query-input":{"@type":"PropertyValueSpecification","valueRequired":true,"valueName":"search_term_string"}}],"inLanguage":"ar"},{"@type":"Organization","@id":"https:\/\/vitablanca.ma\/#organization","name":"\u0641\u064a\u062a\u0627\u0628\u0644\u0627\u0646\u0643\u0627","url":"https:\/\/vitablanca.ma\/","logo":{"@type":"ImageObject","inLanguage":"ar","@id":"https:\/\/vitablanca.ma\/#\/schema\/logo\/image\/","url":"https:\/\/vitablanca.ma\/wp-content\/uploads\/2025\/05\/cropped-vitablanca.png","contentUrl":"https:\/\/vitablanca.ma\/wp-content\/uploads\/2025\/05\/cropped-vitablanca.png","width":360,"height":67,"caption":"VitaBlanca"},"image":{"@id":"https:\/\/vitablanca.ma\/#\/schema\/logo\/image\/"},"sameAs":["https:\/\/www.facebook.com\/profile.php?id=61576678196717","https:\/\/www.tiktok.com\/@vitablanca.ma","https:\/\/www.instagram.com\/vitablanca.ma\/"]}]}},"jetpack_sharing_enabled":true,"_links":{"self":[{"href":"https:\/\/vitablanca.ma\/ar\/wp-json\/wp\/v2\/product\/15505","targetHints":{"allow":["GET"]}}],"collection":[{"href":"https:\/\/vitablanca.ma\/ar\/wp-json\/wp\/v2\/product"}],"about":[{"href":"https:\/\/vitablanca.ma\/ar\/wp-json\/wp\/v2\/types\/product"}],"wp:featuredmedia":[{"embeddable":true,"href":"https:\/\/vitablanca.ma\/ar\/wp-json\/wp\/v2\/media\/15503"}],"wp:attachment":[{"href":"https:\/\/vitablanca.ma\/ar\/wp-json\/wp\/v2\/media?parent=15505"}],"wp:term":[{"taxonomy":"product_brand","embeddable":true,"href":"https:\/\/vitablanca.ma\/ar\/wp-json\/wp\/v2\/product_brand?post=15505"},{"taxonomy":"product_cat","embeddable":true,"href":"https:\/\/vitablanca.ma\/ar\/wp-json\/wp\/v2\/product_cat?post=15505"},{"taxonomy":"product_tag","embeddable":true,"href":"https:\/\/vitablanca.ma\/ar\/wp-json\/wp\/v2\/product_tag?post=15505"}],"curies":[{"name":"wp","href":"https:\/\/api.w.org\/{rel}","templated":true}]}}