{"id":15502,"date":"2025-06-10T16:01:47","date_gmt":"2025-06-10T16:01:47","guid":{"rendered":"https:\/\/vitablanca.ma\/product\/bella-aurora-bio10-forte-ampoule-152ml\/"},"modified":"2025-06-10T16:01:47","modified_gmt":"2025-06-10T16:01:47","slug":"bella-aurora-bio10-forte-ampoule-152ml","status":"publish","type":"product","link":"https:\/\/vitablanca.ma\/ar\/product-2\/bella-aurora-bio10-forte-ampoule-152ml\/","title":{"rendered":"Bella Aurora Bio10 Forte Ampoule 15*2ml"},"content":{"rendered":"<h2 data-mce-fragment=\"1\">Bella Aurora Bio10 Forte Ampoule\u00a0<span data-mce-fragment=\"1\">aider \u00e0 \u00e9liminer ces hyperpigmentations<\/span><br \/>\n<\/h2>\n<p data-mce-fragment=\"1\"><strong data-mce-fragment=\"1\">Bella Aurora Bio10 Forte Depigmenting Ampoules<\/strong>\u00a0est un s\u00e9rum d\u00e9pigmentant innovant orient\u00e9 pour traiter les taches\u00a0<strong data-mce-fragment=\"1\">Bella Aurora Bio10 Forte Depigmenting Ampoules<\/strong>\u00a0de la peau. Pour aider \u00e0 \u00e9liminer ces hyperpigmentations, la formule de ce produit est enrichie de B-CORE221 \u2122, une technologie en instance de brevet qui consiste en de petites capsules intelligentes qui transportent l\u2019ingr\u00e9dient actif directement vers la couche basale et ciblent les m\u00e9lanocytes (les cellules productrices de m\u00e9lanine ); il a 100% d\u2019absorption et de lib\u00e9ration de l\u2019ingr\u00e9dient actif pour une d\u00e9pigmentation rapide et efficace. De plus, l\u2019acide kojique dans sa composition bloque l\u2019enzyme tyrosinase qui d\u00e9clenche la production de m\u00e9lanine, r\u00e9duisant ainsi l\u2019apparence des taches brunes. De plus, le sclar\u00e9olide dans sa formulation emp\u00eache l\u2019hyperpigmentation induite par des agents externes comme le rayonnement UV, la lumi\u00e8re bleue et la pollution par exemple. De plus, la vitamine C stable pr\u00e9sente neutralise les radicaux libres et unifie ainsi le teint.<\/p>\n<p data-mce-fragment=\"1\">Les traitements d\u00e9pigmentants Bella Aurora se concentrent sur les diff\u00e9rents points d\u2019hyperpigmentation tels que les hormones, le vieillissement et les post-inflammatoires. Ce nouveau traitement peut \u00eatre photosensibilisant; en tant que tel, il est conseill\u00e9 d\u2019utiliser un \u00e9cran solaire avec ce produit pour \u00e9viter les dommages \u00e0 la peau dus \u00e0 l\u2019exposition aux UV et pour r\u00e9duire l\u2019apparition de nouvelles taches sombres. Ces ampoules contemporaines conf\u00e9reront un teint plus jeune, revitalis\u00e9, \u00e9clatant et uniforme.<\/p>\n<h3 data-mce-fragment=\"1\"><strong data-mce-fragment=\"1\">\u0637\u0631\u064a\u0642\u0629 \u0627\u0644\u0627\u0633\u062a\u062e\u062f\u0627\u0645<\/strong><\/h3>\n<p data-mce-fragment=\"1\">Tout d\u2019abord, nettoyez la peau. Ensuite, appliquez la moiti\u00e9 d\u2019une ampoule\u00a0<strong data-mce-fragment=\"1\">Bella Aurora Bio10 Forte Depigmenting<\/strong>\u00a0sur le visage, le cou et le d\u00e9collet\u00e9 le matin et l\u2019autre moiti\u00e9 le soir. Massez doucement jusqu\u2019\u00e0 absorption compl\u00e8te avant votre routine d\u2019hydratation habituelle. \u00c9vitez le contact visuel. Utilisez toujours un \u00e9cran solaire avec des produits d\u00e9pigmentants pour \u00e9viter l\u2019apparition de nouvelles taches sombres.<\/p>","protected":false},"excerpt":{"rendered":"<p>Bella Aurora Bio10 Forte Ampoule\u00a0aider \u00e0 \u00e9liminer ces hyperpigmentations Bella Aurora Bio10 Forte Depigmenting Ampoules\u00a0est un s\u00e9rum d\u00e9pigmentant innovant orient\u00e9 pour traiter les taches\u00a0Bella Aurora Bio10 Forte Depigmenting Ampoules\u00a0de la peau. Pour aider \u00e0 \u00e9liminer ces hyperpigmentations, la formule de ce produit est enrichie de B-CORE221 \u2122, une technologie en instance de brevet qui consiste [&hellip;]<\/p>\n","protected":false},"featured_media":15500,"template":"","meta":{"om_disable_all_campaigns":false},"product_brand":[],"product_cat":[15],"product_tag":[],"class_list":{"0":"post-15502","1":"product","2":"type-product","3":"status-publish","4":"has-post-thumbnail","6":"product_cat-beaute-sante-complements-alimentaires-soins-et-bien-etre-au-meilleur-prix","8":"first","9":"instock","10":"sale","11":"taxable","12":"shipping-taxable","13":"purchasable","14":"product-type-simple"},"yoast_head":"<!-- This site is optimized with the Yoast SEO plugin v27.3 - https:\/\/yoast.com\/product\/yoast-seo-wordpress\/ -->\n<title>Bella Aurora Bio10 Forte Ampoule 15*2ml - Maroc Prix<\/title>\n<meta name=\"description\" content=\"Bella Aurora Bio10 Forte Ampoule 15*2ml\" \/>\n<meta name=\"robots\" content=\"index, follow, max-snippet:-1, max-image-preview:large, max-video-preview:-1\" \/>\n<link rel=\"canonical\" href=\"https:\/\/vitablanca.ma\/ar\/product-2\/bella-aurora-bio10-forte-ampoule-152ml\/\" \/>\n<meta property=\"og:locale\" content=\"ar_AR\" \/>\n<meta property=\"og:type\" content=\"article\" \/>\n<meta property=\"og:title\" content=\"Bella Aurora Bio10 Forte Ampoule 15*2ml - Maroc Prix\" \/>\n<meta property=\"og:description\" content=\"Bella Aurora Bio10 Forte Ampoule 15*2ml\" \/>\n<meta property=\"og:url\" content=\"https:\/\/vitablanca.ma\/ar\/product-2\/bella-aurora-bio10-forte-ampoule-152ml\/\" \/>\n<meta property=\"og:site_name\" content=\"Vitablanca.ma &ndash; Sant&eacute;, vitalit&eacute; et bien-&ecirc;tre pour tous les Marocains\" \/>\n<meta property=\"article:publisher\" content=\"https:\/\/www.facebook.com\/profile.php?id=61576678196717\" \/>\n<meta property=\"og:image\" content=\"https:\/\/vitablanca.ma\/wp-content\/uploads\/2025\/06\/Bella-Aurora-Bio10-Forte-Ampoule-15-2ml-nova-prapharmacie-maroc.jpg\" \/>\n\t<meta property=\"og:image:width\" content=\"1000\" \/>\n\t<meta property=\"og:image:height\" content=\"1000\" \/>\n\t<meta property=\"og:image:type\" content=\"image\/jpeg\" \/>\n<meta name=\"twitter:card\" content=\"summary_large_image\" \/>\n<meta name=\"twitter:label1\" content=\"\u0648\u0642\u062a \u0627\u0644\u0642\u0631\u0627\u0621\u0629 \u0627\u0644\u0645\u064f\u0642\u062f\u0651\u0631\" \/>\n\t<meta name=\"twitter:data1\" content=\"\u062f\u0642\u064a\u0642\u062a\u0627\u0646\" \/>\n<script type=\"application\/ld+json\" class=\"yoast-schema-graph\">{\"@context\":\"https:\\\/\\\/schema.org\",\"@graph\":[{\"@type\":[\"WebPage\",\"ItemPage\"],\"@id\":\"https:\\\/\\\/vitablanca.ma\\\/produit\\\/bella-aurora-bio10-forte-ampoule-152ml\\\/\",\"url\":\"https:\\\/\\\/vitablanca.ma\\\/produit\\\/bella-aurora-bio10-forte-ampoule-152ml\\\/\",\"name\":\"Bella Aurora Bio10 Forte Ampoule 15*2ml - Maroc Prix\",\"isPartOf\":{\"@id\":\"https:\\\/\\\/vitablanca.ma\\\/#website\"},\"primaryImageOfPage\":{\"@id\":\"https:\\\/\\\/vitablanca.ma\\\/produit\\\/bella-aurora-bio10-forte-ampoule-152ml\\\/#primaryimage\"},\"image\":{\"@id\":\"https:\\\/\\\/vitablanca.ma\\\/produit\\\/bella-aurora-bio10-forte-ampoule-152ml\\\/#primaryimage\"},\"thumbnailUrl\":\"https:\\\/\\\/vitablanca.ma\\\/wp-content\\\/uploads\\\/2025\\\/06\\\/Bella-Aurora-Bio10-Forte-Ampoule-15-2ml-nova-prapharmacie-maroc.jpg\",\"datePublished\":\"2025-06-10T16:01:47+00:00\",\"description\":\"Bella Aurora Bio10 Forte Ampoule 15*2ml\",\"breadcrumb\":{\"@id\":\"https:\\\/\\\/vitablanca.ma\\\/produit\\\/bella-aurora-bio10-forte-ampoule-152ml\\\/#breadcrumb\"},\"inLanguage\":\"ar\",\"potentialAction\":[{\"@type\":\"ReadAction\",\"target\":[\"https:\\\/\\\/vitablanca.ma\\\/produit\\\/bella-aurora-bio10-forte-ampoule-152ml\\\/\"]}]},{\"@type\":\"ImageObject\",\"inLanguage\":\"ar\",\"@id\":\"https:\\\/\\\/vitablanca.ma\\\/produit\\\/bella-aurora-bio10-forte-ampoule-152ml\\\/#primaryimage\",\"url\":\"https:\\\/\\\/vitablanca.ma\\\/wp-content\\\/uploads\\\/2025\\\/06\\\/Bella-Aurora-Bio10-Forte-Ampoule-15-2ml-nova-prapharmacie-maroc.jpg\",\"contentUrl\":\"https:\\\/\\\/vitablanca.ma\\\/wp-content\\\/uploads\\\/2025\\\/06\\\/Bella-Aurora-Bio10-Forte-Ampoule-15-2ml-nova-prapharmacie-maroc.jpg\",\"width\":1000,\"height\":1000},{\"@type\":\"BreadcrumbList\",\"@id\":\"https:\\\/\\\/vitablanca.ma\\\/produit\\\/bella-aurora-bio10-forte-ampoule-152ml\\\/#breadcrumb\",\"itemListElement\":[{\"@type\":\"ListItem\",\"position\":1,\"name\":\"Home\",\"item\":\"https:\\\/\\\/vitablanca.ma\\\/\"},{\"@type\":\"ListItem\",\"position\":2,\"name\":\"Tous Les Produits\",\"item\":\"https:\\\/\\\/vitablanca.ma\\\/tous-les-produits\\\/\"},{\"@type\":\"ListItem\",\"position\":3,\"name\":\"Bella Aurora Bio10 Forte Ampoule 15*2ml\"}]},{\"@type\":\"WebSite\",\"@id\":\"https:\\\/\\\/vitablanca.ma\\\/#website\",\"url\":\"https:\\\/\\\/vitablanca.ma\\\/\",\"name\":\"VitaBlanca.ma | Compl\u00e9ments alimentaires, sant\u00e9 & beaut\u00e9 au Maroc\",\"description\":\"vendre vitamines et compl\u00e9ments premium des USA &amp; Canada, Nouvelle Z\u00e9lande,Maroc (NOW Foods, Solgar, Manuka). Livraison rapide partout au Maroc.\",\"publisher\":{\"@id\":\"https:\\\/\\\/vitablanca.ma\\\/#organization\"},\"alternateName\":\"VitaBlanca.ma\",\"potentialAction\":[{\"@type\":\"SearchAction\",\"target\":{\"@type\":\"EntryPoint\",\"urlTemplate\":\"https:\\\/\\\/vitablanca.ma\\\/?s={search_term_string}\"},\"query-input\":{\"@type\":\"PropertyValueSpecification\",\"valueRequired\":true,\"valueName\":\"search_term_string\"}}],\"inLanguage\":\"ar\"},{\"@type\":\"Organization\",\"@id\":\"https:\\\/\\\/vitablanca.ma\\\/#organization\",\"name\":\"VitaBlanca\",\"url\":\"https:\\\/\\\/vitablanca.ma\\\/\",\"logo\":{\"@type\":\"ImageObject\",\"inLanguage\":\"ar\",\"@id\":\"https:\\\/\\\/vitablanca.ma\\\/#\\\/schema\\\/logo\\\/image\\\/\",\"url\":\"https:\\\/\\\/vitablanca.ma\\\/wp-content\\\/uploads\\\/2025\\\/05\\\/cropped-vitablanca.png\",\"contentUrl\":\"https:\\\/\\\/vitablanca.ma\\\/wp-content\\\/uploads\\\/2025\\\/05\\\/cropped-vitablanca.png\",\"width\":360,\"height\":67,\"caption\":\"VitaBlanca\"},\"image\":{\"@id\":\"https:\\\/\\\/vitablanca.ma\\\/#\\\/schema\\\/logo\\\/image\\\/\"},\"sameAs\":[\"https:\\\/\\\/www.facebook.com\\\/profile.php?id=61576678196717\",\"https:\\\/\\\/www.tiktok.com\\\/@vitablanca.ma\",\"https:\\\/\\\/www.instagram.com\\\/vitablanca.ma\\\/\"]}]}<\/script>\n<!-- \/ Yoast SEO plugin. -->","yoast_head_json":{"title":"Bella Aurora Bio10 Forte Ampoule 15*2ml - Maroc Prix","description":"Bella Aurora Bio10 Forte Ampoule 15*2ml","robots":{"index":"index","follow":"follow","max-snippet":"max-snippet:-1","max-image-preview":"max-image-preview:large","max-video-preview":"max-video-preview:-1"},"canonical":"https:\/\/vitablanca.ma\/ar\/product-2\/bella-aurora-bio10-forte-ampoule-152ml\/","og_locale":"ar_AR","og_type":"article","og_title":"Bella Aurora Bio10 Forte Ampoule 15*2ml - Maroc Prix","og_description":"Bella Aurora Bio10 Forte Ampoule 15*2ml","og_url":"https:\/\/vitablanca.ma\/ar\/product-2\/bella-aurora-bio10-forte-ampoule-152ml\/","og_site_name":"Vitablanca.ma &ndash; Sant&eacute;, vitalit&eacute; et bien-&ecirc;tre pour tous les Marocains","article_publisher":"https:\/\/www.facebook.com\/profile.php?id=61576678196717","og_image":[{"width":1000,"height":1000,"url":"https:\/\/vitablanca.ma\/wp-content\/uploads\/2025\/06\/Bella-Aurora-Bio10-Forte-Ampoule-15-2ml-nova-prapharmacie-maroc.jpg","type":"image\/jpeg"}],"twitter_card":"summary_large_image","twitter_misc":{"\u0648\u0642\u062a \u0627\u0644\u0642\u0631\u0627\u0621\u0629 \u0627\u0644\u0645\u064f\u0642\u062f\u0651\u0631":"\u062f\u0642\u064a\u0642\u062a\u0627\u0646"},"schema":{"@context":"https:\/\/schema.org","@graph":[{"@type":["WebPage","ItemPage"],"@id":"https:\/\/vitablanca.ma\/produit\/bella-aurora-bio10-forte-ampoule-152ml\/","url":"https:\/\/vitablanca.ma\/produit\/bella-aurora-bio10-forte-ampoule-152ml\/","name":"Bella Aurora Bio10 Forte Ampoule 15*2ml - Maroc Prix","isPartOf":{"@id":"https:\/\/vitablanca.ma\/#website"},"primaryImageOfPage":{"@id":"https:\/\/vitablanca.ma\/produit\/bella-aurora-bio10-forte-ampoule-152ml\/#primaryimage"},"image":{"@id":"https:\/\/vitablanca.ma\/produit\/bella-aurora-bio10-forte-ampoule-152ml\/#primaryimage"},"thumbnailUrl":"https:\/\/vitablanca.ma\/wp-content\/uploads\/2025\/06\/Bella-Aurora-Bio10-Forte-Ampoule-15-2ml-nova-prapharmacie-maroc.jpg","datePublished":"2025-06-10T16:01:47+00:00","description":"Bella Aurora Bio10 Forte Ampoule 15*2ml","breadcrumb":{"@id":"https:\/\/vitablanca.ma\/produit\/bella-aurora-bio10-forte-ampoule-152ml\/#breadcrumb"},"inLanguage":"ar","potentialAction":[{"@type":"ReadAction","target":["https:\/\/vitablanca.ma\/produit\/bella-aurora-bio10-forte-ampoule-152ml\/"]}]},{"@type":"ImageObject","inLanguage":"ar","@id":"https:\/\/vitablanca.ma\/produit\/bella-aurora-bio10-forte-ampoule-152ml\/#primaryimage","url":"https:\/\/vitablanca.ma\/wp-content\/uploads\/2025\/06\/Bella-Aurora-Bio10-Forte-Ampoule-15-2ml-nova-prapharmacie-maroc.jpg","contentUrl":"https:\/\/vitablanca.ma\/wp-content\/uploads\/2025\/06\/Bella-Aurora-Bio10-Forte-Ampoule-15-2ml-nova-prapharmacie-maroc.jpg","width":1000,"height":1000},{"@type":"BreadcrumbList","@id":"https:\/\/vitablanca.ma\/produit\/bella-aurora-bio10-forte-ampoule-152ml\/#breadcrumb","itemListElement":[{"@type":"ListItem","position":1,"name":"Home","item":"https:\/\/vitablanca.ma\/"},{"@type":"ListItem","position":2,"name":"Tous Les Produits","item":"https:\/\/vitablanca.ma\/tous-les-produits\/"},{"@type":"ListItem","position":3,"name":"Bella Aurora Bio10 Forte Ampoule 15*2ml"}]},{"@type":"WebSite","@id":"https:\/\/vitablanca.ma\/#website","url":"https:\/\/vitablanca.ma\/","name":"VitaBlanca.ma | \u0627\u0644\u0645\u0643\u0645\u0644\u0627\u062a \u0627\u0644\u063a\u0630\u0627\u0626\u064a\u0629\u060c \u0627\u0644\u0635\u062d\u0629 \u0648\u0627\u0644\u062c\u0645\u0627\u0644 \u0641\u064a \u0627\u0644\u0645\u063a\u0631\u0628","description":"\u0646\u0628\u064a\u0639 \u0641\u064a\u062a\u0627\u0645\u064a\u0646\u0627\u062a \u0648\u0645\u0643\u0645\u0644\u0627\u062a \u063a\u0630\u0627\u0626\u064a\u0629 \u0641\u0627\u062e\u0631\u0629 \u0645\u0646 \u0627\u0644\u0648\u0644\u0627\u064a\u0627\u062a \u0627\u0644\u0645\u062a\u062d\u062f\u0629 \u0627\u0644\u0623\u0645\u0631\u064a\u0643\u064a\u0629 \u0648\u0643\u0646\u062f\u0627 \u0648\u0646\u064a\u0648\u0632\u064a\u0644\u0646\u062f\u0627 \u0648\u0627\u0644\u0645\u063a\u0631\u0628 (\u0646\u0627\u0648 \u0641\u0648\u062f\u0632\u060c \u0633\u0648\u0644\u062c\u0627\u0631\u060c \u0645\u0627\u0646\u0648\u0643\u0627). \u062a\u0648\u0635\u064a\u0644 \u0633\u0631\u064a\u0639 \u0625\u0644\u0649 \u062c\u0645\u064a\u0639 \u0623\u0646\u062d\u0627\u0621 \u0627\u0644\u0645\u063a\u0631\u0628.","publisher":{"@id":"https:\/\/vitablanca.ma\/#organization"},"alternateName":"VitaBlanca.ma","potentialAction":[{"@type":"SearchAction","target":{"@type":"EntryPoint","urlTemplate":"https:\/\/vitablanca.ma\/?s={search_term_string}"},"query-input":{"@type":"PropertyValueSpecification","valueRequired":true,"valueName":"search_term_string"}}],"inLanguage":"ar"},{"@type":"Organization","@id":"https:\/\/vitablanca.ma\/#organization","name":"\u0641\u064a\u062a\u0627\u0628\u0644\u0627\u0646\u0643\u0627","url":"https:\/\/vitablanca.ma\/","logo":{"@type":"ImageObject","inLanguage":"ar","@id":"https:\/\/vitablanca.ma\/#\/schema\/logo\/image\/","url":"https:\/\/vitablanca.ma\/wp-content\/uploads\/2025\/05\/cropped-vitablanca.png","contentUrl":"https:\/\/vitablanca.ma\/wp-content\/uploads\/2025\/05\/cropped-vitablanca.png","width":360,"height":67,"caption":"VitaBlanca"},"image":{"@id":"https:\/\/vitablanca.ma\/#\/schema\/logo\/image\/"},"sameAs":["https:\/\/www.facebook.com\/profile.php?id=61576678196717","https:\/\/www.tiktok.com\/@vitablanca.ma","https:\/\/www.instagram.com\/vitablanca.ma\/"]}]}},"jetpack_sharing_enabled":true,"_links":{"self":[{"href":"https:\/\/vitablanca.ma\/ar\/wp-json\/wp\/v2\/product\/15502","targetHints":{"allow":["GET"]}}],"collection":[{"href":"https:\/\/vitablanca.ma\/ar\/wp-json\/wp\/v2\/product"}],"about":[{"href":"https:\/\/vitablanca.ma\/ar\/wp-json\/wp\/v2\/types\/product"}],"wp:featuredmedia":[{"embeddable":true,"href":"https:\/\/vitablanca.ma\/ar\/wp-json\/wp\/v2\/media\/15500"}],"wp:attachment":[{"href":"https:\/\/vitablanca.ma\/ar\/wp-json\/wp\/v2\/media?parent=15502"}],"wp:term":[{"taxonomy":"product_brand","embeddable":true,"href":"https:\/\/vitablanca.ma\/ar\/wp-json\/wp\/v2\/product_brand?post=15502"},{"taxonomy":"product_cat","embeddable":true,"href":"https:\/\/vitablanca.ma\/ar\/wp-json\/wp\/v2\/product_cat?post=15502"},{"taxonomy":"product_tag","embeddable":true,"href":"https:\/\/vitablanca.ma\/ar\/wp-json\/wp\/v2\/product_tag?post=15502"}],"curies":[{"name":"wp","href":"https:\/\/api.w.org\/{rel}","templated":true}]}}