{"id":15481,"date":"2025-06-10T16:00:32","date_gmt":"2025-06-10T16:00:32","guid":{"rendered":"https:\/\/vitablanca.ma\/product\/belvital-mouche-bebe\/"},"modified":"2025-06-10T16:00:32","modified_gmt":"2025-06-10T16:00:32","slug":"belvital-mouche-bebe","status":"publish","type":"product","link":"https:\/\/vitablanca.ma\/ar\/product-2\/belvital-mouche-bebe\/","title":{"rendered":"\u0634\u0641\u0627\u0637 \u0627\u0644\u0623\u0646\u0641 \u0628\u064a\u0644\u0641\u064a\u062a\u0627\u0644 \u0628\u064a\u0628\u064a"},"content":{"rendered":"<h2><span data-mce-fragment=\"1\">Belvital Mouche B\u00e9b\u00e9 Permet de d\u00e9gager en toute s\u00e9curit\u00e9, par une aspiration douce.<\/span><\/h2>\n<p><span data-mce-fragment=\"1\">&#8211; Un mouche b\u00e9b\u00e9<br data-mce-fragment=\"1\">&#8211; Une notice d\u2019utilisation<br data-mce-fragment=\"1\">&#8211; Brochure conseil pour un mouchage en toute s\u00e9curit\u00e9<\/span><\/p>\n<p><span data-mce-fragment=\"1\">Permet de d\u00e9gager en toute s\u00e9curit\u00e9, par une aspiration douce et contr\u00f4l\u00e9e, les muqueuses nasales de l&rsquo;enfant.<\/span><br data-mce-fragment=\"1\"><span data-mce-fragment=\"1\">&#8211; Son embout nasal de forme conique ne risque pas d&rsquo;\u00eatre enfonc\u00e9 accidentellement dans la narine au b\u00e9b\u00e9.<\/span><br data-mce-fragment=\"1\"><span data-mce-fragment=\"1\">&#8211; Le bouchon d&rsquo;aspiration renfermant le coton assure une enti\u00e8re s\u00e9curit\u00e9 de filtration.<\/span><br data-mce-fragment=\"1\"><span data-mce-fragment=\"1\">&#8211; L&rsquo;appareil en mati\u00e8re plastique ne peut se briser lors d&rsquo;une manipulation. Il est d\u00e9montable et toutes les pi\u00e8ces peuvent \u00eatre st\u00e9rilis\u00e9es.<\/span><\/p>\n<p><span data-mce-fragment=\"1\">Le seul mouche-b\u00e9b\u00e9 100% st\u00e9rilisable et r\u00e9utilisable<\/span><br data-mce-fragment=\"1\"><span data-mce-fragment=\"1\">En moyenne, un enfant en bas \u00e2ge fait 8 rhumes par an et jusqu\u2019\u00e0 l\u2019\u00e2ge de 3 ans ne sait pas se moucher.<\/span><br data-mce-fragment=\"1\"><span data-mce-fragment=\"1\">100% st\u00e9rilisable, le Mouche-B\u00e9b\u00e9 Belvital est l\u2019accessoire indispensable pour pr\u00e9venir et gu\u00e9rir les rhumes, en toute \u00e9conomie.<\/span><br data-mce-fragment=\"1\"><span data-mce-fragment=\"1\">Ce produit est un dispositif m\u00e9dical.<\/span><\/p>\n<h3><span data-mce-fragment=\"1\">\u0633\u0645\u0627\u062a\u00a0<\/span><\/h3>\n<p><span data-mce-fragment=\"1\">&#8211; <strong>\u00c9conomique<\/strong> :\u00a0<\/span><span data-mce-fragment=\"1\">Embout nasal st\u00e9rilisable, se r\u00e9utilise aussi souvent que n\u00e9cessaire.<\/span><br data-mce-fragment=\"1\"><span data-mce-fragment=\"1\">&#8211; <strong>\u00c9cologique<\/strong> :\u00a0<\/span><span data-mce-fragment=\"1\">Utilisation d\u2019un morceau de coton, pas d\u2019embout ou de filtre uniques \u00e0 jeter<\/span><br data-mce-fragment=\"1\"><span data-mce-fragment=\"1\">&#8211; <strong>\u062d\u0645\u0627\u064a\u0629<\/strong> :\u00a0<\/span><span data-mce-fragment=\"1\">Embout nasal de forme conique, adapt\u00e9 aux petits nez des nourrissons<\/span><br data-mce-fragment=\"1\"><span data-mce-fragment=\"1\">&#8211; <strong>Pratique<\/strong> :\u00a0<\/span><span data-mce-fragment=\"1\">Enti\u00e8rement d\u00e9montable<\/span><br data-mce-fragment=\"1\"><span data-mce-fragment=\"1\">Ces embouts munis d&rsquo;un syst\u00e8me qui retient \u00e0 l&rsquo;int\u00e9rieur les mucosit\u00e9s sont commercialis\u00e9s st\u00e9rilis\u00e9s ou non st\u00e9rilis\u00e9s. Ils sont conseill\u00e9s par les p\u00e9diatres lors de cas sp\u00e9cifiques o\u00f9 l&#8217;emploi de l&rsquo;usage unique est recommand\u00e9. De plus ils seront appr\u00e9ci\u00e9s par les mamans lors de d\u00e9placements.<\/span><\/p>\n<h3><strong data-mce-fragment=\"1\">\u062f\u0648\u0627\u0639\u064a \u0627\u0644\u0627\u0633\u062a\u0639\u0645\u0627\u0644<\/strong><\/h3>\n<p><span data-mce-fragment=\"1\">Pour d\u00e9gager en toute s\u00e9curit\u00e9, par une aspiration douce et contr\u00f4l\u00e9e, les muqueuses nasales de l&rsquo;enfant<\/span><\/p>\n<h3><strong data-mce-fragment=\"1\">\u0637\u0631\u064a\u0642\u0629 \u0627\u0644\u0627\u0633\u062a\u062e\u062f\u0627\u0645<\/strong><\/h3>\n<p><span data-mce-fragment=\"1\">&#8211; Mettre sans le comprimer un morceau de coton dans le bouchon d&rsquo;aspiration.<\/span><br data-mce-fragment=\"1\"><span data-mce-fragment=\"1\">&#8211; Introduire l&#8217;embout nasal dans la narine de l&rsquo;enfant et aspirer par l&#8217;embout buccal.<\/span><br data-mce-fragment=\"1\"><span data-mce-fragment=\"1\">&#8211; Il est conseill\u00e9 de st\u00e9riliser l&rsquo;appareil avant le premier mouchage et r\u00e9guli\u00e8rement en cours d&rsquo;utilisation.<\/span><\/p>","protected":false},"excerpt":{"rendered":"<p>Belvital Mouche B\u00e9b\u00e9 Permet de d\u00e9gager en toute s\u00e9curit\u00e9, par une aspiration douce. &#8211; Un mouche b\u00e9b\u00e9&#8211; Une notice d\u2019utilisation&#8211; Brochure conseil pour un mouchage en toute s\u00e9curit\u00e9 Permet de d\u00e9gager en toute s\u00e9curit\u00e9, par une aspiration douce et contr\u00f4l\u00e9e, les muqueuses nasales de l&rsquo;enfant.&#8211; Son embout nasal de forme conique ne risque pas d&rsquo;\u00eatre [&hellip;]<\/p>\n","protected":false},"featured_media":15480,"template":"","meta":{"om_disable_all_campaigns":false},"product_brand":[],"product_cat":[15],"product_tag":[],"class_list":{"0":"post-15481","1":"product","2":"type-product","3":"status-publish","4":"has-post-thumbnail","6":"product_cat-beaute-sante-complements-alimentaires-soins-et-bien-etre-au-meilleur-prix","8":"first","9":"instock","10":"sale","11":"taxable","12":"shipping-taxable","13":"purchasable","14":"product-type-simple"},"yoast_head":"<!-- This site is optimized with the Yoast SEO plugin v27.3 - https:\/\/yoast.com\/product\/yoast-seo-wordpress\/ -->\n<title>Belvital Mouche B\u00e9b\u00e9 - Maroc Prix<\/title>\n<meta name=\"description\" content=\"Belvital Mouche B\u00e9b\u00e9\" \/>\n<meta name=\"robots\" content=\"index, follow, max-snippet:-1, max-image-preview:large, max-video-preview:-1\" \/>\n<link rel=\"canonical\" href=\"https:\/\/vitablanca.ma\/ar\/product-2\/belvital-mouche-bebe\/\" \/>\n<meta property=\"og:locale\" content=\"ar_AR\" \/>\n<meta property=\"og:type\" content=\"article\" \/>\n<meta property=\"og:title\" content=\"Belvital Mouche B\u00e9b\u00e9 - Maroc Prix\" \/>\n<meta property=\"og:description\" content=\"Belvital Mouche B\u00e9b\u00e9\" \/>\n<meta property=\"og:url\" content=\"https:\/\/vitablanca.ma\/ar\/product-2\/belvital-mouche-bebe\/\" \/>\n<meta property=\"og:site_name\" content=\"Vitablanca.ma &ndash; Sant&eacute;, vitalit&eacute; et bien-&ecirc;tre pour tous les Marocains\" \/>\n<meta property=\"article:publisher\" content=\"https:\/\/www.facebook.com\/profile.php?id=61576678196717\" \/>\n<meta property=\"og:image\" content=\"https:\/\/vitablanca.ma\/wp-content\/uploads\/2025\/06\/Belvital-Mouche-Bebe-nova-parapharmacie-maroc.jpg\" \/>\n\t<meta property=\"og:image:width\" content=\"1000\" \/>\n\t<meta property=\"og:image:height\" content=\"1000\" \/>\n\t<meta property=\"og:image:type\" content=\"image\/jpeg\" \/>\n<meta name=\"twitter:card\" content=\"summary_large_image\" \/>\n<meta name=\"twitter:label1\" content=\"\u0648\u0642\u062a \u0627\u0644\u0642\u0631\u0627\u0621\u0629 \u0627\u0644\u0645\u064f\u0642\u062f\u0651\u0631\" \/>\n\t<meta name=\"twitter:data1\" content=\"\u062f\u0642\u064a\u0642\u062a\u0627\u0646\" \/>\n<script type=\"application\/ld+json\" class=\"yoast-schema-graph\">{\"@context\":\"https:\\\/\\\/schema.org\",\"@graph\":[{\"@type\":[\"WebPage\",\"ItemPage\"],\"@id\":\"https:\\\/\\\/vitablanca.ma\\\/produit\\\/belvital-mouche-bebe\\\/\",\"url\":\"https:\\\/\\\/vitablanca.ma\\\/produit\\\/belvital-mouche-bebe\\\/\",\"name\":\"Belvital Mouche B\u00e9b\u00e9 - Maroc Prix\",\"isPartOf\":{\"@id\":\"https:\\\/\\\/vitablanca.ma\\\/#website\"},\"primaryImageOfPage\":{\"@id\":\"https:\\\/\\\/vitablanca.ma\\\/produit\\\/belvital-mouche-bebe\\\/#primaryimage\"},\"image\":{\"@id\":\"https:\\\/\\\/vitablanca.ma\\\/produit\\\/belvital-mouche-bebe\\\/#primaryimage\"},\"thumbnailUrl\":\"https:\\\/\\\/vitablanca.ma\\\/wp-content\\\/uploads\\\/2025\\\/06\\\/Belvital-Mouche-Bebe-nova-parapharmacie-maroc.jpg\",\"datePublished\":\"2025-06-10T16:00:32+00:00\",\"description\":\"Belvital Mouche B\u00e9b\u00e9\",\"breadcrumb\":{\"@id\":\"https:\\\/\\\/vitablanca.ma\\\/produit\\\/belvital-mouche-bebe\\\/#breadcrumb\"},\"inLanguage\":\"ar\",\"potentialAction\":[{\"@type\":\"ReadAction\",\"target\":[\"https:\\\/\\\/vitablanca.ma\\\/produit\\\/belvital-mouche-bebe\\\/\"]}]},{\"@type\":\"ImageObject\",\"inLanguage\":\"ar\",\"@id\":\"https:\\\/\\\/vitablanca.ma\\\/produit\\\/belvital-mouche-bebe\\\/#primaryimage\",\"url\":\"https:\\\/\\\/vitablanca.ma\\\/wp-content\\\/uploads\\\/2025\\\/06\\\/Belvital-Mouche-Bebe-nova-parapharmacie-maroc.jpg\",\"contentUrl\":\"https:\\\/\\\/vitablanca.ma\\\/wp-content\\\/uploads\\\/2025\\\/06\\\/Belvital-Mouche-Bebe-nova-parapharmacie-maroc.jpg\",\"width\":1000,\"height\":1000},{\"@type\":\"BreadcrumbList\",\"@id\":\"https:\\\/\\\/vitablanca.ma\\\/produit\\\/belvital-mouche-bebe\\\/#breadcrumb\",\"itemListElement\":[{\"@type\":\"ListItem\",\"position\":1,\"name\":\"Home\",\"item\":\"https:\\\/\\\/vitablanca.ma\\\/\"},{\"@type\":\"ListItem\",\"position\":2,\"name\":\"Tous Les Produits\",\"item\":\"https:\\\/\\\/vitablanca.ma\\\/tous-les-produits\\\/\"},{\"@type\":\"ListItem\",\"position\":3,\"name\":\"Belvital Mouche B\u00e9b\u00e9\"}]},{\"@type\":\"WebSite\",\"@id\":\"https:\\\/\\\/vitablanca.ma\\\/#website\",\"url\":\"https:\\\/\\\/vitablanca.ma\\\/\",\"name\":\"VitaBlanca.ma | Compl\u00e9ments alimentaires, sant\u00e9 & beaut\u00e9 au Maroc\",\"description\":\"vendre vitamines et compl\u00e9ments premium des USA &amp; Canada, Nouvelle Z\u00e9lande,Maroc (NOW Foods, Solgar, Manuka). Livraison rapide partout au Maroc.\",\"publisher\":{\"@id\":\"https:\\\/\\\/vitablanca.ma\\\/#organization\"},\"alternateName\":\"VitaBlanca.ma\",\"potentialAction\":[{\"@type\":\"SearchAction\",\"target\":{\"@type\":\"EntryPoint\",\"urlTemplate\":\"https:\\\/\\\/vitablanca.ma\\\/?s={search_term_string}\"},\"query-input\":{\"@type\":\"PropertyValueSpecification\",\"valueRequired\":true,\"valueName\":\"search_term_string\"}}],\"inLanguage\":\"ar\"},{\"@type\":\"Organization\",\"@id\":\"https:\\\/\\\/vitablanca.ma\\\/#organization\",\"name\":\"VitaBlanca\",\"url\":\"https:\\\/\\\/vitablanca.ma\\\/\",\"logo\":{\"@type\":\"ImageObject\",\"inLanguage\":\"ar\",\"@id\":\"https:\\\/\\\/vitablanca.ma\\\/#\\\/schema\\\/logo\\\/image\\\/\",\"url\":\"https:\\\/\\\/vitablanca.ma\\\/wp-content\\\/uploads\\\/2025\\\/05\\\/cropped-vitablanca.png\",\"contentUrl\":\"https:\\\/\\\/vitablanca.ma\\\/wp-content\\\/uploads\\\/2025\\\/05\\\/cropped-vitablanca.png\",\"width\":360,\"height\":67,\"caption\":\"VitaBlanca\"},\"image\":{\"@id\":\"https:\\\/\\\/vitablanca.ma\\\/#\\\/schema\\\/logo\\\/image\\\/\"},\"sameAs\":[\"https:\\\/\\\/www.facebook.com\\\/profile.php?id=61576678196717\",\"https:\\\/\\\/www.tiktok.com\\\/@vitablanca.ma\",\"https:\\\/\\\/www.instagram.com\\\/vitablanca.ma\\\/\"]}]}<\/script>\n<!-- \/ Yoast SEO plugin. -->","yoast_head_json":{"title":"Belvital Mouche B\u00e9b\u00e9 - Maroc Prix","description":"\u0634\u0641\u0627\u0637 \u0627\u0644\u0623\u0646\u0641 \u0628\u064a\u0644\u0641\u064a\u062a\u0627\u0644 \u0628\u064a\u0628\u064a","robots":{"index":"index","follow":"follow","max-snippet":"max-snippet:-1","max-image-preview":"max-image-preview:large","max-video-preview":"max-video-preview:-1"},"canonical":"https:\/\/vitablanca.ma\/ar\/product-2\/belvital-mouche-bebe\/","og_locale":"ar_AR","og_type":"article","og_title":"Belvital Mouche B\u00e9b\u00e9 - Maroc Prix","og_description":"Belvital Mouche B\u00e9b\u00e9","og_url":"https:\/\/vitablanca.ma\/ar\/product-2\/belvital-mouche-bebe\/","og_site_name":"Vitablanca.ma &ndash; Sant&eacute;, vitalit&eacute; et bien-&ecirc;tre pour tous les Marocains","article_publisher":"https:\/\/www.facebook.com\/profile.php?id=61576678196717","og_image":[{"width":1000,"height":1000,"url":"https:\/\/vitablanca.ma\/wp-content\/uploads\/2025\/06\/Belvital-Mouche-Bebe-nova-parapharmacie-maroc.jpg","type":"image\/jpeg"}],"twitter_card":"summary_large_image","twitter_misc":{"\u0648\u0642\u062a \u0627\u0644\u0642\u0631\u0627\u0621\u0629 \u0627\u0644\u0645\u064f\u0642\u062f\u0651\u0631":"\u062f\u0642\u064a\u0642\u062a\u0627\u0646"},"schema":{"@context":"https:\/\/schema.org","@graph":[{"@type":["WebPage","ItemPage"],"@id":"https:\/\/vitablanca.ma\/produit\/belvital-mouche-bebe\/","url":"https:\/\/vitablanca.ma\/produit\/belvital-mouche-bebe\/","name":"Belvital Mouche B\u00e9b\u00e9 - Maroc Prix","isPartOf":{"@id":"https:\/\/vitablanca.ma\/#website"},"primaryImageOfPage":{"@id":"https:\/\/vitablanca.ma\/produit\/belvital-mouche-bebe\/#primaryimage"},"image":{"@id":"https:\/\/vitablanca.ma\/produit\/belvital-mouche-bebe\/#primaryimage"},"thumbnailUrl":"https:\/\/vitablanca.ma\/wp-content\/uploads\/2025\/06\/Belvital-Mouche-Bebe-nova-parapharmacie-maroc.jpg","datePublished":"2025-06-10T16:00:32+00:00","description":"\u0634\u0641\u0627\u0637 \u0627\u0644\u0623\u0646\u0641 \u0628\u064a\u0644\u0641\u064a\u062a\u0627\u0644 \u0628\u064a\u0628\u064a","breadcrumb":{"@id":"https:\/\/vitablanca.ma\/produit\/belvital-mouche-bebe\/#breadcrumb"},"inLanguage":"ar","potentialAction":[{"@type":"ReadAction","target":["https:\/\/vitablanca.ma\/produit\/belvital-mouche-bebe\/"]}]},{"@type":"ImageObject","inLanguage":"ar","@id":"https:\/\/vitablanca.ma\/produit\/belvital-mouche-bebe\/#primaryimage","url":"https:\/\/vitablanca.ma\/wp-content\/uploads\/2025\/06\/Belvital-Mouche-Bebe-nova-parapharmacie-maroc.jpg","contentUrl":"https:\/\/vitablanca.ma\/wp-content\/uploads\/2025\/06\/Belvital-Mouche-Bebe-nova-parapharmacie-maroc.jpg","width":1000,"height":1000},{"@type":"BreadcrumbList","@id":"https:\/\/vitablanca.ma\/produit\/belvital-mouche-bebe\/#breadcrumb","itemListElement":[{"@type":"ListItem","position":1,"name":"Home","item":"https:\/\/vitablanca.ma\/"},{"@type":"ListItem","position":2,"name":"Tous Les Produits","item":"https:\/\/vitablanca.ma\/tous-les-produits\/"},{"@type":"ListItem","position":3,"name":"Belvital Mouche B\u00e9b\u00e9"}]},{"@type":"WebSite","@id":"https:\/\/vitablanca.ma\/#website","url":"https:\/\/vitablanca.ma\/","name":"VitaBlanca.ma | \u0627\u0644\u0645\u0643\u0645\u0644\u0627\u062a \u0627\u0644\u063a\u0630\u0627\u0626\u064a\u0629\u060c \u0627\u0644\u0635\u062d\u0629 \u0648\u0627\u0644\u062c\u0645\u0627\u0644 \u0641\u064a \u0627\u0644\u0645\u063a\u0631\u0628","description":"\u0646\u0628\u064a\u0639 \u0641\u064a\u062a\u0627\u0645\u064a\u0646\u0627\u062a \u0648\u0645\u0643\u0645\u0644\u0627\u062a \u063a\u0630\u0627\u0626\u064a\u0629 \u0641\u0627\u062e\u0631\u0629 \u0645\u0646 \u0627\u0644\u0648\u0644\u0627\u064a\u0627\u062a \u0627\u0644\u0645\u062a\u062d\u062f\u0629 \u0627\u0644\u0623\u0645\u0631\u064a\u0643\u064a\u0629 \u0648\u0643\u0646\u062f\u0627 \u0648\u0646\u064a\u0648\u0632\u064a\u0644\u0646\u062f\u0627 \u0648\u0627\u0644\u0645\u063a\u0631\u0628 (\u0646\u0627\u0648 \u0641\u0648\u062f\u0632\u060c \u0633\u0648\u0644\u062c\u0627\u0631\u060c \u0645\u0627\u0646\u0648\u0643\u0627). \u062a\u0648\u0635\u064a\u0644 \u0633\u0631\u064a\u0639 \u0625\u0644\u0649 \u062c\u0645\u064a\u0639 \u0623\u0646\u062d\u0627\u0621 \u0627\u0644\u0645\u063a\u0631\u0628.","publisher":{"@id":"https:\/\/vitablanca.ma\/#organization"},"alternateName":"VitaBlanca.ma","potentialAction":[{"@type":"SearchAction","target":{"@type":"EntryPoint","urlTemplate":"https:\/\/vitablanca.ma\/?s={search_term_string}"},"query-input":{"@type":"PropertyValueSpecification","valueRequired":true,"valueName":"search_term_string"}}],"inLanguage":"ar"},{"@type":"Organization","@id":"https:\/\/vitablanca.ma\/#organization","name":"\u0641\u064a\u062a\u0627\u0628\u0644\u0627\u0646\u0643\u0627","url":"https:\/\/vitablanca.ma\/","logo":{"@type":"ImageObject","inLanguage":"ar","@id":"https:\/\/vitablanca.ma\/#\/schema\/logo\/image\/","url":"https:\/\/vitablanca.ma\/wp-content\/uploads\/2025\/05\/cropped-vitablanca.png","contentUrl":"https:\/\/vitablanca.ma\/wp-content\/uploads\/2025\/05\/cropped-vitablanca.png","width":360,"height":67,"caption":"VitaBlanca"},"image":{"@id":"https:\/\/vitablanca.ma\/#\/schema\/logo\/image\/"},"sameAs":["https:\/\/www.facebook.com\/profile.php?id=61576678196717","https:\/\/www.tiktok.com\/@vitablanca.ma","https:\/\/www.instagram.com\/vitablanca.ma\/"]}]}},"jetpack_sharing_enabled":true,"_links":{"self":[{"href":"https:\/\/vitablanca.ma\/ar\/wp-json\/wp\/v2\/product\/15481","targetHints":{"allow":["GET"]}}],"collection":[{"href":"https:\/\/vitablanca.ma\/ar\/wp-json\/wp\/v2\/product"}],"about":[{"href":"https:\/\/vitablanca.ma\/ar\/wp-json\/wp\/v2\/types\/product"}],"wp:featuredmedia":[{"embeddable":true,"href":"https:\/\/vitablanca.ma\/ar\/wp-json\/wp\/v2\/media\/15480"}],"wp:attachment":[{"href":"https:\/\/vitablanca.ma\/ar\/wp-json\/wp\/v2\/media?parent=15481"}],"wp:term":[{"taxonomy":"product_brand","embeddable":true,"href":"https:\/\/vitablanca.ma\/ar\/wp-json\/wp\/v2\/product_brand?post=15481"},{"taxonomy":"product_cat","embeddable":true,"href":"https:\/\/vitablanca.ma\/ar\/wp-json\/wp\/v2\/product_cat?post=15481"},{"taxonomy":"product_tag","embeddable":true,"href":"https:\/\/vitablanca.ma\/ar\/wp-json\/wp\/v2\/product_tag?post=15481"}],"curies":[{"name":"wp","href":"https:\/\/api.w.org\/{rel}","templated":true}]}}