{"id":15471,"date":"2025-06-10T15:59:58","date_gmt":"2025-06-10T15:59:58","guid":{"rendered":"https:\/\/vitablanca.ma\/product\/bc-pharma-biotine-b8-formule-fortifiante-80-gelules\/"},"modified":"2025-06-10T15:59:58","modified_gmt":"2025-06-10T15:59:58","slug":"bc-pharma-biotine-b8-formule-fortifiante-80-gelules","status":"publish","type":"product","link":"https:\/\/vitablanca.ma\/ar\/product-2\/bc-pharma-biotine-b8-formule-fortifiante-80-gelules\/","title":{"rendered":"BC-Pharma Biotine B8 Formule Fortifiante 80 G\u00e9lules"},"content":{"rendered":"<h2>\u062a\u0631\u0643\u064a\u0628\u0629 \u0627\u0644\u0628\u064a\u0648\u062a\u064a\u0646 B8 \u0627\u0644\u0645\u0642\u0648\u064a\u0629 \u0645\u0646 BC-Pharma\u00a0<span data-mce-fragment=\"1\">\u0644\u0627 \u064a\u062c\u0648\u0632 \u0627\u0633\u062a\u062e\u062f\u0627\u0645\u0647 \u0643\u0628\u062f\u064a\u0644 \u0644\u0646\u0638\u0627\u0645 \u063a\u0630\u0627\u0626\u064a \u0645\u062a\u0646\u0648\u0639\u00a0<\/span><br \/>\n<\/h2>\n<p>Les compl\u00e9ments alimentaires doivent \u00eatre utilis\u00e9s dans le cadre d\u2019un mode de vie sain et ne pas \u00eatre utilis\u00e9s comme substituts d\u2019un r\u00e9gime alimentaire vari\u00e9 et \u00e9quilibr\u00e9. Ne pas d\u00e9passer la dose journali\u00e8re indiqu\u00e9e. Les femmes enceintes et allaitantes doivent demander conseils aupr\u00e8s de leur professionnel de sant\u00e9 avant toute compl\u00e9mentation. La consommation doit \u00eatre limit\u00e9e \u00e0 quelques semaines. R\u00e9serv\u00e9 \u00e0 l\u2019adulte. Tenir hors de la port\u00e9e des jeunes enfants. Conserver dans un endroit frais, sec et \u00e0 l\u2019abri de la lumi\u00e8re.<\/p>\n<h3>\u062f\u0648\u0627\u0639\u064a \u0627\u0644\u0627\u0633\u062a\u0639\u0645\u0627\u0644<\/h3>\n<p>\u062a\u062d\u0630\u064a\u0631 (\u0645\u0624\u0634\u0631\u0627\u062a \u062e\u0627\u0635\u0629): \u0642\u062f \u062a\u062c\u062f \u0641\u064a \u0627\u0644\u0633\u0648\u0642 \u0627\u0644\u0639\u062f\u064a\u062f \u0645\u0646 \u0627\u0644\u0645\u0646\u062a\u062c\u0627\u062a \u0627\u0644\u062a\u064a \u062a\u062d\u062a\u0648\u064a \u0639\u0644\u0649 \u062c\u0631\u0639\u0627\u062a \u0632\u0627\u0626\u062f\u0629 \u0645\u0646 \u0627\u0644\u0628\u064a\u0648\u062a\u064a\u0646 \u0623\u0648 \u0627\u0644\u0633\u064a\u0644\u064a\u0646\u064a\u0648\u0645 \u0623\u0648 \u0641\u064a\u062a\u0627\u0645\u064a\u0646 \u062f. \u0642\u062f \u062a\u064f\u0633\u0628\u0628 \u0647\u0630\u0647 \u0627\u0644\u062c\u0631\u0639\u0627\u062a \u0627\u0644\u0632\u0627\u0626\u062f\u0629 \u0639\u0648\u0627\u0642\u0628 \u0648\u062e\u064a\u0645\u0629 \u0639\u0644\u0649 \u0635\u062d\u062a\u0643. \u0647\u0630\u0647 \u0627\u0644\u0645\u0646\u062a\u062c\u0627\u062a \u063a\u064a\u0631 \u0645\u0633\u062c\u0644\u0629 \u0644\u062f\u0649 \u0627\u0644\u0633\u0644\u0637\u0627\u062a \u0627\u0644\u0635\u062d\u064a\u0629\u060c \u0648\u0647\u064a \u062a\u064f\u062e\u0627\u0644\u0641 \u0627\u0644\u0642\u0648\u0627\u0646\u064a\u0646 \u0627\u0644\u0635\u062d\u064a\u0629 \u0627\u0644\u0623\u0648\u0631\u0648\u0628\u064a\u0629 \u0648\u0627\u0644\u0648\u0637\u0646\u064a\u0629. \u0645\u0646 \u0627\u0644\u0645\u062d\u062a\u0645\u0644 \u0623\u0646 \u062a\u064f\u0633\u0628\u0628 \u0645\u0643\u0645\u0644\u0627\u062a \u0627\u0644\u0628\u064a\u0648\u062a\u064a\u0646 \u062d\u0628 \u0627\u0644\u0634\u0628\u0627\u0628 \u0644\u062f\u0649 \u0627\u0644\u0623\u0634\u062e\u0627\u0635 \u0630\u0648\u064a \u0627\u0644\u0628\u0634\u0631\u0629 \u0627\u0644\u0645\u0639\u0631\u0636\u0629 \u0644\u062d\u0628 \u0627\u0644\u0634\u0628\u0627\u0628.<\/p>\n<h3>\u0645\u0643\u0648\u0646\u0627\u062a<\/h3>\n<p>(\u0644\u0643\u0644 \u0643\u0628\u0633\u0648\u0644\u0629): \u0645\u0633\u062d\u0648\u0642 \u0628\u0630\u0648\u0631 \u0627\u0644\u064a\u0642\u0637\u064a\u0646 (Cucurbita pepo) 200 \u0645\u0644\u063a - \u0632\u0646\u0643 12.50 \u0645\u0644\u063a\u060c 125.0 % \u0645\u0646 \u0627\u0644\u0642\u064a\u0645\u0629 \u0627\u0644\u063a\u0630\u0627\u0626\u064a\u0629 \u0627\u0644\u0645\u0631\u062c\u0639\u064a\u0629* - \u0628\u064a\u0648\u062a\u064a\u0646 (\u0641\u064a\u062a\u0627\u0645\u064a\u0646 \u06288) 450.00 \u0645\u064a\u0643\u0631\u0648\u063a\u0631\u0627\u0645\u060c 900.0 % \u0645\u0646 \u0627\u0644\u0642\u064a\u0645\u0629 \u0627\u0644\u063a\u0630\u0627\u0626\u064a\u0629 \u0627\u0644\u0645\u0631\u062c\u0639\u064a\u0629* - \u0633\u064a\u0644\u064a\u0646\u064a\u0648\u0645 50.00 \u0645\u064a\u0643\u0631\u0648\u063a\u0631\u0627\u0645\u060c 90.9 % \u0645\u0646 \u0627\u0644\u0642\u064a\u0645\u0629 \u0627\u0644\u063a\u0630\u0627\u0626\u064a\u0629 \u0627\u0644\u0645\u0631\u062c\u0639\u064a\u0629* - \u0645\u0633\u062a\u062e\u0644\u0635 \u0623\u0631\u0632 150 \u0645\u0644\u063a - \u0627\u0644\u063a\u0644\u0627\u0641: \u0643\u0628\u0633\u0648\u0644\u0627\u062a \u0646\u0628\u0627\u062a\u064a\u0629 \u0645\u0642\u0627\u0648\u0645\u0629 \u0644\u0644\u0639\u0635\u0627\u0631\u0629 \u0627\u0644\u0645\u0639\u062f\u064a\u0629 *\u0627\u0644\u0642\u064a\u0645\u0629 \u0627\u0644\u063a\u0630\u0627\u0626\u064a\u0629 \u0627\u0644\u0645\u0631\u062c\u0639\u064a\u0629: \u0627\u0644\u0642\u064a\u0645\u0629 \u0627\u0644\u063a\u0630\u0627\u0626\u064a\u0629 \u0627\u0644\u0645\u0631\u062c\u0639\u064a\u0629<\/p>","protected":false},"excerpt":{"rendered":"<p>BC-Pharma Biotine B8 Formule Fortifiante\u00a0ne pas \u00eatre utilis\u00e9s comme substituts d\u2019un r\u00e9gime alimentaire vari\u00e9\u00a0 Les compl\u00e9ments alimentaires doivent \u00eatre utilis\u00e9s dans le cadre d\u2019un mode de vie sain et ne pas \u00eatre utilis\u00e9s comme substituts d\u2019un r\u00e9gime alimentaire vari\u00e9 et \u00e9quilibr\u00e9. Ne pas d\u00e9passer la dose journali\u00e8re indiqu\u00e9e. Les femmes enceintes et allaitantes doivent demander [&hellip;]<\/p>\n","protected":false},"featured_media":15470,"template":"","meta":{"om_disable_all_campaigns":false},"product_brand":[],"product_cat":[15],"product_tag":[],"class_list":{"0":"post-15471","1":"product","2":"type-product","3":"status-publish","4":"has-post-thumbnail","6":"product_cat-beaute-sante-complements-alimentaires-soins-et-bien-etre-au-meilleur-prix","8":"first","9":"instock","10":"sale","11":"taxable","12":"shipping-taxable","13":"purchasable","14":"product-type-simple"},"yoast_head":"<!-- This site is optimized with the Yoast SEO plugin v27.3 - https:\/\/yoast.com\/product\/yoast-seo-wordpress\/ -->\n<title>BC-Pharma Biotine B8 Formule Fortifiante 80 G\u00e9lules - Maroc Prix<\/title>\n<meta name=\"description\" content=\"BC-Pharma Biotine B8 Formule Fortifiante 80 G\u00e9lules\" \/>\n<meta name=\"robots\" content=\"index, follow, max-snippet:-1, max-image-preview:large, max-video-preview:-1\" \/>\n<link rel=\"canonical\" href=\"https:\/\/vitablanca.ma\/ar\/product-2\/bc-pharma-biotine-b8-formule-fortifiante-80-gelules\/\" \/>\n<meta property=\"og:locale\" content=\"ar_AR\" \/>\n<meta property=\"og:type\" content=\"article\" \/>\n<meta property=\"og:title\" content=\"BC-Pharma Biotine B8 Formule Fortifiante 80 G\u00e9lules - Maroc Prix\" \/>\n<meta property=\"og:description\" content=\"BC-Pharma Biotine B8 Formule Fortifiante 80 G\u00e9lules\" \/>\n<meta property=\"og:url\" content=\"https:\/\/vitablanca.ma\/ar\/product-2\/bc-pharma-biotine-b8-formule-fortifiante-80-gelules\/\" \/>\n<meta property=\"og:site_name\" content=\"Vitablanca.ma &ndash; Sant&eacute;, vitalit&eacute; et bien-&ecirc;tre pour tous les Marocains\" \/>\n<meta property=\"article:publisher\" content=\"https:\/\/www.facebook.com\/profile.php?id=61576678196717\" \/>\n<meta property=\"og:image\" content=\"https:\/\/vitablanca.ma\/wp-content\/uploads\/2025\/06\/BC-Pharma-Biotine-B8-Formule-Fortifiante-80-Gelules-nova-parapharmacie-casablanca.jpg\" \/>\n\t<meta property=\"og:image:width\" content=\"1000\" \/>\n\t<meta property=\"og:image:height\" content=\"1000\" \/>\n\t<meta property=\"og:image:type\" content=\"image\/jpeg\" \/>\n<meta name=\"twitter:card\" content=\"summary_large_image\" \/>\n<meta name=\"twitter:label1\" content=\"\u0648\u0642\u062a \u0627\u0644\u0642\u0631\u0627\u0621\u0629 \u0627\u0644\u0645\u064f\u0642\u062f\u0651\u0631\" \/>\n\t<meta name=\"twitter:data1\" content=\"\u062f\u0642\u064a\u0642\u0629 \u0648\u0627\u062d\u062f\u0629\" \/>\n<script type=\"application\/ld+json\" class=\"yoast-schema-graph\">{\"@context\":\"https:\\\/\\\/schema.org\",\"@graph\":[{\"@type\":[\"WebPage\",\"ItemPage\"],\"@id\":\"https:\\\/\\\/vitablanca.ma\\\/produit\\\/bc-pharma-biotine-b8-formule-fortifiante-80-gelules\\\/\",\"url\":\"https:\\\/\\\/vitablanca.ma\\\/produit\\\/bc-pharma-biotine-b8-formule-fortifiante-80-gelules\\\/\",\"name\":\"BC-Pharma Biotine B8 Formule Fortifiante 80 G\u00e9lules - Maroc Prix\",\"isPartOf\":{\"@id\":\"https:\\\/\\\/vitablanca.ma\\\/#website\"},\"primaryImageOfPage\":{\"@id\":\"https:\\\/\\\/vitablanca.ma\\\/produit\\\/bc-pharma-biotine-b8-formule-fortifiante-80-gelules\\\/#primaryimage\"},\"image\":{\"@id\":\"https:\\\/\\\/vitablanca.ma\\\/produit\\\/bc-pharma-biotine-b8-formule-fortifiante-80-gelules\\\/#primaryimage\"},\"thumbnailUrl\":\"https:\\\/\\\/vitablanca.ma\\\/wp-content\\\/uploads\\\/2025\\\/06\\\/BC-Pharma-Biotine-B8-Formule-Fortifiante-80-Gelules-nova-parapharmacie-casablanca.jpg\",\"datePublished\":\"2025-06-10T15:59:58+00:00\",\"description\":\"BC-Pharma Biotine B8 Formule Fortifiante 80 G\u00e9lules\",\"breadcrumb\":{\"@id\":\"https:\\\/\\\/vitablanca.ma\\\/produit\\\/bc-pharma-biotine-b8-formule-fortifiante-80-gelules\\\/#breadcrumb\"},\"inLanguage\":\"ar\",\"potentialAction\":[{\"@type\":\"ReadAction\",\"target\":[\"https:\\\/\\\/vitablanca.ma\\\/produit\\\/bc-pharma-biotine-b8-formule-fortifiante-80-gelules\\\/\"]}]},{\"@type\":\"ImageObject\",\"inLanguage\":\"ar\",\"@id\":\"https:\\\/\\\/vitablanca.ma\\\/produit\\\/bc-pharma-biotine-b8-formule-fortifiante-80-gelules\\\/#primaryimage\",\"url\":\"https:\\\/\\\/vitablanca.ma\\\/wp-content\\\/uploads\\\/2025\\\/06\\\/BC-Pharma-Biotine-B8-Formule-Fortifiante-80-Gelules-nova-parapharmacie-casablanca.jpg\",\"contentUrl\":\"https:\\\/\\\/vitablanca.ma\\\/wp-content\\\/uploads\\\/2025\\\/06\\\/BC-Pharma-Biotine-B8-Formule-Fortifiante-80-Gelules-nova-parapharmacie-casablanca.jpg\",\"width\":1000,\"height\":1000},{\"@type\":\"BreadcrumbList\",\"@id\":\"https:\\\/\\\/vitablanca.ma\\\/produit\\\/bc-pharma-biotine-b8-formule-fortifiante-80-gelules\\\/#breadcrumb\",\"itemListElement\":[{\"@type\":\"ListItem\",\"position\":1,\"name\":\"Home\",\"item\":\"https:\\\/\\\/vitablanca.ma\\\/\"},{\"@type\":\"ListItem\",\"position\":2,\"name\":\"Tous Les Produits\",\"item\":\"https:\\\/\\\/vitablanca.ma\\\/tous-les-produits\\\/\"},{\"@type\":\"ListItem\",\"position\":3,\"name\":\"BC-Pharma Biotine B8 Formule Fortifiante 80 G\u00e9lules\"}]},{\"@type\":\"WebSite\",\"@id\":\"https:\\\/\\\/vitablanca.ma\\\/#website\",\"url\":\"https:\\\/\\\/vitablanca.ma\\\/\",\"name\":\"VitaBlanca.ma | Compl\u00e9ments alimentaires, sant\u00e9 & beaut\u00e9 au Maroc\",\"description\":\"vendre vitamines et compl\u00e9ments premium des USA &amp; Canada, Nouvelle Z\u00e9lande,Maroc (NOW Foods, Solgar, Manuka). Livraison rapide partout au Maroc.\",\"publisher\":{\"@id\":\"https:\\\/\\\/vitablanca.ma\\\/#organization\"},\"alternateName\":\"VitaBlanca.ma\",\"potentialAction\":[{\"@type\":\"SearchAction\",\"target\":{\"@type\":\"EntryPoint\",\"urlTemplate\":\"https:\\\/\\\/vitablanca.ma\\\/?s={search_term_string}\"},\"query-input\":{\"@type\":\"PropertyValueSpecification\",\"valueRequired\":true,\"valueName\":\"search_term_string\"}}],\"inLanguage\":\"ar\"},{\"@type\":\"Organization\",\"@id\":\"https:\\\/\\\/vitablanca.ma\\\/#organization\",\"name\":\"VitaBlanca\",\"url\":\"https:\\\/\\\/vitablanca.ma\\\/\",\"logo\":{\"@type\":\"ImageObject\",\"inLanguage\":\"ar\",\"@id\":\"https:\\\/\\\/vitablanca.ma\\\/#\\\/schema\\\/logo\\\/image\\\/\",\"url\":\"https:\\\/\\\/vitablanca.ma\\\/wp-content\\\/uploads\\\/2025\\\/05\\\/cropped-vitablanca.png\",\"contentUrl\":\"https:\\\/\\\/vitablanca.ma\\\/wp-content\\\/uploads\\\/2025\\\/05\\\/cropped-vitablanca.png\",\"width\":360,\"height\":67,\"caption\":\"VitaBlanca\"},\"image\":{\"@id\":\"https:\\\/\\\/vitablanca.ma\\\/#\\\/schema\\\/logo\\\/image\\\/\"},\"sameAs\":[\"https:\\\/\\\/www.facebook.com\\\/profile.php?id=61576678196717\",\"https:\\\/\\\/www.tiktok.com\\\/@vitablanca.ma\",\"https:\\\/\\\/www.instagram.com\\\/vitablanca.ma\\\/\"]}]}<\/script>\n<!-- \/ Yoast SEO plugin. -->","yoast_head_json":{"title":"BC-Pharma Biotine B8 Formule Fortifiante 80 G\u00e9lules - Maroc Prix","description":"BC-Pharma Biotine B8 Formule Fortifiante 80 G\u00e9lules","robots":{"index":"index","follow":"follow","max-snippet":"max-snippet:-1","max-image-preview":"max-image-preview:large","max-video-preview":"max-video-preview:-1"},"canonical":"https:\/\/vitablanca.ma\/ar\/product-2\/bc-pharma-biotine-b8-formule-fortifiante-80-gelules\/","og_locale":"ar_AR","og_type":"article","og_title":"BC-Pharma Biotine B8 Formule Fortifiante 80 G\u00e9lules - Maroc Prix","og_description":"BC-Pharma Biotine B8 Formule Fortifiante 80 G\u00e9lules","og_url":"https:\/\/vitablanca.ma\/ar\/product-2\/bc-pharma-biotine-b8-formule-fortifiante-80-gelules\/","og_site_name":"Vitablanca.ma &ndash; Sant&eacute;, vitalit&eacute; et bien-&ecirc;tre pour tous les Marocains","article_publisher":"https:\/\/www.facebook.com\/profile.php?id=61576678196717","og_image":[{"width":1000,"height":1000,"url":"https:\/\/vitablanca.ma\/wp-content\/uploads\/2025\/06\/BC-Pharma-Biotine-B8-Formule-Fortifiante-80-Gelules-nova-parapharmacie-casablanca.jpg","type":"image\/jpeg"}],"twitter_card":"summary_large_image","twitter_misc":{"\u0648\u0642\u062a \u0627\u0644\u0642\u0631\u0627\u0621\u0629 \u0627\u0644\u0645\u064f\u0642\u062f\u0651\u0631":"\u062f\u0642\u064a\u0642\u0629 \u0648\u0627\u062d\u062f\u0629"},"schema":{"@context":"https:\/\/schema.org","@graph":[{"@type":["WebPage","ItemPage"],"@id":"https:\/\/vitablanca.ma\/produit\/bc-pharma-biotine-b8-formule-fortifiante-80-gelules\/","url":"https:\/\/vitablanca.ma\/produit\/bc-pharma-biotine-b8-formule-fortifiante-80-gelules\/","name":"BC-Pharma Biotine B8 Formule Fortifiante 80 G\u00e9lules - Maroc Prix","isPartOf":{"@id":"https:\/\/vitablanca.ma\/#website"},"primaryImageOfPage":{"@id":"https:\/\/vitablanca.ma\/produit\/bc-pharma-biotine-b8-formule-fortifiante-80-gelules\/#primaryimage"},"image":{"@id":"https:\/\/vitablanca.ma\/produit\/bc-pharma-biotine-b8-formule-fortifiante-80-gelules\/#primaryimage"},"thumbnailUrl":"https:\/\/vitablanca.ma\/wp-content\/uploads\/2025\/06\/BC-Pharma-Biotine-B8-Formule-Fortifiante-80-Gelules-nova-parapharmacie-casablanca.jpg","datePublished":"2025-06-10T15:59:58+00:00","description":"BC-Pharma Biotine B8 Formule Fortifiante 80 G\u00e9lules","breadcrumb":{"@id":"https:\/\/vitablanca.ma\/produit\/bc-pharma-biotine-b8-formule-fortifiante-80-gelules\/#breadcrumb"},"inLanguage":"ar","potentialAction":[{"@type":"ReadAction","target":["https:\/\/vitablanca.ma\/produit\/bc-pharma-biotine-b8-formule-fortifiante-80-gelules\/"]}]},{"@type":"ImageObject","inLanguage":"ar","@id":"https:\/\/vitablanca.ma\/produit\/bc-pharma-biotine-b8-formule-fortifiante-80-gelules\/#primaryimage","url":"https:\/\/vitablanca.ma\/wp-content\/uploads\/2025\/06\/BC-Pharma-Biotine-B8-Formule-Fortifiante-80-Gelules-nova-parapharmacie-casablanca.jpg","contentUrl":"https:\/\/vitablanca.ma\/wp-content\/uploads\/2025\/06\/BC-Pharma-Biotine-B8-Formule-Fortifiante-80-Gelules-nova-parapharmacie-casablanca.jpg","width":1000,"height":1000},{"@type":"BreadcrumbList","@id":"https:\/\/vitablanca.ma\/produit\/bc-pharma-biotine-b8-formule-fortifiante-80-gelules\/#breadcrumb","itemListElement":[{"@type":"ListItem","position":1,"name":"Home","item":"https:\/\/vitablanca.ma\/"},{"@type":"ListItem","position":2,"name":"Tous Les Produits","item":"https:\/\/vitablanca.ma\/tous-les-produits\/"},{"@type":"ListItem","position":3,"name":"BC-Pharma Biotine B8 Formule Fortifiante 80 G\u00e9lules"}]},{"@type":"WebSite","@id":"https:\/\/vitablanca.ma\/#website","url":"https:\/\/vitablanca.ma\/","name":"VitaBlanca.ma | \u0627\u0644\u0645\u0643\u0645\u0644\u0627\u062a \u0627\u0644\u063a\u0630\u0627\u0626\u064a\u0629\u060c \u0627\u0644\u0635\u062d\u0629 \u0648\u0627\u0644\u062c\u0645\u0627\u0644 \u0641\u064a \u0627\u0644\u0645\u063a\u0631\u0628","description":"\u0646\u0628\u064a\u0639 \u0641\u064a\u062a\u0627\u0645\u064a\u0646\u0627\u062a \u0648\u0645\u0643\u0645\u0644\u0627\u062a \u063a\u0630\u0627\u0626\u064a\u0629 \u0641\u0627\u062e\u0631\u0629 \u0645\u0646 \u0627\u0644\u0648\u0644\u0627\u064a\u0627\u062a \u0627\u0644\u0645\u062a\u062d\u062f\u0629 \u0627\u0644\u0623\u0645\u0631\u064a\u0643\u064a\u0629 \u0648\u0643\u0646\u062f\u0627 \u0648\u0646\u064a\u0648\u0632\u064a\u0644\u0646\u062f\u0627 \u0648\u0627\u0644\u0645\u063a\u0631\u0628 (\u0646\u0627\u0648 \u0641\u0648\u062f\u0632\u060c \u0633\u0648\u0644\u062c\u0627\u0631\u060c \u0645\u0627\u0646\u0648\u0643\u0627). \u062a\u0648\u0635\u064a\u0644 \u0633\u0631\u064a\u0639 \u0625\u0644\u0649 \u062c\u0645\u064a\u0639 \u0623\u0646\u062d\u0627\u0621 \u0627\u0644\u0645\u063a\u0631\u0628.","publisher":{"@id":"https:\/\/vitablanca.ma\/#organization"},"alternateName":"VitaBlanca.ma","potentialAction":[{"@type":"SearchAction","target":{"@type":"EntryPoint","urlTemplate":"https:\/\/vitablanca.ma\/?s={search_term_string}"},"query-input":{"@type":"PropertyValueSpecification","valueRequired":true,"valueName":"search_term_string"}}],"inLanguage":"ar"},{"@type":"Organization","@id":"https:\/\/vitablanca.ma\/#organization","name":"\u0641\u064a\u062a\u0627\u0628\u0644\u0627\u0646\u0643\u0627","url":"https:\/\/vitablanca.ma\/","logo":{"@type":"ImageObject","inLanguage":"ar","@id":"https:\/\/vitablanca.ma\/#\/schema\/logo\/image\/","url":"https:\/\/vitablanca.ma\/wp-content\/uploads\/2025\/05\/cropped-vitablanca.png","contentUrl":"https:\/\/vitablanca.ma\/wp-content\/uploads\/2025\/05\/cropped-vitablanca.png","width":360,"height":67,"caption":"VitaBlanca"},"image":{"@id":"https:\/\/vitablanca.ma\/#\/schema\/logo\/image\/"},"sameAs":["https:\/\/www.facebook.com\/profile.php?id=61576678196717","https:\/\/www.tiktok.com\/@vitablanca.ma","https:\/\/www.instagram.com\/vitablanca.ma\/"]}]}},"jetpack_sharing_enabled":true,"_links":{"self":[{"href":"https:\/\/vitablanca.ma\/ar\/wp-json\/wp\/v2\/product\/15471","targetHints":{"allow":["GET"]}}],"collection":[{"href":"https:\/\/vitablanca.ma\/ar\/wp-json\/wp\/v2\/product"}],"about":[{"href":"https:\/\/vitablanca.ma\/ar\/wp-json\/wp\/v2\/types\/product"}],"wp:featuredmedia":[{"embeddable":true,"href":"https:\/\/vitablanca.ma\/ar\/wp-json\/wp\/v2\/media\/15470"}],"wp:attachment":[{"href":"https:\/\/vitablanca.ma\/ar\/wp-json\/wp\/v2\/media?parent=15471"}],"wp:term":[{"taxonomy":"product_brand","embeddable":true,"href":"https:\/\/vitablanca.ma\/ar\/wp-json\/wp\/v2\/product_brand?post=15471"},{"taxonomy":"product_cat","embeddable":true,"href":"https:\/\/vitablanca.ma\/ar\/wp-json\/wp\/v2\/product_cat?post=15471"},{"taxonomy":"product_tag","embeddable":true,"href":"https:\/\/vitablanca.ma\/ar\/wp-json\/wp\/v2\/product_tag?post=15471"}],"curies":[{"name":"wp","href":"https:\/\/api.w.org\/{rel}","templated":true}]}}