{"id":15452,"date":"2025-06-10T15:58:53","date_gmt":"2025-06-10T15:58:53","guid":{"rendered":"https:\/\/vitablanca.ma\/product\/bambo-nature-20-culottes-dapprentissage-t4-l-7-14kg\/"},"modified":"2025-06-10T15:58:53","modified_gmt":"2025-06-10T15:58:53","slug":"bambo-nature-20-culottes-dapprentissage-t4-l-7-14kg","status":"publish","type":"product","link":"https:\/\/vitablanca.ma\/ar\/product-2\/bambo-nature-20-culottes-dapprentissage-t4-l-7-14kg\/","title":{"rendered":"Bambo Nature 20 Culottes D&rsquo;apprentissage t4 l 7-14kg"},"content":{"rendered":"<h2 data-mce-fragment=\"1\">Bambo Nature 20 Culottes D\u2019apprentissage\u00a0<span data-mce-fragment=\"1\">permettent une transition douce entre les couches et la propret\u00e9.<\/span><br \/>\n<\/h2>\n<p data-mce-fragment=\"1\">En grandissant, l\u2019enfant va aborder l\u2019apprentissage de la propret\u00e9. Pour r\u00e9ussir cette transition, nous proposons les culottes d\u2019apprentissage (Pants) BAMBO Nature. Elles s\u2019enfilent comme un sous-v\u00eatement et aide l\u2019enfant \u00e0 se sentir grand.<\/p>\n<ul data-mce-fragment=\"1\">\n<li data-mce-fragment=\"1\">Culottes anatomiques adapt\u00e9es \u00e0 la morphologie de chaque enfant et \u00e0 ses mouvements : r\u00e9duit le risque de fuites<\/li>\n<li data-mce-fragment=\"1\">Canaux absorbants pour drainer les liquides rapidement et \u00e0 distance de la peau de b\u00e9b\u00e9 : risque d\u2019\u00e9ryth\u00e8me fessier minimis\u00e9.<\/li>\n<li data-mce-fragment=\"1\">C\u00f4t\u00e9s souples et faciles \u00e0 enlever et \u00e0 remettre, sans bruit, comme un sous v\u00eatement.<\/li>\n<li data-mce-fragment=\"1\">C\u0153ur absorbant se g\u00e9lifie au contact de l\u2019humidit\u00e9 et neutralise l\u2019ammoniaque des selles : effet antiodeurs.<\/li>\n<li data-mce-fragment=\"1\">Languette autocollante \u00e0 l\u2019arri\u00e8re pour maintenir la couche ferm\u00e9e apr\u00e8s son utilisation<\/li>\n<li data-mce-fragment=\"1\">Indicateur d\u2019humidit\u00e9 indique quand votre b\u00e9b\u00e9 doit \u00eatre chang\u00e9 (du jaune au bleu en pr\u00e9sence d\u2019urine).<\/li>\n<li data-mce-fragment=\"1\">Num\u00e9ro de lot inscrit sur la culotte, le paquet et le carton : une meilleure tra\u00e7abilit\u00e9<\/li>\n<\/ul>\n<h3 data-mce-fragment=\"1\"><b data-mce-fragment=\"1\">Nos engagements \u00e9co-responsables<\/b><\/h3>\n<ul data-mce-fragment=\"1\">\n<li data-mce-fragment=\"1\">Sachets fabriqu\u00e9s avec plus de 30 % de mati\u00e8re issue du recyclage de plastiques usag\u00e9s. Cartons fabriqu\u00e9s avec plus de 50 % de carton recycl\u00e9<\/li>\n<li data-mce-fragment=\"1\">0 % parfum et lotion : neutralit\u00e9 id\u00e9ale pour les parents attach\u00e9s aux produits simples<\/li>\n<li data-mce-fragment=\"1\">0 % de substances potentiellement toxiques : r\u00e9sidus de chlore, latex, phtalates<\/li>\n<li data-mce-fragment=\"1\">Cellulose du c\u0153ur absorbant 100 % certifi\u00e9e FSC et blanchie sans chlore (TCF)<\/li>\n<li data-mce-fragment=\"1\">Encre garantie sans m\u00e9taux lourds, design \u00e9pur\u00e9 des dessins pour r\u00e9duire la quantit\u00e9 d\u2019encre<\/li>\n<li data-mce-fragment=\"1\">Test\u00e9es dermatologiquement, mais jamais sur des animaux<\/li>\n<li data-mce-fragment=\"1\">Fabriqu\u00e9 au Danemark o\u00f9 85 % de nos d\u00e9chets de production sont recycl\u00e9s<\/li>\n<\/ul>\n<h3 data-mce-fragment=\"1\"><span data-mce-fragment=\"1\">\u062a\u0639\u0628\u064a\u0631<\/span><\/h3>\n<p data-mce-fragment=\"1\"><span data-mce-fragment=\"1\">C\u0153ur absorbant constitu\u00e9 de fibres de cellulose certifi\u00e9e FSC et de microbilles super absorbantes de polyacrylate de sodium (SAP). Enveloppe externe en polypropyl\u00e8ne et en poly\u00e9thyl\u00e8ne. Voile de contact interne en non-tiss\u00e9 polypropyl\u00e8ne. Voile d\u2019acquisition en non tiss\u00e9 (PET\/Co-PET). Colle en caoutchouc synth\u00e9tique. Elastiques \u00e0 base d\u2019\u00e9lasthanne. Encre garantie sans m\u00e9taux lourds.<\/span><\/p>","protected":false},"excerpt":{"rendered":"<p>Bambo Nature 20 Culottes D\u2019apprentissage\u00a0permettent une transition douce entre les couches et la propret\u00e9. En grandissant, l\u2019enfant va aborder l\u2019apprentissage de la propret\u00e9. Pour r\u00e9ussir cette transition, nous proposons les culottes d\u2019apprentissage (Pants) BAMBO Nature. Elles s\u2019enfilent comme un sous-v\u00eatement et aide l\u2019enfant \u00e0 se sentir grand. Culottes anatomiques adapt\u00e9es \u00e0 la morphologie de chaque [&hellip;]<\/p>\n","protected":false},"featured_media":15451,"template":"","meta":{"om_disable_all_campaigns":false},"product_brand":[],"product_cat":[15],"product_tag":[],"class_list":{"0":"post-15452","1":"product","2":"type-product","3":"status-publish","4":"has-post-thumbnail","6":"product_cat-beaute-sante-complements-alimentaires-soins-et-bien-etre-au-meilleur-prix","8":"first","9":"instock","10":"sale","11":"taxable","12":"shipping-taxable","13":"purchasable","14":"product-type-simple"},"yoast_head":"<!-- This site is optimized with the Yoast SEO plugin v27.5 - https:\/\/yoast.com\/product\/yoast-seo-wordpress\/ -->\n<title>Bambo Nature 20 Culottes D&#039;apprentissage t4 l 7-14kg - Maroc Prix<\/title>\n<meta name=\"description\" content=\"Bambo Nature 20 Culottes D&#039;apprentissage t4 l 7-14kg\" \/>\n<meta name=\"robots\" content=\"index, follow, max-snippet:-1, max-image-preview:large, max-video-preview:-1\" \/>\n<link rel=\"canonical\" href=\"https:\/\/vitablanca.ma\/ar\/product-2\/bambo-nature-20-culottes-dapprentissage-t4-l-7-14kg\/\" \/>\n<meta property=\"og:locale\" content=\"ar_AR\" \/>\n<meta property=\"og:type\" content=\"article\" \/>\n<meta property=\"og:title\" content=\"Bambo Nature 20 Culottes D&#039;apprentissage t4 l 7-14kg - Maroc Prix\" \/>\n<meta property=\"og:description\" content=\"Bambo Nature 20 Culottes D&#039;apprentissage t4 l 7-14kg\" \/>\n<meta property=\"og:url\" content=\"https:\/\/vitablanca.ma\/ar\/product-2\/bambo-nature-20-culottes-dapprentissage-t4-l-7-14kg\/\" \/>\n<meta property=\"og:site_name\" content=\"Vitablanca.ma &ndash; Sant&eacute;, vitalit&eacute; et bien-&ecirc;tre pour tous les Marocains\" \/>\n<meta property=\"article:publisher\" content=\"https:\/\/www.facebook.com\/profile.php?id=61576678196717\" \/>\n<meta property=\"og:image\" content=\"https:\/\/vitablanca.ma\/wp-content\/uploads\/2025\/06\/Bambo-Nature-20-Culottes-D_apprentissage-t4-l-7-14kg-nova-parapharmacie-maroc.jpg\" \/>\n\t<meta property=\"og:image:width\" content=\"1000\" \/>\n\t<meta property=\"og:image:height\" content=\"1000\" \/>\n\t<meta property=\"og:image:type\" content=\"image\/jpeg\" \/>\n<meta name=\"twitter:card\" content=\"summary_large_image\" \/>\n<meta name=\"twitter:label1\" content=\"\u0648\u0642\u062a \u0627\u0644\u0642\u0631\u0627\u0621\u0629 \u0627\u0644\u0645\u064f\u0642\u062f\u0651\u0631\" \/>\n\t<meta name=\"twitter:data1\" content=\"\u062f\u0642\u064a\u0642\u062a\u0627\u0646\" \/>\n<script type=\"application\/ld+json\" class=\"yoast-schema-graph\">{\"@context\":\"https:\\\/\\\/schema.org\",\"@graph\":[{\"@type\":[\"WebPage\",\"ItemPage\"],\"@id\":\"https:\\\/\\\/vitablanca.ma\\\/produit\\\/bambo-nature-20-culottes-dapprentissage-t4-l-7-14kg\\\/\",\"url\":\"https:\\\/\\\/vitablanca.ma\\\/produit\\\/bambo-nature-20-culottes-dapprentissage-t4-l-7-14kg\\\/\",\"name\":\"Bambo Nature 20 Culottes D'apprentissage t4 l 7-14kg - Maroc Prix\",\"isPartOf\":{\"@id\":\"https:\\\/\\\/vitablanca.ma\\\/#website\"},\"primaryImageOfPage\":{\"@id\":\"https:\\\/\\\/vitablanca.ma\\\/produit\\\/bambo-nature-20-culottes-dapprentissage-t4-l-7-14kg\\\/#primaryimage\"},\"image\":{\"@id\":\"https:\\\/\\\/vitablanca.ma\\\/produit\\\/bambo-nature-20-culottes-dapprentissage-t4-l-7-14kg\\\/#primaryimage\"},\"thumbnailUrl\":\"https:\\\/\\\/vitablanca.ma\\\/wp-content\\\/uploads\\\/2025\\\/06\\\/Bambo-Nature-20-Culottes-D_apprentissage-t4-l-7-14kg-nova-parapharmacie-maroc.jpg\",\"datePublished\":\"2025-06-10T15:58:53+00:00\",\"description\":\"Bambo Nature 20 Culottes D'apprentissage t4 l 7-14kg\",\"breadcrumb\":{\"@id\":\"https:\\\/\\\/vitablanca.ma\\\/produit\\\/bambo-nature-20-culottes-dapprentissage-t4-l-7-14kg\\\/#breadcrumb\"},\"inLanguage\":\"ar\",\"potentialAction\":[{\"@type\":\"ReadAction\",\"target\":[\"https:\\\/\\\/vitablanca.ma\\\/produit\\\/bambo-nature-20-culottes-dapprentissage-t4-l-7-14kg\\\/\"]}]},{\"@type\":\"ImageObject\",\"inLanguage\":\"ar\",\"@id\":\"https:\\\/\\\/vitablanca.ma\\\/produit\\\/bambo-nature-20-culottes-dapprentissage-t4-l-7-14kg\\\/#primaryimage\",\"url\":\"https:\\\/\\\/vitablanca.ma\\\/wp-content\\\/uploads\\\/2025\\\/06\\\/Bambo-Nature-20-Culottes-D_apprentissage-t4-l-7-14kg-nova-parapharmacie-maroc.jpg\",\"contentUrl\":\"https:\\\/\\\/vitablanca.ma\\\/wp-content\\\/uploads\\\/2025\\\/06\\\/Bambo-Nature-20-Culottes-D_apprentissage-t4-l-7-14kg-nova-parapharmacie-maroc.jpg\",\"width\":1000,\"height\":1000},{\"@type\":\"BreadcrumbList\",\"@id\":\"https:\\\/\\\/vitablanca.ma\\\/produit\\\/bambo-nature-20-culottes-dapprentissage-t4-l-7-14kg\\\/#breadcrumb\",\"itemListElement\":[{\"@type\":\"ListItem\",\"position\":1,\"name\":\"Home\",\"item\":\"https:\\\/\\\/vitablanca.ma\\\/\"},{\"@type\":\"ListItem\",\"position\":2,\"name\":\"Tous Les Produits\",\"item\":\"https:\\\/\\\/vitablanca.ma\\\/tous-les-produits\\\/\"},{\"@type\":\"ListItem\",\"position\":3,\"name\":\"Bambo Nature 20 Culottes D&#8217;apprentissage t4 l 7-14kg\"}]},{\"@type\":\"WebSite\",\"@id\":\"https:\\\/\\\/vitablanca.ma\\\/#website\",\"url\":\"https:\\\/\\\/vitablanca.ma\\\/\",\"name\":\"VitaBlanca.ma | Compl\u00e9ments alimentaires, sant\u00e9 & beaut\u00e9 au Maroc\",\"description\":\"vendre vitamines et compl\u00e9ments premium des USA &amp; Canada, Nouvelle Z\u00e9lande,Maroc (NOW Foods, Solgar, Manuka). Livraison rapide partout au Maroc.\",\"publisher\":{\"@id\":\"https:\\\/\\\/vitablanca.ma\\\/#organization\"},\"alternateName\":\"VitaBlanca.ma\",\"potentialAction\":[{\"@type\":\"SearchAction\",\"target\":{\"@type\":\"EntryPoint\",\"urlTemplate\":\"https:\\\/\\\/vitablanca.ma\\\/?s={search_term_string}\"},\"query-input\":{\"@type\":\"PropertyValueSpecification\",\"valueRequired\":true,\"valueName\":\"search_term_string\"}}],\"inLanguage\":\"ar\"},{\"@type\":\"Organization\",\"@id\":\"https:\\\/\\\/vitablanca.ma\\\/#organization\",\"name\":\"VitaBlanca\",\"url\":\"https:\\\/\\\/vitablanca.ma\\\/\",\"logo\":{\"@type\":\"ImageObject\",\"inLanguage\":\"ar\",\"@id\":\"https:\\\/\\\/vitablanca.ma\\\/#\\\/schema\\\/logo\\\/image\\\/\",\"url\":\"https:\\\/\\\/vitablanca.ma\\\/wp-content\\\/uploads\\\/2025\\\/05\\\/cropped-vitablanca.png\",\"contentUrl\":\"https:\\\/\\\/vitablanca.ma\\\/wp-content\\\/uploads\\\/2025\\\/05\\\/cropped-vitablanca.png\",\"width\":360,\"height\":67,\"caption\":\"VitaBlanca\"},\"image\":{\"@id\":\"https:\\\/\\\/vitablanca.ma\\\/#\\\/schema\\\/logo\\\/image\\\/\"},\"sameAs\":[\"https:\\\/\\\/www.facebook.com\\\/profile.php?id=61576678196717\",\"https:\\\/\\\/www.tiktok.com\\\/@vitablanca.ma\",\"https:\\\/\\\/www.instagram.com\\\/vitablanca.ma\\\/\"]}]}<\/script>\n<!-- \/ Yoast SEO plugin. -->","yoast_head_json":{"title":"Bambo Nature 20 Culottes D'apprentissage t4 l 7-14kg - Maroc Prix","description":"Bambo Nature 20 Culottes D'apprentissage t4 l 7-14kg","robots":{"index":"index","follow":"follow","max-snippet":"max-snippet:-1","max-image-preview":"max-image-preview:large","max-video-preview":"max-video-preview:-1"},"canonical":"https:\/\/vitablanca.ma\/ar\/product-2\/bambo-nature-20-culottes-dapprentissage-t4-l-7-14kg\/","og_locale":"ar_AR","og_type":"article","og_title":"Bambo Nature 20 Culottes D'apprentissage t4 l 7-14kg - Maroc Prix","og_description":"Bambo Nature 20 Culottes D'apprentissage t4 l 7-14kg","og_url":"https:\/\/vitablanca.ma\/ar\/product-2\/bambo-nature-20-culottes-dapprentissage-t4-l-7-14kg\/","og_site_name":"Vitablanca.ma &ndash; Sant&eacute;, vitalit&eacute; et bien-&ecirc;tre pour tous les Marocains","article_publisher":"https:\/\/www.facebook.com\/profile.php?id=61576678196717","og_image":[{"width":1000,"height":1000,"url":"https:\/\/vitablanca.ma\/wp-content\/uploads\/2025\/06\/Bambo-Nature-20-Culottes-D_apprentissage-t4-l-7-14kg-nova-parapharmacie-maroc.jpg","type":"image\/jpeg"}],"twitter_card":"summary_large_image","twitter_misc":{"\u0648\u0642\u062a \u0627\u0644\u0642\u0631\u0627\u0621\u0629 \u0627\u0644\u0645\u064f\u0642\u062f\u0651\u0631":"\u062f\u0642\u064a\u0642\u062a\u0627\u0646"},"schema":{"@context":"https:\/\/schema.org","@graph":[{"@type":["WebPage","ItemPage"],"@id":"https:\/\/vitablanca.ma\/produit\/bambo-nature-20-culottes-dapprentissage-t4-l-7-14kg\/","url":"https:\/\/vitablanca.ma\/produit\/bambo-nature-20-culottes-dapprentissage-t4-l-7-14kg\/","name":"Bambo Nature 20 Culottes D'apprentissage t4 l 7-14kg - Maroc Prix","isPartOf":{"@id":"https:\/\/vitablanca.ma\/#website"},"primaryImageOfPage":{"@id":"https:\/\/vitablanca.ma\/produit\/bambo-nature-20-culottes-dapprentissage-t4-l-7-14kg\/#primaryimage"},"image":{"@id":"https:\/\/vitablanca.ma\/produit\/bambo-nature-20-culottes-dapprentissage-t4-l-7-14kg\/#primaryimage"},"thumbnailUrl":"https:\/\/vitablanca.ma\/wp-content\/uploads\/2025\/06\/Bambo-Nature-20-Culottes-D_apprentissage-t4-l-7-14kg-nova-parapharmacie-maroc.jpg","datePublished":"2025-06-10T15:58:53+00:00","description":"Bambo Nature 20 Culottes D'apprentissage t4 l 7-14kg","breadcrumb":{"@id":"https:\/\/vitablanca.ma\/produit\/bambo-nature-20-culottes-dapprentissage-t4-l-7-14kg\/#breadcrumb"},"inLanguage":"ar","potentialAction":[{"@type":"ReadAction","target":["https:\/\/vitablanca.ma\/produit\/bambo-nature-20-culottes-dapprentissage-t4-l-7-14kg\/"]}]},{"@type":"ImageObject","inLanguage":"ar","@id":"https:\/\/vitablanca.ma\/produit\/bambo-nature-20-culottes-dapprentissage-t4-l-7-14kg\/#primaryimage","url":"https:\/\/vitablanca.ma\/wp-content\/uploads\/2025\/06\/Bambo-Nature-20-Culottes-D_apprentissage-t4-l-7-14kg-nova-parapharmacie-maroc.jpg","contentUrl":"https:\/\/vitablanca.ma\/wp-content\/uploads\/2025\/06\/Bambo-Nature-20-Culottes-D_apprentissage-t4-l-7-14kg-nova-parapharmacie-maroc.jpg","width":1000,"height":1000},{"@type":"BreadcrumbList","@id":"https:\/\/vitablanca.ma\/produit\/bambo-nature-20-culottes-dapprentissage-t4-l-7-14kg\/#breadcrumb","itemListElement":[{"@type":"ListItem","position":1,"name":"Home","item":"https:\/\/vitablanca.ma\/"},{"@type":"ListItem","position":2,"name":"Tous Les Produits","item":"https:\/\/vitablanca.ma\/tous-les-produits\/"},{"@type":"ListItem","position":3,"name":"Bambo Nature 20 Culottes D&#8217;apprentissage t4 l 7-14kg"}]},{"@type":"WebSite","@id":"https:\/\/vitablanca.ma\/#website","url":"https:\/\/vitablanca.ma\/","name":"VitaBlanca.ma | \u0627\u0644\u0645\u0643\u0645\u0644\u0627\u062a \u0627\u0644\u063a\u0630\u0627\u0626\u064a\u0629\u060c \u0627\u0644\u0635\u062d\u0629 \u0648\u0627\u0644\u062c\u0645\u0627\u0644 \u0641\u064a \u0627\u0644\u0645\u063a\u0631\u0628","description":"\u0646\u0628\u064a\u0639 \u0641\u064a\u062a\u0627\u0645\u064a\u0646\u0627\u062a \u0648\u0645\u0643\u0645\u0644\u0627\u062a \u063a\u0630\u0627\u0626\u064a\u0629 \u0641\u0627\u062e\u0631\u0629 \u0645\u0646 \u0627\u0644\u0648\u0644\u0627\u064a\u0627\u062a \u0627\u0644\u0645\u062a\u062d\u062f\u0629 \u0627\u0644\u0623\u0645\u0631\u064a\u0643\u064a\u0629 \u0648\u0643\u0646\u062f\u0627 \u0648\u0646\u064a\u0648\u0632\u064a\u0644\u0646\u062f\u0627 \u0648\u0627\u0644\u0645\u063a\u0631\u0628 (\u0646\u0627\u0648 \u0641\u0648\u062f\u0632\u060c \u0633\u0648\u0644\u062c\u0627\u0631\u060c \u0645\u0627\u0646\u0648\u0643\u0627). \u062a\u0648\u0635\u064a\u0644 \u0633\u0631\u064a\u0639 \u0625\u0644\u0649 \u062c\u0645\u064a\u0639 \u0623\u0646\u062d\u0627\u0621 \u0627\u0644\u0645\u063a\u0631\u0628.","publisher":{"@id":"https:\/\/vitablanca.ma\/#organization"},"alternateName":"VitaBlanca.ma","potentialAction":[{"@type":"SearchAction","target":{"@type":"EntryPoint","urlTemplate":"https:\/\/vitablanca.ma\/?s={search_term_string}"},"query-input":{"@type":"PropertyValueSpecification","valueRequired":true,"valueName":"search_term_string"}}],"inLanguage":"ar"},{"@type":"Organization","@id":"https:\/\/vitablanca.ma\/#organization","name":"\u0641\u064a\u062a\u0627\u0628\u0644\u0627\u0646\u0643\u0627","url":"https:\/\/vitablanca.ma\/","logo":{"@type":"ImageObject","inLanguage":"ar","@id":"https:\/\/vitablanca.ma\/#\/schema\/logo\/image\/","url":"https:\/\/vitablanca.ma\/wp-content\/uploads\/2025\/05\/cropped-vitablanca.png","contentUrl":"https:\/\/vitablanca.ma\/wp-content\/uploads\/2025\/05\/cropped-vitablanca.png","width":360,"height":67,"caption":"VitaBlanca"},"image":{"@id":"https:\/\/vitablanca.ma\/#\/schema\/logo\/image\/"},"sameAs":["https:\/\/www.facebook.com\/profile.php?id=61576678196717","https:\/\/www.tiktok.com\/@vitablanca.ma","https:\/\/www.instagram.com\/vitablanca.ma\/"]}]}},"jetpack_sharing_enabled":true,"_links":{"self":[{"href":"https:\/\/vitablanca.ma\/ar\/wp-json\/wp\/v2\/product\/15452","targetHints":{"allow":["GET"]}}],"collection":[{"href":"https:\/\/vitablanca.ma\/ar\/wp-json\/wp\/v2\/product"}],"about":[{"href":"https:\/\/vitablanca.ma\/ar\/wp-json\/wp\/v2\/types\/product"}],"wp:featuredmedia":[{"embeddable":true,"href":"https:\/\/vitablanca.ma\/ar\/wp-json\/wp\/v2\/media\/15451"}],"wp:attachment":[{"href":"https:\/\/vitablanca.ma\/ar\/wp-json\/wp\/v2\/media?parent=15452"}],"wp:term":[{"taxonomy":"product_brand","embeddable":true,"href":"https:\/\/vitablanca.ma\/ar\/wp-json\/wp\/v2\/product_brand?post=15452"},{"taxonomy":"product_cat","embeddable":true,"href":"https:\/\/vitablanca.ma\/ar\/wp-json\/wp\/v2\/product_cat?post=15452"},{"taxonomy":"product_tag","embeddable":true,"href":"https:\/\/vitablanca.ma\/ar\/wp-json\/wp\/v2\/product_tag?post=15452"}],"curies":[{"name":"wp","href":"https:\/\/api.w.org\/{rel}","templated":true}]}}