{"id":15430,"date":"2025-06-10T15:57:56","date_gmt":"2025-06-10T15:57:56","guid":{"rendered":"https:\/\/vitablanca.ma\/product\/arnidol-sun-stick-spf50-15g\/"},"modified":"2025-06-10T15:57:56","modified_gmt":"2025-06-10T15:57:56","slug":"arnidol-sun-stick-spf50-15g","status":"publish","type":"product","link":"https:\/\/vitablanca.ma\/ar\/product-2\/arnidol-sun-stick-spf50-15g\/","title":{"rendered":"Arnidol Sun Stick SPF50+ 15g"},"content":{"rendered":"<h2 data-mce-fragment=\"1\">Arnidol Sun Stick SPF50+ <span data-mce-fragment=\"1\">hydrate les peaux sensibles en leur apportant une excellente protection contre les UVA et les UVB.<\/span><br \/>\n<\/h2>\n<p data-mce-fragment=\"1\">Arnidol\u00a0 sun associe un m\u00e9lange de fleurs d\u2019arnica et de beurre de karit\u00e9 \u00e0 des filtres solaires min\u00e9raux ayant un effet barri\u00e8re imm\u00e9diat et non absorbables par la peau. Gr\u00e2ce \u00e0 la combinaison exclusive de ces ingr\u00e9dients actifs, Arnidol\u00ae sun prot\u00e8ge et hydrate les peaux sensibles en leur apportant une excellente protection contre les UVA et les UVB.<\/p>\n<p data-mce-fragment=\"1\">\u0632\u0647\u0631\u0629 \u0627\u0644\u0639\u0637\u0627\u0633<br data-mce-fragment=\"1\">C\u2019est une plante originaire du centre et du sud de l\u2019Europe. Ses fleurs jaunes sont la partie la plus int\u00e9ressante en raison de leurs propri\u00e9t\u00e9s cutan\u00e9es. L\u2019arnica adoucit, hydrate et calme la peau.<\/p>\n<p data-mce-fragment=\"1\">L\u2019EFFET \u00c9CRAN DES FILTRES MIN\u00c9RAUXA<br data-mce-fragment=\"1\">Les filtres min\u00e9raux apportant une protection imm\u00e9diate, il est inutile d\u2019appliquer le produit 30 minutes avant. Les rayons du soleil n\u2019agresseront pas la peau de vos enfants gr\u00e2ce \u00e0 l\u2019effet \u00e9cran naturel de ces ingr\u00e9dients qui, contrairement aux filtres chimiques, ne seront pas absorb\u00e9s par la peau.<\/p>\n<p data-mce-fragment=\"1\">BEURRE DE KARIT\u00c9<br data-mce-fragment=\"1\">Le beurre de karit\u00e9 est obtenu par pression des noix d\u2019un arbre appel\u00e9 karit\u00e9. Il est utilis\u00e9 dans les cosm\u00e9tiques pour ses propri\u00e9t\u00e9s bienfaisantes. Son fort pouvoir nutritif est id\u00e9al pour les peaux d\u00e9licates des enfants.<\/p>\n<h3 data-mce-fragment=\"1\"><span data-mce-fragment=\"1\"><strong data-mce-fragment=\"1\">\u062a\u0639\u0644\u064a\u0645\u0627\u062a \u0627\u0644\u0627\u0633\u062a\u062e\u062f\u0627\u0645<\/strong><\/span><\/h3>\n<p data-mce-fragment=\"1\">Appliquer de mani\u00e8re uniforme sur les zones expos\u00e9es au soleil : visage, torse, bras, \u00e9paules .<\/p>\n<p data-mce-fragment=\"1\">Renouveler l\u2019application autant de fois que n\u00e9cessaire.<\/p>\n<p data-mce-fragment=\"1\"><b data-mce-fragment=\"1\">Arnidol sun<\/b>\u00a0est pour usage externe, il ne doit donc pas \u00eatre aval\u00e9 et tout contact avec les yeux ou les muqueuses doit \u00eatre \u00e9vit\u00e9. Arnidol Sun fournit une protection \u00e9lev\u00e9e et compl\u00e8te pour les enfants et les b\u00e9b\u00e9s, mais il est rappel\u00e9 qu\u2019une exposition excessive au soleil peut poser un risque important pour la sant\u00e9. Arnidol Sun est destin\u00e9 \u00e0 un usage p\u00e9diatrique externe. il ne doit pas \u00eatre aval\u00e9 et le contact avec les yeux ou les muqueuses doit \u00eatre \u00e9vit\u00e9.<\/p>","protected":false},"excerpt":{"rendered":"<p>Arnidol Sun Stick SPF50+ hydrate les peaux sensibles en leur apportant une excellente protection contre les UVA et les UVB. Arnidol\u00a0 sun associe un m\u00e9lange de fleurs d\u2019arnica et de beurre de karit\u00e9 \u00e0 des filtres solaires min\u00e9raux ayant un effet barri\u00e8re imm\u00e9diat et non absorbables par la peau. Gr\u00e2ce \u00e0 la combinaison exclusive de [&hellip;]<\/p>\n","protected":false},"featured_media":15429,"template":"","meta":{"om_disable_all_campaigns":false},"product_brand":[],"product_cat":[15],"product_tag":[],"class_list":{"0":"post-15430","1":"product","2":"type-product","3":"status-publish","4":"has-post-thumbnail","6":"product_cat-beaute-sante-complements-alimentaires-soins-et-bien-etre-au-meilleur-prix","8":"first","9":"instock","10":"sale","11":"taxable","12":"shipping-taxable","13":"purchasable","14":"product-type-simple"},"yoast_head":"<!-- This site is optimized with the Yoast SEO plugin v27.3 - https:\/\/yoast.com\/product\/yoast-seo-wordpress\/ -->\n<title>Arnidol Sun Stick SPF50+ 15g - Maroc Prix<\/title>\n<meta name=\"description\" content=\"Arnidol Sun Stick SPF50+ 15g\" \/>\n<meta name=\"robots\" content=\"index, follow, max-snippet:-1, max-image-preview:large, max-video-preview:-1\" \/>\n<link rel=\"canonical\" href=\"https:\/\/vitablanca.ma\/ar\/product-2\/arnidol-sun-stick-spf50-15g\/\" \/>\n<meta property=\"og:locale\" content=\"ar_AR\" \/>\n<meta property=\"og:type\" content=\"article\" \/>\n<meta property=\"og:title\" content=\"Arnidol Sun Stick SPF50+ 15g - Maroc Prix\" \/>\n<meta property=\"og:description\" content=\"Arnidol Sun Stick SPF50+ 15g\" \/>\n<meta property=\"og:url\" content=\"https:\/\/vitablanca.ma\/ar\/product-2\/arnidol-sun-stick-spf50-15g\/\" \/>\n<meta property=\"og:site_name\" content=\"Vitablanca.ma &ndash; Sant&eacute;, vitalit&eacute; et bien-&ecirc;tre pour tous les Marocains\" \/>\n<meta property=\"article:publisher\" content=\"https:\/\/www.facebook.com\/profile.php?id=61576678196717\" \/>\n<meta property=\"og:image\" content=\"https:\/\/vitablanca.ma\/wp-content\/uploads\/2025\/06\/Arnidol-Sun-Stick-SPF50_-15g-novaparapharmacie-maroc.jpg\" \/>\n\t<meta property=\"og:image:width\" content=\"1000\" \/>\n\t<meta property=\"og:image:height\" content=\"1000\" \/>\n\t<meta property=\"og:image:type\" content=\"image\/jpeg\" \/>\n<meta name=\"twitter:card\" content=\"summary_large_image\" \/>\n<meta name=\"twitter:label1\" content=\"\u0648\u0642\u062a \u0627\u0644\u0642\u0631\u0627\u0621\u0629 \u0627\u0644\u0645\u064f\u0642\u062f\u0651\u0631\" \/>\n\t<meta name=\"twitter:data1\" content=\"\u062f\u0642\u064a\u0642\u062a\u0627\u0646\" \/>\n<script type=\"application\/ld+json\" class=\"yoast-schema-graph\">{\"@context\":\"https:\\\/\\\/schema.org\",\"@graph\":[{\"@type\":[\"WebPage\",\"ItemPage\"],\"@id\":\"https:\\\/\\\/vitablanca.ma\\\/produit\\\/arnidol-sun-stick-spf50-15g\\\/\",\"url\":\"https:\\\/\\\/vitablanca.ma\\\/produit\\\/arnidol-sun-stick-spf50-15g\\\/\",\"name\":\"Arnidol Sun Stick SPF50+ 15g - Maroc Prix\",\"isPartOf\":{\"@id\":\"https:\\\/\\\/vitablanca.ma\\\/#website\"},\"primaryImageOfPage\":{\"@id\":\"https:\\\/\\\/vitablanca.ma\\\/produit\\\/arnidol-sun-stick-spf50-15g\\\/#primaryimage\"},\"image\":{\"@id\":\"https:\\\/\\\/vitablanca.ma\\\/produit\\\/arnidol-sun-stick-spf50-15g\\\/#primaryimage\"},\"thumbnailUrl\":\"https:\\\/\\\/vitablanca.ma\\\/wp-content\\\/uploads\\\/2025\\\/06\\\/Arnidol-Sun-Stick-SPF50_-15g-novaparapharmacie-maroc.jpg\",\"datePublished\":\"2025-06-10T15:57:56+00:00\",\"description\":\"Arnidol Sun Stick SPF50+ 15g\",\"breadcrumb\":{\"@id\":\"https:\\\/\\\/vitablanca.ma\\\/produit\\\/arnidol-sun-stick-spf50-15g\\\/#breadcrumb\"},\"inLanguage\":\"ar\",\"potentialAction\":[{\"@type\":\"ReadAction\",\"target\":[\"https:\\\/\\\/vitablanca.ma\\\/produit\\\/arnidol-sun-stick-spf50-15g\\\/\"]}]},{\"@type\":\"ImageObject\",\"inLanguage\":\"ar\",\"@id\":\"https:\\\/\\\/vitablanca.ma\\\/produit\\\/arnidol-sun-stick-spf50-15g\\\/#primaryimage\",\"url\":\"https:\\\/\\\/vitablanca.ma\\\/wp-content\\\/uploads\\\/2025\\\/06\\\/Arnidol-Sun-Stick-SPF50_-15g-novaparapharmacie-maroc.jpg\",\"contentUrl\":\"https:\\\/\\\/vitablanca.ma\\\/wp-content\\\/uploads\\\/2025\\\/06\\\/Arnidol-Sun-Stick-SPF50_-15g-novaparapharmacie-maroc.jpg\",\"width\":1000,\"height\":1000},{\"@type\":\"BreadcrumbList\",\"@id\":\"https:\\\/\\\/vitablanca.ma\\\/produit\\\/arnidol-sun-stick-spf50-15g\\\/#breadcrumb\",\"itemListElement\":[{\"@type\":\"ListItem\",\"position\":1,\"name\":\"Home\",\"item\":\"https:\\\/\\\/vitablanca.ma\\\/\"},{\"@type\":\"ListItem\",\"position\":2,\"name\":\"Tous Les Produits\",\"item\":\"https:\\\/\\\/vitablanca.ma\\\/tous-les-produits\\\/\"},{\"@type\":\"ListItem\",\"position\":3,\"name\":\"Arnidol Sun Stick SPF50+ 15g\"}]},{\"@type\":\"WebSite\",\"@id\":\"https:\\\/\\\/vitablanca.ma\\\/#website\",\"url\":\"https:\\\/\\\/vitablanca.ma\\\/\",\"name\":\"VitaBlanca.ma | Compl\u00e9ments alimentaires, sant\u00e9 & beaut\u00e9 au Maroc\",\"description\":\"vendre vitamines et compl\u00e9ments premium des USA &amp; Canada, Nouvelle Z\u00e9lande,Maroc (NOW Foods, Solgar, Manuka). Livraison rapide partout au Maroc.\",\"publisher\":{\"@id\":\"https:\\\/\\\/vitablanca.ma\\\/#organization\"},\"alternateName\":\"VitaBlanca.ma\",\"potentialAction\":[{\"@type\":\"SearchAction\",\"target\":{\"@type\":\"EntryPoint\",\"urlTemplate\":\"https:\\\/\\\/vitablanca.ma\\\/?s={search_term_string}\"},\"query-input\":{\"@type\":\"PropertyValueSpecification\",\"valueRequired\":true,\"valueName\":\"search_term_string\"}}],\"inLanguage\":\"ar\"},{\"@type\":\"Organization\",\"@id\":\"https:\\\/\\\/vitablanca.ma\\\/#organization\",\"name\":\"VitaBlanca\",\"url\":\"https:\\\/\\\/vitablanca.ma\\\/\",\"logo\":{\"@type\":\"ImageObject\",\"inLanguage\":\"ar\",\"@id\":\"https:\\\/\\\/vitablanca.ma\\\/#\\\/schema\\\/logo\\\/image\\\/\",\"url\":\"https:\\\/\\\/vitablanca.ma\\\/wp-content\\\/uploads\\\/2025\\\/05\\\/cropped-vitablanca.png\",\"contentUrl\":\"https:\\\/\\\/vitablanca.ma\\\/wp-content\\\/uploads\\\/2025\\\/05\\\/cropped-vitablanca.png\",\"width\":360,\"height\":67,\"caption\":\"VitaBlanca\"},\"image\":{\"@id\":\"https:\\\/\\\/vitablanca.ma\\\/#\\\/schema\\\/logo\\\/image\\\/\"},\"sameAs\":[\"https:\\\/\\\/www.facebook.com\\\/profile.php?id=61576678196717\",\"https:\\\/\\\/www.tiktok.com\\\/@vitablanca.ma\",\"https:\\\/\\\/www.instagram.com\\\/vitablanca.ma\\\/\"]}]}<\/script>\n<!-- \/ Yoast SEO plugin. -->","yoast_head_json":{"title":"Arnidol Sun Stick SPF50+ 15g - Maroc Prix","description":"Arnidol Sun Stick SPF50+ 15g","robots":{"index":"index","follow":"follow","max-snippet":"max-snippet:-1","max-image-preview":"max-image-preview:large","max-video-preview":"max-video-preview:-1"},"canonical":"https:\/\/vitablanca.ma\/ar\/product-2\/arnidol-sun-stick-spf50-15g\/","og_locale":"ar_AR","og_type":"article","og_title":"Arnidol Sun Stick SPF50+ 15g - Maroc Prix","og_description":"Arnidol Sun Stick SPF50+ 15g","og_url":"https:\/\/vitablanca.ma\/ar\/product-2\/arnidol-sun-stick-spf50-15g\/","og_site_name":"Vitablanca.ma &ndash; Sant&eacute;, vitalit&eacute; et bien-&ecirc;tre pour tous les Marocains","article_publisher":"https:\/\/www.facebook.com\/profile.php?id=61576678196717","og_image":[{"width":1000,"height":1000,"url":"https:\/\/vitablanca.ma\/wp-content\/uploads\/2025\/06\/Arnidol-Sun-Stick-SPF50_-15g-novaparapharmacie-maroc.jpg","type":"image\/jpeg"}],"twitter_card":"summary_large_image","twitter_misc":{"\u0648\u0642\u062a \u0627\u0644\u0642\u0631\u0627\u0621\u0629 \u0627\u0644\u0645\u064f\u0642\u062f\u0651\u0631":"\u062f\u0642\u064a\u0642\u062a\u0627\u0646"},"schema":{"@context":"https:\/\/schema.org","@graph":[{"@type":["WebPage","ItemPage"],"@id":"https:\/\/vitablanca.ma\/produit\/arnidol-sun-stick-spf50-15g\/","url":"https:\/\/vitablanca.ma\/produit\/arnidol-sun-stick-spf50-15g\/","name":"Arnidol Sun Stick SPF50+ 15g - Maroc Prix","isPartOf":{"@id":"https:\/\/vitablanca.ma\/#website"},"primaryImageOfPage":{"@id":"https:\/\/vitablanca.ma\/produit\/arnidol-sun-stick-spf50-15g\/#primaryimage"},"image":{"@id":"https:\/\/vitablanca.ma\/produit\/arnidol-sun-stick-spf50-15g\/#primaryimage"},"thumbnailUrl":"https:\/\/vitablanca.ma\/wp-content\/uploads\/2025\/06\/Arnidol-Sun-Stick-SPF50_-15g-novaparapharmacie-maroc.jpg","datePublished":"2025-06-10T15:57:56+00:00","description":"Arnidol Sun Stick SPF50+ 15g","breadcrumb":{"@id":"https:\/\/vitablanca.ma\/produit\/arnidol-sun-stick-spf50-15g\/#breadcrumb"},"inLanguage":"ar","potentialAction":[{"@type":"ReadAction","target":["https:\/\/vitablanca.ma\/produit\/arnidol-sun-stick-spf50-15g\/"]}]},{"@type":"ImageObject","inLanguage":"ar","@id":"https:\/\/vitablanca.ma\/produit\/arnidol-sun-stick-spf50-15g\/#primaryimage","url":"https:\/\/vitablanca.ma\/wp-content\/uploads\/2025\/06\/Arnidol-Sun-Stick-SPF50_-15g-novaparapharmacie-maroc.jpg","contentUrl":"https:\/\/vitablanca.ma\/wp-content\/uploads\/2025\/06\/Arnidol-Sun-Stick-SPF50_-15g-novaparapharmacie-maroc.jpg","width":1000,"height":1000},{"@type":"BreadcrumbList","@id":"https:\/\/vitablanca.ma\/produit\/arnidol-sun-stick-spf50-15g\/#breadcrumb","itemListElement":[{"@type":"ListItem","position":1,"name":"Home","item":"https:\/\/vitablanca.ma\/"},{"@type":"ListItem","position":2,"name":"Tous Les Produits","item":"https:\/\/vitablanca.ma\/tous-les-produits\/"},{"@type":"ListItem","position":3,"name":"Arnidol Sun Stick SPF50+ 15g"}]},{"@type":"WebSite","@id":"https:\/\/vitablanca.ma\/#website","url":"https:\/\/vitablanca.ma\/","name":"VitaBlanca.ma | \u0627\u0644\u0645\u0643\u0645\u0644\u0627\u062a \u0627\u0644\u063a\u0630\u0627\u0626\u064a\u0629\u060c \u0627\u0644\u0635\u062d\u0629 \u0648\u0627\u0644\u062c\u0645\u0627\u0644 \u0641\u064a \u0627\u0644\u0645\u063a\u0631\u0628","description":"\u0646\u0628\u064a\u0639 \u0641\u064a\u062a\u0627\u0645\u064a\u0646\u0627\u062a \u0648\u0645\u0643\u0645\u0644\u0627\u062a \u063a\u0630\u0627\u0626\u064a\u0629 \u0641\u0627\u062e\u0631\u0629 \u0645\u0646 \u0627\u0644\u0648\u0644\u0627\u064a\u0627\u062a \u0627\u0644\u0645\u062a\u062d\u062f\u0629 \u0627\u0644\u0623\u0645\u0631\u064a\u0643\u064a\u0629 \u0648\u0643\u0646\u062f\u0627 \u0648\u0646\u064a\u0648\u0632\u064a\u0644\u0646\u062f\u0627 \u0648\u0627\u0644\u0645\u063a\u0631\u0628 (\u0646\u0627\u0648 \u0641\u0648\u062f\u0632\u060c \u0633\u0648\u0644\u062c\u0627\u0631\u060c \u0645\u0627\u0646\u0648\u0643\u0627). \u062a\u0648\u0635\u064a\u0644 \u0633\u0631\u064a\u0639 \u0625\u0644\u0649 \u062c\u0645\u064a\u0639 \u0623\u0646\u062d\u0627\u0621 \u0627\u0644\u0645\u063a\u0631\u0628.","publisher":{"@id":"https:\/\/vitablanca.ma\/#organization"},"alternateName":"VitaBlanca.ma","potentialAction":[{"@type":"SearchAction","target":{"@type":"EntryPoint","urlTemplate":"https:\/\/vitablanca.ma\/?s={search_term_string}"},"query-input":{"@type":"PropertyValueSpecification","valueRequired":true,"valueName":"search_term_string"}}],"inLanguage":"ar"},{"@type":"Organization","@id":"https:\/\/vitablanca.ma\/#organization","name":"\u0641\u064a\u062a\u0627\u0628\u0644\u0627\u0646\u0643\u0627","url":"https:\/\/vitablanca.ma\/","logo":{"@type":"ImageObject","inLanguage":"ar","@id":"https:\/\/vitablanca.ma\/#\/schema\/logo\/image\/","url":"https:\/\/vitablanca.ma\/wp-content\/uploads\/2025\/05\/cropped-vitablanca.png","contentUrl":"https:\/\/vitablanca.ma\/wp-content\/uploads\/2025\/05\/cropped-vitablanca.png","width":360,"height":67,"caption":"VitaBlanca"},"image":{"@id":"https:\/\/vitablanca.ma\/#\/schema\/logo\/image\/"},"sameAs":["https:\/\/www.facebook.com\/profile.php?id=61576678196717","https:\/\/www.tiktok.com\/@vitablanca.ma","https:\/\/www.instagram.com\/vitablanca.ma\/"]}]}},"jetpack_sharing_enabled":true,"_links":{"self":[{"href":"https:\/\/vitablanca.ma\/ar\/wp-json\/wp\/v2\/product\/15430","targetHints":{"allow":["GET"]}}],"collection":[{"href":"https:\/\/vitablanca.ma\/ar\/wp-json\/wp\/v2\/product"}],"about":[{"href":"https:\/\/vitablanca.ma\/ar\/wp-json\/wp\/v2\/types\/product"}],"wp:featuredmedia":[{"embeddable":true,"href":"https:\/\/vitablanca.ma\/ar\/wp-json\/wp\/v2\/media\/15429"}],"wp:attachment":[{"href":"https:\/\/vitablanca.ma\/ar\/wp-json\/wp\/v2\/media?parent=15430"}],"wp:term":[{"taxonomy":"product_brand","embeddable":true,"href":"https:\/\/vitablanca.ma\/ar\/wp-json\/wp\/v2\/product_brand?post=15430"},{"taxonomy":"product_cat","embeddable":true,"href":"https:\/\/vitablanca.ma\/ar\/wp-json\/wp\/v2\/product_cat?post=15430"},{"taxonomy":"product_tag","embeddable":true,"href":"https:\/\/vitablanca.ma\/ar\/wp-json\/wp\/v2\/product_tag?post=15430"}],"curies":[{"name":"wp","href":"https:\/\/api.w.org\/{rel}","templated":true}]}}