{"id":15426,"date":"2025-06-10T15:57:37","date_gmt":"2025-06-10T15:57:37","guid":{"rendered":"https:\/\/vitablanca.ma\/product\/aloe-fresh-dentifrice-sensitive-100ml\/"},"modified":"2025-06-10T15:57:37","modified_gmt":"2025-06-10T15:57:37","slug":"aloe-fresh-dentifrice-sensitive-100ml","status":"publish","type":"product","link":"https:\/\/vitablanca.ma\/ar\/product-2\/aloe-fresh-dentifrice-sensitive-100ml\/","title":{"rendered":"Aloe Fresh Dentifrice Sensitive 100ml"},"content":{"rendered":"<h2>Aloe Fresh Dentifrice Sensitive\u00a0<span data-mce-fragment=\"1\">contient une combinaison unique d\u2019ingr\u00e9dients naturels\u00a0 pour les dents\u00a0<\/span><br \/>\n<\/h2>\n<p><span>Dentifrice gel d\u2019origine naturelle \u00e0 action RETARD, contient une combinaison unique d\u2019ingr\u00e9dients naturels\u00a0 pour les dents et les gencives sensibles. L\u2019action RETARD est due \u00e0 la pr\u00e9sence de Carboxym\u00e9thylchitosane, dont l\u2019utilit\u00e9 dans la pr\u00e9vention du tartre et des caries a \u00e9t\u00e9 d\u00e9montr\u00e9e par de r\u00e9centes \u00e9tudes. L\u2019action tampon, en restant sur les gencives et les dents, maintient son effet durant 5 heures minimum, le temps moyen qui s\u2019\u00e9coule entre deux lavages des dents.\u00a0<\/span><\/p>\n<h3><span>Les ingr\u00e9dients utiles pour lutter contre la carie dentaire et le tartre<\/span><\/h3>\n<p><span>Aloe Fresh Sensitive contient de l\u2019Aloe Vera, avec une action apaisante et anti-inflammatoire sur les gencives et sur le palais. L\u2019huile d\u2019arbre \u00e0 th\u00e9 permet une meilleure protection de la cavit\u00e9 buccale gr\u00e2ce \u00e0 son action antiseptique et antibact\u00e9rienne. Le xylitol est un \u00e9dulcorant non cariog\u00e8ne d\u2019origine naturelle qui n\u2019est pas ferment\u00e9 par les bact\u00e9ries de la cavit\u00e9 buccale et donc ne permet pas la formation d\u2019acides qui corrodent l\u2019\u00e9mail. Une solution id\u00e9ale pour ceux qui souhaitent prot\u00e9ger les dents et les gencives avec des produits non agressifs qui respectent la sensibilit\u00e9 de la bouche.<\/span><\/p>\n<h3><span>\u0637\u0631\u064a\u0642\u0629 \u0627\u0644\u0627\u0633\u062a\u062e\u062f\u0627\u0645<\/span><\/h3>\n<p><span>brosser soigneusement les dents pendant 1 minute au moins apr\u00e8s chaque repas.<\/span><\/p>\n<h3><span>\u0645\u0643\u0648\u0646\u0627\u062a<\/span><\/h3>\n<p><span> GLYCERIN, HYDRATED SILICA, SORBITOL, AQUA, SODIUM LAUROYL SARCOSINATE, CARBOXYMETHYL CHITOSAN, MENTHA ARVENSIS LEAF OIL, XANTHAN GUM, ALOE BARBADENSIS LEAF, BETULA ALBA LEAF EXTRACT, ARCTIUM LAPPA ROOT EXTRACT, KRAMERIA TRIANDRA ROOT EXTRACT, POTENTILLA ERECTA ROOT EXTRACT, MENTHOL, CITRUS AURANTIUM DULCIS FRUIT EXTACT, MELALEUCA ALTERNIFOLIA LEAF OIL, PHENOXYETHANOL, POTASSIUM SORBATE, XYLITOL, CITRIC ACID, CI 75810, LIMONENE <\/span><\/p>","protected":false},"excerpt":{"rendered":"<p>Aloe Fresh Dentifrice Sensitive\u00a0contient une combinaison unique d\u2019ingr\u00e9dients naturels\u00a0 pour les dents\u00a0 Dentifrice gel d\u2019origine naturelle \u00e0 action RETARD, contient une combinaison unique d\u2019ingr\u00e9dients naturels\u00a0 pour les dents et les gencives sensibles. L\u2019action RETARD est due \u00e0 la pr\u00e9sence de Carboxym\u00e9thylchitosane, dont l\u2019utilit\u00e9 dans la pr\u00e9vention du tartre et des caries a \u00e9t\u00e9 d\u00e9montr\u00e9e par [&hellip;]<\/p>\n","protected":false},"featured_media":15425,"template":"","meta":{"om_disable_all_campaigns":false},"product_brand":[],"product_cat":[15],"product_tag":[],"class_list":{"0":"post-15426","1":"product","2":"type-product","3":"status-publish","4":"has-post-thumbnail","6":"product_cat-beaute-sante-complements-alimentaires-soins-et-bien-etre-au-meilleur-prix","8":"first","9":"instock","10":"sale","11":"taxable","12":"shipping-taxable","13":"purchasable","14":"product-type-simple"},"yoast_head":"<!-- This site is optimized with the Yoast SEO plugin v27.5 - https:\/\/yoast.com\/product\/yoast-seo-wordpress\/ -->\n<title>Aloe Fresh Dentifrice Sensitive 100ml - Maroc Prix<\/title>\n<meta name=\"description\" content=\"Aloe Fresh Dentifrice Sensitive 100ml\" \/>\n<meta name=\"robots\" content=\"index, follow, max-snippet:-1, max-image-preview:large, max-video-preview:-1\" \/>\n<link rel=\"canonical\" href=\"https:\/\/vitablanca.ma\/ar\/product-2\/aloe-fresh-dentifrice-sensitive-100ml\/\" \/>\n<meta property=\"og:locale\" content=\"ar_AR\" \/>\n<meta property=\"og:type\" content=\"article\" \/>\n<meta property=\"og:title\" content=\"Aloe Fresh Dentifrice Sensitive 100ml - Maroc Prix\" \/>\n<meta property=\"og:description\" content=\"Aloe Fresh Dentifrice Sensitive 100ml\" \/>\n<meta property=\"og:url\" content=\"https:\/\/vitablanca.ma\/ar\/product-2\/aloe-fresh-dentifrice-sensitive-100ml\/\" \/>\n<meta property=\"og:site_name\" content=\"Vitablanca.ma &ndash; Sant&eacute;, vitalit&eacute; et bien-&ecirc;tre pour tous les Marocains\" \/>\n<meta property=\"article:publisher\" content=\"https:\/\/www.facebook.com\/profile.php?id=61576678196717\" \/>\n<meta property=\"og:image\" content=\"https:\/\/vitablanca.ma\/wp-content\/uploads\/2025\/06\/Aloe-Fresh-Dentifrice-Sensitive-100ml-nova-parapharmacie-maroc.jpg\" \/>\n\t<meta property=\"og:image:width\" content=\"1000\" \/>\n\t<meta property=\"og:image:height\" content=\"1000\" \/>\n\t<meta property=\"og:image:type\" content=\"image\/jpeg\" \/>\n<meta name=\"twitter:card\" content=\"summary_large_image\" \/>\n<meta name=\"twitter:label1\" content=\"\u0648\u0642\u062a \u0627\u0644\u0642\u0631\u0627\u0621\u0629 \u0627\u0644\u0645\u064f\u0642\u062f\u0651\u0631\" \/>\n\t<meta name=\"twitter:data1\" content=\"\u062f\u0642\u064a\u0642\u0629 \u0648\u0627\u062d\u062f\u0629\" \/>\n<script type=\"application\/ld+json\" class=\"yoast-schema-graph\">{\"@context\":\"https:\\\/\\\/schema.org\",\"@graph\":[{\"@type\":[\"WebPage\",\"ItemPage\"],\"@id\":\"https:\\\/\\\/vitablanca.ma\\\/produit\\\/aloe-fresh-dentifrice-sensitive-100ml\\\/\",\"url\":\"https:\\\/\\\/vitablanca.ma\\\/produit\\\/aloe-fresh-dentifrice-sensitive-100ml\\\/\",\"name\":\"Aloe Fresh Dentifrice Sensitive 100ml - Maroc Prix\",\"isPartOf\":{\"@id\":\"https:\\\/\\\/vitablanca.ma\\\/#website\"},\"primaryImageOfPage\":{\"@id\":\"https:\\\/\\\/vitablanca.ma\\\/produit\\\/aloe-fresh-dentifrice-sensitive-100ml\\\/#primaryimage\"},\"image\":{\"@id\":\"https:\\\/\\\/vitablanca.ma\\\/produit\\\/aloe-fresh-dentifrice-sensitive-100ml\\\/#primaryimage\"},\"thumbnailUrl\":\"https:\\\/\\\/vitablanca.ma\\\/wp-content\\\/uploads\\\/2025\\\/06\\\/Aloe-Fresh-Dentifrice-Sensitive-100ml-nova-parapharmacie-maroc.jpg\",\"datePublished\":\"2025-06-10T15:57:37+00:00\",\"description\":\"Aloe Fresh Dentifrice Sensitive 100ml\",\"breadcrumb\":{\"@id\":\"https:\\\/\\\/vitablanca.ma\\\/produit\\\/aloe-fresh-dentifrice-sensitive-100ml\\\/#breadcrumb\"},\"inLanguage\":\"ar\",\"potentialAction\":[{\"@type\":\"ReadAction\",\"target\":[\"https:\\\/\\\/vitablanca.ma\\\/produit\\\/aloe-fresh-dentifrice-sensitive-100ml\\\/\"]}]},{\"@type\":\"ImageObject\",\"inLanguage\":\"ar\",\"@id\":\"https:\\\/\\\/vitablanca.ma\\\/produit\\\/aloe-fresh-dentifrice-sensitive-100ml\\\/#primaryimage\",\"url\":\"https:\\\/\\\/vitablanca.ma\\\/wp-content\\\/uploads\\\/2025\\\/06\\\/Aloe-Fresh-Dentifrice-Sensitive-100ml-nova-parapharmacie-maroc.jpg\",\"contentUrl\":\"https:\\\/\\\/vitablanca.ma\\\/wp-content\\\/uploads\\\/2025\\\/06\\\/Aloe-Fresh-Dentifrice-Sensitive-100ml-nova-parapharmacie-maroc.jpg\",\"width\":1000,\"height\":1000},{\"@type\":\"BreadcrumbList\",\"@id\":\"https:\\\/\\\/vitablanca.ma\\\/produit\\\/aloe-fresh-dentifrice-sensitive-100ml\\\/#breadcrumb\",\"itemListElement\":[{\"@type\":\"ListItem\",\"position\":1,\"name\":\"Home\",\"item\":\"https:\\\/\\\/vitablanca.ma\\\/\"},{\"@type\":\"ListItem\",\"position\":2,\"name\":\"Tous Les Produits\",\"item\":\"https:\\\/\\\/vitablanca.ma\\\/tous-les-produits\\\/\"},{\"@type\":\"ListItem\",\"position\":3,\"name\":\"Aloe Fresh Dentifrice Sensitive 100ml\"}]},{\"@type\":\"WebSite\",\"@id\":\"https:\\\/\\\/vitablanca.ma\\\/#website\",\"url\":\"https:\\\/\\\/vitablanca.ma\\\/\",\"name\":\"VitaBlanca.ma | Compl\u00e9ments alimentaires, sant\u00e9 & beaut\u00e9 au Maroc\",\"description\":\"vendre vitamines et compl\u00e9ments premium des USA &amp; Canada, Nouvelle Z\u00e9lande,Maroc (NOW Foods, Solgar, Manuka). Livraison rapide partout au Maroc.\",\"publisher\":{\"@id\":\"https:\\\/\\\/vitablanca.ma\\\/#organization\"},\"alternateName\":\"VitaBlanca.ma\",\"potentialAction\":[{\"@type\":\"SearchAction\",\"target\":{\"@type\":\"EntryPoint\",\"urlTemplate\":\"https:\\\/\\\/vitablanca.ma\\\/?s={search_term_string}\"},\"query-input\":{\"@type\":\"PropertyValueSpecification\",\"valueRequired\":true,\"valueName\":\"search_term_string\"}}],\"inLanguage\":\"ar\"},{\"@type\":\"Organization\",\"@id\":\"https:\\\/\\\/vitablanca.ma\\\/#organization\",\"name\":\"VitaBlanca\",\"url\":\"https:\\\/\\\/vitablanca.ma\\\/\",\"logo\":{\"@type\":\"ImageObject\",\"inLanguage\":\"ar\",\"@id\":\"https:\\\/\\\/vitablanca.ma\\\/#\\\/schema\\\/logo\\\/image\\\/\",\"url\":\"https:\\\/\\\/vitablanca.ma\\\/wp-content\\\/uploads\\\/2025\\\/05\\\/cropped-vitablanca.png\",\"contentUrl\":\"https:\\\/\\\/vitablanca.ma\\\/wp-content\\\/uploads\\\/2025\\\/05\\\/cropped-vitablanca.png\",\"width\":360,\"height\":67,\"caption\":\"VitaBlanca\"},\"image\":{\"@id\":\"https:\\\/\\\/vitablanca.ma\\\/#\\\/schema\\\/logo\\\/image\\\/\"},\"sameAs\":[\"https:\\\/\\\/www.facebook.com\\\/profile.php?id=61576678196717\",\"https:\\\/\\\/www.tiktok.com\\\/@vitablanca.ma\",\"https:\\\/\\\/www.instagram.com\\\/vitablanca.ma\\\/\"]}]}<\/script>\n<!-- \/ Yoast SEO plugin. -->","yoast_head_json":{"title":"Aloe Fresh Dentifrice Sensitive 100ml - Maroc Prix","description":"Aloe Fresh Dentifrice Sensitive 100ml","robots":{"index":"index","follow":"follow","max-snippet":"max-snippet:-1","max-image-preview":"max-image-preview:large","max-video-preview":"max-video-preview:-1"},"canonical":"https:\/\/vitablanca.ma\/ar\/product-2\/aloe-fresh-dentifrice-sensitive-100ml\/","og_locale":"ar_AR","og_type":"article","og_title":"Aloe Fresh Dentifrice Sensitive 100ml - Maroc Prix","og_description":"Aloe Fresh Dentifrice Sensitive 100ml","og_url":"https:\/\/vitablanca.ma\/ar\/product-2\/aloe-fresh-dentifrice-sensitive-100ml\/","og_site_name":"Vitablanca.ma &ndash; Sant&eacute;, vitalit&eacute; et bien-&ecirc;tre pour tous les Marocains","article_publisher":"https:\/\/www.facebook.com\/profile.php?id=61576678196717","og_image":[{"width":1000,"height":1000,"url":"https:\/\/vitablanca.ma\/wp-content\/uploads\/2025\/06\/Aloe-Fresh-Dentifrice-Sensitive-100ml-nova-parapharmacie-maroc.jpg","type":"image\/jpeg"}],"twitter_card":"summary_large_image","twitter_misc":{"\u0648\u0642\u062a \u0627\u0644\u0642\u0631\u0627\u0621\u0629 \u0627\u0644\u0645\u064f\u0642\u062f\u0651\u0631":"\u062f\u0642\u064a\u0642\u0629 \u0648\u0627\u062d\u062f\u0629"},"schema":{"@context":"https:\/\/schema.org","@graph":[{"@type":["WebPage","ItemPage"],"@id":"https:\/\/vitablanca.ma\/produit\/aloe-fresh-dentifrice-sensitive-100ml\/","url":"https:\/\/vitablanca.ma\/produit\/aloe-fresh-dentifrice-sensitive-100ml\/","name":"Aloe Fresh Dentifrice Sensitive 100ml - Maroc Prix","isPartOf":{"@id":"https:\/\/vitablanca.ma\/#website"},"primaryImageOfPage":{"@id":"https:\/\/vitablanca.ma\/produit\/aloe-fresh-dentifrice-sensitive-100ml\/#primaryimage"},"image":{"@id":"https:\/\/vitablanca.ma\/produit\/aloe-fresh-dentifrice-sensitive-100ml\/#primaryimage"},"thumbnailUrl":"https:\/\/vitablanca.ma\/wp-content\/uploads\/2025\/06\/Aloe-Fresh-Dentifrice-Sensitive-100ml-nova-parapharmacie-maroc.jpg","datePublished":"2025-06-10T15:57:37+00:00","description":"Aloe Fresh Dentifrice Sensitive 100ml","breadcrumb":{"@id":"https:\/\/vitablanca.ma\/produit\/aloe-fresh-dentifrice-sensitive-100ml\/#breadcrumb"},"inLanguage":"ar","potentialAction":[{"@type":"ReadAction","target":["https:\/\/vitablanca.ma\/produit\/aloe-fresh-dentifrice-sensitive-100ml\/"]}]},{"@type":"ImageObject","inLanguage":"ar","@id":"https:\/\/vitablanca.ma\/produit\/aloe-fresh-dentifrice-sensitive-100ml\/#primaryimage","url":"https:\/\/vitablanca.ma\/wp-content\/uploads\/2025\/06\/Aloe-Fresh-Dentifrice-Sensitive-100ml-nova-parapharmacie-maroc.jpg","contentUrl":"https:\/\/vitablanca.ma\/wp-content\/uploads\/2025\/06\/Aloe-Fresh-Dentifrice-Sensitive-100ml-nova-parapharmacie-maroc.jpg","width":1000,"height":1000},{"@type":"BreadcrumbList","@id":"https:\/\/vitablanca.ma\/produit\/aloe-fresh-dentifrice-sensitive-100ml\/#breadcrumb","itemListElement":[{"@type":"ListItem","position":1,"name":"Home","item":"https:\/\/vitablanca.ma\/"},{"@type":"ListItem","position":2,"name":"Tous Les Produits","item":"https:\/\/vitablanca.ma\/tous-les-produits\/"},{"@type":"ListItem","position":3,"name":"Aloe Fresh Dentifrice Sensitive 100ml"}]},{"@type":"WebSite","@id":"https:\/\/vitablanca.ma\/#website","url":"https:\/\/vitablanca.ma\/","name":"VitaBlanca.ma | \u0627\u0644\u0645\u0643\u0645\u0644\u0627\u062a \u0627\u0644\u063a\u0630\u0627\u0626\u064a\u0629\u060c \u0627\u0644\u0635\u062d\u0629 \u0648\u0627\u0644\u062c\u0645\u0627\u0644 \u0641\u064a \u0627\u0644\u0645\u063a\u0631\u0628","description":"\u0646\u0628\u064a\u0639 \u0641\u064a\u062a\u0627\u0645\u064a\u0646\u0627\u062a \u0648\u0645\u0643\u0645\u0644\u0627\u062a \u063a\u0630\u0627\u0626\u064a\u0629 \u0641\u0627\u062e\u0631\u0629 \u0645\u0646 \u0627\u0644\u0648\u0644\u0627\u064a\u0627\u062a \u0627\u0644\u0645\u062a\u062d\u062f\u0629 \u0627\u0644\u0623\u0645\u0631\u064a\u0643\u064a\u0629 \u0648\u0643\u0646\u062f\u0627 \u0648\u0646\u064a\u0648\u0632\u064a\u0644\u0646\u062f\u0627 \u0648\u0627\u0644\u0645\u063a\u0631\u0628 (\u0646\u0627\u0648 \u0641\u0648\u062f\u0632\u060c \u0633\u0648\u0644\u062c\u0627\u0631\u060c \u0645\u0627\u0646\u0648\u0643\u0627). \u062a\u0648\u0635\u064a\u0644 \u0633\u0631\u064a\u0639 \u0625\u0644\u0649 \u062c\u0645\u064a\u0639 \u0623\u0646\u062d\u0627\u0621 \u0627\u0644\u0645\u063a\u0631\u0628.","publisher":{"@id":"https:\/\/vitablanca.ma\/#organization"},"alternateName":"VitaBlanca.ma","potentialAction":[{"@type":"SearchAction","target":{"@type":"EntryPoint","urlTemplate":"https:\/\/vitablanca.ma\/?s={search_term_string}"},"query-input":{"@type":"PropertyValueSpecification","valueRequired":true,"valueName":"search_term_string"}}],"inLanguage":"ar"},{"@type":"Organization","@id":"https:\/\/vitablanca.ma\/#organization","name":"\u0641\u064a\u062a\u0627\u0628\u0644\u0627\u0646\u0643\u0627","url":"https:\/\/vitablanca.ma\/","logo":{"@type":"ImageObject","inLanguage":"ar","@id":"https:\/\/vitablanca.ma\/#\/schema\/logo\/image\/","url":"https:\/\/vitablanca.ma\/wp-content\/uploads\/2025\/05\/cropped-vitablanca.png","contentUrl":"https:\/\/vitablanca.ma\/wp-content\/uploads\/2025\/05\/cropped-vitablanca.png","width":360,"height":67,"caption":"VitaBlanca"},"image":{"@id":"https:\/\/vitablanca.ma\/#\/schema\/logo\/image\/"},"sameAs":["https:\/\/www.facebook.com\/profile.php?id=61576678196717","https:\/\/www.tiktok.com\/@vitablanca.ma","https:\/\/www.instagram.com\/vitablanca.ma\/"]}]}},"jetpack_sharing_enabled":true,"_links":{"self":[{"href":"https:\/\/vitablanca.ma\/ar\/wp-json\/wp\/v2\/product\/15426","targetHints":{"allow":["GET"]}}],"collection":[{"href":"https:\/\/vitablanca.ma\/ar\/wp-json\/wp\/v2\/product"}],"about":[{"href":"https:\/\/vitablanca.ma\/ar\/wp-json\/wp\/v2\/types\/product"}],"wp:featuredmedia":[{"embeddable":true,"href":"https:\/\/vitablanca.ma\/ar\/wp-json\/wp\/v2\/media\/15425"}],"wp:attachment":[{"href":"https:\/\/vitablanca.ma\/ar\/wp-json\/wp\/v2\/media?parent=15426"}],"wp:term":[{"taxonomy":"product_brand","embeddable":true,"href":"https:\/\/vitablanca.ma\/ar\/wp-json\/wp\/v2\/product_brand?post=15426"},{"taxonomy":"product_cat","embeddable":true,"href":"https:\/\/vitablanca.ma\/ar\/wp-json\/wp\/v2\/product_cat?post=15426"},{"taxonomy":"product_tag","embeddable":true,"href":"https:\/\/vitablanca.ma\/ar\/wp-json\/wp\/v2\/product_tag?post=15426"}],"curies":[{"name":"wp","href":"https:\/\/api.w.org\/{rel}","templated":true}]}}