{"id":15424,"date":"2025-06-10T15:57:34","date_gmt":"2025-06-10T15:57:34","guid":{"rendered":"https:\/\/vitablanca.ma\/product\/aloe-fresh-dent-gel-whitening-100ml\/"},"modified":"2025-06-10T15:57:34","modified_gmt":"2025-06-10T15:57:34","slug":"aloe-fresh-dent-gel-whitening-100ml","status":"publish","type":"product","link":"https:\/\/vitablanca.ma\/ar\/product-2\/aloe-fresh-dent-gel-whitening-100ml\/","title":{"rendered":"Aloe Fresh Dent Gel Whitening 100ml"},"content":{"rendered":"<h2><span data-mce-fragment=\"1\">Aloe Fresh Dent Gel Whitening\u00a0contient une combinaison unique d\u2019ingr\u00e9dients naturels\u00a0 \u00e0 l\u2019action blanchissante<\/span><\/h2>\n<p><span data-mce-fragment=\"1\">Dentifrice gel d\u2019origine naturelle \u00e0 action RETARD, qui contient une combinaison unique d\u2019ingr\u00e9dients naturels\u00a0 \u00e0 l\u2019action blanchissante et \u00e9claircissante, pour un sourire naturellement plus blanc. Contient de l\u2019Aloe Vera, qui permet une protection totale de la cavit\u00e9 buccale contre les bact\u00e9ries et les germes, aidant \u00e0 garder les dents saines et favorisant l\u2019\u00e9limination de la charge bact\u00e9rienne dans la bouche.<\/span><\/p>\n<h3><span data-mce-fragment=\"1\">Des dents blanches et une protection efficace<\/span><\/h3>\n<p><span data-mce-fragment=\"1\">L\u2019action RETARD est due \u00e0 la pr\u00e9sence de carboxym\u00e9thylchitosane, dont l\u2019utilit\u00e9 dans la pr\u00e9vention du tartre et des caries a \u00e9t\u00e9 d\u00e9montr\u00e9e par de r\u00e9centes \u00e9tudes. L\u2019action tampon, en restant sur les gencives et les dents, maintient son effet durant 5 heures minimum, le temps moyen qui s\u2019\u00e9coule entre deux lavages des dents. Le Xylitol est un \u00e9dulcorant d\u2019origine naturelle, non cariog\u00e8ne, qui a la particularit\u00e9 de ne pas \u00eatre ferment\u00e9 par les bact\u00e9ries de la cavit\u00e9 buccale et donc d\u2019emp\u00eacher la formation des acides corrosifs pour l\u2019\u00e9mail.<\/span><\/p>\n<h3><span data-mce-fragment=\"1\">\u0637\u0631\u064a\u0642\u0629 \u0627\u0644\u0627\u0633\u062a\u062e\u062f\u0627\u0645<\/span><\/h3>\n<p><span data-mce-fragment=\"1\">Brosser soigneusement les dents pendant 1 minute au moins apr\u00e8s chaque repas.<\/span><\/p>\n<h3><span data-mce-fragment=\"1\">\u0645\u0643\u0648\u0646\u0627\u062a<\/span><\/h3>\n<p><span data-mce-fragment=\"1\"> GLYCERIN, HYDRATED SILICA, SORBITOL, AQUA, SODIUM LAUROYL SARCOSINATE, CARBOXYMETHYL CHITOSAN, MENTHA ARVENSIS LEAF OIL, XANTHAN GUM, ALOE BARBADENSIS LEAF, CETRARIA ISLANDICA EXTRACT, AESCULUS HIPPOCASTANUM BARK EXTRACT, TILIA CORDATA FLOWER EXTRACT, MENTHOL, MELALEUCA ALTERNIFOLIA LEAF OIL, PHENOXYETHANOL, POTASSIUM SORBATE, XYLITOL, CITRIC ACID, CI 75810, LIMONENE. <\/span><\/p>","protected":false},"excerpt":{"rendered":"<p>Aloe Fresh Dent Gel Whitening\u00a0contient une combinaison unique d\u2019ingr\u00e9dients naturels\u00a0 \u00e0 l\u2019action blanchissante Dentifrice gel d\u2019origine naturelle \u00e0 action RETARD, qui contient une combinaison unique d\u2019ingr\u00e9dients naturels\u00a0 \u00e0 l\u2019action blanchissante et \u00e9claircissante, pour un sourire naturellement plus blanc. Contient de l\u2019Aloe Vera, qui permet une protection totale de la cavit\u00e9 buccale contre les bact\u00e9ries et [&hellip;]<\/p>\n","protected":false},"featured_media":15423,"template":"","meta":{"om_disable_all_campaigns":false},"product_brand":[],"product_cat":[15],"product_tag":[],"class_list":{"0":"post-15424","1":"product","2":"type-product","3":"status-publish","4":"has-post-thumbnail","6":"product_cat-beaute-sante-complements-alimentaires-soins-et-bien-etre-au-meilleur-prix","8":"first","9":"instock","10":"sale","11":"taxable","12":"shipping-taxable","13":"purchasable","14":"product-type-simple"},"yoast_head":"<!-- This site is optimized with the Yoast SEO plugin v27.5 - https:\/\/yoast.com\/product\/yoast-seo-wordpress\/ -->\n<title>Aloe Fresh Dent Gel Whitening 100ml - Maroc Prix<\/title>\n<meta name=\"description\" content=\"Aloe Fresh Dent Gel Whitening 100ml\" \/>\n<meta name=\"robots\" content=\"index, follow, max-snippet:-1, max-image-preview:large, max-video-preview:-1\" \/>\n<link rel=\"canonical\" href=\"https:\/\/vitablanca.ma\/ar\/product-2\/aloe-fresh-dent-gel-whitening-100ml\/\" \/>\n<meta property=\"og:locale\" content=\"ar_AR\" \/>\n<meta property=\"og:type\" content=\"article\" \/>\n<meta property=\"og:title\" content=\"Aloe Fresh Dent Gel Whitening 100ml - Maroc Prix\" \/>\n<meta property=\"og:description\" content=\"Aloe Fresh Dent Gel Whitening 100ml\" \/>\n<meta property=\"og:url\" content=\"https:\/\/vitablanca.ma\/ar\/product-2\/aloe-fresh-dent-gel-whitening-100ml\/\" \/>\n<meta property=\"og:site_name\" content=\"Vitablanca.ma &ndash; Sant&eacute;, vitalit&eacute; et bien-&ecirc;tre pour tous les Marocains\" \/>\n<meta property=\"article:publisher\" content=\"https:\/\/www.facebook.com\/profile.php?id=61576678196717\" \/>\n<meta property=\"og:image\" content=\"https:\/\/vitablanca.ma\/wp-content\/uploads\/2025\/06\/Aloe-Fresh-Dent-Gel-Whitening-100ml-nova-parapharmacie-maroc.jpg\" \/>\n\t<meta property=\"og:image:width\" content=\"1000\" \/>\n\t<meta property=\"og:image:height\" content=\"1000\" \/>\n\t<meta property=\"og:image:type\" content=\"image\/jpeg\" \/>\n<meta name=\"twitter:card\" content=\"summary_large_image\" \/>\n<meta name=\"twitter:label1\" content=\"\u0648\u0642\u062a \u0627\u0644\u0642\u0631\u0627\u0621\u0629 \u0627\u0644\u0645\u064f\u0642\u062f\u0651\u0631\" \/>\n\t<meta name=\"twitter:data1\" content=\"\u062f\u0642\u064a\u0642\u0629 \u0648\u0627\u062d\u062f\u0629\" \/>\n<script type=\"application\/ld+json\" class=\"yoast-schema-graph\">{\"@context\":\"https:\\\/\\\/schema.org\",\"@graph\":[{\"@type\":[\"WebPage\",\"ItemPage\"],\"@id\":\"https:\\\/\\\/vitablanca.ma\\\/produit\\\/aloe-fresh-dent-gel-whitening-100ml\\\/\",\"url\":\"https:\\\/\\\/vitablanca.ma\\\/produit\\\/aloe-fresh-dent-gel-whitening-100ml\\\/\",\"name\":\"Aloe Fresh Dent Gel Whitening 100ml - Maroc Prix\",\"isPartOf\":{\"@id\":\"https:\\\/\\\/vitablanca.ma\\\/#website\"},\"primaryImageOfPage\":{\"@id\":\"https:\\\/\\\/vitablanca.ma\\\/produit\\\/aloe-fresh-dent-gel-whitening-100ml\\\/#primaryimage\"},\"image\":{\"@id\":\"https:\\\/\\\/vitablanca.ma\\\/produit\\\/aloe-fresh-dent-gel-whitening-100ml\\\/#primaryimage\"},\"thumbnailUrl\":\"https:\\\/\\\/vitablanca.ma\\\/wp-content\\\/uploads\\\/2025\\\/06\\\/Aloe-Fresh-Dent-Gel-Whitening-100ml-nova-parapharmacie-maroc.jpg\",\"datePublished\":\"2025-06-10T15:57:34+00:00\",\"description\":\"Aloe Fresh Dent Gel Whitening 100ml\",\"breadcrumb\":{\"@id\":\"https:\\\/\\\/vitablanca.ma\\\/produit\\\/aloe-fresh-dent-gel-whitening-100ml\\\/#breadcrumb\"},\"inLanguage\":\"ar\",\"potentialAction\":[{\"@type\":\"ReadAction\",\"target\":[\"https:\\\/\\\/vitablanca.ma\\\/produit\\\/aloe-fresh-dent-gel-whitening-100ml\\\/\"]}]},{\"@type\":\"ImageObject\",\"inLanguage\":\"ar\",\"@id\":\"https:\\\/\\\/vitablanca.ma\\\/produit\\\/aloe-fresh-dent-gel-whitening-100ml\\\/#primaryimage\",\"url\":\"https:\\\/\\\/vitablanca.ma\\\/wp-content\\\/uploads\\\/2025\\\/06\\\/Aloe-Fresh-Dent-Gel-Whitening-100ml-nova-parapharmacie-maroc.jpg\",\"contentUrl\":\"https:\\\/\\\/vitablanca.ma\\\/wp-content\\\/uploads\\\/2025\\\/06\\\/Aloe-Fresh-Dent-Gel-Whitening-100ml-nova-parapharmacie-maroc.jpg\",\"width\":1000,\"height\":1000},{\"@type\":\"BreadcrumbList\",\"@id\":\"https:\\\/\\\/vitablanca.ma\\\/produit\\\/aloe-fresh-dent-gel-whitening-100ml\\\/#breadcrumb\",\"itemListElement\":[{\"@type\":\"ListItem\",\"position\":1,\"name\":\"Home\",\"item\":\"https:\\\/\\\/vitablanca.ma\\\/\"},{\"@type\":\"ListItem\",\"position\":2,\"name\":\"Tous Les Produits\",\"item\":\"https:\\\/\\\/vitablanca.ma\\\/tous-les-produits\\\/\"},{\"@type\":\"ListItem\",\"position\":3,\"name\":\"Aloe Fresh Dent Gel Whitening 100ml\"}]},{\"@type\":\"WebSite\",\"@id\":\"https:\\\/\\\/vitablanca.ma\\\/#website\",\"url\":\"https:\\\/\\\/vitablanca.ma\\\/\",\"name\":\"VitaBlanca.ma | Compl\u00e9ments alimentaires, sant\u00e9 & beaut\u00e9 au Maroc\",\"description\":\"vendre vitamines et compl\u00e9ments premium des USA &amp; Canada, Nouvelle Z\u00e9lande,Maroc (NOW Foods, Solgar, Manuka). Livraison rapide partout au Maroc.\",\"publisher\":{\"@id\":\"https:\\\/\\\/vitablanca.ma\\\/#organization\"},\"alternateName\":\"VitaBlanca.ma\",\"potentialAction\":[{\"@type\":\"SearchAction\",\"target\":{\"@type\":\"EntryPoint\",\"urlTemplate\":\"https:\\\/\\\/vitablanca.ma\\\/?s={search_term_string}\"},\"query-input\":{\"@type\":\"PropertyValueSpecification\",\"valueRequired\":true,\"valueName\":\"search_term_string\"}}],\"inLanguage\":\"ar\"},{\"@type\":\"Organization\",\"@id\":\"https:\\\/\\\/vitablanca.ma\\\/#organization\",\"name\":\"VitaBlanca\",\"url\":\"https:\\\/\\\/vitablanca.ma\\\/\",\"logo\":{\"@type\":\"ImageObject\",\"inLanguage\":\"ar\",\"@id\":\"https:\\\/\\\/vitablanca.ma\\\/#\\\/schema\\\/logo\\\/image\\\/\",\"url\":\"https:\\\/\\\/vitablanca.ma\\\/wp-content\\\/uploads\\\/2025\\\/05\\\/cropped-vitablanca.png\",\"contentUrl\":\"https:\\\/\\\/vitablanca.ma\\\/wp-content\\\/uploads\\\/2025\\\/05\\\/cropped-vitablanca.png\",\"width\":360,\"height\":67,\"caption\":\"VitaBlanca\"},\"image\":{\"@id\":\"https:\\\/\\\/vitablanca.ma\\\/#\\\/schema\\\/logo\\\/image\\\/\"},\"sameAs\":[\"https:\\\/\\\/www.facebook.com\\\/profile.php?id=61576678196717\",\"https:\\\/\\\/www.tiktok.com\\\/@vitablanca.ma\",\"https:\\\/\\\/www.instagram.com\\\/vitablanca.ma\\\/\"]}]}<\/script>\n<!-- \/ Yoast SEO plugin. -->","yoast_head_json":{"title":"Aloe Fresh Dent Gel Whitening 100ml - Maroc Prix","description":"Aloe Fresh Dent Gel Whitening 100ml","robots":{"index":"index","follow":"follow","max-snippet":"max-snippet:-1","max-image-preview":"max-image-preview:large","max-video-preview":"max-video-preview:-1"},"canonical":"https:\/\/vitablanca.ma\/ar\/product-2\/aloe-fresh-dent-gel-whitening-100ml\/","og_locale":"ar_AR","og_type":"article","og_title":"Aloe Fresh Dent Gel Whitening 100ml - Maroc Prix","og_description":"Aloe Fresh Dent Gel Whitening 100ml","og_url":"https:\/\/vitablanca.ma\/ar\/product-2\/aloe-fresh-dent-gel-whitening-100ml\/","og_site_name":"Vitablanca.ma &ndash; Sant&eacute;, vitalit&eacute; et bien-&ecirc;tre pour tous les Marocains","article_publisher":"https:\/\/www.facebook.com\/profile.php?id=61576678196717","og_image":[{"width":1000,"height":1000,"url":"https:\/\/vitablanca.ma\/wp-content\/uploads\/2025\/06\/Aloe-Fresh-Dent-Gel-Whitening-100ml-nova-parapharmacie-maroc.jpg","type":"image\/jpeg"}],"twitter_card":"summary_large_image","twitter_misc":{"\u0648\u0642\u062a \u0627\u0644\u0642\u0631\u0627\u0621\u0629 \u0627\u0644\u0645\u064f\u0642\u062f\u0651\u0631":"\u062f\u0642\u064a\u0642\u0629 \u0648\u0627\u062d\u062f\u0629"},"schema":{"@context":"https:\/\/schema.org","@graph":[{"@type":["WebPage","ItemPage"],"@id":"https:\/\/vitablanca.ma\/produit\/aloe-fresh-dent-gel-whitening-100ml\/","url":"https:\/\/vitablanca.ma\/produit\/aloe-fresh-dent-gel-whitening-100ml\/","name":"Aloe Fresh Dent Gel Whitening 100ml - Maroc Prix","isPartOf":{"@id":"https:\/\/vitablanca.ma\/#website"},"primaryImageOfPage":{"@id":"https:\/\/vitablanca.ma\/produit\/aloe-fresh-dent-gel-whitening-100ml\/#primaryimage"},"image":{"@id":"https:\/\/vitablanca.ma\/produit\/aloe-fresh-dent-gel-whitening-100ml\/#primaryimage"},"thumbnailUrl":"https:\/\/vitablanca.ma\/wp-content\/uploads\/2025\/06\/Aloe-Fresh-Dent-Gel-Whitening-100ml-nova-parapharmacie-maroc.jpg","datePublished":"2025-06-10T15:57:34+00:00","description":"Aloe Fresh Dent Gel Whitening 100ml","breadcrumb":{"@id":"https:\/\/vitablanca.ma\/produit\/aloe-fresh-dent-gel-whitening-100ml\/#breadcrumb"},"inLanguage":"ar","potentialAction":[{"@type":"ReadAction","target":["https:\/\/vitablanca.ma\/produit\/aloe-fresh-dent-gel-whitening-100ml\/"]}]},{"@type":"ImageObject","inLanguage":"ar","@id":"https:\/\/vitablanca.ma\/produit\/aloe-fresh-dent-gel-whitening-100ml\/#primaryimage","url":"https:\/\/vitablanca.ma\/wp-content\/uploads\/2025\/06\/Aloe-Fresh-Dent-Gel-Whitening-100ml-nova-parapharmacie-maroc.jpg","contentUrl":"https:\/\/vitablanca.ma\/wp-content\/uploads\/2025\/06\/Aloe-Fresh-Dent-Gel-Whitening-100ml-nova-parapharmacie-maroc.jpg","width":1000,"height":1000},{"@type":"BreadcrumbList","@id":"https:\/\/vitablanca.ma\/produit\/aloe-fresh-dent-gel-whitening-100ml\/#breadcrumb","itemListElement":[{"@type":"ListItem","position":1,"name":"Home","item":"https:\/\/vitablanca.ma\/"},{"@type":"ListItem","position":2,"name":"Tous Les Produits","item":"https:\/\/vitablanca.ma\/tous-les-produits\/"},{"@type":"ListItem","position":3,"name":"Aloe Fresh Dent Gel Whitening 100ml"}]},{"@type":"WebSite","@id":"https:\/\/vitablanca.ma\/#website","url":"https:\/\/vitablanca.ma\/","name":"VitaBlanca.ma | \u0627\u0644\u0645\u0643\u0645\u0644\u0627\u062a \u0627\u0644\u063a\u0630\u0627\u0626\u064a\u0629\u060c \u0627\u0644\u0635\u062d\u0629 \u0648\u0627\u0644\u062c\u0645\u0627\u0644 \u0641\u064a \u0627\u0644\u0645\u063a\u0631\u0628","description":"\u0646\u0628\u064a\u0639 \u0641\u064a\u062a\u0627\u0645\u064a\u0646\u0627\u062a \u0648\u0645\u0643\u0645\u0644\u0627\u062a \u063a\u0630\u0627\u0626\u064a\u0629 \u0641\u0627\u062e\u0631\u0629 \u0645\u0646 \u0627\u0644\u0648\u0644\u0627\u064a\u0627\u062a \u0627\u0644\u0645\u062a\u062d\u062f\u0629 \u0627\u0644\u0623\u0645\u0631\u064a\u0643\u064a\u0629 \u0648\u0643\u0646\u062f\u0627 \u0648\u0646\u064a\u0648\u0632\u064a\u0644\u0646\u062f\u0627 \u0648\u0627\u0644\u0645\u063a\u0631\u0628 (\u0646\u0627\u0648 \u0641\u0648\u062f\u0632\u060c \u0633\u0648\u0644\u062c\u0627\u0631\u060c \u0645\u0627\u0646\u0648\u0643\u0627). \u062a\u0648\u0635\u064a\u0644 \u0633\u0631\u064a\u0639 \u0625\u0644\u0649 \u062c\u0645\u064a\u0639 \u0623\u0646\u062d\u0627\u0621 \u0627\u0644\u0645\u063a\u0631\u0628.","publisher":{"@id":"https:\/\/vitablanca.ma\/#organization"},"alternateName":"VitaBlanca.ma","potentialAction":[{"@type":"SearchAction","target":{"@type":"EntryPoint","urlTemplate":"https:\/\/vitablanca.ma\/?s={search_term_string}"},"query-input":{"@type":"PropertyValueSpecification","valueRequired":true,"valueName":"search_term_string"}}],"inLanguage":"ar"},{"@type":"Organization","@id":"https:\/\/vitablanca.ma\/#organization","name":"\u0641\u064a\u062a\u0627\u0628\u0644\u0627\u0646\u0643\u0627","url":"https:\/\/vitablanca.ma\/","logo":{"@type":"ImageObject","inLanguage":"ar","@id":"https:\/\/vitablanca.ma\/#\/schema\/logo\/image\/","url":"https:\/\/vitablanca.ma\/wp-content\/uploads\/2025\/05\/cropped-vitablanca.png","contentUrl":"https:\/\/vitablanca.ma\/wp-content\/uploads\/2025\/05\/cropped-vitablanca.png","width":360,"height":67,"caption":"VitaBlanca"},"image":{"@id":"https:\/\/vitablanca.ma\/#\/schema\/logo\/image\/"},"sameAs":["https:\/\/www.facebook.com\/profile.php?id=61576678196717","https:\/\/www.tiktok.com\/@vitablanca.ma","https:\/\/www.instagram.com\/vitablanca.ma\/"]}]}},"jetpack_sharing_enabled":true,"_links":{"self":[{"href":"https:\/\/vitablanca.ma\/ar\/wp-json\/wp\/v2\/product\/15424","targetHints":{"allow":["GET"]}}],"collection":[{"href":"https:\/\/vitablanca.ma\/ar\/wp-json\/wp\/v2\/product"}],"about":[{"href":"https:\/\/vitablanca.ma\/ar\/wp-json\/wp\/v2\/types\/product"}],"wp:featuredmedia":[{"embeddable":true,"href":"https:\/\/vitablanca.ma\/ar\/wp-json\/wp\/v2\/media\/15423"}],"wp:attachment":[{"href":"https:\/\/vitablanca.ma\/ar\/wp-json\/wp\/v2\/media?parent=15424"}],"wp:term":[{"taxonomy":"product_brand","embeddable":true,"href":"https:\/\/vitablanca.ma\/ar\/wp-json\/wp\/v2\/product_brand?post=15424"},{"taxonomy":"product_cat","embeddable":true,"href":"https:\/\/vitablanca.ma\/ar\/wp-json\/wp\/v2\/product_cat?post=15424"},{"taxonomy":"product_tag","embeddable":true,"href":"https:\/\/vitablanca.ma\/ar\/wp-json\/wp\/v2\/product_tag?post=15424"}],"curies":[{"name":"wp","href":"https:\/\/api.w.org\/{rel}","templated":true}]}}