{"id":15420,"date":"2025-06-10T15:57:20","date_gmt":"2025-06-10T15:57:20","guid":{"rendered":"https:\/\/vitablanca.ma\/product\/acm-sensitelial-lotion-micellaire\/"},"modified":"2025-06-10T15:57:20","modified_gmt":"2025-06-10T15:57:20","slug":"acm-sensitelial-lotion-micellaire","status":"publish","type":"product","link":"https:\/\/vitablanca.ma\/ar\/product-2\/acm-sensitelial-lotion-micellaire\/","title":{"rendered":"\u0644\u0648\u0634\u0646 \u0645\u064a\u0633\u064a\u0644\u0627\u0631 \u0645\u0646 ACM Sensit\u00e9lial"},"content":{"rendered":"<h2 class=\"p1\" data-mce-fragment=\"1\"><span class=\"s1\" data-mce-fragment=\"1\"><strong data-mce-fragment=\"1\">\u0644\u0648\u0634\u0646 \u0645\u064a\u0633\u064a\u0644\u0627\u0631 \u0645\u0646 ACM Sensit\u00e9lial <span data-mce-fragment=\"1\">\u00e9limine en douceur le d\u00e9maquillage et toutes les impuret\u00e9s du visage et des yeux.<\/span><\/strong><\/span><\/h2>\n<p class=\"p1\" data-mce-fragment=\"1\"><span class=\"s1\" data-mce-fragment=\"1\"><strong data-mce-fragment=\"1\">NETTOYANT DOUX QUOTIDIEN.\u00a0NETTOIE ET D\u00c9MAQUILLE EN UN GESTE LES PEAUX LES PLUS SENSIBLES ET S\u00c8CHES. SANS RIN\u00c7<\/strong><strong data-mce-fragment=\"1\">AGE.<\/strong><\/span><\/p>\n<p class=\"p1\" data-mce-fragment=\"1\"><span class=\"s1\" data-mce-fragment=\"1\">La lotion micellaire aux tensio-actifs doux organis\u00e9s en un tr\u00e8s grand nombre de petites micelles \u00e9limine en douceur le d\u00e9maquillage et toutes les impuret\u00e9s du visage et des yeux. Elle combine 2 atouts majeurs permettant de respecter les peaux les plus d\u00e9licates : elle ne se rince pas (le contact avec l\u2019eau calcaire est souvent trop agressif pour les peaux sensibles) et contient deux agents hydratants synergiques qui laissent la peau confortable et apais\u00e9e.<\/span><\/p>\n<h3 class=\"p1\" data-mce-fragment=\"1\"><span class=\"s1\" data-mce-fragment=\"1\">\u064a\u0633\u062a\u062e\u062f\u0645<\/span><\/h3>\n<div class=\"row\">\n<div class=\"col-md-7\">\n<div class=\"product-information\">\n<ul class=\"extra_tips\">\n<li>\n<div id=\"conseils\" class=\"collapse show\">\n<div>\n<p>Appliquer la lotion micellaire Sensit\u00e9lial \u00e0 l\u2019aide d\u2019un coton matin et soir sur le visage et le cou. Sans rin\u00e7age.<\/p>\n<\/div>\n<\/div>\n<\/li>\n<\/ul>\n<\/div>\n<\/div>\n<\/div>","protected":false},"excerpt":{"rendered":"<p>Acm Sensit\u00e9lial Lotion Micellaire \u00e9limine en douceur le d\u00e9maquillage et toutes les impuret\u00e9s du visage et des yeux. NETTOYANT DOUX QUOTIDIEN.\u00a0NETTOIE ET D\u00c9MAQUILLE EN UN GESTE LES PEAUX LES PLUS SENSIBLES ET S\u00c8CHES. SANS RIN\u00c7AGE. La lotion micellaire aux tensio-actifs doux organis\u00e9s en un tr\u00e8s grand nombre de petites micelles \u00e9limine en douceur le d\u00e9maquillage [&hellip;]<\/p>\n","protected":false},"featured_media":15418,"template":"","meta":{"om_disable_all_campaigns":false},"product_brand":[],"product_cat":[15],"product_tag":[],"class_list":{"0":"post-15420","1":"product","2":"type-product","3":"status-publish","4":"has-post-thumbnail","6":"product_cat-beaute-sante-complements-alimentaires-soins-et-bien-etre-au-meilleur-prix","8":"first","9":"instock","10":"sale","11":"taxable","12":"shipping-taxable","13":"purchasable","14":"product-type-variable"},"yoast_head":"<!-- This site is optimized with the Yoast SEO plugin v27.5 - https:\/\/yoast.com\/product\/yoast-seo-wordpress\/ -->\n<title>Acm Sensit\u00e9lial Lotion Micellaire - Maroc Prix<\/title>\n<meta name=\"description\" content=\"Acm Sensit\u00e9lial Lotion Micellaire\" \/>\n<meta name=\"robots\" content=\"index, follow, max-snippet:-1, max-image-preview:large, max-video-preview:-1\" \/>\n<link rel=\"canonical\" href=\"https:\/\/vitablanca.ma\/ar\/product-2\/acm-sensitelial-lotion-micellaire\/\" \/>\n<meta property=\"og:locale\" content=\"ar_AR\" \/>\n<meta property=\"og:type\" content=\"article\" \/>\n<meta property=\"og:title\" content=\"Acm Sensit\u00e9lial Lotion Micellaire - Maroc Prix\" \/>\n<meta property=\"og:description\" content=\"Acm Sensit\u00e9lial Lotion Micellaire\" \/>\n<meta property=\"og:url\" content=\"https:\/\/vitablanca.ma\/ar\/product-2\/acm-sensitelial-lotion-micellaire\/\" \/>\n<meta property=\"og:site_name\" content=\"Vitablanca.ma &ndash; Sant&eacute;, vitalit&eacute; et bien-&ecirc;tre pour tous les Marocains\" \/>\n<meta property=\"article:publisher\" content=\"https:\/\/www.facebook.com\/profile.php?id=61576678196717\" \/>\n<meta property=\"og:image\" content=\"https:\/\/vitablanca.ma\/wp-content\/uploads\/2025\/06\/Acm-Sensitelial-Lotion-Micellaire-250ml-nova-parapharmacie-maroc.jpg\" \/>\n\t<meta property=\"og:image:width\" content=\"1000\" \/>\n\t<meta property=\"og:image:height\" content=\"1000\" \/>\n\t<meta property=\"og:image:type\" content=\"image\/jpeg\" \/>\n<meta name=\"twitter:card\" content=\"summary_large_image\" \/>\n<meta name=\"twitter:label1\" content=\"\u0648\u0642\u062a \u0627\u0644\u0642\u0631\u0627\u0621\u0629 \u0627\u0644\u0645\u064f\u0642\u062f\u0651\u0631\" \/>\n\t<meta name=\"twitter:data1\" content=\"\u062f\u0642\u064a\u0642\u0629 \u0648\u0627\u062d\u062f\u0629\" \/>\n<script type=\"application\/ld+json\" class=\"yoast-schema-graph\">{\"@context\":\"https:\\\/\\\/schema.org\",\"@graph\":[{\"@type\":[\"WebPage\",\"ItemPage\"],\"@id\":\"https:\\\/\\\/vitablanca.ma\\\/produit\\\/acm-sensitelial-lotion-micellaire\\\/\",\"url\":\"https:\\\/\\\/vitablanca.ma\\\/produit\\\/acm-sensitelial-lotion-micellaire\\\/\",\"name\":\"Acm Sensit\u00e9lial Lotion Micellaire - Maroc Prix\",\"isPartOf\":{\"@id\":\"https:\\\/\\\/vitablanca.ma\\\/#website\"},\"primaryImageOfPage\":{\"@id\":\"https:\\\/\\\/vitablanca.ma\\\/produit\\\/acm-sensitelial-lotion-micellaire\\\/#primaryimage\"},\"image\":{\"@id\":\"https:\\\/\\\/vitablanca.ma\\\/produit\\\/acm-sensitelial-lotion-micellaire\\\/#primaryimage\"},\"thumbnailUrl\":\"https:\\\/\\\/vitablanca.ma\\\/wp-content\\\/uploads\\\/2025\\\/06\\\/Acm-Sensitelial-Lotion-Micellaire-250ml-nova-parapharmacie-maroc.jpg\",\"datePublished\":\"2025-06-10T15:57:20+00:00\",\"description\":\"Acm Sensit\u00e9lial Lotion Micellaire\",\"breadcrumb\":{\"@id\":\"https:\\\/\\\/vitablanca.ma\\\/produit\\\/acm-sensitelial-lotion-micellaire\\\/#breadcrumb\"},\"inLanguage\":\"ar\",\"potentialAction\":[{\"@type\":\"ReadAction\",\"target\":[\"https:\\\/\\\/vitablanca.ma\\\/produit\\\/acm-sensitelial-lotion-micellaire\\\/\"]}]},{\"@type\":\"ImageObject\",\"inLanguage\":\"ar\",\"@id\":\"https:\\\/\\\/vitablanca.ma\\\/produit\\\/acm-sensitelial-lotion-micellaire\\\/#primaryimage\",\"url\":\"https:\\\/\\\/vitablanca.ma\\\/wp-content\\\/uploads\\\/2025\\\/06\\\/Acm-Sensitelial-Lotion-Micellaire-250ml-nova-parapharmacie-maroc.jpg\",\"contentUrl\":\"https:\\\/\\\/vitablanca.ma\\\/wp-content\\\/uploads\\\/2025\\\/06\\\/Acm-Sensitelial-Lotion-Micellaire-250ml-nova-parapharmacie-maroc.jpg\",\"width\":1000,\"height\":1000},{\"@type\":\"BreadcrumbList\",\"@id\":\"https:\\\/\\\/vitablanca.ma\\\/produit\\\/acm-sensitelial-lotion-micellaire\\\/#breadcrumb\",\"itemListElement\":[{\"@type\":\"ListItem\",\"position\":1,\"name\":\"Home\",\"item\":\"https:\\\/\\\/vitablanca.ma\\\/\"},{\"@type\":\"ListItem\",\"position\":2,\"name\":\"Tous Les Produits\",\"item\":\"https:\\\/\\\/vitablanca.ma\\\/tous-les-produits\\\/\"},{\"@type\":\"ListItem\",\"position\":3,\"name\":\"Acm Sensit\u00e9lial Lotion Micellaire\"}]},{\"@type\":\"WebSite\",\"@id\":\"https:\\\/\\\/vitablanca.ma\\\/#website\",\"url\":\"https:\\\/\\\/vitablanca.ma\\\/\",\"name\":\"VitaBlanca.ma | Compl\u00e9ments alimentaires, sant\u00e9 & beaut\u00e9 au Maroc\",\"description\":\"vendre vitamines et compl\u00e9ments premium des USA &amp; Canada, Nouvelle Z\u00e9lande,Maroc (NOW Foods, Solgar, Manuka). Livraison rapide partout au Maroc.\",\"publisher\":{\"@id\":\"https:\\\/\\\/vitablanca.ma\\\/#organization\"},\"alternateName\":\"VitaBlanca.ma\",\"potentialAction\":[{\"@type\":\"SearchAction\",\"target\":{\"@type\":\"EntryPoint\",\"urlTemplate\":\"https:\\\/\\\/vitablanca.ma\\\/?s={search_term_string}\"},\"query-input\":{\"@type\":\"PropertyValueSpecification\",\"valueRequired\":true,\"valueName\":\"search_term_string\"}}],\"inLanguage\":\"ar\"},{\"@type\":\"Organization\",\"@id\":\"https:\\\/\\\/vitablanca.ma\\\/#organization\",\"name\":\"VitaBlanca\",\"url\":\"https:\\\/\\\/vitablanca.ma\\\/\",\"logo\":{\"@type\":\"ImageObject\",\"inLanguage\":\"ar\",\"@id\":\"https:\\\/\\\/vitablanca.ma\\\/#\\\/schema\\\/logo\\\/image\\\/\",\"url\":\"https:\\\/\\\/vitablanca.ma\\\/wp-content\\\/uploads\\\/2025\\\/05\\\/cropped-vitablanca.png\",\"contentUrl\":\"https:\\\/\\\/vitablanca.ma\\\/wp-content\\\/uploads\\\/2025\\\/05\\\/cropped-vitablanca.png\",\"width\":360,\"height\":67,\"caption\":\"VitaBlanca\"},\"image\":{\"@id\":\"https:\\\/\\\/vitablanca.ma\\\/#\\\/schema\\\/logo\\\/image\\\/\"},\"sameAs\":[\"https:\\\/\\\/www.facebook.com\\\/profile.php?id=61576678196717\",\"https:\\\/\\\/www.tiktok.com\\\/@vitablanca.ma\",\"https:\\\/\\\/www.instagram.com\\\/vitablanca.ma\\\/\"]}]}<\/script>\n<!-- \/ Yoast SEO plugin. -->","yoast_head_json":{"title":"Acm Sensit\u00e9lial Lotion Micellaire - Maroc Prix","description":"\u0644\u0648\u0634\u0646 \u0645\u064a\u0633\u064a\u0644\u0627\u0631 \u0645\u0646 ACM Sensit\u00e9lial","robots":{"index":"index","follow":"follow","max-snippet":"max-snippet:-1","max-image-preview":"max-image-preview:large","max-video-preview":"max-video-preview:-1"},"canonical":"https:\/\/vitablanca.ma\/ar\/product-2\/acm-sensitelial-lotion-micellaire\/","og_locale":"ar_AR","og_type":"article","og_title":"Acm Sensit\u00e9lial Lotion Micellaire - Maroc Prix","og_description":"Acm Sensit\u00e9lial Lotion Micellaire","og_url":"https:\/\/vitablanca.ma\/ar\/product-2\/acm-sensitelial-lotion-micellaire\/","og_site_name":"Vitablanca.ma &ndash; Sant&eacute;, vitalit&eacute; et bien-&ecirc;tre pour tous les Marocains","article_publisher":"https:\/\/www.facebook.com\/profile.php?id=61576678196717","og_image":[{"width":1000,"height":1000,"url":"https:\/\/vitablanca.ma\/wp-content\/uploads\/2025\/06\/Acm-Sensitelial-Lotion-Micellaire-250ml-nova-parapharmacie-maroc.jpg","type":"image\/jpeg"}],"twitter_card":"summary_large_image","twitter_misc":{"\u0648\u0642\u062a \u0627\u0644\u0642\u0631\u0627\u0621\u0629 \u0627\u0644\u0645\u064f\u0642\u062f\u0651\u0631":"\u062f\u0642\u064a\u0642\u0629 \u0648\u0627\u062d\u062f\u0629"},"schema":{"@context":"https:\/\/schema.org","@graph":[{"@type":["WebPage","ItemPage"],"@id":"https:\/\/vitablanca.ma\/produit\/acm-sensitelial-lotion-micellaire\/","url":"https:\/\/vitablanca.ma\/produit\/acm-sensitelial-lotion-micellaire\/","name":"Acm Sensit\u00e9lial Lotion Micellaire - Maroc Prix","isPartOf":{"@id":"https:\/\/vitablanca.ma\/#website"},"primaryImageOfPage":{"@id":"https:\/\/vitablanca.ma\/produit\/acm-sensitelial-lotion-micellaire\/#primaryimage"},"image":{"@id":"https:\/\/vitablanca.ma\/produit\/acm-sensitelial-lotion-micellaire\/#primaryimage"},"thumbnailUrl":"https:\/\/vitablanca.ma\/wp-content\/uploads\/2025\/06\/Acm-Sensitelial-Lotion-Micellaire-250ml-nova-parapharmacie-maroc.jpg","datePublished":"2025-06-10T15:57:20+00:00","description":"\u0644\u0648\u0634\u0646 \u0645\u064a\u0633\u064a\u0644\u0627\u0631 \u0645\u0646 ACM Sensit\u00e9lial","breadcrumb":{"@id":"https:\/\/vitablanca.ma\/produit\/acm-sensitelial-lotion-micellaire\/#breadcrumb"},"inLanguage":"ar","potentialAction":[{"@type":"ReadAction","target":["https:\/\/vitablanca.ma\/produit\/acm-sensitelial-lotion-micellaire\/"]}]},{"@type":"ImageObject","inLanguage":"ar","@id":"https:\/\/vitablanca.ma\/produit\/acm-sensitelial-lotion-micellaire\/#primaryimage","url":"https:\/\/vitablanca.ma\/wp-content\/uploads\/2025\/06\/Acm-Sensitelial-Lotion-Micellaire-250ml-nova-parapharmacie-maroc.jpg","contentUrl":"https:\/\/vitablanca.ma\/wp-content\/uploads\/2025\/06\/Acm-Sensitelial-Lotion-Micellaire-250ml-nova-parapharmacie-maroc.jpg","width":1000,"height":1000},{"@type":"BreadcrumbList","@id":"https:\/\/vitablanca.ma\/produit\/acm-sensitelial-lotion-micellaire\/#breadcrumb","itemListElement":[{"@type":"ListItem","position":1,"name":"Home","item":"https:\/\/vitablanca.ma\/"},{"@type":"ListItem","position":2,"name":"Tous Les Produits","item":"https:\/\/vitablanca.ma\/tous-les-produits\/"},{"@type":"ListItem","position":3,"name":"Acm Sensit\u00e9lial Lotion Micellaire"}]},{"@type":"WebSite","@id":"https:\/\/vitablanca.ma\/#website","url":"https:\/\/vitablanca.ma\/","name":"VitaBlanca.ma | \u0627\u0644\u0645\u0643\u0645\u0644\u0627\u062a \u0627\u0644\u063a\u0630\u0627\u0626\u064a\u0629\u060c \u0627\u0644\u0635\u062d\u0629 \u0648\u0627\u0644\u062c\u0645\u0627\u0644 \u0641\u064a \u0627\u0644\u0645\u063a\u0631\u0628","description":"\u0646\u0628\u064a\u0639 \u0641\u064a\u062a\u0627\u0645\u064a\u0646\u0627\u062a \u0648\u0645\u0643\u0645\u0644\u0627\u062a \u063a\u0630\u0627\u0626\u064a\u0629 \u0641\u0627\u062e\u0631\u0629 \u0645\u0646 \u0627\u0644\u0648\u0644\u0627\u064a\u0627\u062a \u0627\u0644\u0645\u062a\u062d\u062f\u0629 \u0627\u0644\u0623\u0645\u0631\u064a\u0643\u064a\u0629 \u0648\u0643\u0646\u062f\u0627 \u0648\u0646\u064a\u0648\u0632\u064a\u0644\u0646\u062f\u0627 \u0648\u0627\u0644\u0645\u063a\u0631\u0628 (\u0646\u0627\u0648 \u0641\u0648\u062f\u0632\u060c \u0633\u0648\u0644\u062c\u0627\u0631\u060c \u0645\u0627\u0646\u0648\u0643\u0627). \u062a\u0648\u0635\u064a\u0644 \u0633\u0631\u064a\u0639 \u0625\u0644\u0649 \u062c\u0645\u064a\u0639 \u0623\u0646\u062d\u0627\u0621 \u0627\u0644\u0645\u063a\u0631\u0628.","publisher":{"@id":"https:\/\/vitablanca.ma\/#organization"},"alternateName":"VitaBlanca.ma","potentialAction":[{"@type":"SearchAction","target":{"@type":"EntryPoint","urlTemplate":"https:\/\/vitablanca.ma\/?s={search_term_string}"},"query-input":{"@type":"PropertyValueSpecification","valueRequired":true,"valueName":"search_term_string"}}],"inLanguage":"ar"},{"@type":"Organization","@id":"https:\/\/vitablanca.ma\/#organization","name":"\u0641\u064a\u062a\u0627\u0628\u0644\u0627\u0646\u0643\u0627","url":"https:\/\/vitablanca.ma\/","logo":{"@type":"ImageObject","inLanguage":"ar","@id":"https:\/\/vitablanca.ma\/#\/schema\/logo\/image\/","url":"https:\/\/vitablanca.ma\/wp-content\/uploads\/2025\/05\/cropped-vitablanca.png","contentUrl":"https:\/\/vitablanca.ma\/wp-content\/uploads\/2025\/05\/cropped-vitablanca.png","width":360,"height":67,"caption":"VitaBlanca"},"image":{"@id":"https:\/\/vitablanca.ma\/#\/schema\/logo\/image\/"},"sameAs":["https:\/\/www.facebook.com\/profile.php?id=61576678196717","https:\/\/www.tiktok.com\/@vitablanca.ma","https:\/\/www.instagram.com\/vitablanca.ma\/"]}]}},"jetpack_sharing_enabled":true,"_links":{"self":[{"href":"https:\/\/vitablanca.ma\/ar\/wp-json\/wp\/v2\/product\/15420","targetHints":{"allow":["GET"]}}],"collection":[{"href":"https:\/\/vitablanca.ma\/ar\/wp-json\/wp\/v2\/product"}],"about":[{"href":"https:\/\/vitablanca.ma\/ar\/wp-json\/wp\/v2\/types\/product"}],"wp:featuredmedia":[{"embeddable":true,"href":"https:\/\/vitablanca.ma\/ar\/wp-json\/wp\/v2\/media\/15418"}],"wp:attachment":[{"href":"https:\/\/vitablanca.ma\/ar\/wp-json\/wp\/v2\/media?parent=15420"}],"wp:term":[{"taxonomy":"product_brand","embeddable":true,"href":"https:\/\/vitablanca.ma\/ar\/wp-json\/wp\/v2\/product_brand?post=15420"},{"taxonomy":"product_cat","embeddable":true,"href":"https:\/\/vitablanca.ma\/ar\/wp-json\/wp\/v2\/product_cat?post=15420"},{"taxonomy":"product_tag","embeddable":true,"href":"https:\/\/vitablanca.ma\/ar\/wp-json\/wp\/v2\/product_tag?post=15420"}],"curies":[{"name":"wp","href":"https:\/\/api.w.org\/{rel}","templated":true}]}}