{"id":15411,"date":"2025-06-10T15:57:08","date_gmt":"2025-06-10T15:57:08","guid":{"rendered":"https:\/\/vitablanca.ma\/product\/pastiles-apropolis-eucalyptuls-et-miel-40g\/"},"modified":"2025-06-10T15:57:08","modified_gmt":"2025-06-10T15:57:08","slug":"pastiles-apropolis-eucalyptuls-et-miel-40g","status":"publish","type":"product","link":"https:\/\/vitablanca.ma\/ar\/product-2\/pastiles-apropolis-eucalyptuls-et-miel-40g\/","title":{"rendered":"Pastiles Apropolis Eucalyptuls Et Miel 40g"},"content":{"rendered":"<h2><span data-mce-fragment=\"1\">Pastiles Apropolis Eucalyptuls Et Miel<\/span><\/h2>\n<p>Apropolis Pastilles \u00e0 base de gomme arabique avec propolis, miel et eucalyptus. Sans gluten.<\/p>\n<p class=\"elementor-heading-title elementor-size-default\"><strong>PROPOLIS \u2013 LE MIRACLE DE LA NATURE<\/strong><\/p>\n<p>Les produits de propolis de Lemon Pharma sont vendus avec succ\u00e8s depuis des nombreuses ann\u00e9es en pharmacie et magasin bio.<\/p>\n<p>La mati\u00e8re premi\u00e8re de la propolis est r\u00e9colt\u00e9e par les abeilles sur les bourgeons et les arbres avant d\u2019\u00eatre enrichie. La substance naturelle, aux multiples facettes \u00e9tonnantes, leur sert de mortier pour colmater les ruches. Elles assurent ainsi de mani\u00e8re unique la survie des colonies. Bien avant que la science moderne ne le prouve, les hommes connaissaient d\u00e9j\u00e0 l\u2019action particuli\u00e8re de la \u00abr\u00e9sine d\u2019abeille\u00bb. Pour les Grecs de l\u2019Antiquit\u00e9 ou les Incas, la propolis \u00e9tait une substance importante pour renforcer et prendre soin du corps. En effet, la propolis contient entre autres de nombreux min\u00e9raux et vitamines essentiels.<\/p>\n<p>Les connaissances, rassembl\u00e9es et affin\u00e9es au cours des si\u00e8cles, sur cette substance naturelle hautement efficace forment la base d\u2019APROPOLIS \u2013 une nouvelle gamme innovante de produits que Lemon Pharma a d\u00e9velopp\u00e9e pour le march\u00e9 de la sant\u00e9.<\/p>\n<h3><strong>\u0637\u0631\u064a\u0642\u0629 \u0627\u0644\u0627\u0633\u062a\u062e\u062f\u0627\u0645:<\/strong><\/h3>\n<p>Plusieurs fois par jour 1 pastille.<\/p>\n<h3><strong>\u0627\u062d\u062a\u064a\u0627\u0637\u0627\u062a \u0627\u0644\u0627\u0633\u062a\u062e\u062f\u0627\u0645:<\/strong><\/h3>\n<p>Stocker dans un endroit frais et sec.<\/p>\n<h3><strong>Poids net :<\/strong><\/h3>\n<p>40 g pastilles<\/p>\n<h3><strong>\u062a\u0639\u0628\u064a\u0631 :<\/strong><\/h3>\n<p><span>Sirop de sorbite et maltite, g\u00e9lifiant : gomme arabique (43%), extrait de propolis (1%)*, vitamine\u00a0C (0,8%), agent humidifiant : glyc\u00e9rine, ar\u00f4me menthe naturelle, menthol, \u00e9dulcorants : sucralose et ac\u00e9sulfame K, huile d\u2018eucalyptus (0,1), agents d\u2018enrobage : huiles v\u00e9g\u00e9tales et cire d\u2019abeille, colorants : chlorophylle de cuivre et curcumine<\/span><\/p>","protected":false},"excerpt":{"rendered":"<p>Pastiles Apropolis Eucalyptuls Et Miel Apropolis Pastilles \u00e0 base de gomme arabique avec propolis, miel et eucalyptus. Sans gluten. PROPOLIS \u2013 LE MIRACLE DE LA NATURE Les produits de propolis de Lemon Pharma sont vendus avec succ\u00e8s depuis des nombreuses ann\u00e9es en pharmacie et magasin bio. La mati\u00e8re premi\u00e8re de la propolis est r\u00e9colt\u00e9e par [&hellip;]<\/p>\n","protected":false},"featured_media":15410,"template":"","meta":{"om_disable_all_campaigns":false},"product_brand":[],"product_cat":[15],"product_tag":[],"class_list":{"0":"post-15411","1":"product","2":"type-product","3":"status-publish","4":"has-post-thumbnail","6":"product_cat-beaute-sante-complements-alimentaires-soins-et-bien-etre-au-meilleur-prix","8":"first","9":"instock","10":"sale","11":"taxable","12":"shipping-taxable","13":"purchasable","14":"product-type-simple"},"yoast_head":"<!-- This site is optimized with the Yoast SEO plugin v27.5 - https:\/\/yoast.com\/product\/yoast-seo-wordpress\/ -->\n<title>Pastiles Apropolis Eucalyptuls Et Miel 40g - Maroc Prix<\/title>\n<meta name=\"description\" content=\"Pastiles Apropolis Eucalyptuls Et Miel 40g\" \/>\n<meta name=\"robots\" content=\"index, follow, max-snippet:-1, max-image-preview:large, max-video-preview:-1\" \/>\n<link rel=\"canonical\" href=\"https:\/\/vitablanca.ma\/ar\/product-2\/pastiles-apropolis-eucalyptuls-et-miel-40g\/\" \/>\n<meta property=\"og:locale\" content=\"ar_AR\" \/>\n<meta property=\"og:type\" content=\"article\" \/>\n<meta property=\"og:title\" content=\"Pastiles Apropolis Eucalyptuls Et Miel 40g - Maroc Prix\" \/>\n<meta property=\"og:description\" content=\"Pastiles Apropolis Eucalyptuls Et Miel 40g\" \/>\n<meta property=\"og:url\" content=\"https:\/\/vitablanca.ma\/ar\/product-2\/pastiles-apropolis-eucalyptuls-et-miel-40g\/\" \/>\n<meta property=\"og:site_name\" content=\"Vitablanca.ma &ndash; Sant&eacute;, vitalit&eacute; et bien-&ecirc;tre pour tous les Marocains\" \/>\n<meta property=\"article:publisher\" content=\"https:\/\/www.facebook.com\/profile.php?id=61576678196717\" \/>\n<meta property=\"og:image\" content=\"https:\/\/vitablanca.ma\/wp-content\/uploads\/2025\/06\/Pastiles-Apropolis-Eucalyptuls-Et-Miel-40g-nova-parapharmacie-casablanca.jpg\" \/>\n\t<meta property=\"og:image:width\" content=\"1000\" \/>\n\t<meta property=\"og:image:height\" content=\"1000\" \/>\n\t<meta property=\"og:image:type\" content=\"image\/jpeg\" \/>\n<meta name=\"twitter:card\" content=\"summary_large_image\" \/>\n<meta name=\"twitter:label1\" content=\"\u0648\u0642\u062a \u0627\u0644\u0642\u0631\u0627\u0621\u0629 \u0627\u0644\u0645\u064f\u0642\u062f\u0651\u0631\" \/>\n\t<meta name=\"twitter:data1\" content=\"\u062f\u0642\u064a\u0642\u0629 \u0648\u0627\u062d\u062f\u0629\" \/>\n<script type=\"application\/ld+json\" class=\"yoast-schema-graph\">{\"@context\":\"https:\\\/\\\/schema.org\",\"@graph\":[{\"@type\":[\"WebPage\",\"ItemPage\"],\"@id\":\"https:\\\/\\\/vitablanca.ma\\\/produit\\\/pastiles-apropolis-eucalyptuls-et-miel-40g\\\/\",\"url\":\"https:\\\/\\\/vitablanca.ma\\\/produit\\\/pastiles-apropolis-eucalyptuls-et-miel-40g\\\/\",\"name\":\"Pastiles Apropolis Eucalyptuls Et Miel 40g - Maroc Prix\",\"isPartOf\":{\"@id\":\"https:\\\/\\\/vitablanca.ma\\\/#website\"},\"primaryImageOfPage\":{\"@id\":\"https:\\\/\\\/vitablanca.ma\\\/produit\\\/pastiles-apropolis-eucalyptuls-et-miel-40g\\\/#primaryimage\"},\"image\":{\"@id\":\"https:\\\/\\\/vitablanca.ma\\\/produit\\\/pastiles-apropolis-eucalyptuls-et-miel-40g\\\/#primaryimage\"},\"thumbnailUrl\":\"https:\\\/\\\/vitablanca.ma\\\/wp-content\\\/uploads\\\/2025\\\/06\\\/Pastiles-Apropolis-Eucalyptuls-Et-Miel-40g-nova-parapharmacie-casablanca.jpg\",\"datePublished\":\"2025-06-10T15:57:08+00:00\",\"description\":\"Pastiles Apropolis Eucalyptuls Et Miel 40g\",\"breadcrumb\":{\"@id\":\"https:\\\/\\\/vitablanca.ma\\\/produit\\\/pastiles-apropolis-eucalyptuls-et-miel-40g\\\/#breadcrumb\"},\"inLanguage\":\"ar\",\"potentialAction\":[{\"@type\":\"ReadAction\",\"target\":[\"https:\\\/\\\/vitablanca.ma\\\/produit\\\/pastiles-apropolis-eucalyptuls-et-miel-40g\\\/\"]}]},{\"@type\":\"ImageObject\",\"inLanguage\":\"ar\",\"@id\":\"https:\\\/\\\/vitablanca.ma\\\/produit\\\/pastiles-apropolis-eucalyptuls-et-miel-40g\\\/#primaryimage\",\"url\":\"https:\\\/\\\/vitablanca.ma\\\/wp-content\\\/uploads\\\/2025\\\/06\\\/Pastiles-Apropolis-Eucalyptuls-Et-Miel-40g-nova-parapharmacie-casablanca.jpg\",\"contentUrl\":\"https:\\\/\\\/vitablanca.ma\\\/wp-content\\\/uploads\\\/2025\\\/06\\\/Pastiles-Apropolis-Eucalyptuls-Et-Miel-40g-nova-parapharmacie-casablanca.jpg\",\"width\":1000,\"height\":1000},{\"@type\":\"BreadcrumbList\",\"@id\":\"https:\\\/\\\/vitablanca.ma\\\/produit\\\/pastiles-apropolis-eucalyptuls-et-miel-40g\\\/#breadcrumb\",\"itemListElement\":[{\"@type\":\"ListItem\",\"position\":1,\"name\":\"Home\",\"item\":\"https:\\\/\\\/vitablanca.ma\\\/\"},{\"@type\":\"ListItem\",\"position\":2,\"name\":\"Tous Les Produits\",\"item\":\"https:\\\/\\\/vitablanca.ma\\\/tous-les-produits\\\/\"},{\"@type\":\"ListItem\",\"position\":3,\"name\":\"Pastiles Apropolis Eucalyptuls Et Miel 40g\"}]},{\"@type\":\"WebSite\",\"@id\":\"https:\\\/\\\/vitablanca.ma\\\/#website\",\"url\":\"https:\\\/\\\/vitablanca.ma\\\/\",\"name\":\"VitaBlanca.ma | Compl\u00e9ments alimentaires, sant\u00e9 & beaut\u00e9 au Maroc\",\"description\":\"vendre vitamines et compl\u00e9ments premium des USA &amp; Canada, Nouvelle Z\u00e9lande,Maroc (NOW Foods, Solgar, Manuka). Livraison rapide partout au Maroc.\",\"publisher\":{\"@id\":\"https:\\\/\\\/vitablanca.ma\\\/#organization\"},\"alternateName\":\"VitaBlanca.ma\",\"potentialAction\":[{\"@type\":\"SearchAction\",\"target\":{\"@type\":\"EntryPoint\",\"urlTemplate\":\"https:\\\/\\\/vitablanca.ma\\\/?s={search_term_string}\"},\"query-input\":{\"@type\":\"PropertyValueSpecification\",\"valueRequired\":true,\"valueName\":\"search_term_string\"}}],\"inLanguage\":\"ar\"},{\"@type\":\"Organization\",\"@id\":\"https:\\\/\\\/vitablanca.ma\\\/#organization\",\"name\":\"VitaBlanca\",\"url\":\"https:\\\/\\\/vitablanca.ma\\\/\",\"logo\":{\"@type\":\"ImageObject\",\"inLanguage\":\"ar\",\"@id\":\"https:\\\/\\\/vitablanca.ma\\\/#\\\/schema\\\/logo\\\/image\\\/\",\"url\":\"https:\\\/\\\/vitablanca.ma\\\/wp-content\\\/uploads\\\/2025\\\/05\\\/cropped-vitablanca.png\",\"contentUrl\":\"https:\\\/\\\/vitablanca.ma\\\/wp-content\\\/uploads\\\/2025\\\/05\\\/cropped-vitablanca.png\",\"width\":360,\"height\":67,\"caption\":\"VitaBlanca\"},\"image\":{\"@id\":\"https:\\\/\\\/vitablanca.ma\\\/#\\\/schema\\\/logo\\\/image\\\/\"},\"sameAs\":[\"https:\\\/\\\/www.facebook.com\\\/profile.php?id=61576678196717\",\"https:\\\/\\\/www.tiktok.com\\\/@vitablanca.ma\",\"https:\\\/\\\/www.instagram.com\\\/vitablanca.ma\\\/\"]}]}<\/script>\n<!-- \/ Yoast SEO plugin. -->","yoast_head_json":{"title":"Pastiles Apropolis Eucalyptuls Et Miel 40g - Maroc Prix","description":"Pastiles Apropolis Eucalyptuls Et Miel 40g","robots":{"index":"index","follow":"follow","max-snippet":"max-snippet:-1","max-image-preview":"max-image-preview:large","max-video-preview":"max-video-preview:-1"},"canonical":"https:\/\/vitablanca.ma\/ar\/product-2\/pastiles-apropolis-eucalyptuls-et-miel-40g\/","og_locale":"ar_AR","og_type":"article","og_title":"Pastiles Apropolis Eucalyptuls Et Miel 40g - Maroc Prix","og_description":"Pastiles Apropolis Eucalyptuls Et Miel 40g","og_url":"https:\/\/vitablanca.ma\/ar\/product-2\/pastiles-apropolis-eucalyptuls-et-miel-40g\/","og_site_name":"Vitablanca.ma &ndash; Sant&eacute;, vitalit&eacute; et bien-&ecirc;tre pour tous les Marocains","article_publisher":"https:\/\/www.facebook.com\/profile.php?id=61576678196717","og_image":[{"width":1000,"height":1000,"url":"https:\/\/vitablanca.ma\/wp-content\/uploads\/2025\/06\/Pastiles-Apropolis-Eucalyptuls-Et-Miel-40g-nova-parapharmacie-casablanca.jpg","type":"image\/jpeg"}],"twitter_card":"summary_large_image","twitter_misc":{"\u0648\u0642\u062a \u0627\u0644\u0642\u0631\u0627\u0621\u0629 \u0627\u0644\u0645\u064f\u0642\u062f\u0651\u0631":"\u062f\u0642\u064a\u0642\u0629 \u0648\u0627\u062d\u062f\u0629"},"schema":{"@context":"https:\/\/schema.org","@graph":[{"@type":["WebPage","ItemPage"],"@id":"https:\/\/vitablanca.ma\/produit\/pastiles-apropolis-eucalyptuls-et-miel-40g\/","url":"https:\/\/vitablanca.ma\/produit\/pastiles-apropolis-eucalyptuls-et-miel-40g\/","name":"Pastiles Apropolis Eucalyptuls Et Miel 40g - Maroc Prix","isPartOf":{"@id":"https:\/\/vitablanca.ma\/#website"},"primaryImageOfPage":{"@id":"https:\/\/vitablanca.ma\/produit\/pastiles-apropolis-eucalyptuls-et-miel-40g\/#primaryimage"},"image":{"@id":"https:\/\/vitablanca.ma\/produit\/pastiles-apropolis-eucalyptuls-et-miel-40g\/#primaryimage"},"thumbnailUrl":"https:\/\/vitablanca.ma\/wp-content\/uploads\/2025\/06\/Pastiles-Apropolis-Eucalyptuls-Et-Miel-40g-nova-parapharmacie-casablanca.jpg","datePublished":"2025-06-10T15:57:08+00:00","description":"Pastiles Apropolis Eucalyptuls Et Miel 40g","breadcrumb":{"@id":"https:\/\/vitablanca.ma\/produit\/pastiles-apropolis-eucalyptuls-et-miel-40g\/#breadcrumb"},"inLanguage":"ar","potentialAction":[{"@type":"ReadAction","target":["https:\/\/vitablanca.ma\/produit\/pastiles-apropolis-eucalyptuls-et-miel-40g\/"]}]},{"@type":"ImageObject","inLanguage":"ar","@id":"https:\/\/vitablanca.ma\/produit\/pastiles-apropolis-eucalyptuls-et-miel-40g\/#primaryimage","url":"https:\/\/vitablanca.ma\/wp-content\/uploads\/2025\/06\/Pastiles-Apropolis-Eucalyptuls-Et-Miel-40g-nova-parapharmacie-casablanca.jpg","contentUrl":"https:\/\/vitablanca.ma\/wp-content\/uploads\/2025\/06\/Pastiles-Apropolis-Eucalyptuls-Et-Miel-40g-nova-parapharmacie-casablanca.jpg","width":1000,"height":1000},{"@type":"BreadcrumbList","@id":"https:\/\/vitablanca.ma\/produit\/pastiles-apropolis-eucalyptuls-et-miel-40g\/#breadcrumb","itemListElement":[{"@type":"ListItem","position":1,"name":"Home","item":"https:\/\/vitablanca.ma\/"},{"@type":"ListItem","position":2,"name":"Tous Les Produits","item":"https:\/\/vitablanca.ma\/tous-les-produits\/"},{"@type":"ListItem","position":3,"name":"Pastiles Apropolis Eucalyptuls Et Miel 40g"}]},{"@type":"WebSite","@id":"https:\/\/vitablanca.ma\/#website","url":"https:\/\/vitablanca.ma\/","name":"VitaBlanca.ma | \u0627\u0644\u0645\u0643\u0645\u0644\u0627\u062a \u0627\u0644\u063a\u0630\u0627\u0626\u064a\u0629\u060c \u0627\u0644\u0635\u062d\u0629 \u0648\u0627\u0644\u062c\u0645\u0627\u0644 \u0641\u064a \u0627\u0644\u0645\u063a\u0631\u0628","description":"\u0646\u0628\u064a\u0639 \u0641\u064a\u062a\u0627\u0645\u064a\u0646\u0627\u062a \u0648\u0645\u0643\u0645\u0644\u0627\u062a \u063a\u0630\u0627\u0626\u064a\u0629 \u0641\u0627\u062e\u0631\u0629 \u0645\u0646 \u0627\u0644\u0648\u0644\u0627\u064a\u0627\u062a \u0627\u0644\u0645\u062a\u062d\u062f\u0629 \u0627\u0644\u0623\u0645\u0631\u064a\u0643\u064a\u0629 \u0648\u0643\u0646\u062f\u0627 \u0648\u0646\u064a\u0648\u0632\u064a\u0644\u0646\u062f\u0627 \u0648\u0627\u0644\u0645\u063a\u0631\u0628 (\u0646\u0627\u0648 \u0641\u0648\u062f\u0632\u060c \u0633\u0648\u0644\u062c\u0627\u0631\u060c \u0645\u0627\u0646\u0648\u0643\u0627). \u062a\u0648\u0635\u064a\u0644 \u0633\u0631\u064a\u0639 \u0625\u0644\u0649 \u062c\u0645\u064a\u0639 \u0623\u0646\u062d\u0627\u0621 \u0627\u0644\u0645\u063a\u0631\u0628.","publisher":{"@id":"https:\/\/vitablanca.ma\/#organization"},"alternateName":"VitaBlanca.ma","potentialAction":[{"@type":"SearchAction","target":{"@type":"EntryPoint","urlTemplate":"https:\/\/vitablanca.ma\/?s={search_term_string}"},"query-input":{"@type":"PropertyValueSpecification","valueRequired":true,"valueName":"search_term_string"}}],"inLanguage":"ar"},{"@type":"Organization","@id":"https:\/\/vitablanca.ma\/#organization","name":"\u0641\u064a\u062a\u0627\u0628\u0644\u0627\u0646\u0643\u0627","url":"https:\/\/vitablanca.ma\/","logo":{"@type":"ImageObject","inLanguage":"ar","@id":"https:\/\/vitablanca.ma\/#\/schema\/logo\/image\/","url":"https:\/\/vitablanca.ma\/wp-content\/uploads\/2025\/05\/cropped-vitablanca.png","contentUrl":"https:\/\/vitablanca.ma\/wp-content\/uploads\/2025\/05\/cropped-vitablanca.png","width":360,"height":67,"caption":"VitaBlanca"},"image":{"@id":"https:\/\/vitablanca.ma\/#\/schema\/logo\/image\/"},"sameAs":["https:\/\/www.facebook.com\/profile.php?id=61576678196717","https:\/\/www.tiktok.com\/@vitablanca.ma","https:\/\/www.instagram.com\/vitablanca.ma\/"]}]}},"jetpack_sharing_enabled":true,"_links":{"self":[{"href":"https:\/\/vitablanca.ma\/ar\/wp-json\/wp\/v2\/product\/15411","targetHints":{"allow":["GET"]}}],"collection":[{"href":"https:\/\/vitablanca.ma\/ar\/wp-json\/wp\/v2\/product"}],"about":[{"href":"https:\/\/vitablanca.ma\/ar\/wp-json\/wp\/v2\/types\/product"}],"wp:featuredmedia":[{"embeddable":true,"href":"https:\/\/vitablanca.ma\/ar\/wp-json\/wp\/v2\/media\/15410"}],"wp:attachment":[{"href":"https:\/\/vitablanca.ma\/ar\/wp-json\/wp\/v2\/media?parent=15411"}],"wp:term":[{"taxonomy":"product_brand","embeddable":true,"href":"https:\/\/vitablanca.ma\/ar\/wp-json\/wp\/v2\/product_brand?post=15411"},{"taxonomy":"product_cat","embeddable":true,"href":"https:\/\/vitablanca.ma\/ar\/wp-json\/wp\/v2\/product_cat?post=15411"},{"taxonomy":"product_tag","embeddable":true,"href":"https:\/\/vitablanca.ma\/ar\/wp-json\/wp\/v2\/product_tag?post=15411"}],"curies":[{"name":"wp","href":"https:\/\/api.w.org\/{rel}","templated":true}]}}