{"id":15399,"date":"2025-06-10T15:56:49","date_gmt":"2025-06-10T15:56:49","guid":{"rendered":"https:\/\/vitablanca.ma\/product\/acm-cicastim-arnica-cicastim-a-creme-apaisante-20ml\/"},"modified":"2025-06-10T15:56:49","modified_gmt":"2025-06-10T15:56:49","slug":"acm-cicastim-arnica-cicastim-a-creme-apaisante-20ml","status":"publish","type":"product","link":"https:\/\/vitablanca.ma\/ar\/product-2\/acm-cicastim-arnica-cicastim-a-creme-apaisante-20ml\/","title":{"rendered":"ACM Cicastim Arnica Cicastim \u00e0 Cr\u00e8me Apaisante 20ml"},"content":{"rendered":"<h2>ACM Cicastim Arnica Cicastim \u00e0 Cr\u00e8me Apaisante<\/h2>\n<p>20 \u0645\u0644<\/p>\n<div class=\"product-description\" id=\"product-description-short-105\">\n<p>0Procure un gain de 3 \u00e0 5 jours dans la r\u00e9duction de la taille et de la couleur des ecchymoses.<\/p>\n<\/div>\n<div class=\"product-description-baseline\">\n<p>Suite \u00e0 un choc ou une intervention esth\u00e9tique<\/p>\n<\/div>\n<div class=\"product-description-customfield\">\n<div class=\"\">\n<p class=\"me-1\"><strong>\u0645\u062b\u0627\u0644\u064a \u0644:<\/strong><\/p>\n<p>Peaux ab\u00eem\u00e9es et irrit\u00e9es suite une intervention esth\u00e9tique, bosses, coups, bleus suite \u00e0 un choc<\/p>\n<\/div>\n<div class=\"\">\n<p class=\"me-1\"><strong>\u0646\u064e\u0633\u0650\u064a\u062c:<\/strong><\/p>\n<p>\u0643\u0631\u064a\u0645<\/p>\n<\/div>\n<div class=\"\">\n<p class=\"me-1\"><strong>\u0645\u062a\u0649 \u061f :<\/strong><\/p>\n<p>2 \u00e0 3 fois\/jour sur peau non l\u00e9s\u00e9e<\/p>\n<\/div>\n<div class=\"\">\n<p><strong>Apaise les sensations d\u2019inconfort, favorise l\u2019\u00e9limination de la coloration bleue*<\/strong><\/p>\n<h3><strong>\u0648\u0635\u0641:<\/strong><\/h3>\n<p>Procure un gain de 3 \u00e0 5 jours dans la r\u00e9duction de la taille et de la couleur des ecchymoses.<\/p>\n<p>Elle apaise rapidement les sensations d\u2019inconfort et favorise le processus d\u2019\u00e9limination des bosses, des coups, des pigments responsables de la coloration bleue gr\u00e2ce \u00e0 son association synergique d\u2019actifs. Sa texture enrichie en glyc\u00e9rine associ\u00e9e aux cires v\u00e9g\u00e9tales permet le maintien d&rsquo;une bonne hydratation tout en procurant un effet filmog\u00e8ne et protecteur. Elle r\u00e9pare les peaux non l\u00e9s\u00e9es ayant re\u00e7u un choc. Elle peut aussi s\u2019utiliser en pr\u00e9vention ou apr\u00e8s une intervention esth\u00e9tique ou chirurgicale.<\/p>\n<section class=\"bg-beige py-5 my-5\">\n<div class=\"container\">\n<div class=\"row\">\n<div class=\"offset-lg-2 col-lg-8\">\n<div class=\"tabs\">\n<div id=\"tab-content\" class=\"tab-content\">\n<div role=\"tabpanel\" id=\"description\" class=\"tab-pane fade in active js-product-tab-active\">\n<div class=\"mt-4 d-inline-flex\">\n<p>Texture fluide, p\u00e9n\u00e8tre rapidement.\u00a0\u00a0Non parfum\u00e9e<\/p>\n<div class=\"row\">\n<div class=\"offset-lg-2 col-lg-8\">\n<h3 class=\"nothingyou\">\u0646\u0635\u0627\u0626\u062d \u0648\u062d\u064a\u0644:<\/h3>\n<\/div>\n<\/div>\n<div class=\"row\">\n<div class=\"offset-lg-2 col-lg-8\">\n<p>Appliquer la cr\u00e8me apaisante Cicastim.A en couche fine 2 \u00e0 3 fois par jour en massage l\u00e9ger jusqu\u2019\u00e0 p\u00e9n\u00e9tration compl\u00e8te.<\/p>\n<p><strong>\u0627\u062d\u062a\u064a\u0627\u0637\u0627\u062a \u0627\u0644\u0627\u0633\u062a\u062e\u062f\u0627\u0645:<span>\u00a0<\/span><\/strong>Ne pas appliquer sur les sujets sensibles \u00e0 l\u2019arnica, sur les muqueuses, la peau l\u00e9s\u00e9e, les plaies ou \u00e0 proximit\u00e9 des yeux. Usage externe.<\/p>\n<\/div>\n<\/div>\n<\/div>\n<\/div>\n<\/div>\n<\/div>\n<\/div>\n<\/div>\n<\/div>\n<\/section>\n<\/div>\n<\/div>","protected":false},"excerpt":{"rendered":"<p>ACM Cicastim Arnica Cicastim \u00e0 Cr\u00e8me Apaisante 20ml 0Procure un gain de 3 \u00e0 5 jours dans la r\u00e9duction de la taille et de la couleur des ecchymoses. Suite \u00e0 un choc ou une intervention esth\u00e9tique Id\u00e9al pour : Peaux ab\u00eem\u00e9es et irrit\u00e9es suite une intervention esth\u00e9tique, bosses, coups, bleus suite \u00e0 un choc Texture [&hellip;]<\/p>\n","protected":false},"featured_media":15398,"template":"","meta":{"om_disable_all_campaigns":false},"product_brand":[],"product_cat":[15],"product_tag":[],"class_list":{"0":"post-15399","1":"product","2":"type-product","3":"status-publish","4":"has-post-thumbnail","6":"product_cat-beaute-sante-complements-alimentaires-soins-et-bien-etre-au-meilleur-prix","8":"first","9":"instock","10":"sale","11":"taxable","12":"shipping-taxable","13":"purchasable","14":"product-type-simple"},"yoast_head":"<!-- This site is optimized with the Yoast SEO plugin v27.4 - https:\/\/yoast.com\/product\/yoast-seo-wordpress\/ -->\n<title>ACM Cicastim Arnica Cicastim \u00e0 Cr\u00e8me Apaisante 20ml - Maroc Prix<\/title>\n<meta name=\"description\" content=\"ACM Cicastim Arnica Cicastim \u00e0 Cr\u00e8me Apaisante 20ml\" \/>\n<meta name=\"robots\" content=\"index, follow, max-snippet:-1, max-image-preview:large, max-video-preview:-1\" \/>\n<link rel=\"canonical\" href=\"https:\/\/vitablanca.ma\/ar\/product-2\/acm-cicastim-arnica-cicastim-a-creme-apaisante-20ml\/\" \/>\n<meta property=\"og:locale\" content=\"ar_AR\" \/>\n<meta property=\"og:type\" content=\"article\" \/>\n<meta property=\"og:title\" content=\"ACM Cicastim Arnica Cicastim \u00e0 Cr\u00e8me Apaisante 20ml - Maroc Prix\" \/>\n<meta property=\"og:description\" content=\"ACM Cicastim Arnica Cicastim \u00e0 Cr\u00e8me Apaisante 20ml\" \/>\n<meta property=\"og:url\" content=\"https:\/\/vitablanca.ma\/ar\/product-2\/acm-cicastim-arnica-cicastim-a-creme-apaisante-20ml\/\" \/>\n<meta property=\"og:site_name\" content=\"Vitablanca.ma &ndash; Sant&eacute;, vitalit&eacute; et bien-&ecirc;tre pour tous les Marocains\" \/>\n<meta property=\"article:publisher\" content=\"https:\/\/www.facebook.com\/profile.php?id=61576678196717\" \/>\n<meta property=\"og:image\" content=\"https:\/\/vitablanca.ma\/wp-content\/uploads\/2025\/06\/Cicastim-Arnica-Cicastim-a-Creme-Apaisante-20ml-prix-maroc-parapharmacie-casablanca.jpg\" \/>\n\t<meta property=\"og:image:width\" content=\"1000\" \/>\n\t<meta property=\"og:image:height\" content=\"1000\" \/>\n\t<meta property=\"og:image:type\" content=\"image\/jpeg\" \/>\n<meta name=\"twitter:card\" content=\"summary_large_image\" \/>\n<meta name=\"twitter:label1\" content=\"\u0648\u0642\u062a \u0627\u0644\u0642\u0631\u0627\u0621\u0629 \u0627\u0644\u0645\u064f\u0642\u062f\u0651\u0631\" \/>\n\t<meta name=\"twitter:data1\" content=\"\u062f\u0642\u064a\u0642\u0629 \u0648\u0627\u062d\u062f\u0629\" \/>\n<script type=\"application\/ld+json\" class=\"yoast-schema-graph\">{\"@context\":\"https:\\\/\\\/schema.org\",\"@graph\":[{\"@type\":[\"WebPage\",\"ItemPage\"],\"@id\":\"https:\\\/\\\/vitablanca.ma\\\/produit\\\/acm-cicastim-arnica-cicastim-a-creme-apaisante-20ml\\\/\",\"url\":\"https:\\\/\\\/vitablanca.ma\\\/produit\\\/acm-cicastim-arnica-cicastim-a-creme-apaisante-20ml\\\/\",\"name\":\"ACM Cicastim Arnica Cicastim \u00e0 Cr\u00e8me Apaisante 20ml - Maroc Prix\",\"isPartOf\":{\"@id\":\"https:\\\/\\\/vitablanca.ma\\\/#website\"},\"primaryImageOfPage\":{\"@id\":\"https:\\\/\\\/vitablanca.ma\\\/produit\\\/acm-cicastim-arnica-cicastim-a-creme-apaisante-20ml\\\/#primaryimage\"},\"image\":{\"@id\":\"https:\\\/\\\/vitablanca.ma\\\/produit\\\/acm-cicastim-arnica-cicastim-a-creme-apaisante-20ml\\\/#primaryimage\"},\"thumbnailUrl\":\"https:\\\/\\\/vitablanca.ma\\\/wp-content\\\/uploads\\\/2025\\\/06\\\/Cicastim-Arnica-Cicastim-a-Creme-Apaisante-20ml-prix-maroc-parapharmacie-casablanca.jpg\",\"datePublished\":\"2025-06-10T15:56:49+00:00\",\"description\":\"ACM Cicastim Arnica Cicastim \u00e0 Cr\u00e8me Apaisante 20ml\",\"breadcrumb\":{\"@id\":\"https:\\\/\\\/vitablanca.ma\\\/produit\\\/acm-cicastim-arnica-cicastim-a-creme-apaisante-20ml\\\/#breadcrumb\"},\"inLanguage\":\"ar\",\"potentialAction\":[{\"@type\":\"ReadAction\",\"target\":[\"https:\\\/\\\/vitablanca.ma\\\/produit\\\/acm-cicastim-arnica-cicastim-a-creme-apaisante-20ml\\\/\"]}]},{\"@type\":\"ImageObject\",\"inLanguage\":\"ar\",\"@id\":\"https:\\\/\\\/vitablanca.ma\\\/produit\\\/acm-cicastim-arnica-cicastim-a-creme-apaisante-20ml\\\/#primaryimage\",\"url\":\"https:\\\/\\\/vitablanca.ma\\\/wp-content\\\/uploads\\\/2025\\\/06\\\/Cicastim-Arnica-Cicastim-a-Creme-Apaisante-20ml-prix-maroc-parapharmacie-casablanca.jpg\",\"contentUrl\":\"https:\\\/\\\/vitablanca.ma\\\/wp-content\\\/uploads\\\/2025\\\/06\\\/Cicastim-Arnica-Cicastim-a-Creme-Apaisante-20ml-prix-maroc-parapharmacie-casablanca.jpg\",\"width\":1000,\"height\":1000},{\"@type\":\"BreadcrumbList\",\"@id\":\"https:\\\/\\\/vitablanca.ma\\\/produit\\\/acm-cicastim-arnica-cicastim-a-creme-apaisante-20ml\\\/#breadcrumb\",\"itemListElement\":[{\"@type\":\"ListItem\",\"position\":1,\"name\":\"Home\",\"item\":\"https:\\\/\\\/vitablanca.ma\\\/\"},{\"@type\":\"ListItem\",\"position\":2,\"name\":\"Tous Les Produits\",\"item\":\"https:\\\/\\\/vitablanca.ma\\\/tous-les-produits\\\/\"},{\"@type\":\"ListItem\",\"position\":3,\"name\":\"ACM Cicastim Arnica Cicastim \u00e0 Cr\u00e8me Apaisante 20ml\"}]},{\"@type\":\"WebSite\",\"@id\":\"https:\\\/\\\/vitablanca.ma\\\/#website\",\"url\":\"https:\\\/\\\/vitablanca.ma\\\/\",\"name\":\"VitaBlanca.ma | Compl\u00e9ments alimentaires, sant\u00e9 & beaut\u00e9 au Maroc\",\"description\":\"vendre vitamines et compl\u00e9ments premium des USA &amp; Canada, Nouvelle Z\u00e9lande,Maroc (NOW Foods, Solgar, Manuka). Livraison rapide partout au Maroc.\",\"publisher\":{\"@id\":\"https:\\\/\\\/vitablanca.ma\\\/#organization\"},\"alternateName\":\"VitaBlanca.ma\",\"potentialAction\":[{\"@type\":\"SearchAction\",\"target\":{\"@type\":\"EntryPoint\",\"urlTemplate\":\"https:\\\/\\\/vitablanca.ma\\\/?s={search_term_string}\"},\"query-input\":{\"@type\":\"PropertyValueSpecification\",\"valueRequired\":true,\"valueName\":\"search_term_string\"}}],\"inLanguage\":\"ar\"},{\"@type\":\"Organization\",\"@id\":\"https:\\\/\\\/vitablanca.ma\\\/#organization\",\"name\":\"VitaBlanca\",\"url\":\"https:\\\/\\\/vitablanca.ma\\\/\",\"logo\":{\"@type\":\"ImageObject\",\"inLanguage\":\"ar\",\"@id\":\"https:\\\/\\\/vitablanca.ma\\\/#\\\/schema\\\/logo\\\/image\\\/\",\"url\":\"https:\\\/\\\/vitablanca.ma\\\/wp-content\\\/uploads\\\/2025\\\/05\\\/cropped-vitablanca.png\",\"contentUrl\":\"https:\\\/\\\/vitablanca.ma\\\/wp-content\\\/uploads\\\/2025\\\/05\\\/cropped-vitablanca.png\",\"width\":360,\"height\":67,\"caption\":\"VitaBlanca\"},\"image\":{\"@id\":\"https:\\\/\\\/vitablanca.ma\\\/#\\\/schema\\\/logo\\\/image\\\/\"},\"sameAs\":[\"https:\\\/\\\/www.facebook.com\\\/profile.php?id=61576678196717\",\"https:\\\/\\\/www.tiktok.com\\\/@vitablanca.ma\",\"https:\\\/\\\/www.instagram.com\\\/vitablanca.ma\\\/\"]}]}<\/script>\n<!-- \/ Yoast SEO plugin. -->","yoast_head_json":{"title":"ACM Cicastim Arnica Cicastim \u00e0 Cr\u00e8me Apaisante 20ml - Maroc Prix","description":"ACM Cicastim Arnica Cicastim \u00e0 Cr\u00e8me Apaisante 20ml","robots":{"index":"index","follow":"follow","max-snippet":"max-snippet:-1","max-image-preview":"max-image-preview:large","max-video-preview":"max-video-preview:-1"},"canonical":"https:\/\/vitablanca.ma\/ar\/product-2\/acm-cicastim-arnica-cicastim-a-creme-apaisante-20ml\/","og_locale":"ar_AR","og_type":"article","og_title":"ACM Cicastim Arnica Cicastim \u00e0 Cr\u00e8me Apaisante 20ml - Maroc Prix","og_description":"ACM Cicastim Arnica Cicastim \u00e0 Cr\u00e8me Apaisante 20ml","og_url":"https:\/\/vitablanca.ma\/ar\/product-2\/acm-cicastim-arnica-cicastim-a-creme-apaisante-20ml\/","og_site_name":"Vitablanca.ma &ndash; Sant&eacute;, vitalit&eacute; et bien-&ecirc;tre pour tous les Marocains","article_publisher":"https:\/\/www.facebook.com\/profile.php?id=61576678196717","og_image":[{"width":1000,"height":1000,"url":"https:\/\/vitablanca.ma\/wp-content\/uploads\/2025\/06\/Cicastim-Arnica-Cicastim-a-Creme-Apaisante-20ml-prix-maroc-parapharmacie-casablanca.jpg","type":"image\/jpeg"}],"twitter_card":"summary_large_image","twitter_misc":{"\u0648\u0642\u062a \u0627\u0644\u0642\u0631\u0627\u0621\u0629 \u0627\u0644\u0645\u064f\u0642\u062f\u0651\u0631":"\u062f\u0642\u064a\u0642\u0629 \u0648\u0627\u062d\u062f\u0629"},"schema":{"@context":"https:\/\/schema.org","@graph":[{"@type":["WebPage","ItemPage"],"@id":"https:\/\/vitablanca.ma\/produit\/acm-cicastim-arnica-cicastim-a-creme-apaisante-20ml\/","url":"https:\/\/vitablanca.ma\/produit\/acm-cicastim-arnica-cicastim-a-creme-apaisante-20ml\/","name":"ACM Cicastim Arnica Cicastim \u00e0 Cr\u00e8me Apaisante 20ml - Maroc Prix","isPartOf":{"@id":"https:\/\/vitablanca.ma\/#website"},"primaryImageOfPage":{"@id":"https:\/\/vitablanca.ma\/produit\/acm-cicastim-arnica-cicastim-a-creme-apaisante-20ml\/#primaryimage"},"image":{"@id":"https:\/\/vitablanca.ma\/produit\/acm-cicastim-arnica-cicastim-a-creme-apaisante-20ml\/#primaryimage"},"thumbnailUrl":"https:\/\/vitablanca.ma\/wp-content\/uploads\/2025\/06\/Cicastim-Arnica-Cicastim-a-Creme-Apaisante-20ml-prix-maroc-parapharmacie-casablanca.jpg","datePublished":"2025-06-10T15:56:49+00:00","description":"ACM Cicastim Arnica Cicastim \u00e0 Cr\u00e8me Apaisante 20ml","breadcrumb":{"@id":"https:\/\/vitablanca.ma\/produit\/acm-cicastim-arnica-cicastim-a-creme-apaisante-20ml\/#breadcrumb"},"inLanguage":"ar","potentialAction":[{"@type":"ReadAction","target":["https:\/\/vitablanca.ma\/produit\/acm-cicastim-arnica-cicastim-a-creme-apaisante-20ml\/"]}]},{"@type":"ImageObject","inLanguage":"ar","@id":"https:\/\/vitablanca.ma\/produit\/acm-cicastim-arnica-cicastim-a-creme-apaisante-20ml\/#primaryimage","url":"https:\/\/vitablanca.ma\/wp-content\/uploads\/2025\/06\/Cicastim-Arnica-Cicastim-a-Creme-Apaisante-20ml-prix-maroc-parapharmacie-casablanca.jpg","contentUrl":"https:\/\/vitablanca.ma\/wp-content\/uploads\/2025\/06\/Cicastim-Arnica-Cicastim-a-Creme-Apaisante-20ml-prix-maroc-parapharmacie-casablanca.jpg","width":1000,"height":1000},{"@type":"BreadcrumbList","@id":"https:\/\/vitablanca.ma\/produit\/acm-cicastim-arnica-cicastim-a-creme-apaisante-20ml\/#breadcrumb","itemListElement":[{"@type":"ListItem","position":1,"name":"Home","item":"https:\/\/vitablanca.ma\/"},{"@type":"ListItem","position":2,"name":"Tous Les Produits","item":"https:\/\/vitablanca.ma\/tous-les-produits\/"},{"@type":"ListItem","position":3,"name":"ACM Cicastim Arnica Cicastim \u00e0 Cr\u00e8me Apaisante 20ml"}]},{"@type":"WebSite","@id":"https:\/\/vitablanca.ma\/#website","url":"https:\/\/vitablanca.ma\/","name":"VitaBlanca.ma | \u0627\u0644\u0645\u0643\u0645\u0644\u0627\u062a \u0627\u0644\u063a\u0630\u0627\u0626\u064a\u0629\u060c \u0627\u0644\u0635\u062d\u0629 \u0648\u0627\u0644\u062c\u0645\u0627\u0644 \u0641\u064a \u0627\u0644\u0645\u063a\u0631\u0628","description":"\u0646\u0628\u064a\u0639 \u0641\u064a\u062a\u0627\u0645\u064a\u0646\u0627\u062a \u0648\u0645\u0643\u0645\u0644\u0627\u062a \u063a\u0630\u0627\u0626\u064a\u0629 \u0641\u0627\u062e\u0631\u0629 \u0645\u0646 \u0627\u0644\u0648\u0644\u0627\u064a\u0627\u062a \u0627\u0644\u0645\u062a\u062d\u062f\u0629 \u0627\u0644\u0623\u0645\u0631\u064a\u0643\u064a\u0629 \u0648\u0643\u0646\u062f\u0627 \u0648\u0646\u064a\u0648\u0632\u064a\u0644\u0646\u062f\u0627 \u0648\u0627\u0644\u0645\u063a\u0631\u0628 (\u0646\u0627\u0648 \u0641\u0648\u062f\u0632\u060c \u0633\u0648\u0644\u062c\u0627\u0631\u060c \u0645\u0627\u0646\u0648\u0643\u0627). \u062a\u0648\u0635\u064a\u0644 \u0633\u0631\u064a\u0639 \u0625\u0644\u0649 \u062c\u0645\u064a\u0639 \u0623\u0646\u062d\u0627\u0621 \u0627\u0644\u0645\u063a\u0631\u0628.","publisher":{"@id":"https:\/\/vitablanca.ma\/#organization"},"alternateName":"VitaBlanca.ma","potentialAction":[{"@type":"SearchAction","target":{"@type":"EntryPoint","urlTemplate":"https:\/\/vitablanca.ma\/?s={search_term_string}"},"query-input":{"@type":"PropertyValueSpecification","valueRequired":true,"valueName":"search_term_string"}}],"inLanguage":"ar"},{"@type":"Organization","@id":"https:\/\/vitablanca.ma\/#organization","name":"\u0641\u064a\u062a\u0627\u0628\u0644\u0627\u0646\u0643\u0627","url":"https:\/\/vitablanca.ma\/","logo":{"@type":"ImageObject","inLanguage":"ar","@id":"https:\/\/vitablanca.ma\/#\/schema\/logo\/image\/","url":"https:\/\/vitablanca.ma\/wp-content\/uploads\/2025\/05\/cropped-vitablanca.png","contentUrl":"https:\/\/vitablanca.ma\/wp-content\/uploads\/2025\/05\/cropped-vitablanca.png","width":360,"height":67,"caption":"VitaBlanca"},"image":{"@id":"https:\/\/vitablanca.ma\/#\/schema\/logo\/image\/"},"sameAs":["https:\/\/www.facebook.com\/profile.php?id=61576678196717","https:\/\/www.tiktok.com\/@vitablanca.ma","https:\/\/www.instagram.com\/vitablanca.ma\/"]}]}},"jetpack_sharing_enabled":true,"_links":{"self":[{"href":"https:\/\/vitablanca.ma\/ar\/wp-json\/wp\/v2\/product\/15399","targetHints":{"allow":["GET"]}}],"collection":[{"href":"https:\/\/vitablanca.ma\/ar\/wp-json\/wp\/v2\/product"}],"about":[{"href":"https:\/\/vitablanca.ma\/ar\/wp-json\/wp\/v2\/types\/product"}],"wp:featuredmedia":[{"embeddable":true,"href":"https:\/\/vitablanca.ma\/ar\/wp-json\/wp\/v2\/media\/15398"}],"wp:attachment":[{"href":"https:\/\/vitablanca.ma\/ar\/wp-json\/wp\/v2\/media?parent=15399"}],"wp:term":[{"taxonomy":"product_brand","embeddable":true,"href":"https:\/\/vitablanca.ma\/ar\/wp-json\/wp\/v2\/product_brand?post=15399"},{"taxonomy":"product_cat","embeddable":true,"href":"https:\/\/vitablanca.ma\/ar\/wp-json\/wp\/v2\/product_cat?post=15399"},{"taxonomy":"product_tag","embeddable":true,"href":"https:\/\/vitablanca.ma\/ar\/wp-json\/wp\/v2\/product_tag?post=15399"}],"curies":[{"name":"wp","href":"https:\/\/api.w.org\/{rel}","templated":true}]}}