{"id":15389,"date":"2025-06-10T15:56:32","date_gmt":"2025-06-10T15:56:32","guid":{"rendered":"https:\/\/vitablanca.ma\/product\/acm-deoderant-anti-transpirant-fraicheur-48h-50ml\/"},"modified":"2025-09-16T17:56:17","modified_gmt":"2025-09-16T17:56:17","slug":"acm-deoderant-anti-transpirant-fraicheur-48h-50ml","status":"publish","type":"product","link":"https:\/\/vitablanca.ma\/ar\/product-2\/acm-deoderant-anti-transpirant-fraicheur-48h-50ml\/","title":{"rendered":"\u0645\u0632\u064a\u0644 \u0639\u0631\u0642 \u0645\u0636\u0627\u062f \u0644\u0644\u062a\u0639\u0631\u0642 \u0645\u0646 ACM\u060c \u0627\u0646\u062a\u0639\u0627\u0634 \u064a\u062f\u0648\u0645 48 \u0633\u0627\u0639\u0629\u060c 50 \u0645\u0644"},"content":{"rendered":"<h2>\u0645\u0632\u064a\u0644 \u0639\u0631\u0642 \u0645\u0636\u0627\u062f \u0644\u0644\u062a\u0639\u0631\u0642 \u0645\u0646 ACM\u060c \u0627\u0646\u062a\u0639\u0627\u0634 \u064a\u062f\u0648\u0645 48 \u0633\u0627\u0639\u0629\u060c 50 \u0645\u0644<\/h2>\n<p>sensations d&rsquo;inconfort et aux odeurs d\u00e9sagr\u00e9ables avec le d\u00e9odorant anti-transpirant fra\u00eecheur ACM 48H. Sa formule rafra\u00eechissante et revitalisante offre une protection efficace contre la transpiration et les odeurs pendant 48 heures, id\u00e9ale pour les personnes actives. Ce d\u00e9odorant \u00e0 bille prend soin de vos aisselles, les laissant douces, fra\u00eeches et sans irritation. Sa formule sans alcool, \u00e0 s\u00e9chage rapide, garantit l&rsquo;absence de traces blanches et de r\u00e9sidus sur les v\u00eatements, vous permettant de rester confiant et impeccable en toutes circonstances. Profitez d&rsquo;une protection longue dur\u00e9e et d&rsquo;une sensation de fra\u00eecheur continue avec le d\u00e9odorant anti-transpirant fra\u00eecheur ACM 48H.<\/p>\n<ul>\n<li>Un d\u00e9odorant rafra\u00eechissant pour une protection longue dur\u00e9e et une sensation de fra\u00eecheur continue<\/li>\n<li>Le d\u00e9odorant anti-transpirant fra\u00eecheur ACM 48H 50 ML est un v\u00e9ritable concentr\u00e9 de bienfaits pour vos aisselles :<\/li>\n<li>\u062d\u0645\u0627\u064a\u0629 \u0645\u0636\u0627\u062f\u0629 \u0644\u0644\u062a\u0639\u0631\u0642 \u0644\u0645\u062f\u0629 48 \u0633\u0627\u0639\u0629: \u0641\u0639\u0627\u0644\u064a\u0629 \u0637\u0648\u064a\u0644\u0629 \u0627\u0644\u0623\u0645\u062f \u0636\u062f \u0627\u0644\u0631\u0648\u0627\u0626\u062d \u0648\u0627\u0644\u062a\u0639\u0631\u0642.<\/li>\n<li>Formule rafra\u00eechissante et revitalisante : Id\u00e9ale pour les personnes actives.<\/li>\n<li>\u0645\u0644\u0645\u0633 \u062e\u0641\u064a\u0641 \u0648\u063a\u064a\u0631 \u0644\u0632\u062c: \u064a\u0645\u062a\u0635 \u0628\u0633\u0631\u0639\u0629 \u0648\u064a\u062a\u0631\u0643 \u0634\u0639\u0648\u0631\u064b\u0627 \u0628\u0627\u0644\u0631\u0627\u062d\u0629.<\/li>\n<li>Formule sans alcool : N&rsquo;irrite pas la peau et ne laisse pas de traces blanches.<\/li>\n<li>S\u00e9chage rapide : Ne laisse pas de r\u00e9sidus sur les v\u00eatements.<\/li>\n<li>\u0634\u0643\u0644 \u0645\u0631\u064a\u062d \u0644\u0644\u062a\u062f\u062d\u0631\u062c: \u062a\u0637\u0628\u064a\u0642 \u0633\u0647\u0644 \u0648\u062f\u0642\u064a\u0642.<\/li>\n<li>\u0639\u0644\u0627\u0645\u0629 \u062a\u062c\u0627\u0631\u064a\u0629 \u0645\u0648\u062b\u0648\u0642\u0629: \u062a\u062a\u0645\u064a\u0632 \u0634\u0631\u0643\u0629 ACM \u0628\u0645\u0646\u062a\u062c\u0627\u062a\u0647\u0627 \u0627\u0644\u062c\u0644\u062f\u064a\u0629 \u0639\u0627\u0644\u064a\u0629 \u0627\u0644\u062c\u0648\u062f\u0629.<\/li>\n<\/ul>\n<p><strong>\u0637\u0631\u064a\u0642\u0629 \u0627\u0644\u0627\u0633\u062a\u062e\u062f\u0627\u0645:<\/strong><\/p>\n<ul>\n<li>\u064a\u062a\u0645 \u0627\u0633\u062a\u062e\u062f\u0627\u0645\u0647 \u064a\u0648\u0645\u064a\u064b\u0627 \u0639\u0644\u0649 \u0628\u0634\u0631\u0629 \u0646\u0638\u064a\u0641\u0629 \u0648\u062c\u0627\u0641\u0629.<\/li>\n<li>\u0627\u062a\u0631\u0643\u0647\u0627 \u0644\u062a\u062c\u0641 \u0644\u0628\u0636\u0639 \u0644\u062d\u0638\u0627\u062a \u0642\u0628\u0644 \u0627\u0631\u062a\u062f\u0627\u0621 \u0645\u0644\u0627\u0628\u0633\u0643.<\/li>\n<li>\u0644\u0627 \u062a\u0633\u062a\u062e\u062f\u0645\u064a\u0647 \u0639\u0644\u0649 \u0627\u0644\u0628\u0634\u0631\u0629 \u0627\u0644\u0645\u062a\u0647\u064a\u062c\u0629 \u0623\u0648 \u0627\u0644\u0645\u062a\u0636\u0631\u0631\u0629.<\/li>\n<\/ul>\n<p style=\"text-align: center\">\u064a\u0643\u062a\u0634\u0641 <strong>ACM DEODERANT ANTI TRANSPIRANT FRAICHEUR 48H<\/strong>\u00a0\u060c \u0645\u0646\u062a\u062c \u062a\u0645 \u0627\u062e\u062a\u064a\u0627\u0631\u0647 \u0628\u0639\u0646\u0627\u064a\u0629 \u0644\u062a\u0644\u0628\u064a\u0629 \u0627\u062d\u062a\u064a\u0627\u062c\u0627\u062a\u0643 \u0627\u0644\u0645\u062d\u062f\u062f\u0629\u060c \u0648\u0627\u0633\u062a\u0645\u062a\u0639 \u0628\u062a\u062c\u0631\u0628\u0629 \u062a\u0633\u0648\u0642 \u0627\u0633\u062a\u062b\u0646\u0627\u0626\u064a\u0629 \u0639\u0644\u0649 \u0645\u0648\u0642\u0639\u0646\u0627\u060c\u00a0<strong>Vita Blanca Parapharmacie Maroc<\/strong><\/p>","protected":false},"excerpt":{"rendered":"<p>ACM DEODERANT ANTI TRANSPIRANT FRAICHEUR 48H 50ML sensations d&rsquo;inconfort et aux odeurs d\u00e9sagr\u00e9ables avec le d\u00e9odorant anti-transpirant fra\u00eecheur ACM 48H. Sa formule rafra\u00eechissante et revitalisante offre une protection efficace contre la transpiration et les odeurs pendant 48 heures, id\u00e9ale pour les personnes actives. Ce d\u00e9odorant \u00e0 bille prend soin de vos aisselles, les laissant douces, [&hellip;]<\/p>\n","protected":false},"featured_media":15388,"template":"","meta":{"om_disable_all_campaigns":false},"product_brand":[],"product_cat":[15],"product_tag":[],"class_list":{"0":"post-15389","1":"product","2":"type-product","3":"status-publish","4":"has-post-thumbnail","6":"product_cat-beaute-sante-complements-alimentaires-soins-et-bien-etre-au-meilleur-prix","8":"first","9":"instock","10":"sale","11":"taxable","12":"shipping-taxable","13":"purchasable","14":"product-type-simple"},"yoast_head":"<!-- This site is optimized with the Yoast SEO plugin v27.4 - https:\/\/yoast.com\/product\/yoast-seo-wordpress\/ -->\n<title>ACM DEODERANT ANTI TRANSPIRANT FRAICHEUR 48H 50ML - Maroc Prix<\/title>\n<meta name=\"description\" content=\"ACM DEODERANT ANTI TRANSPIRANT FRAICHEUR 48H 50ML\" \/>\n<meta name=\"robots\" content=\"index, follow, max-snippet:-1, max-image-preview:large, max-video-preview:-1\" \/>\n<link rel=\"canonical\" href=\"https:\/\/vitablanca.ma\/ar\/product-2\/acm-deoderant-anti-transpirant-fraicheur-48h-50ml\/\" \/>\n<meta property=\"og:locale\" content=\"ar_AR\" \/>\n<meta property=\"og:type\" content=\"article\" \/>\n<meta property=\"og:title\" content=\"ACM DEODERANT ANTI TRANSPIRANT FRAICHEUR 48H 50ML - Maroc Prix\" \/>\n<meta property=\"og:description\" content=\"ACM DEODERANT ANTI TRANSPIRANT FRAICHEUR 48H 50ML\" \/>\n<meta property=\"og:url\" content=\"https:\/\/vitablanca.ma\/ar\/product-2\/acm-deoderant-anti-transpirant-fraicheur-48h-50ml\/\" \/>\n<meta property=\"og:site_name\" content=\"Vitablanca.ma &ndash; Sant&eacute;, vitalit&eacute; et bien-&ecirc;tre pour tous les Marocains\" \/>\n<meta property=\"article:publisher\" content=\"https:\/\/www.facebook.com\/profile.php?id=61576678196717\" \/>\n<meta property=\"article:modified_time\" content=\"2025-09-16T17:56:17+00:00\" \/>\n<meta property=\"og:image\" content=\"https:\/\/vitablanca.ma\/wp-content\/uploads\/2025\/06\/ACM-DEODORANT-ANTI-TRANSPIRANT-FRAICHEUR-50ML-Nova-para-prix-Maroc.jpg\" \/>\n\t<meta property=\"og:image:width\" content=\"1000\" \/>\n\t<meta property=\"og:image:height\" content=\"1000\" \/>\n\t<meta property=\"og:image:type\" content=\"image\/jpeg\" \/>\n<meta name=\"twitter:card\" content=\"summary_large_image\" \/>\n<meta name=\"twitter:label1\" content=\"\u0648\u0642\u062a \u0627\u0644\u0642\u0631\u0627\u0621\u0629 \u0627\u0644\u0645\u064f\u0642\u062f\u0651\u0631\" \/>\n\t<meta name=\"twitter:data1\" content=\"\u062f\u0642\u064a\u0642\u062a\u0627\u0646\" \/>\n<script type=\"application\/ld+json\" class=\"yoast-schema-graph\">{\"@context\":\"https:\\\/\\\/schema.org\",\"@graph\":[{\"@type\":[\"WebPage\",\"ItemPage\"],\"@id\":\"https:\\\/\\\/vitablanca.ma\\\/produit\\\/acm-deoderant-anti-transpirant-fraicheur-48h-50ml\\\/\",\"url\":\"https:\\\/\\\/vitablanca.ma\\\/produit\\\/acm-deoderant-anti-transpirant-fraicheur-48h-50ml\\\/\",\"name\":\"ACM DEODERANT ANTI TRANSPIRANT FRAICHEUR 48H 50ML - Maroc Prix\",\"isPartOf\":{\"@id\":\"https:\\\/\\\/vitablanca.ma\\\/#website\"},\"primaryImageOfPage\":{\"@id\":\"https:\\\/\\\/vitablanca.ma\\\/produit\\\/acm-deoderant-anti-transpirant-fraicheur-48h-50ml\\\/#primaryimage\"},\"image\":{\"@id\":\"https:\\\/\\\/vitablanca.ma\\\/produit\\\/acm-deoderant-anti-transpirant-fraicheur-48h-50ml\\\/#primaryimage\"},\"thumbnailUrl\":\"https:\\\/\\\/vitablanca.ma\\\/wp-content\\\/uploads\\\/2025\\\/06\\\/ACM-DEODORANT-ANTI-TRANSPIRANT-FRAICHEUR-50ML-Nova-para-prix-Maroc.jpg\",\"datePublished\":\"2025-06-10T15:56:32+00:00\",\"dateModified\":\"2025-09-16T17:56:17+00:00\",\"description\":\"ACM DEODERANT ANTI TRANSPIRANT FRAICHEUR 48H 50ML\",\"breadcrumb\":{\"@id\":\"https:\\\/\\\/vitablanca.ma\\\/produit\\\/acm-deoderant-anti-transpirant-fraicheur-48h-50ml\\\/#breadcrumb\"},\"inLanguage\":\"ar\",\"potentialAction\":[{\"@type\":\"ReadAction\",\"target\":[\"https:\\\/\\\/vitablanca.ma\\\/produit\\\/acm-deoderant-anti-transpirant-fraicheur-48h-50ml\\\/\"]}]},{\"@type\":\"ImageObject\",\"inLanguage\":\"ar\",\"@id\":\"https:\\\/\\\/vitablanca.ma\\\/produit\\\/acm-deoderant-anti-transpirant-fraicheur-48h-50ml\\\/#primaryimage\",\"url\":\"https:\\\/\\\/vitablanca.ma\\\/wp-content\\\/uploads\\\/2025\\\/06\\\/ACM-DEODORANT-ANTI-TRANSPIRANT-FRAICHEUR-50ML-Nova-para-prix-Maroc.jpg\",\"contentUrl\":\"https:\\\/\\\/vitablanca.ma\\\/wp-content\\\/uploads\\\/2025\\\/06\\\/ACM-DEODORANT-ANTI-TRANSPIRANT-FRAICHEUR-50ML-Nova-para-prix-Maroc.jpg\",\"width\":1000,\"height\":1000},{\"@type\":\"BreadcrumbList\",\"@id\":\"https:\\\/\\\/vitablanca.ma\\\/produit\\\/acm-deoderant-anti-transpirant-fraicheur-48h-50ml\\\/#breadcrumb\",\"itemListElement\":[{\"@type\":\"ListItem\",\"position\":1,\"name\":\"Home\",\"item\":\"https:\\\/\\\/vitablanca.ma\\\/\"},{\"@type\":\"ListItem\",\"position\":2,\"name\":\"Tous Les Produits\",\"item\":\"https:\\\/\\\/vitablanca.ma\\\/tous-les-produits\\\/\"},{\"@type\":\"ListItem\",\"position\":3,\"name\":\"ACM DEODERANT ANTI TRANSPIRANT FRAICHEUR 48H 50ML\"}]},{\"@type\":\"WebSite\",\"@id\":\"https:\\\/\\\/vitablanca.ma\\\/#website\",\"url\":\"https:\\\/\\\/vitablanca.ma\\\/\",\"name\":\"VitaBlanca.ma | Compl\u00e9ments alimentaires, sant\u00e9 & beaut\u00e9 au Maroc\",\"description\":\"vendre vitamines et compl\u00e9ments premium des USA &amp; Canada, Nouvelle Z\u00e9lande,Maroc (NOW Foods, Solgar, Manuka). Livraison rapide partout au Maroc.\",\"publisher\":{\"@id\":\"https:\\\/\\\/vitablanca.ma\\\/#organization\"},\"alternateName\":\"VitaBlanca.ma\",\"potentialAction\":[{\"@type\":\"SearchAction\",\"target\":{\"@type\":\"EntryPoint\",\"urlTemplate\":\"https:\\\/\\\/vitablanca.ma\\\/?s={search_term_string}\"},\"query-input\":{\"@type\":\"PropertyValueSpecification\",\"valueRequired\":true,\"valueName\":\"search_term_string\"}}],\"inLanguage\":\"ar\"},{\"@type\":\"Organization\",\"@id\":\"https:\\\/\\\/vitablanca.ma\\\/#organization\",\"name\":\"VitaBlanca\",\"url\":\"https:\\\/\\\/vitablanca.ma\\\/\",\"logo\":{\"@type\":\"ImageObject\",\"inLanguage\":\"ar\",\"@id\":\"https:\\\/\\\/vitablanca.ma\\\/#\\\/schema\\\/logo\\\/image\\\/\",\"url\":\"https:\\\/\\\/vitablanca.ma\\\/wp-content\\\/uploads\\\/2025\\\/05\\\/cropped-vitablanca.png\",\"contentUrl\":\"https:\\\/\\\/vitablanca.ma\\\/wp-content\\\/uploads\\\/2025\\\/05\\\/cropped-vitablanca.png\",\"width\":360,\"height\":67,\"caption\":\"VitaBlanca\"},\"image\":{\"@id\":\"https:\\\/\\\/vitablanca.ma\\\/#\\\/schema\\\/logo\\\/image\\\/\"},\"sameAs\":[\"https:\\\/\\\/www.facebook.com\\\/profile.php?id=61576678196717\",\"https:\\\/\\\/www.tiktok.com\\\/@vitablanca.ma\",\"https:\\\/\\\/www.instagram.com\\\/vitablanca.ma\\\/\"]}]}<\/script>\n<!-- \/ Yoast SEO plugin. -->","yoast_head_json":{"title":"ACM DEODERANT ANTI TRANSPIRANT FRAICHEUR 48H 50ML - Maroc Prix","description":"\u0645\u0632\u064a\u0644 \u0639\u0631\u0642 \u0645\u0636\u0627\u062f \u0644\u0644\u062a\u0639\u0631\u0642 \u0645\u0646 ACM\u060c \u0627\u0646\u062a\u0639\u0627\u0634 \u064a\u062f\u0648\u0645 48 \u0633\u0627\u0639\u0629\u060c 50 \u0645\u0644","robots":{"index":"index","follow":"follow","max-snippet":"max-snippet:-1","max-image-preview":"max-image-preview:large","max-video-preview":"max-video-preview:-1"},"canonical":"https:\/\/vitablanca.ma\/ar\/product-2\/acm-deoderant-anti-transpirant-fraicheur-48h-50ml\/","og_locale":"ar_AR","og_type":"article","og_title":"ACM DEODERANT ANTI TRANSPIRANT FRAICHEUR 48H 50ML - Maroc Prix","og_description":"ACM DEODERANT ANTI TRANSPIRANT FRAICHEUR 48H 50ML","og_url":"https:\/\/vitablanca.ma\/ar\/product-2\/acm-deoderant-anti-transpirant-fraicheur-48h-50ml\/","og_site_name":"Vitablanca.ma &ndash; Sant&eacute;, vitalit&eacute; et bien-&ecirc;tre pour tous les Marocains","article_publisher":"https:\/\/www.facebook.com\/profile.php?id=61576678196717","article_modified_time":"2025-09-16T17:56:17+00:00","og_image":[{"width":1000,"height":1000,"url":"https:\/\/vitablanca.ma\/wp-content\/uploads\/2025\/06\/ACM-DEODORANT-ANTI-TRANSPIRANT-FRAICHEUR-50ML-Nova-para-prix-Maroc.jpg","type":"image\/jpeg"}],"twitter_card":"summary_large_image","twitter_misc":{"\u0648\u0642\u062a \u0627\u0644\u0642\u0631\u0627\u0621\u0629 \u0627\u0644\u0645\u064f\u0642\u062f\u0651\u0631":"\u062f\u0642\u064a\u0642\u062a\u0627\u0646"},"schema":{"@context":"https:\/\/schema.org","@graph":[{"@type":["WebPage","ItemPage"],"@id":"https:\/\/vitablanca.ma\/produit\/acm-deoderant-anti-transpirant-fraicheur-48h-50ml\/","url":"https:\/\/vitablanca.ma\/produit\/acm-deoderant-anti-transpirant-fraicheur-48h-50ml\/","name":"ACM DEODERANT ANTI TRANSPIRANT FRAICHEUR 48H 50ML - Maroc Prix","isPartOf":{"@id":"https:\/\/vitablanca.ma\/#website"},"primaryImageOfPage":{"@id":"https:\/\/vitablanca.ma\/produit\/acm-deoderant-anti-transpirant-fraicheur-48h-50ml\/#primaryimage"},"image":{"@id":"https:\/\/vitablanca.ma\/produit\/acm-deoderant-anti-transpirant-fraicheur-48h-50ml\/#primaryimage"},"thumbnailUrl":"https:\/\/vitablanca.ma\/wp-content\/uploads\/2025\/06\/ACM-DEODORANT-ANTI-TRANSPIRANT-FRAICHEUR-50ML-Nova-para-prix-Maroc.jpg","datePublished":"2025-06-10T15:56:32+00:00","dateModified":"2025-09-16T17:56:17+00:00","description":"\u0645\u0632\u064a\u0644 \u0639\u0631\u0642 \u0645\u0636\u0627\u062f \u0644\u0644\u062a\u0639\u0631\u0642 \u0645\u0646 ACM\u060c \u0627\u0646\u062a\u0639\u0627\u0634 \u064a\u062f\u0648\u0645 48 \u0633\u0627\u0639\u0629\u060c 50 \u0645\u0644","breadcrumb":{"@id":"https:\/\/vitablanca.ma\/produit\/acm-deoderant-anti-transpirant-fraicheur-48h-50ml\/#breadcrumb"},"inLanguage":"ar","potentialAction":[{"@type":"ReadAction","target":["https:\/\/vitablanca.ma\/produit\/acm-deoderant-anti-transpirant-fraicheur-48h-50ml\/"]}]},{"@type":"ImageObject","inLanguage":"ar","@id":"https:\/\/vitablanca.ma\/produit\/acm-deoderant-anti-transpirant-fraicheur-48h-50ml\/#primaryimage","url":"https:\/\/vitablanca.ma\/wp-content\/uploads\/2025\/06\/ACM-DEODORANT-ANTI-TRANSPIRANT-FRAICHEUR-50ML-Nova-para-prix-Maroc.jpg","contentUrl":"https:\/\/vitablanca.ma\/wp-content\/uploads\/2025\/06\/ACM-DEODORANT-ANTI-TRANSPIRANT-FRAICHEUR-50ML-Nova-para-prix-Maroc.jpg","width":1000,"height":1000},{"@type":"BreadcrumbList","@id":"https:\/\/vitablanca.ma\/produit\/acm-deoderant-anti-transpirant-fraicheur-48h-50ml\/#breadcrumb","itemListElement":[{"@type":"ListItem","position":1,"name":"Home","item":"https:\/\/vitablanca.ma\/"},{"@type":"ListItem","position":2,"name":"Tous Les Produits","item":"https:\/\/vitablanca.ma\/tous-les-produits\/"},{"@type":"ListItem","position":3,"name":"ACM DEODERANT ANTI TRANSPIRANT FRAICHEUR 48H 50ML"}]},{"@type":"WebSite","@id":"https:\/\/vitablanca.ma\/#website","url":"https:\/\/vitablanca.ma\/","name":"VitaBlanca.ma | \u0627\u0644\u0645\u0643\u0645\u0644\u0627\u062a \u0627\u0644\u063a\u0630\u0627\u0626\u064a\u0629\u060c \u0627\u0644\u0635\u062d\u0629 \u0648\u0627\u0644\u062c\u0645\u0627\u0644 \u0641\u064a \u0627\u0644\u0645\u063a\u0631\u0628","description":"\u0646\u0628\u064a\u0639 \u0641\u064a\u062a\u0627\u0645\u064a\u0646\u0627\u062a \u0648\u0645\u0643\u0645\u0644\u0627\u062a \u063a\u0630\u0627\u0626\u064a\u0629 \u0641\u0627\u062e\u0631\u0629 \u0645\u0646 \u0627\u0644\u0648\u0644\u0627\u064a\u0627\u062a \u0627\u0644\u0645\u062a\u062d\u062f\u0629 \u0627\u0644\u0623\u0645\u0631\u064a\u0643\u064a\u0629 \u0648\u0643\u0646\u062f\u0627 \u0648\u0646\u064a\u0648\u0632\u064a\u0644\u0646\u062f\u0627 \u0648\u0627\u0644\u0645\u063a\u0631\u0628 (\u0646\u0627\u0648 \u0641\u0648\u062f\u0632\u060c \u0633\u0648\u0644\u062c\u0627\u0631\u060c \u0645\u0627\u0646\u0648\u0643\u0627). \u062a\u0648\u0635\u064a\u0644 \u0633\u0631\u064a\u0639 \u0625\u0644\u0649 \u062c\u0645\u064a\u0639 \u0623\u0646\u062d\u0627\u0621 \u0627\u0644\u0645\u063a\u0631\u0628.","publisher":{"@id":"https:\/\/vitablanca.ma\/#organization"},"alternateName":"VitaBlanca.ma","potentialAction":[{"@type":"SearchAction","target":{"@type":"EntryPoint","urlTemplate":"https:\/\/vitablanca.ma\/?s={search_term_string}"},"query-input":{"@type":"PropertyValueSpecification","valueRequired":true,"valueName":"search_term_string"}}],"inLanguage":"ar"},{"@type":"Organization","@id":"https:\/\/vitablanca.ma\/#organization","name":"\u0641\u064a\u062a\u0627\u0628\u0644\u0627\u0646\u0643\u0627","url":"https:\/\/vitablanca.ma\/","logo":{"@type":"ImageObject","inLanguage":"ar","@id":"https:\/\/vitablanca.ma\/#\/schema\/logo\/image\/","url":"https:\/\/vitablanca.ma\/wp-content\/uploads\/2025\/05\/cropped-vitablanca.png","contentUrl":"https:\/\/vitablanca.ma\/wp-content\/uploads\/2025\/05\/cropped-vitablanca.png","width":360,"height":67,"caption":"VitaBlanca"},"image":{"@id":"https:\/\/vitablanca.ma\/#\/schema\/logo\/image\/"},"sameAs":["https:\/\/www.facebook.com\/profile.php?id=61576678196717","https:\/\/www.tiktok.com\/@vitablanca.ma","https:\/\/www.instagram.com\/vitablanca.ma\/"]}]}},"jetpack_sharing_enabled":true,"_links":{"self":[{"href":"https:\/\/vitablanca.ma\/ar\/wp-json\/wp\/v2\/product\/15389","targetHints":{"allow":["GET"]}}],"collection":[{"href":"https:\/\/vitablanca.ma\/ar\/wp-json\/wp\/v2\/product"}],"about":[{"href":"https:\/\/vitablanca.ma\/ar\/wp-json\/wp\/v2\/types\/product"}],"wp:featuredmedia":[{"embeddable":true,"href":"https:\/\/vitablanca.ma\/ar\/wp-json\/wp\/v2\/media\/15388"}],"wp:attachment":[{"href":"https:\/\/vitablanca.ma\/ar\/wp-json\/wp\/v2\/media?parent=15389"}],"wp:term":[{"taxonomy":"product_brand","embeddable":true,"href":"https:\/\/vitablanca.ma\/ar\/wp-json\/wp\/v2\/product_brand?post=15389"},{"taxonomy":"product_cat","embeddable":true,"href":"https:\/\/vitablanca.ma\/ar\/wp-json\/wp\/v2\/product_cat?post=15389"},{"taxonomy":"product_tag","embeddable":true,"href":"https:\/\/vitablanca.ma\/ar\/wp-json\/wp\/v2\/product_tag?post=15389"}],"curies":[{"name":"wp","href":"https:\/\/api.w.org\/{rel}","templated":true}]}}