{"id":15363,"date":"2025-06-10T15:56:07","date_gmt":"2025-06-10T15:56:07","guid":{"rendered":"https:\/\/vitablanca.ma\/product\/acm-rosakalm-eau-micellaire-nettoyante-250ml\/"},"modified":"2025-06-10T15:56:07","modified_gmt":"2025-06-10T15:56:07","slug":"acm-rosakalm-eau-micellaire-nettoyante-250ml","status":"publish","type":"product","link":"https:\/\/vitablanca.ma\/ar\/product-2\/acm-rosakalm-eau-micellaire-nettoyante-250ml\/","title":{"rendered":"\u0645\u0627\u0621 \u0627\u0644\u062a\u0646\u0638\u064a\u0641 \u0645\u064a\u0633\u064a\u0644\u0627\u0631 \u0631\u0648\u0632\u0627\u0643\u0627\u0644\u0645 \u0645\u0646 ACM 250 \u0645\u0644"},"content":{"rendered":"<h2>ACM Rosakalm Eau Micellaire Nettoyante<\/h2>\n<p>250 \u0645\u0644<\/p>\n<div id=\"product-description-short-102\" class=\"product-description\">\n<p>Cette eau micellaire nettoie, d\u00e9maquille et apaise en un seul geste les peaux les plus sensibles sujettes aux rougeurs. Visage et yeux. Sans rin\u00e7age.<\/p>\n<\/div>\n<div class=\"product-description-baseline\">\n<p>Nettoie, d\u00e9maquille et apaise<\/p>\n<\/div>\n<div class=\"product-description-customfield\">\n<div class=\"\">\n<p class=\"me-1\"><strong>\u0645\u062b\u0627\u0644\u064a \u0644:<\/strong><\/p>\n<p><span>\u00a0<\/span>R\u00e9actives et sensibles<\/div>\n<div class=\"\"><strong><br \/>\u0646\u064e\u0633\u0650\u064a\u062c:<\/strong><\/div>\n<div class=\"\">\n<p>Eau<\/p>\n<\/div>\n<div class=\"\">\n<p class=\"me-1\"><strong>\u0645\u062a\u0649 \u061f :<\/strong><\/p>\n<p><span>\u00a0<\/span>Matin et Soir<\/p>\n<\/div>\n<div class=\"\">\n<p><strong>Nettoie, d\u00e9maquille et apaise en un seul geste &#8211; Visage et yeux<\/strong><\/p>\n<p><strong>\u0648\u0635\u0641:<\/strong><\/p>\n<div class=\"product-description\">\n<p>Cette eau micellaire nettoie, d\u00e9maquille et apaise en un seul geste les peaux les plus sensibles sujettes aux rougeurs. Visage et yeux. Sans rin\u00e7age.<\/p>\n<p>L&rsquo;Eau Micellaire Nettoyante Rosakalm nettoie et d\u00e9maquille tout en douceur le visage et les yeux, y compris le maquillage r\u00e9sistant \u00e0 l\u2019eau, sans avoir besoin de rincer. Elle hydrate, apaise les sensations d\u2019inconfort et procure une agr\u00e9able sensation de fra\u00eecheur.<\/p>\n<p>La peau est douce, nette, apais\u00e9e et confortable<\/p>\n<\/div>\n<div class=\"mt-4 d-inline-flex\">\n<span class=\"font-cursive font-40 me-3\">\u0627\u0644+<\/span><\/p>\n<p>Effet fra\u00eecheur \u00e0 l&rsquo;application, ne dess\u00e8che pas la peau. Sans savon,sans rin\u00e7age<\/p>\n<div class=\"row\">\n<div class=\"offset-lg-2 col-lg-8\">\n<h3 class=\"nothingyou\">\u0646\u0635\u0627\u0626\u062d \u0648\u062d\u064a\u0644:<\/h3>\n<\/div>\n<\/div>\n<div class=\"row\">\n<div class=\"offset-lg-2 col-lg-8\">\n<p>Appliquer l&rsquo;Eau Micellaire Nettoyante Rosakalm sur le visage et le cou, matin et soir, \u00e0 l&rsquo;aide d&rsquo;un coton. Pas n\u00e9cessaire de rincer. Peut s\u2019utiliser en association avec la cr\u00e8me anti-rougeurs Rosakalm.<\/p>\n<\/div>\n<\/div>\n<\/div>\n<\/div>\n<\/div>","protected":false},"excerpt":{"rendered":"<p>ACM Rosakalm Eau Micellaire Nettoyante 250ml Cette eau micellaire nettoie, d\u00e9maquille et apaise en un seul geste les peaux les plus sensibles sujettes aux rougeurs. Visage et yeux. Sans rin\u00e7age. Nettoie, d\u00e9maquille et apaise Id\u00e9al pour : \u00a0R\u00e9actives et sensibles Texture : Eau Quand ? : \u00a0Matin et Soir Nettoie, d\u00e9maquille et apaise en un [&hellip;]<\/p>\n","protected":false},"featured_media":15362,"template":"","meta":{"om_disable_all_campaigns":false},"product_brand":[],"product_cat":[15],"product_tag":[],"class_list":{"0":"post-15363","1":"product","2":"type-product","3":"status-publish","4":"has-post-thumbnail","6":"product_cat-beaute-sante-complements-alimentaires-soins-et-bien-etre-au-meilleur-prix","8":"first","9":"instock","10":"sale","11":"taxable","12":"shipping-taxable","13":"purchasable","14":"product-type-simple"},"yoast_head":"<!-- This site is optimized with the Yoast SEO plugin v27.4 - https:\/\/yoast.com\/product\/yoast-seo-wordpress\/ -->\n<title>ACM Rosakalm Eau Micellaire Nettoyante 250ml - Maroc Prix<\/title>\n<meta name=\"description\" content=\"ACM Rosakalm Eau Micellaire Nettoyante 250ml\" \/>\n<meta name=\"robots\" content=\"index, follow, max-snippet:-1, max-image-preview:large, max-video-preview:-1\" \/>\n<link rel=\"canonical\" href=\"https:\/\/vitablanca.ma\/ar\/product-2\/acm-rosakalm-eau-micellaire-nettoyante-250ml\/\" \/>\n<meta property=\"og:locale\" content=\"ar_AR\" \/>\n<meta property=\"og:type\" content=\"article\" \/>\n<meta property=\"og:title\" content=\"ACM Rosakalm Eau Micellaire Nettoyante 250ml - Maroc Prix\" \/>\n<meta property=\"og:description\" content=\"ACM Rosakalm Eau Micellaire Nettoyante 250ml\" \/>\n<meta property=\"og:url\" content=\"https:\/\/vitablanca.ma\/ar\/product-2\/acm-rosakalm-eau-micellaire-nettoyante-250ml\/\" \/>\n<meta property=\"og:site_name\" content=\"Vitablanca.ma &ndash; Sant&eacute;, vitalit&eacute; et bien-&ecirc;tre pour tous les Marocains\" \/>\n<meta property=\"article:publisher\" content=\"https:\/\/www.facebook.com\/profile.php?id=61576678196717\" \/>\n<meta property=\"og:image\" content=\"https:\/\/vitablanca.ma\/wp-content\/uploads\/2025\/06\/ACM-Rosakalm-Eau-Micellaire-Nettoyante-250ml-prix-maroc-parapharmacie-casablanca.jpg\" \/>\n\t<meta property=\"og:image:width\" content=\"1000\" \/>\n\t<meta property=\"og:image:height\" content=\"1000\" \/>\n\t<meta property=\"og:image:type\" content=\"image\/jpeg\" \/>\n<meta name=\"twitter:card\" content=\"summary_large_image\" \/>\n<meta name=\"twitter:label1\" content=\"\u0648\u0642\u062a \u0627\u0644\u0642\u0631\u0627\u0621\u0629 \u0627\u0644\u0645\u064f\u0642\u062f\u0651\u0631\" \/>\n\t<meta name=\"twitter:data1\" content=\"\u062f\u0642\u064a\u0642\u0629 \u0648\u0627\u062d\u062f\u0629\" \/>\n<script type=\"application\/ld+json\" class=\"yoast-schema-graph\">{\"@context\":\"https:\\\/\\\/schema.org\",\"@graph\":[{\"@type\":[\"WebPage\",\"ItemPage\"],\"@id\":\"https:\\\/\\\/vitablanca.ma\\\/produit\\\/acm-rosakalm-eau-micellaire-nettoyante-250ml\\\/\",\"url\":\"https:\\\/\\\/vitablanca.ma\\\/produit\\\/acm-rosakalm-eau-micellaire-nettoyante-250ml\\\/\",\"name\":\"ACM Rosakalm Eau Micellaire Nettoyante 250ml - Maroc Prix\",\"isPartOf\":{\"@id\":\"https:\\\/\\\/vitablanca.ma\\\/#website\"},\"primaryImageOfPage\":{\"@id\":\"https:\\\/\\\/vitablanca.ma\\\/produit\\\/acm-rosakalm-eau-micellaire-nettoyante-250ml\\\/#primaryimage\"},\"image\":{\"@id\":\"https:\\\/\\\/vitablanca.ma\\\/produit\\\/acm-rosakalm-eau-micellaire-nettoyante-250ml\\\/#primaryimage\"},\"thumbnailUrl\":\"https:\\\/\\\/vitablanca.ma\\\/wp-content\\\/uploads\\\/2025\\\/06\\\/ACM-Rosakalm-Eau-Micellaire-Nettoyante-250ml-prix-maroc-parapharmacie-casablanca.jpg\",\"datePublished\":\"2025-06-10T15:56:07+00:00\",\"description\":\"ACM Rosakalm Eau Micellaire Nettoyante 250ml\",\"breadcrumb\":{\"@id\":\"https:\\\/\\\/vitablanca.ma\\\/produit\\\/acm-rosakalm-eau-micellaire-nettoyante-250ml\\\/#breadcrumb\"},\"inLanguage\":\"ar\",\"potentialAction\":[{\"@type\":\"ReadAction\",\"target\":[\"https:\\\/\\\/vitablanca.ma\\\/produit\\\/acm-rosakalm-eau-micellaire-nettoyante-250ml\\\/\"]}]},{\"@type\":\"ImageObject\",\"inLanguage\":\"ar\",\"@id\":\"https:\\\/\\\/vitablanca.ma\\\/produit\\\/acm-rosakalm-eau-micellaire-nettoyante-250ml\\\/#primaryimage\",\"url\":\"https:\\\/\\\/vitablanca.ma\\\/wp-content\\\/uploads\\\/2025\\\/06\\\/ACM-Rosakalm-Eau-Micellaire-Nettoyante-250ml-prix-maroc-parapharmacie-casablanca.jpg\",\"contentUrl\":\"https:\\\/\\\/vitablanca.ma\\\/wp-content\\\/uploads\\\/2025\\\/06\\\/ACM-Rosakalm-Eau-Micellaire-Nettoyante-250ml-prix-maroc-parapharmacie-casablanca.jpg\",\"width\":1000,\"height\":1000},{\"@type\":\"BreadcrumbList\",\"@id\":\"https:\\\/\\\/vitablanca.ma\\\/produit\\\/acm-rosakalm-eau-micellaire-nettoyante-250ml\\\/#breadcrumb\",\"itemListElement\":[{\"@type\":\"ListItem\",\"position\":1,\"name\":\"Home\",\"item\":\"https:\\\/\\\/vitablanca.ma\\\/\"},{\"@type\":\"ListItem\",\"position\":2,\"name\":\"Tous Les Produits\",\"item\":\"https:\\\/\\\/vitablanca.ma\\\/tous-les-produits\\\/\"},{\"@type\":\"ListItem\",\"position\":3,\"name\":\"ACM Rosakalm Eau Micellaire Nettoyante 250ml\"}]},{\"@type\":\"WebSite\",\"@id\":\"https:\\\/\\\/vitablanca.ma\\\/#website\",\"url\":\"https:\\\/\\\/vitablanca.ma\\\/\",\"name\":\"VitaBlanca.ma | Compl\u00e9ments alimentaires, sant\u00e9 & beaut\u00e9 au Maroc\",\"description\":\"vendre vitamines et compl\u00e9ments premium des USA &amp; Canada, Nouvelle Z\u00e9lande,Maroc (NOW Foods, Solgar, Manuka). Livraison rapide partout au Maroc.\",\"publisher\":{\"@id\":\"https:\\\/\\\/vitablanca.ma\\\/#organization\"},\"alternateName\":\"VitaBlanca.ma\",\"potentialAction\":[{\"@type\":\"SearchAction\",\"target\":{\"@type\":\"EntryPoint\",\"urlTemplate\":\"https:\\\/\\\/vitablanca.ma\\\/?s={search_term_string}\"},\"query-input\":{\"@type\":\"PropertyValueSpecification\",\"valueRequired\":true,\"valueName\":\"search_term_string\"}}],\"inLanguage\":\"ar\"},{\"@type\":\"Organization\",\"@id\":\"https:\\\/\\\/vitablanca.ma\\\/#organization\",\"name\":\"VitaBlanca\",\"url\":\"https:\\\/\\\/vitablanca.ma\\\/\",\"logo\":{\"@type\":\"ImageObject\",\"inLanguage\":\"ar\",\"@id\":\"https:\\\/\\\/vitablanca.ma\\\/#\\\/schema\\\/logo\\\/image\\\/\",\"url\":\"https:\\\/\\\/vitablanca.ma\\\/wp-content\\\/uploads\\\/2025\\\/05\\\/cropped-vitablanca.png\",\"contentUrl\":\"https:\\\/\\\/vitablanca.ma\\\/wp-content\\\/uploads\\\/2025\\\/05\\\/cropped-vitablanca.png\",\"width\":360,\"height\":67,\"caption\":\"VitaBlanca\"},\"image\":{\"@id\":\"https:\\\/\\\/vitablanca.ma\\\/#\\\/schema\\\/logo\\\/image\\\/\"},\"sameAs\":[\"https:\\\/\\\/www.facebook.com\\\/profile.php?id=61576678196717\",\"https:\\\/\\\/www.tiktok.com\\\/@vitablanca.ma\",\"https:\\\/\\\/www.instagram.com\\\/vitablanca.ma\\\/\"]}]}<\/script>\n<!-- \/ Yoast SEO plugin. -->","yoast_head_json":{"title":"ACM Rosakalm Eau Micellaire Nettoyante 250ml - Maroc Prix","description":"\u0645\u0627\u0621 \u0627\u0644\u062a\u0646\u0638\u064a\u0641 \u0645\u064a\u0633\u064a\u0644\u0627\u0631 \u0631\u0648\u0632\u0627\u0643\u0627\u0644\u0645 \u0645\u0646 ACM 250 \u0645\u0644","robots":{"index":"index","follow":"follow","max-snippet":"max-snippet:-1","max-image-preview":"max-image-preview:large","max-video-preview":"max-video-preview:-1"},"canonical":"https:\/\/vitablanca.ma\/ar\/product-2\/acm-rosakalm-eau-micellaire-nettoyante-250ml\/","og_locale":"ar_AR","og_type":"article","og_title":"ACM Rosakalm Eau Micellaire Nettoyante 250ml - Maroc Prix","og_description":"ACM Rosakalm Eau Micellaire Nettoyante 250ml","og_url":"https:\/\/vitablanca.ma\/ar\/product-2\/acm-rosakalm-eau-micellaire-nettoyante-250ml\/","og_site_name":"Vitablanca.ma &ndash; Sant&eacute;, vitalit&eacute; et bien-&ecirc;tre pour tous les Marocains","article_publisher":"https:\/\/www.facebook.com\/profile.php?id=61576678196717","og_image":[{"width":1000,"height":1000,"url":"https:\/\/vitablanca.ma\/wp-content\/uploads\/2025\/06\/ACM-Rosakalm-Eau-Micellaire-Nettoyante-250ml-prix-maroc-parapharmacie-casablanca.jpg","type":"image\/jpeg"}],"twitter_card":"summary_large_image","twitter_misc":{"\u0648\u0642\u062a \u0627\u0644\u0642\u0631\u0627\u0621\u0629 \u0627\u0644\u0645\u064f\u0642\u062f\u0651\u0631":"\u062f\u0642\u064a\u0642\u0629 \u0648\u0627\u062d\u062f\u0629"},"schema":{"@context":"https:\/\/schema.org","@graph":[{"@type":["WebPage","ItemPage"],"@id":"https:\/\/vitablanca.ma\/produit\/acm-rosakalm-eau-micellaire-nettoyante-250ml\/","url":"https:\/\/vitablanca.ma\/produit\/acm-rosakalm-eau-micellaire-nettoyante-250ml\/","name":"ACM Rosakalm Eau Micellaire Nettoyante 250ml - Maroc Prix","isPartOf":{"@id":"https:\/\/vitablanca.ma\/#website"},"primaryImageOfPage":{"@id":"https:\/\/vitablanca.ma\/produit\/acm-rosakalm-eau-micellaire-nettoyante-250ml\/#primaryimage"},"image":{"@id":"https:\/\/vitablanca.ma\/produit\/acm-rosakalm-eau-micellaire-nettoyante-250ml\/#primaryimage"},"thumbnailUrl":"https:\/\/vitablanca.ma\/wp-content\/uploads\/2025\/06\/ACM-Rosakalm-Eau-Micellaire-Nettoyante-250ml-prix-maroc-parapharmacie-casablanca.jpg","datePublished":"2025-06-10T15:56:07+00:00","description":"\u0645\u0627\u0621 \u0627\u0644\u062a\u0646\u0638\u064a\u0641 \u0645\u064a\u0633\u064a\u0644\u0627\u0631 \u0631\u0648\u0632\u0627\u0643\u0627\u0644\u0645 \u0645\u0646 ACM 250 \u0645\u0644","breadcrumb":{"@id":"https:\/\/vitablanca.ma\/produit\/acm-rosakalm-eau-micellaire-nettoyante-250ml\/#breadcrumb"},"inLanguage":"ar","potentialAction":[{"@type":"ReadAction","target":["https:\/\/vitablanca.ma\/produit\/acm-rosakalm-eau-micellaire-nettoyante-250ml\/"]}]},{"@type":"ImageObject","inLanguage":"ar","@id":"https:\/\/vitablanca.ma\/produit\/acm-rosakalm-eau-micellaire-nettoyante-250ml\/#primaryimage","url":"https:\/\/vitablanca.ma\/wp-content\/uploads\/2025\/06\/ACM-Rosakalm-Eau-Micellaire-Nettoyante-250ml-prix-maroc-parapharmacie-casablanca.jpg","contentUrl":"https:\/\/vitablanca.ma\/wp-content\/uploads\/2025\/06\/ACM-Rosakalm-Eau-Micellaire-Nettoyante-250ml-prix-maroc-parapharmacie-casablanca.jpg","width":1000,"height":1000},{"@type":"BreadcrumbList","@id":"https:\/\/vitablanca.ma\/produit\/acm-rosakalm-eau-micellaire-nettoyante-250ml\/#breadcrumb","itemListElement":[{"@type":"ListItem","position":1,"name":"Home","item":"https:\/\/vitablanca.ma\/"},{"@type":"ListItem","position":2,"name":"Tous Les Produits","item":"https:\/\/vitablanca.ma\/tous-les-produits\/"},{"@type":"ListItem","position":3,"name":"ACM Rosakalm Eau Micellaire Nettoyante 250ml"}]},{"@type":"WebSite","@id":"https:\/\/vitablanca.ma\/#website","url":"https:\/\/vitablanca.ma\/","name":"VitaBlanca.ma | \u0627\u0644\u0645\u0643\u0645\u0644\u0627\u062a \u0627\u0644\u063a\u0630\u0627\u0626\u064a\u0629\u060c \u0627\u0644\u0635\u062d\u0629 \u0648\u0627\u0644\u062c\u0645\u0627\u0644 \u0641\u064a \u0627\u0644\u0645\u063a\u0631\u0628","description":"\u0646\u0628\u064a\u0639 \u0641\u064a\u062a\u0627\u0645\u064a\u0646\u0627\u062a \u0648\u0645\u0643\u0645\u0644\u0627\u062a \u063a\u0630\u0627\u0626\u064a\u0629 \u0641\u0627\u062e\u0631\u0629 \u0645\u0646 \u0627\u0644\u0648\u0644\u0627\u064a\u0627\u062a \u0627\u0644\u0645\u062a\u062d\u062f\u0629 \u0627\u0644\u0623\u0645\u0631\u064a\u0643\u064a\u0629 \u0648\u0643\u0646\u062f\u0627 \u0648\u0646\u064a\u0648\u0632\u064a\u0644\u0646\u062f\u0627 \u0648\u0627\u0644\u0645\u063a\u0631\u0628 (\u0646\u0627\u0648 \u0641\u0648\u062f\u0632\u060c \u0633\u0648\u0644\u062c\u0627\u0631\u060c \u0645\u0627\u0646\u0648\u0643\u0627). \u062a\u0648\u0635\u064a\u0644 \u0633\u0631\u064a\u0639 \u0625\u0644\u0649 \u062c\u0645\u064a\u0639 \u0623\u0646\u062d\u0627\u0621 \u0627\u0644\u0645\u063a\u0631\u0628.","publisher":{"@id":"https:\/\/vitablanca.ma\/#organization"},"alternateName":"VitaBlanca.ma","potentialAction":[{"@type":"SearchAction","target":{"@type":"EntryPoint","urlTemplate":"https:\/\/vitablanca.ma\/?s={search_term_string}"},"query-input":{"@type":"PropertyValueSpecification","valueRequired":true,"valueName":"search_term_string"}}],"inLanguage":"ar"},{"@type":"Organization","@id":"https:\/\/vitablanca.ma\/#organization","name":"\u0641\u064a\u062a\u0627\u0628\u0644\u0627\u0646\u0643\u0627","url":"https:\/\/vitablanca.ma\/","logo":{"@type":"ImageObject","inLanguage":"ar","@id":"https:\/\/vitablanca.ma\/#\/schema\/logo\/image\/","url":"https:\/\/vitablanca.ma\/wp-content\/uploads\/2025\/05\/cropped-vitablanca.png","contentUrl":"https:\/\/vitablanca.ma\/wp-content\/uploads\/2025\/05\/cropped-vitablanca.png","width":360,"height":67,"caption":"VitaBlanca"},"image":{"@id":"https:\/\/vitablanca.ma\/#\/schema\/logo\/image\/"},"sameAs":["https:\/\/www.facebook.com\/profile.php?id=61576678196717","https:\/\/www.tiktok.com\/@vitablanca.ma","https:\/\/www.instagram.com\/vitablanca.ma\/"]}]}},"jetpack_sharing_enabled":true,"_links":{"self":[{"href":"https:\/\/vitablanca.ma\/ar\/wp-json\/wp\/v2\/product\/15363","targetHints":{"allow":["GET"]}}],"collection":[{"href":"https:\/\/vitablanca.ma\/ar\/wp-json\/wp\/v2\/product"}],"about":[{"href":"https:\/\/vitablanca.ma\/ar\/wp-json\/wp\/v2\/types\/product"}],"wp:featuredmedia":[{"embeddable":true,"href":"https:\/\/vitablanca.ma\/ar\/wp-json\/wp\/v2\/media\/15362"}],"wp:attachment":[{"href":"https:\/\/vitablanca.ma\/ar\/wp-json\/wp\/v2\/media?parent=15363"}],"wp:term":[{"taxonomy":"product_brand","embeddable":true,"href":"https:\/\/vitablanca.ma\/ar\/wp-json\/wp\/v2\/product_brand?post=15363"},{"taxonomy":"product_cat","embeddable":true,"href":"https:\/\/vitablanca.ma\/ar\/wp-json\/wp\/v2\/product_cat?post=15363"},{"taxonomy":"product_tag","embeddable":true,"href":"https:\/\/vitablanca.ma\/ar\/wp-json\/wp\/v2\/product_tag?post=15363"}],"curies":[{"name":"wp","href":"https:\/\/api.w.org\/{rel}","templated":true}]}}