{"id":15296,"date":"2025-06-10T15:55:12","date_gmt":"2025-06-10T15:55:12","guid":{"rendered":"https:\/\/vitablanca.ma\/product\/acm-boreade-r-stick-levres-reparateur-apaisant-9-2g\/"},"modified":"2025-06-10T15:55:12","modified_gmt":"2025-06-10T15:55:12","slug":"acm-boreade-r-stick-levres-reparateur-apaisant-9-2g","status":"publish","type":"product","link":"https:\/\/vitablanca.ma\/ar\/product-2\/acm-boreade-r-stick-levres-reparateur-apaisant-9-2g\/","title":{"rendered":"\u0623\u062d\u0645\u0631 \u0634\u0641\u0627\u0647 \u0628\u0648\u0631\u064a\u062f \u0622\u0631 \u0645\u0646 \u0625\u064a\u0647 \u0633\u064a \u0625\u0645\u060c \u0645\u0631\u0637\u0628 \u0648\u0645\u0635\u0644\u062d\u060c 9.2 \u063a\u0631\u0627\u0645"},"content":{"rendered":"<h2>Acm Bor\u00e9ade R Stick Levres Reparateur Apaisant<\/h2>\n<p>9.2g<\/p>\n<p>Les l\u00e8vres sont les premi\u00e8res victimes du dess\u00e8chement cutan\u00e9.Le stick l\u00e8vres Bor\u00e9ade R r\u00e9pare, apaise imm\u00e9diatement et am\u00e9liore la souplesse des l\u00e8vres les plus abim\u00e9es. Gr\u00e2ce \u00e0 sa texture protectrice et non collante, les l\u00e8vres sont nourries, prot\u00e9g\u00e9es et retrouvent durablement leur confort.<\/p>\n<p>Indispensable au quotidien, il se glisse facilement dans le sac ou dans la poche.<\/p>\n<p>LES +<br \/>\u0627\u0644\u0645\u0643\u0648\u0646\u0627\u062a<br \/>96% d\u2019ingr\u00e9dients d\u2019origine naturelle<br \/>\u0641\u0639\u0627\u0644\u064a\u0629 \u0645\u062b\u0628\u062a\u0629<br \/>Efficacit\u00e9 d\u00e9montr\u00e9e sur les l\u00e8vres dess\u00e9ch\u00e9es, notamment par des traitements (isotr\u00e9tinoine)<br \/>Une texture plaisir<br \/>Texture nourrissante<br \/>Pratique et facile \u00e0 utiliser<\/p>","protected":false},"excerpt":{"rendered":"<p>Acm Bor\u00e9ade R Stick Levres Reparateur Apaisant 9.2g Les l\u00e8vres sont les premi\u00e8res victimes du dess\u00e8chement cutan\u00e9.Le stick l\u00e8vres Bor\u00e9ade R r\u00e9pare, apaise imm\u00e9diatement et am\u00e9liore la souplesse des l\u00e8vres les plus abim\u00e9es. Gr\u00e2ce \u00e0 sa texture protectrice et non collante, les l\u00e8vres sont nourries, prot\u00e9g\u00e9es et retrouvent durablement leur confort. Indispensable au quotidien, il [&hellip;]<\/p>\n","protected":false},"featured_media":15293,"template":"","meta":{"om_disable_all_campaigns":false},"product_brand":[],"product_cat":[15],"product_tag":[],"class_list":{"0":"post-15296","1":"product","2":"type-product","3":"status-publish","4":"has-post-thumbnail","6":"product_cat-beaute-sante-complements-alimentaires-soins-et-bien-etre-au-meilleur-prix","8":"first","9":"instock","10":"sale","11":"taxable","12":"shipping-taxable","13":"purchasable","14":"product-type-simple"},"yoast_head":"<!-- This site is optimized with the Yoast SEO plugin v27.4 - https:\/\/yoast.com\/product\/yoast-seo-wordpress\/ -->\n<title>Acm Bor\u00e9ade R Stick Levres Reparateur Apaisant 9.2g - Maroc Prix<\/title>\n<meta name=\"description\" content=\"Acm Bor\u00e9ade R Stick Levres Reparateur Apaisant 9.2g\" \/>\n<meta name=\"robots\" content=\"index, follow, max-snippet:-1, max-image-preview:large, max-video-preview:-1\" \/>\n<link rel=\"canonical\" href=\"https:\/\/vitablanca.ma\/ar\/product-2\/acm-boreade-r-stick-levres-reparateur-apaisant-9-2g\/\" \/>\n<meta property=\"og:locale\" content=\"ar_AR\" \/>\n<meta property=\"og:type\" content=\"article\" \/>\n<meta property=\"og:title\" content=\"Acm Bor\u00e9ade R Stick Levres Reparateur Apaisant 9.2g - Maroc Prix\" \/>\n<meta property=\"og:description\" content=\"Acm Bor\u00e9ade R Stick Levres Reparateur Apaisant 9.2g\" \/>\n<meta property=\"og:url\" content=\"https:\/\/vitablanca.ma\/ar\/product-2\/acm-boreade-r-stick-levres-reparateur-apaisant-9-2g\/\" \/>\n<meta property=\"og:site_name\" content=\"Vitablanca.ma &ndash; Sant&eacute;, vitalit&eacute; et bien-&ecirc;tre pour tous les Marocains\" \/>\n<meta property=\"article:publisher\" content=\"https:\/\/www.facebook.com\/profile.php?id=61576678196717\" \/>\n<meta property=\"og:image\" content=\"https:\/\/vitablanca.ma\/wp-content\/uploads\/2025\/06\/Acm-Boreade-R-Stick-Levres-Reparateur-Apaisant-9.2g-prix-maroc-parapharmacie-casablanca.jpg\" \/>\n\t<meta property=\"og:image:width\" content=\"1000\" \/>\n\t<meta property=\"og:image:height\" content=\"1000\" \/>\n\t<meta property=\"og:image:type\" content=\"image\/jpeg\" \/>\n<meta name=\"twitter:card\" content=\"summary_large_image\" \/>\n<meta name=\"twitter:label1\" content=\"\u0648\u0642\u062a \u0627\u0644\u0642\u0631\u0627\u0621\u0629 \u0627\u0644\u0645\u064f\u0642\u062f\u0651\u0631\" \/>\n\t<meta name=\"twitter:data1\" content=\"\u062f\u0642\u064a\u0642\u0629 \u0648\u0627\u062d\u062f\u0629\" \/>\n<script type=\"application\/ld+json\" class=\"yoast-schema-graph\">{\"@context\":\"https:\\\/\\\/schema.org\",\"@graph\":[{\"@type\":[\"WebPage\",\"ItemPage\"],\"@id\":\"https:\\\/\\\/vitablanca.ma\\\/produit\\\/acm-boreade-r-stick-levres-reparateur-apaisant-9-2g\\\/\",\"url\":\"https:\\\/\\\/vitablanca.ma\\\/produit\\\/acm-boreade-r-stick-levres-reparateur-apaisant-9-2g\\\/\",\"name\":\"Acm Bor\u00e9ade R Stick Levres Reparateur Apaisant 9.2g - Maroc Prix\",\"isPartOf\":{\"@id\":\"https:\\\/\\\/vitablanca.ma\\\/#website\"},\"primaryImageOfPage\":{\"@id\":\"https:\\\/\\\/vitablanca.ma\\\/produit\\\/acm-boreade-r-stick-levres-reparateur-apaisant-9-2g\\\/#primaryimage\"},\"image\":{\"@id\":\"https:\\\/\\\/vitablanca.ma\\\/produit\\\/acm-boreade-r-stick-levres-reparateur-apaisant-9-2g\\\/#primaryimage\"},\"thumbnailUrl\":\"https:\\\/\\\/vitablanca.ma\\\/wp-content\\\/uploads\\\/2025\\\/06\\\/Acm-Boreade-R-Stick-Levres-Reparateur-Apaisant-9.2g-prix-maroc-parapharmacie-casablanca.jpg\",\"datePublished\":\"2025-06-10T15:55:12+00:00\",\"description\":\"Acm Bor\u00e9ade R Stick Levres Reparateur Apaisant 9.2g\",\"breadcrumb\":{\"@id\":\"https:\\\/\\\/vitablanca.ma\\\/produit\\\/acm-boreade-r-stick-levres-reparateur-apaisant-9-2g\\\/#breadcrumb\"},\"inLanguage\":\"ar\",\"potentialAction\":[{\"@type\":\"ReadAction\",\"target\":[\"https:\\\/\\\/vitablanca.ma\\\/produit\\\/acm-boreade-r-stick-levres-reparateur-apaisant-9-2g\\\/\"]}]},{\"@type\":\"ImageObject\",\"inLanguage\":\"ar\",\"@id\":\"https:\\\/\\\/vitablanca.ma\\\/produit\\\/acm-boreade-r-stick-levres-reparateur-apaisant-9-2g\\\/#primaryimage\",\"url\":\"https:\\\/\\\/vitablanca.ma\\\/wp-content\\\/uploads\\\/2025\\\/06\\\/Acm-Boreade-R-Stick-Levres-Reparateur-Apaisant-9.2g-prix-maroc-parapharmacie-casablanca.jpg\",\"contentUrl\":\"https:\\\/\\\/vitablanca.ma\\\/wp-content\\\/uploads\\\/2025\\\/06\\\/Acm-Boreade-R-Stick-Levres-Reparateur-Apaisant-9.2g-prix-maroc-parapharmacie-casablanca.jpg\",\"width\":1000,\"height\":1000},{\"@type\":\"BreadcrumbList\",\"@id\":\"https:\\\/\\\/vitablanca.ma\\\/produit\\\/acm-boreade-r-stick-levres-reparateur-apaisant-9-2g\\\/#breadcrumb\",\"itemListElement\":[{\"@type\":\"ListItem\",\"position\":1,\"name\":\"Home\",\"item\":\"https:\\\/\\\/vitablanca.ma\\\/\"},{\"@type\":\"ListItem\",\"position\":2,\"name\":\"Tous Les Produits\",\"item\":\"https:\\\/\\\/vitablanca.ma\\\/tous-les-produits\\\/\"},{\"@type\":\"ListItem\",\"position\":3,\"name\":\"Acm Bor\u00e9ade R Stick Levres Reparateur Apaisant 9.2g\"}]},{\"@type\":\"WebSite\",\"@id\":\"https:\\\/\\\/vitablanca.ma\\\/#website\",\"url\":\"https:\\\/\\\/vitablanca.ma\\\/\",\"name\":\"VitaBlanca.ma | Compl\u00e9ments alimentaires, sant\u00e9 & beaut\u00e9 au Maroc\",\"description\":\"vendre vitamines et compl\u00e9ments premium des USA &amp; Canada, Nouvelle Z\u00e9lande,Maroc (NOW Foods, Solgar, Manuka). Livraison rapide partout au Maroc.\",\"publisher\":{\"@id\":\"https:\\\/\\\/vitablanca.ma\\\/#organization\"},\"alternateName\":\"VitaBlanca.ma\",\"potentialAction\":[{\"@type\":\"SearchAction\",\"target\":{\"@type\":\"EntryPoint\",\"urlTemplate\":\"https:\\\/\\\/vitablanca.ma\\\/?s={search_term_string}\"},\"query-input\":{\"@type\":\"PropertyValueSpecification\",\"valueRequired\":true,\"valueName\":\"search_term_string\"}}],\"inLanguage\":\"ar\"},{\"@type\":\"Organization\",\"@id\":\"https:\\\/\\\/vitablanca.ma\\\/#organization\",\"name\":\"VitaBlanca\",\"url\":\"https:\\\/\\\/vitablanca.ma\\\/\",\"logo\":{\"@type\":\"ImageObject\",\"inLanguage\":\"ar\",\"@id\":\"https:\\\/\\\/vitablanca.ma\\\/#\\\/schema\\\/logo\\\/image\\\/\",\"url\":\"https:\\\/\\\/vitablanca.ma\\\/wp-content\\\/uploads\\\/2025\\\/05\\\/cropped-vitablanca.png\",\"contentUrl\":\"https:\\\/\\\/vitablanca.ma\\\/wp-content\\\/uploads\\\/2025\\\/05\\\/cropped-vitablanca.png\",\"width\":360,\"height\":67,\"caption\":\"VitaBlanca\"},\"image\":{\"@id\":\"https:\\\/\\\/vitablanca.ma\\\/#\\\/schema\\\/logo\\\/image\\\/\"},\"sameAs\":[\"https:\\\/\\\/www.facebook.com\\\/profile.php?id=61576678196717\",\"https:\\\/\\\/www.tiktok.com\\\/@vitablanca.ma\",\"https:\\\/\\\/www.instagram.com\\\/vitablanca.ma\\\/\"]}]}<\/script>\n<!-- \/ Yoast SEO plugin. -->","yoast_head_json":{"title":"Acm Bor\u00e9ade R Stick Levres Reparateur Apaisant 9.2g - Maroc Prix","description":"\u0623\u062d\u0645\u0631 \u0634\u0641\u0627\u0647 \u0628\u0648\u0631\u064a\u062f \u0622\u0631 \u0645\u0646 \u0625\u064a\u0647 \u0633\u064a \u0625\u0645\u060c \u0645\u0631\u0637\u0628 \u0648\u0645\u0635\u0644\u062d\u060c 9.2 \u063a\u0631\u0627\u0645","robots":{"index":"index","follow":"follow","max-snippet":"max-snippet:-1","max-image-preview":"max-image-preview:large","max-video-preview":"max-video-preview:-1"},"canonical":"https:\/\/vitablanca.ma\/ar\/product-2\/acm-boreade-r-stick-levres-reparateur-apaisant-9-2g\/","og_locale":"ar_AR","og_type":"article","og_title":"Acm Bor\u00e9ade R Stick Levres Reparateur Apaisant 9.2g - Maroc Prix","og_description":"Acm Bor\u00e9ade R Stick Levres Reparateur Apaisant 9.2g","og_url":"https:\/\/vitablanca.ma\/ar\/product-2\/acm-boreade-r-stick-levres-reparateur-apaisant-9-2g\/","og_site_name":"Vitablanca.ma &ndash; Sant&eacute;, vitalit&eacute; et bien-&ecirc;tre pour tous les Marocains","article_publisher":"https:\/\/www.facebook.com\/profile.php?id=61576678196717","og_image":[{"width":1000,"height":1000,"url":"https:\/\/vitablanca.ma\/wp-content\/uploads\/2025\/06\/Acm-Boreade-R-Stick-Levres-Reparateur-Apaisant-9.2g-prix-maroc-parapharmacie-casablanca.jpg","type":"image\/jpeg"}],"twitter_card":"summary_large_image","twitter_misc":{"\u0648\u0642\u062a \u0627\u0644\u0642\u0631\u0627\u0621\u0629 \u0627\u0644\u0645\u064f\u0642\u062f\u0651\u0631":"\u062f\u0642\u064a\u0642\u0629 \u0648\u0627\u062d\u062f\u0629"},"schema":{"@context":"https:\/\/schema.org","@graph":[{"@type":["WebPage","ItemPage"],"@id":"https:\/\/vitablanca.ma\/produit\/acm-boreade-r-stick-levres-reparateur-apaisant-9-2g\/","url":"https:\/\/vitablanca.ma\/produit\/acm-boreade-r-stick-levres-reparateur-apaisant-9-2g\/","name":"Acm Bor\u00e9ade R Stick Levres Reparateur Apaisant 9.2g - Maroc Prix","isPartOf":{"@id":"https:\/\/vitablanca.ma\/#website"},"primaryImageOfPage":{"@id":"https:\/\/vitablanca.ma\/produit\/acm-boreade-r-stick-levres-reparateur-apaisant-9-2g\/#primaryimage"},"image":{"@id":"https:\/\/vitablanca.ma\/produit\/acm-boreade-r-stick-levres-reparateur-apaisant-9-2g\/#primaryimage"},"thumbnailUrl":"https:\/\/vitablanca.ma\/wp-content\/uploads\/2025\/06\/Acm-Boreade-R-Stick-Levres-Reparateur-Apaisant-9.2g-prix-maroc-parapharmacie-casablanca.jpg","datePublished":"2025-06-10T15:55:12+00:00","description":"\u0623\u062d\u0645\u0631 \u0634\u0641\u0627\u0647 \u0628\u0648\u0631\u064a\u062f \u0622\u0631 \u0645\u0646 \u0625\u064a\u0647 \u0633\u064a \u0625\u0645\u060c \u0645\u0631\u0637\u0628 \u0648\u0645\u0635\u0644\u062d\u060c 9.2 \u063a\u0631\u0627\u0645","breadcrumb":{"@id":"https:\/\/vitablanca.ma\/produit\/acm-boreade-r-stick-levres-reparateur-apaisant-9-2g\/#breadcrumb"},"inLanguage":"ar","potentialAction":[{"@type":"ReadAction","target":["https:\/\/vitablanca.ma\/produit\/acm-boreade-r-stick-levres-reparateur-apaisant-9-2g\/"]}]},{"@type":"ImageObject","inLanguage":"ar","@id":"https:\/\/vitablanca.ma\/produit\/acm-boreade-r-stick-levres-reparateur-apaisant-9-2g\/#primaryimage","url":"https:\/\/vitablanca.ma\/wp-content\/uploads\/2025\/06\/Acm-Boreade-R-Stick-Levres-Reparateur-Apaisant-9.2g-prix-maroc-parapharmacie-casablanca.jpg","contentUrl":"https:\/\/vitablanca.ma\/wp-content\/uploads\/2025\/06\/Acm-Boreade-R-Stick-Levres-Reparateur-Apaisant-9.2g-prix-maroc-parapharmacie-casablanca.jpg","width":1000,"height":1000},{"@type":"BreadcrumbList","@id":"https:\/\/vitablanca.ma\/produit\/acm-boreade-r-stick-levres-reparateur-apaisant-9-2g\/#breadcrumb","itemListElement":[{"@type":"ListItem","position":1,"name":"Home","item":"https:\/\/vitablanca.ma\/"},{"@type":"ListItem","position":2,"name":"Tous Les Produits","item":"https:\/\/vitablanca.ma\/tous-les-produits\/"},{"@type":"ListItem","position":3,"name":"Acm Bor\u00e9ade R Stick Levres Reparateur Apaisant 9.2g"}]},{"@type":"WebSite","@id":"https:\/\/vitablanca.ma\/#website","url":"https:\/\/vitablanca.ma\/","name":"VitaBlanca.ma | \u0627\u0644\u0645\u0643\u0645\u0644\u0627\u062a \u0627\u0644\u063a\u0630\u0627\u0626\u064a\u0629\u060c \u0627\u0644\u0635\u062d\u0629 \u0648\u0627\u0644\u062c\u0645\u0627\u0644 \u0641\u064a \u0627\u0644\u0645\u063a\u0631\u0628","description":"\u0646\u0628\u064a\u0639 \u0641\u064a\u062a\u0627\u0645\u064a\u0646\u0627\u062a \u0648\u0645\u0643\u0645\u0644\u0627\u062a \u063a\u0630\u0627\u0626\u064a\u0629 \u0641\u0627\u062e\u0631\u0629 \u0645\u0646 \u0627\u0644\u0648\u0644\u0627\u064a\u0627\u062a \u0627\u0644\u0645\u062a\u062d\u062f\u0629 \u0627\u0644\u0623\u0645\u0631\u064a\u0643\u064a\u0629 \u0648\u0643\u0646\u062f\u0627 \u0648\u0646\u064a\u0648\u0632\u064a\u0644\u0646\u062f\u0627 \u0648\u0627\u0644\u0645\u063a\u0631\u0628 (\u0646\u0627\u0648 \u0641\u0648\u062f\u0632\u060c \u0633\u0648\u0644\u062c\u0627\u0631\u060c \u0645\u0627\u0646\u0648\u0643\u0627). \u062a\u0648\u0635\u064a\u0644 \u0633\u0631\u064a\u0639 \u0625\u0644\u0649 \u062c\u0645\u064a\u0639 \u0623\u0646\u062d\u0627\u0621 \u0627\u0644\u0645\u063a\u0631\u0628.","publisher":{"@id":"https:\/\/vitablanca.ma\/#organization"},"alternateName":"VitaBlanca.ma","potentialAction":[{"@type":"SearchAction","target":{"@type":"EntryPoint","urlTemplate":"https:\/\/vitablanca.ma\/?s={search_term_string}"},"query-input":{"@type":"PropertyValueSpecification","valueRequired":true,"valueName":"search_term_string"}}],"inLanguage":"ar"},{"@type":"Organization","@id":"https:\/\/vitablanca.ma\/#organization","name":"\u0641\u064a\u062a\u0627\u0628\u0644\u0627\u0646\u0643\u0627","url":"https:\/\/vitablanca.ma\/","logo":{"@type":"ImageObject","inLanguage":"ar","@id":"https:\/\/vitablanca.ma\/#\/schema\/logo\/image\/","url":"https:\/\/vitablanca.ma\/wp-content\/uploads\/2025\/05\/cropped-vitablanca.png","contentUrl":"https:\/\/vitablanca.ma\/wp-content\/uploads\/2025\/05\/cropped-vitablanca.png","width":360,"height":67,"caption":"VitaBlanca"},"image":{"@id":"https:\/\/vitablanca.ma\/#\/schema\/logo\/image\/"},"sameAs":["https:\/\/www.facebook.com\/profile.php?id=61576678196717","https:\/\/www.tiktok.com\/@vitablanca.ma","https:\/\/www.instagram.com\/vitablanca.ma\/"]}]}},"jetpack_sharing_enabled":true,"_links":{"self":[{"href":"https:\/\/vitablanca.ma\/ar\/wp-json\/wp\/v2\/product\/15296","targetHints":{"allow":["GET"]}}],"collection":[{"href":"https:\/\/vitablanca.ma\/ar\/wp-json\/wp\/v2\/product"}],"about":[{"href":"https:\/\/vitablanca.ma\/ar\/wp-json\/wp\/v2\/types\/product"}],"wp:featuredmedia":[{"embeddable":true,"href":"https:\/\/vitablanca.ma\/ar\/wp-json\/wp\/v2\/media\/15293"}],"wp:attachment":[{"href":"https:\/\/vitablanca.ma\/ar\/wp-json\/wp\/v2\/media?parent=15296"}],"wp:term":[{"taxonomy":"product_brand","embeddable":true,"href":"https:\/\/vitablanca.ma\/ar\/wp-json\/wp\/v2\/product_brand?post=15296"},{"taxonomy":"product_cat","embeddable":true,"href":"https:\/\/vitablanca.ma\/ar\/wp-json\/wp\/v2\/product_cat?post=15296"},{"taxonomy":"product_tag","embeddable":true,"href":"https:\/\/vitablanca.ma\/ar\/wp-json\/wp\/v2\/product_tag?post=15296"}],"curies":[{"name":"wp","href":"https:\/\/api.w.org\/{rel}","templated":true}]}}