{"id":15292,"date":"2025-06-10T15:55:07","date_gmt":"2025-06-10T15:55:07","guid":{"rendered":"https:\/\/vitablanca.ma\/product\/avene-hydrance-optimale-riche-creme-hydratante-40ml\/"},"modified":"2025-07-13T17:15:11","modified_gmt":"2025-07-13T17:15:11","slug":"avene-hydrance-optimale-riche-creme-hydratante-40ml","status":"publish","type":"product","link":"https:\/\/vitablanca.ma\/ar\/product-2\/avene-hydrance-optimale-riche-creme-hydratante-40ml\/","title":{"rendered":"\u0643\u0631\u064a\u0645 \u0623\u0641\u064a\u0646 \u0647\u064a\u062f\u0631\u0627\u0646\u0633 \u0623\u0648\u0628\u062a\u064a\u0645\u0627\u0644 \u0627\u0644\u0645\u0631\u0637\u0628 \u0627\u0644\u063a\u0646\u064a 40 \u0645\u0644"},"content":{"rendered":"<h2>Av\u00e8ne Hydrance Optimale Riche Cr\u00e8me Hydratante.<\/h2>\n<p><span>Une recharge d\u2019eau thermale pour une peau durablement hydrat\u00e9e ! Sa texture onctueuse et nutritive, au fini velout\u00e9 laisse la peau confortable, souple et lumineuse toute la journ\u00e9e.<br \/><\/span>40\u0645\u0644.<\/p>\n<h3><strong>\u0648\u0635\u0641:<\/strong><\/h3>\n<p>Hydrance RICHE Cr\u00e8me hydratante est particuli\u00e8rement indiqu\u00e9e pour les peaux sensibles s\u00e8ches \u00e0 tr\u00e8s s\u00e8ches.<\/p>\n<p>Hydrance Riche Cr\u00e8me hydratante offre 24h* d\u2019hydratation en continu.<br \/>Jour apr\u00e8s jour, la peau est visiblement :<br \/>Apais\u00e9e : 98%**<br \/>Plus lumineuse : 95%**<br \/>Plus souple : 98%**<\/p>\n<p><em>*<\/em>Cin\u00e9tique IH, 16 sujets, application unique.<br \/>**Satisfaction \u00e9valu\u00e9e sur 67 sujets, 1 \u00e0 2 applications par jour pendant 21 jours.<\/p>\n<p>Gr\u00e2ce \u00e0 son complexe Cohederm brevet\u00e9*, Hydrance Riche Cr\u00e8me hydrantante :<\/p>\n<p>-hydrate** intens\u00e9ment la peau,<br \/>-l\u2019apaise durablement en recr\u00e9ant les r\u00e9servoirs naturels d\u2019eau qui concentrent l\u2019Eau thermale d\u2019Av\u00e8ne, anti-irritante.<br \/>Sa texture onctueuse et nutritive, d\u00e9salt\u00e8re la peau d\u00e8s l\u2019application et lui procure confort, souplesse et luminosit\u00e9 tout au long de la journ\u00e9e.<br \/>Durablement hydrat\u00e9e, la peau retrouve, jour apr\u00e8s jour, toute sa fra\u00eecheur.<\/p>\n<p>*Brevet d\u00e9pos\u00e9.<br \/>**Hydratation des couches sup\u00e9rieures de la peau.<\/p>\n<h3><strong>Routine de soin<\/strong><\/h3>\n<p>Appliquez l\u2019Emulsion hydratante ou la Cr\u00e8me hydratante matin et\/ou soir sur le visage, le cou et le d\u00e9collet\u00e9.<br \/>Existe aussi en version UV SPF30.<\/p>\n<h3><strong>\u0645\u0643\u0648\u0646\u0627\u062a<\/strong><\/h3>\n<p>AVENE THERMAL SPRING WATER (AVENE AQUA). MINERAL OIL (PARAFFINUM LIQUIDUM). GLYCERIN. ISOHEXADECANE. DIMETHICONE. CETEARYL ALCOHOL. CARTHAMUS TINCTORIUS (SAFFLOWER) SEED OIL (CARTHAMUS TINCTORIUS SEED OIL). ISOCETYL STEAROYL STEARATE. TRIETHYLHEXANOIN. GLYCERYL STEARATE. PEG-100 STEARATE. 1,2-HEXANEDIOL. BUTYROSPERMUM PARKII (SHEA) BUTTER (BUTYROSPERMUM PARKII BUTTER). CETEARYL GLUCOSIDE. BENZOIC ACID. FRAGRANCE (PARFUM). PHYTOSTEROLS. POLYACRYLATE-13. POLYISOBUTENE. POLYSORBATE 20. SODIUM HYDROXIDE. SORBITAN ISOSTEARATE. WATER (AQUA). XANTHAN GUM.<\/p>","protected":false},"excerpt":{"rendered":"<p>Av\u00e8ne Hydrance Optimale Riche Cr\u00e8me Hydratante. Une recharge d\u2019eau thermale pour une peau durablement hydrat\u00e9e ! Sa texture onctueuse et nutritive, au fini velout\u00e9 laisse la peau confortable, souple et lumineuse toute la journ\u00e9e.40ml. Description: Hydrance RICHE Cr\u00e8me hydratante est particuli\u00e8rement indiqu\u00e9e pour les peaux sensibles s\u00e8ches \u00e0 tr\u00e8s s\u00e8ches. Hydrance Riche Cr\u00e8me hydratante offre [&hellip;]<\/p>\n","protected":false},"featured_media":15287,"template":"","meta":{"om_disable_all_campaigns":false},"product_brand":[2793],"product_cat":[18,15],"product_tag":[3265,3266,3267],"class_list":{"0":"post-15292","1":"product","2":"type-product","3":"status-publish","4":"has-post-thumbnail","6":"product_brand-avene-prix-maroc","7":"product_cat-beaute-sante","8":"product_cat-beaute-sante-complements-alimentaires-soins-et-bien-etre-au-meilleur-prix","9":"product_tag-avene","10":"product_tag-avene-maroc","11":"product_tag-avene-morocco","13":"first","14":"instock","15":"sale","16":"taxable","17":"shipping-taxable","18":"purchasable","19":"product-type-simple"},"yoast_head":"<!-- This site is optimized with the Yoast SEO plugin v27.4 - https:\/\/yoast.com\/product\/yoast-seo-wordpress\/ -->\n<title>Av\u00e8ne Hydrance Optimale Riche Cr\u00e8me Hydratante 40ml - Maroc Prix<\/title>\n<meta name=\"description\" content=\"Av\u00e8ne Hydrance Optimale Riche Cr\u00e8me Hydratante 40ml\" \/>\n<meta name=\"robots\" content=\"index, follow, max-snippet:-1, max-image-preview:large, max-video-preview:-1\" \/>\n<link rel=\"canonical\" href=\"https:\/\/vitablanca.ma\/ar\/product-2\/avene-hydrance-optimale-riche-creme-hydratante-40ml\/\" \/>\n<meta property=\"og:locale\" content=\"ar_AR\" \/>\n<meta property=\"og:type\" content=\"article\" \/>\n<meta property=\"og:title\" content=\"Av\u00e8ne Hydrance Optimale Riche Cr\u00e8me Hydratante 40ml - Maroc Prix\" \/>\n<meta property=\"og:description\" content=\"Av\u00e8ne Hydrance Optimale Riche Cr\u00e8me Hydratante 40ml\" \/>\n<meta property=\"og:url\" content=\"https:\/\/vitablanca.ma\/ar\/product-2\/avene-hydrance-optimale-riche-creme-hydratante-40ml\/\" \/>\n<meta property=\"og:site_name\" content=\"Vitablanca.ma &ndash; Sant&eacute;, vitalit&eacute; et bien-&ecirc;tre pour tous les Marocains\" \/>\n<meta property=\"article:publisher\" content=\"https:\/\/www.facebook.com\/profile.php?id=61576678196717\" \/>\n<meta property=\"article:modified_time\" content=\"2025-07-13T17:15:11+00:00\" \/>\n<meta property=\"og:image\" content=\"https:\/\/vitablanca.ma\/wp-content\/uploads\/2025\/06\/Avene-Hydrance-Optimale-Riche-Creme-Hydratante-40ml-nova-parapharmacie-casablanca.jpg\" \/>\n\t<meta property=\"og:image:width\" content=\"1000\" \/>\n\t<meta property=\"og:image:height\" content=\"1000\" \/>\n\t<meta property=\"og:image:type\" content=\"image\/jpeg\" \/>\n<meta name=\"twitter:card\" content=\"summary_large_image\" \/>\n<meta name=\"twitter:label1\" content=\"\u0648\u0642\u062a \u0627\u0644\u0642\u0631\u0627\u0621\u0629 \u0627\u0644\u0645\u064f\u0642\u062f\u0651\u0631\" \/>\n\t<meta name=\"twitter:data1\" content=\"\u062f\u0642\u064a\u0642\u0629 \u0648\u0627\u062d\u062f\u0629\" \/>\n<script type=\"application\/ld+json\" class=\"yoast-schema-graph\">{\"@context\":\"https:\\\/\\\/schema.org\",\"@graph\":[{\"@type\":[\"WebPage\",\"ItemPage\"],\"@id\":\"https:\\\/\\\/vitablanca.ma\\\/produit\\\/avene-hydrance-optimale-riche-creme-hydratante-40ml\\\/\",\"url\":\"https:\\\/\\\/vitablanca.ma\\\/produit\\\/avene-hydrance-optimale-riche-creme-hydratante-40ml\\\/\",\"name\":\"Av\u00e8ne Hydrance Optimale Riche Cr\u00e8me Hydratante 40ml - Maroc Prix\",\"isPartOf\":{\"@id\":\"https:\\\/\\\/vitablanca.ma\\\/#website\"},\"primaryImageOfPage\":{\"@id\":\"https:\\\/\\\/vitablanca.ma\\\/produit\\\/avene-hydrance-optimale-riche-creme-hydratante-40ml\\\/#primaryimage\"},\"image\":{\"@id\":\"https:\\\/\\\/vitablanca.ma\\\/produit\\\/avene-hydrance-optimale-riche-creme-hydratante-40ml\\\/#primaryimage\"},\"thumbnailUrl\":\"https:\\\/\\\/vitablanca.ma\\\/wp-content\\\/uploads\\\/2025\\\/06\\\/Avene-Hydrance-Optimale-Riche-Creme-Hydratante-40ml-nova-parapharmacie-casablanca.jpg\",\"datePublished\":\"2025-06-10T15:55:07+00:00\",\"dateModified\":\"2025-07-13T17:15:11+00:00\",\"description\":\"Av\u00e8ne Hydrance Optimale Riche Cr\u00e8me Hydratante 40ml\",\"breadcrumb\":{\"@id\":\"https:\\\/\\\/vitablanca.ma\\\/produit\\\/avene-hydrance-optimale-riche-creme-hydratante-40ml\\\/#breadcrumb\"},\"inLanguage\":\"ar\",\"potentialAction\":[{\"@type\":\"ReadAction\",\"target\":[\"https:\\\/\\\/vitablanca.ma\\\/produit\\\/avene-hydrance-optimale-riche-creme-hydratante-40ml\\\/\"]}]},{\"@type\":\"ImageObject\",\"inLanguage\":\"ar\",\"@id\":\"https:\\\/\\\/vitablanca.ma\\\/produit\\\/avene-hydrance-optimale-riche-creme-hydratante-40ml\\\/#primaryimage\",\"url\":\"https:\\\/\\\/vitablanca.ma\\\/wp-content\\\/uploads\\\/2025\\\/06\\\/Avene-Hydrance-Optimale-Riche-Creme-Hydratante-40ml-nova-parapharmacie-casablanca.jpg\",\"contentUrl\":\"https:\\\/\\\/vitablanca.ma\\\/wp-content\\\/uploads\\\/2025\\\/06\\\/Avene-Hydrance-Optimale-Riche-Creme-Hydratante-40ml-nova-parapharmacie-casablanca.jpg\",\"width\":1000,\"height\":1000},{\"@type\":\"BreadcrumbList\",\"@id\":\"https:\\\/\\\/vitablanca.ma\\\/produit\\\/avene-hydrance-optimale-riche-creme-hydratante-40ml\\\/#breadcrumb\",\"itemListElement\":[{\"@type\":\"ListItem\",\"position\":1,\"name\":\"Home\",\"item\":\"https:\\\/\\\/vitablanca.ma\\\/\"},{\"@type\":\"ListItem\",\"position\":2,\"name\":\"Tous Les Produits\",\"item\":\"https:\\\/\\\/vitablanca.ma\\\/tous-les-produits\\\/\"},{\"@type\":\"ListItem\",\"position\":3,\"name\":\"Av\u00e8ne Hydrance Optimale Riche Cr\u00e8me Hydratante 40ml\"}]},{\"@type\":\"WebSite\",\"@id\":\"https:\\\/\\\/vitablanca.ma\\\/#website\",\"url\":\"https:\\\/\\\/vitablanca.ma\\\/\",\"name\":\"VitaBlanca.ma | Compl\u00e9ments alimentaires, sant\u00e9 & beaut\u00e9 au Maroc\",\"description\":\"vendre vitamines et compl\u00e9ments premium des USA &amp; Canada, Nouvelle Z\u00e9lande,Maroc (NOW Foods, Solgar, Manuka). Livraison rapide partout au Maroc.\",\"publisher\":{\"@id\":\"https:\\\/\\\/vitablanca.ma\\\/#organization\"},\"alternateName\":\"VitaBlanca.ma\",\"potentialAction\":[{\"@type\":\"SearchAction\",\"target\":{\"@type\":\"EntryPoint\",\"urlTemplate\":\"https:\\\/\\\/vitablanca.ma\\\/?s={search_term_string}\"},\"query-input\":{\"@type\":\"PropertyValueSpecification\",\"valueRequired\":true,\"valueName\":\"search_term_string\"}}],\"inLanguage\":\"ar\"},{\"@type\":\"Organization\",\"@id\":\"https:\\\/\\\/vitablanca.ma\\\/#organization\",\"name\":\"VitaBlanca\",\"url\":\"https:\\\/\\\/vitablanca.ma\\\/\",\"logo\":{\"@type\":\"ImageObject\",\"inLanguage\":\"ar\",\"@id\":\"https:\\\/\\\/vitablanca.ma\\\/#\\\/schema\\\/logo\\\/image\\\/\",\"url\":\"https:\\\/\\\/vitablanca.ma\\\/wp-content\\\/uploads\\\/2025\\\/05\\\/cropped-vitablanca.png\",\"contentUrl\":\"https:\\\/\\\/vitablanca.ma\\\/wp-content\\\/uploads\\\/2025\\\/05\\\/cropped-vitablanca.png\",\"width\":360,\"height\":67,\"caption\":\"VitaBlanca\"},\"image\":{\"@id\":\"https:\\\/\\\/vitablanca.ma\\\/#\\\/schema\\\/logo\\\/image\\\/\"},\"sameAs\":[\"https:\\\/\\\/www.facebook.com\\\/profile.php?id=61576678196717\",\"https:\\\/\\\/www.tiktok.com\\\/@vitablanca.ma\",\"https:\\\/\\\/www.instagram.com\\\/vitablanca.ma\\\/\"]}]}<\/script>\n<!-- \/ Yoast SEO plugin. -->","yoast_head_json":{"title":"Av\u00e8ne Hydrance Optimale Riche Cr\u00e8me Hydratante 40ml - Maroc Prix","description":"\u0643\u0631\u064a\u0645 \u0623\u0641\u064a\u0646 \u0647\u064a\u062f\u0631\u0627\u0646\u0633 \u0623\u0648\u0628\u062a\u064a\u0645\u0627\u0644 \u0627\u0644\u0645\u0631\u0637\u0628 \u0627\u0644\u063a\u0646\u064a 40 \u0645\u0644","robots":{"index":"index","follow":"follow","max-snippet":"max-snippet:-1","max-image-preview":"max-image-preview:large","max-video-preview":"max-video-preview:-1"},"canonical":"https:\/\/vitablanca.ma\/ar\/product-2\/avene-hydrance-optimale-riche-creme-hydratante-40ml\/","og_locale":"ar_AR","og_type":"article","og_title":"Av\u00e8ne Hydrance Optimale Riche Cr\u00e8me Hydratante 40ml - Maroc Prix","og_description":"Av\u00e8ne Hydrance Optimale Riche Cr\u00e8me Hydratante 40ml","og_url":"https:\/\/vitablanca.ma\/ar\/product-2\/avene-hydrance-optimale-riche-creme-hydratante-40ml\/","og_site_name":"Vitablanca.ma &ndash; Sant&eacute;, vitalit&eacute; et bien-&ecirc;tre pour tous les Marocains","article_publisher":"https:\/\/www.facebook.com\/profile.php?id=61576678196717","article_modified_time":"2025-07-13T17:15:11+00:00","og_image":[{"width":1000,"height":1000,"url":"https:\/\/vitablanca.ma\/wp-content\/uploads\/2025\/06\/Avene-Hydrance-Optimale-Riche-Creme-Hydratante-40ml-nova-parapharmacie-casablanca.jpg","type":"image\/jpeg"}],"twitter_card":"summary_large_image","twitter_misc":{"\u0648\u0642\u062a \u0627\u0644\u0642\u0631\u0627\u0621\u0629 \u0627\u0644\u0645\u064f\u0642\u062f\u0651\u0631":"\u062f\u0642\u064a\u0642\u0629 \u0648\u0627\u062d\u062f\u0629"},"schema":{"@context":"https:\/\/schema.org","@graph":[{"@type":["WebPage","ItemPage"],"@id":"https:\/\/vitablanca.ma\/produit\/avene-hydrance-optimale-riche-creme-hydratante-40ml\/","url":"https:\/\/vitablanca.ma\/produit\/avene-hydrance-optimale-riche-creme-hydratante-40ml\/","name":"Av\u00e8ne Hydrance Optimale Riche Cr\u00e8me Hydratante 40ml - Maroc Prix","isPartOf":{"@id":"https:\/\/vitablanca.ma\/#website"},"primaryImageOfPage":{"@id":"https:\/\/vitablanca.ma\/produit\/avene-hydrance-optimale-riche-creme-hydratante-40ml\/#primaryimage"},"image":{"@id":"https:\/\/vitablanca.ma\/produit\/avene-hydrance-optimale-riche-creme-hydratante-40ml\/#primaryimage"},"thumbnailUrl":"https:\/\/vitablanca.ma\/wp-content\/uploads\/2025\/06\/Avene-Hydrance-Optimale-Riche-Creme-Hydratante-40ml-nova-parapharmacie-casablanca.jpg","datePublished":"2025-06-10T15:55:07+00:00","dateModified":"2025-07-13T17:15:11+00:00","description":"\u0643\u0631\u064a\u0645 \u0623\u0641\u064a\u0646 \u0647\u064a\u062f\u0631\u0627\u0646\u0633 \u0623\u0648\u0628\u062a\u064a\u0645\u0627\u0644 \u0627\u0644\u0645\u0631\u0637\u0628 \u0627\u0644\u063a\u0646\u064a 40 \u0645\u0644","breadcrumb":{"@id":"https:\/\/vitablanca.ma\/produit\/avene-hydrance-optimale-riche-creme-hydratante-40ml\/#breadcrumb"},"inLanguage":"ar","potentialAction":[{"@type":"ReadAction","target":["https:\/\/vitablanca.ma\/produit\/avene-hydrance-optimale-riche-creme-hydratante-40ml\/"]}]},{"@type":"ImageObject","inLanguage":"ar","@id":"https:\/\/vitablanca.ma\/produit\/avene-hydrance-optimale-riche-creme-hydratante-40ml\/#primaryimage","url":"https:\/\/vitablanca.ma\/wp-content\/uploads\/2025\/06\/Avene-Hydrance-Optimale-Riche-Creme-Hydratante-40ml-nova-parapharmacie-casablanca.jpg","contentUrl":"https:\/\/vitablanca.ma\/wp-content\/uploads\/2025\/06\/Avene-Hydrance-Optimale-Riche-Creme-Hydratante-40ml-nova-parapharmacie-casablanca.jpg","width":1000,"height":1000},{"@type":"BreadcrumbList","@id":"https:\/\/vitablanca.ma\/produit\/avene-hydrance-optimale-riche-creme-hydratante-40ml\/#breadcrumb","itemListElement":[{"@type":"ListItem","position":1,"name":"Home","item":"https:\/\/vitablanca.ma\/"},{"@type":"ListItem","position":2,"name":"Tous Les Produits","item":"https:\/\/vitablanca.ma\/tous-les-produits\/"},{"@type":"ListItem","position":3,"name":"Av\u00e8ne Hydrance Optimale Riche Cr\u00e8me Hydratante 40ml"}]},{"@type":"WebSite","@id":"https:\/\/vitablanca.ma\/#website","url":"https:\/\/vitablanca.ma\/","name":"VitaBlanca.ma | \u0627\u0644\u0645\u0643\u0645\u0644\u0627\u062a \u0627\u0644\u063a\u0630\u0627\u0626\u064a\u0629\u060c \u0627\u0644\u0635\u062d\u0629 \u0648\u0627\u0644\u062c\u0645\u0627\u0644 \u0641\u064a \u0627\u0644\u0645\u063a\u0631\u0628","description":"\u0646\u0628\u064a\u0639 \u0641\u064a\u062a\u0627\u0645\u064a\u0646\u0627\u062a \u0648\u0645\u0643\u0645\u0644\u0627\u062a \u063a\u0630\u0627\u0626\u064a\u0629 \u0641\u0627\u062e\u0631\u0629 \u0645\u0646 \u0627\u0644\u0648\u0644\u0627\u064a\u0627\u062a \u0627\u0644\u0645\u062a\u062d\u062f\u0629 \u0627\u0644\u0623\u0645\u0631\u064a\u0643\u064a\u0629 \u0648\u0643\u0646\u062f\u0627 \u0648\u0646\u064a\u0648\u0632\u064a\u0644\u0646\u062f\u0627 \u0648\u0627\u0644\u0645\u063a\u0631\u0628 (\u0646\u0627\u0648 \u0641\u0648\u062f\u0632\u060c \u0633\u0648\u0644\u062c\u0627\u0631\u060c \u0645\u0627\u0646\u0648\u0643\u0627). \u062a\u0648\u0635\u064a\u0644 \u0633\u0631\u064a\u0639 \u0625\u0644\u0649 \u062c\u0645\u064a\u0639 \u0623\u0646\u062d\u0627\u0621 \u0627\u0644\u0645\u063a\u0631\u0628.","publisher":{"@id":"https:\/\/vitablanca.ma\/#organization"},"alternateName":"VitaBlanca.ma","potentialAction":[{"@type":"SearchAction","target":{"@type":"EntryPoint","urlTemplate":"https:\/\/vitablanca.ma\/?s={search_term_string}"},"query-input":{"@type":"PropertyValueSpecification","valueRequired":true,"valueName":"search_term_string"}}],"inLanguage":"ar"},{"@type":"Organization","@id":"https:\/\/vitablanca.ma\/#organization","name":"\u0641\u064a\u062a\u0627\u0628\u0644\u0627\u0646\u0643\u0627","url":"https:\/\/vitablanca.ma\/","logo":{"@type":"ImageObject","inLanguage":"ar","@id":"https:\/\/vitablanca.ma\/#\/schema\/logo\/image\/","url":"https:\/\/vitablanca.ma\/wp-content\/uploads\/2025\/05\/cropped-vitablanca.png","contentUrl":"https:\/\/vitablanca.ma\/wp-content\/uploads\/2025\/05\/cropped-vitablanca.png","width":360,"height":67,"caption":"VitaBlanca"},"image":{"@id":"https:\/\/vitablanca.ma\/#\/schema\/logo\/image\/"},"sameAs":["https:\/\/www.facebook.com\/profile.php?id=61576678196717","https:\/\/www.tiktok.com\/@vitablanca.ma","https:\/\/www.instagram.com\/vitablanca.ma\/"]}]}},"jetpack_sharing_enabled":true,"_links":{"self":[{"href":"https:\/\/vitablanca.ma\/ar\/wp-json\/wp\/v2\/product\/15292","targetHints":{"allow":["GET"]}}],"collection":[{"href":"https:\/\/vitablanca.ma\/ar\/wp-json\/wp\/v2\/product"}],"about":[{"href":"https:\/\/vitablanca.ma\/ar\/wp-json\/wp\/v2\/types\/product"}],"wp:featuredmedia":[{"embeddable":true,"href":"https:\/\/vitablanca.ma\/ar\/wp-json\/wp\/v2\/media\/15287"}],"wp:attachment":[{"href":"https:\/\/vitablanca.ma\/ar\/wp-json\/wp\/v2\/media?parent=15292"}],"wp:term":[{"taxonomy":"product_brand","embeddable":true,"href":"https:\/\/vitablanca.ma\/ar\/wp-json\/wp\/v2\/product_brand?post=15292"},{"taxonomy":"product_cat","embeddable":true,"href":"https:\/\/vitablanca.ma\/ar\/wp-json\/wp\/v2\/product_cat?post=15292"},{"taxonomy":"product_tag","embeddable":true,"href":"https:\/\/vitablanca.ma\/ar\/wp-json\/wp\/v2\/product_tag?post=15292"}],"curies":[{"name":"wp","href":"https:\/\/api.w.org\/{rel}","templated":true}]}}